{"id":4147,"date":"2023-04-03T14:25:43","date_gmt":"2023-04-03T14:25:43","guid":{"rendered":"https:\/\/ohmytuft.com\/affiliate-program\/"},"modified":"2023-09-13T21:42:41","modified_gmt":"2023-09-13T21:42:41","slug":"affiliate-program","status":"publish","type":"page","link":"https:\/\/ohmytuft.com\/cs\/affiliate-program\/","title":{"rendered":"Affiliate program"},"content":{"rendered":"\n<p>Sta\u0148te se partnerem!<\/p>\n\n<p>Zapojte se do partnersk\u00e9ho programu <strong>Ohmytuft.com<\/strong> a z\u00edskejte 15% provizi z ka\u017ed\u00e9ho prodeje, kter\u00fd n\u00e1m doporu\u010d\u00edte. Prod\u00e1vejte na\u0161e <strong><a href=\"https:\/\/ohmytuft.com\/cs\/buy\/tuftovaci-pistole\/\">tuftovac\u00ed pistole<\/a><\/strong>, <strong><a href=\"https:\/\/ohmytuft.com\/cs\/buy\/tuftovaci-prize\/\">p\u0159\u00edze<\/a><\/strong>, <strong><a href=\"https:\/\/ohmytuft.com\/cs\/buy\/tuftovaci-tkanina\/\">l\u00e1tky<\/a><\/strong> a v\u0161echny na\u0161e produkty, ani\u017e byste investovali jak\u00e9koli pen\u00edze.<\/p>\n\n<h3 class=\"wp-block-heading\">Pro\u010d s n\u00e1mi spolupracovat?<\/h3>\n\n<ul class=\"wp-block-list\">\n<li>15% provize z ka\u017ed\u00e9ho prodeje<\/li>\n\n\n\n<li>Sledovac\u00ed soubor cookie na 30 dn\u00ed<\/li>\n\n\n\n<li>M\u011bs\u00ed\u010dn\u00ed platby p\u0159es PayPal (minim\u00e1ln\u011b 50 eur)<\/li>\n\n\n\n<li>Rychl\u00e1 a osobn\u00ed podpora<\/li>\n<\/ul>\n\n<p>Nev\u00e1hejte n\u00e1s kontaktovat, polo\u017ete n\u00e1m jakoukoli <strong><a href=\"https:\/\/ohmytuft.com\/cs\/kontakt\/\">ot\u00e1zku zde<\/a><\/strong>.<\/p>\n\n","protected":false},"excerpt":{"rendered":"<p>Sta\u0148te se partnerem! Zapojte se do partnersk\u00e9ho programu Ohmytuft.com a z\u00edskejte 15% provizi z ka\u017ed\u00e9ho prodeje, kter\u00fd n\u00e1m doporu\u010d\u00edte. Prod\u00e1vejte na\u0161e tuftovac\u00ed pistole, p\u0159\u00edze, l\u00e1tky a v\u0161echny na\u0161e produkty, ani\u017e byste investovali jak\u00e9koli pen\u00edze. Pro\u010d s n\u00e1mi spolupracovat? Nev\u00e1hejte n\u00e1s kontaktovat, polo\u017ete n\u00e1m jakoukoli ot\u00e1zku zde.<\/p>\n","protected":false},"author":3,"featured_media":0,"parent":0,"menu_order":0,"comment_status":"closed","ping_status":"closed","template":"","meta":{"_joinchat":[],"footnotes":""},"class_list":["post-4147","page","type-page","status-publish","hentry"],"yoast_head":"<!-- This site is optimized with the Yoast SEO plugin v27.2 - https:\/\/yoast.com\/product\/yoast-seo-wordpress\/ -->\n<title>Partnersk\u00fd program Tufting - Ohmytuft.com<\/title>\n<meta name=\"robots\" content=\"index, follow, max-snippet:-1, max-image-preview:large, max-video-preview:-1\" \/>\n<link rel=\"canonical\" href=\"https:\/\/ohmytuft.com\/cs\/affiliate-program\/\" \/>\n<meta property=\"og:locale\" content=\"cs_CZ\" \/>\n<meta property=\"og:type\" content=\"article\" \/>\n<meta property=\"og:title\" content=\"Partnersk\u00fd program Tufting - Ohmytuft.com\" \/>\n<meta property=\"og:description\" content=\"Sta\u0148te se partnerem! Zapojte se do partnersk\u00e9ho programu Ohmytuft.com a z\u00edskejte 15% provizi z ka\u017ed\u00e9ho prodeje, kter\u00fd n\u00e1m doporu\u010d\u00edte. Prod\u00e1vejte na\u0161e tuftovac\u00ed pistole, p\u0159\u00edze, l\u00e1tky a v\u0161echny na\u0161e produkty, ani\u017e byste investovali jak\u00e9koli pen\u00edze. Pro\u010d s n\u00e1mi spolupracovat? Nev\u00e1hejte n\u00e1s kontaktovat, polo\u017ete n\u00e1m jakoukoli ot\u00e1zku zde.\" \/>\n<meta property=\"og:url\" content=\"https:\/\/ohmytuft.com\/cs\/affiliate-program\/\" \/>\n<meta property=\"og:site_name\" content=\"Ohmytuft.com\" \/>\n<meta property=\"article:modified_time\" content=\"2023-09-13T21:42:41+00:00\" \/>\n<meta name=\"twitter:card\" content=\"summary_large_image\" \/>\n<script type=\"application\/ld+json\" class=\"yoast-schema-graph\">{\"@context\":\"https:\/\/schema.org\",\"@graph\":[{\"@type\":\"WebPage\",\"@id\":\"https:\/\/ohmytuft.com\/cs\/affiliate-program\/\",\"url\":\"https:\/\/ohmytuft.com\/cs\/affiliate-program\/\",\"name\":\"Partnersk\u00fd program Tufting - Ohmytuft.com\",\"isPartOf\":{\"@id\":\"https:\/\/ohmytuft.com\/cs\/#website\"},\"datePublished\":\"2023-04-03T14:25:43+00:00\",\"dateModified\":\"2023-09-13T21:42:41+00:00\",\"breadcrumb\":{\"@id\":\"https:\/\/ohmytuft.com\/cs\/affiliate-program\/#breadcrumb\"},\"inLanguage\":\"cs\",\"potentialAction\":[{\"@type\":\"ReadAction\",\"target\":[\"https:\/\/ohmytuft.com\/cs\/affiliate-program\/\"]}]},{\"@type\":\"BreadcrumbList\",\"@id\":\"https:\/\/ohmytuft.com\/cs\/affiliate-program\/#breadcrumb\",\"itemListElement\":[{\"@type\":\"ListItem\",\"position\":1,\"name\":\"Home\",\"item\":\"https:\/\/ohmytuft.com\/cs\/\"},{\"@type\":\"ListItem\",\"position\":2,\"name\":\"Affiliate program\"}]},{\"@type\":\"WebSite\",\"@id\":\"https:\/\/ohmytuft.com\/cs\/#website\",\"url\":\"https:\/\/ohmytuft.com\/cs\/\",\"name\":\"Oh my tuft\",\"description\":\"Oh my tuft\",\"publisher\":{\"@id\":\"https:\/\/ohmytuft.com\/cs\/#organization\"},\"potentialAction\":[{\"@type\":\"SearchAction\",\"target\":{\"@type\":\"EntryPoint\",\"urlTemplate\":\"https:\/\/ohmytuft.com\/cs\/?s={search_term_string}\"},\"query-input\":{\"@type\":\"PropertyValueSpecification\",\"valueRequired\":true,\"valueName\":\"search_term_string\"}}],\"inLanguage\":\"cs\"},{\"@type\":\"Organization\",\"@id\":\"https:\/\/ohmytuft.com\/cs\/#organization\",\"name\":\"Oh my tuft\",\"url\":\"https:\/\/ohmytuft.com\/cs\/\",\"logo\":{\"@type\":\"ImageObject\",\"inLanguage\":\"cs\",\"@id\":\"https:\/\/ohmytuft.com\/cs\/#\/schema\/logo\/image\/\",\"url\":\"https:\/\/ohmytuft.com\/wp-content\/uploads\/2021\/02\/WEB-20.png\",\"contentUrl\":\"https:\/\/ohmytuft.com\/wp-content\/uploads\/2021\/02\/WEB-20.png\",\"width\":2085,\"height\":764,\"caption\":\"Oh my tuft\"},\"image\":{\"@id\":\"https:\/\/ohmytuft.com\/cs\/#\/schema\/logo\/image\/\"},\"sameAs\":[\"https:\/\/www.instagram.com\/tuftinggunsupplies\/\",\"https:\/\/www.tiktok.com\/@tuftinggun\"]}]}<\/script>\n<!-- \/ Yoast SEO plugin. -->","yoast_head_json":{"title":"Partnersk\u00fd program Tufting - Ohmytuft.com","robots":{"index":"index","follow":"follow","max-snippet":"max-snippet:-1","max-image-preview":"max-image-preview:large","max-video-preview":"max-video-preview:-1"},"canonical":"https:\/\/ohmytuft.com\/cs\/affiliate-program\/","og_locale":"cs_CZ","og_type":"article","og_title":"Partnersk\u00fd program Tufting - Ohmytuft.com","og_description":"Sta\u0148te se partnerem! Zapojte se do partnersk\u00e9ho programu Ohmytuft.com a z\u00edskejte 15% provizi z ka\u017ed\u00e9ho prodeje, kter\u00fd n\u00e1m doporu\u010d\u00edte. Prod\u00e1vejte na\u0161e tuftovac\u00ed pistole, p\u0159\u00edze, l\u00e1tky a v\u0161echny na\u0161e produkty, ani\u017e byste investovali jak\u00e9koli pen\u00edze. Pro\u010d s n\u00e1mi spolupracovat? Nev\u00e1hejte n\u00e1s kontaktovat, polo\u017ete n\u00e1m jakoukoli ot\u00e1zku zde.","og_url":"https:\/\/ohmytuft.com\/cs\/affiliate-program\/","og_site_name":"Ohmytuft.com","article_modified_time":"2023-09-13T21:42:41+00:00","twitter_card":"summary_large_image","schema":{"@context":"https:\/\/schema.org","@graph":[{"@type":"WebPage","@id":"https:\/\/ohmytuft.com\/cs\/affiliate-program\/","url":"https:\/\/ohmytuft.com\/cs\/affiliate-program\/","name":"Partnersk\u00fd program Tufting - Ohmytuft.com","isPartOf":{"@id":"https:\/\/ohmytuft.com\/cs\/#website"},"datePublished":"2023-04-03T14:25:43+00:00","dateModified":"2023-09-13T21:42:41+00:00","breadcrumb":{"@id":"https:\/\/ohmytuft.com\/cs\/affiliate-program\/#breadcrumb"},"inLanguage":"cs","potentialAction":[{"@type":"ReadAction","target":["https:\/\/ohmytuft.com\/cs\/affiliate-program\/"]}]},{"@type":"BreadcrumbList","@id":"https:\/\/ohmytuft.com\/cs\/affiliate-program\/#breadcrumb","itemListElement":[{"@type":"ListItem","position":1,"name":"Home","item":"https:\/\/ohmytuft.com\/cs\/"},{"@type":"ListItem","position":2,"name":"Affiliate program"}]},{"@type":"WebSite","@id":"https:\/\/ohmytuft.com\/cs\/#website","url":"https:\/\/ohmytuft.com\/cs\/","name":"Oh my tuft","description":"Oh my tuft","publisher":{"@id":"https:\/\/ohmytuft.com\/cs\/#organization"},"potentialAction":[{"@type":"SearchAction","target":{"@type":"EntryPoint","urlTemplate":"https:\/\/ohmytuft.com\/cs\/?s={search_term_string}"},"query-input":{"@type":"PropertyValueSpecification","valueRequired":true,"valueName":"search_term_string"}}],"inLanguage":"cs"},{"@type":"Organization","@id":"https:\/\/ohmytuft.com\/cs\/#organization","name":"Oh my tuft","url":"https:\/\/ohmytuft.com\/cs\/","logo":{"@type":"ImageObject","inLanguage":"cs","@id":"https:\/\/ohmytuft.com\/cs\/#\/schema\/logo\/image\/","url":"https:\/\/ohmytuft.com\/wp-content\/uploads\/2021\/02\/WEB-20.png","contentUrl":"https:\/\/ohmytuft.com\/wp-content\/uploads\/2021\/02\/WEB-20.png","width":2085,"height":764,"caption":"Oh my tuft"},"image":{"@id":"https:\/\/ohmytuft.com\/cs\/#\/schema\/logo\/image\/"},"sameAs":["https:\/\/www.instagram.com\/tuftinggunsupplies\/","https:\/\/www.tiktok.com\/@tuftinggun"]}]}},"_links":{"self":[{"href":"https:\/\/ohmytuft.com\/cs\/wp-json\/wp\/v2\/pages\/4147","targetHints":{"allow":["GET"]}}],"collection":[{"href":"https:\/\/ohmytuft.com\/cs\/wp-json\/wp\/v2\/pages"}],"about":[{"href":"https:\/\/ohmytuft.com\/cs\/wp-json\/wp\/v2\/types\/page"}],"author":[{"embeddable":true,"href":"https:\/\/ohmytuft.com\/cs\/wp-json\/wp\/v2\/users\/3"}],"replies":[{"embeddable":true,"href":"https:\/\/ohmytuft.com\/cs\/wp-json\/wp\/v2\/comments?post=4147"}],"version-history":[{"count":0,"href":"https:\/\/ohmytuft.com\/cs\/wp-json\/wp\/v2\/pages\/4147\/revisions"}],"wp:attachment":[{"href":"https:\/\/ohmytuft.com\/cs\/wp-json\/wp\/v2\/media?parent=4147"}],"curies":[{"name":"wp","href":"https:\/\/api.w.org\/{rel}","templated":true}]}}