{"id":6669,"date":"2021-02-28T21:01:54","date_gmt":"2021-02-28T21:01:54","guid":{"rendered":"https:\/\/ohmytuft.com\/podminky-a-pravidla\/"},"modified":"2024-03-13T18:43:55","modified_gmt":"2024-03-13T18:43:55","slug":"podminky-a-pravidla","status":"publish","type":"page","link":"https:\/\/ohmytuft.com\/cs\/podminky-a-pravidla\/","title":{"rendered":"Podm\u00ednky a pravidla"},"content":{"rendered":"\n<h3 class=\"wp-block-heading\">P\u0159epravn\u00ed zem\u011b<\/h3>\n\n<p>Na\u0161e v\u00fdrobky zas\u00edl\u00e1me ze \u0160pan\u011blska do cel\u00e9 Evropsk\u00e9 unie, kter\u00e1 zahrnuje n\u00e1sleduj\u00edc\u00ed zem\u011b:<\/p>\n\n<p>Belgie, Bulharsko, \u010cesk\u00e1 republika, D\u00e1nsko, Estonsko, Finsko, Francie, Chorvatsko, Irsko, It\u00e1lie, Kypr, Litva, Loty\u0161sko, Lucembursko, Ma\u010farsko, Malta, N\u011bmecko, Nizozemsko, Polsko, Portugalsko, Rakousko, Rumunsko, \u0158ecko, Slovensko, Slovinsko, \u0160pan\u011blsko a \u0160v\u00e9dsko.<\/p>\n\n<h3 class=\"wp-block-heading\">N\u00e1klady na dopravu<\/h3>\n\n<p>N\u00e1klady na dopravu budou vypo\u010dteny podle va\u0161ich preferenc\u00ed ohledn\u011b \u010dasu doru\u010den\u00ed, velikosti objedn\u00e1vky a zem\u011b doru\u010den\u00ed.  <\/p>\n\n<p>P\u0159idejte produkty do n\u00e1kupn\u00edho ko\u0161\u00edku a zvolte sv\u00e9 preference. N\u00e1klady na dopravu se vypo\u010d\u00edtaj\u00ed automaticky.<\/p>\n\n<h3 class=\"wp-block-heading\">Doprava zdarma<\/h3>\n\n<p>Nab\u00edz\u00edme dopravu zdarma p\u0159i objedn\u00e1vk\u00e1ch nad 100 \u20ac<\/p>\n\n<h3 class=\"wp-block-heading\">Pravidla pro vracen\u00ed zbo\u017e\u00ed<\/h3>\n\n<p>Vr\u00e1cen\u00ed zbo\u017e\u00ed bude provedeno do 14 dn\u016f od obdr\u017een\u00ed bal\u00ed\u010dku. N\u00e1klady na vr\u00e1cen\u00ed zbo\u017e\u00ed nese kupuj\u00edc\u00ed.  <\/p>\n\n<p>Nevyzvednut\u00e9 z\u00e1silky budou odesl\u00e1ny na n\u00e1klady kupuj\u00edc\u00edho.<\/p>\n\n<p>Vr\u00e1cen\u00e1 polo\u017eka mus\u00ed b\u00fdt v p\u016fvodn\u00edm obalu a nepou\u017eit\u00e1.<\/p>\n\n<h3 class=\"wp-block-heading\">\u00bfJak vr\u00e1tit zbo\u017e\u00ed?<\/h3>\n\n<p>Kontaktujte n\u00e1s s \u010d\u00edslem objedn\u00e1vky a po\u017e\u00e1dejte o vr\u00e1cen\u00ed zbo\u017e\u00ed: <a href=\"https:\/\/ohmytuft.com\/cs\/kontakt\/\">https:\/\/ohmytuft.com\/contact\/<\/a><\/p>\n\n<p>Polo\u017eky mus\u00ed b\u00fdt zabaleny velmi pe\u010dliv\u011b, aby nedo\u0161lo k jejich po\u0161kozen\u00ed b\u011bhem p\u0159epravy. Zejm\u00e9na tufovac\u00ed pistole.  <\/p>\n\n<p>Mus\u00edte uv\u00e9st sledovac\u00ed \u010d\u00edslo, vr\u00e1cen\u00ed pen\u011bz bude provedeno, jakmile se bal\u00ed\u010dek dostane do na\u0161eho skladu.<\/p>\n\n<h3 class=\"wp-block-heading\">Platby<\/h3>\n\n<p>Platit m\u016f\u017eete pomoc\u00ed slu\u017eby Paypal nebo debetn\u00ed\/kreditn\u00ed kartou p\u0159es Paypal.<\/p>\n\n<h3 class=\"wp-block-heading\">Kontakt<\/h3>\n\n<p>San Raimundo 28<br\/>28039 Madrid. \u0160pan\u011blsko<br\/>info@tuftunggunsupplies.com<br\/>660167517<\/p>\n","protected":false},"excerpt":{"rendered":"<p>P\u0159epravn\u00ed zem\u011b Na\u0161e v\u00fdrobky zas\u00edl\u00e1me ze \u0160pan\u011blska do cel\u00e9 Evropsk\u00e9 unie, kter\u00e1 zahrnuje n\u00e1sleduj\u00edc\u00ed zem\u011b: Belgie, Bulharsko, \u010cesk\u00e1 republika, D\u00e1nsko, Estonsko, Finsko, Francie, Chorvatsko, Irsko, It\u00e1lie, Kypr, Litva, Loty\u0161sko, Lucembursko, Ma\u010farsko, Malta, N\u011bmecko, Nizozemsko, Polsko, Portugalsko, Rakousko, Rumunsko, \u0158ecko, Slovensko, Slovinsko, \u0160pan\u011blsko a \u0160v\u00e9dsko. N\u00e1klady na dopravu N\u00e1klady na dopravu budou vypo\u010dteny podle va\u0161ich preferenc\u00ed [&hellip;]<\/p>\n","protected":false},"author":3,"featured_media":0,"parent":0,"menu_order":0,"comment_status":"closed","ping_status":"closed","template":"","meta":{"_joinchat":[],"footnotes":""},"class_list":["post-6669","page","type-page","status-publish","hentry"],"yoast_head":"<!-- This site is optimized with the Yoast SEO plugin v27.2 - https:\/\/yoast.com\/product\/yoast-seo-wordpress\/ -->\n<title>Podm\u00ednky a pravidla - Ohmytuft.com<\/title>\n<meta name=\"robots\" content=\"noindex, follow\" \/>\n<meta property=\"og:locale\" content=\"cs_CZ\" \/>\n<meta property=\"og:type\" content=\"article\" \/>\n<meta property=\"og:title\" content=\"Podm\u00ednky a pravidla - Ohmytuft.com\" \/>\n<meta property=\"og:description\" content=\"P\u0159epravn\u00ed zem\u011b Na\u0161e v\u00fdrobky zas\u00edl\u00e1me ze \u0160pan\u011blska do cel\u00e9 Evropsk\u00e9 unie, kter\u00e1 zahrnuje n\u00e1sleduj\u00edc\u00ed zem\u011b: Belgie, Bulharsko, \u010cesk\u00e1 republika, D\u00e1nsko, Estonsko, Finsko, Francie, Chorvatsko, Irsko, It\u00e1lie, Kypr, Litva, Loty\u0161sko, Lucembursko, Ma\u010farsko, Malta, N\u011bmecko, Nizozemsko, Polsko, Portugalsko, Rakousko, Rumunsko, \u0158ecko, Slovensko, Slovinsko, \u0160pan\u011blsko a \u0160v\u00e9dsko. N\u00e1klady na dopravu N\u00e1klady na dopravu budou vypo\u010dteny podle va\u0161ich preferenc\u00ed [&hellip;]\" \/>\n<meta property=\"og:url\" content=\"https:\/\/ohmytuft.com\/cs\/podminky-a-pravidla\/\" \/>\n<meta property=\"og:site_name\" content=\"Ohmytuft.com\" \/>\n<meta property=\"article:modified_time\" content=\"2024-03-13T18:43:55+00:00\" \/>\n<meta name=\"twitter:card\" content=\"summary_large_image\" \/>\n<meta name=\"twitter:label1\" content=\"Odhadovan\u00e1 doba \u010dten\u00ed\" \/>\n\t<meta name=\"twitter:data1\" content=\"1 minuta\" \/>\n<script type=\"application\/ld+json\" class=\"yoast-schema-graph\">{\"@context\":\"https:\/\/schema.org\",\"@graph\":[{\"@type\":\"WebPage\",\"@id\":\"https:\/\/ohmytuft.com\/cs\/podminky-a-pravidla\/\",\"url\":\"https:\/\/ohmytuft.com\/cs\/podminky-a-pravidla\/\",\"name\":\"Podm\u00ednky a pravidla - Ohmytuft.com\",\"isPartOf\":{\"@id\":\"https:\/\/ohmytuft.com\/cs\/#website\"},\"datePublished\":\"2021-02-28T21:01:54+00:00\",\"dateModified\":\"2024-03-13T18:43:55+00:00\",\"breadcrumb\":{\"@id\":\"https:\/\/ohmytuft.com\/cs\/podminky-a-pravidla\/#breadcrumb\"},\"inLanguage\":\"cs\",\"potentialAction\":[{\"@type\":\"ReadAction\",\"target\":[\"https:\/\/ohmytuft.com\/cs\/podminky-a-pravidla\/\"]}]},{\"@type\":\"BreadcrumbList\",\"@id\":\"https:\/\/ohmytuft.com\/cs\/podminky-a-pravidla\/#breadcrumb\",\"itemListElement\":[{\"@type\":\"ListItem\",\"position\":1,\"name\":\"Home\",\"item\":\"https:\/\/ohmytuft.com\/cs\/\"},{\"@type\":\"ListItem\",\"position\":2,\"name\":\"Podm\u00ednky a pravidla\"}]},{\"@type\":\"WebSite\",\"@id\":\"https:\/\/ohmytuft.com\/cs\/#website\",\"url\":\"https:\/\/ohmytuft.com\/cs\/\",\"name\":\"Oh my tuft\",\"description\":\"Oh my tuft\",\"publisher\":{\"@id\":\"https:\/\/ohmytuft.com\/cs\/#organization\"},\"potentialAction\":[{\"@type\":\"SearchAction\",\"target\":{\"@type\":\"EntryPoint\",\"urlTemplate\":\"https:\/\/ohmytuft.com\/cs\/?s={search_term_string}\"},\"query-input\":{\"@type\":\"PropertyValueSpecification\",\"valueRequired\":true,\"valueName\":\"search_term_string\"}}],\"inLanguage\":\"cs\"},{\"@type\":\"Organization\",\"@id\":\"https:\/\/ohmytuft.com\/cs\/#organization\",\"name\":\"Oh my tuft\",\"url\":\"https:\/\/ohmytuft.com\/cs\/\",\"logo\":{\"@type\":\"ImageObject\",\"inLanguage\":\"cs\",\"@id\":\"https:\/\/ohmytuft.com\/cs\/#\/schema\/logo\/image\/\",\"url\":\"https:\/\/ohmytuft.com\/wp-content\/uploads\/2021\/02\/WEB-20.png\",\"contentUrl\":\"https:\/\/ohmytuft.com\/wp-content\/uploads\/2021\/02\/WEB-20.png\",\"width\":2085,\"height\":764,\"caption\":\"Oh my tuft\"},\"image\":{\"@id\":\"https:\/\/ohmytuft.com\/cs\/#\/schema\/logo\/image\/\"},\"sameAs\":[\"https:\/\/www.instagram.com\/tuftinggunsupplies\/\",\"https:\/\/www.tiktok.com\/@tuftinggun\"]}]}<\/script>\n<!-- \/ Yoast SEO plugin. -->","yoast_head_json":{"title":"Podm\u00ednky a pravidla - Ohmytuft.com","robots":{"index":"noindex","follow":"follow"},"og_locale":"cs_CZ","og_type":"article","og_title":"Podm\u00ednky a pravidla - Ohmytuft.com","og_description":"P\u0159epravn\u00ed zem\u011b Na\u0161e v\u00fdrobky zas\u00edl\u00e1me ze \u0160pan\u011blska do cel\u00e9 Evropsk\u00e9 unie, kter\u00e1 zahrnuje n\u00e1sleduj\u00edc\u00ed zem\u011b: Belgie, Bulharsko, \u010cesk\u00e1 republika, D\u00e1nsko, Estonsko, Finsko, Francie, Chorvatsko, Irsko, It\u00e1lie, Kypr, Litva, Loty\u0161sko, Lucembursko, Ma\u010farsko, Malta, N\u011bmecko, Nizozemsko, Polsko, Portugalsko, Rakousko, Rumunsko, \u0158ecko, Slovensko, Slovinsko, \u0160pan\u011blsko a \u0160v\u00e9dsko. N\u00e1klady na dopravu N\u00e1klady na dopravu budou vypo\u010dteny podle va\u0161ich preferenc\u00ed [&hellip;]","og_url":"https:\/\/ohmytuft.com\/cs\/podminky-a-pravidla\/","og_site_name":"Ohmytuft.com","article_modified_time":"2024-03-13T18:43:55+00:00","twitter_card":"summary_large_image","twitter_misc":{"Odhadovan\u00e1 doba \u010dten\u00ed":"1 minuta"},"schema":{"@context":"https:\/\/schema.org","@graph":[{"@type":"WebPage","@id":"https:\/\/ohmytuft.com\/cs\/podminky-a-pravidla\/","url":"https:\/\/ohmytuft.com\/cs\/podminky-a-pravidla\/","name":"Podm\u00ednky a pravidla - Ohmytuft.com","isPartOf":{"@id":"https:\/\/ohmytuft.com\/cs\/#website"},"datePublished":"2021-02-28T21:01:54+00:00","dateModified":"2024-03-13T18:43:55+00:00","breadcrumb":{"@id":"https:\/\/ohmytuft.com\/cs\/podminky-a-pravidla\/#breadcrumb"},"inLanguage":"cs","potentialAction":[{"@type":"ReadAction","target":["https:\/\/ohmytuft.com\/cs\/podminky-a-pravidla\/"]}]},{"@type":"BreadcrumbList","@id":"https:\/\/ohmytuft.com\/cs\/podminky-a-pravidla\/#breadcrumb","itemListElement":[{"@type":"ListItem","position":1,"name":"Home","item":"https:\/\/ohmytuft.com\/cs\/"},{"@type":"ListItem","position":2,"name":"Podm\u00ednky a pravidla"}]},{"@type":"WebSite","@id":"https:\/\/ohmytuft.com\/cs\/#website","url":"https:\/\/ohmytuft.com\/cs\/","name":"Oh my tuft","description":"Oh my tuft","publisher":{"@id":"https:\/\/ohmytuft.com\/cs\/#organization"},"potentialAction":[{"@type":"SearchAction","target":{"@type":"EntryPoint","urlTemplate":"https:\/\/ohmytuft.com\/cs\/?s={search_term_string}"},"query-input":{"@type":"PropertyValueSpecification","valueRequired":true,"valueName":"search_term_string"}}],"inLanguage":"cs"},{"@type":"Organization","@id":"https:\/\/ohmytuft.com\/cs\/#organization","name":"Oh my tuft","url":"https:\/\/ohmytuft.com\/cs\/","logo":{"@type":"ImageObject","inLanguage":"cs","@id":"https:\/\/ohmytuft.com\/cs\/#\/schema\/logo\/image\/","url":"https:\/\/ohmytuft.com\/wp-content\/uploads\/2021\/02\/WEB-20.png","contentUrl":"https:\/\/ohmytuft.com\/wp-content\/uploads\/2021\/02\/WEB-20.png","width":2085,"height":764,"caption":"Oh my tuft"},"image":{"@id":"https:\/\/ohmytuft.com\/cs\/#\/schema\/logo\/image\/"},"sameAs":["https:\/\/www.instagram.com\/tuftinggunsupplies\/","https:\/\/www.tiktok.com\/@tuftinggun"]}]}},"_links":{"self":[{"href":"https:\/\/ohmytuft.com\/cs\/wp-json\/wp\/v2\/pages\/6669","targetHints":{"allow":["GET"]}}],"collection":[{"href":"https:\/\/ohmytuft.com\/cs\/wp-json\/wp\/v2\/pages"}],"about":[{"href":"https:\/\/ohmytuft.com\/cs\/wp-json\/wp\/v2\/types\/page"}],"author":[{"embeddable":true,"href":"https:\/\/ohmytuft.com\/cs\/wp-json\/wp\/v2\/users\/3"}],"replies":[{"embeddable":true,"href":"https:\/\/ohmytuft.com\/cs\/wp-json\/wp\/v2\/comments?post=6669"}],"version-history":[{"count":0,"href":"https:\/\/ohmytuft.com\/cs\/wp-json\/wp\/v2\/pages\/6669\/revisions"}],"wp:attachment":[{"href":"https:\/\/ohmytuft.com\/cs\/wp-json\/wp\/v2\/media?parent=6669"}],"curies":[{"name":"wp","href":"https:\/\/api.w.org\/{rel}","templated":true}]}}