{"id":6670,"date":"2020-10-08T16:26:21","date_gmt":"2020-10-08T16:26:21","guid":{"rendered":"https:\/\/ohmytuft.com\/cookies\/"},"modified":"2024-03-13T18:43:57","modified_gmt":"2024-03-13T18:43:57","slug":"cookies","status":"publish","type":"page","link":"https:\/\/ohmytuft.com\/cs\/cookies\/","title":{"rendered":"Cookies"},"content":{"rendered":"\n<p>Toto jsou z\u00e1sady pou\u017e\u00edv\u00e1n\u00ed soubor\u016f cookie pro Tufting Gun Supplies, dostupn\u00e9 z adresy https:\/\/ohmytuft.com.<\/p>\n\n<p><strong>Co jsou soubory cookie<\/strong><\/p>\n\n<p>Stejn\u011b jako t\u00e9m\u011b\u0159 v\u0161echny profesion\u00e1ln\u00ed webov\u00e9 str\u00e1nky i tyto str\u00e1nky pou\u017e\u00edvaj\u00ed soubory cookie, co\u017e jsou mal\u00e9 soubory, kter\u00e9 se stahuj\u00ed do va\u0161eho po\u010d\u00edta\u010de a slou\u017e\u00ed ke zlep\u0161en\u00ed va\u0161ich zku\u0161enost\u00ed. Na t\u00e9to str\u00e1nce je pops\u00e1no, jak\u00e9 informace shroma\u017e\u010fuj\u00ed, jak je pou\u017e\u00edv\u00e1me a pro\u010d n\u011bkdy pot\u0159ebujeme tyto soubory cookie ukl\u00e1dat. Rovn\u011b\u017e v\u00e1m sd\u011bl\u00edme, jak m\u016f\u017eete ukl\u00e1d\u00e1n\u00ed t\u011bchto soubor\u016f cookie zabr\u00e1nit, co\u017e v\u0161ak m\u016f\u017ee v\u00e9st ke zhor\u0161en\u00ed nebo &#8222;p\u0159eru\u0161en\u00ed&#8220; n\u011bkter\u00fdch prvk\u016f funk\u010dnosti str\u00e1nek.<\/p>\n\n<p>Dal\u0161\u00ed obecn\u00e9 informace o souborech cookie naleznete v \u010d\u00e1sti <a href=\"https:\/\/www.cookieconsent.com\/what-are-cookies\/\">&#8222;Co jsou soubory cookie<\/a>&#8222;.  <\/p>\n\n<p><strong>Jak pou\u017e\u00edv\u00e1me soubory cookie<\/strong><\/p>\n\n<p>Soubory cookie pou\u017e\u00edv\u00e1me z r\u016fzn\u00fdch d\u016fvod\u016f, kter\u00e9 jsou podrobn\u011b pops\u00e1ny n\u00ed\u017ee. Bohu\u017eel ve v\u011bt\u0161in\u011b p\u0159\u00edpad\u016f neexistuj\u00ed \u017e\u00e1dn\u00e9 standardn\u00ed mo\u017enosti, jak soubory cookie zak\u00e1zat, ani\u017e by se zcela vypnuly funkce a vlastnosti, kter\u00e9 p\u0159id\u00e1vaj\u00ed na tyto str\u00e1nky. Pokud si nejste jisti, zda je pot\u0159ebujete, doporu\u010dujeme ponechat zapnut\u00e9 v\u0161echny soubory cookie v p\u0159\u00edpad\u011b, \u017ee jsou pou\u017e\u00edv\u00e1ny k poskytov\u00e1n\u00ed slu\u017eby, kterou pou\u017e\u00edv\u00e1te.<\/p>\n\n<p><strong>Zak\u00e1z\u00e1n\u00ed soubor\u016f cookie<\/strong><\/p>\n\n<p>Nastaven\u00ed soubor\u016f cookie m\u016f\u017eete zabr\u00e1nit \u00fapravou nastaven\u00ed prohl\u00ed\u017ee\u010de (postup naleznete v n\u00e1pov\u011bd\u011b k prohl\u00ed\u017ee\u010di). Uv\u011bdomte si, \u017ee vypnut\u00ed soubor\u016f cookie ovlivn\u00ed funk\u010dnost t\u00e9to a mnoha dal\u0161\u00edch webov\u00fdch str\u00e1nek, kter\u00e9 nav\u0161t\u011bvujete. Zak\u00e1z\u00e1n\u00ed soubor\u016f cookie obvykle vede tak\u00e9 k zak\u00e1z\u00e1n\u00ed n\u011bkter\u00fdch funkc\u00ed a vlastnost\u00ed t\u011bchto str\u00e1nek. Proto doporu\u010dujeme soubory cookie nezak\u00e1zat.<\/p>\n\n<p><strong>Nastaven\u00e9 soubory cookie<\/strong><\/p>\n\n<ul class=\"wp-block-list\"><li>Soubory cookie souvisej\u00edc\u00ed s \u00fa\u010dtem Pokud si u n\u00e1s vytvo\u0159\u00edte \u00fa\u010det, budeme pou\u017e\u00edvat soubory cookie pro spr\u00e1vu procesu registrace a obecnou spr\u00e1vu. Tyto soubory cookie se obvykle po odhl\u00e1\u0161en\u00ed vyma\u017eou, v n\u011bkter\u00fdch p\u0159\u00edpadech v\u0161ak mohou z\u016fstat i pot\u00e9, aby si zapamatovaly va\u0161e p\u0159edvolby webu po odhl\u00e1\u0161en\u00ed.<\/li><li>Soubory cookie souvisej\u00edc\u00ed s p\u0159ihl\u00e1\u0161en\u00edm Pou\u017e\u00edv\u00e1me soubory cookie, kdy\u017e jste p\u0159ihl\u00e1\u0161eni, abychom si tuto skute\u010dnost mohli zapamatovat. D\u00edky tomu se nemus\u00edte p\u0159ihla\u0161ovat p\u0159i ka\u017ed\u00e9 n\u00e1v\u0161t\u011bv\u011b nov\u00e9 str\u00e1nky. Tyto soubory cookie se obvykle odstran\u00ed nebo vyma\u017eou, kdy\u017e se odhl\u00e1s\u00edte, abyste m\u011bli p\u0159\u00edstup k omezen\u00fdm funkc\u00edm a oblastem pouze po p\u0159ihl\u00e1\u0161en\u00ed.<\/li><li>Soubory cookie souvisej\u00edc\u00ed s e-mailov\u00fdmi zpravodaji Tyto str\u00e1nky nab\u00edzej\u00ed slu\u017eby odb\u011bru zpravodaje nebo e-mailu a soubory cookie mohou b\u00fdt pou\u017eity k zapamatov\u00e1n\u00ed, zda jste ji\u017e zaregistrov\u00e1ni, a k zobrazen\u00ed ur\u010dit\u00fdch ozn\u00e1men\u00ed, kter\u00e1 mohou b\u00fdt platn\u00e1 pouze pro p\u0159ihl\u00e1\u0161en\u00e9\/nep\u0159ihl\u00e1\u0161en\u00e9 u\u017eivatele.<\/li><li>Soubory cookie souvisej\u00edc\u00ed se zpracov\u00e1n\u00edm objedn\u00e1vek Tyto str\u00e1nky nab\u00edzej\u00ed mo\u017enosti elektronick\u00e9ho obchodov\u00e1n\u00ed nebo platby a n\u011bkter\u00e9 soubory cookie jsou nezbytn\u00e9 k zaji\u0161t\u011bn\u00ed zapamatov\u00e1n\u00ed va\u0161\u00ed objedn\u00e1vky mezi str\u00e1nkami, abychom ji mohli spr\u00e1vn\u011b zpracovat.<\/li><li>Soubory cookie souvisej\u00edc\u00ed s formul\u00e1\u0159i Pokud ode\u0161lete \u00fadaje prost\u0159ednictv\u00edm formul\u00e1\u0159e, nap\u0159\u00edklad na kontaktn\u00edch str\u00e1nk\u00e1ch nebo ve formul\u00e1\u0159\u00edch pro koment\u00e1\u0159e, mohou b\u00fdt nastaveny soubory cookie, kter\u00e9 si zapamatuj\u00ed va\u0161e u\u017eivatelsk\u00e9 \u00fadaje pro budouc\u00ed korespondenci.<\/li><\/ul>\n\n<p><strong>Soubory cookie t\u0159et\u00edch stran<\/strong><\/p>\n\n<p>V n\u011bkter\u00fdch zvl\u00e1\u0161tn\u00edch p\u0159\u00edpadech pou\u017e\u00edv\u00e1me tak\u00e9 soubory cookie poskytovan\u00e9 d\u016fv\u011bryhodn\u00fdmi t\u0159et\u00edmi stranami. V n\u00e1sleduj\u00edc\u00ed \u010d\u00e1sti jsou podrobn\u011b pops\u00e1ny soubory cookie t\u0159et\u00edch stran, se kter\u00fdmi se m\u016f\u017eete setkat na t\u011bchto str\u00e1nk\u00e1ch.<\/p>\n\n<ul class=\"wp-block-list\"><li>Tyto str\u00e1nky pou\u017e\u00edvaj\u00ed slu\u017ebu Google Analytics, kter\u00e1 je jedn\u00edm z nejroz\u0161\u00ed\u0159en\u011bj\u0161\u00edch a nejd\u016fv\u011bryhodn\u011bj\u0161\u00edch analytick\u00fdch \u0159e\u0161en\u00ed na webu, kter\u00e9 n\u00e1m pom\u00e1h\u00e1 pochopit, jak str\u00e1nky pou\u017e\u00edv\u00e1te a jak m\u016f\u017eeme zlep\u0161it va\u0161e zku\u0161enosti. Tyto soubory cookie mohou sledovat nap\u0159\u00edklad dobu, kterou str\u00e1v\u00edte na webu, a nav\u0161t\u00edven\u00e9 str\u00e1nky, abychom mohli pokra\u010dovat ve vytv\u00e1\u0159en\u00ed zaj\u00edmav\u00e9ho obsahu. Dal\u0161\u00ed informace o souborech cookie slu\u017eby Google Analytics naleznete na ofici\u00e1ln\u00ed str\u00e1nce Google Analytics.<\/li><li>Na t\u011bchto str\u00e1nk\u00e1ch tak\u00e9 pou\u017e\u00edv\u00e1me tla\u010d\u00edtka a\/nebo pluginy soci\u00e1ln\u00edch m\u00e9di\u00ed, kter\u00e9 v\u00e1m umo\u017e\u0148uj\u00ed r\u016fzn\u00fdmi zp\u016fsoby se spojit s va\u0161\u00ed soci\u00e1ln\u00ed s\u00edt\u00ed. Aby tyto str\u00e1nky fungovaly, je t\u0159eba pou\u017e\u00edt n\u00e1sleduj\u00edc\u00ed soci\u00e1ln\u00ed s\u00edt\u011b, v\u010detn\u011b: Instagram, Tik Tok, Youtube, nastav\u00ed prost\u0159ednictv\u00edm na\u0161ich str\u00e1nek soubory cookie, kter\u00e9 mohou b\u00fdt pou\u017eity k vylep\u0161en\u00ed va\u0161eho profilu na jejich str\u00e1nk\u00e1ch nebo p\u0159isp\u011bt k \u00fadaj\u016fm, kter\u00e9 maj\u00ed k dispozici pro r\u016fzn\u00e9 \u00fa\u010dely uveden\u00e9 v jejich z\u00e1sad\u00e1ch ochrany osobn\u00edch \u00fadaj\u016f.<\/li><\/ul>\n\n<p><strong>V\u00edce informac\u00ed<\/strong><\/p>\n\n<p>Douf\u00e1me, \u017ee jsme v\u00e1m to objasnili, a jak ji\u017e bylo zm\u00edn\u011bno, pokud si nejste jisti, zda n\u011bco pot\u0159ebujete, je obvykle bezpe\u010dn\u011bj\u0161\u00ed nechat soubory cookie povolen\u00e9 pro p\u0159\u00edpad, \u017ee by to m\u011blo vliv na n\u011bkterou z funkc\u00ed, kter\u00e9 na na\u0161ich str\u00e1nk\u00e1ch pou\u017e\u00edv\u00e1te.<\/p>\n\n<p>Pokud v\u0161ak st\u00e1le hled\u00e1te dal\u0161\u00ed informace, m\u016f\u017eete n\u00e1s kontaktovat n\u011bkter\u00fdm z na\u0161ich preferovan\u00fdch zp\u016fsob\u016f kontaktu:<\/p>\n\n<ul class=\"wp-block-list\"><li>Nav\u0161t\u00edven\u00edm tohoto odkazu: https:\/\/ohmytuft.com\/contact\/<\/li><\/ul>\n","protected":false},"excerpt":{"rendered":"<p>Toto jsou z\u00e1sady pou\u017e\u00edv\u00e1n\u00ed soubor\u016f cookie pro Tufting Gun Supplies, dostupn\u00e9 z adresy https:\/\/ohmytuft.com. Co jsou soubory cookie Stejn\u011b jako t\u00e9m\u011b\u0159 v\u0161echny profesion\u00e1ln\u00ed webov\u00e9 str\u00e1nky i tyto str\u00e1nky pou\u017e\u00edvaj\u00ed soubory cookie, co\u017e jsou mal\u00e9 soubory, kter\u00e9 se stahuj\u00ed do va\u0161eho po\u010d\u00edta\u010de a slou\u017e\u00ed ke zlep\u0161en\u00ed va\u0161ich zku\u0161enost\u00ed. Na t\u00e9to str\u00e1nce je pops\u00e1no, jak\u00e9 informace shroma\u017e\u010fuj\u00ed, [&hellip;]<\/p>\n","protected":false},"author":3,"featured_media":0,"parent":0,"menu_order":0,"comment_status":"closed","ping_status":"closed","template":"","meta":{"_joinchat":[],"footnotes":""},"class_list":["post-6670","page","type-page","status-publish","hentry"],"yoast_head":"<!-- This site is optimized with the Yoast SEO plugin v27.2 - https:\/\/yoast.com\/product\/yoast-seo-wordpress\/ -->\n<title>Cookies - Ohmytuft.com<\/title>\n<meta name=\"robots\" content=\"noindex, follow\" \/>\n<meta property=\"og:locale\" content=\"cs_CZ\" \/>\n<meta property=\"og:type\" content=\"article\" \/>\n<meta property=\"og:title\" content=\"Cookies - Ohmytuft.com\" \/>\n<meta property=\"og:description\" content=\"Toto jsou z\u00e1sady pou\u017e\u00edv\u00e1n\u00ed soubor\u016f cookie pro Tufting Gun Supplies, dostupn\u00e9 z adresy https:\/\/ohmytuft.com. Co jsou soubory cookie Stejn\u011b jako t\u00e9m\u011b\u0159 v\u0161echny profesion\u00e1ln\u00ed webov\u00e9 str\u00e1nky i tyto str\u00e1nky pou\u017e\u00edvaj\u00ed soubory cookie, co\u017e jsou mal\u00e9 soubory, kter\u00e9 se stahuj\u00ed do va\u0161eho po\u010d\u00edta\u010de a slou\u017e\u00ed ke zlep\u0161en\u00ed va\u0161ich zku\u0161enost\u00ed. Na t\u00e9to str\u00e1nce je pops\u00e1no, jak\u00e9 informace shroma\u017e\u010fuj\u00ed, [&hellip;]\" \/>\n<meta property=\"og:url\" content=\"https:\/\/ohmytuft.com\/cs\/cookies\/\" \/>\n<meta property=\"og:site_name\" content=\"Ohmytuft.com\" \/>\n<meta property=\"article:modified_time\" content=\"2024-03-13T18:43:57+00:00\" \/>\n<meta name=\"twitter:card\" content=\"summary_large_image\" \/>\n<meta name=\"twitter:label1\" content=\"Odhadovan\u00e1 doba \u010dten\u00ed\" \/>\n\t<meta name=\"twitter:data1\" content=\"5 minut\" \/>\n<script type=\"application\/ld+json\" class=\"yoast-schema-graph\">{\"@context\":\"https:\/\/schema.org\",\"@graph\":[{\"@type\":\"WebPage\",\"@id\":\"https:\/\/ohmytuft.com\/cs\/cookies\/\",\"url\":\"https:\/\/ohmytuft.com\/cs\/cookies\/\",\"name\":\"Cookies - Ohmytuft.com\",\"isPartOf\":{\"@id\":\"https:\/\/ohmytuft.com\/cs\/#website\"},\"datePublished\":\"2020-10-08T16:26:21+00:00\",\"dateModified\":\"2024-03-13T18:43:57+00:00\",\"breadcrumb\":{\"@id\":\"https:\/\/ohmytuft.com\/cs\/cookies\/#breadcrumb\"},\"inLanguage\":\"cs\",\"potentialAction\":[{\"@type\":\"ReadAction\",\"target\":[\"https:\/\/ohmytuft.com\/cs\/cookies\/\"]}]},{\"@type\":\"BreadcrumbList\",\"@id\":\"https:\/\/ohmytuft.com\/cs\/cookies\/#breadcrumb\",\"itemListElement\":[{\"@type\":\"ListItem\",\"position\":1,\"name\":\"Home\",\"item\":\"https:\/\/ohmytuft.com\/cs\/\"},{\"@type\":\"ListItem\",\"position\":2,\"name\":\"Cookies\"}]},{\"@type\":\"WebSite\",\"@id\":\"https:\/\/ohmytuft.com\/cs\/#website\",\"url\":\"https:\/\/ohmytuft.com\/cs\/\",\"name\":\"Oh my tuft\",\"description\":\"Oh my tuft\",\"publisher\":{\"@id\":\"https:\/\/ohmytuft.com\/cs\/#organization\"},\"potentialAction\":[{\"@type\":\"SearchAction\",\"target\":{\"@type\":\"EntryPoint\",\"urlTemplate\":\"https:\/\/ohmytuft.com\/cs\/?s={search_term_string}\"},\"query-input\":{\"@type\":\"PropertyValueSpecification\",\"valueRequired\":true,\"valueName\":\"search_term_string\"}}],\"inLanguage\":\"cs\"},{\"@type\":\"Organization\",\"@id\":\"https:\/\/ohmytuft.com\/cs\/#organization\",\"name\":\"Oh my tuft\",\"url\":\"https:\/\/ohmytuft.com\/cs\/\",\"logo\":{\"@type\":\"ImageObject\",\"inLanguage\":\"cs\",\"@id\":\"https:\/\/ohmytuft.com\/cs\/#\/schema\/logo\/image\/\",\"url\":\"https:\/\/ohmytuft.com\/wp-content\/uploads\/2021\/02\/WEB-20.png\",\"contentUrl\":\"https:\/\/ohmytuft.com\/wp-content\/uploads\/2021\/02\/WEB-20.png\",\"width\":2085,\"height\":764,\"caption\":\"Oh my tuft\"},\"image\":{\"@id\":\"https:\/\/ohmytuft.com\/cs\/#\/schema\/logo\/image\/\"},\"sameAs\":[\"https:\/\/www.instagram.com\/tuftinggunsupplies\/\",\"https:\/\/www.tiktok.com\/@tuftinggun\"]}]}<\/script>\n<!-- \/ Yoast SEO plugin. -->","yoast_head_json":{"title":"Cookies - Ohmytuft.com","robots":{"index":"noindex","follow":"follow"},"og_locale":"cs_CZ","og_type":"article","og_title":"Cookies - Ohmytuft.com","og_description":"Toto jsou z\u00e1sady pou\u017e\u00edv\u00e1n\u00ed soubor\u016f cookie pro Tufting Gun Supplies, dostupn\u00e9 z adresy https:\/\/ohmytuft.com. Co jsou soubory cookie Stejn\u011b jako t\u00e9m\u011b\u0159 v\u0161echny profesion\u00e1ln\u00ed webov\u00e9 str\u00e1nky i tyto str\u00e1nky pou\u017e\u00edvaj\u00ed soubory cookie, co\u017e jsou mal\u00e9 soubory, kter\u00e9 se stahuj\u00ed do va\u0161eho po\u010d\u00edta\u010de a slou\u017e\u00ed ke zlep\u0161en\u00ed va\u0161ich zku\u0161enost\u00ed. Na t\u00e9to str\u00e1nce je pops\u00e1no, jak\u00e9 informace shroma\u017e\u010fuj\u00ed, [&hellip;]","og_url":"https:\/\/ohmytuft.com\/cs\/cookies\/","og_site_name":"Ohmytuft.com","article_modified_time":"2024-03-13T18:43:57+00:00","twitter_card":"summary_large_image","twitter_misc":{"Odhadovan\u00e1 doba \u010dten\u00ed":"5 minut"},"schema":{"@context":"https:\/\/schema.org","@graph":[{"@type":"WebPage","@id":"https:\/\/ohmytuft.com\/cs\/cookies\/","url":"https:\/\/ohmytuft.com\/cs\/cookies\/","name":"Cookies - Ohmytuft.com","isPartOf":{"@id":"https:\/\/ohmytuft.com\/cs\/#website"},"datePublished":"2020-10-08T16:26:21+00:00","dateModified":"2024-03-13T18:43:57+00:00","breadcrumb":{"@id":"https:\/\/ohmytuft.com\/cs\/cookies\/#breadcrumb"},"inLanguage":"cs","potentialAction":[{"@type":"ReadAction","target":["https:\/\/ohmytuft.com\/cs\/cookies\/"]}]},{"@type":"BreadcrumbList","@id":"https:\/\/ohmytuft.com\/cs\/cookies\/#breadcrumb","itemListElement":[{"@type":"ListItem","position":1,"name":"Home","item":"https:\/\/ohmytuft.com\/cs\/"},{"@type":"ListItem","position":2,"name":"Cookies"}]},{"@type":"WebSite","@id":"https:\/\/ohmytuft.com\/cs\/#website","url":"https:\/\/ohmytuft.com\/cs\/","name":"Oh my tuft","description":"Oh my tuft","publisher":{"@id":"https:\/\/ohmytuft.com\/cs\/#organization"},"potentialAction":[{"@type":"SearchAction","target":{"@type":"EntryPoint","urlTemplate":"https:\/\/ohmytuft.com\/cs\/?s={search_term_string}"},"query-input":{"@type":"PropertyValueSpecification","valueRequired":true,"valueName":"search_term_string"}}],"inLanguage":"cs"},{"@type":"Organization","@id":"https:\/\/ohmytuft.com\/cs\/#organization","name":"Oh my tuft","url":"https:\/\/ohmytuft.com\/cs\/","logo":{"@type":"ImageObject","inLanguage":"cs","@id":"https:\/\/ohmytuft.com\/cs\/#\/schema\/logo\/image\/","url":"https:\/\/ohmytuft.com\/wp-content\/uploads\/2021\/02\/WEB-20.png","contentUrl":"https:\/\/ohmytuft.com\/wp-content\/uploads\/2021\/02\/WEB-20.png","width":2085,"height":764,"caption":"Oh my tuft"},"image":{"@id":"https:\/\/ohmytuft.com\/cs\/#\/schema\/logo\/image\/"},"sameAs":["https:\/\/www.instagram.com\/tuftinggunsupplies\/","https:\/\/www.tiktok.com\/@tuftinggun"]}]}},"_links":{"self":[{"href":"https:\/\/ohmytuft.com\/cs\/wp-json\/wp\/v2\/pages\/6670","targetHints":{"allow":["GET"]}}],"collection":[{"href":"https:\/\/ohmytuft.com\/cs\/wp-json\/wp\/v2\/pages"}],"about":[{"href":"https:\/\/ohmytuft.com\/cs\/wp-json\/wp\/v2\/types\/page"}],"author":[{"embeddable":true,"href":"https:\/\/ohmytuft.com\/cs\/wp-json\/wp\/v2\/users\/3"}],"replies":[{"embeddable":true,"href":"https:\/\/ohmytuft.com\/cs\/wp-json\/wp\/v2\/comments?post=6670"}],"version-history":[{"count":0,"href":"https:\/\/ohmytuft.com\/cs\/wp-json\/wp\/v2\/pages\/6670\/revisions"}],"wp:attachment":[{"href":"https:\/\/ohmytuft.com\/cs\/wp-json\/wp\/v2\/media?parent=6670"}],"curies":[{"name":"wp","href":"https:\/\/api.w.org\/{rel}","templated":true}]}}