{"id":6691,"date":"2020-10-06T14:03:14","date_gmt":"2020-10-06T14:03:14","guid":{"rendered":"https:\/\/ohmytuft.com\/zasady-ochrany-osobnich-udaju\/"},"modified":"2024-03-13T18:43:58","modified_gmt":"2024-03-13T18:43:58","slug":"zasady-ochrany-osobnich-udaju","status":"publish","type":"page","link":"https:\/\/ohmytuft.com\/cs\/zasady-ochrany-osobnich-udaju\/","title":{"rendered":"Z\u00e1sady ochrany osobn\u00edch \u00fadaj\u016f"},"content":{"rendered":"\n<p>Ve spole\u010dnosti Tufting Gun Supplies, dostupn\u00e9 z https:\/\/ohmytuft.com\/, je jednou z na\u0161ich hlavn\u00edch priorit ochrana soukrom\u00ed n\u00e1v\u0161t\u011bvn\u00edk\u016f. Tento dokument o z\u00e1sad\u00e1ch ochrany osobn\u00edch \u00fadaj\u016f obsahuje typy informac\u00ed, kter\u00e9 spole\u010dnost Tufting Gun Supplies shroma\u017e\u010fuje a zaznamen\u00e1v\u00e1, a zp\u016fsob jejich pou\u017eit\u00ed.<\/p>\n\n<p>Pokud m\u00e1te dal\u0161\u00ed ot\u00e1zky nebo pot\u0159ebujete dal\u0161\u00ed informace o na\u0161ich z\u00e1sad\u00e1ch ochrany osobn\u00edch \u00fadaj\u016f, nev\u00e1hejte n\u00e1s kontaktovat.<\/p>\n\n<p>Tyto z\u00e1sady ochrany osobn\u00edch \u00fadaj\u016f se vztahuj\u00ed pouze na na\u0161e online aktivity a plat\u00ed pro n\u00e1v\u0161t\u011bvn\u00edky na\u0161ich webov\u00fdch str\u00e1nek, pokud jde o informace, kter\u00e9 sd\u00edlej\u00ed a\/nebo shroma\u017e\u010fuj\u00ed na str\u00e1nk\u00e1ch Tufting Gun Supplies. Tyto z\u00e1sady se nevztahuj\u00ed na \u017e\u00e1dn\u00e9 informace shrom\u00e1\u017ed\u011bn\u00e9 offline nebo prost\u0159ednictv\u00edm jin\u00fdch kan\u00e1l\u016f, ne\u017e jsou tyto webov\u00e9 str\u00e1nky.  <\/p>\n\n<h2 class=\"wp-block-heading\">Souhlas<\/h2>\n\n<p>Pou\u017e\u00edv\u00e1n\u00edm na\u0161ich webov\u00fdch str\u00e1nek vyjad\u0159ujete souhlas s na\u0161imi z\u00e1sadami ochrany osobn\u00edch \u00fadaj\u016f a souhlas\u00edte s jejich podm\u00ednkami.<\/p>\n\n<h2 class=\"wp-block-heading\">Informace, kter\u00e9 shroma\u017e\u010fujeme<\/h2>\n\n<p>Osobn\u00ed \u00fadaje, o jejich\u017e poskytnut\u00ed jste po\u017e\u00e1d\u00e1ni, a d\u016fvody, pro\u010d jste o n\u011b po\u017e\u00e1d\u00e1ni, v\u00e1m budou vysv\u011btleny v okam\u017eiku, kdy v\u00e1s po\u017e\u00e1d\u00e1me o poskytnut\u00ed osobn\u00edch \u00fadaj\u016f.<\/p>\n\n<p>Pokud n\u00e1s kontaktujete p\u0159\u00edmo, m\u016f\u017eeme o v\u00e1s z\u00edskat dal\u0161\u00ed informace, jako je va\u0161e jm\u00e9no, e-mailov\u00e1 adresa, telefonn\u00ed \u010d\u00edslo, obsah zpr\u00e1vy a\/nebo p\u0159\u00edloh, kter\u00e9 n\u00e1m m\u016f\u017eete zaslat, a dal\u0161\u00ed informace, kter\u00e9 se rozhodnete poskytnout.<\/p>\n\n<p>P\u0159i registraci \u00fa\u010dtu v\u00e1s m\u016f\u017eeme po\u017e\u00e1dat o kontaktn\u00ed \u00fadaje, jako je jm\u00e9no, n\u00e1zev spole\u010dnosti, adresa, e-mailov\u00e1 adresa a telefonn\u00ed \u010d\u00edslo.<\/p>\n\n<h2 class=\"wp-block-heading\">Jak pou\u017e\u00edv\u00e1me va\u0161e informace<\/h2>\n\n<p>Shrom\u00e1\u017ed\u011bn\u00e9 informace pou\u017e\u00edv\u00e1me r\u016fzn\u00fdmi zp\u016fsoby, mimo jin\u00e9 k:<\/p>\n\n<ul class=\"wp-block-list\"><li>poskytovat, provozovat a udr\u017eovat na\u0161e webov\u00e9 str\u00e1nky.<\/li><li>Zlep\u0161ovat, p\u0159izp\u016fsobovat a roz\u0161i\u0159ovat n\u00e1\u0161 webste<\/li><li>Porozum\u011bt a analyzovat, jak pou\u017e\u00edv\u00e1te na\u0161e webov\u00e9 str\u00e1nky.<\/li><li>V\u00fdvoj nov\u00fdch produkt\u016f, slu\u017eeb, vlastnost\u00ed a funkc\u00ed.<\/li><li>komunikovat s v\u00e1mi p\u0159\u00edmo nebo prost\u0159ednictv\u00edm n\u011bkter\u00e9ho z na\u0161ich partner\u016f, v\u010detn\u011b z\u00e1kaznick\u00e9ho servisu, poskytovat v\u00e1m aktualizace a dal\u0161\u00ed informace t\u00fdkaj\u00edc\u00ed se webov\u00e9 str\u00e1nky a pro marketingov\u00e9 a propaga\u010dn\u00ed \u00fa\u010dely.<\/li><li>Odes\u00edl\u00e1n\u00ed e-mail\u016f<\/li><li>Vyhled\u00e1v\u00e1n\u00ed podvod\u016f a jejich prevence<\/li><\/ul>\n\n<h2 class=\"wp-block-heading\">Soubory protokolu<\/h2>\n\n<p>Spole\u010dnost Tufting Gun Supplies pou\u017e\u00edv\u00e1 standardn\u00ed postup pou\u017e\u00edv\u00e1n\u00ed soubor\u016f protokolu. Tyto soubory zaznamen\u00e1vaj\u00ed n\u00e1v\u0161t\u011bvn\u00edky p\u0159i n\u00e1v\u0161t\u011bv\u011b webov\u00fdch str\u00e1nek. To d\u011blaj\u00ed v\u0161echny hostingov\u00e9 spole\u010dnosti a je to sou\u010d\u00e1st\u00ed analytiky hostingov\u00fdch slu\u017eeb. Informace shrom\u00e1\u017ed\u011bn\u00e9 v souborech protokolu zahrnuj\u00ed adresy internetov\u00e9ho protokolu (IP), typ prohl\u00ed\u017ee\u010de, poskytovatele internetov\u00fdch slu\u017eeb (ISP), datum a \u010dasov\u00e9 raz\u00edtko, odkazuj\u00edc\u00ed\/v\u00fdstupn\u00ed str\u00e1nky a p\u0159\u00edpadn\u011b po\u010det kliknut\u00ed. Nejsou spojeny s \u017e\u00e1dn\u00fdmi informacemi, kter\u00e9 by umo\u017e\u0148ovaly osobn\u00ed identifikaci. Tyto informace slou\u017e\u00ed k anal\u00fdze trend\u016f, spr\u00e1v\u011b webu, sledov\u00e1n\u00ed pohybu u\u017eivatel\u016f na webu a shroma\u017e\u010fov\u00e1n\u00ed demografick\u00fdch informac\u00ed.<\/p>\n\n<h2 class=\"wp-block-heading\">Soubory cookie a webov\u00e9 maj\u00e1ky<\/h2>\n\n<p>Stejn\u011b jako v\u0161echny ostatn\u00ed webov\u00e9 str\u00e1nky pou\u017e\u00edv\u00e1 i Tufting Gun Supplies soubory cookie. Tyto soubory cookie se pou\u017e\u00edvaj\u00ed k ukl\u00e1d\u00e1n\u00ed informac\u00ed v\u010detn\u011b preferenc\u00ed n\u00e1v\u0161t\u011bvn\u00edk\u016f a str\u00e1nek na webov\u00fdch str\u00e1nk\u00e1ch, kter\u00e9 n\u00e1v\u0161t\u011bvn\u00edk nav\u0161t\u00edvil. Tyto informace se pou\u017e\u00edvaj\u00ed k optimalizaci u\u017eivatelsk\u00e9ho prost\u0159ed\u00ed prost\u0159ednictv\u00edm p\u0159izp\u016fsoben\u00ed obsahu na\u0161ich webov\u00fdch str\u00e1nek na z\u00e1klad\u011b typu prohl\u00ed\u017ee\u010de n\u00e1v\u0161t\u011bvn\u00edka a\/nebo dal\u0161\u00edch informac\u00ed.<\/p>\n\n<h2 class=\"wp-block-heading\">Reklamn\u00ed partne\u0159i Z\u00e1sady ochrany osobn\u00edch \u00fadaj\u016f<\/h2>\n\n<p>V tomto seznamu naleznete z\u00e1sady ochrany osobn\u00edch \u00fadaj\u016f jednotliv\u00fdch reklamn\u00edch partner\u016f spole\u010dnosti Tufting Gun Supplies.<\/p>\n\n<p>Inzertn\u00ed servery nebo reklamn\u00ed s\u00edt\u011b t\u0159et\u00edch stran pou\u017e\u00edvaj\u00ed technologie, jako jsou cookies, JavaScript nebo webov\u00e9 maj\u00e1ky, kter\u00e9 se pou\u017e\u00edvaj\u00ed v p\u0159\u00edslu\u0161n\u00fdch reklam\u00e1ch a odkazech, kter\u00e9 se zobrazuj\u00ed na str\u00e1nk\u00e1ch Tufting Gun Supplies a kter\u00e9 jsou odes\u00edl\u00e1ny p\u0159\u00edmo do prohl\u00ed\u017ee\u010de u\u017eivatele. V takov\u00e9m p\u0159\u00edpad\u011b automaticky obdr\u017e\u00ed va\u0161i IP adresu. Tyto technologie se pou\u017e\u00edvaj\u00ed k m\u011b\u0159en\u00ed \u00fa\u010dinnosti jejich reklamn\u00edch kampan\u00ed a\/nebo k personalizaci reklamn\u00edho obsahu, kter\u00fd se zobrazuje na nav\u0161t\u00edven\u00fdch webov\u00fdch str\u00e1nk\u00e1ch.<\/p>\n\n<p>V\u0161imn\u011bte si, \u017ee spole\u010dnost Tufting Gun Supplies nem\u00e1 p\u0159\u00edstup k t\u011bmto soubor\u016fm cookie, kter\u00e9 pou\u017e\u00edvaj\u00ed inzerenti t\u0159et\u00edch stran, ani nad nimi nem\u00e1 kontrolu.<\/p>\n\n<h2 class=\"wp-block-heading\">Z\u00e1sady ochrany osobn\u00edch \u00fadaj\u016f t\u0159et\u00edch stran<\/h2>\n\n<p>Z\u00e1sady ochrany osobn\u00edch \u00fadaj\u016f spole\u010dnosti Tufting Gun Supplies se nevztahuj\u00ed na jin\u00e9 inzerenty nebo webov\u00e9 str\u00e1nky. Doporu\u010dujeme v\u00e1m proto, abyste si prostudovali p\u0159\u00edslu\u0161n\u00e9 z\u00e1sady ochrany osobn\u00edch \u00fadaj\u016f t\u011bchto reklamn\u00edch server\u016f t\u0159et\u00edch stran, kde najdete podrobn\u011bj\u0161\u00ed informace. M\u016f\u017ee obsahovat jejich postupy a pokyny, jak se z ur\u010dit\u00fdch mo\u017enost\u00ed odhl\u00e1sit.<\/p>\n\n<p>Soubory cookie m\u016f\u017eete zak\u00e1zat v individu\u00e1ln\u00edch mo\u017enostech prohl\u00ed\u017ee\u010de. Podrobn\u011bj\u0161\u00ed informace o spr\u00e1v\u011b soubor\u016f cookie v konkr\u00e9tn\u00edch webov\u00fdch prohl\u00ed\u017ee\u010d\u00edch naleznete na p\u0159\u00edslu\u0161n\u00fdch webov\u00fdch str\u00e1nk\u00e1ch prohl\u00ed\u017ee\u010d\u016f.<\/p>\n\n<h2 class=\"wp-block-heading\">Pr\u00e1va na ochranu osobn\u00edch \u00fadaj\u016f CCPA (neprod\u00e1vejte m\u00e9 osobn\u00ed \u00fadaje)<\/h2>\n\n<p>Podle CCPA maj\u00ed kaliforn\u0161t\u00ed spot\u0159ebitel\u00e9 mimo jin\u00e9 pr\u00e1vo na:<\/p>\n\n<p>po\u017eadovat, aby podnik, kter\u00fd shroma\u017e\u010fuje osobn\u00ed \u00fadaje spot\u0159ebitel\u016f, zve\u0159ejnil kategorie a konkr\u00e9tn\u00ed osobn\u00ed \u00fadaje, kter\u00e9 o spot\u0159ebitel\u00edch shrom\u00e1\u017edil.<\/p>\n\n<p>po\u017eadovat, aby podnik vymazal v\u0161echny osobn\u00ed \u00fadaje o spot\u0159ebiteli, kter\u00e9 podnik shrom\u00e1\u017edil.<\/p>\n\n<p>po\u017eadovat, aby podnik, kter\u00fd prod\u00e1v\u00e1 osobn\u00ed \u00fadaje spot\u0159ebitele, neprod\u00e1val osobn\u00ed \u00fadaje spot\u0159ebitele.<\/p>\n\n<p>Pokud pod\u00e1te \u017e\u00e1dost, m\u00e1me jeden m\u011bs\u00edc na odpov\u011b\u010f. Pokud chcete uplatnit n\u011bkter\u00e9 z t\u011bchto pr\u00e1v, kontaktujte n\u00e1s.<\/p>\n\n<h2 class=\"wp-block-heading\">Pr\u00e1va na ochranu \u00fadaj\u016f podle GDPR<\/h2>\n\n<p>R\u00e1di bychom se ujistili, \u017ee jste si pln\u011b v\u011bdomi v\u0161ech sv\u00fdch pr\u00e1v na ochranu osobn\u00edch \u00fadaj\u016f. Ka\u017ed\u00fd u\u017eivatel m\u00e1 n\u00e1rok na:<\/p>\n\n<p>Pr\u00e1vo na p\u0159\u00edstup &#8211; M\u00e1te pr\u00e1vo po\u017e\u00e1dat o kopie sv\u00fdch osobn\u00edch \u00fadaj\u016f. Za tuto slu\u017ebu v\u00e1m m\u016f\u017eeme \u00fa\u010dtovat mal\u00fd poplatek.<\/p>\n\n<p>Pr\u00e1vo na opravu &#8211; m\u00e1te pr\u00e1vo po\u017e\u00e1dat n\u00e1s o opravu jak\u00fdchkoli informac\u00ed, o kter\u00fdch se domn\u00edv\u00e1te, \u017ee jsou nep\u0159esn\u00e9. M\u00e1te tak\u00e9 pr\u00e1vo po\u017e\u00e1dat o dopln\u011bn\u00ed informac\u00ed, kter\u00e9 pova\u017eujete za ne\u00fapln\u00e9.<\/p>\n\n<p>Pr\u00e1vo na v\u00fdmaz &#8211; za ur\u010dit\u00fdch podm\u00ednek m\u00e1te pr\u00e1vo po\u017eadovat, abychom va\u0161e osobn\u00ed \u00fadaje vymazali.<\/p>\n\n<p>Pr\u00e1vo na omezen\u00ed zpracov\u00e1n\u00ed &#8211; m\u00e1te pr\u00e1vo po\u017eadovat, abychom za ur\u010dit\u00fdch podm\u00ednek omezili zpracov\u00e1n\u00ed va\u0161ich osobn\u00edch \u00fadaj\u016f.<\/p>\n\n<p>Pr\u00e1vo vzn\u00e9st n\u00e1mitku proti zpracov\u00e1n\u00ed &#8211; za ur\u010dit\u00fdch podm\u00ednek m\u00e1te pr\u00e1vo vzn\u00e9st n\u00e1mitku proti zpracov\u00e1n\u00ed va\u0161ich osobn\u00edch \u00fadaj\u016f.<\/p>\n\n<p>Pr\u00e1vo na p\u0159enositelnost \u00fadaj\u016f &#8211; m\u00e1te pr\u00e1vo po\u017e\u00e1dat, abychom za ur\u010dit\u00fdch podm\u00ednek p\u0159edali \u00fadaje, kter\u00e9 jsme shrom\u00e1\u017edili, jin\u00e9 organizaci nebo p\u0159\u00edmo v\u00e1m.<\/p>\n\n<p>Pokud pod\u00e1te \u017e\u00e1dost, m\u00e1me jeden m\u011bs\u00edc na odpov\u011b\u010f. Pokud chcete uplatnit n\u011bkter\u00e9 z t\u011bchto pr\u00e1v, kontaktujte n\u00e1s.<\/p>\n\n<h2 class=\"wp-block-heading\">Informace pro d\u011bti<\/h2>\n\n<p>Dal\u0161\u00ed na\u0161\u00ed prioritou je ochrana d\u011bt\u00ed p\u0159i pou\u017e\u00edv\u00e1n\u00ed internetu. Doporu\u010dujeme rodi\u010d\u016fm a opatrovn\u00edk\u016fm, aby sledovali, \u00fa\u010dastnili se a\/nebo monitorovali a \u0159\u00eddili jejich online aktivity.<\/p>\n\n<p>Spole\u010dnost Tufting Gun Supplies v\u011bdom\u011b neshroma\u017e\u010fuje \u017e\u00e1dn\u00e9 osobn\u00ed \u00fadaje od d\u011bt\u00ed mlad\u0161\u00edch 13 let. Pokud se domn\u00edv\u00e1te, \u017ee va\u0161e d\u00edt\u011b poskytlo na na\u0161ich webov\u00fdch str\u00e1nk\u00e1ch takov\u00e9 informace, doporu\u010dujeme v\u00e1m, abyste n\u00e1s neprodlen\u011b kontaktovali a my se vynasna\u017e\u00edme takov\u00e9 informace z na\u0161ich z\u00e1znam\u016f neprodlen\u011b odstranit.<\/p>\n","protected":false},"excerpt":{"rendered":"<p>Ve spole\u010dnosti Tufting Gun Supplies, dostupn\u00e9 z https:\/\/ohmytuft.com\/, je jednou z na\u0161ich hlavn\u00edch priorit ochrana soukrom\u00ed n\u00e1v\u0161t\u011bvn\u00edk\u016f. Tento dokument o z\u00e1sad\u00e1ch ochrany osobn\u00edch \u00fadaj\u016f obsahuje typy informac\u00ed, kter\u00e9 spole\u010dnost Tufting Gun Supplies shroma\u017e\u010fuje a zaznamen\u00e1v\u00e1, a zp\u016fsob jejich pou\u017eit\u00ed. Pokud m\u00e1te dal\u0161\u00ed ot\u00e1zky nebo pot\u0159ebujete dal\u0161\u00ed informace o na\u0161ich z\u00e1sad\u00e1ch ochrany osobn\u00edch \u00fadaj\u016f, nev\u00e1hejte n\u00e1s [&hellip;]<\/p>\n","protected":false},"author":3,"featured_media":0,"parent":0,"menu_order":0,"comment_status":"closed","ping_status":"open","template":"","meta":{"_joinchat":[],"footnotes":""},"class_list":["post-6691","page","type-page","status-publish","hentry"],"yoast_head":"<!-- This site is optimized with the Yoast SEO plugin v27.2 - https:\/\/yoast.com\/product\/yoast-seo-wordpress\/ -->\n<title>Z\u00e1sady ochrany osobn\u00edch \u00fadaj\u016f - Ohmytuft.com<\/title>\n<meta name=\"robots\" content=\"noindex, follow\" \/>\n<meta property=\"og:locale\" content=\"cs_CZ\" \/>\n<meta property=\"og:type\" content=\"article\" \/>\n<meta property=\"og:title\" content=\"Z\u00e1sady ochrany osobn\u00edch \u00fadaj\u016f - Ohmytuft.com\" \/>\n<meta property=\"og:description\" content=\"Ve spole\u010dnosti Tufting Gun Supplies, dostupn\u00e9 z https:\/\/ohmytuft.com\/, je jednou z na\u0161ich hlavn\u00edch priorit ochrana soukrom\u00ed n\u00e1v\u0161t\u011bvn\u00edk\u016f. Tento dokument o z\u00e1sad\u00e1ch ochrany osobn\u00edch \u00fadaj\u016f obsahuje typy informac\u00ed, kter\u00e9 spole\u010dnost Tufting Gun Supplies shroma\u017e\u010fuje a zaznamen\u00e1v\u00e1, a zp\u016fsob jejich pou\u017eit\u00ed. Pokud m\u00e1te dal\u0161\u00ed ot\u00e1zky nebo pot\u0159ebujete dal\u0161\u00ed informace o na\u0161ich z\u00e1sad\u00e1ch ochrany osobn\u00edch \u00fadaj\u016f, nev\u00e1hejte n\u00e1s [&hellip;]\" \/>\n<meta property=\"og:url\" content=\"https:\/\/ohmytuft.com\/cs\/zasady-ochrany-osobnich-udaju\/\" \/>\n<meta property=\"og:site_name\" content=\"Ohmytuft.com\" \/>\n<meta property=\"article:modified_time\" content=\"2024-03-13T18:43:58+00:00\" \/>\n<meta name=\"twitter:card\" content=\"summary_large_image\" \/>\n<meta name=\"twitter:label1\" content=\"Odhadovan\u00e1 doba \u010dten\u00ed\" \/>\n\t<meta name=\"twitter:data1\" content=\"7 minut\" \/>\n<script type=\"application\/ld+json\" class=\"yoast-schema-graph\">{\"@context\":\"https:\/\/schema.org\",\"@graph\":[{\"@type\":\"WebPage\",\"@id\":\"https:\/\/ohmytuft.com\/cs\/zasady-ochrany-osobnich-udaju\/\",\"url\":\"https:\/\/ohmytuft.com\/cs\/zasady-ochrany-osobnich-udaju\/\",\"name\":\"Z\u00e1sady ochrany osobn\u00edch \u00fadaj\u016f - Ohmytuft.com\",\"isPartOf\":{\"@id\":\"https:\/\/ohmytuft.com\/cs\/#website\"},\"datePublished\":\"2020-10-06T14:03:14+00:00\",\"dateModified\":\"2024-03-13T18:43:58+00:00\",\"breadcrumb\":{\"@id\":\"https:\/\/ohmytuft.com\/cs\/zasady-ochrany-osobnich-udaju\/#breadcrumb\"},\"inLanguage\":\"cs\",\"potentialAction\":[{\"@type\":\"ReadAction\",\"target\":[\"https:\/\/ohmytuft.com\/cs\/zasady-ochrany-osobnich-udaju\/\"]}]},{\"@type\":\"BreadcrumbList\",\"@id\":\"https:\/\/ohmytuft.com\/cs\/zasady-ochrany-osobnich-udaju\/#breadcrumb\",\"itemListElement\":[{\"@type\":\"ListItem\",\"position\":1,\"name\":\"Home\",\"item\":\"https:\/\/ohmytuft.com\/cs\/\"},{\"@type\":\"ListItem\",\"position\":2,\"name\":\"Z\u00e1sady ochrany osobn\u00edch \u00fadaj\u016f\"}]},{\"@type\":\"WebSite\",\"@id\":\"https:\/\/ohmytuft.com\/cs\/#website\",\"url\":\"https:\/\/ohmytuft.com\/cs\/\",\"name\":\"Oh my tuft\",\"description\":\"Oh my tuft\",\"publisher\":{\"@id\":\"https:\/\/ohmytuft.com\/cs\/#organization\"},\"potentialAction\":[{\"@type\":\"SearchAction\",\"target\":{\"@type\":\"EntryPoint\",\"urlTemplate\":\"https:\/\/ohmytuft.com\/cs\/?s={search_term_string}\"},\"query-input\":{\"@type\":\"PropertyValueSpecification\",\"valueRequired\":true,\"valueName\":\"search_term_string\"}}],\"inLanguage\":\"cs\"},{\"@type\":\"Organization\",\"@id\":\"https:\/\/ohmytuft.com\/cs\/#organization\",\"name\":\"Oh my tuft\",\"url\":\"https:\/\/ohmytuft.com\/cs\/\",\"logo\":{\"@type\":\"ImageObject\",\"inLanguage\":\"cs\",\"@id\":\"https:\/\/ohmytuft.com\/cs\/#\/schema\/logo\/image\/\",\"url\":\"https:\/\/ohmytuft.com\/wp-content\/uploads\/2021\/02\/WEB-20.png\",\"contentUrl\":\"https:\/\/ohmytuft.com\/wp-content\/uploads\/2021\/02\/WEB-20.png\",\"width\":2085,\"height\":764,\"caption\":\"Oh my tuft\"},\"image\":{\"@id\":\"https:\/\/ohmytuft.com\/cs\/#\/schema\/logo\/image\/\"},\"sameAs\":[\"https:\/\/www.instagram.com\/tuftinggunsupplies\/\",\"https:\/\/www.tiktok.com\/@tuftinggun\"]}]}<\/script>\n<!-- \/ Yoast SEO plugin. -->","yoast_head_json":{"title":"Z\u00e1sady ochrany osobn\u00edch \u00fadaj\u016f - Ohmytuft.com","robots":{"index":"noindex","follow":"follow"},"og_locale":"cs_CZ","og_type":"article","og_title":"Z\u00e1sady ochrany osobn\u00edch \u00fadaj\u016f - Ohmytuft.com","og_description":"Ve spole\u010dnosti Tufting Gun Supplies, dostupn\u00e9 z https:\/\/ohmytuft.com\/, je jednou z na\u0161ich hlavn\u00edch priorit ochrana soukrom\u00ed n\u00e1v\u0161t\u011bvn\u00edk\u016f. Tento dokument o z\u00e1sad\u00e1ch ochrany osobn\u00edch \u00fadaj\u016f obsahuje typy informac\u00ed, kter\u00e9 spole\u010dnost Tufting Gun Supplies shroma\u017e\u010fuje a zaznamen\u00e1v\u00e1, a zp\u016fsob jejich pou\u017eit\u00ed. Pokud m\u00e1te dal\u0161\u00ed ot\u00e1zky nebo pot\u0159ebujete dal\u0161\u00ed informace o na\u0161ich z\u00e1sad\u00e1ch ochrany osobn\u00edch \u00fadaj\u016f, nev\u00e1hejte n\u00e1s [&hellip;]","og_url":"https:\/\/ohmytuft.com\/cs\/zasady-ochrany-osobnich-udaju\/","og_site_name":"Ohmytuft.com","article_modified_time":"2024-03-13T18:43:58+00:00","twitter_card":"summary_large_image","twitter_misc":{"Odhadovan\u00e1 doba \u010dten\u00ed":"7 minut"},"schema":{"@context":"https:\/\/schema.org","@graph":[{"@type":"WebPage","@id":"https:\/\/ohmytuft.com\/cs\/zasady-ochrany-osobnich-udaju\/","url":"https:\/\/ohmytuft.com\/cs\/zasady-ochrany-osobnich-udaju\/","name":"Z\u00e1sady ochrany osobn\u00edch \u00fadaj\u016f - Ohmytuft.com","isPartOf":{"@id":"https:\/\/ohmytuft.com\/cs\/#website"},"datePublished":"2020-10-06T14:03:14+00:00","dateModified":"2024-03-13T18:43:58+00:00","breadcrumb":{"@id":"https:\/\/ohmytuft.com\/cs\/zasady-ochrany-osobnich-udaju\/#breadcrumb"},"inLanguage":"cs","potentialAction":[{"@type":"ReadAction","target":["https:\/\/ohmytuft.com\/cs\/zasady-ochrany-osobnich-udaju\/"]}]},{"@type":"BreadcrumbList","@id":"https:\/\/ohmytuft.com\/cs\/zasady-ochrany-osobnich-udaju\/#breadcrumb","itemListElement":[{"@type":"ListItem","position":1,"name":"Home","item":"https:\/\/ohmytuft.com\/cs\/"},{"@type":"ListItem","position":2,"name":"Z\u00e1sady ochrany osobn\u00edch \u00fadaj\u016f"}]},{"@type":"WebSite","@id":"https:\/\/ohmytuft.com\/cs\/#website","url":"https:\/\/ohmytuft.com\/cs\/","name":"Oh my tuft","description":"Oh my tuft","publisher":{"@id":"https:\/\/ohmytuft.com\/cs\/#organization"},"potentialAction":[{"@type":"SearchAction","target":{"@type":"EntryPoint","urlTemplate":"https:\/\/ohmytuft.com\/cs\/?s={search_term_string}"},"query-input":{"@type":"PropertyValueSpecification","valueRequired":true,"valueName":"search_term_string"}}],"inLanguage":"cs"},{"@type":"Organization","@id":"https:\/\/ohmytuft.com\/cs\/#organization","name":"Oh my tuft","url":"https:\/\/ohmytuft.com\/cs\/","logo":{"@type":"ImageObject","inLanguage":"cs","@id":"https:\/\/ohmytuft.com\/cs\/#\/schema\/logo\/image\/","url":"https:\/\/ohmytuft.com\/wp-content\/uploads\/2021\/02\/WEB-20.png","contentUrl":"https:\/\/ohmytuft.com\/wp-content\/uploads\/2021\/02\/WEB-20.png","width":2085,"height":764,"caption":"Oh my tuft"},"image":{"@id":"https:\/\/ohmytuft.com\/cs\/#\/schema\/logo\/image\/"},"sameAs":["https:\/\/www.instagram.com\/tuftinggunsupplies\/","https:\/\/www.tiktok.com\/@tuftinggun"]}]}},"_links":{"self":[{"href":"https:\/\/ohmytuft.com\/cs\/wp-json\/wp\/v2\/pages\/6691","targetHints":{"allow":["GET"]}}],"collection":[{"href":"https:\/\/ohmytuft.com\/cs\/wp-json\/wp\/v2\/pages"}],"about":[{"href":"https:\/\/ohmytuft.com\/cs\/wp-json\/wp\/v2\/types\/page"}],"author":[{"embeddable":true,"href":"https:\/\/ohmytuft.com\/cs\/wp-json\/wp\/v2\/users\/3"}],"replies":[{"embeddable":true,"href":"https:\/\/ohmytuft.com\/cs\/wp-json\/wp\/v2\/comments?post=6691"}],"version-history":[{"count":0,"href":"https:\/\/ohmytuft.com\/cs\/wp-json\/wp\/v2\/pages\/6691\/revisions"}],"wp:attachment":[{"href":"https:\/\/ohmytuft.com\/cs\/wp-json\/wp\/v2\/media?parent=6691"}],"curies":[{"name":"wp","href":"https:\/\/api.w.org\/{rel}","templated":true}]}}