{"id":4212,"date":"2023-06-02T14:24:33","date_gmt":"2023-06-02T14:24:33","guid":{"rendered":"https:\/\/ohmytuft.com\/product\/podkladova-tkanina-200x200cm\/"},"modified":"2023-06-02T14:24:33","modified_gmt":"2023-06-02T14:24:33","slug":"podkladova-tkanina-200x200cm","status":"publish","type":"product","link":"https:\/\/ohmytuft.com\/cs\/produkt\/podkladova-tkanina-200x200cm\/","title":{"rendered":"Podkladov\u00e1 tkanina 200x200cm"},"content":{"rendered":"","protected":false},"excerpt":{"rendered":"<p><strong>Dokon\u010dete sv\u00e9 projekty v\u0161\u00edv\u00e1n\u00ed pomoc\u00ed na\u0161\u00ed pru\u017en\u00e9 a vysoce kvalitn\u00ed l\u00e1tky.<\/strong><\/p>\n<ul>\n<li>Je odoln\u011bj\u0161\u00ed ne\u017e jin\u00e9 podkladov\u00e9 tkaniny.<\/li>\n<li>Pou\u017e\u00edv\u00e1 se v profesion\u00e1ln\u00edm pr\u016fmyslu.<\/li>\n<li>V tkanin\u011b jsou vetk\u00e1ny vyzna\u010den\u00e9 \u010d\u00e1ry, kter\u00e9 pom\u00e1haj\u00ed p\u0159i zna\u010den\u00ed a v\u0161\u00edv\u00e1n\u00ed.<\/li>\n<\/ul>\n<p>Pokud pot\u0159ebujete v\u011bt\u0161\u00ed kus ne\u017e 200&#215;200, <strong>kontaktujte n\u00e1s<\/strong>.<\/p>\n","protected":false},"featured_media":3511,"comment_status":"open","ping_status":"closed","template":"","meta":{"_joinchat":[]},"product_brand":[],"product_cat":[246,245],"product_tag":[],"class_list":{"0":"post-4212","1":"product","2":"type-product","3":"status-publish","4":"has-post-thumbnail","6":"product_cat-podkladova-tuftovaci-tkanina","7":"product_cat-tuftovaci-tkanina","9":"first","10":"instock","11":"taxable","12":"shipping-taxable","13":"purchasable","14":"product-type-simple"},"yoast_head":"<!-- This site is optimized with the Yoast SEO plugin v27.2 - https:\/\/yoast.com\/product\/yoast-seo-wordpress\/ -->\n<title>Podkladov\u00e1 tkanina 200x200cm - Ohmytuft.com<\/title>\n<meta name=\"robots\" content=\"index, follow, max-snippet:-1, max-image-preview:large, max-video-preview:-1\" \/>\n<link rel=\"canonical\" href=\"https:\/\/ohmytuft.com\/cs\/produkt\/podkladova-tkanina-200x200cm\/\" \/>\n<meta property=\"og:locale\" content=\"cs_CZ\" \/>\n<meta property=\"og:type\" content=\"article\" \/>\n<meta property=\"og:title\" content=\"Podkladov\u00e1 tkanina 200x200cm - Ohmytuft.com\" \/>\n<meta property=\"og:description\" content=\"Dokon\u010dete sv\u00e9 projekty v\u0161\u00edv\u00e1n\u00ed pomoc\u00ed na\u0161\u00ed pru\u017en\u00e9 a vysoce kvalitn\u00ed l\u00e1tky.  Je odoln\u011bj\u0161\u00ed ne\u017e jin\u00e9 podkladov\u00e9 tkaniny.  Pou\u017e\u00edv\u00e1 se v profesion\u00e1ln\u00edm pr\u016fmyslu.  V tkanin\u011b jsou vetk\u00e1ny vyzna\u010den\u00e9 \u010d\u00e1ry, kter\u00e9 pom\u00e1haj\u00ed p\u0159i zna\u010den\u00ed a v\u0161\u00edv\u00e1n\u00ed. Pokud pot\u0159ebujete v\u011bt\u0161\u00ed kus ne\u017e 200x200, kontaktujte n\u00e1s.\" \/>\n<meta property=\"og:url\" content=\"https:\/\/ohmytuft.com\/cs\/produkt\/podkladova-tkanina-200x200cm\/\" \/>\n<meta property=\"og:site_name\" content=\"Ohmytuft.com\" \/>\n<meta property=\"og:image\" content=\"https:\/\/ohmytuft.com\/wp-content\/uploads\/2023\/06\/backing-tufting-cloth.png\" \/>\n\t<meta property=\"og:image:width\" content=\"800\" \/>\n\t<meta property=\"og:image:height\" content=\"800\" \/>\n\t<meta property=\"og:image:type\" content=\"image\/png\" \/>\n<meta name=\"twitter:card\" content=\"summary_large_image\" \/>\n<script type=\"application\/ld+json\" class=\"yoast-schema-graph\">{\"@context\":\"https:\/\/schema.org\",\"@graph\":[{\"@type\":\"WebPage\",\"@id\":\"https:\/\/ohmytuft.com\/cs\/produkt\/podkladova-tkanina-200x200cm\/\",\"url\":\"https:\/\/ohmytuft.com\/cs\/produkt\/podkladova-tkanina-200x200cm\/\",\"name\":\"Podkladov\u00e1 tkanina 200x200cm - Ohmytuft.com\",\"isPartOf\":{\"@id\":\"https:\/\/ohmytuft.com\/cs\/#website\"},\"primaryImageOfPage\":{\"@id\":\"https:\/\/ohmytuft.com\/cs\/produkt\/podkladova-tkanina-200x200cm\/#primaryimage\"},\"image\":{\"@id\":\"https:\/\/ohmytuft.com\/cs\/produkt\/podkladova-tkanina-200x200cm\/#primaryimage\"},\"thumbnailUrl\":\"https:\/\/ohmytuft.com\/wp-content\/uploads\/2023\/06\/backing-tufting-cloth.png\",\"datePublished\":\"2023-06-02T14:24:33+00:00\",\"breadcrumb\":{\"@id\":\"https:\/\/ohmytuft.com\/cs\/produkt\/podkladova-tkanina-200x200cm\/#breadcrumb\"},\"inLanguage\":\"cs\",\"potentialAction\":[{\"@type\":\"ReadAction\",\"target\":[\"https:\/\/ohmytuft.com\/cs\/produkt\/podkladova-tkanina-200x200cm\/\"]}]},{\"@type\":\"ImageObject\",\"inLanguage\":\"cs\",\"@id\":\"https:\/\/ohmytuft.com\/cs\/produkt\/podkladova-tkanina-200x200cm\/#primaryimage\",\"url\":\"https:\/\/ohmytuft.com\/wp-content\/uploads\/2023\/06\/backing-tufting-cloth.png\",\"contentUrl\":\"https:\/\/ohmytuft.com\/wp-content\/uploads\/2023\/06\/backing-tufting-cloth.png\",\"width\":800,\"height\":800,\"caption\":\"backing tufting\"},{\"@type\":\"BreadcrumbList\",\"@id\":\"https:\/\/ohmytuft.com\/cs\/produkt\/podkladova-tkanina-200x200cm\/#breadcrumb\",\"itemListElement\":[{\"@type\":\"ListItem\",\"position\":1,\"name\":\"Home\",\"item\":\"https:\/\/ohmytuft.com\/cs\/\"},{\"@type\":\"ListItem\",\"position\":2,\"name\":\"Shop\",\"item\":\"https:\/\/ohmytuft.com\/cs\/shop-2\/\"},{\"@type\":\"ListItem\",\"position\":3,\"name\":\"Podkladov\u00e1 tkanina 200x200cm\"}]},{\"@type\":\"WebSite\",\"@id\":\"https:\/\/ohmytuft.com\/cs\/#website\",\"url\":\"https:\/\/ohmytuft.com\/cs\/\",\"name\":\"Oh my tuft\",\"description\":\"Oh my tuft\",\"publisher\":{\"@id\":\"https:\/\/ohmytuft.com\/cs\/#organization\"},\"potentialAction\":[{\"@type\":\"SearchAction\",\"target\":{\"@type\":\"EntryPoint\",\"urlTemplate\":\"https:\/\/ohmytuft.com\/cs\/?s={search_term_string}\"},\"query-input\":{\"@type\":\"PropertyValueSpecification\",\"valueRequired\":true,\"valueName\":\"search_term_string\"}}],\"inLanguage\":\"cs\"},{\"@type\":\"Organization\",\"@id\":\"https:\/\/ohmytuft.com\/cs\/#organization\",\"name\":\"Oh my tuft\",\"url\":\"https:\/\/ohmytuft.com\/cs\/\",\"logo\":{\"@type\":\"ImageObject\",\"inLanguage\":\"cs\",\"@id\":\"https:\/\/ohmytuft.com\/cs\/#\/schema\/logo\/image\/\",\"url\":\"https:\/\/ohmytuft.com\/wp-content\/uploads\/2021\/02\/WEB-20.png\",\"contentUrl\":\"https:\/\/ohmytuft.com\/wp-content\/uploads\/2021\/02\/WEB-20.png\",\"width\":2085,\"height\":764,\"caption\":\"Oh my tuft\"},\"image\":{\"@id\":\"https:\/\/ohmytuft.com\/cs\/#\/schema\/logo\/image\/\"},\"sameAs\":[\"https:\/\/www.instagram.com\/tuftinggunsupplies\/\",\"https:\/\/www.tiktok.com\/@tuftinggun\"]}]}<\/script>\n<!-- \/ Yoast SEO plugin. -->","yoast_head_json":{"title":"Podkladov\u00e1 tkanina 200x200cm - Ohmytuft.com","robots":{"index":"index","follow":"follow","max-snippet":"max-snippet:-1","max-image-preview":"max-image-preview:large","max-video-preview":"max-video-preview:-1"},"canonical":"https:\/\/ohmytuft.com\/cs\/produkt\/podkladova-tkanina-200x200cm\/","og_locale":"cs_CZ","og_type":"article","og_title":"Podkladov\u00e1 tkanina 200x200cm - Ohmytuft.com","og_description":"Dokon\u010dete sv\u00e9 projekty v\u0161\u00edv\u00e1n\u00ed pomoc\u00ed na\u0161\u00ed pru\u017en\u00e9 a vysoce kvalitn\u00ed l\u00e1tky.  Je odoln\u011bj\u0161\u00ed ne\u017e jin\u00e9 podkladov\u00e9 tkaniny.  Pou\u017e\u00edv\u00e1 se v profesion\u00e1ln\u00edm pr\u016fmyslu.  V tkanin\u011b jsou vetk\u00e1ny vyzna\u010den\u00e9 \u010d\u00e1ry, kter\u00e9 pom\u00e1haj\u00ed p\u0159i zna\u010den\u00ed a v\u0161\u00edv\u00e1n\u00ed. Pokud pot\u0159ebujete v\u011bt\u0161\u00ed kus ne\u017e 200x200, kontaktujte n\u00e1s.","og_url":"https:\/\/ohmytuft.com\/cs\/produkt\/podkladova-tkanina-200x200cm\/","og_site_name":"Ohmytuft.com","og_image":[{"width":800,"height":800,"url":"https:\/\/ohmytuft.com\/wp-content\/uploads\/2023\/06\/backing-tufting-cloth.png","type":"image\/png"}],"twitter_card":"summary_large_image","schema":{"@context":"https:\/\/schema.org","@graph":[{"@type":"WebPage","@id":"https:\/\/ohmytuft.com\/cs\/produkt\/podkladova-tkanina-200x200cm\/","url":"https:\/\/ohmytuft.com\/cs\/produkt\/podkladova-tkanina-200x200cm\/","name":"Podkladov\u00e1 tkanina 200x200cm - Ohmytuft.com","isPartOf":{"@id":"https:\/\/ohmytuft.com\/cs\/#website"},"primaryImageOfPage":{"@id":"https:\/\/ohmytuft.com\/cs\/produkt\/podkladova-tkanina-200x200cm\/#primaryimage"},"image":{"@id":"https:\/\/ohmytuft.com\/cs\/produkt\/podkladova-tkanina-200x200cm\/#primaryimage"},"thumbnailUrl":"https:\/\/ohmytuft.com\/wp-content\/uploads\/2023\/06\/backing-tufting-cloth.png","datePublished":"2023-06-02T14:24:33+00:00","breadcrumb":{"@id":"https:\/\/ohmytuft.com\/cs\/produkt\/podkladova-tkanina-200x200cm\/#breadcrumb"},"inLanguage":"cs","potentialAction":[{"@type":"ReadAction","target":["https:\/\/ohmytuft.com\/cs\/produkt\/podkladova-tkanina-200x200cm\/"]}]},{"@type":"ImageObject","inLanguage":"cs","@id":"https:\/\/ohmytuft.com\/cs\/produkt\/podkladova-tkanina-200x200cm\/#primaryimage","url":"https:\/\/ohmytuft.com\/wp-content\/uploads\/2023\/06\/backing-tufting-cloth.png","contentUrl":"https:\/\/ohmytuft.com\/wp-content\/uploads\/2023\/06\/backing-tufting-cloth.png","width":800,"height":800,"caption":"backing tufting"},{"@type":"BreadcrumbList","@id":"https:\/\/ohmytuft.com\/cs\/produkt\/podkladova-tkanina-200x200cm\/#breadcrumb","itemListElement":[{"@type":"ListItem","position":1,"name":"Home","item":"https:\/\/ohmytuft.com\/cs\/"},{"@type":"ListItem","position":2,"name":"Shop","item":"https:\/\/ohmytuft.com\/cs\/shop-2\/"},{"@type":"ListItem","position":3,"name":"Podkladov\u00e1 tkanina 200x200cm"}]},{"@type":"WebSite","@id":"https:\/\/ohmytuft.com\/cs\/#website","url":"https:\/\/ohmytuft.com\/cs\/","name":"Oh my tuft","description":"Oh my tuft","publisher":{"@id":"https:\/\/ohmytuft.com\/cs\/#organization"},"potentialAction":[{"@type":"SearchAction","target":{"@type":"EntryPoint","urlTemplate":"https:\/\/ohmytuft.com\/cs\/?s={search_term_string}"},"query-input":{"@type":"PropertyValueSpecification","valueRequired":true,"valueName":"search_term_string"}}],"inLanguage":"cs"},{"@type":"Organization","@id":"https:\/\/ohmytuft.com\/cs\/#organization","name":"Oh my tuft","url":"https:\/\/ohmytuft.com\/cs\/","logo":{"@type":"ImageObject","inLanguage":"cs","@id":"https:\/\/ohmytuft.com\/cs\/#\/schema\/logo\/image\/","url":"https:\/\/ohmytuft.com\/wp-content\/uploads\/2021\/02\/WEB-20.png","contentUrl":"https:\/\/ohmytuft.com\/wp-content\/uploads\/2021\/02\/WEB-20.png","width":2085,"height":764,"caption":"Oh my tuft"},"image":{"@id":"https:\/\/ohmytuft.com\/cs\/#\/schema\/logo\/image\/"},"sameAs":["https:\/\/www.instagram.com\/tuftinggunsupplies\/","https:\/\/www.tiktok.com\/@tuftinggun"]}]}},"_links":{"self":[{"href":"https:\/\/ohmytuft.com\/cs\/wp-json\/wp\/v2\/product\/4212","targetHints":{"allow":["GET"]}}],"collection":[{"href":"https:\/\/ohmytuft.com\/cs\/wp-json\/wp\/v2\/product"}],"about":[{"href":"https:\/\/ohmytuft.com\/cs\/wp-json\/wp\/v2\/types\/product"}],"replies":[{"embeddable":true,"href":"https:\/\/ohmytuft.com\/cs\/wp-json\/wp\/v2\/comments?post=4212"}],"wp:featuredmedia":[{"embeddable":true,"href":"https:\/\/ohmytuft.com\/cs\/wp-json\/wp\/v2\/media\/3511"}],"wp:attachment":[{"href":"https:\/\/ohmytuft.com\/cs\/wp-json\/wp\/v2\/media?parent=4212"}],"wp:term":[{"taxonomy":"product_brand","embeddable":true,"href":"https:\/\/ohmytuft.com\/cs\/wp-json\/wp\/v2\/product_brand?post=4212"},{"taxonomy":"product_cat","embeddable":true,"href":"https:\/\/ohmytuft.com\/cs\/wp-json\/wp\/v2\/product_cat?post=4212"},{"taxonomy":"product_tag","embeddable":true,"href":"https:\/\/ohmytuft.com\/cs\/wp-json\/wp\/v2\/product_tag?post=4212"}],"curies":[{"name":"wp","href":"https:\/\/api.w.org\/{rel}","templated":true}]}}