{"id":4219,"date":"2024-03-14T08:51:57","date_gmt":"2024-03-14T08:51:57","guid":{"rendered":"https:\/\/ohmytuft.com\/product\/hand-tufting-gun-2-in-1-loop-cut\/"},"modified":"2022-03-14T08:51:57","modified_gmt":"2022-03-14T08:51:57","slug":"hand-tufting-gun-2-in-1-loop-cut","status":"publish","type":"product","link":"https:\/\/ohmytuft.com\/cs\/produkt\/hand-tufting-gun-2-in-1-loop-cut\/","title":{"rendered":"Hand Tufting Gun 2-in-1 Loop &amp; Cut"},"content":{"rendered":"","protected":false},"excerpt":{"rendered":"<p><b>Elektrick\u00e1 ru\u010dn\u00ed v\u0161\u00edvac\u00ed pistole 2 v 1 Loop and Cut pile.<\/b><\/p>\n<ul>\n<li>100- 240 V se z\u00e1str\u010dkou Europlug<\/li>\n<li>Nastaviteln\u00e1 v\u00fd\u0161ka vlasu: 7-21 mm<\/li>\n<li>Hmotnost: 1,40 kg<\/li>\n<li>Nastaviteln\u00e1 rychlost: Rychlost: 5-40 steh\u016f\/sec a nastaviteln\u00e1. Rychlost m\u016f\u017eete podrobn\u011bji kontrolovat.<\/li>\n<li>Vym\u011bniteln\u00e9 n\u016f\u017eky Loop &amp; Cut<\/li>\n<li>Black Edition<\/li>\n<\/ul>\n<p>Tento stroj se snadno u\u010d\u00ed a pou\u017e\u00edv\u00e1. V\u00fdukov\u00e9 programy ji\u017e brzy!<br \/>\nPravideln\u00e1 \u00fadr\u017eba zajist\u00ed del\u0161\u00ed \u017eivotnost n\u00e1stroje.<\/p>\n<p><strong>Balen\u00ed obsahuje:<\/strong><\/p>\n<ul>\n<li>Strojek na tuftov\u00e1n\u00ed s pistol\u00ed<\/li>\n<li>AC\/DC adapt\u00e9r se z\u00e1str\u010dkou Europlug<\/li>\n<li>n\u00e1\u0159ad\u00ed a \u0161rouby pro \u00fadr\u017ebu<\/li>\n<li>Jehlov\u00fd navl\u00e9ka\u010d<\/li>\n<li>2 n\u016f\u017eky na st\u0159\u00edh\u00e1n\u00ed + 1 n\u016f\u017eky na smy\u010dky<\/li>\n<\/ul>\n<p>Bezpe\u010dnost p\u0159edev\u0161\u00edm!<br \/>\nPou\u017e\u00edvejte ochranu sluchu a o\u010d\u00ed.<br \/>\nVyh\u00fdbejte se p\u0159evod\u016fm a mechanism\u016fm.<br \/>\nVypn\u011bte nap\u00e1jen\u00ed, pokud jej nepou\u017e\u00edv\u00e1te.<\/p>\n","protected":false},"featured_media":816,"comment_status":"open","ping_status":"closed","template":"","meta":{"_joinchat":[]},"product_brand":[],"product_cat":[248],"product_tag":[],"class_list":{"0":"post-4219","1":"product","2":"type-product","3":"status-publish","4":"has-post-thumbnail","6":"product_cat-tuftovaci-pistole","8":"first","9":"onbackorder","10":"sale","11":"taxable","12":"shipping-taxable","13":"purchasable","14":"product-type-simple"},"yoast_head":"<!-- This site is optimized with the Yoast SEO plugin v27.2 - https:\/\/yoast.com\/product\/yoast-seo-wordpress\/ -->\n<title>Hand Tufting Gun 2-in-1 Loop &amp; Cut - Ohmytuft.com<\/title>\n<meta name=\"robots\" content=\"index, follow, max-snippet:-1, max-image-preview:large, max-video-preview:-1\" \/>\n<link rel=\"canonical\" href=\"https:\/\/ohmytuft.com\/cs\/produkt\/hand-tufting-gun-2-in-1-loop-cut\/\" \/>\n<meta property=\"og:locale\" content=\"cs_CZ\" \/>\n<meta property=\"og:type\" content=\"article\" \/>\n<meta property=\"og:title\" content=\"Hand Tufting Gun 2-in-1 Loop &amp; Cut - Ohmytuft.com\" \/>\n<meta property=\"og:description\" content=\"Elektrick\u00e1 ru\u010dn\u00ed v\u0161\u00edvac\u00ed pistole 2 v 1 Loop and Cut pile.  100- 240 V se z\u00e1str\u010dkou Europlug  Nastaviteln\u00e1 v\u00fd\u0161ka vlasu: 7-21 mm  Hmotnost: 1,40 kg  Nastaviteln\u00e1 rychlost: Rychlost: 5-40 steh\u016f\/sec a nastaviteln\u00e1. Rychlost m\u016f\u017eete podrobn\u011bji kontrolovat.  Vym\u011bniteln\u00e9 n\u016f\u017eky Loop &amp; Cut  Black Edition Tento stroj se snadno u\u010d\u00ed a pou\u017e\u00edv\u00e1. V\u00fdukov\u00e9 programy ji\u017e brzy! Pravideln\u00e1 \u00fadr\u017eba zajist\u00ed del\u0161\u00ed \u017eivotnost n\u00e1stroje. Balen\u00ed obsahuje:  Strojek na tuftov\u00e1n\u00ed s pistol\u00ed  AC\/DC adapt\u00e9r se z\u00e1str\u010dkou Europlug  n\u00e1\u0159ad\u00ed a \u0161rouby pro \u00fadr\u017ebu  Jehlov\u00fd navl\u00e9ka\u010d  2 n\u016f\u017eky na st\u0159\u00edh\u00e1n\u00ed + 1 n\u016f\u017eky na smy\u010dky Bezpe\u010dnost p\u0159edev\u0161\u00edm! Pou\u017e\u00edvejte ochranu sluchu a o\u010d\u00ed. Vyh\u00fdbejte se p\u0159evod\u016fm a mechanism\u016fm. Vypn\u011bte nap\u00e1jen\u00ed, pokud jej nepou\u017e\u00edv\u00e1te.\" \/>\n<meta property=\"og:url\" content=\"https:\/\/ohmytuft.com\/cs\/produkt\/hand-tufting-gun-2-in-1-loop-cut\/\" \/>\n<meta property=\"og:site_name\" content=\"Ohmytuft.com\" \/>\n<meta property=\"og:image\" content=\"https:\/\/ohmytuft.com\/wp-content\/uploads\/2022\/03\/tuftinggunsupplies_europe_tufting_gun_loop_cut_01.jpg\" \/>\n\t<meta property=\"og:image:width\" content=\"1200\" \/>\n\t<meta property=\"og:image:height\" content=\"1200\" \/>\n\t<meta property=\"og:image:type\" content=\"image\/jpeg\" \/>\n<meta name=\"twitter:card\" content=\"summary_large_image\" \/>\n<script type=\"application\/ld+json\" class=\"yoast-schema-graph\">{\"@context\":\"https:\/\/schema.org\",\"@graph\":[{\"@type\":\"WebPage\",\"@id\":\"https:\/\/ohmytuft.com\/cs\/produkt\/hand-tufting-gun-2-in-1-loop-cut\/\",\"url\":\"https:\/\/ohmytuft.com\/cs\/produkt\/hand-tufting-gun-2-in-1-loop-cut\/\",\"name\":\"Hand Tufting Gun 2-in-1 Loop &amp; Cut - Ohmytuft.com\",\"isPartOf\":{\"@id\":\"https:\/\/ohmytuft.com\/cs\/#website\"},\"primaryImageOfPage\":{\"@id\":\"https:\/\/ohmytuft.com\/cs\/produkt\/hand-tufting-gun-2-in-1-loop-cut\/#primaryimage\"},\"image\":{\"@id\":\"https:\/\/ohmytuft.com\/cs\/produkt\/hand-tufting-gun-2-in-1-loop-cut\/#primaryimage\"},\"thumbnailUrl\":\"https:\/\/ohmytuft.com\/wp-content\/uploads\/2022\/03\/tuftinggunsupplies_europe_tufting_gun_loop_cut_01.jpg\",\"datePublished\":\"2024-03-14T08:51:57+00:00\",\"breadcrumb\":{\"@id\":\"https:\/\/ohmytuft.com\/cs\/produkt\/hand-tufting-gun-2-in-1-loop-cut\/#breadcrumb\"},\"inLanguage\":\"cs\",\"potentialAction\":[{\"@type\":\"ReadAction\",\"target\":[\"https:\/\/ohmytuft.com\/cs\/produkt\/hand-tufting-gun-2-in-1-loop-cut\/\"]}]},{\"@type\":\"ImageObject\",\"inLanguage\":\"cs\",\"@id\":\"https:\/\/ohmytuft.com\/cs\/produkt\/hand-tufting-gun-2-in-1-loop-cut\/#primaryimage\",\"url\":\"https:\/\/ohmytuft.com\/wp-content\/uploads\/2022\/03\/tuftinggunsupplies_europe_tufting_gun_loop_cut_01.jpg\",\"contentUrl\":\"https:\/\/ohmytuft.com\/wp-content\/uploads\/2022\/03\/tuftinggunsupplies_europe_tufting_gun_loop_cut_01.jpg\",\"width\":1200,\"height\":1200},{\"@type\":\"BreadcrumbList\",\"@id\":\"https:\/\/ohmytuft.com\/cs\/produkt\/hand-tufting-gun-2-in-1-loop-cut\/#breadcrumb\",\"itemListElement\":[{\"@type\":\"ListItem\",\"position\":1,\"name\":\"Home\",\"item\":\"https:\/\/ohmytuft.com\/cs\/\"},{\"@type\":\"ListItem\",\"position\":2,\"name\":\"Shop\",\"item\":\"https:\/\/ohmytuft.com\/cs\/shop-2\/\"},{\"@type\":\"ListItem\",\"position\":3,\"name\":\"Hand Tufting Gun 2-in-1 Loop &amp; Cut\"}]},{\"@type\":\"WebSite\",\"@id\":\"https:\/\/ohmytuft.com\/cs\/#website\",\"url\":\"https:\/\/ohmytuft.com\/cs\/\",\"name\":\"Oh my tuft\",\"description\":\"Oh my tuft\",\"publisher\":{\"@id\":\"https:\/\/ohmytuft.com\/cs\/#organization\"},\"potentialAction\":[{\"@type\":\"SearchAction\",\"target\":{\"@type\":\"EntryPoint\",\"urlTemplate\":\"https:\/\/ohmytuft.com\/cs\/?s={search_term_string}\"},\"query-input\":{\"@type\":\"PropertyValueSpecification\",\"valueRequired\":true,\"valueName\":\"search_term_string\"}}],\"inLanguage\":\"cs\"},{\"@type\":\"Organization\",\"@id\":\"https:\/\/ohmytuft.com\/cs\/#organization\",\"name\":\"Oh my tuft\",\"url\":\"https:\/\/ohmytuft.com\/cs\/\",\"logo\":{\"@type\":\"ImageObject\",\"inLanguage\":\"cs\",\"@id\":\"https:\/\/ohmytuft.com\/cs\/#\/schema\/logo\/image\/\",\"url\":\"https:\/\/ohmytuft.com\/wp-content\/uploads\/2021\/02\/WEB-20.png\",\"contentUrl\":\"https:\/\/ohmytuft.com\/wp-content\/uploads\/2021\/02\/WEB-20.png\",\"width\":2085,\"height\":764,\"caption\":\"Oh my tuft\"},\"image\":{\"@id\":\"https:\/\/ohmytuft.com\/cs\/#\/schema\/logo\/image\/\"},\"sameAs\":[\"https:\/\/www.instagram.com\/tuftinggunsupplies\/\",\"https:\/\/www.tiktok.com\/@tuftinggun\"]}]}<\/script>\n<!-- \/ Yoast SEO plugin. -->","yoast_head_json":{"title":"Hand Tufting Gun 2-in-1 Loop &amp; Cut - Ohmytuft.com","robots":{"index":"index","follow":"follow","max-snippet":"max-snippet:-1","max-image-preview":"max-image-preview:large","max-video-preview":"max-video-preview:-1"},"canonical":"https:\/\/ohmytuft.com\/cs\/produkt\/hand-tufting-gun-2-in-1-loop-cut\/","og_locale":"cs_CZ","og_type":"article","og_title":"Hand Tufting Gun 2-in-1 Loop &amp; Cut - Ohmytuft.com","og_description":"Elektrick\u00e1 ru\u010dn\u00ed v\u0161\u00edvac\u00ed pistole 2 v 1 Loop and Cut pile.  100- 240 V se z\u00e1str\u010dkou Europlug  Nastaviteln\u00e1 v\u00fd\u0161ka vlasu: 7-21 mm  Hmotnost: 1,40 kg  Nastaviteln\u00e1 rychlost: Rychlost: 5-40 steh\u016f\/sec a nastaviteln\u00e1. Rychlost m\u016f\u017eete podrobn\u011bji kontrolovat.  Vym\u011bniteln\u00e9 n\u016f\u017eky Loop &amp; Cut  Black Edition Tento stroj se snadno u\u010d\u00ed a pou\u017e\u00edv\u00e1. V\u00fdukov\u00e9 programy ji\u017e brzy! Pravideln\u00e1 \u00fadr\u017eba zajist\u00ed del\u0161\u00ed \u017eivotnost n\u00e1stroje. Balen\u00ed obsahuje:  Strojek na tuftov\u00e1n\u00ed s pistol\u00ed  AC\/DC adapt\u00e9r se z\u00e1str\u010dkou Europlug  n\u00e1\u0159ad\u00ed a \u0161rouby pro \u00fadr\u017ebu  Jehlov\u00fd navl\u00e9ka\u010d  2 n\u016f\u017eky na st\u0159\u00edh\u00e1n\u00ed + 1 n\u016f\u017eky na smy\u010dky Bezpe\u010dnost p\u0159edev\u0161\u00edm! Pou\u017e\u00edvejte ochranu sluchu a o\u010d\u00ed. Vyh\u00fdbejte se p\u0159evod\u016fm a mechanism\u016fm. Vypn\u011bte nap\u00e1jen\u00ed, pokud jej nepou\u017e\u00edv\u00e1te.","og_url":"https:\/\/ohmytuft.com\/cs\/produkt\/hand-tufting-gun-2-in-1-loop-cut\/","og_site_name":"Ohmytuft.com","og_image":[{"width":1200,"height":1200,"url":"https:\/\/ohmytuft.com\/wp-content\/uploads\/2022\/03\/tuftinggunsupplies_europe_tufting_gun_loop_cut_01.jpg","type":"image\/jpeg"}],"twitter_card":"summary_large_image","schema":{"@context":"https:\/\/schema.org","@graph":[{"@type":"WebPage","@id":"https:\/\/ohmytuft.com\/cs\/produkt\/hand-tufting-gun-2-in-1-loop-cut\/","url":"https:\/\/ohmytuft.com\/cs\/produkt\/hand-tufting-gun-2-in-1-loop-cut\/","name":"Hand Tufting Gun 2-in-1 Loop &amp; Cut - Ohmytuft.com","isPartOf":{"@id":"https:\/\/ohmytuft.com\/cs\/#website"},"primaryImageOfPage":{"@id":"https:\/\/ohmytuft.com\/cs\/produkt\/hand-tufting-gun-2-in-1-loop-cut\/#primaryimage"},"image":{"@id":"https:\/\/ohmytuft.com\/cs\/produkt\/hand-tufting-gun-2-in-1-loop-cut\/#primaryimage"},"thumbnailUrl":"https:\/\/ohmytuft.com\/wp-content\/uploads\/2022\/03\/tuftinggunsupplies_europe_tufting_gun_loop_cut_01.jpg","datePublished":"2024-03-14T08:51:57+00:00","breadcrumb":{"@id":"https:\/\/ohmytuft.com\/cs\/produkt\/hand-tufting-gun-2-in-1-loop-cut\/#breadcrumb"},"inLanguage":"cs","potentialAction":[{"@type":"ReadAction","target":["https:\/\/ohmytuft.com\/cs\/produkt\/hand-tufting-gun-2-in-1-loop-cut\/"]}]},{"@type":"ImageObject","inLanguage":"cs","@id":"https:\/\/ohmytuft.com\/cs\/produkt\/hand-tufting-gun-2-in-1-loop-cut\/#primaryimage","url":"https:\/\/ohmytuft.com\/wp-content\/uploads\/2022\/03\/tuftinggunsupplies_europe_tufting_gun_loop_cut_01.jpg","contentUrl":"https:\/\/ohmytuft.com\/wp-content\/uploads\/2022\/03\/tuftinggunsupplies_europe_tufting_gun_loop_cut_01.jpg","width":1200,"height":1200},{"@type":"BreadcrumbList","@id":"https:\/\/ohmytuft.com\/cs\/produkt\/hand-tufting-gun-2-in-1-loop-cut\/#breadcrumb","itemListElement":[{"@type":"ListItem","position":1,"name":"Home","item":"https:\/\/ohmytuft.com\/cs\/"},{"@type":"ListItem","position":2,"name":"Shop","item":"https:\/\/ohmytuft.com\/cs\/shop-2\/"},{"@type":"ListItem","position":3,"name":"Hand Tufting Gun 2-in-1 Loop &amp; Cut"}]},{"@type":"WebSite","@id":"https:\/\/ohmytuft.com\/cs\/#website","url":"https:\/\/ohmytuft.com\/cs\/","name":"Oh my tuft","description":"Oh my tuft","publisher":{"@id":"https:\/\/ohmytuft.com\/cs\/#organization"},"potentialAction":[{"@type":"SearchAction","target":{"@type":"EntryPoint","urlTemplate":"https:\/\/ohmytuft.com\/cs\/?s={search_term_string}"},"query-input":{"@type":"PropertyValueSpecification","valueRequired":true,"valueName":"search_term_string"}}],"inLanguage":"cs"},{"@type":"Organization","@id":"https:\/\/ohmytuft.com\/cs\/#organization","name":"Oh my tuft","url":"https:\/\/ohmytuft.com\/cs\/","logo":{"@type":"ImageObject","inLanguage":"cs","@id":"https:\/\/ohmytuft.com\/cs\/#\/schema\/logo\/image\/","url":"https:\/\/ohmytuft.com\/wp-content\/uploads\/2021\/02\/WEB-20.png","contentUrl":"https:\/\/ohmytuft.com\/wp-content\/uploads\/2021\/02\/WEB-20.png","width":2085,"height":764,"caption":"Oh my tuft"},"image":{"@id":"https:\/\/ohmytuft.com\/cs\/#\/schema\/logo\/image\/"},"sameAs":["https:\/\/www.instagram.com\/tuftinggunsupplies\/","https:\/\/www.tiktok.com\/@tuftinggun"]}]}},"_links":{"self":[{"href":"https:\/\/ohmytuft.com\/cs\/wp-json\/wp\/v2\/product\/4219","targetHints":{"allow":["GET"]}}],"collection":[{"href":"https:\/\/ohmytuft.com\/cs\/wp-json\/wp\/v2\/product"}],"about":[{"href":"https:\/\/ohmytuft.com\/cs\/wp-json\/wp\/v2\/types\/product"}],"replies":[{"embeddable":true,"href":"https:\/\/ohmytuft.com\/cs\/wp-json\/wp\/v2\/comments?post=4219"}],"wp:featuredmedia":[{"embeddable":true,"href":"https:\/\/ohmytuft.com\/cs\/wp-json\/wp\/v2\/media\/816"}],"wp:attachment":[{"href":"https:\/\/ohmytuft.com\/cs\/wp-json\/wp\/v2\/media?parent=4219"}],"wp:term":[{"taxonomy":"product_brand","embeddable":true,"href":"https:\/\/ohmytuft.com\/cs\/wp-json\/wp\/v2\/product_brand?post=4219"},{"taxonomy":"product_cat","embeddable":true,"href":"https:\/\/ohmytuft.com\/cs\/wp-json\/wp\/v2\/product_cat?post=4219"},{"taxonomy":"product_tag","embeddable":true,"href":"https:\/\/ohmytuft.com\/cs\/wp-json\/wp\/v2\/product_tag?post=4219"}],"curies":[{"name":"wp","href":"https:\/\/api.w.org\/{rel}","templated":true}]}}