{"id":4222,"date":"2021-02-28T20:55:20","date_gmt":"2021-02-28T20:55:20","guid":{"rendered":"https:\/\/ohmytuft.com\/product\/hand-tufting-gun-ak-i-cut-pile\/"},"modified":"2024-05-25T11:01:06","modified_gmt":"2024-05-25T11:01:06","slug":"hand-tufting-gun-ak-i-cut-pile","status":"publish","type":"product","link":"https:\/\/ohmytuft.com\/cs\/produkt\/hand-tufting-gun-ak-i-cut-pile\/","title":{"rendered":"Hand Tufting Gun AK-I &#8211; Cut Pile"},"content":{"rendered":"<p>\u0158ezn\u00e1 hromada AK-1 <a href=\"https:\/\/ohmytuft.com\/cs\/buy\/tuftovaci-pistole\/\"><br \/>\n  <strong>V\u0161\u00edvac\u00ed pistole<\/strong><br \/>\n<\/a> je pozoruhodn\u00fd n\u00e1stroj navr\u017een\u00fd tak, aby pov\u00fd\u0161il um\u011bn\u00ed v\u0161\u00edv\u00e1n\u00ed na novou \u00farove\u0148. Zde je podrobn\u00fd popis a n\u011bkolik p\u0159esv\u011bd\u010div\u00fdch d\u016fvod\u016f, pro\u010d ji mus\u00edte m\u00edt ve sv\u00e9 d\u00edln\u011b:<\/p>\n<ol>\n<li><strong>P\u0159esnost a kontrola<\/strong>: Pistole AK-1 je navr\u017eena pro p\u0159esnost. D\u00edky citliv\u00e9mu ovl\u00e1d\u00e1n\u00ed a plynul\u00e9mu chodu umo\u017e\u0148uje snadno vytv\u00e1\u0159et slo\u017eit\u00e9 vzory a konstrukce. A\u0165 u\u017e pracujete na velk\u00fdch koberc\u00edch, nebo na detailn\u00edch z\u00e1v\u011bsech na st\u011bnu, tento n\u00e1stroj poskytuje bezkonkuren\u010dn\u00ed p\u0159esnost.<\/li>\n<li><strong>Efektivn\u00ed a \u010dasov\u011b \u00fasporn\u00e9<\/strong>: Rychlost je v\u00fdznamnou v\u00fdhodou AK-1. V porovn\u00e1n\u00ed s ru\u010dn\u00edmi metodami v\u00fdrazn\u011b zvy\u0161uje rychlost v\u0161\u00edv\u00e1n\u00ed a umo\u017e\u0148uje mnohem rychlej\u0161\u00ed dokon\u010den\u00ed projekt\u016f. Tato efektivita m\u011bn\u00ed pravidla hry jak pro amat\u00e9rsk\u00e9, tak pro profesion\u00e1ln\u00ed u\u017eivatele, proto\u017ee umo\u017e\u0148uje vy\u0161\u0161\u00ed produktivitu a mo\u017enost pustit se do v\u00edce projekt\u016f.<\/li>\n<li><strong>V\u0161estrannost designu<\/strong>: Tato v\u0161\u00edvac\u00ed pistole je speci\u00e1ln\u011b vyrobena pro v\u0161\u00edv\u00e1n\u00ed s \u0159ezan\u00fdm vlasem, co\u017e je obl\u00edben\u00fd styl v\u0161\u00edv\u00e1n\u00ed, kter\u00fd dod\u00e1v\u00e1 l\u00e1tce ply\u0161ovou, sametovou strukturu. Je ide\u00e1ln\u00ed k vytv\u00e1\u0159en\u00ed luxusn\u00edch koberc\u016f, stylov\u00fdch n\u00e1st\u011bnn\u00fdch obraz\u016f a dal\u0161\u00edch dekorativn\u00edch p\u0159edm\u011bt\u016f. Metoda \u0159ezan\u00e9ho vlasu nab\u00edz\u00ed tak\u00e9 jedine\u010dn\u00fd hmatov\u00fd z\u00e1\u017eitek, kter\u00fd je v bytov\u00e9m dekoru velmi \u017e\u00e1dan\u00fd.<\/li>\n<li><strong>Snadn\u00e9 pou\u017e\u00edv\u00e1n\u00ed<\/strong>: AK-1 je navr\u017een s ohledem na u\u017eivatelskou p\u0159\u00edv\u011btivost. Je lehk\u00fd a snadno ovladateln\u00fd, tak\u017ee je dostupn\u00fd i pro za\u010d\u00e1te\u010dn\u00edky. Ergonomick\u00fd design sni\u017euje \u00fanavu a umo\u017e\u0148uje pohodlnou pr\u00e1ci po del\u0161\u00ed dobu.<\/li>\n<li><strong>Trvanlivost a spolehlivost<\/strong>: AK-1 je vyroben z vysoce kvalitn\u00edch materi\u00e1l\u016f a vydr\u017e\u00ed dlouho. Je to spolehliv\u00fd n\u00e1stroj, kter\u00fd vydr\u017e\u00ed n\u00e1ro\u010dn\u00e9 \u010dast\u00e9 pou\u017e\u00edv\u00e1n\u00ed a zajist\u00ed, \u017ee se v\u00e1m investice dlouhodob\u011b vyplat\u00ed.<\/li>\n<li><strong>Zv\u00fd\u0161en\u00e1 kreativita<\/strong>: S AK-1 je jedin\u00fdm omezen\u00edm va\u0161e p\u0159edstavivost. Otev\u00edr\u00e1 sv\u011bt kreativn\u00edch mo\u017enost\u00ed a umo\u017e\u0148uje experimentovat s r\u016fzn\u00fdmi texturami, barvami a vzory. Tento n\u00e1stroj v\u00e1m pom\u016f\u017ee uv\u00e9st do \u017eivota i ty nejambici\u00f3zn\u011bj\u0161\u00ed n\u00e1vrhy.<\/li>\n<\/ol>\n<p>Shrnuto, AK-1 Cut Pile Tufting Gun je cenn\u00fdm dopl\u0148kem ka\u017ed\u00e9ho za\u0159\u00edzen\u00ed. <a href=\"https:\/\/ohmytuft.com\/cs\/\"><br \/>\n  <strong>v\u0161\u00edv\u00e1n\u00ed<\/strong><br \/>\n<\/a> um\u011blce. Kombinuje efektivitu, p\u0159esnost a snadn\u00e9 pou\u017eit\u00ed v jednom v\u00fdkonn\u00e9m n\u00e1stroji, tak\u017ee je ide\u00e1ln\u00ed jak pro amat\u00e9rsk\u00e9 nad\u0161ence, tak pro profesion\u00e1ln\u00ed vaza\u010de. Investice do tohoto n\u00e1stroje znamen\u00e1 investici do kvality a kreativity va\u0161ich projekt\u016f v\u0161\u00edv\u00e1n\u00ed.<\/p>\n","protected":false},"excerpt":{"rendered":"<p><b>Elektrische Handtufting-Pistole &#8211; Schnittflor.<\/b><\/p>\n<ul>\n<li>100- 240 V se z\u00e1str\u010dkou Europlug<\/li>\n<li>Nastaviteln\u00e1 v\u00fd\u0161ka vlasu: 7-21 mm<\/li>\n<li>Hmotnost: 1,40 kg<\/li>\n<li>Nastaviteln\u00e1 rychlost: Rychlost: 5-40 steh\u016f\/sec a nastaviteln\u00e1. Rychlost m\u016f\u017eete podrobn\u011bji kontrolovat.<\/li>\n<\/ul>\n<p>Tento stroj se snadno u\u010d\u00ed a pou\u017e\u00edv\u00e1. V\u00fdukov\u00e9 programy ji\u017e brzy!<br \/>\nPravideln\u00e1 \u00fadr\u017eba zajist\u00ed del\u0161\u00ed \u017eivotnost n\u00e1stroje.<\/p>\n<p><strong>Balen\u00ed obsahuje:<\/strong><\/p>\n<ul>\n<li>Strojek na tuftov\u00e1n\u00ed s pistol\u00ed<\/li>\n<li>AC\/DC adapt\u00e9r se z\u00e1str\u010dkou Europlug<\/li>\n<li>n\u00e1\u0159ad\u00ed a \u0161rouby pro \u00fadr\u017ebu<\/li>\n<\/ul>\n<p><strong>Bezpe\u010dnost p\u0159edev\u0161\u00edm!<\/strong><\/p>\n<ol>\n<li>Pou\u017e\u00edvejte ochranu sluchu a o\u010d\u00ed.<\/li>\n<li>Vyh\u00fdbejte se p\u0159evod\u016fm a mechanism\u016fm.<\/li>\n<li>Vypn\u011bte nap\u00e1jen\u00ed, pokud jej nepou\u017e\u00edv\u00e1te.<\/li>\n<\/ol>\n","protected":false},"featured_media":8931,"comment_status":"open","ping_status":"closed","template":"","meta":{"_joinchat":[]},"product_brand":[],"product_cat":[248],"product_tag":[],"class_list":{"0":"post-4222","1":"product","2":"type-product","3":"status-publish","4":"has-post-thumbnail","6":"product_cat-tuftovaci-pistole","8":"first","9":"outofstock","10":"sale","11":"taxable","12":"shipping-taxable","13":"purchasable","14":"product-type-simple"},"yoast_head":"<!-- This site is optimized with the Yoast SEO plugin v27.2 - https:\/\/yoast.com\/product\/yoast-seo-wordpress\/ -->\n<title>Hand Tufting Gun AK-I - Cut Pile - Ohmytuft.com<\/title>\n<meta name=\"robots\" content=\"index, follow, max-snippet:-1, max-image-preview:large, max-video-preview:-1\" \/>\n<link rel=\"canonical\" href=\"https:\/\/ohmytuft.com\/cs\/produkt\/hand-tufting-gun-ak-i-cut-pile\/\" \/>\n<meta property=\"og:locale\" content=\"cs_CZ\" \/>\n<meta property=\"og:type\" content=\"article\" \/>\n<meta property=\"og:title\" content=\"Hand Tufting Gun AK-I - Cut Pile - Ohmytuft.com\" \/>\n<meta property=\"og:description\" content=\"Elektrische Handtufting-Pistole - Schnittflor.  100- 240 V se z\u00e1str\u010dkou Europlug  Nastaviteln\u00e1 v\u00fd\u0161ka vlasu: 7-21 mm  Hmotnost: 1,40 kg  Nastaviteln\u00e1 rychlost: Rychlost: 5-40 steh\u016f\/sec a nastaviteln\u00e1. Rychlost m\u016f\u017eete podrobn\u011bji kontrolovat. Tento stroj se snadno u\u010d\u00ed a pou\u017e\u00edv\u00e1. V\u00fdukov\u00e9 programy ji\u017e brzy! Pravideln\u00e1 \u00fadr\u017eba zajist\u00ed del\u0161\u00ed \u017eivotnost n\u00e1stroje. Balen\u00ed obsahuje:  Strojek na tuftov\u00e1n\u00ed s pistol\u00ed  AC\/DC adapt\u00e9r se z\u00e1str\u010dkou Europlug  n\u00e1\u0159ad\u00ed a \u0161rouby pro \u00fadr\u017ebu Bezpe\u010dnost p\u0159edev\u0161\u00edm!  Pou\u017e\u00edvejte ochranu sluchu a o\u010d\u00ed.  Vyh\u00fdbejte se p\u0159evod\u016fm a mechanism\u016fm.  Vypn\u011bte nap\u00e1jen\u00ed, pokud jej nepou\u017e\u00edv\u00e1te.\" \/>\n<meta property=\"og:url\" content=\"https:\/\/ohmytuft.com\/cs\/produkt\/hand-tufting-gun-ak-i-cut-pile\/\" \/>\n<meta property=\"og:site_name\" content=\"Ohmytuft.com\" \/>\n<meta property=\"article:modified_time\" content=\"2024-05-25T11:01:06+00:00\" \/>\n<meta property=\"og:image\" content=\"https:\/\/ohmytuft.com\/wp-content\/uploads\/2021\/02\/23022021-IMG_4393-scaled.jpg\" \/>\n\t<meta property=\"og:image:width\" content=\"2560\" \/>\n\t<meta property=\"og:image:height\" content=\"2560\" \/>\n\t<meta property=\"og:image:type\" content=\"image\/jpeg\" \/>\n<meta name=\"twitter:card\" content=\"summary_large_image\" \/>\n<meta name=\"twitter:label1\" content=\"Odhadovan\u00e1 doba \u010dten\u00ed\" \/>\n\t<meta name=\"twitter:data1\" content=\"2 minuty\" \/>\n<script type=\"application\/ld+json\" class=\"yoast-schema-graph\">{\"@context\":\"https:\/\/schema.org\",\"@graph\":[{\"@type\":\"WebPage\",\"@id\":\"https:\/\/ohmytuft.com\/cs\/produkt\/hand-tufting-gun-ak-i-cut-pile\/\",\"url\":\"https:\/\/ohmytuft.com\/cs\/produkt\/hand-tufting-gun-ak-i-cut-pile\/\",\"name\":\"Hand Tufting Gun AK-I - Cut Pile - Ohmytuft.com\",\"isPartOf\":{\"@id\":\"https:\/\/ohmytuft.com\/cs\/#website\"},\"primaryImageOfPage\":{\"@id\":\"https:\/\/ohmytuft.com\/cs\/produkt\/hand-tufting-gun-ak-i-cut-pile\/#primaryimage\"},\"image\":{\"@id\":\"https:\/\/ohmytuft.com\/cs\/produkt\/hand-tufting-gun-ak-i-cut-pile\/#primaryimage\"},\"thumbnailUrl\":\"https:\/\/ohmytuft.com\/wp-content\/uploads\/2021\/02\/tufting-gun-ak1.png\",\"datePublished\":\"2021-02-28T20:55:20+00:00\",\"dateModified\":\"2024-05-25T11:01:06+00:00\",\"breadcrumb\":{\"@id\":\"https:\/\/ohmytuft.com\/cs\/produkt\/hand-tufting-gun-ak-i-cut-pile\/#breadcrumb\"},\"inLanguage\":\"cs\",\"potentialAction\":[{\"@type\":\"ReadAction\",\"target\":[\"https:\/\/ohmytuft.com\/cs\/produkt\/hand-tufting-gun-ak-i-cut-pile\/\"]}]},{\"@type\":\"ImageObject\",\"inLanguage\":\"cs\",\"@id\":\"https:\/\/ohmytuft.com\/cs\/produkt\/hand-tufting-gun-ak-i-cut-pile\/#primaryimage\",\"url\":\"https:\/\/ohmytuft.com\/wp-content\/uploads\/2021\/02\/tufting-gun-ak1.png\",\"contentUrl\":\"https:\/\/ohmytuft.com\/wp-content\/uploads\/2021\/02\/tufting-gun-ak1.png\",\"width\":800,\"height\":800,\"caption\":\"tufting gun AK1\"},{\"@type\":\"BreadcrumbList\",\"@id\":\"https:\/\/ohmytuft.com\/cs\/produkt\/hand-tufting-gun-ak-i-cut-pile\/#breadcrumb\",\"itemListElement\":[{\"@type\":\"ListItem\",\"position\":1,\"name\":\"Home\",\"item\":\"https:\/\/ohmytuft.com\/cs\/\"},{\"@type\":\"ListItem\",\"position\":2,\"name\":\"Shop\",\"item\":\"https:\/\/ohmytuft.com\/cs\/shop-2\/\"},{\"@type\":\"ListItem\",\"position\":3,\"name\":\"Hand Tufting Gun AK-I &#8211; Cut Pile\"}]},{\"@type\":\"WebSite\",\"@id\":\"https:\/\/ohmytuft.com\/cs\/#website\",\"url\":\"https:\/\/ohmytuft.com\/cs\/\",\"name\":\"Oh my tuft\",\"description\":\"Oh my tuft\",\"publisher\":{\"@id\":\"https:\/\/ohmytuft.com\/cs\/#organization\"},\"potentialAction\":[{\"@type\":\"SearchAction\",\"target\":{\"@type\":\"EntryPoint\",\"urlTemplate\":\"https:\/\/ohmytuft.com\/cs\/?s={search_term_string}\"},\"query-input\":{\"@type\":\"PropertyValueSpecification\",\"valueRequired\":true,\"valueName\":\"search_term_string\"}}],\"inLanguage\":\"cs\"},{\"@type\":\"Organization\",\"@id\":\"https:\/\/ohmytuft.com\/cs\/#organization\",\"name\":\"Oh my tuft\",\"url\":\"https:\/\/ohmytuft.com\/cs\/\",\"logo\":{\"@type\":\"ImageObject\",\"inLanguage\":\"cs\",\"@id\":\"https:\/\/ohmytuft.com\/cs\/#\/schema\/logo\/image\/\",\"url\":\"https:\/\/ohmytuft.com\/wp-content\/uploads\/2021\/02\/WEB-20.png\",\"contentUrl\":\"https:\/\/ohmytuft.com\/wp-content\/uploads\/2021\/02\/WEB-20.png\",\"width\":2085,\"height\":764,\"caption\":\"Oh my tuft\"},\"image\":{\"@id\":\"https:\/\/ohmytuft.com\/cs\/#\/schema\/logo\/image\/\"},\"sameAs\":[\"https:\/\/www.instagram.com\/tuftinggunsupplies\/\",\"https:\/\/www.tiktok.com\/@tuftinggun\"]}]}<\/script>\n<!-- \/ Yoast SEO plugin. -->","yoast_head_json":{"title":"Hand Tufting Gun AK-I - Cut Pile - Ohmytuft.com","robots":{"index":"index","follow":"follow","max-snippet":"max-snippet:-1","max-image-preview":"max-image-preview:large","max-video-preview":"max-video-preview:-1"},"canonical":"https:\/\/ohmytuft.com\/cs\/produkt\/hand-tufting-gun-ak-i-cut-pile\/","og_locale":"cs_CZ","og_type":"article","og_title":"Hand Tufting Gun AK-I - Cut Pile - Ohmytuft.com","og_description":"Elektrische Handtufting-Pistole - Schnittflor.  100- 240 V se z\u00e1str\u010dkou Europlug  Nastaviteln\u00e1 v\u00fd\u0161ka vlasu: 7-21 mm  Hmotnost: 1,40 kg  Nastaviteln\u00e1 rychlost: Rychlost: 5-40 steh\u016f\/sec a nastaviteln\u00e1. Rychlost m\u016f\u017eete podrobn\u011bji kontrolovat. Tento stroj se snadno u\u010d\u00ed a pou\u017e\u00edv\u00e1. V\u00fdukov\u00e9 programy ji\u017e brzy! Pravideln\u00e1 \u00fadr\u017eba zajist\u00ed del\u0161\u00ed \u017eivotnost n\u00e1stroje. Balen\u00ed obsahuje:  Strojek na tuftov\u00e1n\u00ed s pistol\u00ed  AC\/DC adapt\u00e9r se z\u00e1str\u010dkou Europlug  n\u00e1\u0159ad\u00ed a \u0161rouby pro \u00fadr\u017ebu Bezpe\u010dnost p\u0159edev\u0161\u00edm!  Pou\u017e\u00edvejte ochranu sluchu a o\u010d\u00ed.  Vyh\u00fdbejte se p\u0159evod\u016fm a mechanism\u016fm.  Vypn\u011bte nap\u00e1jen\u00ed, pokud jej nepou\u017e\u00edv\u00e1te.","og_url":"https:\/\/ohmytuft.com\/cs\/produkt\/hand-tufting-gun-ak-i-cut-pile\/","og_site_name":"Ohmytuft.com","article_modified_time":"2024-05-25T11:01:06+00:00","og_image":[{"width":2560,"height":2560,"url":"https:\/\/ohmytuft.com\/wp-content\/uploads\/2021\/02\/23022021-IMG_4393-scaled.jpg","type":"image\/jpeg"}],"twitter_card":"summary_large_image","twitter_misc":{"Odhadovan\u00e1 doba \u010dten\u00ed":"2 minuty"},"schema":{"@context":"https:\/\/schema.org","@graph":[{"@type":"WebPage","@id":"https:\/\/ohmytuft.com\/cs\/produkt\/hand-tufting-gun-ak-i-cut-pile\/","url":"https:\/\/ohmytuft.com\/cs\/produkt\/hand-tufting-gun-ak-i-cut-pile\/","name":"Hand Tufting Gun AK-I - Cut Pile - Ohmytuft.com","isPartOf":{"@id":"https:\/\/ohmytuft.com\/cs\/#website"},"primaryImageOfPage":{"@id":"https:\/\/ohmytuft.com\/cs\/produkt\/hand-tufting-gun-ak-i-cut-pile\/#primaryimage"},"image":{"@id":"https:\/\/ohmytuft.com\/cs\/produkt\/hand-tufting-gun-ak-i-cut-pile\/#primaryimage"},"thumbnailUrl":"https:\/\/ohmytuft.com\/wp-content\/uploads\/2021\/02\/tufting-gun-ak1.png","datePublished":"2021-02-28T20:55:20+00:00","dateModified":"2024-05-25T11:01:06+00:00","breadcrumb":{"@id":"https:\/\/ohmytuft.com\/cs\/produkt\/hand-tufting-gun-ak-i-cut-pile\/#breadcrumb"},"inLanguage":"cs","potentialAction":[{"@type":"ReadAction","target":["https:\/\/ohmytuft.com\/cs\/produkt\/hand-tufting-gun-ak-i-cut-pile\/"]}]},{"@type":"ImageObject","inLanguage":"cs","@id":"https:\/\/ohmytuft.com\/cs\/produkt\/hand-tufting-gun-ak-i-cut-pile\/#primaryimage","url":"https:\/\/ohmytuft.com\/wp-content\/uploads\/2021\/02\/tufting-gun-ak1.png","contentUrl":"https:\/\/ohmytuft.com\/wp-content\/uploads\/2021\/02\/tufting-gun-ak1.png","width":800,"height":800,"caption":"tufting gun AK1"},{"@type":"BreadcrumbList","@id":"https:\/\/ohmytuft.com\/cs\/produkt\/hand-tufting-gun-ak-i-cut-pile\/#breadcrumb","itemListElement":[{"@type":"ListItem","position":1,"name":"Home","item":"https:\/\/ohmytuft.com\/cs\/"},{"@type":"ListItem","position":2,"name":"Shop","item":"https:\/\/ohmytuft.com\/cs\/shop-2\/"},{"@type":"ListItem","position":3,"name":"Hand Tufting Gun AK-I &#8211; Cut Pile"}]},{"@type":"WebSite","@id":"https:\/\/ohmytuft.com\/cs\/#website","url":"https:\/\/ohmytuft.com\/cs\/","name":"Oh my tuft","description":"Oh my tuft","publisher":{"@id":"https:\/\/ohmytuft.com\/cs\/#organization"},"potentialAction":[{"@type":"SearchAction","target":{"@type":"EntryPoint","urlTemplate":"https:\/\/ohmytuft.com\/cs\/?s={search_term_string}"},"query-input":{"@type":"PropertyValueSpecification","valueRequired":true,"valueName":"search_term_string"}}],"inLanguage":"cs"},{"@type":"Organization","@id":"https:\/\/ohmytuft.com\/cs\/#organization","name":"Oh my tuft","url":"https:\/\/ohmytuft.com\/cs\/","logo":{"@type":"ImageObject","inLanguage":"cs","@id":"https:\/\/ohmytuft.com\/cs\/#\/schema\/logo\/image\/","url":"https:\/\/ohmytuft.com\/wp-content\/uploads\/2021\/02\/WEB-20.png","contentUrl":"https:\/\/ohmytuft.com\/wp-content\/uploads\/2021\/02\/WEB-20.png","width":2085,"height":764,"caption":"Oh my tuft"},"image":{"@id":"https:\/\/ohmytuft.com\/cs\/#\/schema\/logo\/image\/"},"sameAs":["https:\/\/www.instagram.com\/tuftinggunsupplies\/","https:\/\/www.tiktok.com\/@tuftinggun"]}]}},"_links":{"self":[{"href":"https:\/\/ohmytuft.com\/cs\/wp-json\/wp\/v2\/product\/4222","targetHints":{"allow":["GET"]}}],"collection":[{"href":"https:\/\/ohmytuft.com\/cs\/wp-json\/wp\/v2\/product"}],"about":[{"href":"https:\/\/ohmytuft.com\/cs\/wp-json\/wp\/v2\/types\/product"}],"replies":[{"embeddable":true,"href":"https:\/\/ohmytuft.com\/cs\/wp-json\/wp\/v2\/comments?post=4222"}],"wp:featuredmedia":[{"embeddable":true,"href":"https:\/\/ohmytuft.com\/cs\/wp-json\/wp\/v2\/media\/8931"}],"wp:attachment":[{"href":"https:\/\/ohmytuft.com\/cs\/wp-json\/wp\/v2\/media?parent=4222"}],"wp:term":[{"taxonomy":"product_brand","embeddable":true,"href":"https:\/\/ohmytuft.com\/cs\/wp-json\/wp\/v2\/product_brand?post=4222"},{"taxonomy":"product_cat","embeddable":true,"href":"https:\/\/ohmytuft.com\/cs\/wp-json\/wp\/v2\/product_cat?post=4222"},{"taxonomy":"product_tag","embeddable":true,"href":"https:\/\/ohmytuft.com\/cs\/wp-json\/wp\/v2\/product_tag?post=4222"}],"curies":[{"name":"wp","href":"https:\/\/api.w.org\/{rel}","templated":true}]}}