{"id":5815,"date":"2023-11-07T10:58:51","date_gmt":"2023-11-07T10:58:51","guid":{"rendered":"https:\/\/ohmytuft.com\/product\/i-liked-tufting-before-it-was-cool\/"},"modified":"2023-11-07T10:58:51","modified_gmt":"2023-11-07T10:58:51","slug":"i-liked-tufting-before-it-was-cool-cz","status":"publish","type":"product","link":"https:\/\/ohmytuft.com\/cs\/produkt\/i-liked-tufting-before-it-was-cool-cz\/","title":{"rendered":"I liked tufting before it was cool"},"content":{"rendered":"<p>Personalizovan\u00fd hrnek s velmi zaj\u00edmav\u00fdm designem chom\u00e1\u010dk\u016f.<\/p>\n<p><strong>Co je sou\u010d\u00e1st\u00ed balen\u00ed?<\/strong><\/p>\n<ul>\n<li>Personalizovan\u00fd standardn\u00ed hrnek<\/li>\n<li>Ochrana, aby dorazil v perfektn\u00edm stavu<\/li>\n<li>P\u0159epravn\u00ed krabice<\/li>\n<\/ul>\n","protected":false},"excerpt":{"rendered":"<p>Jste jedn\u00edm z prvn\u00edch tufter\u016f? Pak je tento hrnek ur\u010den pr\u00e1v\u011b pro v\u00e1s!<\/p>\n","protected":false},"featured_media":5014,"comment_status":"open","ping_status":"closed","template":"","meta":{"_joinchat":[]},"product_brand":[],"product_cat":[309],"product_tag":[],"class_list":{"0":"post-5815","1":"product","2":"type-product","3":"status-publish","4":"has-post-thumbnail","6":"product_cat-tuftingove-hrnky","8":"first","9":"instock","10":"taxable","11":"shipping-taxable","12":"purchasable","13":"product-type-simple"},"yoast_head":"<!-- This site is optimized with the Yoast SEO plugin v27.2 - https:\/\/yoast.com\/product\/yoast-seo-wordpress\/ -->\n<title>I liked tufting before it was cool - Ohmytuft.com<\/title>\n<meta name=\"robots\" content=\"index, follow, max-snippet:-1, max-image-preview:large, max-video-preview:-1\" \/>\n<link rel=\"canonical\" href=\"https:\/\/ohmytuft.com\/cs\/produkt\/i-liked-tufting-before-it-was-cool-cz\/\" \/>\n<meta property=\"og:locale\" content=\"cs_CZ\" \/>\n<meta property=\"og:type\" content=\"article\" \/>\n<meta property=\"og:title\" content=\"I liked tufting before it was cool - Ohmytuft.com\" \/>\n<meta property=\"og:description\" content=\"Jste jedn\u00edm z prvn\u00edch tufter\u016f? Pak je tento hrnek ur\u010den pr\u00e1v\u011b pro v\u00e1s!\" \/>\n<meta property=\"og:url\" content=\"https:\/\/ohmytuft.com\/cs\/produkt\/i-liked-tufting-before-it-was-cool-cz\/\" \/>\n<meta property=\"og:site_name\" content=\"Ohmytuft.com\" \/>\n<meta property=\"og:image\" content=\"https:\/\/ohmytuft.com\/wp-content\/uploads\/2023\/11\/liked-tufting-before-cool.png\" \/>\n\t<meta property=\"og:image:width\" content=\"900\" \/>\n\t<meta property=\"og:image:height\" content=\"600\" \/>\n\t<meta property=\"og:image:type\" content=\"image\/png\" \/>\n<meta name=\"twitter:card\" content=\"summary_large_image\" \/>\n<script type=\"application\/ld+json\" class=\"yoast-schema-graph\">{\"@context\":\"https:\/\/schema.org\",\"@graph\":[{\"@type\":\"WebPage\",\"@id\":\"https:\/\/ohmytuft.com\/cs\/produkt\/i-liked-tufting-before-it-was-cool-cz\/\",\"url\":\"https:\/\/ohmytuft.com\/cs\/produkt\/i-liked-tufting-before-it-was-cool-cz\/\",\"name\":\"I liked tufting before it was cool - Ohmytuft.com\",\"isPartOf\":{\"@id\":\"https:\/\/ohmytuft.com\/cs\/#website\"},\"primaryImageOfPage\":{\"@id\":\"https:\/\/ohmytuft.com\/cs\/produkt\/i-liked-tufting-before-it-was-cool-cz\/#primaryimage\"},\"image\":{\"@id\":\"https:\/\/ohmytuft.com\/cs\/produkt\/i-liked-tufting-before-it-was-cool-cz\/#primaryimage\"},\"thumbnailUrl\":\"https:\/\/ohmytuft.com\/wp-content\/uploads\/2023\/11\/liked-tufting-before-cool.png\",\"datePublished\":\"2023-11-07T10:58:51+00:00\",\"breadcrumb\":{\"@id\":\"https:\/\/ohmytuft.com\/cs\/produkt\/i-liked-tufting-before-it-was-cool-cz\/#breadcrumb\"},\"inLanguage\":\"cs\",\"potentialAction\":[{\"@type\":\"ReadAction\",\"target\":[\"https:\/\/ohmytuft.com\/cs\/produkt\/i-liked-tufting-before-it-was-cool-cz\/\"]}]},{\"@type\":\"ImageObject\",\"inLanguage\":\"cs\",\"@id\":\"https:\/\/ohmytuft.com\/cs\/produkt\/i-liked-tufting-before-it-was-cool-cz\/#primaryimage\",\"url\":\"https:\/\/ohmytuft.com\/wp-content\/uploads\/2023\/11\/liked-tufting-before-cool.png\",\"contentUrl\":\"https:\/\/ohmytuft.com\/wp-content\/uploads\/2023\/11\/liked-tufting-before-cool.png\",\"width\":900,\"height\":600,\"caption\":\"i liked tufting before it was cool\"},{\"@type\":\"BreadcrumbList\",\"@id\":\"https:\/\/ohmytuft.com\/cs\/produkt\/i-liked-tufting-before-it-was-cool-cz\/#breadcrumb\",\"itemListElement\":[{\"@type\":\"ListItem\",\"position\":1,\"name\":\"Home\",\"item\":\"https:\/\/ohmytuft.com\/cs\/\"},{\"@type\":\"ListItem\",\"position\":2,\"name\":\"Shop\",\"item\":\"https:\/\/ohmytuft.com\/cs\/shop-2\/\"},{\"@type\":\"ListItem\",\"position\":3,\"name\":\"I liked tufting before it was cool\"}]},{\"@type\":\"WebSite\",\"@id\":\"https:\/\/ohmytuft.com\/cs\/#website\",\"url\":\"https:\/\/ohmytuft.com\/cs\/\",\"name\":\"Oh my tuft\",\"description\":\"Oh my tuft\",\"publisher\":{\"@id\":\"https:\/\/ohmytuft.com\/cs\/#organization\"},\"potentialAction\":[{\"@type\":\"SearchAction\",\"target\":{\"@type\":\"EntryPoint\",\"urlTemplate\":\"https:\/\/ohmytuft.com\/cs\/?s={search_term_string}\"},\"query-input\":{\"@type\":\"PropertyValueSpecification\",\"valueRequired\":true,\"valueName\":\"search_term_string\"}}],\"inLanguage\":\"cs\"},{\"@type\":\"Organization\",\"@id\":\"https:\/\/ohmytuft.com\/cs\/#organization\",\"name\":\"Oh my tuft\",\"url\":\"https:\/\/ohmytuft.com\/cs\/\",\"logo\":{\"@type\":\"ImageObject\",\"inLanguage\":\"cs\",\"@id\":\"https:\/\/ohmytuft.com\/cs\/#\/schema\/logo\/image\/\",\"url\":\"https:\/\/ohmytuft.com\/wp-content\/uploads\/2021\/02\/WEB-20.png\",\"contentUrl\":\"https:\/\/ohmytuft.com\/wp-content\/uploads\/2021\/02\/WEB-20.png\",\"width\":2085,\"height\":764,\"caption\":\"Oh my tuft\"},\"image\":{\"@id\":\"https:\/\/ohmytuft.com\/cs\/#\/schema\/logo\/image\/\"},\"sameAs\":[\"https:\/\/www.instagram.com\/tuftinggunsupplies\/\",\"https:\/\/www.tiktok.com\/@tuftinggun\"]}]}<\/script>\n<!-- \/ Yoast SEO plugin. -->","yoast_head_json":{"title":"I liked tufting before it was cool - Ohmytuft.com","robots":{"index":"index","follow":"follow","max-snippet":"max-snippet:-1","max-image-preview":"max-image-preview:large","max-video-preview":"max-video-preview:-1"},"canonical":"https:\/\/ohmytuft.com\/cs\/produkt\/i-liked-tufting-before-it-was-cool-cz\/","og_locale":"cs_CZ","og_type":"article","og_title":"I liked tufting before it was cool - Ohmytuft.com","og_description":"Jste jedn\u00edm z prvn\u00edch tufter\u016f? Pak je tento hrnek ur\u010den pr\u00e1v\u011b pro v\u00e1s!","og_url":"https:\/\/ohmytuft.com\/cs\/produkt\/i-liked-tufting-before-it-was-cool-cz\/","og_site_name":"Ohmytuft.com","og_image":[{"width":900,"height":600,"url":"https:\/\/ohmytuft.com\/wp-content\/uploads\/2023\/11\/liked-tufting-before-cool.png","type":"image\/png"}],"twitter_card":"summary_large_image","schema":{"@context":"https:\/\/schema.org","@graph":[{"@type":"WebPage","@id":"https:\/\/ohmytuft.com\/cs\/produkt\/i-liked-tufting-before-it-was-cool-cz\/","url":"https:\/\/ohmytuft.com\/cs\/produkt\/i-liked-tufting-before-it-was-cool-cz\/","name":"I liked tufting before it was cool - Ohmytuft.com","isPartOf":{"@id":"https:\/\/ohmytuft.com\/cs\/#website"},"primaryImageOfPage":{"@id":"https:\/\/ohmytuft.com\/cs\/produkt\/i-liked-tufting-before-it-was-cool-cz\/#primaryimage"},"image":{"@id":"https:\/\/ohmytuft.com\/cs\/produkt\/i-liked-tufting-before-it-was-cool-cz\/#primaryimage"},"thumbnailUrl":"https:\/\/ohmytuft.com\/wp-content\/uploads\/2023\/11\/liked-tufting-before-cool.png","datePublished":"2023-11-07T10:58:51+00:00","breadcrumb":{"@id":"https:\/\/ohmytuft.com\/cs\/produkt\/i-liked-tufting-before-it-was-cool-cz\/#breadcrumb"},"inLanguage":"cs","potentialAction":[{"@type":"ReadAction","target":["https:\/\/ohmytuft.com\/cs\/produkt\/i-liked-tufting-before-it-was-cool-cz\/"]}]},{"@type":"ImageObject","inLanguage":"cs","@id":"https:\/\/ohmytuft.com\/cs\/produkt\/i-liked-tufting-before-it-was-cool-cz\/#primaryimage","url":"https:\/\/ohmytuft.com\/wp-content\/uploads\/2023\/11\/liked-tufting-before-cool.png","contentUrl":"https:\/\/ohmytuft.com\/wp-content\/uploads\/2023\/11\/liked-tufting-before-cool.png","width":900,"height":600,"caption":"i liked tufting before it was cool"},{"@type":"BreadcrumbList","@id":"https:\/\/ohmytuft.com\/cs\/produkt\/i-liked-tufting-before-it-was-cool-cz\/#breadcrumb","itemListElement":[{"@type":"ListItem","position":1,"name":"Home","item":"https:\/\/ohmytuft.com\/cs\/"},{"@type":"ListItem","position":2,"name":"Shop","item":"https:\/\/ohmytuft.com\/cs\/shop-2\/"},{"@type":"ListItem","position":3,"name":"I liked tufting before it was cool"}]},{"@type":"WebSite","@id":"https:\/\/ohmytuft.com\/cs\/#website","url":"https:\/\/ohmytuft.com\/cs\/","name":"Oh my tuft","description":"Oh my tuft","publisher":{"@id":"https:\/\/ohmytuft.com\/cs\/#organization"},"potentialAction":[{"@type":"SearchAction","target":{"@type":"EntryPoint","urlTemplate":"https:\/\/ohmytuft.com\/cs\/?s={search_term_string}"},"query-input":{"@type":"PropertyValueSpecification","valueRequired":true,"valueName":"search_term_string"}}],"inLanguage":"cs"},{"@type":"Organization","@id":"https:\/\/ohmytuft.com\/cs\/#organization","name":"Oh my tuft","url":"https:\/\/ohmytuft.com\/cs\/","logo":{"@type":"ImageObject","inLanguage":"cs","@id":"https:\/\/ohmytuft.com\/cs\/#\/schema\/logo\/image\/","url":"https:\/\/ohmytuft.com\/wp-content\/uploads\/2021\/02\/WEB-20.png","contentUrl":"https:\/\/ohmytuft.com\/wp-content\/uploads\/2021\/02\/WEB-20.png","width":2085,"height":764,"caption":"Oh my tuft"},"image":{"@id":"https:\/\/ohmytuft.com\/cs\/#\/schema\/logo\/image\/"},"sameAs":["https:\/\/www.instagram.com\/tuftinggunsupplies\/","https:\/\/www.tiktok.com\/@tuftinggun"]}]}},"_links":{"self":[{"href":"https:\/\/ohmytuft.com\/cs\/wp-json\/wp\/v2\/product\/5815","targetHints":{"allow":["GET"]}}],"collection":[{"href":"https:\/\/ohmytuft.com\/cs\/wp-json\/wp\/v2\/product"}],"about":[{"href":"https:\/\/ohmytuft.com\/cs\/wp-json\/wp\/v2\/types\/product"}],"replies":[{"embeddable":true,"href":"https:\/\/ohmytuft.com\/cs\/wp-json\/wp\/v2\/comments?post=5815"}],"wp:featuredmedia":[{"embeddable":true,"href":"https:\/\/ohmytuft.com\/cs\/wp-json\/wp\/v2\/media\/5014"}],"wp:attachment":[{"href":"https:\/\/ohmytuft.com\/cs\/wp-json\/wp\/v2\/media?parent=5815"}],"wp:term":[{"taxonomy":"product_brand","embeddable":true,"href":"https:\/\/ohmytuft.com\/cs\/wp-json\/wp\/v2\/product_brand?post=5815"},{"taxonomy":"product_cat","embeddable":true,"href":"https:\/\/ohmytuft.com\/cs\/wp-json\/wp\/v2\/product_cat?post=5815"},{"taxonomy":"product_tag","embeddable":true,"href":"https:\/\/ohmytuft.com\/cs\/wp-json\/wp\/v2\/product_tag?post=5815"}],"curies":[{"name":"wp","href":"https:\/\/api.w.org\/{rel}","templated":true}]}}