{"id":7983,"date":"2024-05-22T09:26:44","date_gmt":"2024-05-22T09:26:44","guid":{"rendered":"https:\/\/ohmytuft.com\/?post_type=product&#038;p=7983"},"modified":"2024-05-23T16:43:00","modified_gmt":"2024-05-23T16:43:00","slug":"akrylova-kobercova-prize-kuzel-250g-granatova-copia-copia-copia-copia-copia-copia-copy-copy","status":"publish","type":"product","link":"https:\/\/ohmytuft.com\/cs\/produkt\/akrylova-kobercova-prize-kuzel-250g-granatova-copia-copia-copia-copia-copia-copia-copy-copy\/","title":{"rendered":"Balen\u00ed akrylov\u00e9 kobercov\u00e9 p\u0159\u00edze &#8211; 5 kus\u016f"},"content":{"rendered":"<p>Pot\u0159ebujete kvalitn\u00ed balen\u00ed p\u0159\u00edze? Pak je to nejlep\u0161\u00ed volba. Kupte si <a href=\"https:\/\/ohmytuft.com\/\"><br \/>\n  <strong>v\u0161\u00edvac\u00ed materi\u00e1ly<\/strong><br \/>\n<\/a> se slevou \ud83d\ude09<\/p>\n<p>V p\u0159\u00edpad\u011b jak\u00fdchkoli dotaz\u016f n\u00e1s pros\u00edm kontaktujte.<\/p>\n","protected":false},"excerpt":{"rendered":"<p>100% akrylov\u00e1 p\u0159\u00edze Dralon vynikaj\u00edc\u00ed kvality. Je <strong>ide\u00e1ln\u00ed pro tuftov\u00e1n\u00ed<\/strong>.<\/p>\n<ul>\n<li>250gr na kornout (505m)<\/li>\n<li>Tlou\u0161\u0165ka: 3,5-4,5<\/li>\n<li>Balen\u00ed jednotek Made in Europe<\/li>\n<\/ul>\n","protected":false},"featured_media":7998,"comment_status":"open","ping_status":"closed","template":"","meta":{"_joinchat":[]},"product_brand":[],"product_cat":[250,249],"product_tag":[],"class_list":{"0":"post-7983","1":"product","2":"type-product","3":"status-publish","4":"has-post-thumbnail","6":"product_cat-tuftovaci-prize","7":"product_cat-tuftovaci-soupravy","9":"first","10":"instock","11":"sale","12":"taxable","13":"shipping-taxable","14":"purchasable","15":"product-type-variable"},"yoast_head":"<!-- This site is optimized with the Yoast SEO plugin v27.2 - https:\/\/yoast.com\/product\/yoast-seo-wordpress\/ -->\n<title>Balen\u00ed akrylov\u00e9 kobercov\u00e9 p\u0159\u00edze - 5 kus\u016f - Ohmytuft.com<\/title>\n<meta name=\"robots\" content=\"index, follow, max-snippet:-1, max-image-preview:large, max-video-preview:-1\" \/>\n<link rel=\"canonical\" href=\"https:\/\/ohmytuft.com\/cs\/produkt\/akrylova-kobercova-prize-kuzel-250g-granatova-copia-copia-copia-copia-copia-copia-copy-copy\/\" \/>\n<meta property=\"og:locale\" content=\"cs_CZ\" \/>\n<meta property=\"og:type\" content=\"article\" \/>\n<meta property=\"og:title\" content=\"Balen\u00ed akrylov\u00e9 kobercov\u00e9 p\u0159\u00edze - 5 kus\u016f - Ohmytuft.com\" \/>\n<meta property=\"og:description\" content=\"100% akrylov\u00e1 p\u0159\u00edze Dralon vynikaj\u00edc\u00ed kvality. Je ide\u00e1ln\u00ed pro tuftov\u00e1n\u00ed.  250gr na kornout (505m)  Tlou\u0161\u0165ka: 3,5-4,5  Balen\u00ed jednotek Made in Europe\" \/>\n<meta property=\"og:url\" content=\"https:\/\/ohmytuft.com\/cs\/produkt\/akrylova-kobercova-prize-kuzel-250g-granatova-copia-copia-copia-copia-copia-copia-copy-copy\/\" \/>\n<meta property=\"og:site_name\" content=\"Ohmytuft.com\" \/>\n<meta property=\"article:modified_time\" content=\"2024-05-23T16:43:00+00:00\" \/>\n<meta property=\"og:image\" content=\"https:\/\/ohmytuft.com\/wp-content\/uploads\/2024\/05\/Packs-Tufting-02-scaled.jpg\" \/>\n\t<meta property=\"og:image:width\" content=\"2560\" \/>\n\t<meta property=\"og:image:height\" content=\"2560\" \/>\n\t<meta property=\"og:image:type\" content=\"image\/jpeg\" \/>\n<meta name=\"twitter:card\" content=\"summary_large_image\" \/>\n<script type=\"application\/ld+json\" class=\"yoast-schema-graph\">{\"@context\":\"https:\/\/schema.org\",\"@graph\":[{\"@type\":\"WebPage\",\"@id\":\"https:\/\/ohmytuft.com\/cs\/produkt\/akrylova-kobercova-prize-kuzel-250g-granatova-copia-copia-copia-copia-copia-copia-copy-copy\/\",\"url\":\"https:\/\/ohmytuft.com\/cs\/produkt\/akrylova-kobercova-prize-kuzel-250g-granatova-copia-copia-copia-copia-copia-copia-copy-copy\/\",\"name\":\"Balen\u00ed akrylov\u00e9 kobercov\u00e9 p\u0159\u00edze - 5 kus\u016f - Ohmytuft.com\",\"isPartOf\":{\"@id\":\"https:\/\/ohmytuft.com\/cs\/#website\"},\"primaryImageOfPage\":{\"@id\":\"https:\/\/ohmytuft.com\/cs\/produkt\/akrylova-kobercova-prize-kuzel-250g-granatova-copia-copia-copia-copia-copia-copia-copy-copy\/#primaryimage\"},\"image\":{\"@id\":\"https:\/\/ohmytuft.com\/cs\/produkt\/akrylova-kobercova-prize-kuzel-250g-granatova-copia-copia-copia-copia-copia-copia-copy-copy\/#primaryimage\"},\"thumbnailUrl\":\"https:\/\/ohmytuft.com\/wp-content\/uploads\/2024\/05\/Packs-Tufting-02-scaled.jpg\",\"datePublished\":\"2024-05-22T09:26:44+00:00\",\"dateModified\":\"2024-05-23T16:43:00+00:00\",\"breadcrumb\":{\"@id\":\"https:\/\/ohmytuft.com\/cs\/produkt\/akrylova-kobercova-prize-kuzel-250g-granatova-copia-copia-copia-copia-copia-copia-copy-copy\/#breadcrumb\"},\"inLanguage\":\"cs\",\"potentialAction\":[{\"@type\":\"ReadAction\",\"target\":[\"https:\/\/ohmytuft.com\/cs\/produkt\/akrylova-kobercova-prize-kuzel-250g-granatova-copia-copia-copia-copia-copia-copia-copy-copy\/\"]}]},{\"@type\":\"ImageObject\",\"inLanguage\":\"cs\",\"@id\":\"https:\/\/ohmytuft.com\/cs\/produkt\/akrylova-kobercova-prize-kuzel-250g-granatova-copia-copia-copia-copia-copia-copia-copy-copy\/#primaryimage\",\"url\":\"https:\/\/ohmytuft.com\/wp-content\/uploads\/2024\/05\/Packs-Tufting-02-scaled.jpg\",\"contentUrl\":\"https:\/\/ohmytuft.com\/wp-content\/uploads\/2024\/05\/Packs-Tufting-02-scaled.jpg\",\"width\":2560,\"height\":2560},{\"@type\":\"BreadcrumbList\",\"@id\":\"https:\/\/ohmytuft.com\/cs\/produkt\/akrylova-kobercova-prize-kuzel-250g-granatova-copia-copia-copia-copia-copia-copia-copy-copy\/#breadcrumb\",\"itemListElement\":[{\"@type\":\"ListItem\",\"position\":1,\"name\":\"Home\",\"item\":\"https:\/\/ohmytuft.com\/cs\/\"},{\"@type\":\"ListItem\",\"position\":2,\"name\":\"Shop\",\"item\":\"https:\/\/ohmytuft.com\/cs\/shop-2\/\"},{\"@type\":\"ListItem\",\"position\":3,\"name\":\"Balen\u00ed akrylov\u00e9 kobercov\u00e9 p\u0159\u00edze &#8211; 5 kus\u016f\"}]},{\"@type\":\"WebSite\",\"@id\":\"https:\/\/ohmytuft.com\/cs\/#website\",\"url\":\"https:\/\/ohmytuft.com\/cs\/\",\"name\":\"Oh my tuft\",\"description\":\"Oh my tuft\",\"publisher\":{\"@id\":\"https:\/\/ohmytuft.com\/cs\/#organization\"},\"potentialAction\":[{\"@type\":\"SearchAction\",\"target\":{\"@type\":\"EntryPoint\",\"urlTemplate\":\"https:\/\/ohmytuft.com\/cs\/?s={search_term_string}\"},\"query-input\":{\"@type\":\"PropertyValueSpecification\",\"valueRequired\":true,\"valueName\":\"search_term_string\"}}],\"inLanguage\":\"cs\"},{\"@type\":\"Organization\",\"@id\":\"https:\/\/ohmytuft.com\/cs\/#organization\",\"name\":\"Oh my tuft\",\"url\":\"https:\/\/ohmytuft.com\/cs\/\",\"logo\":{\"@type\":\"ImageObject\",\"inLanguage\":\"cs\",\"@id\":\"https:\/\/ohmytuft.com\/cs\/#\/schema\/logo\/image\/\",\"url\":\"https:\/\/ohmytuft.com\/wp-content\/uploads\/2021\/02\/WEB-20.png\",\"contentUrl\":\"https:\/\/ohmytuft.com\/wp-content\/uploads\/2021\/02\/WEB-20.png\",\"width\":2085,\"height\":764,\"caption\":\"Oh my tuft\"},\"image\":{\"@id\":\"https:\/\/ohmytuft.com\/cs\/#\/schema\/logo\/image\/\"},\"sameAs\":[\"https:\/\/www.instagram.com\/tuftinggunsupplies\/\",\"https:\/\/www.tiktok.com\/@tuftinggun\"]}]}<\/script>\n<!-- \/ Yoast SEO plugin. -->","yoast_head_json":{"title":"Balen\u00ed akrylov\u00e9 kobercov\u00e9 p\u0159\u00edze - 5 kus\u016f - Ohmytuft.com","robots":{"index":"index","follow":"follow","max-snippet":"max-snippet:-1","max-image-preview":"max-image-preview:large","max-video-preview":"max-video-preview:-1"},"canonical":"https:\/\/ohmytuft.com\/cs\/produkt\/akrylova-kobercova-prize-kuzel-250g-granatova-copia-copia-copia-copia-copia-copia-copy-copy\/","og_locale":"cs_CZ","og_type":"article","og_title":"Balen\u00ed akrylov\u00e9 kobercov\u00e9 p\u0159\u00edze - 5 kus\u016f - Ohmytuft.com","og_description":"100% akrylov\u00e1 p\u0159\u00edze Dralon vynikaj\u00edc\u00ed kvality. Je ide\u00e1ln\u00ed pro tuftov\u00e1n\u00ed.  250gr na kornout (505m)  Tlou\u0161\u0165ka: 3,5-4,5  Balen\u00ed jednotek Made in Europe","og_url":"https:\/\/ohmytuft.com\/cs\/produkt\/akrylova-kobercova-prize-kuzel-250g-granatova-copia-copia-copia-copia-copia-copia-copy-copy\/","og_site_name":"Ohmytuft.com","article_modified_time":"2024-05-23T16:43:00+00:00","og_image":[{"width":2560,"height":2560,"url":"https:\/\/ohmytuft.com\/wp-content\/uploads\/2024\/05\/Packs-Tufting-02-scaled.jpg","type":"image\/jpeg"}],"twitter_card":"summary_large_image","schema":{"@context":"https:\/\/schema.org","@graph":[{"@type":"WebPage","@id":"https:\/\/ohmytuft.com\/cs\/produkt\/akrylova-kobercova-prize-kuzel-250g-granatova-copia-copia-copia-copia-copia-copia-copy-copy\/","url":"https:\/\/ohmytuft.com\/cs\/produkt\/akrylova-kobercova-prize-kuzel-250g-granatova-copia-copia-copia-copia-copia-copia-copy-copy\/","name":"Balen\u00ed akrylov\u00e9 kobercov\u00e9 p\u0159\u00edze - 5 kus\u016f - Ohmytuft.com","isPartOf":{"@id":"https:\/\/ohmytuft.com\/cs\/#website"},"primaryImageOfPage":{"@id":"https:\/\/ohmytuft.com\/cs\/produkt\/akrylova-kobercova-prize-kuzel-250g-granatova-copia-copia-copia-copia-copia-copia-copy-copy\/#primaryimage"},"image":{"@id":"https:\/\/ohmytuft.com\/cs\/produkt\/akrylova-kobercova-prize-kuzel-250g-granatova-copia-copia-copia-copia-copia-copia-copy-copy\/#primaryimage"},"thumbnailUrl":"https:\/\/ohmytuft.com\/wp-content\/uploads\/2024\/05\/Packs-Tufting-02-scaled.jpg","datePublished":"2024-05-22T09:26:44+00:00","dateModified":"2024-05-23T16:43:00+00:00","breadcrumb":{"@id":"https:\/\/ohmytuft.com\/cs\/produkt\/akrylova-kobercova-prize-kuzel-250g-granatova-copia-copia-copia-copia-copia-copia-copy-copy\/#breadcrumb"},"inLanguage":"cs","potentialAction":[{"@type":"ReadAction","target":["https:\/\/ohmytuft.com\/cs\/produkt\/akrylova-kobercova-prize-kuzel-250g-granatova-copia-copia-copia-copia-copia-copia-copy-copy\/"]}]},{"@type":"ImageObject","inLanguage":"cs","@id":"https:\/\/ohmytuft.com\/cs\/produkt\/akrylova-kobercova-prize-kuzel-250g-granatova-copia-copia-copia-copia-copia-copia-copy-copy\/#primaryimage","url":"https:\/\/ohmytuft.com\/wp-content\/uploads\/2024\/05\/Packs-Tufting-02-scaled.jpg","contentUrl":"https:\/\/ohmytuft.com\/wp-content\/uploads\/2024\/05\/Packs-Tufting-02-scaled.jpg","width":2560,"height":2560},{"@type":"BreadcrumbList","@id":"https:\/\/ohmytuft.com\/cs\/produkt\/akrylova-kobercova-prize-kuzel-250g-granatova-copia-copia-copia-copia-copia-copia-copy-copy\/#breadcrumb","itemListElement":[{"@type":"ListItem","position":1,"name":"Home","item":"https:\/\/ohmytuft.com\/cs\/"},{"@type":"ListItem","position":2,"name":"Shop","item":"https:\/\/ohmytuft.com\/cs\/shop-2\/"},{"@type":"ListItem","position":3,"name":"Balen\u00ed akrylov\u00e9 kobercov\u00e9 p\u0159\u00edze &#8211; 5 kus\u016f"}]},{"@type":"WebSite","@id":"https:\/\/ohmytuft.com\/cs\/#website","url":"https:\/\/ohmytuft.com\/cs\/","name":"Oh my tuft","description":"Oh my tuft","publisher":{"@id":"https:\/\/ohmytuft.com\/cs\/#organization"},"potentialAction":[{"@type":"SearchAction","target":{"@type":"EntryPoint","urlTemplate":"https:\/\/ohmytuft.com\/cs\/?s={search_term_string}"},"query-input":{"@type":"PropertyValueSpecification","valueRequired":true,"valueName":"search_term_string"}}],"inLanguage":"cs"},{"@type":"Organization","@id":"https:\/\/ohmytuft.com\/cs\/#organization","name":"Oh my tuft","url":"https:\/\/ohmytuft.com\/cs\/","logo":{"@type":"ImageObject","inLanguage":"cs","@id":"https:\/\/ohmytuft.com\/cs\/#\/schema\/logo\/image\/","url":"https:\/\/ohmytuft.com\/wp-content\/uploads\/2021\/02\/WEB-20.png","contentUrl":"https:\/\/ohmytuft.com\/wp-content\/uploads\/2021\/02\/WEB-20.png","width":2085,"height":764,"caption":"Oh my tuft"},"image":{"@id":"https:\/\/ohmytuft.com\/cs\/#\/schema\/logo\/image\/"},"sameAs":["https:\/\/www.instagram.com\/tuftinggunsupplies\/","https:\/\/www.tiktok.com\/@tuftinggun"]}]}},"_links":{"self":[{"href":"https:\/\/ohmytuft.com\/cs\/wp-json\/wp\/v2\/product\/7983","targetHints":{"allow":["GET"]}}],"collection":[{"href":"https:\/\/ohmytuft.com\/cs\/wp-json\/wp\/v2\/product"}],"about":[{"href":"https:\/\/ohmytuft.com\/cs\/wp-json\/wp\/v2\/types\/product"}],"replies":[{"embeddable":true,"href":"https:\/\/ohmytuft.com\/cs\/wp-json\/wp\/v2\/comments?post=7983"}],"wp:featuredmedia":[{"embeddable":true,"href":"https:\/\/ohmytuft.com\/cs\/wp-json\/wp\/v2\/media\/7998"}],"wp:attachment":[{"href":"https:\/\/ohmytuft.com\/cs\/wp-json\/wp\/v2\/media?parent=7983"}],"wp:term":[{"taxonomy":"product_brand","embeddable":true,"href":"https:\/\/ohmytuft.com\/cs\/wp-json\/wp\/v2\/product_brand?post=7983"},{"taxonomy":"product_cat","embeddable":true,"href":"https:\/\/ohmytuft.com\/cs\/wp-json\/wp\/v2\/product_cat?post=7983"},{"taxonomy":"product_tag","embeddable":true,"href":"https:\/\/ohmytuft.com\/cs\/wp-json\/wp\/v2\/product_tag?post=7983"}],"curies":[{"name":"wp","href":"https:\/\/api.w.org\/{rel}","templated":true}]}}