{"id":5566,"date":"2020-10-06T14:45:35","date_gmt":"2020-10-06T14:45:35","guid":{"rendered":"https:\/\/ohmytuft.com\/om-os\/"},"modified":"2023-12-23T13:58:08","modified_gmt":"2023-12-23T13:58:08","slug":"om-os","status":"publish","type":"page","link":"https:\/\/ohmytuft.com\/da\/om-os\/","title":{"rendered":"Om os"},"content":{"rendered":"\n<p>Vi er en gruppe kunsth\u00e5ndv\u00e6rkere og designere med base i Madrid, Spanien, hvor vi driver et lille tuftingv\u00e6rksted. Vi \u00e5bnede denne butik for at hj\u00e6lpe dig med at finde de bedste kvalitetsartikler til dine t\u00e6pper i Europa i h\u00e5b om at g\u00f8re dit liv lettere. <\/p>\n\n<h2 class=\"wp-block-heading\">Tilmeld dig nu og f\u00e5 20\u20ac* rabat<\/h2>\n<p>[mc4wp_form id=&#8221;79&#8243;]<\/p>\n\n<p>*g\u00e6lder kun for tufting-pistoler<\/p>\n","protected":false},"excerpt":{"rendered":"<p>Vi er en gruppe kunsth\u00e5ndv\u00e6rkere og designere med base i Madrid, Spanien, hvor vi driver et lille tuftingv\u00e6rksted. Vi \u00e5bnede denne butik for at hj\u00e6lpe dig med at finde de bedste kvalitetsartikler til dine t\u00e6pper i Europa i h\u00e5b om at g\u00f8re dit liv lettere. Tilmeld dig nu og f\u00e5 20\u20ac* rabat *g\u00e6lder kun for [&hellip;]<\/p>\n","protected":false},"author":3,"featured_media":0,"parent":0,"menu_order":0,"comment_status":"closed","ping_status":"closed","template":"","meta":{"_joinchat":[],"footnotes":""},"class_list":["post-5566","page","type-page","status-publish","hentry"],"yoast_head":"<!-- This site is optimized with the Yoast SEO plugin v27.2 - https:\/\/yoast.com\/product\/yoast-seo-wordpress\/ -->\n<title>Om os - Ohmytuft.com<\/title>\n<meta name=\"robots\" content=\"index, follow, max-snippet:-1, max-image-preview:large, max-video-preview:-1\" \/>\n<link rel=\"canonical\" href=\"https:\/\/ohmytuft.com\/da\/om-os\/\" \/>\n<meta property=\"og:locale\" content=\"da_DK\" \/>\n<meta property=\"og:type\" content=\"article\" \/>\n<meta property=\"og:title\" content=\"Om os - Ohmytuft.com\" \/>\n<meta property=\"og:description\" content=\"Vi er en gruppe kunsth\u00e5ndv\u00e6rkere og designere med base i Madrid, Spanien, hvor vi driver et lille tuftingv\u00e6rksted. Vi \u00e5bnede denne butik for at hj\u00e6lpe dig med at finde de bedste kvalitetsartikler til dine t\u00e6pper i Europa i h\u00e5b om at g\u00f8re dit liv lettere. Tilmeld dig nu og f\u00e5 20\u20ac* rabat *g\u00e6lder kun for [&hellip;]\" \/>\n<meta property=\"og:url\" content=\"https:\/\/ohmytuft.com\/da\/om-os\/\" \/>\n<meta property=\"og:site_name\" content=\"Ohmytuft.com\" \/>\n<meta property=\"article:modified_time\" content=\"2023-12-23T13:58:08+00:00\" \/>\n<meta name=\"twitter:card\" content=\"summary_large_image\" \/>\n<script type=\"application\/ld+json\" class=\"yoast-schema-graph\">{\"@context\":\"https:\/\/schema.org\",\"@graph\":[{\"@type\":\"WebPage\",\"@id\":\"https:\/\/ohmytuft.com\/da\/om-os\/\",\"url\":\"https:\/\/ohmytuft.com\/da\/om-os\/\",\"name\":\"Om os - Ohmytuft.com\",\"isPartOf\":{\"@id\":\"https:\/\/ohmytuft.com\/da\/#website\"},\"datePublished\":\"2020-10-06T14:45:35+00:00\",\"dateModified\":\"2023-12-23T13:58:08+00:00\",\"breadcrumb\":{\"@id\":\"https:\/\/ohmytuft.com\/da\/om-os\/#breadcrumb\"},\"inLanguage\":\"da-DK\",\"potentialAction\":[{\"@type\":\"ReadAction\",\"target\":[\"https:\/\/ohmytuft.com\/da\/om-os\/\"]}]},{\"@type\":\"BreadcrumbList\",\"@id\":\"https:\/\/ohmytuft.com\/da\/om-os\/#breadcrumb\",\"itemListElement\":[{\"@type\":\"ListItem\",\"position\":1,\"name\":\"Home\",\"item\":\"https:\/\/ohmytuft.com\/da\/\"},{\"@type\":\"ListItem\",\"position\":2,\"name\":\"Om os\"}]},{\"@type\":\"WebSite\",\"@id\":\"https:\/\/ohmytuft.com\/da\/#website\",\"url\":\"https:\/\/ohmytuft.com\/da\/\",\"name\":\"Oh my tuft\",\"description\":\"Oh my tuft\",\"publisher\":{\"@id\":\"https:\/\/ohmytuft.com\/da\/#organization\"},\"potentialAction\":[{\"@type\":\"SearchAction\",\"target\":{\"@type\":\"EntryPoint\",\"urlTemplate\":\"https:\/\/ohmytuft.com\/da\/?s={search_term_string}\"},\"query-input\":{\"@type\":\"PropertyValueSpecification\",\"valueRequired\":true,\"valueName\":\"search_term_string\"}}],\"inLanguage\":\"da-DK\"},{\"@type\":\"Organization\",\"@id\":\"https:\/\/ohmytuft.com\/da\/#organization\",\"name\":\"Oh my tuft\",\"url\":\"https:\/\/ohmytuft.com\/da\/\",\"logo\":{\"@type\":\"ImageObject\",\"inLanguage\":\"da-DK\",\"@id\":\"https:\/\/ohmytuft.com\/da\/#\/schema\/logo\/image\/\",\"url\":\"https:\/\/ohmytuft.com\/wp-content\/uploads\/2021\/02\/WEB-20.png\",\"contentUrl\":\"https:\/\/ohmytuft.com\/wp-content\/uploads\/2021\/02\/WEB-20.png\",\"width\":2085,\"height\":764,\"caption\":\"Oh my tuft\"},\"image\":{\"@id\":\"https:\/\/ohmytuft.com\/da\/#\/schema\/logo\/image\/\"},\"sameAs\":[\"https:\/\/www.instagram.com\/tuftinggunsupplies\/\",\"https:\/\/www.tiktok.com\/@tuftinggun\"]}]}<\/script>\n<!-- \/ Yoast SEO plugin. -->","yoast_head_json":{"title":"Om os - Ohmytuft.com","robots":{"index":"index","follow":"follow","max-snippet":"max-snippet:-1","max-image-preview":"max-image-preview:large","max-video-preview":"max-video-preview:-1"},"canonical":"https:\/\/ohmytuft.com\/da\/om-os\/","og_locale":"da_DK","og_type":"article","og_title":"Om os - Ohmytuft.com","og_description":"Vi er en gruppe kunsth\u00e5ndv\u00e6rkere og designere med base i Madrid, Spanien, hvor vi driver et lille tuftingv\u00e6rksted. Vi \u00e5bnede denne butik for at hj\u00e6lpe dig med at finde de bedste kvalitetsartikler til dine t\u00e6pper i Europa i h\u00e5b om at g\u00f8re dit liv lettere. Tilmeld dig nu og f\u00e5 20\u20ac* rabat *g\u00e6lder kun for [&hellip;]","og_url":"https:\/\/ohmytuft.com\/da\/om-os\/","og_site_name":"Ohmytuft.com","article_modified_time":"2023-12-23T13:58:08+00:00","twitter_card":"summary_large_image","schema":{"@context":"https:\/\/schema.org","@graph":[{"@type":"WebPage","@id":"https:\/\/ohmytuft.com\/da\/om-os\/","url":"https:\/\/ohmytuft.com\/da\/om-os\/","name":"Om os - Ohmytuft.com","isPartOf":{"@id":"https:\/\/ohmytuft.com\/da\/#website"},"datePublished":"2020-10-06T14:45:35+00:00","dateModified":"2023-12-23T13:58:08+00:00","breadcrumb":{"@id":"https:\/\/ohmytuft.com\/da\/om-os\/#breadcrumb"},"inLanguage":"da-DK","potentialAction":[{"@type":"ReadAction","target":["https:\/\/ohmytuft.com\/da\/om-os\/"]}]},{"@type":"BreadcrumbList","@id":"https:\/\/ohmytuft.com\/da\/om-os\/#breadcrumb","itemListElement":[{"@type":"ListItem","position":1,"name":"Home","item":"https:\/\/ohmytuft.com\/da\/"},{"@type":"ListItem","position":2,"name":"Om os"}]},{"@type":"WebSite","@id":"https:\/\/ohmytuft.com\/da\/#website","url":"https:\/\/ohmytuft.com\/da\/","name":"Oh my tuft","description":"Oh my tuft","publisher":{"@id":"https:\/\/ohmytuft.com\/da\/#organization"},"potentialAction":[{"@type":"SearchAction","target":{"@type":"EntryPoint","urlTemplate":"https:\/\/ohmytuft.com\/da\/?s={search_term_string}"},"query-input":{"@type":"PropertyValueSpecification","valueRequired":true,"valueName":"search_term_string"}}],"inLanguage":"da-DK"},{"@type":"Organization","@id":"https:\/\/ohmytuft.com\/da\/#organization","name":"Oh my tuft","url":"https:\/\/ohmytuft.com\/da\/","logo":{"@type":"ImageObject","inLanguage":"da-DK","@id":"https:\/\/ohmytuft.com\/da\/#\/schema\/logo\/image\/","url":"https:\/\/ohmytuft.com\/wp-content\/uploads\/2021\/02\/WEB-20.png","contentUrl":"https:\/\/ohmytuft.com\/wp-content\/uploads\/2021\/02\/WEB-20.png","width":2085,"height":764,"caption":"Oh my tuft"},"image":{"@id":"https:\/\/ohmytuft.com\/da\/#\/schema\/logo\/image\/"},"sameAs":["https:\/\/www.instagram.com\/tuftinggunsupplies\/","https:\/\/www.tiktok.com\/@tuftinggun"]}]}},"_links":{"self":[{"href":"https:\/\/ohmytuft.com\/da\/wp-json\/wp\/v2\/pages\/5566","targetHints":{"allow":["GET"]}}],"collection":[{"href":"https:\/\/ohmytuft.com\/da\/wp-json\/wp\/v2\/pages"}],"about":[{"href":"https:\/\/ohmytuft.com\/da\/wp-json\/wp\/v2\/types\/page"}],"author":[{"embeddable":true,"href":"https:\/\/ohmytuft.com\/da\/wp-json\/wp\/v2\/users\/3"}],"replies":[{"embeddable":true,"href":"https:\/\/ohmytuft.com\/da\/wp-json\/wp\/v2\/comments?post=5566"}],"version-history":[{"count":0,"href":"https:\/\/ohmytuft.com\/da\/wp-json\/wp\/v2\/pages\/5566\/revisions"}],"wp:attachment":[{"href":"https:\/\/ohmytuft.com\/da\/wp-json\/wp\/v2\/media?parent=5566"}],"curies":[{"name":"wp","href":"https:\/\/api.w.org\/{rel}","templated":true}]}}