{"id":6677,"date":"2021-02-28T21:01:54","date_gmt":"2021-02-28T21:01:54","guid":{"rendered":"https:\/\/ohmytuft.com\/terms-conditions\/"},"modified":"2024-03-13T18:43:55","modified_gmt":"2024-03-13T18:43:55","slug":"terms-conditions","status":"publish","type":"page","link":"https:\/\/ohmytuft.com\/da\/terms-conditions\/","title":{"rendered":"Terms &amp; Conditions"},"content":{"rendered":"\n<h3 class=\"wp-block-heading\">Forsendelseslande<\/h3>\n\n<p>Vi sender vores produkter fra Spanien til hele Den Europ\u00e6iske Union, som omfatter f\u00f8lgende lande:<\/p>\n\n<p>\u00d8strig, Belgien, Bulgarien, Kroatien, Republikken Cypern, Tjekkiet, Danmark, Estland, Finland, Frankrig, Tyskland, Gr\u00e6kenland, Ungarn, Irland, Italien, Letland, Litauen, Luxembourg, Malta, Holland, Polen, Portugal, Rum\u00e6nien, Slovakiet, Slovenien, Spanien og Sverige.<\/p>\n\n<h3 class=\"wp-block-heading\">Forsendelsesomkostninger<\/h3>\n\n<p>Dine forsendelsesomkostninger vil blive beregnet i henhold til dine pr\u00e6ferencer for leveringstid, ordrens st\u00f8rrelse og leveringsland.  <\/p>\n\n<p>L\u00e6g produkterne i indk\u00f8bskurven, og v\u00e6lg dine pr\u00e6ferencer. Forsendelsesomkostninger beregnes automatisk.<\/p>\n\n<h3 class=\"wp-block-heading\">Gratis forsendelse<\/h3>\n\n<p>Vi tilbyder gratis forsendelse ved ordrer over 100 \u20ac.<\/p>\n\n<h3 class=\"wp-block-heading\">Returpolitik<\/h3>\n\n<p>Returnering skal ske inden for 14 dage fra modtagelse af pakken. K\u00f8ber skal afholde omkostningerne ved returneringen.  <\/p>\n\n<p>Uafhentede pakker vil blive sendt igen p\u00e5 k\u00f8bers regning.<\/p>\n\n<p>Den returnerede vare skal v\u00e6re i original emballage og ubrugt.<\/p>\n\n<h3 class=\"wp-block-heading\">\u00bfHvordan returnerer man en vare?<\/h3>\n\n<p>Kontakt os med dit ordrenummer for at anmode om en returnering: <a href=\"https:\/\/ohmytuft.com\/da\/kontakt\/\">https:\/\/ohmytuft.com\/contact\/<\/a><\/p>\n\n<p>Varerne skal pakkes meget omhyggeligt for at undg\u00e5, at de bliver beskadiget under transporten. Is\u00e6r tufting-pistoler.  <\/p>\n\n<p>Du skal angive et sporingsnummer, pengene refunderes, s\u00e5 snart pakken kommer til vores lager.<\/p>\n\n<h3 class=\"wp-block-heading\">Betalinger<\/h3>\n\n<p>Du kan betale med Paypal eller med dit debet-\/kreditkort via Paypal.<\/p>\n\n<h3 class=\"wp-block-heading\">Kontakt<\/h3>\n\n<p>San Raimundo 28<br\/>28039 Madrid. Spanien<br\/>info@tuftunggunsupplies.com<br\/>660167517<\/p>\n","protected":false},"excerpt":{"rendered":"<p>Forsendelseslande Vi sender vores produkter fra Spanien til hele Den Europ\u00e6iske Union, som omfatter f\u00f8lgende lande: \u00d8strig, Belgien, Bulgarien, Kroatien, Republikken Cypern, Tjekkiet, Danmark, Estland, Finland, Frankrig, Tyskland, Gr\u00e6kenland, Ungarn, Irland, Italien, Letland, Litauen, Luxembourg, Malta, Holland, Polen, Portugal, Rum\u00e6nien, Slovakiet, Slovenien, Spanien og Sverige. Forsendelsesomkostninger Dine forsendelsesomkostninger vil blive beregnet i henhold til dine [&hellip;]<\/p>\n","protected":false},"author":3,"featured_media":0,"parent":0,"menu_order":0,"comment_status":"closed","ping_status":"closed","template":"","meta":{"_joinchat":[],"footnotes":""},"class_list":["post-6677","page","type-page","status-publish","hentry"],"yoast_head":"<!-- This site is optimized with the Yoast SEO plugin v27.2 - https:\/\/yoast.com\/product\/yoast-seo-wordpress\/ -->\n<title>Terms &amp; Conditions - Ohmytuft.com<\/title>\n<meta name=\"robots\" content=\"noindex, follow\" \/>\n<meta property=\"og:locale\" content=\"da_DK\" \/>\n<meta property=\"og:type\" content=\"article\" \/>\n<meta property=\"og:title\" content=\"Terms &amp; Conditions - Ohmytuft.com\" \/>\n<meta property=\"og:description\" content=\"Forsendelseslande Vi sender vores produkter fra Spanien til hele Den Europ\u00e6iske Union, som omfatter f\u00f8lgende lande: \u00d8strig, Belgien, Bulgarien, Kroatien, Republikken Cypern, Tjekkiet, Danmark, Estland, Finland, Frankrig, Tyskland, Gr\u00e6kenland, Ungarn, Irland, Italien, Letland, Litauen, Luxembourg, Malta, Holland, Polen, Portugal, Rum\u00e6nien, Slovakiet, Slovenien, Spanien og Sverige. Forsendelsesomkostninger Dine forsendelsesomkostninger vil blive beregnet i henhold til dine [&hellip;]\" \/>\n<meta property=\"og:url\" content=\"https:\/\/ohmytuft.com\/da\/terms-conditions\/\" \/>\n<meta property=\"og:site_name\" content=\"Ohmytuft.com\" \/>\n<meta property=\"article:modified_time\" content=\"2024-03-13T18:43:55+00:00\" \/>\n<meta name=\"twitter:card\" content=\"summary_large_image\" \/>\n<meta name=\"twitter:label1\" content=\"Estimeret l\u00e6setid\" \/>\n\t<meta name=\"twitter:data1\" content=\"1 minut\" \/>\n<script type=\"application\/ld+json\" class=\"yoast-schema-graph\">{\"@context\":\"https:\/\/schema.org\",\"@graph\":[{\"@type\":\"WebPage\",\"@id\":\"https:\/\/ohmytuft.com\/da\/terms-conditions\/\",\"url\":\"https:\/\/ohmytuft.com\/da\/terms-conditions\/\",\"name\":\"Terms &amp; Conditions - Ohmytuft.com\",\"isPartOf\":{\"@id\":\"https:\/\/ohmytuft.com\/da\/#website\"},\"datePublished\":\"2021-02-28T21:01:54+00:00\",\"dateModified\":\"2024-03-13T18:43:55+00:00\",\"breadcrumb\":{\"@id\":\"https:\/\/ohmytuft.com\/da\/terms-conditions\/#breadcrumb\"},\"inLanguage\":\"da-DK\",\"potentialAction\":[{\"@type\":\"ReadAction\",\"target\":[\"https:\/\/ohmytuft.com\/da\/terms-conditions\/\"]}]},{\"@type\":\"BreadcrumbList\",\"@id\":\"https:\/\/ohmytuft.com\/da\/terms-conditions\/#breadcrumb\",\"itemListElement\":[{\"@type\":\"ListItem\",\"position\":1,\"name\":\"Home\",\"item\":\"https:\/\/ohmytuft.com\/da\/\"},{\"@type\":\"ListItem\",\"position\":2,\"name\":\"Terms &amp; Conditions\"}]},{\"@type\":\"WebSite\",\"@id\":\"https:\/\/ohmytuft.com\/da\/#website\",\"url\":\"https:\/\/ohmytuft.com\/da\/\",\"name\":\"Oh my tuft\",\"description\":\"Oh my tuft\",\"publisher\":{\"@id\":\"https:\/\/ohmytuft.com\/da\/#organization\"},\"potentialAction\":[{\"@type\":\"SearchAction\",\"target\":{\"@type\":\"EntryPoint\",\"urlTemplate\":\"https:\/\/ohmytuft.com\/da\/?s={search_term_string}\"},\"query-input\":{\"@type\":\"PropertyValueSpecification\",\"valueRequired\":true,\"valueName\":\"search_term_string\"}}],\"inLanguage\":\"da-DK\"},{\"@type\":\"Organization\",\"@id\":\"https:\/\/ohmytuft.com\/da\/#organization\",\"name\":\"Oh my tuft\",\"url\":\"https:\/\/ohmytuft.com\/da\/\",\"logo\":{\"@type\":\"ImageObject\",\"inLanguage\":\"da-DK\",\"@id\":\"https:\/\/ohmytuft.com\/da\/#\/schema\/logo\/image\/\",\"url\":\"https:\/\/ohmytuft.com\/wp-content\/uploads\/2021\/02\/WEB-20.png\",\"contentUrl\":\"https:\/\/ohmytuft.com\/wp-content\/uploads\/2021\/02\/WEB-20.png\",\"width\":2085,\"height\":764,\"caption\":\"Oh my tuft\"},\"image\":{\"@id\":\"https:\/\/ohmytuft.com\/da\/#\/schema\/logo\/image\/\"},\"sameAs\":[\"https:\/\/www.instagram.com\/tuftinggunsupplies\/\",\"https:\/\/www.tiktok.com\/@tuftinggun\"]}]}<\/script>\n<!-- \/ Yoast SEO plugin. -->","yoast_head_json":{"title":"Terms &amp; Conditions - Ohmytuft.com","robots":{"index":"noindex","follow":"follow"},"og_locale":"da_DK","og_type":"article","og_title":"Terms &amp; Conditions - Ohmytuft.com","og_description":"Forsendelseslande Vi sender vores produkter fra Spanien til hele Den Europ\u00e6iske Union, som omfatter f\u00f8lgende lande: \u00d8strig, Belgien, Bulgarien, Kroatien, Republikken Cypern, Tjekkiet, Danmark, Estland, Finland, Frankrig, Tyskland, Gr\u00e6kenland, Ungarn, Irland, Italien, Letland, Litauen, Luxembourg, Malta, Holland, Polen, Portugal, Rum\u00e6nien, Slovakiet, Slovenien, Spanien og Sverige. Forsendelsesomkostninger Dine forsendelsesomkostninger vil blive beregnet i henhold til dine [&hellip;]","og_url":"https:\/\/ohmytuft.com\/da\/terms-conditions\/","og_site_name":"Ohmytuft.com","article_modified_time":"2024-03-13T18:43:55+00:00","twitter_card":"summary_large_image","twitter_misc":{"Estimeret l\u00e6setid":"1 minut"},"schema":{"@context":"https:\/\/schema.org","@graph":[{"@type":"WebPage","@id":"https:\/\/ohmytuft.com\/da\/terms-conditions\/","url":"https:\/\/ohmytuft.com\/da\/terms-conditions\/","name":"Terms &amp; Conditions - Ohmytuft.com","isPartOf":{"@id":"https:\/\/ohmytuft.com\/da\/#website"},"datePublished":"2021-02-28T21:01:54+00:00","dateModified":"2024-03-13T18:43:55+00:00","breadcrumb":{"@id":"https:\/\/ohmytuft.com\/da\/terms-conditions\/#breadcrumb"},"inLanguage":"da-DK","potentialAction":[{"@type":"ReadAction","target":["https:\/\/ohmytuft.com\/da\/terms-conditions\/"]}]},{"@type":"BreadcrumbList","@id":"https:\/\/ohmytuft.com\/da\/terms-conditions\/#breadcrumb","itemListElement":[{"@type":"ListItem","position":1,"name":"Home","item":"https:\/\/ohmytuft.com\/da\/"},{"@type":"ListItem","position":2,"name":"Terms &amp; Conditions"}]},{"@type":"WebSite","@id":"https:\/\/ohmytuft.com\/da\/#website","url":"https:\/\/ohmytuft.com\/da\/","name":"Oh my tuft","description":"Oh my tuft","publisher":{"@id":"https:\/\/ohmytuft.com\/da\/#organization"},"potentialAction":[{"@type":"SearchAction","target":{"@type":"EntryPoint","urlTemplate":"https:\/\/ohmytuft.com\/da\/?s={search_term_string}"},"query-input":{"@type":"PropertyValueSpecification","valueRequired":true,"valueName":"search_term_string"}}],"inLanguage":"da-DK"},{"@type":"Organization","@id":"https:\/\/ohmytuft.com\/da\/#organization","name":"Oh my tuft","url":"https:\/\/ohmytuft.com\/da\/","logo":{"@type":"ImageObject","inLanguage":"da-DK","@id":"https:\/\/ohmytuft.com\/da\/#\/schema\/logo\/image\/","url":"https:\/\/ohmytuft.com\/wp-content\/uploads\/2021\/02\/WEB-20.png","contentUrl":"https:\/\/ohmytuft.com\/wp-content\/uploads\/2021\/02\/WEB-20.png","width":2085,"height":764,"caption":"Oh my tuft"},"image":{"@id":"https:\/\/ohmytuft.com\/da\/#\/schema\/logo\/image\/"},"sameAs":["https:\/\/www.instagram.com\/tuftinggunsupplies\/","https:\/\/www.tiktok.com\/@tuftinggun"]}]}},"_links":{"self":[{"href":"https:\/\/ohmytuft.com\/da\/wp-json\/wp\/v2\/pages\/6677","targetHints":{"allow":["GET"]}}],"collection":[{"href":"https:\/\/ohmytuft.com\/da\/wp-json\/wp\/v2\/pages"}],"about":[{"href":"https:\/\/ohmytuft.com\/da\/wp-json\/wp\/v2\/types\/page"}],"author":[{"embeddable":true,"href":"https:\/\/ohmytuft.com\/da\/wp-json\/wp\/v2\/users\/3"}],"replies":[{"embeddable":true,"href":"https:\/\/ohmytuft.com\/da\/wp-json\/wp\/v2\/comments?post=6677"}],"version-history":[{"count":0,"href":"https:\/\/ohmytuft.com\/da\/wp-json\/wp\/v2\/pages\/6677\/revisions"}],"wp:attachment":[{"href":"https:\/\/ohmytuft.com\/da\/wp-json\/wp\/v2\/media?parent=6677"}],"curies":[{"name":"wp","href":"https:\/\/api.w.org\/{rel}","templated":true}]}}