{"id":6680,"date":"2020-10-08T16:26:21","date_gmt":"2020-10-08T16:26:21","guid":{"rendered":"https:\/\/ohmytuft.com\/cookies\/"},"modified":"2024-03-13T18:43:57","modified_gmt":"2024-03-13T18:43:57","slug":"cookies","status":"publish","type":"page","link":"https:\/\/ohmytuft.com\/da\/cookies\/","title":{"rendered":"Cookies"},"content":{"rendered":"\n<p>Dette er cookiepolitikken for Tufting Gun Supplies, tilg\u00e6ngelig fra https:\/\/ohmytuft.com<\/p>\n\n<p><strong>Hvad er cookies?<\/strong><\/p>\n\n<p>Som det er almindelig praksis p\u00e5 n\u00e6sten alle professionelle websteder, bruger dette websted cookies, som er sm\u00e5 filer, der downloades til din computer, for at forbedre din oplevelse. Denne side beskriver, hvilke oplysninger de indsamler, hvordan vi bruger dem, og hvorfor vi nogle gange er n\u00f8dt til at gemme disse cookies. Vi vil ogs\u00e5 fort\u00e6lle, hvordan du kan forhindre, at disse cookies gemmes, men det kan nedgradere eller &#8220;\u00f8del\u00e6gge&#8221; visse elementer af webstedets funktionalitet.<\/p>\n\n<p>For mere generel information om cookies, l\u00e6s venligst <a href=\"https:\/\/www.cookieconsent.com\/what-are-cookies\/\">&#8220;Hvad er cookies&#8221;<\/a>.  <\/p>\n\n<p><strong>S\u00e5dan bruger vi cookies<\/strong><\/p>\n\n<p>Vi bruger cookies af en r\u00e6kke forskellige \u00e5rsager, som er beskrevet nedenfor. Desv\u00e6rre er der i de fleste tilf\u00e6lde ingen industristandardmuligheder for at deaktivere cookies uden helt at deaktivere den funktionalitet og de funktioner, de tilf\u00f8jer til dette websted. Det anbefales, at du lader alle cookies v\u00e6re aktiveret, hvis du ikke er sikker p\u00e5, om du har brug for dem eller ej, hvis de bruges til at levere en tjeneste, som du bruger.<\/p>\n\n<p><strong>Deaktivering af cookies<\/strong><\/p>\n\n<p>Du kan forhindre indstillingen af cookies ved at justere indstillingerne i din browser (se din browserhj\u00e6lp for, hvordan du g\u00f8r dette). V\u00e6r opm\u00e6rksom p\u00e5, at deaktivering af cookies vil p\u00e5virke funktionaliteten af denne og mange andre hjemmesider, som du bes\u00f8ger. Deaktivering af cookies vil normalt ogs\u00e5 resultere i deaktivering af visse funktioner og egenskaber p\u00e5 dette websted. Derfor anbefales det, at du ikke deaktiverer cookies.<\/p>\n\n<p><strong>De cookies, vi s\u00e6tter<\/strong><\/p>\n\n<ul class=\"wp-block-list\"><li>Kontorelaterede cookies Hvis du opretter en konto hos os, bruger vi cookies til styring af tilmeldingsprocessen og generel administration. Disse cookies vil normalt blive slettet, n\u00e5r du logger ud, men i nogle tilf\u00e6lde kan de blive siddende for at huske dine pr\u00e6ferencer, n\u00e5r du er logget ud.<\/li><li>Login-relaterede cookies Vi bruger cookies, n\u00e5r du er logget ind, s\u00e5 vi kan huske det. P\u00e5 den m\u00e5de slipper du for at skulle logge ind, hver gang du bes\u00f8ger en ny side. Disse cookies fjernes eller slettes typisk, n\u00e5r du logger ud for at sikre, at du kun kan f\u00e5 adgang til begr\u00e6nsede funktioner og omr\u00e5der, n\u00e5r du er logget ind.<\/li><li>E-mail-nyhedsbrevsrelaterede cookies Dette websted tilbyder nyhedsbrev eller e-mail-abonnementstjenester, og cookies kan bruges til at huske, om du allerede er registreret, og om der skal vises visse meddelelser, som muligvis kun er gyldige for tilmeldte\/frameldte brugere.<\/li><li>Cookies relateret til ordrebehandling Dette websted tilbyder e-handel eller betalingsfaciliteter, og nogle cookies er vigtige for at sikre, at din ordre huskes mellem siderne, s\u00e5 vi kan behandle den korrekt.<\/li><li>Formularrelaterede cookies N\u00e5r du indsender data via en formular som dem, der findes p\u00e5 kontaktsider eller kommentarformularer, kan der indstilles cookies til at huske dine brugeroplysninger til fremtidig korrespondance.<\/li><\/ul>\n\n<p><strong>Cookies fra tredjeparter<\/strong><\/p>\n\n<p>I nogle s\u00e6rlige tilf\u00e6lde bruger vi ogs\u00e5 cookies fra betroede tredjeparter. F\u00f8lgende afsnit beskriver, hvilke tredjepartscookies du kan st\u00f8de p\u00e5 via dette websted.<\/p>\n\n<ul class=\"wp-block-list\"><li>Dette websted bruger Google Analytics, som er en af de mest udbredte og p\u00e5lidelige analysel\u00f8sninger p\u00e5 nettet, der hj\u00e6lper os med at forst\u00e5, hvordan du bruger webstedet, og hvordan vi kan forbedre din oplevelse. Disse cookies kan spore ting som, hvor lang tid du bruger p\u00e5 webstedet, og de sider, du bes\u00f8ger, s\u00e5 vi kan forts\u00e6tte med at producere engagerende indhold. For mere information om Google Analytics-cookies, se den officielle Google Analytics-side.<\/li><li>Vi bruger ogs\u00e5 knapper til sociale medier og\/eller plugins p\u00e5 dette websted, der giver dig mulighed for at oprette forbindelse til dit sociale netv\u00e6rk p\u00e5 forskellige m\u00e5der. For at disse kan fungere, vil f\u00f8lgende sociale mediesider, herunder: Instagram, Tik Tok, Youtube, vil s\u00e6tte cookies via vores hjemmeside, som kan bruges til at forbedre din profil p\u00e5 deres hjemmeside eller bidrage til de data, de har til forskellige form\u00e5l, der er beskrevet i deres respektive privatlivspolitikker.<\/li><\/ul>\n\n<p><strong>Mere information<\/strong><\/p>\n\n<p>Forh\u00e5bentlig har det afklaret tingene for dig, og som tidligere n\u00e6vnt, hvis der er noget, du ikke er sikker p\u00e5, om du har brug for eller ej, er det normalt sikrere at lade cookies v\u00e6re aktiveret i tilf\u00e6lde af, at det interagerer med en af de funktioner, du bruger p\u00e5 vores websted.<\/p>\n\n<p>Men hvis du stadig er p\u00e5 udkig efter flere oplysninger, kan du kontakte os via en af vores foretrukne kontaktmetoder:<\/p>\n\n<ul class=\"wp-block-list\"><li>Ved at bes\u00f8ge dette link: https:\/\/ohmytuft.com\/contact\/<\/li><\/ul>\n","protected":false},"excerpt":{"rendered":"<p>Dette er cookiepolitikken for Tufting Gun Supplies, tilg\u00e6ngelig fra https:\/\/ohmytuft.com Hvad er cookies? Som det er almindelig praksis p\u00e5 n\u00e6sten alle professionelle websteder, bruger dette websted cookies, som er sm\u00e5 filer, der downloades til din computer, for at forbedre din oplevelse. Denne side beskriver, hvilke oplysninger de indsamler, hvordan vi bruger dem, og hvorfor vi [&hellip;]<\/p>\n","protected":false},"author":3,"featured_media":0,"parent":0,"menu_order":0,"comment_status":"closed","ping_status":"closed","template":"","meta":{"_joinchat":[],"footnotes":""},"class_list":["post-6680","page","type-page","status-publish","hentry"],"yoast_head":"<!-- This site is optimized with the Yoast SEO plugin v27.2 - https:\/\/yoast.com\/product\/yoast-seo-wordpress\/ -->\n<title>Cookies - Ohmytuft.com<\/title>\n<meta name=\"robots\" content=\"noindex, follow\" \/>\n<meta property=\"og:locale\" content=\"da_DK\" \/>\n<meta property=\"og:type\" content=\"article\" \/>\n<meta property=\"og:title\" content=\"Cookies - Ohmytuft.com\" \/>\n<meta property=\"og:description\" content=\"Dette er cookiepolitikken for Tufting Gun Supplies, tilg\u00e6ngelig fra https:\/\/ohmytuft.com Hvad er cookies? Som det er almindelig praksis p\u00e5 n\u00e6sten alle professionelle websteder, bruger dette websted cookies, som er sm\u00e5 filer, der downloades til din computer, for at forbedre din oplevelse. Denne side beskriver, hvilke oplysninger de indsamler, hvordan vi bruger dem, og hvorfor vi [&hellip;]\" \/>\n<meta property=\"og:url\" content=\"https:\/\/ohmytuft.com\/da\/cookies\/\" \/>\n<meta property=\"og:site_name\" content=\"Ohmytuft.com\" \/>\n<meta property=\"article:modified_time\" content=\"2024-03-13T18:43:57+00:00\" \/>\n<meta name=\"twitter:card\" content=\"summary_large_image\" \/>\n<meta name=\"twitter:label1\" content=\"Estimeret l\u00e6setid\" \/>\n\t<meta name=\"twitter:data1\" content=\"4 minutter\" \/>\n<script type=\"application\/ld+json\" class=\"yoast-schema-graph\">{\"@context\":\"https:\/\/schema.org\",\"@graph\":[{\"@type\":\"WebPage\",\"@id\":\"https:\/\/ohmytuft.com\/da\/cookies\/\",\"url\":\"https:\/\/ohmytuft.com\/da\/cookies\/\",\"name\":\"Cookies - Ohmytuft.com\",\"isPartOf\":{\"@id\":\"https:\/\/ohmytuft.com\/da\/#website\"},\"datePublished\":\"2020-10-08T16:26:21+00:00\",\"dateModified\":\"2024-03-13T18:43:57+00:00\",\"breadcrumb\":{\"@id\":\"https:\/\/ohmytuft.com\/da\/cookies\/#breadcrumb\"},\"inLanguage\":\"da-DK\",\"potentialAction\":[{\"@type\":\"ReadAction\",\"target\":[\"https:\/\/ohmytuft.com\/da\/cookies\/\"]}]},{\"@type\":\"BreadcrumbList\",\"@id\":\"https:\/\/ohmytuft.com\/da\/cookies\/#breadcrumb\",\"itemListElement\":[{\"@type\":\"ListItem\",\"position\":1,\"name\":\"Home\",\"item\":\"https:\/\/ohmytuft.com\/da\/\"},{\"@type\":\"ListItem\",\"position\":2,\"name\":\"Cookies\"}]},{\"@type\":\"WebSite\",\"@id\":\"https:\/\/ohmytuft.com\/da\/#website\",\"url\":\"https:\/\/ohmytuft.com\/da\/\",\"name\":\"Oh my tuft\",\"description\":\"Oh my tuft\",\"publisher\":{\"@id\":\"https:\/\/ohmytuft.com\/da\/#organization\"},\"potentialAction\":[{\"@type\":\"SearchAction\",\"target\":{\"@type\":\"EntryPoint\",\"urlTemplate\":\"https:\/\/ohmytuft.com\/da\/?s={search_term_string}\"},\"query-input\":{\"@type\":\"PropertyValueSpecification\",\"valueRequired\":true,\"valueName\":\"search_term_string\"}}],\"inLanguage\":\"da-DK\"},{\"@type\":\"Organization\",\"@id\":\"https:\/\/ohmytuft.com\/da\/#organization\",\"name\":\"Oh my tuft\",\"url\":\"https:\/\/ohmytuft.com\/da\/\",\"logo\":{\"@type\":\"ImageObject\",\"inLanguage\":\"da-DK\",\"@id\":\"https:\/\/ohmytuft.com\/da\/#\/schema\/logo\/image\/\",\"url\":\"https:\/\/ohmytuft.com\/wp-content\/uploads\/2021\/02\/WEB-20.png\",\"contentUrl\":\"https:\/\/ohmytuft.com\/wp-content\/uploads\/2021\/02\/WEB-20.png\",\"width\":2085,\"height\":764,\"caption\":\"Oh my tuft\"},\"image\":{\"@id\":\"https:\/\/ohmytuft.com\/da\/#\/schema\/logo\/image\/\"},\"sameAs\":[\"https:\/\/www.instagram.com\/tuftinggunsupplies\/\",\"https:\/\/www.tiktok.com\/@tuftinggun\"]}]}<\/script>\n<!-- \/ Yoast SEO plugin. -->","yoast_head_json":{"title":"Cookies - Ohmytuft.com","robots":{"index":"noindex","follow":"follow"},"og_locale":"da_DK","og_type":"article","og_title":"Cookies - Ohmytuft.com","og_description":"Dette er cookiepolitikken for Tufting Gun Supplies, tilg\u00e6ngelig fra https:\/\/ohmytuft.com Hvad er cookies? Som det er almindelig praksis p\u00e5 n\u00e6sten alle professionelle websteder, bruger dette websted cookies, som er sm\u00e5 filer, der downloades til din computer, for at forbedre din oplevelse. Denne side beskriver, hvilke oplysninger de indsamler, hvordan vi bruger dem, og hvorfor vi [&hellip;]","og_url":"https:\/\/ohmytuft.com\/da\/cookies\/","og_site_name":"Ohmytuft.com","article_modified_time":"2024-03-13T18:43:57+00:00","twitter_card":"summary_large_image","twitter_misc":{"Estimeret l\u00e6setid":"4 minutter"},"schema":{"@context":"https:\/\/schema.org","@graph":[{"@type":"WebPage","@id":"https:\/\/ohmytuft.com\/da\/cookies\/","url":"https:\/\/ohmytuft.com\/da\/cookies\/","name":"Cookies - Ohmytuft.com","isPartOf":{"@id":"https:\/\/ohmytuft.com\/da\/#website"},"datePublished":"2020-10-08T16:26:21+00:00","dateModified":"2024-03-13T18:43:57+00:00","breadcrumb":{"@id":"https:\/\/ohmytuft.com\/da\/cookies\/#breadcrumb"},"inLanguage":"da-DK","potentialAction":[{"@type":"ReadAction","target":["https:\/\/ohmytuft.com\/da\/cookies\/"]}]},{"@type":"BreadcrumbList","@id":"https:\/\/ohmytuft.com\/da\/cookies\/#breadcrumb","itemListElement":[{"@type":"ListItem","position":1,"name":"Home","item":"https:\/\/ohmytuft.com\/da\/"},{"@type":"ListItem","position":2,"name":"Cookies"}]},{"@type":"WebSite","@id":"https:\/\/ohmytuft.com\/da\/#website","url":"https:\/\/ohmytuft.com\/da\/","name":"Oh my tuft","description":"Oh my tuft","publisher":{"@id":"https:\/\/ohmytuft.com\/da\/#organization"},"potentialAction":[{"@type":"SearchAction","target":{"@type":"EntryPoint","urlTemplate":"https:\/\/ohmytuft.com\/da\/?s={search_term_string}"},"query-input":{"@type":"PropertyValueSpecification","valueRequired":true,"valueName":"search_term_string"}}],"inLanguage":"da-DK"},{"@type":"Organization","@id":"https:\/\/ohmytuft.com\/da\/#organization","name":"Oh my tuft","url":"https:\/\/ohmytuft.com\/da\/","logo":{"@type":"ImageObject","inLanguage":"da-DK","@id":"https:\/\/ohmytuft.com\/da\/#\/schema\/logo\/image\/","url":"https:\/\/ohmytuft.com\/wp-content\/uploads\/2021\/02\/WEB-20.png","contentUrl":"https:\/\/ohmytuft.com\/wp-content\/uploads\/2021\/02\/WEB-20.png","width":2085,"height":764,"caption":"Oh my tuft"},"image":{"@id":"https:\/\/ohmytuft.com\/da\/#\/schema\/logo\/image\/"},"sameAs":["https:\/\/www.instagram.com\/tuftinggunsupplies\/","https:\/\/www.tiktok.com\/@tuftinggun"]}]}},"_links":{"self":[{"href":"https:\/\/ohmytuft.com\/da\/wp-json\/wp\/v2\/pages\/6680","targetHints":{"allow":["GET"]}}],"collection":[{"href":"https:\/\/ohmytuft.com\/da\/wp-json\/wp\/v2\/pages"}],"about":[{"href":"https:\/\/ohmytuft.com\/da\/wp-json\/wp\/v2\/types\/page"}],"author":[{"embeddable":true,"href":"https:\/\/ohmytuft.com\/da\/wp-json\/wp\/v2\/users\/3"}],"replies":[{"embeddable":true,"href":"https:\/\/ohmytuft.com\/da\/wp-json\/wp\/v2\/comments?post=6680"}],"version-history":[{"count":0,"href":"https:\/\/ohmytuft.com\/da\/wp-json\/wp\/v2\/pages\/6680\/revisions"}],"wp:attachment":[{"href":"https:\/\/ohmytuft.com\/da\/wp-json\/wp\/v2\/media?parent=6680"}],"curies":[{"name":"wp","href":"https:\/\/api.w.org\/{rel}","templated":true}]}}