{"id":6700,"date":"2020-10-06T14:03:14","date_gmt":"2020-10-06T14:03:14","guid":{"rendered":"https:\/\/ohmytuft.com\/privacy-policy\/"},"modified":"2024-03-13T18:43:58","modified_gmt":"2024-03-13T18:43:58","slug":"privacy-policy","status":"publish","type":"page","link":"https:\/\/ohmytuft.com\/da\/privacy-policy\/","title":{"rendered":"Privacy Policy"},"content":{"rendered":"\n<p>Hos Tufting Gun Supplies, der er tilg\u00e6ngelig fra https:\/\/ohmytuft.com\/, er en af vores vigtigste prioriteter vores bes\u00f8gendes privatliv. Dette dokument om fortrolighedspolitik indeholder typer af oplysninger, der indsamles og registreres af Tufting Gun Supplies, og hvordan vi bruger dem.<\/p>\n\n<p>Hvis du har yderligere sp\u00f8rgsm\u00e5l eller brug for mere information om vores privatlivspolitik, er du velkommen til at kontakte os.<\/p>\n\n<p>Denne fortrolighedspolitik g\u00e6lder kun for vores onlineaktiviteter og er gyldig for bes\u00f8gende p\u00e5 vores websted med hensyn til de oplysninger, som de delte og\/eller indsamler i Tufting Gun Supplies. Denne politik g\u00e6lder ikke for oplysninger, der indsamles offline eller via andre kanaler end denne hjemmeside.  <\/p>\n\n<h2 class=\"wp-block-heading\">Samtykke<\/h2>\n\n<p>Ved at bruge vores hjemmeside giver du hermed dit samtykke til vores privatlivspolitik og accepterer dens vilk\u00e5r.<\/p>\n\n<h2 class=\"wp-block-heading\">Oplysninger, vi indsamler<\/h2>\n\n<p>De personlige oplysninger, som du bliver bedt om at give, og grundene til, at du bliver bedt om at give dem, vil blive gjort klart for dig p\u00e5 det tidspunkt, hvor vi beder dig om at give dine personlige oplysninger.<\/p>\n\n<p>Hvis du kontakter os direkte, kan vi modtage yderligere oplysninger om dig, s\u00e5som dit navn, din e-mailadresse, dit telefonnummer, indholdet af den besked og\/eller de vedh\u00e6ftede filer, du m\u00e5tte sende os, og alle andre oplysninger, du m\u00e5tte v\u00e6lge at give.<\/p>\n\n<p>N\u00e5r du opretter en konto, kan vi bede om dine kontaktoplysninger, herunder navn, firmanavn, adresse, e-mailadresse og telefonnummer.<\/p>\n\n<h2 class=\"wp-block-heading\">S\u00e5dan bruger vi dine oplysninger<\/h2>\n\n<p>Vi bruger de oplysninger, vi indsamler, p\u00e5 forskellige m\u00e5der, bl.a. til at:<\/p>\n\n<ul class=\"wp-block-list\"><li>Tilvejebringe, drive og vedligeholde vores webste<\/li><li>Forbedre, personalisere og udvide vores webste<\/li><li>Forst\u00e5 og analysere, hvordan du bruger vores webste<\/li><li>Udvikle nye produkter, tjenester, funktioner og funktionalitet<\/li><li>Kommunikere med dig, enten direkte eller gennem en af vores partnere, herunder til kundeservice, for at give dig opdateringer og andre oplysninger vedr\u00f8rende webstedet og til markedsf\u00f8rings- og reklameform\u00e5l.<\/li><li>Send dig e-mails<\/li><li>Find og forebyg svindel<\/li><\/ul>\n\n<h2 class=\"wp-block-heading\">Logfiler<\/h2>\n\n<p>Tufting Gun Supplies f\u00f8lger en standardprocedure for brug af logfiler. Disse filer logger bes\u00f8gende, n\u00e5r de bes\u00f8ger hjemmesider. Alle hostingfirmaer g\u00f8r dette, og det er en del af hostingtjenesternes analyser. De oplysninger, der indsamles af logfiler, omfatter IP-adresser (Internet Protocol), browsertype, internetudbyder (ISP), dato- og tidsstempel, henvisnings-\/udgangssider og muligvis antallet af klik. Disse er ikke knyttet til nogen oplysninger, der kan identificeres personligt. Form\u00e5let med oplysningerne er at analysere tendenser, administrere webstedet, spore brugernes bev\u00e6gelser p\u00e5 webstedet og indsamle demografiske oplysninger.<\/p>\n\n<h2 class=\"wp-block-heading\">Cookies og web-beacons<\/h2>\n\n<p>Som alle andre hjemmesider bruger Tufting Gun Supplies &#8216;cookies&#8217;. Disse cookies bruges til at gemme oplysninger, herunder de bes\u00f8gendes pr\u00e6ferencer, og de sider p\u00e5 hjemmesiden, som den bes\u00f8gende har tilg\u00e5et eller bes\u00f8gt. Oplysningerne bruges til at optimere brugernes oplevelse ved at tilpasse vores websideindhold baseret p\u00e5 de bes\u00f8gendes browsertype og\/eller andre oplysninger.<\/p>\n\n<h2 class=\"wp-block-heading\">Reklamepartnere Privatlivspolitik<\/h2>\n\n<p>Du kan konsultere denne liste for at finde privatlivspolitikken for hver af reklamepartnerne for Tufting Gun Supplies.<\/p>\n\n<p>Tredjeparts annonceservere eller annoncenetv\u00e6rk bruger teknologier som cookies, JavaScript eller Web Beacons, der bruges i deres respektive reklamer og links, der vises p\u00e5 Tufting Gun Supplies, som sendes direkte til brugernes browser. De modtager automatisk din IP-adresse, n\u00e5r det sker. Disse teknologier bruges til at m\u00e5le effektiviteten af deres reklamekampagner og\/eller til at personligg\u00f8re det reklameindhold, du ser p\u00e5 de hjemmesider, du bes\u00f8ger.<\/p>\n\n<p>Bem\u00e6rk, at Tufting Gun Supplies ikke har adgang til eller kontrol over disse cookies, der bruges af tredjepartsannonc\u00f8rer.<\/p>\n\n<h2 class=\"wp-block-heading\">Tredjeparts privatlivspolitik<\/h2>\n\n<p>Tufting Gun Supplies&#8217; privatlivspolitik g\u00e6lder ikke for andre annonc\u00f8rer eller hjemmesider. Derfor anbefaler vi, at du l\u00e6ser de respektive privatlivspolitikker for disse tredjeparts annonceservere for at f\u00e5 mere detaljerede oplysninger. Det kan omfatte deres praksis og instruktioner om, hvordan man frav\u00e6lger visse muligheder.<\/p>\n\n<p>Du kan v\u00e6lge at deaktivere cookies via dine individuelle browserindstillinger. Hvis du vil have mere detaljerede oplysninger om cookieh\u00e5ndtering med specifikke webbrowsere, kan du finde dem p\u00e5 browsernes respektive hjemmesider.<\/p>\n\n<h2 class=\"wp-block-heading\">CCPA Privacy Rights (S\u00e6lg ikke mine personlige oplysninger)<\/h2>\n\n<p>I henhold til CCPA har californiske forbrugere blandt andet ret til:<\/p>\n\n<p>Anmode om, at en virksomhed, der indsamler en forbrugers personlige data, offentligg\u00f8r de kategorier og specifikke stykker personlige data, som virksomheden har indsamlet om forbrugerne.<\/p>\n\n<p>Anmode om, at en virksomhed sletter alle personlige data om forbrugeren, som en virksomhed har indsamlet.<\/p>\n\n<p>Anmod om, at en virksomhed, der s\u00e6lger en forbrugers personlige data, ikke s\u00e6lger forbrugerens personlige data.<\/p>\n\n<p>Hvis du frems\u00e6tter en anmodning, har vi en m\u00e5ned til at svare dig. Hvis du \u00f8nsker at ud\u00f8ve nogen af disse rettigheder, bedes du kontakte os.<\/p>\n\n<h2 class=\"wp-block-heading\">GDPR databeskyttelsesrettigheder<\/h2>\n\n<p>Vi vil gerne sikre os, at du er fuldt ud klar over alle dine databeskyttelsesrettigheder. Alle brugere har ret til f\u00f8lgende:<\/p>\n\n<p>Retten til adgang &#8211; Du har ret til at anmode om kopier af dine personlige data. Vi kan opkr\u00e6ve et mindre gebyr for denne service.<\/p>\n\n<p>Retten til berigtigelse &#8211; Du har ret til at anmode om, at vi retter alle oplysninger, som du mener er un\u00f8jagtige. Du har ogs\u00e5 ret til at anmode om, at vi supplerer de oplysninger, som du mener er ufuldst\u00e6ndige.<\/p>\n\n<p>Retten til sletning &#8211; Du har ret til at anmode om, at vi sletter dine personlige data under visse betingelser.<\/p>\n\n<p>Retten til at begr\u00e6nse behandlingen &#8211; Du har ret til at anmode om, at vi begr\u00e6nser behandlingen af dine personlige data under visse betingelser.<\/p>\n\n<p>Retten til at g\u00f8re indsigelse mod behandling &#8211; Du har ret til at g\u00f8re indsigelse mod vores behandling af dine personlige data under visse betingelser.<\/p>\n\n<p>Retten til dataportabilitet &#8211; Du har ret til at anmode om, at vi overf\u00f8rer de data, vi har indsamlet, til en anden organisation eller direkte til dig under visse betingelser.<\/p>\n\n<p>Hvis du frems\u00e6tter en anmodning, har vi en m\u00e5ned til at svare dig. Hvis du \u00f8nsker at ud\u00f8ve nogen af disse rettigheder, bedes du kontakte os.<\/p>\n\n<h2 class=\"wp-block-heading\">Information til b\u00f8rn<\/h2>\n\n<p>En anden del af vores prioritet er at tilf\u00f8je beskyttelse til b\u00f8rn, n\u00e5r de bruger internettet. Vi opfordrer for\u00e6ldre og v\u00e6rger til at observere, deltage i og\/eller overv\u00e5ge og vejlede deres onlineaktiviteter.<\/p>\n\n<p>Tufting Gun Supplies indsamler ikke bevidst nogen personlig identificerbar information fra b\u00f8rn under 13 \u00e5r. Hvis du mener, at dit barn har givet denne type oplysninger p\u00e5 vores hjemmeside, opfordrer vi dig kraftigt til at kontakte os med det samme, og vi vil g\u00f8re vores bedste for hurtigt at fjerne s\u00e5danne oplysninger fra vores registre.<\/p>\n","protected":false},"excerpt":{"rendered":"<p>Hos Tufting Gun Supplies, der er tilg\u00e6ngelig fra https:\/\/ohmytuft.com\/, er en af vores vigtigste prioriteter vores bes\u00f8gendes privatliv. Dette dokument om fortrolighedspolitik indeholder typer af oplysninger, der indsamles og registreres af Tufting Gun Supplies, og hvordan vi bruger dem. Hvis du har yderligere sp\u00f8rgsm\u00e5l eller brug for mere information om vores privatlivspolitik, er du velkommen [&hellip;]<\/p>\n","protected":false},"author":3,"featured_media":0,"parent":0,"menu_order":0,"comment_status":"closed","ping_status":"open","template":"","meta":{"_joinchat":[],"footnotes":""},"class_list":["post-6700","page","type-page","status-publish","hentry"],"yoast_head":"<!-- This site is optimized with the Yoast SEO plugin v27.2 - https:\/\/yoast.com\/product\/yoast-seo-wordpress\/ -->\n<title>Privacy Policy - Ohmytuft.com<\/title>\n<meta name=\"robots\" content=\"noindex, follow\" \/>\n<meta property=\"og:locale\" content=\"da_DK\" \/>\n<meta property=\"og:type\" content=\"article\" \/>\n<meta property=\"og:title\" content=\"Privacy Policy - Ohmytuft.com\" \/>\n<meta property=\"og:description\" content=\"Hos Tufting Gun Supplies, der er tilg\u00e6ngelig fra https:\/\/ohmytuft.com\/, er en af vores vigtigste prioriteter vores bes\u00f8gendes privatliv. Dette dokument om fortrolighedspolitik indeholder typer af oplysninger, der indsamles og registreres af Tufting Gun Supplies, og hvordan vi bruger dem. Hvis du har yderligere sp\u00f8rgsm\u00e5l eller brug for mere information om vores privatlivspolitik, er du velkommen [&hellip;]\" \/>\n<meta property=\"og:url\" content=\"https:\/\/ohmytuft.com\/da\/privacy-policy\/\" \/>\n<meta property=\"og:site_name\" content=\"Ohmytuft.com\" \/>\n<meta property=\"article:modified_time\" content=\"2024-03-13T18:43:58+00:00\" \/>\n<meta name=\"twitter:card\" content=\"summary_large_image\" \/>\n<meta name=\"twitter:label1\" content=\"Estimeret l\u00e6setid\" \/>\n\t<meta name=\"twitter:data1\" content=\"5 minutter\" \/>\n<script type=\"application\/ld+json\" class=\"yoast-schema-graph\">{\"@context\":\"https:\/\/schema.org\",\"@graph\":[{\"@type\":\"WebPage\",\"@id\":\"https:\/\/ohmytuft.com\/da\/privacy-policy\/\",\"url\":\"https:\/\/ohmytuft.com\/da\/privacy-policy\/\",\"name\":\"Privacy Policy - Ohmytuft.com\",\"isPartOf\":{\"@id\":\"https:\/\/ohmytuft.com\/da\/#website\"},\"datePublished\":\"2020-10-06T14:03:14+00:00\",\"dateModified\":\"2024-03-13T18:43:58+00:00\",\"breadcrumb\":{\"@id\":\"https:\/\/ohmytuft.com\/da\/privacy-policy\/#breadcrumb\"},\"inLanguage\":\"da-DK\",\"potentialAction\":[{\"@type\":\"ReadAction\",\"target\":[\"https:\/\/ohmytuft.com\/da\/privacy-policy\/\"]}]},{\"@type\":\"BreadcrumbList\",\"@id\":\"https:\/\/ohmytuft.com\/da\/privacy-policy\/#breadcrumb\",\"itemListElement\":[{\"@type\":\"ListItem\",\"position\":1,\"name\":\"Home\",\"item\":\"https:\/\/ohmytuft.com\/da\/\"},{\"@type\":\"ListItem\",\"position\":2,\"name\":\"Privacy Policy\"}]},{\"@type\":\"WebSite\",\"@id\":\"https:\/\/ohmytuft.com\/da\/#website\",\"url\":\"https:\/\/ohmytuft.com\/da\/\",\"name\":\"Oh my tuft\",\"description\":\"Oh my tuft\",\"publisher\":{\"@id\":\"https:\/\/ohmytuft.com\/da\/#organization\"},\"potentialAction\":[{\"@type\":\"SearchAction\",\"target\":{\"@type\":\"EntryPoint\",\"urlTemplate\":\"https:\/\/ohmytuft.com\/da\/?s={search_term_string}\"},\"query-input\":{\"@type\":\"PropertyValueSpecification\",\"valueRequired\":true,\"valueName\":\"search_term_string\"}}],\"inLanguage\":\"da-DK\"},{\"@type\":\"Organization\",\"@id\":\"https:\/\/ohmytuft.com\/da\/#organization\",\"name\":\"Oh my tuft\",\"url\":\"https:\/\/ohmytuft.com\/da\/\",\"logo\":{\"@type\":\"ImageObject\",\"inLanguage\":\"da-DK\",\"@id\":\"https:\/\/ohmytuft.com\/da\/#\/schema\/logo\/image\/\",\"url\":\"https:\/\/ohmytuft.com\/wp-content\/uploads\/2021\/02\/WEB-20.png\",\"contentUrl\":\"https:\/\/ohmytuft.com\/wp-content\/uploads\/2021\/02\/WEB-20.png\",\"width\":2085,\"height\":764,\"caption\":\"Oh my tuft\"},\"image\":{\"@id\":\"https:\/\/ohmytuft.com\/da\/#\/schema\/logo\/image\/\"},\"sameAs\":[\"https:\/\/www.instagram.com\/tuftinggunsupplies\/\",\"https:\/\/www.tiktok.com\/@tuftinggun\"]}]}<\/script>\n<!-- \/ Yoast SEO plugin. -->","yoast_head_json":{"title":"Privacy Policy - Ohmytuft.com","robots":{"index":"noindex","follow":"follow"},"og_locale":"da_DK","og_type":"article","og_title":"Privacy Policy - Ohmytuft.com","og_description":"Hos Tufting Gun Supplies, der er tilg\u00e6ngelig fra https:\/\/ohmytuft.com\/, er en af vores vigtigste prioriteter vores bes\u00f8gendes privatliv. Dette dokument om fortrolighedspolitik indeholder typer af oplysninger, der indsamles og registreres af Tufting Gun Supplies, og hvordan vi bruger dem. Hvis du har yderligere sp\u00f8rgsm\u00e5l eller brug for mere information om vores privatlivspolitik, er du velkommen [&hellip;]","og_url":"https:\/\/ohmytuft.com\/da\/privacy-policy\/","og_site_name":"Ohmytuft.com","article_modified_time":"2024-03-13T18:43:58+00:00","twitter_card":"summary_large_image","twitter_misc":{"Estimeret l\u00e6setid":"5 minutter"},"schema":{"@context":"https:\/\/schema.org","@graph":[{"@type":"WebPage","@id":"https:\/\/ohmytuft.com\/da\/privacy-policy\/","url":"https:\/\/ohmytuft.com\/da\/privacy-policy\/","name":"Privacy Policy - Ohmytuft.com","isPartOf":{"@id":"https:\/\/ohmytuft.com\/da\/#website"},"datePublished":"2020-10-06T14:03:14+00:00","dateModified":"2024-03-13T18:43:58+00:00","breadcrumb":{"@id":"https:\/\/ohmytuft.com\/da\/privacy-policy\/#breadcrumb"},"inLanguage":"da-DK","potentialAction":[{"@type":"ReadAction","target":["https:\/\/ohmytuft.com\/da\/privacy-policy\/"]}]},{"@type":"BreadcrumbList","@id":"https:\/\/ohmytuft.com\/da\/privacy-policy\/#breadcrumb","itemListElement":[{"@type":"ListItem","position":1,"name":"Home","item":"https:\/\/ohmytuft.com\/da\/"},{"@type":"ListItem","position":2,"name":"Privacy Policy"}]},{"@type":"WebSite","@id":"https:\/\/ohmytuft.com\/da\/#website","url":"https:\/\/ohmytuft.com\/da\/","name":"Oh my tuft","description":"Oh my tuft","publisher":{"@id":"https:\/\/ohmytuft.com\/da\/#organization"},"potentialAction":[{"@type":"SearchAction","target":{"@type":"EntryPoint","urlTemplate":"https:\/\/ohmytuft.com\/da\/?s={search_term_string}"},"query-input":{"@type":"PropertyValueSpecification","valueRequired":true,"valueName":"search_term_string"}}],"inLanguage":"da-DK"},{"@type":"Organization","@id":"https:\/\/ohmytuft.com\/da\/#organization","name":"Oh my tuft","url":"https:\/\/ohmytuft.com\/da\/","logo":{"@type":"ImageObject","inLanguage":"da-DK","@id":"https:\/\/ohmytuft.com\/da\/#\/schema\/logo\/image\/","url":"https:\/\/ohmytuft.com\/wp-content\/uploads\/2021\/02\/WEB-20.png","contentUrl":"https:\/\/ohmytuft.com\/wp-content\/uploads\/2021\/02\/WEB-20.png","width":2085,"height":764,"caption":"Oh my tuft"},"image":{"@id":"https:\/\/ohmytuft.com\/da\/#\/schema\/logo\/image\/"},"sameAs":["https:\/\/www.instagram.com\/tuftinggunsupplies\/","https:\/\/www.tiktok.com\/@tuftinggun"]}]}},"_links":{"self":[{"href":"https:\/\/ohmytuft.com\/da\/wp-json\/wp\/v2\/pages\/6700","targetHints":{"allow":["GET"]}}],"collection":[{"href":"https:\/\/ohmytuft.com\/da\/wp-json\/wp\/v2\/pages"}],"about":[{"href":"https:\/\/ohmytuft.com\/da\/wp-json\/wp\/v2\/types\/page"}],"author":[{"embeddable":true,"href":"https:\/\/ohmytuft.com\/da\/wp-json\/wp\/v2\/users\/3"}],"replies":[{"embeddable":true,"href":"https:\/\/ohmytuft.com\/da\/wp-json\/wp\/v2\/comments?post=6700"}],"version-history":[{"count":0,"href":"https:\/\/ohmytuft.com\/da\/wp-json\/wp\/v2\/pages\/6700\/revisions"}],"wp:attachment":[{"href":"https:\/\/ohmytuft.com\/da\/wp-json\/wp\/v2\/media?parent=6700"}],"curies":[{"name":"wp","href":"https:\/\/api.w.org\/{rel}","templated":true}]}}