{"id":5621,"date":"2021-02-28T20:55:20","date_gmt":"2021-02-28T20:55:20","guid":{"rendered":"https:\/\/ohmytuft.com\/product\/hand-tufting-gun-ak-i-cut-pile\/"},"modified":"2024-05-25T11:01:09","modified_gmt":"2024-05-25T11:01:09","slug":"tufting-gun-ak-i-cut-pile-da","status":"publish","type":"product","link":"https:\/\/ohmytuft.com\/da\/vare\/tufting-gun-ak-i-cut-pile-da\/","title":{"rendered":"Hand Tufting Gun AK-I &#8211; Cut Pile"},"content":{"rendered":"<p>AK-1 Cut Pile <a href=\"https:\/\/ohmytuft.com\/buy\/tufting-guns\/\"><strong>Tufting Gun<\/strong><\/a> er et bem\u00e6rkelsesv\u00e6rdigt v\u00e6rkt\u00f8j, der er designet til at l\u00f8fte tuftingkunsten til nye h\u00f8jder. Her er en detaljeret beskrivelse og nogle overbevisende grunde til, at det er et must-have for dit tuftingv\u00e6rksted:<\/p>\n<ol>\n<li><strong>Pr\u00e6cision og kontrol<\/strong>: AK-1 Cut Pile Tufting Gun er konstrueret til pr\u00e6cision. Med den kan du nemt skabe indviklede m\u00f8nstre og designs takket v\u00e6re den responsive betjening og den j\u00e6vne drift. Uanset om du arbejder p\u00e5 store t\u00e6pper eller detaljerede v\u00e6goph\u00e6ng, giver dette v\u00e6rkt\u00f8j uovertruffen pr\u00e6cision.<\/li>\n<li><strong>Effektiv og tidsbesparende<\/strong>: Hastighed er en v\u00e6sentlig fordel ved AK-1. Det \u00f8ger din tuftinghastighed dramatisk sammenlignet med manuelle metoder, s\u00e5 du kan f\u00e6rdigg\u00f8re projekter meget hurtigere. Denne effektivitet er en game-changer for b\u00e5de hobbyfolk og professionelle, da den giver st\u00f8rre produktivitet og mulighed for at p\u00e5tage sig flere projekter.<\/li>\n<li><strong>Alsidighed i design<\/strong>: Denne tufting-pistol er specielt lavet til cut pile, en popul\u00e6r tufting-stil, der giver stoffet en plysagtig, fl\u00f8jlsagtig tekstur. Det er ideelt til at skabe luksuri\u00f8se t\u00e6pper, stilfuld v\u00e6gkunst og andre dekorative genstande. Den afsk\u00e5rne luvmetode giver ogs\u00e5 en unik taktil oplevelse, som er meget efterspurgt i boligindretning.<\/li>\n<li><strong>Brugervenlighed<\/strong>: AK-1 er designet med brugervenlighed for \u00f8je. Den er let og nem at man\u00f8vrere, hvilket g\u00f8r den tilg\u00e6ngelig selv for begyndere. Det ergonomiske design reducerer tr\u00e6thed, s\u00e5 du kan arbejde komfortabelt i l\u00e6ngere perioder.<\/li>\n<li><strong>Holdbarhed og p\u00e5lidelighed<\/strong>: AK-1 er konstrueret af materialer af h\u00f8j kvalitet og er bygget til at holde. Det er et p\u00e5lideligt v\u00e6rkt\u00f8j, der kan holde til hyppig brug, og som sikrer, at din investering betaler sig i det lange l\u00f8b.<\/li>\n<li><strong>Forbedret kreativitet<\/strong>: Med AK-1 er det kun fantasien, der s\u00e6tter gr\u00e6nser. Det \u00e5bner op for en verden af kreative muligheder, s\u00e5 du kan eksperimentere med forskellige teksturer, farver og m\u00f8nstre. Dette v\u00e6rkt\u00f8j kan hj\u00e6lpe med at bringe dine mest ambiti\u00f8se designs til live.<\/li>\n<\/ol>\n<p>Sammenfattende er AK-1 Cut Pile Tufting Gun en v\u00e6rdifuld tilf\u00f8jelse til enhver <a href=\"https:\/\/ohmytuft.com\/\"><strong>tuftingkunstner<\/strong><\/a>. Den kombinerer effektivitet, pr\u00e6cision og brugervenlighed i \u00e9t kraftfuldt v\u00e6rkt\u00f8j, hvilket g\u00f8r den ideel til b\u00e5de amat\u00f8rentusiaster og professionelle tuftere. Hvis du investerer i dette v\u00e6rkt\u00f8j, investerer du i kvaliteten og kreativiteten af dine tuftingprojekter.<\/p>\n","protected":false},"excerpt":{"rendered":"<p><b>Electric hand tufting gun &#8211; Cut pile.<\/b><\/p>\n<ul>\n<li>100- 240 V with Europlug<\/li>\n<li>Pileh\u00f8jden kan justeres: 7-21 mm<\/li>\n<li>V\u00e6gt: 1,40 kg<\/li>\n<li>Hastigheden kan justeres: 5-40 sting\/sek og justerbar. Du kan styre hastigheden for detaljer.<\/li>\n<\/ul>\n<p>Denne maskine er nem at l\u00e6re og bruge. Vejledninger kommer snart!<br \/>\nRegelm\u00e6ssig vedligeholdelse giver v\u00e6rkt\u00f8jet l\u00e6ngere levetid.<\/p>\n<p><strong>\u00c6sken indeholder:<\/strong><\/p>\n<ul>\n<li>Tufting Gun Machine<\/li>\n<li>AC\/DC Adapter with Europlug<\/li>\n<li>V\u00e6rkt\u00f8j og skruer til vedligeholdelse<\/li>\n<\/ul>\n<p><strong>Safety First!<\/strong><\/p>\n<ol>\n<li>Brug h\u00f8re- og \u00f8jenv\u00e6rn.<\/li>\n<li>Undg\u00e5 gear og mekanismer.<\/li>\n<li>Sluk for str\u00f8mmen, n\u00e5r du ikke bruger den.<\/li>\n<\/ol>\n","protected":false},"featured_media":8932,"comment_status":"open","ping_status":"closed","template":"","meta":{"_joinchat":[]},"product_brand":[],"product_cat":[280],"product_tag":[],"class_list":{"0":"post-5621","1":"product","2":"type-product","3":"status-publish","4":"has-post-thumbnail","6":"product_cat-tufting-guns-da","8":"first","9":"outofstock","10":"sale","11":"taxable","12":"shipping-taxable","13":"purchasable","14":"product-type-simple"},"yoast_head":"<!-- This site is optimized with the Yoast SEO plugin v27.2 - https:\/\/yoast.com\/product\/yoast-seo-wordpress\/ -->\n<title>Hand Tufting Gun AK-I - Cut Pile - Ohmytuft.com<\/title>\n<meta name=\"robots\" content=\"index, follow, max-snippet:-1, max-image-preview:large, max-video-preview:-1\" \/>\n<link rel=\"canonical\" href=\"https:\/\/ohmytuft.com\/da\/vare\/tufting-gun-ak-i-cut-pile-da\/\" \/>\n<meta property=\"og:locale\" content=\"da_DK\" \/>\n<meta property=\"og:type\" content=\"article\" \/>\n<meta property=\"og:title\" content=\"Hand Tufting Gun AK-I - Cut Pile - Ohmytuft.com\" \/>\n<meta property=\"og:description\" content=\"Electric hand tufting gun - Cut pile.  100- 240 V with Europlug  Pileh\u00f8jden kan justeres: 7-21 mm  V\u00e6gt: 1,40 kg  Hastigheden kan justeres: 5-40 sting\/sek og justerbar. Du kan styre hastigheden for detaljer. Denne maskine er nem at l\u00e6re og bruge. Vejledninger kommer snart! Regelm\u00e6ssig vedligeholdelse giver v\u00e6rkt\u00f8jet l\u00e6ngere levetid. \u00c6sken indeholder:  Tufting Gun Machine  AC\/DC Adapter with Europlug  V\u00e6rkt\u00f8j og skruer til vedligeholdelse Safety First!  Brug h\u00f8re- og \u00f8jenv\u00e6rn.  Undg\u00e5 gear og mekanismer.  Sluk for str\u00f8mmen, n\u00e5r du ikke bruger den.\" \/>\n<meta property=\"og:url\" content=\"https:\/\/ohmytuft.com\/da\/vare\/tufting-gun-ak-i-cut-pile-da\/\" \/>\n<meta property=\"og:site_name\" content=\"Ohmytuft.com\" \/>\n<meta property=\"article:modified_time\" content=\"2024-05-25T11:01:09+00:00\" \/>\n<meta property=\"og:image\" content=\"https:\/\/ohmytuft.com\/wp-content\/uploads\/2021\/02\/23022021-IMG_4393-scaled.jpg\" \/>\n\t<meta property=\"og:image:width\" content=\"2560\" \/>\n\t<meta property=\"og:image:height\" content=\"2560\" \/>\n\t<meta property=\"og:image:type\" content=\"image\/jpeg\" \/>\n<meta name=\"twitter:card\" content=\"summary_large_image\" \/>\n<meta name=\"twitter:label1\" content=\"Estimeret l\u00e6setid\" \/>\n\t<meta name=\"twitter:data1\" content=\"2 minutter\" \/>\n<script type=\"application\/ld+json\" class=\"yoast-schema-graph\">{\"@context\":\"https:\/\/schema.org\",\"@graph\":[{\"@type\":\"WebPage\",\"@id\":\"https:\/\/ohmytuft.com\/da\/vare\/tufting-gun-ak-i-cut-pile-da\/\",\"url\":\"https:\/\/ohmytuft.com\/da\/vare\/tufting-gun-ak-i-cut-pile-da\/\",\"name\":\"Hand Tufting Gun AK-I - Cut Pile - Ohmytuft.com\",\"isPartOf\":{\"@id\":\"https:\/\/ohmytuft.com\/da\/#website\"},\"primaryImageOfPage\":{\"@id\":\"https:\/\/ohmytuft.com\/da\/vare\/tufting-gun-ak-i-cut-pile-da\/#primaryimage\"},\"image\":{\"@id\":\"https:\/\/ohmytuft.com\/da\/vare\/tufting-gun-ak-i-cut-pile-da\/#primaryimage\"},\"thumbnailUrl\":\"https:\/\/ohmytuft.com\/wp-content\/uploads\/2021\/02\/tufting-gun-ak1.png\",\"datePublished\":\"2021-02-28T20:55:20+00:00\",\"dateModified\":\"2024-05-25T11:01:09+00:00\",\"breadcrumb\":{\"@id\":\"https:\/\/ohmytuft.com\/da\/vare\/tufting-gun-ak-i-cut-pile-da\/#breadcrumb\"},\"inLanguage\":\"da-DK\",\"potentialAction\":[{\"@type\":\"ReadAction\",\"target\":[\"https:\/\/ohmytuft.com\/da\/vare\/tufting-gun-ak-i-cut-pile-da\/\"]}]},{\"@type\":\"ImageObject\",\"inLanguage\":\"da-DK\",\"@id\":\"https:\/\/ohmytuft.com\/da\/vare\/tufting-gun-ak-i-cut-pile-da\/#primaryimage\",\"url\":\"https:\/\/ohmytuft.com\/wp-content\/uploads\/2021\/02\/tufting-gun-ak1.png\",\"contentUrl\":\"https:\/\/ohmytuft.com\/wp-content\/uploads\/2021\/02\/tufting-gun-ak1.png\",\"width\":800,\"height\":800,\"caption\":\"tufting gun AK1\"},{\"@type\":\"BreadcrumbList\",\"@id\":\"https:\/\/ohmytuft.com\/da\/vare\/tufting-gun-ak-i-cut-pile-da\/#breadcrumb\",\"itemListElement\":[{\"@type\":\"ListItem\",\"position\":1,\"name\":\"Home\",\"item\":\"https:\/\/ohmytuft.com\/da\/\"},{\"@type\":\"ListItem\",\"position\":2,\"name\":\"Butik\",\"item\":\"https:\/\/ohmytuft.com\/da\/butik\/\"},{\"@type\":\"ListItem\",\"position\":3,\"name\":\"Hand Tufting Gun AK-I &#8211; Cut Pile\"}]},{\"@type\":\"WebSite\",\"@id\":\"https:\/\/ohmytuft.com\/da\/#website\",\"url\":\"https:\/\/ohmytuft.com\/da\/\",\"name\":\"Oh my tuft\",\"description\":\"Oh my tuft\",\"publisher\":{\"@id\":\"https:\/\/ohmytuft.com\/da\/#organization\"},\"potentialAction\":[{\"@type\":\"SearchAction\",\"target\":{\"@type\":\"EntryPoint\",\"urlTemplate\":\"https:\/\/ohmytuft.com\/da\/?s={search_term_string}\"},\"query-input\":{\"@type\":\"PropertyValueSpecification\",\"valueRequired\":true,\"valueName\":\"search_term_string\"}}],\"inLanguage\":\"da-DK\"},{\"@type\":\"Organization\",\"@id\":\"https:\/\/ohmytuft.com\/da\/#organization\",\"name\":\"Oh my tuft\",\"url\":\"https:\/\/ohmytuft.com\/da\/\",\"logo\":{\"@type\":\"ImageObject\",\"inLanguage\":\"da-DK\",\"@id\":\"https:\/\/ohmytuft.com\/da\/#\/schema\/logo\/image\/\",\"url\":\"https:\/\/ohmytuft.com\/wp-content\/uploads\/2021\/02\/WEB-20.png\",\"contentUrl\":\"https:\/\/ohmytuft.com\/wp-content\/uploads\/2021\/02\/WEB-20.png\",\"width\":2085,\"height\":764,\"caption\":\"Oh my tuft\"},\"image\":{\"@id\":\"https:\/\/ohmytuft.com\/da\/#\/schema\/logo\/image\/\"},\"sameAs\":[\"https:\/\/www.instagram.com\/tuftinggunsupplies\/\",\"https:\/\/www.tiktok.com\/@tuftinggun\"]}]}<\/script>\n<!-- \/ Yoast SEO plugin. -->","yoast_head_json":{"title":"Hand Tufting Gun AK-I - Cut Pile - Ohmytuft.com","robots":{"index":"index","follow":"follow","max-snippet":"max-snippet:-1","max-image-preview":"max-image-preview:large","max-video-preview":"max-video-preview:-1"},"canonical":"https:\/\/ohmytuft.com\/da\/vare\/tufting-gun-ak-i-cut-pile-da\/","og_locale":"da_DK","og_type":"article","og_title":"Hand Tufting Gun AK-I - Cut Pile - Ohmytuft.com","og_description":"Electric hand tufting gun - Cut pile.  100- 240 V with Europlug  Pileh\u00f8jden kan justeres: 7-21 mm  V\u00e6gt: 1,40 kg  Hastigheden kan justeres: 5-40 sting\/sek og justerbar. Du kan styre hastigheden for detaljer. Denne maskine er nem at l\u00e6re og bruge. Vejledninger kommer snart! Regelm\u00e6ssig vedligeholdelse giver v\u00e6rkt\u00f8jet l\u00e6ngere levetid. \u00c6sken indeholder:  Tufting Gun Machine  AC\/DC Adapter with Europlug  V\u00e6rkt\u00f8j og skruer til vedligeholdelse Safety First!  Brug h\u00f8re- og \u00f8jenv\u00e6rn.  Undg\u00e5 gear og mekanismer.  Sluk for str\u00f8mmen, n\u00e5r du ikke bruger den.","og_url":"https:\/\/ohmytuft.com\/da\/vare\/tufting-gun-ak-i-cut-pile-da\/","og_site_name":"Ohmytuft.com","article_modified_time":"2024-05-25T11:01:09+00:00","og_image":[{"width":2560,"height":2560,"url":"https:\/\/ohmytuft.com\/wp-content\/uploads\/2021\/02\/23022021-IMG_4393-scaled.jpg","type":"image\/jpeg"}],"twitter_card":"summary_large_image","twitter_misc":{"Estimeret l\u00e6setid":"2 minutter"},"schema":{"@context":"https:\/\/schema.org","@graph":[{"@type":"WebPage","@id":"https:\/\/ohmytuft.com\/da\/vare\/tufting-gun-ak-i-cut-pile-da\/","url":"https:\/\/ohmytuft.com\/da\/vare\/tufting-gun-ak-i-cut-pile-da\/","name":"Hand Tufting Gun AK-I - Cut Pile - Ohmytuft.com","isPartOf":{"@id":"https:\/\/ohmytuft.com\/da\/#website"},"primaryImageOfPage":{"@id":"https:\/\/ohmytuft.com\/da\/vare\/tufting-gun-ak-i-cut-pile-da\/#primaryimage"},"image":{"@id":"https:\/\/ohmytuft.com\/da\/vare\/tufting-gun-ak-i-cut-pile-da\/#primaryimage"},"thumbnailUrl":"https:\/\/ohmytuft.com\/wp-content\/uploads\/2021\/02\/tufting-gun-ak1.png","datePublished":"2021-02-28T20:55:20+00:00","dateModified":"2024-05-25T11:01:09+00:00","breadcrumb":{"@id":"https:\/\/ohmytuft.com\/da\/vare\/tufting-gun-ak-i-cut-pile-da\/#breadcrumb"},"inLanguage":"da-DK","potentialAction":[{"@type":"ReadAction","target":["https:\/\/ohmytuft.com\/da\/vare\/tufting-gun-ak-i-cut-pile-da\/"]}]},{"@type":"ImageObject","inLanguage":"da-DK","@id":"https:\/\/ohmytuft.com\/da\/vare\/tufting-gun-ak-i-cut-pile-da\/#primaryimage","url":"https:\/\/ohmytuft.com\/wp-content\/uploads\/2021\/02\/tufting-gun-ak1.png","contentUrl":"https:\/\/ohmytuft.com\/wp-content\/uploads\/2021\/02\/tufting-gun-ak1.png","width":800,"height":800,"caption":"tufting gun AK1"},{"@type":"BreadcrumbList","@id":"https:\/\/ohmytuft.com\/da\/vare\/tufting-gun-ak-i-cut-pile-da\/#breadcrumb","itemListElement":[{"@type":"ListItem","position":1,"name":"Home","item":"https:\/\/ohmytuft.com\/da\/"},{"@type":"ListItem","position":2,"name":"Butik","item":"https:\/\/ohmytuft.com\/da\/butik\/"},{"@type":"ListItem","position":3,"name":"Hand Tufting Gun AK-I &#8211; Cut Pile"}]},{"@type":"WebSite","@id":"https:\/\/ohmytuft.com\/da\/#website","url":"https:\/\/ohmytuft.com\/da\/","name":"Oh my tuft","description":"Oh my tuft","publisher":{"@id":"https:\/\/ohmytuft.com\/da\/#organization"},"potentialAction":[{"@type":"SearchAction","target":{"@type":"EntryPoint","urlTemplate":"https:\/\/ohmytuft.com\/da\/?s={search_term_string}"},"query-input":{"@type":"PropertyValueSpecification","valueRequired":true,"valueName":"search_term_string"}}],"inLanguage":"da-DK"},{"@type":"Organization","@id":"https:\/\/ohmytuft.com\/da\/#organization","name":"Oh my tuft","url":"https:\/\/ohmytuft.com\/da\/","logo":{"@type":"ImageObject","inLanguage":"da-DK","@id":"https:\/\/ohmytuft.com\/da\/#\/schema\/logo\/image\/","url":"https:\/\/ohmytuft.com\/wp-content\/uploads\/2021\/02\/WEB-20.png","contentUrl":"https:\/\/ohmytuft.com\/wp-content\/uploads\/2021\/02\/WEB-20.png","width":2085,"height":764,"caption":"Oh my tuft"},"image":{"@id":"https:\/\/ohmytuft.com\/da\/#\/schema\/logo\/image\/"},"sameAs":["https:\/\/www.instagram.com\/tuftinggunsupplies\/","https:\/\/www.tiktok.com\/@tuftinggun"]}]}},"_links":{"self":[{"href":"https:\/\/ohmytuft.com\/da\/wp-json\/wp\/v2\/product\/5621","targetHints":{"allow":["GET"]}}],"collection":[{"href":"https:\/\/ohmytuft.com\/da\/wp-json\/wp\/v2\/product"}],"about":[{"href":"https:\/\/ohmytuft.com\/da\/wp-json\/wp\/v2\/types\/product"}],"replies":[{"embeddable":true,"href":"https:\/\/ohmytuft.com\/da\/wp-json\/wp\/v2\/comments?post=5621"}],"wp:featuredmedia":[{"embeddable":true,"href":"https:\/\/ohmytuft.com\/da\/wp-json\/wp\/v2\/media\/8932"}],"wp:attachment":[{"href":"https:\/\/ohmytuft.com\/da\/wp-json\/wp\/v2\/media?parent=5621"}],"wp:term":[{"taxonomy":"product_brand","embeddable":true,"href":"https:\/\/ohmytuft.com\/da\/wp-json\/wp\/v2\/product_brand?post=5621"},{"taxonomy":"product_cat","embeddable":true,"href":"https:\/\/ohmytuft.com\/da\/wp-json\/wp\/v2\/product_cat?post=5621"},{"taxonomy":"product_tag","embeddable":true,"href":"https:\/\/ohmytuft.com\/da\/wp-json\/wp\/v2\/product_tag?post=5621"}],"curies":[{"name":"wp","href":"https:\/\/api.w.org\/{rel}","templated":true}]}}