{"id":5624,"date":"2021-02-09T13:33:15","date_gmt":"2021-02-09T13:33:15","guid":{"rendered":"https:\/\/ohmytuft.com\/product\/hand-tufting-gun-ak-ii-loop-pile\/"},"modified":"2024-05-25T11:01:18","modified_gmt":"2024-05-25T11:01:18","slug":"tufting-gun-ak-ii-loop-pile-da","status":"publish","type":"product","link":"https:\/\/ohmytuft.com\/da\/vare\/tufting-gun-ak-ii-loop-pile-da\/","title":{"rendered":"Hand Tufting Gun AK-II &#8211; Loop Pile"},"content":{"rendered":"<div class=\"flex-1 overflow-hidden\">\n<div class=\"react-scroll-to-bottom--css-zhypp-79elbk h-full\">\n<div class=\"react-scroll-to-bottom--css-zhypp-1n7m0yu\">\n<div class=\"flex flex-col pb-9 text-sm\">\n<div class=\"w-full text-token-text-primary\" data-testid=\"conversation-turn-7\">\n<div class=\"px-4 py-2 justify-center text-base md:gap-6 m-auto\">\n<div class=\"flex flex-1 text-base mx-auto gap-3 md:px-5 lg:px-1 xl:px-5 md:max-w-3xl lg:max-w-[40rem] xl:max-w-[48rem] group final-completion\">\n<div class=\"relative flex w-full flex-col lg:w-[calc(100%-115px)] agent-turn\">\n<div class=\"flex-col gap-1 md:gap-3\">\n<div class=\"flex flex-grow flex-col max-w-full\">\n<div class=\"min-h-[20px] text-message flex flex-col items-start gap-3 whitespace-pre-wrap break-words [.text-message+&amp;]:mt-5 overflow-x-auto\" data-message-author-role=\"assistant\" data-message-id=\"d24ca839-c467-4488-8fff-83d8a15f5126\">\n<div class=\"markdown prose w-full break-words dark:prose-invert dark\">\n<p>AK-2 Loop Pile <a href=\"https:\/\/ohmytuft.com\/buy\/tufting-guns\/\"><strong>Tufting Gun<\/strong><\/a> er et innovativt v\u00e6rkt\u00f8j, der skiller sig ud i tekstilh\u00e5ndv\u00e6rkets verden. Her er en detaljeret beskrivelse og overbevisende grunde til, at det er et uundv\u00e6rligt k\u00f8b til din tuftingbutik:<\/p>\n<ol>\n<li><strong>Specialiseret til loop pile-tufting<\/strong>: AK-2 er specielt designet til loop pile tufting, en teknik, der skaber en unik loopet tekstur i tekstiler. Denne stil er foretrukket p\u00e5 grund af dens karakteristiske, taktile fornemmelse og udseende, hvilket g\u00f8r den popul\u00e6r i boligindretning og mode.<\/li>\n<li><strong>Forbedrede muligheder for teksturering<\/strong>: Med AK-2 kan du introducere et nyt udvalg af teksturer i dine produkter. Loop pile-teknikken skaber en t\u00e6t, polstret overflade, der ikke kun er visuelt tiltalende, men ogs\u00e5 behagelig at r\u00f8re ved. Det kan udvide dine kreationers appel betydeligt og tiltr\u00e6kke en bredere kundebase.<\/li>\n<li><strong>Pr\u00e6cision og ensartethed<\/strong>: Denne tuftingpistol sikrer pr\u00e6cision i dit arbejde. De skabte loops er ensartede i h\u00f8jde og t\u00e6thed, hvilket er afg\u00f8rende for resultater af professionel kvalitet. Uanset om du arbejder med indviklede designs eller store projekter, leverer AK-2 ensartethed og pr\u00e6cision.<\/li>\n<li><strong>Effektiv og brugervenlig<\/strong>: AK-2 \u00f8ger din tufting-effektivitet og giver mulighed for hurtigere projektafslutning sammenlignet med manuelle metoder. Den er designet til at v\u00e6re brugervenlig med intuitive betjeningselementer og et ergonomisk design, der g\u00f8r den velegnet til b\u00e5de nybegyndere og erfarne tuftere.<\/li>\n<li><strong>Holdbar og p\u00e5lidelig<\/strong>: AK-2 er bygget af materialer af h\u00f8j kvalitet og er et holdbart v\u00e6rkt\u00f8j, der kan klare kravene ved hyppig brug. Hvis du investerer i denne tuftingpistol, investerer du i et v\u00e6rkt\u00f8j, der vil fungere p\u00e5lideligt i dit v\u00e6rksted over tid.<\/li>\n<li><strong>Kreativ fleksibilitet<\/strong>: AK-2 \u00e5bner op for nye muligheder for kreativ udfoldelse. Det giver dig mulighed for at eksperimentere med forskellige garntyper og farver, s\u00e5 du kan skabe unikke og i\u00f8jnefaldende designs, der skiller sig ud p\u00e5 markedet.<\/li>\n<li><strong>Ideel til en r\u00e6kke projekter<\/strong>: Dette v\u00e6rkt\u00f8j er perfekt til at skabe en r\u00e6kke forskellige produkter, fra t\u00e6pper til v\u00e6goph\u00e6ng og modet\u00f8j. Dens alsidighed i h\u00e5ndteringen af forskellige materialer og projektst\u00f8rrelser g\u00f8r den til et uvurderligt aktiv i et tuftingv\u00e6rksted.<\/li>\n<\/ol>\n<p>Sammenfattende er AK-2 Loop Pile Tufting Gun et must-have for ethvert tuftingv\u00e6rksted, der \u00f8nsker at udvide sine kreative horisonter og forbedre effektiviteten. Det er et alsidigt, brugervenligt og p\u00e5lideligt v\u00e6rkt\u00f8j, der g\u00f8r det muligt at skabe teksturrige produkter af h\u00f8j kvalitet, som vil tiltr\u00e6kke og begejstre kunderne. At investere i AK-2 er ikke bare at k\u00f8be et v\u00e6rkt\u00f8j; det er en investering i potentialet og kvaliteten af dine <a href=\"https:\/\/ohmytuft.com\/\"><strong>tuftingprojekter<\/strong><\/a>.<\/p>\n<\/div>\n<\/div>\n<\/div>\n<div class=\"mt-1 flex justify-start gap-3 empty:hidden\">\n<div class=\"text-gray-400 flex self-end lg:self-center justify-center lg:justify-start mt-0 gap-1 visible\">\n<p>&nbsp;<\/p>\n<div class=\"flex items-center gap-1.5 text-xs\"><\/div>\n<\/div>\n<\/div>\n<\/div>\n<\/div>\n<\/div>\n<\/div>\n<\/div>\n<\/div>\n<\/div>\n<\/div>\n<\/div>\n<div class=\"w-full pt-2 md:pt-0 dark:border-white\/20 md:border-transparent md:dark:border-transparent md:w-[calc(100%-.5rem)]\">\n<form class=\"stretch mx-2 flex flex-row gap-3 last:mb-2 md:mx-4 md:last:mb-6 lg:mx-auto lg:max-w-2xl xl:max-w-3xl\">\n<div class=\"relative flex h-full flex-1 items-stretch md:flex-col\">\n<div class=\"flex w-full items-center\"><\/div>\n<\/div>\n<\/form>\n<\/div>\n","protected":false},"excerpt":{"rendered":"<p><b>Electric hand tufting gun &#8211; Loop pile.<\/b><\/p>\n<ul>\n<li>100- 240 V with Europlug<\/li>\n<li>Pileh\u00f8jden kan justeres: 4-13 mm<\/li>\n<li>V\u00e6gt: 1,40 kg<\/li>\n<li>Hastigheden kan justeres: 5-45 sting\/sek og justerbar. Du kan styre hastigheden for detaljer.<\/li>\n<\/ul>\n<p>Denne maskine er nem at l\u00e6re og bruge. Vejledninger kommer snart!<br \/>\nRegelm\u00e6ssig vedligeholdelse giver v\u00e6rkt\u00f8jet l\u00e6ngere levetid.<\/p>\n<p><strong>\u00c6sken indeholder:<\/strong><\/p>\n<ul>\n<li>Tufting Gun Machine<\/li>\n<li>AC\/DC Adapter with Europlug<\/li>\n<li>V\u00e6rkt\u00f8j og skruer til vedligeholdelse<\/li>\n<\/ul>\n<p>Safety First!<\/p>\n<p>Brug h\u00f8re- og \u00f8jenv\u00e6rn.<br \/>\nUndg\u00e5 gear og mekanismer.<br \/>\nSluk for str\u00f8mmen, n\u00e5r du ikke bruger den.<\/p>\n","protected":false},"featured_media":8945,"comment_status":"open","ping_status":"closed","template":"","meta":{"_joinchat":[]},"product_brand":[],"product_cat":[280],"product_tag":[],"class_list":{"0":"post-5624","1":"product","2":"type-product","3":"status-publish","4":"has-post-thumbnail","6":"product_cat-tufting-guns-da","8":"first","9":"onbackorder","10":"sale","11":"taxable","12":"shipping-taxable","13":"purchasable","14":"product-type-simple"},"yoast_head":"<!-- This site is optimized with the Yoast SEO plugin v27.2 - https:\/\/yoast.com\/product\/yoast-seo-wordpress\/ -->\n<title>Hand Tufting Gun AK-II - Loop Pile - Ohmytuft.com<\/title>\n<meta name=\"robots\" content=\"index, follow, max-snippet:-1, max-image-preview:large, max-video-preview:-1\" \/>\n<link rel=\"canonical\" href=\"https:\/\/ohmytuft.com\/da\/vare\/tufting-gun-ak-ii-loop-pile-da\/\" \/>\n<meta property=\"og:locale\" content=\"da_DK\" \/>\n<meta property=\"og:type\" content=\"article\" \/>\n<meta property=\"og:title\" content=\"Hand Tufting Gun AK-II - Loop Pile - Ohmytuft.com\" \/>\n<meta property=\"og:description\" content=\"Electric hand tufting gun - Loop pile.  100- 240 V with Europlug  Pileh\u00f8jden kan justeres: 4-13 mm  V\u00e6gt: 1,40 kg  Hastigheden kan justeres: 5-45 sting\/sek og justerbar. Du kan styre hastigheden for detaljer. Denne maskine er nem at l\u00e6re og bruge. Vejledninger kommer snart! Regelm\u00e6ssig vedligeholdelse giver v\u00e6rkt\u00f8jet l\u00e6ngere levetid. \u00c6sken indeholder:  Tufting Gun Machine  AC\/DC Adapter with Europlug  V\u00e6rkt\u00f8j og skruer til vedligeholdelse Safety First! Brug h\u00f8re- og \u00f8jenv\u00e6rn. Undg\u00e5 gear og mekanismer. Sluk for str\u00f8mmen, n\u00e5r du ikke bruger den.\" \/>\n<meta property=\"og:url\" content=\"https:\/\/ohmytuft.com\/da\/vare\/tufting-gun-ak-ii-loop-pile-da\/\" \/>\n<meta property=\"og:site_name\" content=\"Ohmytuft.com\" \/>\n<meta property=\"article:modified_time\" content=\"2024-05-25T11:01:18+00:00\" \/>\n<meta property=\"og:image\" content=\"https:\/\/ohmytuft.com\/wp-content\/uploads\/2021\/02\/23022021-IMG_4443-scaled.jpg\" \/>\n\t<meta property=\"og:image:width\" content=\"2560\" \/>\n\t<meta property=\"og:image:height\" content=\"2560\" \/>\n\t<meta property=\"og:image:type\" content=\"image\/jpeg\" \/>\n<meta name=\"twitter:card\" content=\"summary_large_image\" \/>\n<meta name=\"twitter:label1\" content=\"Estimeret l\u00e6setid\" \/>\n\t<meta name=\"twitter:data1\" content=\"2 minutter\" \/>\n<script type=\"application\/ld+json\" class=\"yoast-schema-graph\">{\"@context\":\"https:\/\/schema.org\",\"@graph\":[{\"@type\":\"WebPage\",\"@id\":\"https:\/\/ohmytuft.com\/da\/vare\/tufting-gun-ak-ii-loop-pile-da\/\",\"url\":\"https:\/\/ohmytuft.com\/da\/vare\/tufting-gun-ak-ii-loop-pile-da\/\",\"name\":\"Hand Tufting Gun AK-II - Loop Pile - Ohmytuft.com\",\"isPartOf\":{\"@id\":\"https:\/\/ohmytuft.com\/da\/#website\"},\"primaryImageOfPage\":{\"@id\":\"https:\/\/ohmytuft.com\/da\/vare\/tufting-gun-ak-ii-loop-pile-da\/#primaryimage\"},\"image\":{\"@id\":\"https:\/\/ohmytuft.com\/da\/vare\/tufting-gun-ak-ii-loop-pile-da\/#primaryimage\"},\"thumbnailUrl\":\"https:\/\/ohmytuft.com\/wp-content\/uploads\/2021\/02\/tufting-gun-ak2.jpg\",\"datePublished\":\"2021-02-09T13:33:15+00:00\",\"dateModified\":\"2024-05-25T11:01:18+00:00\",\"breadcrumb\":{\"@id\":\"https:\/\/ohmytuft.com\/da\/vare\/tufting-gun-ak-ii-loop-pile-da\/#breadcrumb\"},\"inLanguage\":\"da-DK\",\"potentialAction\":[{\"@type\":\"ReadAction\",\"target\":[\"https:\/\/ohmytuft.com\/da\/vare\/tufting-gun-ak-ii-loop-pile-da\/\"]}]},{\"@type\":\"ImageObject\",\"inLanguage\":\"da-DK\",\"@id\":\"https:\/\/ohmytuft.com\/da\/vare\/tufting-gun-ak-ii-loop-pile-da\/#primaryimage\",\"url\":\"https:\/\/ohmytuft.com\/wp-content\/uploads\/2021\/02\/tufting-gun-ak2.jpg\",\"contentUrl\":\"https:\/\/ohmytuft.com\/wp-content\/uploads\/2021\/02\/tufting-gun-ak2.jpg\",\"width\":2560,\"height\":2560},{\"@type\":\"BreadcrumbList\",\"@id\":\"https:\/\/ohmytuft.com\/da\/vare\/tufting-gun-ak-ii-loop-pile-da\/#breadcrumb\",\"itemListElement\":[{\"@type\":\"ListItem\",\"position\":1,\"name\":\"Home\",\"item\":\"https:\/\/ohmytuft.com\/da\/\"},{\"@type\":\"ListItem\",\"position\":2,\"name\":\"Butik\",\"item\":\"https:\/\/ohmytuft.com\/da\/butik\/\"},{\"@type\":\"ListItem\",\"position\":3,\"name\":\"Hand Tufting Gun AK-II &#8211; Loop Pile\"}]},{\"@type\":\"WebSite\",\"@id\":\"https:\/\/ohmytuft.com\/da\/#website\",\"url\":\"https:\/\/ohmytuft.com\/da\/\",\"name\":\"Oh my tuft\",\"description\":\"Oh my tuft\",\"publisher\":{\"@id\":\"https:\/\/ohmytuft.com\/da\/#organization\"},\"potentialAction\":[{\"@type\":\"SearchAction\",\"target\":{\"@type\":\"EntryPoint\",\"urlTemplate\":\"https:\/\/ohmytuft.com\/da\/?s={search_term_string}\"},\"query-input\":{\"@type\":\"PropertyValueSpecification\",\"valueRequired\":true,\"valueName\":\"search_term_string\"}}],\"inLanguage\":\"da-DK\"},{\"@type\":\"Organization\",\"@id\":\"https:\/\/ohmytuft.com\/da\/#organization\",\"name\":\"Oh my tuft\",\"url\":\"https:\/\/ohmytuft.com\/da\/\",\"logo\":{\"@type\":\"ImageObject\",\"inLanguage\":\"da-DK\",\"@id\":\"https:\/\/ohmytuft.com\/da\/#\/schema\/logo\/image\/\",\"url\":\"https:\/\/ohmytuft.com\/wp-content\/uploads\/2021\/02\/WEB-20.png\",\"contentUrl\":\"https:\/\/ohmytuft.com\/wp-content\/uploads\/2021\/02\/WEB-20.png\",\"width\":2085,\"height\":764,\"caption\":\"Oh my tuft\"},\"image\":{\"@id\":\"https:\/\/ohmytuft.com\/da\/#\/schema\/logo\/image\/\"},\"sameAs\":[\"https:\/\/www.instagram.com\/tuftinggunsupplies\/\",\"https:\/\/www.tiktok.com\/@tuftinggun\"]}]}<\/script>\n<!-- \/ Yoast SEO plugin. -->","yoast_head_json":{"title":"Hand Tufting Gun AK-II - Loop Pile - Ohmytuft.com","robots":{"index":"index","follow":"follow","max-snippet":"max-snippet:-1","max-image-preview":"max-image-preview:large","max-video-preview":"max-video-preview:-1"},"canonical":"https:\/\/ohmytuft.com\/da\/vare\/tufting-gun-ak-ii-loop-pile-da\/","og_locale":"da_DK","og_type":"article","og_title":"Hand Tufting Gun AK-II - Loop Pile - Ohmytuft.com","og_description":"Electric hand tufting gun - Loop pile.  100- 240 V with Europlug  Pileh\u00f8jden kan justeres: 4-13 mm  V\u00e6gt: 1,40 kg  Hastigheden kan justeres: 5-45 sting\/sek og justerbar. Du kan styre hastigheden for detaljer. Denne maskine er nem at l\u00e6re og bruge. Vejledninger kommer snart! Regelm\u00e6ssig vedligeholdelse giver v\u00e6rkt\u00f8jet l\u00e6ngere levetid. \u00c6sken indeholder:  Tufting Gun Machine  AC\/DC Adapter with Europlug  V\u00e6rkt\u00f8j og skruer til vedligeholdelse Safety First! Brug h\u00f8re- og \u00f8jenv\u00e6rn. Undg\u00e5 gear og mekanismer. Sluk for str\u00f8mmen, n\u00e5r du ikke bruger den.","og_url":"https:\/\/ohmytuft.com\/da\/vare\/tufting-gun-ak-ii-loop-pile-da\/","og_site_name":"Ohmytuft.com","article_modified_time":"2024-05-25T11:01:18+00:00","og_image":[{"width":2560,"height":2560,"url":"https:\/\/ohmytuft.com\/wp-content\/uploads\/2021\/02\/23022021-IMG_4443-scaled.jpg","type":"image\/jpeg"}],"twitter_card":"summary_large_image","twitter_misc":{"Estimeret l\u00e6setid":"2 minutter"},"schema":{"@context":"https:\/\/schema.org","@graph":[{"@type":"WebPage","@id":"https:\/\/ohmytuft.com\/da\/vare\/tufting-gun-ak-ii-loop-pile-da\/","url":"https:\/\/ohmytuft.com\/da\/vare\/tufting-gun-ak-ii-loop-pile-da\/","name":"Hand Tufting Gun AK-II - Loop Pile - Ohmytuft.com","isPartOf":{"@id":"https:\/\/ohmytuft.com\/da\/#website"},"primaryImageOfPage":{"@id":"https:\/\/ohmytuft.com\/da\/vare\/tufting-gun-ak-ii-loop-pile-da\/#primaryimage"},"image":{"@id":"https:\/\/ohmytuft.com\/da\/vare\/tufting-gun-ak-ii-loop-pile-da\/#primaryimage"},"thumbnailUrl":"https:\/\/ohmytuft.com\/wp-content\/uploads\/2021\/02\/tufting-gun-ak2.jpg","datePublished":"2021-02-09T13:33:15+00:00","dateModified":"2024-05-25T11:01:18+00:00","breadcrumb":{"@id":"https:\/\/ohmytuft.com\/da\/vare\/tufting-gun-ak-ii-loop-pile-da\/#breadcrumb"},"inLanguage":"da-DK","potentialAction":[{"@type":"ReadAction","target":["https:\/\/ohmytuft.com\/da\/vare\/tufting-gun-ak-ii-loop-pile-da\/"]}]},{"@type":"ImageObject","inLanguage":"da-DK","@id":"https:\/\/ohmytuft.com\/da\/vare\/tufting-gun-ak-ii-loop-pile-da\/#primaryimage","url":"https:\/\/ohmytuft.com\/wp-content\/uploads\/2021\/02\/tufting-gun-ak2.jpg","contentUrl":"https:\/\/ohmytuft.com\/wp-content\/uploads\/2021\/02\/tufting-gun-ak2.jpg","width":2560,"height":2560},{"@type":"BreadcrumbList","@id":"https:\/\/ohmytuft.com\/da\/vare\/tufting-gun-ak-ii-loop-pile-da\/#breadcrumb","itemListElement":[{"@type":"ListItem","position":1,"name":"Home","item":"https:\/\/ohmytuft.com\/da\/"},{"@type":"ListItem","position":2,"name":"Butik","item":"https:\/\/ohmytuft.com\/da\/butik\/"},{"@type":"ListItem","position":3,"name":"Hand Tufting Gun AK-II &#8211; Loop Pile"}]},{"@type":"WebSite","@id":"https:\/\/ohmytuft.com\/da\/#website","url":"https:\/\/ohmytuft.com\/da\/","name":"Oh my tuft","description":"Oh my tuft","publisher":{"@id":"https:\/\/ohmytuft.com\/da\/#organization"},"potentialAction":[{"@type":"SearchAction","target":{"@type":"EntryPoint","urlTemplate":"https:\/\/ohmytuft.com\/da\/?s={search_term_string}"},"query-input":{"@type":"PropertyValueSpecification","valueRequired":true,"valueName":"search_term_string"}}],"inLanguage":"da-DK"},{"@type":"Organization","@id":"https:\/\/ohmytuft.com\/da\/#organization","name":"Oh my tuft","url":"https:\/\/ohmytuft.com\/da\/","logo":{"@type":"ImageObject","inLanguage":"da-DK","@id":"https:\/\/ohmytuft.com\/da\/#\/schema\/logo\/image\/","url":"https:\/\/ohmytuft.com\/wp-content\/uploads\/2021\/02\/WEB-20.png","contentUrl":"https:\/\/ohmytuft.com\/wp-content\/uploads\/2021\/02\/WEB-20.png","width":2085,"height":764,"caption":"Oh my tuft"},"image":{"@id":"https:\/\/ohmytuft.com\/da\/#\/schema\/logo\/image\/"},"sameAs":["https:\/\/www.instagram.com\/tuftinggunsupplies\/","https:\/\/www.tiktok.com\/@tuftinggun"]}]}},"_links":{"self":[{"href":"https:\/\/ohmytuft.com\/da\/wp-json\/wp\/v2\/product\/5624","targetHints":{"allow":["GET"]}}],"collection":[{"href":"https:\/\/ohmytuft.com\/da\/wp-json\/wp\/v2\/product"}],"about":[{"href":"https:\/\/ohmytuft.com\/da\/wp-json\/wp\/v2\/types\/product"}],"replies":[{"embeddable":true,"href":"https:\/\/ohmytuft.com\/da\/wp-json\/wp\/v2\/comments?post=5624"}],"wp:featuredmedia":[{"embeddable":true,"href":"https:\/\/ohmytuft.com\/da\/wp-json\/wp\/v2\/media\/8945"}],"wp:attachment":[{"href":"https:\/\/ohmytuft.com\/da\/wp-json\/wp\/v2\/media?parent=5624"}],"wp:term":[{"taxonomy":"product_brand","embeddable":true,"href":"https:\/\/ohmytuft.com\/da\/wp-json\/wp\/v2\/product_brand?post=5624"},{"taxonomy":"product_cat","embeddable":true,"href":"https:\/\/ohmytuft.com\/da\/wp-json\/wp\/v2\/product_cat?post=5624"},{"taxonomy":"product_tag","embeddable":true,"href":"https:\/\/ohmytuft.com\/da\/wp-json\/wp\/v2\/product_tag?post=5624"}],"curies":[{"name":"wp","href":"https:\/\/api.w.org\/{rel}","templated":true}]}}