{"id":5626,"date":"2024-03-14T08:51:57","date_gmt":"2024-03-14T08:51:57","guid":{"rendered":"https:\/\/ohmytuft.com\/product\/hand-tufting-gun-2-in-1-loop-cut\/"},"modified":"2024-03-07T10:22:45","modified_gmt":"2024-03-07T10:22:45","slug":"tufting-gun-2-in-1-loop-cut-da","status":"publish","type":"product","link":"https:\/\/ohmytuft.com\/da\/vare\/tufting-gun-2-in-1-loop-cut-da\/","title":{"rendered":"Hand Tufting Gun 2-in-1 Loop &amp; Cut"},"content":{"rendered":"","protected":false},"excerpt":{"rendered":"<p><b>Electric hand tufting gun 2-in-1 Loop and Cut pile.<\/b><\/p>\n<ul>\n<li>100- 240 V with Europlug<\/li>\n<li>Pileh\u00f8jden kan justeres: 7-21 mm<\/li>\n<li>V\u00e6gt: 1,40 kg<\/li>\n<li>Hastigheden kan justeres: 5-40 sting\/sek og justerbar. Du kan styre hastigheden for detaljer.<\/li>\n<li>Udskiftelig saks Loop &amp; Cut<\/li>\n<li>Black Edition<\/li>\n<\/ul>\n<p>Denne maskine er nem at l\u00e6re og bruge. Vejledninger kommer snart!<br \/>\nRegelm\u00e6ssig vedligeholdelse giver v\u00e6rkt\u00f8jet l\u00e6ngere levetid.<\/p>\n<p><strong>\u00c6sken indeholder:<\/strong><\/p>\n<ul>\n<li>Tufting Gun Machine<\/li>\n<li>AC\/DC Adapter with Europlug<\/li>\n<li>V\u00e6rkt\u00f8j og skruer til vedligeholdelse<\/li>\n<li>N\u00e5letr\u00e5der<\/li>\n<li>2 Cut Scissors + 1 Loop Scissor<\/li>\n<\/ul>\n<p>Safety First!<br \/>\nBrug h\u00f8re- og \u00f8jenv\u00e6rn.<br \/>\nUndg\u00e5 gear og mekanismer.<br \/>\nSluk for str\u00f8mmen, n\u00e5r du ikke bruger den.<\/p>\n","protected":false},"featured_media":5627,"comment_status":"open","ping_status":"closed","template":"","meta":{"_joinchat":[]},"product_brand":[],"product_cat":[280],"product_tag":[],"class_list":{"0":"post-5626","1":"product","2":"type-product","3":"status-publish","4":"has-post-thumbnail","6":"product_cat-tufting-guns-da","8":"first","9":"onbackorder","10":"sale","11":"taxable","12":"shipping-taxable","13":"purchasable","14":"product-type-simple"},"yoast_head":"<!-- This site is optimized with the Yoast SEO plugin v27.2 - https:\/\/yoast.com\/product\/yoast-seo-wordpress\/ -->\n<title>Hand Tufting Gun 2-in-1 Loop &amp; Cut - Ohmytuft.com<\/title>\n<meta name=\"robots\" content=\"index, follow, max-snippet:-1, max-image-preview:large, max-video-preview:-1\" \/>\n<link rel=\"canonical\" href=\"https:\/\/ohmytuft.com\/da\/vare\/tufting-gun-2-in-1-loop-cut-da\/\" \/>\n<meta property=\"og:locale\" content=\"da_DK\" \/>\n<meta property=\"og:type\" content=\"article\" \/>\n<meta property=\"og:title\" content=\"Hand Tufting Gun 2-in-1 Loop &amp; Cut - Ohmytuft.com\" \/>\n<meta property=\"og:description\" content=\"Electric hand tufting gun 2-in-1 Loop and Cut pile.  100- 240 V with Europlug  Pileh\u00f8jden kan justeres: 7-21 mm  V\u00e6gt: 1,40 kg  Hastigheden kan justeres: 5-40 sting\/sek og justerbar. Du kan styre hastigheden for detaljer.  Udskiftelig saks Loop &amp; Cut  Black Edition Denne maskine er nem at l\u00e6re og bruge. Vejledninger kommer snart! Regelm\u00e6ssig vedligeholdelse giver v\u00e6rkt\u00f8jet l\u00e6ngere levetid. \u00c6sken indeholder:  Tufting Gun Machine  AC\/DC Adapter with Europlug  V\u00e6rkt\u00f8j og skruer til vedligeholdelse  N\u00e5letr\u00e5der  2 Cut Scissors + 1 Loop Scissor Safety First! Brug h\u00f8re- og \u00f8jenv\u00e6rn. Undg\u00e5 gear og mekanismer. Sluk for str\u00f8mmen, n\u00e5r du ikke bruger den.\" \/>\n<meta property=\"og:url\" content=\"https:\/\/ohmytuft.com\/da\/vare\/tufting-gun-2-in-1-loop-cut-da\/\" \/>\n<meta property=\"og:site_name\" content=\"Ohmytuft.com\" \/>\n<meta property=\"og:image\" content=\"https:\/\/ohmytuft.com\/wp-content\/uploads\/2022\/03\/tuftinggunsupplies_europe_tufting_gun_loop_cut_01.jpg\" \/>\n\t<meta property=\"og:image:width\" content=\"1200\" \/>\n\t<meta property=\"og:image:height\" content=\"1200\" \/>\n\t<meta property=\"og:image:type\" content=\"image\/jpeg\" \/>\n<meta name=\"twitter:card\" content=\"summary_large_image\" \/>\n<script type=\"application\/ld+json\" class=\"yoast-schema-graph\">{\"@context\":\"https:\/\/schema.org\",\"@graph\":[{\"@type\":\"WebPage\",\"@id\":\"https:\/\/ohmytuft.com\/da\/vare\/tufting-gun-2-in-1-loop-cut-da\/\",\"url\":\"https:\/\/ohmytuft.com\/da\/vare\/tufting-gun-2-in-1-loop-cut-da\/\",\"name\":\"Hand Tufting Gun 2-in-1 Loop &amp; Cut - Ohmytuft.com\",\"isPartOf\":{\"@id\":\"https:\/\/ohmytuft.com\/da\/#website\"},\"primaryImageOfPage\":{\"@id\":\"https:\/\/ohmytuft.com\/da\/vare\/tufting-gun-2-in-1-loop-cut-da\/#primaryimage\"},\"image\":{\"@id\":\"https:\/\/ohmytuft.com\/da\/vare\/tufting-gun-2-in-1-loop-cut-da\/#primaryimage\"},\"thumbnailUrl\":\"https:\/\/ohmytuft.com\/wp-content\/uploads\/2022\/03\/tuftinggunsupplies_europe_tufting_gun_loop_cut_01.jpg\",\"datePublished\":\"2024-03-14T08:51:57+00:00\",\"breadcrumb\":{\"@id\":\"https:\/\/ohmytuft.com\/da\/vare\/tufting-gun-2-in-1-loop-cut-da\/#breadcrumb\"},\"inLanguage\":\"da-DK\",\"potentialAction\":[{\"@type\":\"ReadAction\",\"target\":[\"https:\/\/ohmytuft.com\/da\/vare\/tufting-gun-2-in-1-loop-cut-da\/\"]}]},{\"@type\":\"ImageObject\",\"inLanguage\":\"da-DK\",\"@id\":\"https:\/\/ohmytuft.com\/da\/vare\/tufting-gun-2-in-1-loop-cut-da\/#primaryimage\",\"url\":\"https:\/\/ohmytuft.com\/wp-content\/uploads\/2022\/03\/tuftinggunsupplies_europe_tufting_gun_loop_cut_01.jpg\",\"contentUrl\":\"https:\/\/ohmytuft.com\/wp-content\/uploads\/2022\/03\/tuftinggunsupplies_europe_tufting_gun_loop_cut_01.jpg\",\"width\":1200,\"height\":1200},{\"@type\":\"BreadcrumbList\",\"@id\":\"https:\/\/ohmytuft.com\/da\/vare\/tufting-gun-2-in-1-loop-cut-da\/#breadcrumb\",\"itemListElement\":[{\"@type\":\"ListItem\",\"position\":1,\"name\":\"Home\",\"item\":\"https:\/\/ohmytuft.com\/da\/\"},{\"@type\":\"ListItem\",\"position\":2,\"name\":\"Butik\",\"item\":\"https:\/\/ohmytuft.com\/da\/butik\/\"},{\"@type\":\"ListItem\",\"position\":3,\"name\":\"Hand Tufting Gun 2-in-1 Loop &amp; Cut\"}]},{\"@type\":\"WebSite\",\"@id\":\"https:\/\/ohmytuft.com\/da\/#website\",\"url\":\"https:\/\/ohmytuft.com\/da\/\",\"name\":\"Oh my tuft\",\"description\":\"Oh my tuft\",\"publisher\":{\"@id\":\"https:\/\/ohmytuft.com\/da\/#organization\"},\"potentialAction\":[{\"@type\":\"SearchAction\",\"target\":{\"@type\":\"EntryPoint\",\"urlTemplate\":\"https:\/\/ohmytuft.com\/da\/?s={search_term_string}\"},\"query-input\":{\"@type\":\"PropertyValueSpecification\",\"valueRequired\":true,\"valueName\":\"search_term_string\"}}],\"inLanguage\":\"da-DK\"},{\"@type\":\"Organization\",\"@id\":\"https:\/\/ohmytuft.com\/da\/#organization\",\"name\":\"Oh my tuft\",\"url\":\"https:\/\/ohmytuft.com\/da\/\",\"logo\":{\"@type\":\"ImageObject\",\"inLanguage\":\"da-DK\",\"@id\":\"https:\/\/ohmytuft.com\/da\/#\/schema\/logo\/image\/\",\"url\":\"https:\/\/ohmytuft.com\/wp-content\/uploads\/2021\/02\/WEB-20.png\",\"contentUrl\":\"https:\/\/ohmytuft.com\/wp-content\/uploads\/2021\/02\/WEB-20.png\",\"width\":2085,\"height\":764,\"caption\":\"Oh my tuft\"},\"image\":{\"@id\":\"https:\/\/ohmytuft.com\/da\/#\/schema\/logo\/image\/\"},\"sameAs\":[\"https:\/\/www.instagram.com\/tuftinggunsupplies\/\",\"https:\/\/www.tiktok.com\/@tuftinggun\"]}]}<\/script>\n<!-- \/ Yoast SEO plugin. -->","yoast_head_json":{"title":"Hand Tufting Gun 2-in-1 Loop &amp; Cut - Ohmytuft.com","robots":{"index":"index","follow":"follow","max-snippet":"max-snippet:-1","max-image-preview":"max-image-preview:large","max-video-preview":"max-video-preview:-1"},"canonical":"https:\/\/ohmytuft.com\/da\/vare\/tufting-gun-2-in-1-loop-cut-da\/","og_locale":"da_DK","og_type":"article","og_title":"Hand Tufting Gun 2-in-1 Loop &amp; Cut - Ohmytuft.com","og_description":"Electric hand tufting gun 2-in-1 Loop and Cut pile.  100- 240 V with Europlug  Pileh\u00f8jden kan justeres: 7-21 mm  V\u00e6gt: 1,40 kg  Hastigheden kan justeres: 5-40 sting\/sek og justerbar. Du kan styre hastigheden for detaljer.  Udskiftelig saks Loop &amp; Cut  Black Edition Denne maskine er nem at l\u00e6re og bruge. Vejledninger kommer snart! Regelm\u00e6ssig vedligeholdelse giver v\u00e6rkt\u00f8jet l\u00e6ngere levetid. \u00c6sken indeholder:  Tufting Gun Machine  AC\/DC Adapter with Europlug  V\u00e6rkt\u00f8j og skruer til vedligeholdelse  N\u00e5letr\u00e5der  2 Cut Scissors + 1 Loop Scissor Safety First! Brug h\u00f8re- og \u00f8jenv\u00e6rn. Undg\u00e5 gear og mekanismer. Sluk for str\u00f8mmen, n\u00e5r du ikke bruger den.","og_url":"https:\/\/ohmytuft.com\/da\/vare\/tufting-gun-2-in-1-loop-cut-da\/","og_site_name":"Ohmytuft.com","og_image":[{"width":1200,"height":1200,"url":"https:\/\/ohmytuft.com\/wp-content\/uploads\/2022\/03\/tuftinggunsupplies_europe_tufting_gun_loop_cut_01.jpg","type":"image\/jpeg"}],"twitter_card":"summary_large_image","schema":{"@context":"https:\/\/schema.org","@graph":[{"@type":"WebPage","@id":"https:\/\/ohmytuft.com\/da\/vare\/tufting-gun-2-in-1-loop-cut-da\/","url":"https:\/\/ohmytuft.com\/da\/vare\/tufting-gun-2-in-1-loop-cut-da\/","name":"Hand Tufting Gun 2-in-1 Loop &amp; Cut - Ohmytuft.com","isPartOf":{"@id":"https:\/\/ohmytuft.com\/da\/#website"},"primaryImageOfPage":{"@id":"https:\/\/ohmytuft.com\/da\/vare\/tufting-gun-2-in-1-loop-cut-da\/#primaryimage"},"image":{"@id":"https:\/\/ohmytuft.com\/da\/vare\/tufting-gun-2-in-1-loop-cut-da\/#primaryimage"},"thumbnailUrl":"https:\/\/ohmytuft.com\/wp-content\/uploads\/2022\/03\/tuftinggunsupplies_europe_tufting_gun_loop_cut_01.jpg","datePublished":"2024-03-14T08:51:57+00:00","breadcrumb":{"@id":"https:\/\/ohmytuft.com\/da\/vare\/tufting-gun-2-in-1-loop-cut-da\/#breadcrumb"},"inLanguage":"da-DK","potentialAction":[{"@type":"ReadAction","target":["https:\/\/ohmytuft.com\/da\/vare\/tufting-gun-2-in-1-loop-cut-da\/"]}]},{"@type":"ImageObject","inLanguage":"da-DK","@id":"https:\/\/ohmytuft.com\/da\/vare\/tufting-gun-2-in-1-loop-cut-da\/#primaryimage","url":"https:\/\/ohmytuft.com\/wp-content\/uploads\/2022\/03\/tuftinggunsupplies_europe_tufting_gun_loop_cut_01.jpg","contentUrl":"https:\/\/ohmytuft.com\/wp-content\/uploads\/2022\/03\/tuftinggunsupplies_europe_tufting_gun_loop_cut_01.jpg","width":1200,"height":1200},{"@type":"BreadcrumbList","@id":"https:\/\/ohmytuft.com\/da\/vare\/tufting-gun-2-in-1-loop-cut-da\/#breadcrumb","itemListElement":[{"@type":"ListItem","position":1,"name":"Home","item":"https:\/\/ohmytuft.com\/da\/"},{"@type":"ListItem","position":2,"name":"Butik","item":"https:\/\/ohmytuft.com\/da\/butik\/"},{"@type":"ListItem","position":3,"name":"Hand Tufting Gun 2-in-1 Loop &amp; Cut"}]},{"@type":"WebSite","@id":"https:\/\/ohmytuft.com\/da\/#website","url":"https:\/\/ohmytuft.com\/da\/","name":"Oh my tuft","description":"Oh my tuft","publisher":{"@id":"https:\/\/ohmytuft.com\/da\/#organization"},"potentialAction":[{"@type":"SearchAction","target":{"@type":"EntryPoint","urlTemplate":"https:\/\/ohmytuft.com\/da\/?s={search_term_string}"},"query-input":{"@type":"PropertyValueSpecification","valueRequired":true,"valueName":"search_term_string"}}],"inLanguage":"da-DK"},{"@type":"Organization","@id":"https:\/\/ohmytuft.com\/da\/#organization","name":"Oh my tuft","url":"https:\/\/ohmytuft.com\/da\/","logo":{"@type":"ImageObject","inLanguage":"da-DK","@id":"https:\/\/ohmytuft.com\/da\/#\/schema\/logo\/image\/","url":"https:\/\/ohmytuft.com\/wp-content\/uploads\/2021\/02\/WEB-20.png","contentUrl":"https:\/\/ohmytuft.com\/wp-content\/uploads\/2021\/02\/WEB-20.png","width":2085,"height":764,"caption":"Oh my tuft"},"image":{"@id":"https:\/\/ohmytuft.com\/da\/#\/schema\/logo\/image\/"},"sameAs":["https:\/\/www.instagram.com\/tuftinggunsupplies\/","https:\/\/www.tiktok.com\/@tuftinggun"]}]}},"_links":{"self":[{"href":"https:\/\/ohmytuft.com\/da\/wp-json\/wp\/v2\/product\/5626","targetHints":{"allow":["GET"]}}],"collection":[{"href":"https:\/\/ohmytuft.com\/da\/wp-json\/wp\/v2\/product"}],"about":[{"href":"https:\/\/ohmytuft.com\/da\/wp-json\/wp\/v2\/types\/product"}],"replies":[{"embeddable":true,"href":"https:\/\/ohmytuft.com\/da\/wp-json\/wp\/v2\/comments?post=5626"}],"wp:featuredmedia":[{"embeddable":true,"href":"https:\/\/ohmytuft.com\/da\/wp-json\/wp\/v2\/media\/5627"}],"wp:attachment":[{"href":"https:\/\/ohmytuft.com\/da\/wp-json\/wp\/v2\/media?parent=5626"}],"wp:term":[{"taxonomy":"product_brand","embeddable":true,"href":"https:\/\/ohmytuft.com\/da\/wp-json\/wp\/v2\/product_brand?post=5626"},{"taxonomy":"product_cat","embeddable":true,"href":"https:\/\/ohmytuft.com\/da\/wp-json\/wp\/v2\/product_cat?post=5626"},{"taxonomy":"product_tag","embeddable":true,"href":"https:\/\/ohmytuft.com\/da\/wp-json\/wp\/v2\/product_tag?post=5626"}],"curies":[{"name":"wp","href":"https:\/\/api.w.org\/{rel}","templated":true}]}}