{"id":5891,"date":"2023-10-19T17:24:38","date_gmt":"2023-10-19T17:24:38","guid":{"rendered":"https:\/\/ohmytuft.com\/product\/tufting-pro-pack-cut-pile\/"},"modified":"2024-03-13T17:49:15","modified_gmt":"2024-03-13T17:49:15","slug":"tufting-pro-pack-cut-pile-da","status":"publish","type":"product","link":"https:\/\/ohmytuft.com\/da\/vare\/tufting-pro-pack-cut-pile-da\/","title":{"rendered":"Tufting Pro Pack &#8211; Cut pile"},"content":{"rendered":"<p>Alt, hvad du beh\u00f8ver for at komme i gang med din nye hobby. Vov at pr\u00f8ve tufting med vores rabatpakker.<\/p>\n<p>Billige forsendelser til hele Europa. Hvis du er i tvivl, s\u00e5 bare sp\u00f8rg!<\/p>\n","protected":false},"excerpt":{"rendered":"<p>Pr\u00f8v PRO tufting p\u00e5 en mere \u00f8konomisk m\u00e5de, alt hvad du beh\u00f8ver for at lave t\u00e6pper.<\/p>\n<p>Pakken indeholder:<\/p>\n<ul>\n<li>Hand tufting gun AK-1 &#8211; Cut pile<\/li>\n<li>Bagside tufting-klud &#8211; 200&#215;200<\/li>\n<li>Prim\u00e6r tufting-klud &#8211; 200&#215;200<\/li>\n<li>Sk\u00e6remaskine og guide<\/li>\n<\/ul>\n","protected":false},"featured_media":5892,"comment_status":"open","ping_status":"closed","template":"","meta":{"_joinchat":[]},"product_brand":[],"product_cat":[287],"product_tag":[],"class_list":{"0":"post-5891","1":"product","2":"type-product","3":"status-publish","4":"has-post-thumbnail","6":"product_cat-tufting-kits-da","8":"first","9":"outofstock","10":"sale","11":"taxable","12":"shipping-taxable","13":"purchasable","14":"product-type-simple"},"yoast_head":"<!-- This site is optimized with the Yoast SEO plugin v27.2 - https:\/\/yoast.com\/product\/yoast-seo-wordpress\/ -->\n<title>Tufting Pro Pack - Cut pile - Ohmytuft.com<\/title>\n<meta name=\"robots\" content=\"index, follow, max-snippet:-1, max-image-preview:large, max-video-preview:-1\" \/>\n<link rel=\"canonical\" href=\"https:\/\/ohmytuft.com\/da\/vare\/tufting-pro-pack-cut-pile-da\/\" \/>\n<meta property=\"og:locale\" content=\"da_DK\" \/>\n<meta property=\"og:type\" content=\"article\" \/>\n<meta property=\"og:title\" content=\"Tufting Pro Pack - Cut pile - Ohmytuft.com\" \/>\n<meta property=\"og:description\" content=\"Pr\u00f8v PRO tufting p\u00e5 en mere \u00f8konomisk m\u00e5de, alt hvad du beh\u00f8ver for at lave t\u00e6pper.  Pakken indeholder:   Hand tufting gun AK-1 - Cut pile  Bagside tufting-klud - 200x200  Prim\u00e6r tufting-klud - 200x200  Sk\u00e6remaskine og guide\" \/>\n<meta property=\"og:url\" content=\"https:\/\/ohmytuft.com\/da\/vare\/tufting-pro-pack-cut-pile-da\/\" \/>\n<meta property=\"og:site_name\" content=\"Ohmytuft.com\" \/>\n<meta property=\"article:modified_time\" content=\"2024-03-13T17:49:15+00:00\" \/>\n<meta property=\"og:image\" content=\"https:\/\/ohmytuft.com\/wp-content\/uploads\/2023\/11\/Tufting-packs-03.jpg\" \/>\n\t<meta property=\"og:image:width\" content=\"900\" \/>\n\t<meta property=\"og:image:height\" content=\"900\" \/>\n\t<meta property=\"og:image:type\" content=\"image\/jpeg\" \/>\n<meta name=\"twitter:card\" content=\"summary_large_image\" \/>\n<script type=\"application\/ld+json\" class=\"yoast-schema-graph\">{\"@context\":\"https:\/\/schema.org\",\"@graph\":[{\"@type\":\"WebPage\",\"@id\":\"https:\/\/ohmytuft.com\/da\/vare\/tufting-pro-pack-cut-pile-da\/\",\"url\":\"https:\/\/ohmytuft.com\/da\/vare\/tufting-pro-pack-cut-pile-da\/\",\"name\":\"Tufting Pro Pack - Cut pile - Ohmytuft.com\",\"isPartOf\":{\"@id\":\"https:\/\/ohmytuft.com\/da\/#website\"},\"primaryImageOfPage\":{\"@id\":\"https:\/\/ohmytuft.com\/da\/vare\/tufting-pro-pack-cut-pile-da\/#primaryimage\"},\"image\":{\"@id\":\"https:\/\/ohmytuft.com\/da\/vare\/tufting-pro-pack-cut-pile-da\/#primaryimage\"},\"thumbnailUrl\":\"https:\/\/ohmytuft.com\/wp-content\/uploads\/2023\/11\/Tufting-packs-03.jpg\",\"datePublished\":\"2023-10-19T17:24:38+00:00\",\"dateModified\":\"2024-03-13T17:49:15+00:00\",\"breadcrumb\":{\"@id\":\"https:\/\/ohmytuft.com\/da\/vare\/tufting-pro-pack-cut-pile-da\/#breadcrumb\"},\"inLanguage\":\"da-DK\",\"potentialAction\":[{\"@type\":\"ReadAction\",\"target\":[\"https:\/\/ohmytuft.com\/da\/vare\/tufting-pro-pack-cut-pile-da\/\"]}]},{\"@type\":\"ImageObject\",\"inLanguage\":\"da-DK\",\"@id\":\"https:\/\/ohmytuft.com\/da\/vare\/tufting-pro-pack-cut-pile-da\/#primaryimage\",\"url\":\"https:\/\/ohmytuft.com\/wp-content\/uploads\/2023\/11\/Tufting-packs-03.jpg\",\"contentUrl\":\"https:\/\/ohmytuft.com\/wp-content\/uploads\/2023\/11\/Tufting-packs-03.jpg\",\"width\":900,\"height\":900},{\"@type\":\"BreadcrumbList\",\"@id\":\"https:\/\/ohmytuft.com\/da\/vare\/tufting-pro-pack-cut-pile-da\/#breadcrumb\",\"itemListElement\":[{\"@type\":\"ListItem\",\"position\":1,\"name\":\"Home\",\"item\":\"https:\/\/ohmytuft.com\/da\/\"},{\"@type\":\"ListItem\",\"position\":2,\"name\":\"Butik\",\"item\":\"https:\/\/ohmytuft.com\/da\/butik\/\"},{\"@type\":\"ListItem\",\"position\":3,\"name\":\"Tufting Pro Pack &#8211; Cut pile\"}]},{\"@type\":\"WebSite\",\"@id\":\"https:\/\/ohmytuft.com\/da\/#website\",\"url\":\"https:\/\/ohmytuft.com\/da\/\",\"name\":\"Oh my tuft\",\"description\":\"Oh my tuft\",\"publisher\":{\"@id\":\"https:\/\/ohmytuft.com\/da\/#organization\"},\"potentialAction\":[{\"@type\":\"SearchAction\",\"target\":{\"@type\":\"EntryPoint\",\"urlTemplate\":\"https:\/\/ohmytuft.com\/da\/?s={search_term_string}\"},\"query-input\":{\"@type\":\"PropertyValueSpecification\",\"valueRequired\":true,\"valueName\":\"search_term_string\"}}],\"inLanguage\":\"da-DK\"},{\"@type\":\"Organization\",\"@id\":\"https:\/\/ohmytuft.com\/da\/#organization\",\"name\":\"Oh my tuft\",\"url\":\"https:\/\/ohmytuft.com\/da\/\",\"logo\":{\"@type\":\"ImageObject\",\"inLanguage\":\"da-DK\",\"@id\":\"https:\/\/ohmytuft.com\/da\/#\/schema\/logo\/image\/\",\"url\":\"https:\/\/ohmytuft.com\/wp-content\/uploads\/2021\/02\/WEB-20.png\",\"contentUrl\":\"https:\/\/ohmytuft.com\/wp-content\/uploads\/2021\/02\/WEB-20.png\",\"width\":2085,\"height\":764,\"caption\":\"Oh my tuft\"},\"image\":{\"@id\":\"https:\/\/ohmytuft.com\/da\/#\/schema\/logo\/image\/\"},\"sameAs\":[\"https:\/\/www.instagram.com\/tuftinggunsupplies\/\",\"https:\/\/www.tiktok.com\/@tuftinggun\"]}]}<\/script>\n<!-- \/ Yoast SEO plugin. -->","yoast_head_json":{"title":"Tufting Pro Pack - Cut pile - Ohmytuft.com","robots":{"index":"index","follow":"follow","max-snippet":"max-snippet:-1","max-image-preview":"max-image-preview:large","max-video-preview":"max-video-preview:-1"},"canonical":"https:\/\/ohmytuft.com\/da\/vare\/tufting-pro-pack-cut-pile-da\/","og_locale":"da_DK","og_type":"article","og_title":"Tufting Pro Pack - Cut pile - Ohmytuft.com","og_description":"Pr\u00f8v PRO tufting p\u00e5 en mere \u00f8konomisk m\u00e5de, alt hvad du beh\u00f8ver for at lave t\u00e6pper.  Pakken indeholder:   Hand tufting gun AK-1 - Cut pile  Bagside tufting-klud - 200x200  Prim\u00e6r tufting-klud - 200x200  Sk\u00e6remaskine og guide","og_url":"https:\/\/ohmytuft.com\/da\/vare\/tufting-pro-pack-cut-pile-da\/","og_site_name":"Ohmytuft.com","article_modified_time":"2024-03-13T17:49:15+00:00","og_image":[{"width":900,"height":900,"url":"https:\/\/ohmytuft.com\/wp-content\/uploads\/2023\/11\/Tufting-packs-03.jpg","type":"image\/jpeg"}],"twitter_card":"summary_large_image","schema":{"@context":"https:\/\/schema.org","@graph":[{"@type":"WebPage","@id":"https:\/\/ohmytuft.com\/da\/vare\/tufting-pro-pack-cut-pile-da\/","url":"https:\/\/ohmytuft.com\/da\/vare\/tufting-pro-pack-cut-pile-da\/","name":"Tufting Pro Pack - Cut pile - Ohmytuft.com","isPartOf":{"@id":"https:\/\/ohmytuft.com\/da\/#website"},"primaryImageOfPage":{"@id":"https:\/\/ohmytuft.com\/da\/vare\/tufting-pro-pack-cut-pile-da\/#primaryimage"},"image":{"@id":"https:\/\/ohmytuft.com\/da\/vare\/tufting-pro-pack-cut-pile-da\/#primaryimage"},"thumbnailUrl":"https:\/\/ohmytuft.com\/wp-content\/uploads\/2023\/11\/Tufting-packs-03.jpg","datePublished":"2023-10-19T17:24:38+00:00","dateModified":"2024-03-13T17:49:15+00:00","breadcrumb":{"@id":"https:\/\/ohmytuft.com\/da\/vare\/tufting-pro-pack-cut-pile-da\/#breadcrumb"},"inLanguage":"da-DK","potentialAction":[{"@type":"ReadAction","target":["https:\/\/ohmytuft.com\/da\/vare\/tufting-pro-pack-cut-pile-da\/"]}]},{"@type":"ImageObject","inLanguage":"da-DK","@id":"https:\/\/ohmytuft.com\/da\/vare\/tufting-pro-pack-cut-pile-da\/#primaryimage","url":"https:\/\/ohmytuft.com\/wp-content\/uploads\/2023\/11\/Tufting-packs-03.jpg","contentUrl":"https:\/\/ohmytuft.com\/wp-content\/uploads\/2023\/11\/Tufting-packs-03.jpg","width":900,"height":900},{"@type":"BreadcrumbList","@id":"https:\/\/ohmytuft.com\/da\/vare\/tufting-pro-pack-cut-pile-da\/#breadcrumb","itemListElement":[{"@type":"ListItem","position":1,"name":"Home","item":"https:\/\/ohmytuft.com\/da\/"},{"@type":"ListItem","position":2,"name":"Butik","item":"https:\/\/ohmytuft.com\/da\/butik\/"},{"@type":"ListItem","position":3,"name":"Tufting Pro Pack &#8211; Cut pile"}]},{"@type":"WebSite","@id":"https:\/\/ohmytuft.com\/da\/#website","url":"https:\/\/ohmytuft.com\/da\/","name":"Oh my tuft","description":"Oh my tuft","publisher":{"@id":"https:\/\/ohmytuft.com\/da\/#organization"},"potentialAction":[{"@type":"SearchAction","target":{"@type":"EntryPoint","urlTemplate":"https:\/\/ohmytuft.com\/da\/?s={search_term_string}"},"query-input":{"@type":"PropertyValueSpecification","valueRequired":true,"valueName":"search_term_string"}}],"inLanguage":"da-DK"},{"@type":"Organization","@id":"https:\/\/ohmytuft.com\/da\/#organization","name":"Oh my tuft","url":"https:\/\/ohmytuft.com\/da\/","logo":{"@type":"ImageObject","inLanguage":"da-DK","@id":"https:\/\/ohmytuft.com\/da\/#\/schema\/logo\/image\/","url":"https:\/\/ohmytuft.com\/wp-content\/uploads\/2021\/02\/WEB-20.png","contentUrl":"https:\/\/ohmytuft.com\/wp-content\/uploads\/2021\/02\/WEB-20.png","width":2085,"height":764,"caption":"Oh my tuft"},"image":{"@id":"https:\/\/ohmytuft.com\/da\/#\/schema\/logo\/image\/"},"sameAs":["https:\/\/www.instagram.com\/tuftinggunsupplies\/","https:\/\/www.tiktok.com\/@tuftinggun"]}]}},"_links":{"self":[{"href":"https:\/\/ohmytuft.com\/da\/wp-json\/wp\/v2\/product\/5891","targetHints":{"allow":["GET"]}}],"collection":[{"href":"https:\/\/ohmytuft.com\/da\/wp-json\/wp\/v2\/product"}],"about":[{"href":"https:\/\/ohmytuft.com\/da\/wp-json\/wp\/v2\/types\/product"}],"replies":[{"embeddable":true,"href":"https:\/\/ohmytuft.com\/da\/wp-json\/wp\/v2\/comments?post=5891"}],"wp:featuredmedia":[{"embeddable":true,"href":"https:\/\/ohmytuft.com\/da\/wp-json\/wp\/v2\/media\/5892"}],"wp:attachment":[{"href":"https:\/\/ohmytuft.com\/da\/wp-json\/wp\/v2\/media?parent=5891"}],"wp:term":[{"taxonomy":"product_brand","embeddable":true,"href":"https:\/\/ohmytuft.com\/da\/wp-json\/wp\/v2\/product_brand?post=5891"},{"taxonomy":"product_cat","embeddable":true,"href":"https:\/\/ohmytuft.com\/da\/wp-json\/wp\/v2\/product_cat?post=5891"},{"taxonomy":"product_tag","embeddable":true,"href":"https:\/\/ohmytuft.com\/da\/wp-json\/wp\/v2\/product_tag?post=5891"}],"curies":[{"name":"wp","href":"https:\/\/api.w.org\/{rel}","templated":true}]}}