{"id":7987,"date":"2024-05-22T09:26:44","date_gmt":"2024-05-22T09:26:44","guid":{"rendered":"https:\/\/ohmytuft.com\/?post_type=product&#038;p=7987"},"modified":"2024-05-23T16:43:46","modified_gmt":"2024-05-23T16:43:46","slug":"akryl-taeppegarn-250g-granat-copia-copia-copia-copia-copia-copia-copy-copy","status":"publish","type":"product","link":"https:\/\/ohmytuft.com\/da\/vare\/akryl-taeppegarn-250g-granat-copia-copia-copia-copia-copia-copia-copy-copy\/","title":{"rendered":"Akrylt\u00e6ppegarn keglepakke &#8211; 5 enheder"},"content":{"rendered":"<p>Har du brug for en garnpakke af h\u00f8j kvalitet? S\u00e5 er dette dit bedste valg. K\u00f8b dine <a href=\"https:\/\/ohmytuft.com\/\"><br \/>\n  <strong>tufting-materialer<\/strong><br \/>\n<\/a> med rabat \ud83d\ude09<\/p>\n<p>Hvis du har sp\u00f8rgsm\u00e5l, er du velkommen til at kontakte os.<\/p>\n","protected":false},"excerpt":{"rendered":"<p>100% Dralon akrylgarn af fremragende kvalitet. Det er <strong>perfekt til tufting<\/strong>.<\/p>\n<ul>\n<li>250 g pr. kegle (505 m)<\/li>\n<li>Tykkelse: 3,5-4,5<\/li>\n<li>Fremstillet i Europa enheder pakke<\/li>\n<\/ul>\n","protected":false},"featured_media":7999,"comment_status":"open","ping_status":"closed","template":"","meta":{"_joinchat":[]},"product_brand":[],"product_cat":[287,286],"product_tag":[],"class_list":{"0":"post-7987","1":"product","2":"type-product","3":"status-publish","4":"has-post-thumbnail","6":"product_cat-tufting-kits-da","7":"product_cat-tuftinggarn","9":"first","10":"instock","11":"sale","12":"taxable","13":"shipping-taxable","14":"purchasable","15":"product-type-variable"},"yoast_head":"<!-- This site is optimized with the Yoast SEO plugin v27.2 - https:\/\/yoast.com\/product\/yoast-seo-wordpress\/ -->\n<title>Akrylt\u00e6ppegarn keglepakke - 5 enheder - Ohmytuft.com<\/title>\n<meta name=\"robots\" content=\"index, follow, max-snippet:-1, max-image-preview:large, max-video-preview:-1\" \/>\n<link rel=\"canonical\" href=\"https:\/\/ohmytuft.com\/da\/vare\/akryl-taeppegarn-250g-granat-copia-copia-copia-copia-copia-copia-copy-copy\/\" \/>\n<meta property=\"og:locale\" content=\"da_DK\" \/>\n<meta property=\"og:type\" content=\"article\" \/>\n<meta property=\"og:title\" content=\"Akrylt\u00e6ppegarn keglepakke - 5 enheder - Ohmytuft.com\" \/>\n<meta property=\"og:description\" content=\"100% Dralon akrylgarn af fremragende kvalitet. Det er perfekt til tufting.  250 g pr. kegle (505 m)  Tykkelse: 3,5-4,5  Fremstillet i Europa enheder pakke\" \/>\n<meta property=\"og:url\" content=\"https:\/\/ohmytuft.com\/da\/vare\/akryl-taeppegarn-250g-granat-copia-copia-copia-copia-copia-copia-copy-copy\/\" \/>\n<meta property=\"og:site_name\" content=\"Ohmytuft.com\" \/>\n<meta property=\"article:modified_time\" content=\"2024-05-23T16:43:46+00:00\" \/>\n<meta property=\"og:image\" content=\"https:\/\/ohmytuft.com\/wp-content\/uploads\/2024\/05\/Packs-Tufting-02-scaled.jpg\" \/>\n\t<meta property=\"og:image:width\" content=\"2560\" \/>\n\t<meta property=\"og:image:height\" content=\"2560\" \/>\n\t<meta property=\"og:image:type\" content=\"image\/jpeg\" \/>\n<meta name=\"twitter:card\" content=\"summary_large_image\" \/>\n<script type=\"application\/ld+json\" class=\"yoast-schema-graph\">{\"@context\":\"https:\/\/schema.org\",\"@graph\":[{\"@type\":\"WebPage\",\"@id\":\"https:\/\/ohmytuft.com\/da\/vare\/akryl-taeppegarn-250g-granat-copia-copia-copia-copia-copia-copia-copy-copy\/\",\"url\":\"https:\/\/ohmytuft.com\/da\/vare\/akryl-taeppegarn-250g-granat-copia-copia-copia-copia-copia-copia-copy-copy\/\",\"name\":\"Akrylt\u00e6ppegarn keglepakke - 5 enheder - Ohmytuft.com\",\"isPartOf\":{\"@id\":\"https:\/\/ohmytuft.com\/da\/#website\"},\"primaryImageOfPage\":{\"@id\":\"https:\/\/ohmytuft.com\/da\/vare\/akryl-taeppegarn-250g-granat-copia-copia-copia-copia-copia-copia-copy-copy\/#primaryimage\"},\"image\":{\"@id\":\"https:\/\/ohmytuft.com\/da\/vare\/akryl-taeppegarn-250g-granat-copia-copia-copia-copia-copia-copia-copy-copy\/#primaryimage\"},\"thumbnailUrl\":\"https:\/\/ohmytuft.com\/wp-content\/uploads\/2024\/05\/Packs-Tufting-02-scaled.jpg\",\"datePublished\":\"2024-05-22T09:26:44+00:00\",\"dateModified\":\"2024-05-23T16:43:46+00:00\",\"breadcrumb\":{\"@id\":\"https:\/\/ohmytuft.com\/da\/vare\/akryl-taeppegarn-250g-granat-copia-copia-copia-copia-copia-copia-copy-copy\/#breadcrumb\"},\"inLanguage\":\"da-DK\",\"potentialAction\":[{\"@type\":\"ReadAction\",\"target\":[\"https:\/\/ohmytuft.com\/da\/vare\/akryl-taeppegarn-250g-granat-copia-copia-copia-copia-copia-copia-copy-copy\/\"]}]},{\"@type\":\"ImageObject\",\"inLanguage\":\"da-DK\",\"@id\":\"https:\/\/ohmytuft.com\/da\/vare\/akryl-taeppegarn-250g-granat-copia-copia-copia-copia-copia-copia-copy-copy\/#primaryimage\",\"url\":\"https:\/\/ohmytuft.com\/wp-content\/uploads\/2024\/05\/Packs-Tufting-02-scaled.jpg\",\"contentUrl\":\"https:\/\/ohmytuft.com\/wp-content\/uploads\/2024\/05\/Packs-Tufting-02-scaled.jpg\",\"width\":2560,\"height\":2560},{\"@type\":\"BreadcrumbList\",\"@id\":\"https:\/\/ohmytuft.com\/da\/vare\/akryl-taeppegarn-250g-granat-copia-copia-copia-copia-copia-copia-copy-copy\/#breadcrumb\",\"itemListElement\":[{\"@type\":\"ListItem\",\"position\":1,\"name\":\"Home\",\"item\":\"https:\/\/ohmytuft.com\/da\/\"},{\"@type\":\"ListItem\",\"position\":2,\"name\":\"Butik\",\"item\":\"https:\/\/ohmytuft.com\/da\/butik\/\"},{\"@type\":\"ListItem\",\"position\":3,\"name\":\"Akrylt\u00e6ppegarn keglepakke &#8211; 5 enheder\"}]},{\"@type\":\"WebSite\",\"@id\":\"https:\/\/ohmytuft.com\/da\/#website\",\"url\":\"https:\/\/ohmytuft.com\/da\/\",\"name\":\"Oh my tuft\",\"description\":\"Oh my tuft\",\"publisher\":{\"@id\":\"https:\/\/ohmytuft.com\/da\/#organization\"},\"potentialAction\":[{\"@type\":\"SearchAction\",\"target\":{\"@type\":\"EntryPoint\",\"urlTemplate\":\"https:\/\/ohmytuft.com\/da\/?s={search_term_string}\"},\"query-input\":{\"@type\":\"PropertyValueSpecification\",\"valueRequired\":true,\"valueName\":\"search_term_string\"}}],\"inLanguage\":\"da-DK\"},{\"@type\":\"Organization\",\"@id\":\"https:\/\/ohmytuft.com\/da\/#organization\",\"name\":\"Oh my tuft\",\"url\":\"https:\/\/ohmytuft.com\/da\/\",\"logo\":{\"@type\":\"ImageObject\",\"inLanguage\":\"da-DK\",\"@id\":\"https:\/\/ohmytuft.com\/da\/#\/schema\/logo\/image\/\",\"url\":\"https:\/\/ohmytuft.com\/wp-content\/uploads\/2021\/02\/WEB-20.png\",\"contentUrl\":\"https:\/\/ohmytuft.com\/wp-content\/uploads\/2021\/02\/WEB-20.png\",\"width\":2085,\"height\":764,\"caption\":\"Oh my tuft\"},\"image\":{\"@id\":\"https:\/\/ohmytuft.com\/da\/#\/schema\/logo\/image\/\"},\"sameAs\":[\"https:\/\/www.instagram.com\/tuftinggunsupplies\/\",\"https:\/\/www.tiktok.com\/@tuftinggun\"]}]}<\/script>\n<!-- \/ Yoast SEO plugin. -->","yoast_head_json":{"title":"Akrylt\u00e6ppegarn keglepakke - 5 enheder - Ohmytuft.com","robots":{"index":"index","follow":"follow","max-snippet":"max-snippet:-1","max-image-preview":"max-image-preview:large","max-video-preview":"max-video-preview:-1"},"canonical":"https:\/\/ohmytuft.com\/da\/vare\/akryl-taeppegarn-250g-granat-copia-copia-copia-copia-copia-copia-copy-copy\/","og_locale":"da_DK","og_type":"article","og_title":"Akrylt\u00e6ppegarn keglepakke - 5 enheder - Ohmytuft.com","og_description":"100% Dralon akrylgarn af fremragende kvalitet. Det er perfekt til tufting.  250 g pr. kegle (505 m)  Tykkelse: 3,5-4,5  Fremstillet i Europa enheder pakke","og_url":"https:\/\/ohmytuft.com\/da\/vare\/akryl-taeppegarn-250g-granat-copia-copia-copia-copia-copia-copia-copy-copy\/","og_site_name":"Ohmytuft.com","article_modified_time":"2024-05-23T16:43:46+00:00","og_image":[{"width":2560,"height":2560,"url":"https:\/\/ohmytuft.com\/wp-content\/uploads\/2024\/05\/Packs-Tufting-02-scaled.jpg","type":"image\/jpeg"}],"twitter_card":"summary_large_image","schema":{"@context":"https:\/\/schema.org","@graph":[{"@type":"WebPage","@id":"https:\/\/ohmytuft.com\/da\/vare\/akryl-taeppegarn-250g-granat-copia-copia-copia-copia-copia-copia-copy-copy\/","url":"https:\/\/ohmytuft.com\/da\/vare\/akryl-taeppegarn-250g-granat-copia-copia-copia-copia-copia-copia-copy-copy\/","name":"Akrylt\u00e6ppegarn keglepakke - 5 enheder - Ohmytuft.com","isPartOf":{"@id":"https:\/\/ohmytuft.com\/da\/#website"},"primaryImageOfPage":{"@id":"https:\/\/ohmytuft.com\/da\/vare\/akryl-taeppegarn-250g-granat-copia-copia-copia-copia-copia-copia-copy-copy\/#primaryimage"},"image":{"@id":"https:\/\/ohmytuft.com\/da\/vare\/akryl-taeppegarn-250g-granat-copia-copia-copia-copia-copia-copia-copy-copy\/#primaryimage"},"thumbnailUrl":"https:\/\/ohmytuft.com\/wp-content\/uploads\/2024\/05\/Packs-Tufting-02-scaled.jpg","datePublished":"2024-05-22T09:26:44+00:00","dateModified":"2024-05-23T16:43:46+00:00","breadcrumb":{"@id":"https:\/\/ohmytuft.com\/da\/vare\/akryl-taeppegarn-250g-granat-copia-copia-copia-copia-copia-copia-copy-copy\/#breadcrumb"},"inLanguage":"da-DK","potentialAction":[{"@type":"ReadAction","target":["https:\/\/ohmytuft.com\/da\/vare\/akryl-taeppegarn-250g-granat-copia-copia-copia-copia-copia-copia-copy-copy\/"]}]},{"@type":"ImageObject","inLanguage":"da-DK","@id":"https:\/\/ohmytuft.com\/da\/vare\/akryl-taeppegarn-250g-granat-copia-copia-copia-copia-copia-copia-copy-copy\/#primaryimage","url":"https:\/\/ohmytuft.com\/wp-content\/uploads\/2024\/05\/Packs-Tufting-02-scaled.jpg","contentUrl":"https:\/\/ohmytuft.com\/wp-content\/uploads\/2024\/05\/Packs-Tufting-02-scaled.jpg","width":2560,"height":2560},{"@type":"BreadcrumbList","@id":"https:\/\/ohmytuft.com\/da\/vare\/akryl-taeppegarn-250g-granat-copia-copia-copia-copia-copia-copia-copy-copy\/#breadcrumb","itemListElement":[{"@type":"ListItem","position":1,"name":"Home","item":"https:\/\/ohmytuft.com\/da\/"},{"@type":"ListItem","position":2,"name":"Butik","item":"https:\/\/ohmytuft.com\/da\/butik\/"},{"@type":"ListItem","position":3,"name":"Akrylt\u00e6ppegarn keglepakke &#8211; 5 enheder"}]},{"@type":"WebSite","@id":"https:\/\/ohmytuft.com\/da\/#website","url":"https:\/\/ohmytuft.com\/da\/","name":"Oh my tuft","description":"Oh my tuft","publisher":{"@id":"https:\/\/ohmytuft.com\/da\/#organization"},"potentialAction":[{"@type":"SearchAction","target":{"@type":"EntryPoint","urlTemplate":"https:\/\/ohmytuft.com\/da\/?s={search_term_string}"},"query-input":{"@type":"PropertyValueSpecification","valueRequired":true,"valueName":"search_term_string"}}],"inLanguage":"da-DK"},{"@type":"Organization","@id":"https:\/\/ohmytuft.com\/da\/#organization","name":"Oh my tuft","url":"https:\/\/ohmytuft.com\/da\/","logo":{"@type":"ImageObject","inLanguage":"da-DK","@id":"https:\/\/ohmytuft.com\/da\/#\/schema\/logo\/image\/","url":"https:\/\/ohmytuft.com\/wp-content\/uploads\/2021\/02\/WEB-20.png","contentUrl":"https:\/\/ohmytuft.com\/wp-content\/uploads\/2021\/02\/WEB-20.png","width":2085,"height":764,"caption":"Oh my tuft"},"image":{"@id":"https:\/\/ohmytuft.com\/da\/#\/schema\/logo\/image\/"},"sameAs":["https:\/\/www.instagram.com\/tuftinggunsupplies\/","https:\/\/www.tiktok.com\/@tuftinggun"]}]}},"_links":{"self":[{"href":"https:\/\/ohmytuft.com\/da\/wp-json\/wp\/v2\/product\/7987","targetHints":{"allow":["GET"]}}],"collection":[{"href":"https:\/\/ohmytuft.com\/da\/wp-json\/wp\/v2\/product"}],"about":[{"href":"https:\/\/ohmytuft.com\/da\/wp-json\/wp\/v2\/types\/product"}],"replies":[{"embeddable":true,"href":"https:\/\/ohmytuft.com\/da\/wp-json\/wp\/v2\/comments?post=7987"}],"wp:featuredmedia":[{"embeddable":true,"href":"https:\/\/ohmytuft.com\/da\/wp-json\/wp\/v2\/media\/7999"}],"wp:attachment":[{"href":"https:\/\/ohmytuft.com\/da\/wp-json\/wp\/v2\/media?parent=7987"}],"wp:term":[{"taxonomy":"product_brand","embeddable":true,"href":"https:\/\/ohmytuft.com\/da\/wp-json\/wp\/v2\/product_brand?post=7987"},{"taxonomy":"product_cat","embeddable":true,"href":"https:\/\/ohmytuft.com\/da\/wp-json\/wp\/v2\/product_cat?post=7987"},{"taxonomy":"product_tag","embeddable":true,"href":"https:\/\/ohmytuft.com\/da\/wp-json\/wp\/v2\/product_tag?post=7987"}],"curies":[{"name":"wp","href":"https:\/\/api.w.org\/{rel}","templated":true}]}}