{"id":8607,"date":"2024-06-23T10:49:05","date_gmt":"2024-06-23T10:49:05","guid":{"rendered":"https:\/\/ohmytuft.com\/product\/haandtuftningspistol-ak-v\/"},"modified":"2024-12-24T14:50:40","modified_gmt":"2024-12-24T14:50:40","slug":"haandtuftningspistol-ak-v","status":"publish","type":"product","link":"https:\/\/ohmytuft.com\/da\/vare\/haandtuftningspistol-ak-v\/","title":{"rendered":"H\u00e5ndtuftningspistol AK-V"},"content":{"rendered":"<p>Vi pr\u00e6senterer AK-V Tufting Gun, det ultimative v\u00e6rkt\u00f8j til b\u00e5de hobbyfolk og professionelle t\u00e6ppemagere. Denne alsidige tuftingpistol kombinerer avanceret teknologi med brugervenlige funktioner for at levere uovertruffen effektivitet og pr\u00e6cision i t\u00e6ppefremstillingen.<\/p>\n<p><strong>Perfekt til:<\/strong><\/p>\n<ul>\n<li>DIY-entusiaster, der \u00f8nsker at udforske t\u00e6ppefremstilling.<\/li>\n<li>Professionelle dekorat\u00f8rer og designere, der \u00f8nsker at skabe skr\u00e6ddersyede tekstiler.<\/li>\n<li>Uddannelsesmilj\u00f8er, der underviser i tekstil- og modedesign.<\/li>\n<\/ul>\n<p>Hvis du er i tvivl, skal du bare sp\u00f8rge!<\/p>\n","protected":false},"excerpt":{"rendered":"<p>Ny elektrisk h\u00e5ndtuftningspistol AK-V.<\/p>\n<ul>\n<li>Sp\u00e6nding: AC 100-240V<\/li>\n<li>Frekvens: 50-60HZ<\/li>\n<li>Effekt: 70W<\/li>\n<li>Hastighedsomr\u00e5de: 5-40 sting pr. sekund<\/li>\n<li>H\u00e6fteklammernes h\u00f8jde: 8-18 mm<\/li>\n<li>Standardstiktype: EU<\/li>\n<li>Sk\u00e5ret bunke<\/li>\n<\/ul>\n<p class=\"elementor-heading-title elementor-size-default\">Denne maskine er nem at l\u00e6re og bruge. Vejledninger kommer snart! Regelm\u00e6ssig vedligeholdelse giver v\u00e6rkt\u00f8jet l\u00e6ngere levetid. <strong>\u00c6sken indeholder:<\/strong><\/p>\n<ul>\n<li>Tufting Gun Machine<\/li>\n<li>AC\/DC Adapter with Europlug<\/li>\n<li>V\u00e6rkt\u00f8j og skruer til vedligeholdelse<\/li>\n<li>N\u00e5letr\u00e5der<\/li>\n<\/ul>\n<div class=\"elementor-element elementor-element-e8ba0fb elementor-widget elementor-widget-heading\" data-id=\"e8ba0fb\" data-element_type=\"widget\" data-widget_type=\"heading.default\">\n<div class=\"elementor-widget-container\">\n<p class=\"elementor-heading-title elementor-size-default\">Safety First! Brug h\u00f8re- og \u00f8jenv\u00e6rn. Undg\u00e5 gear og mekanismer. Sluk for str\u00f8mmen, n\u00e5r du ikke bruger den.<\/p>\n<\/div>\n<\/div>\n","protected":false},"featured_media":8529,"comment_status":"closed","ping_status":"closed","template":"","meta":{"_joinchat":[]},"product_brand":[],"product_cat":[280],"product_tag":[],"class_list":{"0":"post-8607","1":"product","2":"type-product","3":"status-publish","4":"has-post-thumbnail","6":"product_cat-tufting-guns-da","8":"first","9":"instock","10":"sale","11":"taxable","12":"shipping-taxable","13":"purchasable","14":"product-type-simple"},"yoast_head":"<!-- This site is optimized with the Yoast SEO plugin v27.2 - https:\/\/yoast.com\/product\/yoast-seo-wordpress\/ -->\n<title>H\u00e5ndtuftningspistol AK-V - Ohmytuft.com<\/title>\n<meta name=\"robots\" content=\"index, follow, max-snippet:-1, max-image-preview:large, max-video-preview:-1\" \/>\n<link rel=\"canonical\" href=\"https:\/\/ohmytuft.com\/da\/vare\/haandtuftningspistol-ak-v\/\" \/>\n<meta property=\"og:locale\" content=\"da_DK\" \/>\n<meta property=\"og:type\" content=\"article\" \/>\n<meta property=\"og:title\" content=\"H\u00e5ndtuftningspistol AK-V - Ohmytuft.com\" \/>\n<meta property=\"og:description\" content=\"Ny elektrisk h\u00e5ndtuftningspistol AK-V.  Sp\u00e6nding: AC 100-240V  Frekvens: 50-60HZ  Effekt: 70W  Hastighedsomr\u00e5de: 5-40 sting pr. sekund  H\u00e6fteklammernes h\u00f8jde: 8-18 mm  Standardstiktype: EU  Sk\u00e5ret bunke Denne maskine er nem at l\u00e6re og bruge. Vejledninger kommer snart! Regelm\u00e6ssig vedligeholdelse giver v\u00e6rkt\u00f8jet l\u00e6ngere levetid. \u00c6sken indeholder:   Tufting Gun Machine  AC\/DC Adapter with Europlug  V\u00e6rkt\u00f8j og skruer til vedligeholdelse  N\u00e5letr\u00e5der  Safety First! Brug h\u00f8re- og \u00f8jenv\u00e6rn. Undg\u00e5 gear og mekanismer. Sluk for str\u00f8mmen, n\u00e5r du ikke bruger den.\" \/>\n<meta property=\"og:url\" content=\"https:\/\/ohmytuft.com\/da\/vare\/haandtuftningspistol-ak-v\/\" \/>\n<meta property=\"og:site_name\" content=\"Ohmytuft.com\" \/>\n<meta property=\"article:modified_time\" content=\"2024-12-24T14:50:40+00:00\" \/>\n<meta property=\"og:image\" content=\"https:\/\/ohmytuft.com\/wp-content\/uploads\/2024\/06\/tufting-gun-akv.png\" \/>\n\t<meta property=\"og:image:width\" content=\"1000\" \/>\n\t<meta property=\"og:image:height\" content=\"750\" \/>\n\t<meta property=\"og:image:type\" content=\"image\/png\" \/>\n<meta name=\"twitter:card\" content=\"summary_large_image\" \/>\n<script type=\"application\/ld+json\" class=\"yoast-schema-graph\">{\"@context\":\"https:\/\/schema.org\",\"@graph\":[{\"@type\":\"WebPage\",\"@id\":\"https:\/\/ohmytuft.com\/da\/vare\/haandtuftningspistol-ak-v\/\",\"url\":\"https:\/\/ohmytuft.com\/da\/vare\/haandtuftningspistol-ak-v\/\",\"name\":\"H\u00e5ndtuftningspistol AK-V - Ohmytuft.com\",\"isPartOf\":{\"@id\":\"https:\/\/ohmytuft.com\/da\/#website\"},\"primaryImageOfPage\":{\"@id\":\"https:\/\/ohmytuft.com\/da\/vare\/haandtuftningspistol-ak-v\/#primaryimage\"},\"image\":{\"@id\":\"https:\/\/ohmytuft.com\/da\/vare\/haandtuftningspistol-ak-v\/#primaryimage\"},\"thumbnailUrl\":\"https:\/\/ohmytuft.com\/wp-content\/uploads\/2024\/06\/tufting-gun-akv.png\",\"datePublished\":\"2024-06-23T10:49:05+00:00\",\"dateModified\":\"2024-12-24T14:50:40+00:00\",\"breadcrumb\":{\"@id\":\"https:\/\/ohmytuft.com\/da\/vare\/haandtuftningspistol-ak-v\/#breadcrumb\"},\"inLanguage\":\"da-DK\",\"potentialAction\":[{\"@type\":\"ReadAction\",\"target\":[\"https:\/\/ohmytuft.com\/da\/vare\/haandtuftningspistol-ak-v\/\"]}]},{\"@type\":\"ImageObject\",\"inLanguage\":\"da-DK\",\"@id\":\"https:\/\/ohmytuft.com\/da\/vare\/haandtuftningspistol-ak-v\/#primaryimage\",\"url\":\"https:\/\/ohmytuft.com\/wp-content\/uploads\/2024\/06\/tufting-gun-akv.png\",\"contentUrl\":\"https:\/\/ohmytuft.com\/wp-content\/uploads\/2024\/06\/tufting-gun-akv.png\",\"width\":1000,\"height\":750},{\"@type\":\"BreadcrumbList\",\"@id\":\"https:\/\/ohmytuft.com\/da\/vare\/haandtuftningspistol-ak-v\/#breadcrumb\",\"itemListElement\":[{\"@type\":\"ListItem\",\"position\":1,\"name\":\"Home\",\"item\":\"https:\/\/ohmytuft.com\/da\/\"},{\"@type\":\"ListItem\",\"position\":2,\"name\":\"Butik\",\"item\":\"https:\/\/ohmytuft.com\/da\/butik\/\"},{\"@type\":\"ListItem\",\"position\":3,\"name\":\"H\u00e5ndtuftningspistol AK-V\"}]},{\"@type\":\"WebSite\",\"@id\":\"https:\/\/ohmytuft.com\/da\/#website\",\"url\":\"https:\/\/ohmytuft.com\/da\/\",\"name\":\"Oh my tuft\",\"description\":\"Oh my tuft\",\"publisher\":{\"@id\":\"https:\/\/ohmytuft.com\/da\/#organization\"},\"potentialAction\":[{\"@type\":\"SearchAction\",\"target\":{\"@type\":\"EntryPoint\",\"urlTemplate\":\"https:\/\/ohmytuft.com\/da\/?s={search_term_string}\"},\"query-input\":{\"@type\":\"PropertyValueSpecification\",\"valueRequired\":true,\"valueName\":\"search_term_string\"}}],\"inLanguage\":\"da-DK\"},{\"@type\":\"Organization\",\"@id\":\"https:\/\/ohmytuft.com\/da\/#organization\",\"name\":\"Oh my tuft\",\"url\":\"https:\/\/ohmytuft.com\/da\/\",\"logo\":{\"@type\":\"ImageObject\",\"inLanguage\":\"da-DK\",\"@id\":\"https:\/\/ohmytuft.com\/da\/#\/schema\/logo\/image\/\",\"url\":\"https:\/\/ohmytuft.com\/wp-content\/uploads\/2021\/02\/WEB-20.png\",\"contentUrl\":\"https:\/\/ohmytuft.com\/wp-content\/uploads\/2021\/02\/WEB-20.png\",\"width\":2085,\"height\":764,\"caption\":\"Oh my tuft\"},\"image\":{\"@id\":\"https:\/\/ohmytuft.com\/da\/#\/schema\/logo\/image\/\"},\"sameAs\":[\"https:\/\/www.instagram.com\/tuftinggunsupplies\/\",\"https:\/\/www.tiktok.com\/@tuftinggun\"]}]}<\/script>\n<!-- \/ Yoast SEO plugin. -->","yoast_head_json":{"title":"H\u00e5ndtuftningspistol AK-V - Ohmytuft.com","robots":{"index":"index","follow":"follow","max-snippet":"max-snippet:-1","max-image-preview":"max-image-preview:large","max-video-preview":"max-video-preview:-1"},"canonical":"https:\/\/ohmytuft.com\/da\/vare\/haandtuftningspistol-ak-v\/","og_locale":"da_DK","og_type":"article","og_title":"H\u00e5ndtuftningspistol AK-V - Ohmytuft.com","og_description":"Ny elektrisk h\u00e5ndtuftningspistol AK-V.  Sp\u00e6nding: AC 100-240V  Frekvens: 50-60HZ  Effekt: 70W  Hastighedsomr\u00e5de: 5-40 sting pr. sekund  H\u00e6fteklammernes h\u00f8jde: 8-18 mm  Standardstiktype: EU  Sk\u00e5ret bunke Denne maskine er nem at l\u00e6re og bruge. Vejledninger kommer snart! Regelm\u00e6ssig vedligeholdelse giver v\u00e6rkt\u00f8jet l\u00e6ngere levetid. \u00c6sken indeholder:   Tufting Gun Machine  AC\/DC Adapter with Europlug  V\u00e6rkt\u00f8j og skruer til vedligeholdelse  N\u00e5letr\u00e5der  Safety First! Brug h\u00f8re- og \u00f8jenv\u00e6rn. Undg\u00e5 gear og mekanismer. Sluk for str\u00f8mmen, n\u00e5r du ikke bruger den.","og_url":"https:\/\/ohmytuft.com\/da\/vare\/haandtuftningspistol-ak-v\/","og_site_name":"Ohmytuft.com","article_modified_time":"2024-12-24T14:50:40+00:00","og_image":[{"width":1000,"height":750,"url":"https:\/\/ohmytuft.com\/wp-content\/uploads\/2024\/06\/tufting-gun-akv.png","type":"image\/png"}],"twitter_card":"summary_large_image","schema":{"@context":"https:\/\/schema.org","@graph":[{"@type":"WebPage","@id":"https:\/\/ohmytuft.com\/da\/vare\/haandtuftningspistol-ak-v\/","url":"https:\/\/ohmytuft.com\/da\/vare\/haandtuftningspistol-ak-v\/","name":"H\u00e5ndtuftningspistol AK-V - Ohmytuft.com","isPartOf":{"@id":"https:\/\/ohmytuft.com\/da\/#website"},"primaryImageOfPage":{"@id":"https:\/\/ohmytuft.com\/da\/vare\/haandtuftningspistol-ak-v\/#primaryimage"},"image":{"@id":"https:\/\/ohmytuft.com\/da\/vare\/haandtuftningspistol-ak-v\/#primaryimage"},"thumbnailUrl":"https:\/\/ohmytuft.com\/wp-content\/uploads\/2024\/06\/tufting-gun-akv.png","datePublished":"2024-06-23T10:49:05+00:00","dateModified":"2024-12-24T14:50:40+00:00","breadcrumb":{"@id":"https:\/\/ohmytuft.com\/da\/vare\/haandtuftningspistol-ak-v\/#breadcrumb"},"inLanguage":"da-DK","potentialAction":[{"@type":"ReadAction","target":["https:\/\/ohmytuft.com\/da\/vare\/haandtuftningspistol-ak-v\/"]}]},{"@type":"ImageObject","inLanguage":"da-DK","@id":"https:\/\/ohmytuft.com\/da\/vare\/haandtuftningspistol-ak-v\/#primaryimage","url":"https:\/\/ohmytuft.com\/wp-content\/uploads\/2024\/06\/tufting-gun-akv.png","contentUrl":"https:\/\/ohmytuft.com\/wp-content\/uploads\/2024\/06\/tufting-gun-akv.png","width":1000,"height":750},{"@type":"BreadcrumbList","@id":"https:\/\/ohmytuft.com\/da\/vare\/haandtuftningspistol-ak-v\/#breadcrumb","itemListElement":[{"@type":"ListItem","position":1,"name":"Home","item":"https:\/\/ohmytuft.com\/da\/"},{"@type":"ListItem","position":2,"name":"Butik","item":"https:\/\/ohmytuft.com\/da\/butik\/"},{"@type":"ListItem","position":3,"name":"H\u00e5ndtuftningspistol AK-V"}]},{"@type":"WebSite","@id":"https:\/\/ohmytuft.com\/da\/#website","url":"https:\/\/ohmytuft.com\/da\/","name":"Oh my tuft","description":"Oh my tuft","publisher":{"@id":"https:\/\/ohmytuft.com\/da\/#organization"},"potentialAction":[{"@type":"SearchAction","target":{"@type":"EntryPoint","urlTemplate":"https:\/\/ohmytuft.com\/da\/?s={search_term_string}"},"query-input":{"@type":"PropertyValueSpecification","valueRequired":true,"valueName":"search_term_string"}}],"inLanguage":"da-DK"},{"@type":"Organization","@id":"https:\/\/ohmytuft.com\/da\/#organization","name":"Oh my tuft","url":"https:\/\/ohmytuft.com\/da\/","logo":{"@type":"ImageObject","inLanguage":"da-DK","@id":"https:\/\/ohmytuft.com\/da\/#\/schema\/logo\/image\/","url":"https:\/\/ohmytuft.com\/wp-content\/uploads\/2021\/02\/WEB-20.png","contentUrl":"https:\/\/ohmytuft.com\/wp-content\/uploads\/2021\/02\/WEB-20.png","width":2085,"height":764,"caption":"Oh my tuft"},"image":{"@id":"https:\/\/ohmytuft.com\/da\/#\/schema\/logo\/image\/"},"sameAs":["https:\/\/www.instagram.com\/tuftinggunsupplies\/","https:\/\/www.tiktok.com\/@tuftinggun"]}]}},"_links":{"self":[{"href":"https:\/\/ohmytuft.com\/da\/wp-json\/wp\/v2\/product\/8607","targetHints":{"allow":["GET"]}}],"collection":[{"href":"https:\/\/ohmytuft.com\/da\/wp-json\/wp\/v2\/product"}],"about":[{"href":"https:\/\/ohmytuft.com\/da\/wp-json\/wp\/v2\/types\/product"}],"replies":[{"embeddable":true,"href":"https:\/\/ohmytuft.com\/da\/wp-json\/wp\/v2\/comments?post=8607"}],"wp:featuredmedia":[{"embeddable":true,"href":"https:\/\/ohmytuft.com\/da\/wp-json\/wp\/v2\/media\/8529"}],"wp:attachment":[{"href":"https:\/\/ohmytuft.com\/da\/wp-json\/wp\/v2\/media?parent=8607"}],"wp:term":[{"taxonomy":"product_brand","embeddable":true,"href":"https:\/\/ohmytuft.com\/da\/wp-json\/wp\/v2\/product_brand?post=8607"},{"taxonomy":"product_cat","embeddable":true,"href":"https:\/\/ohmytuft.com\/da\/wp-json\/wp\/v2\/product_cat?post=8607"},{"taxonomy":"product_tag","embeddable":true,"href":"https:\/\/ohmytuft.com\/da\/wp-json\/wp\/v2\/product_tag?post=8607"}],"curies":[{"name":"wp","href":"https:\/\/api.w.org\/{rel}","templated":true}]}}