{"id":4113,"date":"2020-10-06T14:45:35","date_gmt":"2020-10-06T14:45:35","guid":{"rendered":"https:\/\/ohmytuft.com\/uber-uns\/"},"modified":"2023-09-13T21:27:18","modified_gmt":"2023-09-13T21:27:18","slug":"uber-uns","status":"publish","type":"page","link":"https:\/\/ohmytuft.com\/de\/uber-uns\/","title":{"rendered":"\u00dcber uns"},"content":{"rendered":"\n<p>Wir sind eine Gruppe von Kunsthandwerkern und Designern mit Sitz in Madrid, Spanien, wo wir ein kleines Tufting-Atelier betreiben. Wir haben dieses Gesch\u00e4ft er\u00f6ffnet, um Ihnen zu helfen, die beste Qualit\u00e4t f\u00fcr Ihre Teppiche in Europa zu finden, in der Hoffnung, Ihr Leben einfacher zu machen. <\/p>\n\n<h2 class=\"wp-block-heading\">Abonnieren Sie jetzt und erhalten Sie 20\u20ac* Rabatt<\/h2>\n<p>[mc4wp_form id=&#8220;79&#8243;]<\/p>\n\n<p>*gilt nur f\u00fcr Tufting-Pistolen<\/p>\n","protected":false},"excerpt":{"rendered":"<p>Wir sind eine Gruppe von Kunsthandwerkern und Designern mit Sitz in Madrid, Spanien, wo wir ein kleines Tufting-Atelier betreiben. Wir haben dieses Gesch\u00e4ft er\u00f6ffnet, um Ihnen zu helfen, die beste Qualit\u00e4t f\u00fcr Ihre Teppiche in Europa zu finden, in der Hoffnung, Ihr Leben einfacher zu machen. Abonnieren Sie jetzt und erhalten Sie 20\u20ac* Rabatt *gilt [&hellip;]<\/p>\n","protected":false},"author":3,"featured_media":0,"parent":0,"menu_order":0,"comment_status":"closed","ping_status":"closed","template":"","meta":{"_joinchat":[],"footnotes":""},"class_list":["post-4113","page","type-page","status-publish","hentry"],"yoast_head":"<!-- This site is optimized with the Yoast SEO plugin v27.2 - https:\/\/yoast.com\/product\/yoast-seo-wordpress\/ -->\n<title>\u00dcber uns - Ohmytuft.com<\/title>\n<meta name=\"robots\" content=\"index, follow, max-snippet:-1, max-image-preview:large, max-video-preview:-1\" \/>\n<link rel=\"canonical\" href=\"https:\/\/ohmytuft.com\/de\/uber-uns\/\" \/>\n<meta property=\"og:locale\" content=\"de_DE\" \/>\n<meta property=\"og:type\" content=\"article\" \/>\n<meta property=\"og:title\" content=\"\u00dcber uns - Ohmytuft.com\" \/>\n<meta property=\"og:description\" content=\"Wir sind eine Gruppe von Kunsthandwerkern und Designern mit Sitz in Madrid, Spanien, wo wir ein kleines Tufting-Atelier betreiben. Wir haben dieses Gesch\u00e4ft er\u00f6ffnet, um Ihnen zu helfen, die beste Qualit\u00e4t f\u00fcr Ihre Teppiche in Europa zu finden, in der Hoffnung, Ihr Leben einfacher zu machen. Abonnieren Sie jetzt und erhalten Sie 20\u20ac* Rabatt *gilt [&hellip;]\" \/>\n<meta property=\"og:url\" content=\"https:\/\/ohmytuft.com\/de\/uber-uns\/\" \/>\n<meta property=\"og:site_name\" content=\"Ohmytuft.com\" \/>\n<meta property=\"article:modified_time\" content=\"2023-09-13T21:27:18+00:00\" \/>\n<meta name=\"twitter:card\" content=\"summary_large_image\" \/>\n<script type=\"application\/ld+json\" class=\"yoast-schema-graph\">{\"@context\":\"https:\/\/schema.org\",\"@graph\":[{\"@type\":\"WebPage\",\"@id\":\"https:\/\/ohmytuft.com\/de\/uber-uns\/\",\"url\":\"https:\/\/ohmytuft.com\/de\/uber-uns\/\",\"name\":\"\u00dcber uns - Ohmytuft.com\",\"isPartOf\":{\"@id\":\"https:\/\/ohmytuft.com\/de\/#website\"},\"datePublished\":\"2020-10-06T14:45:35+00:00\",\"dateModified\":\"2023-09-13T21:27:18+00:00\",\"breadcrumb\":{\"@id\":\"https:\/\/ohmytuft.com\/de\/uber-uns\/#breadcrumb\"},\"inLanguage\":\"de\",\"potentialAction\":[{\"@type\":\"ReadAction\",\"target\":[\"https:\/\/ohmytuft.com\/de\/uber-uns\/\"]}]},{\"@type\":\"BreadcrumbList\",\"@id\":\"https:\/\/ohmytuft.com\/de\/uber-uns\/#breadcrumb\",\"itemListElement\":[{\"@type\":\"ListItem\",\"position\":1,\"name\":\"Home\",\"item\":\"https:\/\/ohmytuft.com\/de\/\"},{\"@type\":\"ListItem\",\"position\":2,\"name\":\"\u00dcber uns\"}]},{\"@type\":\"WebSite\",\"@id\":\"https:\/\/ohmytuft.com\/de\/#website\",\"url\":\"https:\/\/ohmytuft.com\/de\/\",\"name\":\"Oh my tuft\",\"description\":\"Oh my tuft\",\"publisher\":{\"@id\":\"https:\/\/ohmytuft.com\/de\/#organization\"},\"potentialAction\":[{\"@type\":\"SearchAction\",\"target\":{\"@type\":\"EntryPoint\",\"urlTemplate\":\"https:\/\/ohmytuft.com\/de\/?s={search_term_string}\"},\"query-input\":{\"@type\":\"PropertyValueSpecification\",\"valueRequired\":true,\"valueName\":\"search_term_string\"}}],\"inLanguage\":\"de\"},{\"@type\":\"Organization\",\"@id\":\"https:\/\/ohmytuft.com\/de\/#organization\",\"name\":\"Oh my tuft\",\"url\":\"https:\/\/ohmytuft.com\/de\/\",\"logo\":{\"@type\":\"ImageObject\",\"inLanguage\":\"de\",\"@id\":\"https:\/\/ohmytuft.com\/de\/#\/schema\/logo\/image\/\",\"url\":\"https:\/\/ohmytuft.com\/wp-content\/uploads\/2021\/02\/WEB-20.png\",\"contentUrl\":\"https:\/\/ohmytuft.com\/wp-content\/uploads\/2021\/02\/WEB-20.png\",\"width\":2085,\"height\":764,\"caption\":\"Oh my tuft\"},\"image\":{\"@id\":\"https:\/\/ohmytuft.com\/de\/#\/schema\/logo\/image\/\"},\"sameAs\":[\"https:\/\/www.instagram.com\/tuftinggunsupplies\/\",\"https:\/\/www.tiktok.com\/@tuftinggun\"]}]}<\/script>\n<!-- \/ Yoast SEO plugin. -->","yoast_head_json":{"title":"\u00dcber uns - Ohmytuft.com","robots":{"index":"index","follow":"follow","max-snippet":"max-snippet:-1","max-image-preview":"max-image-preview:large","max-video-preview":"max-video-preview:-1"},"canonical":"https:\/\/ohmytuft.com\/de\/uber-uns\/","og_locale":"de_DE","og_type":"article","og_title":"\u00dcber uns - Ohmytuft.com","og_description":"Wir sind eine Gruppe von Kunsthandwerkern und Designern mit Sitz in Madrid, Spanien, wo wir ein kleines Tufting-Atelier betreiben. Wir haben dieses Gesch\u00e4ft er\u00f6ffnet, um Ihnen zu helfen, die beste Qualit\u00e4t f\u00fcr Ihre Teppiche in Europa zu finden, in der Hoffnung, Ihr Leben einfacher zu machen. Abonnieren Sie jetzt und erhalten Sie 20\u20ac* Rabatt *gilt [&hellip;]","og_url":"https:\/\/ohmytuft.com\/de\/uber-uns\/","og_site_name":"Ohmytuft.com","article_modified_time":"2023-09-13T21:27:18+00:00","twitter_card":"summary_large_image","schema":{"@context":"https:\/\/schema.org","@graph":[{"@type":"WebPage","@id":"https:\/\/ohmytuft.com\/de\/uber-uns\/","url":"https:\/\/ohmytuft.com\/de\/uber-uns\/","name":"\u00dcber uns - Ohmytuft.com","isPartOf":{"@id":"https:\/\/ohmytuft.com\/de\/#website"},"datePublished":"2020-10-06T14:45:35+00:00","dateModified":"2023-09-13T21:27:18+00:00","breadcrumb":{"@id":"https:\/\/ohmytuft.com\/de\/uber-uns\/#breadcrumb"},"inLanguage":"de","potentialAction":[{"@type":"ReadAction","target":["https:\/\/ohmytuft.com\/de\/uber-uns\/"]}]},{"@type":"BreadcrumbList","@id":"https:\/\/ohmytuft.com\/de\/uber-uns\/#breadcrumb","itemListElement":[{"@type":"ListItem","position":1,"name":"Home","item":"https:\/\/ohmytuft.com\/de\/"},{"@type":"ListItem","position":2,"name":"\u00dcber uns"}]},{"@type":"WebSite","@id":"https:\/\/ohmytuft.com\/de\/#website","url":"https:\/\/ohmytuft.com\/de\/","name":"Oh my tuft","description":"Oh my tuft","publisher":{"@id":"https:\/\/ohmytuft.com\/de\/#organization"},"potentialAction":[{"@type":"SearchAction","target":{"@type":"EntryPoint","urlTemplate":"https:\/\/ohmytuft.com\/de\/?s={search_term_string}"},"query-input":{"@type":"PropertyValueSpecification","valueRequired":true,"valueName":"search_term_string"}}],"inLanguage":"de"},{"@type":"Organization","@id":"https:\/\/ohmytuft.com\/de\/#organization","name":"Oh my tuft","url":"https:\/\/ohmytuft.com\/de\/","logo":{"@type":"ImageObject","inLanguage":"de","@id":"https:\/\/ohmytuft.com\/de\/#\/schema\/logo\/image\/","url":"https:\/\/ohmytuft.com\/wp-content\/uploads\/2021\/02\/WEB-20.png","contentUrl":"https:\/\/ohmytuft.com\/wp-content\/uploads\/2021\/02\/WEB-20.png","width":2085,"height":764,"caption":"Oh my tuft"},"image":{"@id":"https:\/\/ohmytuft.com\/de\/#\/schema\/logo\/image\/"},"sameAs":["https:\/\/www.instagram.com\/tuftinggunsupplies\/","https:\/\/www.tiktok.com\/@tuftinggun"]}]}},"_links":{"self":[{"href":"https:\/\/ohmytuft.com\/de\/wp-json\/wp\/v2\/pages\/4113","targetHints":{"allow":["GET"]}}],"collection":[{"href":"https:\/\/ohmytuft.com\/de\/wp-json\/wp\/v2\/pages"}],"about":[{"href":"https:\/\/ohmytuft.com\/de\/wp-json\/wp\/v2\/types\/page"}],"author":[{"embeddable":true,"href":"https:\/\/ohmytuft.com\/de\/wp-json\/wp\/v2\/users\/3"}],"replies":[{"embeddable":true,"href":"https:\/\/ohmytuft.com\/de\/wp-json\/wp\/v2\/comments?post=4113"}],"version-history":[{"count":0,"href":"https:\/\/ohmytuft.com\/de\/wp-json\/wp\/v2\/pages\/4113\/revisions"}],"wp:attachment":[{"href":"https:\/\/ohmytuft.com\/de\/wp-json\/wp\/v2\/media?parent=4113"}],"curies":[{"name":"wp","href":"https:\/\/api.w.org\/{rel}","templated":true}]}}