{"id":6660,"date":"2020-10-08T16:26:21","date_gmt":"2020-10-08T16:26:21","guid":{"rendered":"https:\/\/ohmytuft.com\/cookies\/"},"modified":"2024-03-13T18:43:58","modified_gmt":"2024-03-13T18:43:58","slug":"cookies","status":"publish","type":"page","link":"https:\/\/ohmytuft.com\/de\/cookies\/","title":{"rendered":"Cookies"},"content":{"rendered":"\n<p>Dies ist die Cookie-Richtlinie f\u00fcr Tufting Gun Supplies, abrufbar unter https:\/\/ohmytuft.com<\/p>\n\n<p><strong>Was sind Cookies?<\/strong><\/p>\n\n<p>Wie bei fast allen professionellen Websites \u00fcblich, verwendet auch diese Website Cookies, d. h. kleine Dateien, die auf Ihren Computer heruntergeladen werden, um Ihre Erfahrung zu verbessern. Auf dieser Seite wird beschrieben, welche Informationen sie sammeln, wie wir sie verwenden und warum wir diese Cookies manchmal speichern m\u00fcssen. Wir teilen Ihnen auch mit, wie Sie die Speicherung dieser Cookies verhindern k\u00f6nnen, was jedoch zu einer Beeintr\u00e4chtigung oder zum Ausfall bestimmter Funktionen der Website f\u00fchren kann.<\/p>\n\n<p>F\u00fcr weitere allgemeine Informationen \u00fcber Cookies lesen Sie bitte <a href=\"https:\/\/www.cookieconsent.com\/what-are-cookies\/\">&#8222;Was sind Cookies&#8220;<\/a>.  <\/p>\n\n<p><strong>Wie wir Cookies verwenden<\/strong><\/p>\n\n<p>Wir verwenden Cookies aus einer Reihe von Gr\u00fcnden, die im Folgenden n\u00e4her erl\u00e4utert werden. Leider gibt es in den meisten F\u00e4llen keine branchen\u00fcblichen Optionen zur Deaktivierung von Cookies, ohne die Funktionen und Merkmale, die sie dieser Website hinzuf\u00fcgen, vollst\u00e4ndig zu deaktivieren. Es wird empfohlen, alle Cookies zuzulassen, wenn Sie sich nicht sicher sind, ob Sie sie ben\u00f6tigen oder nicht, falls sie zur Bereitstellung eines von Ihnen genutzten Dienstes verwendet werden.<\/p>\n\n<p><strong>Deaktivieren von Cookies<\/strong><\/p>\n\n<p>Sie k\u00f6nnen das Setzen von Cookies verhindern, indem Sie die Einstellungen Ihres Browsers anpassen (siehe dazu die Hilfe Ihres Browsers). Bitte beachten Sie, dass die Deaktivierung von Cookies die Funktionalit\u00e4t dieser und vieler anderer Websites, die Sie besuchen, beeintr\u00e4chtigen wird. Die Deaktivierung von Cookies f\u00fchrt in der Regel auch zur Deaktivierung bestimmter Funktionen und Merkmale dieser Website. Es wird daher empfohlen, Cookies nicht zu deaktivieren.<\/p>\n\n<p><strong>Die von uns gesetzten Cookies<\/strong><\/p>\n\n<ul class=\"wp-block-list\"><li>Kontobezogene Cookies Wenn Sie ein Konto bei uns anlegen, verwenden wir Cookies f\u00fcr die Verwaltung des Anmeldevorgangs und die allgemeine Verwaltung. Diese Cookies werden in der Regel gel\u00f6scht, wenn Sie sich abmelden. In einigen F\u00e4llen k\u00f6nnen sie jedoch auch danach noch vorhanden sein, um Ihre Website-Einstellungen zu speichern, wenn Sie abgemeldet sind.<\/li><li>Anmeldebezogene Cookies Wir verwenden Cookies, wenn Sie angemeldet sind, damit wir uns an diese Tatsache erinnern k\u00f6nnen. So m\u00fcssen Sie sich nicht jedes Mal anmelden, wenn Sie eine neue Seite besuchen. Diese Cookies werden normalerweise entfernt oder gel\u00f6scht, wenn Sie sich abmelden, um sicherzustellen, dass Sie nur auf eingeschr\u00e4nkte Funktionen und Bereiche zugreifen k\u00f6nnen, wenn Sie angemeldet sind.<\/li><li>Cookies im Zusammenhang mit E-Mail-Newslettern Diese Website bietet Newsletter oder E-Mail-Abonnementdienste an, und Cookies k\u00f6nnen verwendet werden, um sich daran zu erinnern, ob Sie bereits registriert sind und ob bestimmte Benachrichtigungen angezeigt werden sollen, die m\u00f6glicherweise nur f\u00fcr angemeldete\/abgemeldete Benutzer gelten.<\/li><li>Cookies, die sich auf die Bearbeitung von Bestellungen beziehen Diese Website bietet E-Commerce- oder Zahlungsm\u00f6glichkeiten, und einige Cookies sind unerl\u00e4sslich, um sicherzustellen, dass Ihre Bestellung zwischen den Seiten gespeichert wird, damit wir sie ordnungsgem\u00e4\u00df bearbeiten k\u00f6nnen.<\/li><li>Cookies f\u00fcr Formulare Wenn Sie Daten \u00fcber ein Formular eingeben, z. B. auf Kontaktseiten oder in Kommentarformularen, k\u00f6nnen Cookies gesetzt werden, um Ihre Benutzerdaten f\u00fcr zuk\u00fcnftige Korrespondenz zu speichern.<\/li><\/ul>\n\n<p><strong>Cookies von Dritten<\/strong><\/p>\n\n<p>In einigen besonderen F\u00e4llen verwenden wir auch Cookies, die von vertrauensw\u00fcrdigen Dritten bereitgestellt werden. Im folgenden Abschnitt wird beschrieben, welche Cookies von Dritten Sie auf dieser Website finden k\u00f6nnen.<\/p>\n\n<ul class=\"wp-block-list\"><li>Diese Website verwendet Google Analytics, eine der am weitesten verbreiteten und vertrauensw\u00fcrdigen Analysel\u00f6sungen im Internet, die uns hilft zu verstehen, wie Sie die Website nutzen und wie wir Ihre Erfahrung verbessern k\u00f6nnen. Diese Cookies k\u00f6nnen z. B. verfolgen, wie lange Sie auf der Website bleiben und welche Seiten Sie besuchen, damit wir weiterhin ansprechende Inhalte erstellen k\u00f6nnen. Weitere Informationen zu Google Analytics-Cookies finden Sie auf der offiziellen Google Analytics-Seite.<\/li><li>Wir verwenden auf dieser Website auch Schaltfl\u00e4chen und\/oder Plugins f\u00fcr soziale Medien, die es Ihnen erm\u00f6glichen, sich auf verschiedene Weise mit Ihrem sozialen Netzwerk zu verbinden. Damit diese funktionieren, setzen die folgenden Social-Media-Websites, darunter: Instagram, Tik Tok, Youtube, setzen \u00fcber unsere Website Cookies, die dazu verwendet werden k\u00f6nnen, Ihr Profil auf ihrer Website zu verbessern oder zu den Daten beizutragen, die sie f\u00fcr verschiedene Zwecke speichern, die in ihren jeweiligen Datenschutzrichtlinien beschrieben sind.<\/li><\/ul>\n\n<p><strong>Mehr Informationen<\/strong><\/p>\n\n<p>Wie bereits erw\u00e4hnt, ist es bei Dingen, bei denen Sie sich nicht sicher sind, ob Sie sie ben\u00f6tigen, in der Regel sicherer, die Cookies aktiviert zu lassen, f\u00fcr den Fall, dass sie mit einer der Funktionen, die Sie auf unserer Website nutzen, interagieren.<\/p>\n\n<p>Wenn Sie jedoch noch weitere Informationen w\u00fcnschen, k\u00f6nnen Sie uns \u00fcber eine unserer bevorzugten Kontaktmethoden kontaktieren:<\/p>\n\n<ul class=\"wp-block-list\"><li>Unter folgendem Link: https:\/\/ohmytuft.com\/contact\/<\/li><\/ul>\n","protected":false},"excerpt":{"rendered":"<p>Dies ist die Cookie-Richtlinie f\u00fcr Tufting Gun Supplies, abrufbar unter https:\/\/ohmytuft.com Was sind Cookies? Wie bei fast allen professionellen Websites \u00fcblich, verwendet auch diese Website Cookies, d. h. kleine Dateien, die auf Ihren Computer heruntergeladen werden, um Ihre Erfahrung zu verbessern. Auf dieser Seite wird beschrieben, welche Informationen sie sammeln, wie wir sie verwenden und [&hellip;]<\/p>\n","protected":false},"author":3,"featured_media":0,"parent":0,"menu_order":0,"comment_status":"closed","ping_status":"closed","template":"","meta":{"_joinchat":[],"footnotes":""},"class_list":["post-6660","page","type-page","status-publish","hentry"],"yoast_head":"<!-- This site is optimized with the Yoast SEO plugin v27.2 - https:\/\/yoast.com\/product\/yoast-seo-wordpress\/ -->\n<title>Cookies - Ohmytuft.com<\/title>\n<meta name=\"robots\" content=\"noindex, follow\" \/>\n<meta property=\"og:locale\" content=\"de_DE\" \/>\n<meta property=\"og:type\" content=\"article\" \/>\n<meta property=\"og:title\" content=\"Cookies - Ohmytuft.com\" \/>\n<meta property=\"og:description\" content=\"Dies ist die Cookie-Richtlinie f\u00fcr Tufting Gun Supplies, abrufbar unter https:\/\/ohmytuft.com Was sind Cookies? Wie bei fast allen professionellen Websites \u00fcblich, verwendet auch diese Website Cookies, d. h. kleine Dateien, die auf Ihren Computer heruntergeladen werden, um Ihre Erfahrung zu verbessern. Auf dieser Seite wird beschrieben, welche Informationen sie sammeln, wie wir sie verwenden und [&hellip;]\" \/>\n<meta property=\"og:url\" content=\"https:\/\/ohmytuft.com\/de\/cookies\/\" \/>\n<meta property=\"og:site_name\" content=\"Ohmytuft.com\" \/>\n<meta property=\"article:modified_time\" content=\"2024-03-13T18:43:58+00:00\" \/>\n<meta name=\"twitter:card\" content=\"summary_large_image\" \/>\n<meta name=\"twitter:label1\" content=\"Gesch\u00e4tzte Lesezeit\" \/>\n\t<meta name=\"twitter:data1\" content=\"4\u00a0Minuten\" \/>\n<script type=\"application\/ld+json\" class=\"yoast-schema-graph\">{\"@context\":\"https:\/\/schema.org\",\"@graph\":[{\"@type\":\"WebPage\",\"@id\":\"https:\/\/ohmytuft.com\/de\/cookies\/\",\"url\":\"https:\/\/ohmytuft.com\/de\/cookies\/\",\"name\":\"Cookies - Ohmytuft.com\",\"isPartOf\":{\"@id\":\"https:\/\/ohmytuft.com\/de\/#website\"},\"datePublished\":\"2020-10-08T16:26:21+00:00\",\"dateModified\":\"2024-03-13T18:43:58+00:00\",\"breadcrumb\":{\"@id\":\"https:\/\/ohmytuft.com\/de\/cookies\/#breadcrumb\"},\"inLanguage\":\"de\",\"potentialAction\":[{\"@type\":\"ReadAction\",\"target\":[\"https:\/\/ohmytuft.com\/de\/cookies\/\"]}]},{\"@type\":\"BreadcrumbList\",\"@id\":\"https:\/\/ohmytuft.com\/de\/cookies\/#breadcrumb\",\"itemListElement\":[{\"@type\":\"ListItem\",\"position\":1,\"name\":\"Home\",\"item\":\"https:\/\/ohmytuft.com\/de\/\"},{\"@type\":\"ListItem\",\"position\":2,\"name\":\"Cookies\"}]},{\"@type\":\"WebSite\",\"@id\":\"https:\/\/ohmytuft.com\/de\/#website\",\"url\":\"https:\/\/ohmytuft.com\/de\/\",\"name\":\"Oh my tuft\",\"description\":\"Oh my tuft\",\"publisher\":{\"@id\":\"https:\/\/ohmytuft.com\/de\/#organization\"},\"potentialAction\":[{\"@type\":\"SearchAction\",\"target\":{\"@type\":\"EntryPoint\",\"urlTemplate\":\"https:\/\/ohmytuft.com\/de\/?s={search_term_string}\"},\"query-input\":{\"@type\":\"PropertyValueSpecification\",\"valueRequired\":true,\"valueName\":\"search_term_string\"}}],\"inLanguage\":\"de\"},{\"@type\":\"Organization\",\"@id\":\"https:\/\/ohmytuft.com\/de\/#organization\",\"name\":\"Oh my tuft\",\"url\":\"https:\/\/ohmytuft.com\/de\/\",\"logo\":{\"@type\":\"ImageObject\",\"inLanguage\":\"de\",\"@id\":\"https:\/\/ohmytuft.com\/de\/#\/schema\/logo\/image\/\",\"url\":\"https:\/\/ohmytuft.com\/wp-content\/uploads\/2021\/02\/WEB-20.png\",\"contentUrl\":\"https:\/\/ohmytuft.com\/wp-content\/uploads\/2021\/02\/WEB-20.png\",\"width\":2085,\"height\":764,\"caption\":\"Oh my tuft\"},\"image\":{\"@id\":\"https:\/\/ohmytuft.com\/de\/#\/schema\/logo\/image\/\"},\"sameAs\":[\"https:\/\/www.instagram.com\/tuftinggunsupplies\/\",\"https:\/\/www.tiktok.com\/@tuftinggun\"]}]}<\/script>\n<!-- \/ Yoast SEO plugin. -->","yoast_head_json":{"title":"Cookies - Ohmytuft.com","robots":{"index":"noindex","follow":"follow"},"og_locale":"de_DE","og_type":"article","og_title":"Cookies - Ohmytuft.com","og_description":"Dies ist die Cookie-Richtlinie f\u00fcr Tufting Gun Supplies, abrufbar unter https:\/\/ohmytuft.com Was sind Cookies? Wie bei fast allen professionellen Websites \u00fcblich, verwendet auch diese Website Cookies, d. h. kleine Dateien, die auf Ihren Computer heruntergeladen werden, um Ihre Erfahrung zu verbessern. Auf dieser Seite wird beschrieben, welche Informationen sie sammeln, wie wir sie verwenden und [&hellip;]","og_url":"https:\/\/ohmytuft.com\/de\/cookies\/","og_site_name":"Ohmytuft.com","article_modified_time":"2024-03-13T18:43:58+00:00","twitter_card":"summary_large_image","twitter_misc":{"Gesch\u00e4tzte Lesezeit":"4\u00a0Minuten"},"schema":{"@context":"https:\/\/schema.org","@graph":[{"@type":"WebPage","@id":"https:\/\/ohmytuft.com\/de\/cookies\/","url":"https:\/\/ohmytuft.com\/de\/cookies\/","name":"Cookies - Ohmytuft.com","isPartOf":{"@id":"https:\/\/ohmytuft.com\/de\/#website"},"datePublished":"2020-10-08T16:26:21+00:00","dateModified":"2024-03-13T18:43:58+00:00","breadcrumb":{"@id":"https:\/\/ohmytuft.com\/de\/cookies\/#breadcrumb"},"inLanguage":"de","potentialAction":[{"@type":"ReadAction","target":["https:\/\/ohmytuft.com\/de\/cookies\/"]}]},{"@type":"BreadcrumbList","@id":"https:\/\/ohmytuft.com\/de\/cookies\/#breadcrumb","itemListElement":[{"@type":"ListItem","position":1,"name":"Home","item":"https:\/\/ohmytuft.com\/de\/"},{"@type":"ListItem","position":2,"name":"Cookies"}]},{"@type":"WebSite","@id":"https:\/\/ohmytuft.com\/de\/#website","url":"https:\/\/ohmytuft.com\/de\/","name":"Oh my tuft","description":"Oh my tuft","publisher":{"@id":"https:\/\/ohmytuft.com\/de\/#organization"},"potentialAction":[{"@type":"SearchAction","target":{"@type":"EntryPoint","urlTemplate":"https:\/\/ohmytuft.com\/de\/?s={search_term_string}"},"query-input":{"@type":"PropertyValueSpecification","valueRequired":true,"valueName":"search_term_string"}}],"inLanguage":"de"},{"@type":"Organization","@id":"https:\/\/ohmytuft.com\/de\/#organization","name":"Oh my tuft","url":"https:\/\/ohmytuft.com\/de\/","logo":{"@type":"ImageObject","inLanguage":"de","@id":"https:\/\/ohmytuft.com\/de\/#\/schema\/logo\/image\/","url":"https:\/\/ohmytuft.com\/wp-content\/uploads\/2021\/02\/WEB-20.png","contentUrl":"https:\/\/ohmytuft.com\/wp-content\/uploads\/2021\/02\/WEB-20.png","width":2085,"height":764,"caption":"Oh my tuft"},"image":{"@id":"https:\/\/ohmytuft.com\/de\/#\/schema\/logo\/image\/"},"sameAs":["https:\/\/www.instagram.com\/tuftinggunsupplies\/","https:\/\/www.tiktok.com\/@tuftinggun"]}]}},"_links":{"self":[{"href":"https:\/\/ohmytuft.com\/de\/wp-json\/wp\/v2\/pages\/6660","targetHints":{"allow":["GET"]}}],"collection":[{"href":"https:\/\/ohmytuft.com\/de\/wp-json\/wp\/v2\/pages"}],"about":[{"href":"https:\/\/ohmytuft.com\/de\/wp-json\/wp\/v2\/types\/page"}],"author":[{"embeddable":true,"href":"https:\/\/ohmytuft.com\/de\/wp-json\/wp\/v2\/users\/3"}],"replies":[{"embeddable":true,"href":"https:\/\/ohmytuft.com\/de\/wp-json\/wp\/v2\/comments?post=6660"}],"version-history":[{"count":0,"href":"https:\/\/ohmytuft.com\/de\/wp-json\/wp\/v2\/pages\/6660\/revisions"}],"wp:attachment":[{"href":"https:\/\/ohmytuft.com\/de\/wp-json\/wp\/v2\/media?parent=6660"}],"curies":[{"name":"wp","href":"https:\/\/api.w.org\/{rel}","templated":true}]}}