{"id":6689,"date":"2020-10-06T14:03:14","date_gmt":"2020-10-06T14:03:14","guid":{"rendered":"https:\/\/ohmytuft.com\/datenschutzrichtlinien\/"},"modified":"2024-03-13T18:44:00","modified_gmt":"2024-03-13T18:44:00","slug":"datenschutzrichtlinien","status":"publish","type":"page","link":"https:\/\/ohmytuft.com\/de\/datenschutzrichtlinien\/","title":{"rendered":"Datenschutzrichtlinien"},"content":{"rendered":"\n<p>Bei Tufting Gun Supplies, erreichbar unter https:\/\/ohmytuft.com\/, ist eine unserer wichtigsten Priorit\u00e4ten der Schutz der Privatsph\u00e4re unserer Besucher. Diese Datenschutzrichtlinie enth\u00e4lt die Arten von Informationen, die von Tufting Gun Supplies gesammelt und aufgezeichnet werden, und wie wir sie verwenden.<\/p>\n\n<p>Wenn Sie weitere Fragen haben oder mehr Informationen \u00fcber unsere Datenschutzpolitik ben\u00f6tigen, z\u00f6gern Sie nicht, uns zu kontaktieren.<\/p>\n\n<p>Diese Datenschutzrichtlinie gilt nur f\u00fcr unsere Online-Aktivit\u00e4ten und f\u00fcr die Besucher unserer Website in Bezug auf die Informationen, die sie an Tufting Gun Supplies weitergeben und\/oder dort sammeln. Diese Richtlinie gilt nicht f\u00fcr Informationen, die offline oder \u00fcber andere Kan\u00e4le als diese Website gesammelt werden.  <\/p>\n\n<h2 class=\"wp-block-heading\">Zustimmung<\/h2>\n\n<p>Durch die Nutzung unserer Website erkl\u00e4ren Sie sich mit unserer Datenschutzrichtlinie einverstanden und stimmen deren Bedingungen zu.<\/p>\n\n<h2 class=\"wp-block-heading\">Informationen, die wir sammeln<\/h2>\n\n<p>Die pers\u00f6nlichen Daten, um die Sie gebeten werden, und die Gr\u00fcnde, warum Sie um diese Daten gebeten werden, werden Ihnen zu dem Zeitpunkt mitgeteilt, zu dem wir Sie um die Angabe Ihrer pers\u00f6nlichen Daten bitten.<\/p>\n\n<p>Wenn Sie sich direkt an uns wenden, k\u00f6nnen wir zus\u00e4tzliche Informationen \u00fcber Sie erhalten, wie z. B. Ihren Namen, Ihre E-Mail-Adresse, Ihre Telefonnummer, den Inhalt der Nachricht und\/oder Anh\u00e4nge, die Sie uns senden, und andere Informationen, die Sie uns zur Verf\u00fcgung stellen m\u00f6chten.<\/p>\n\n<p>Wenn Sie sich f\u00fcr ein Konto registrieren, fragen wir Sie m\u00f6glicherweise nach Ihren Kontaktinformationen, einschlie\u00dflich Angaben wie Name, Firmenname, Adresse, E-Mail-Adresse und Telefonnummer.<\/p>\n\n<h2 class=\"wp-block-heading\">Wie wir Ihre Informationen verwenden<\/h2>\n\n<p>Wir verwenden die von uns gesammelten Informationen auf verschiedene Weise, unter anderem um:<\/p>\n\n<ul class=\"wp-block-list\"><li>Bereitstellung, Betrieb und Wartung unserer Website<\/li><li>Verbessern, personalisieren und erweitern Sie unsere Webste<\/li><li>Verstehen und analysieren, wie Sie unsere Website nutzen<\/li><li>Entwicklung neuer Produkte, Dienstleistungen, Merkmale und Funktionen<\/li><li>mit Ihnen zu kommunizieren, entweder direkt oder \u00fcber einen unserer Partner, unter anderem f\u00fcr den Kundendienst, um Ihnen Aktualisierungen und andere Informationen in Bezug auf die Website zukommen zu lassen, sowie f\u00fcr Marketing- und Werbezwecke<\/li><li>Senden Sie E-Mails<\/li><li>Betrug aufdecken und verhindern<\/li><\/ul>\n\n<h2 class=\"wp-block-heading\">Log-Dateien<\/h2>\n\n<p>Tufting Gun Supplies folgt einem Standardverfahren zur Verwendung von Protokolldateien. Diese Dateien protokollieren den Besuch von Websites. Alle Hosting-Unternehmen tun dies und es ist Teil der Analyse der Hosting-Dienste. Zu den in den Protokolldateien erfassten Informationen geh\u00f6ren Internetprotokolladressen (IP-Adressen), Browsertyp, Internetdienstanbieter (ISP), Datums- und Zeitstempel, verweisende und verlassende Seiten und m\u00f6glicherweise die Anzahl der Klicks. Diese sind nicht mit Informationen verkn\u00fcpft, die eine pers\u00f6nliche Identifizierung erm\u00f6glichen. Der Zweck dieser Daten ist die Analyse von Trends, die Verwaltung der Website, die Verfolgung der Bewegungen der Nutzer auf der Website und die Erfassung demografischer Daten.<\/p>\n\n<h2 class=\"wp-block-heading\">Cookies und Web Beacons<\/h2>\n\n<p>Wie jede andere Website verwendet auch Tufting Gun Supplies &#8222;Cookies&#8220;. Diese Cookies werden verwendet, um Informationen zu speichern, einschlie\u00dflich der Pr\u00e4ferenzen der Besucher und der Seiten auf der Website, die der Besucher aufgerufen oder besucht hat. Die Informationen werden verwendet, um die Nutzererfahrung zu optimieren, indem wir den Inhalt unserer Webseiten auf der Grundlage des Browsertyps und\/oder anderer Informationen der Besucher anpassen.<\/p>\n\n<h2 class=\"wp-block-heading\">Werbepartner Datenschutzrichtlinien<\/h2>\n\n<p>Sie k\u00f6nnen diese Liste konsultieren, um die Datenschutzbestimmungen f\u00fcr jeden der Werbepartner von Tufting Gun Supplies zu finden.<\/p>\n\n<p>Werbeserver oder Werbenetzwerke von Drittanbietern verwenden Technologien wie Cookies, JavaScript oder Web Beacons, die in ihren jeweiligen Werbeanzeigen und Links verwendet werden, die auf Tufting Gun Supplies erscheinen und direkt an den Browser der Nutzer gesendet werden. In diesem Fall erhalten sie automatisch Ihre IP-Adresse. Diese Technologien werden verwendet, um die Wirksamkeit ihrer Werbekampagnen zu messen und\/oder die Werbeinhalte, die Sie auf den von Ihnen besuchten Websites sehen, zu personalisieren.<\/p>\n\n<p>Beachten Sie, dass Tufting Gun Supplies keinen Zugang zu oder Kontrolle \u00fcber diese Cookies hat, die von Drittanbietern verwendet werden.<\/p>\n\n<h2 class=\"wp-block-heading\">Datenschutzrichtlinien von Dritten<\/h2>\n\n<p>Die Datenschutzrichtlinie von Tufting Gun Supplies gilt nicht f\u00fcr andere Werbetreibende oder Websites. Wir raten Ihnen daher, die jeweiligen Datenschutzrichtlinien dieser Drittanbieter-Anzeigenserver zu konsultieren, um weitere Informationen zu erhalten. Darin k\u00f6nnen ihre Praktiken und Anweisungen zur Ablehnung bestimmter Optionen enthalten sein.<\/p>\n\n<p>Sie k\u00f6nnen Cookies in den Einstellungen Ihres Browsers deaktivieren. Ausf\u00fchrlichere Informationen zur Cookie-Verwaltung mit bestimmten Webbrowsern finden Sie auf den jeweiligen Websites der Browser.<\/p>\n\n<h2 class=\"wp-block-heading\">CCPA-Datenschutzrechte (Verkaufen Sie meine pers\u00f6nlichen Daten nicht)<\/h2>\n\n<p>Nach dem CCPA haben die kalifornischen Verbraucher unter anderem das Recht auf:<\/p>\n\n<p>Verlangen Sie, dass ein Unternehmen, das personenbezogene Daten eines Verbrauchers sammelt, die Kategorien und spezifischen Teile der personenbezogenen Daten offenlegt, die das Unternehmen \u00fcber den Verbraucher gesammelt hat.<\/p>\n\n<p>ein Unternehmen aufzufordern, personenbezogene Daten \u00fcber den Verbraucher zu l\u00f6schen, die ein Unternehmen gesammelt hat.<\/p>\n\n<p>Verlangen Sie, dass ein Unternehmen, das die pers\u00f6nlichen Daten eines Verbrauchers verkauft, die pers\u00f6nlichen Daten des Verbrauchers nicht verkauft.<\/p>\n\n<p>Wenn Sie einen Antrag stellen, haben wir einen Monat Zeit, Ihnen zu antworten. Wenn Sie eines dieser Rechte aus\u00fcben m\u00f6chten, wenden Sie sich bitte an uns.<\/p>\n\n<h2 class=\"wp-block-heading\">GDPR-Datenschutzrechte<\/h2>\n\n<p>Wir m\u00f6chten sicherstellen, dass Sie \u00fcber alle Ihre Datenschutzrechte informiert sind. Jeder Nutzer hat Anspruch auf folgende Leistungen:<\/p>\n\n<p>Recht auf Zugang &#8211; Sie haben das Recht, Kopien Ihrer personenbezogenen Daten anzufordern. F\u00fcr diesen Service k\u00f6nnen wir Ihnen eine geringe Geb\u00fchr berechnen.<\/p>\n\n<p>Das Recht auf Berichtigung &#8211; Sie haben das Recht, von uns die Berichtigung von Informationen zu verlangen, die Sie f\u00fcr unrichtig halten. Sie haben auch das Recht, uns aufzufordern, die Informationen zu vervollst\u00e4ndigen, die Sie f\u00fcr unvollst\u00e4ndig halten.<\/p>\n\n<p>Das Recht auf L\u00f6schung &#8211; Sie haben das Recht, unter bestimmten Bedingungen die L\u00f6schung Ihrer personenbezogenen Daten zu verlangen.<\/p>\n\n<p>Recht auf Einschr\u00e4nkung der Verarbeitung &#8211; Sie haben das Recht zu verlangen, dass wir die Verarbeitung Ihrer personenbezogenen Daten unter bestimmten Bedingungen einschr\u00e4nken.<\/p>\n\n<p>Recht auf Widerspruch gegen die Verarbeitung &#8211; Sie haben das Recht, der Verarbeitung Ihrer personenbezogenen Daten durch uns unter bestimmten Bedingungen zu widersprechen.<\/p>\n\n<p>Das Recht auf Daten\u00fcbertragbarkeit &#8211; Sie haben das Recht, unter bestimmten Bedingungen zu verlangen, dass wir die von uns erfassten Daten an eine andere Organisation oder direkt an Sie weitergeben.<\/p>\n\n<p>Wenn Sie einen Antrag stellen, haben wir einen Monat Zeit, Ihnen zu antworten. Wenn Sie eines dieser Rechte aus\u00fcben m\u00f6chten, wenden Sie sich bitte an uns.<\/p>\n\n<h2 class=\"wp-block-heading\">Informationen f\u00fcr Kinder<\/h2>\n\n<p>Ein weiterer Schwerpunkt ist der Schutz von Kindern bei der Nutzung des Internets. Wir ermutigen Eltern und Erziehungsberechtigte, die Online-Aktivit\u00e4ten der Kinder zu beobachten, an ihnen teilzunehmen und\/oder sie zu \u00fcberwachen und anzuleiten.<\/p>\n\n<p>Tufting Gun Supplies sammelt wissentlich keine pers\u00f6nlichen Daten von Kindern unter 13 Jahren. Wenn Sie der Meinung sind, dass Ihr Kind diese Art von Informationen auf unserer Website angegeben hat, sollten Sie sich umgehend mit uns in Verbindung setzen, und wir werden unser Bestes tun, um diese Informationen umgehend aus unseren Unterlagen zu entfernen.<\/p>\n","protected":false},"excerpt":{"rendered":"<p>Bei Tufting Gun Supplies, erreichbar unter https:\/\/ohmytuft.com\/, ist eine unserer wichtigsten Priorit\u00e4ten der Schutz der Privatsph\u00e4re unserer Besucher. Diese Datenschutzrichtlinie enth\u00e4lt die Arten von Informationen, die von Tufting Gun Supplies gesammelt und aufgezeichnet werden, und wie wir sie verwenden. Wenn Sie weitere Fragen haben oder mehr Informationen \u00fcber unsere Datenschutzpolitik ben\u00f6tigen, z\u00f6gern Sie nicht, uns [&hellip;]<\/p>\n","protected":false},"author":3,"featured_media":0,"parent":0,"menu_order":0,"comment_status":"closed","ping_status":"open","template":"","meta":{"_joinchat":[],"footnotes":""},"class_list":["post-6689","page","type-page","status-publish","hentry"],"yoast_head":"<!-- This site is optimized with the Yoast SEO plugin v27.2 - https:\/\/yoast.com\/product\/yoast-seo-wordpress\/ -->\n<title>Datenschutzrichtlinien - Ohmytuft.com<\/title>\n<meta name=\"robots\" content=\"noindex, follow\" \/>\n<meta property=\"og:locale\" content=\"de_DE\" \/>\n<meta property=\"og:type\" content=\"article\" \/>\n<meta property=\"og:title\" content=\"Datenschutzrichtlinien - Ohmytuft.com\" \/>\n<meta property=\"og:description\" content=\"Bei Tufting Gun Supplies, erreichbar unter https:\/\/ohmytuft.com\/, ist eine unserer wichtigsten Priorit\u00e4ten der Schutz der Privatsph\u00e4re unserer Besucher. Diese Datenschutzrichtlinie enth\u00e4lt die Arten von Informationen, die von Tufting Gun Supplies gesammelt und aufgezeichnet werden, und wie wir sie verwenden. Wenn Sie weitere Fragen haben oder mehr Informationen \u00fcber unsere Datenschutzpolitik ben\u00f6tigen, z\u00f6gern Sie nicht, uns [&hellip;]\" \/>\n<meta property=\"og:url\" content=\"https:\/\/ohmytuft.com\/de\/datenschutzrichtlinien\/\" \/>\n<meta property=\"og:site_name\" content=\"Ohmytuft.com\" \/>\n<meta property=\"article:modified_time\" content=\"2024-03-13T18:44:00+00:00\" \/>\n<meta name=\"twitter:card\" content=\"summary_large_image\" \/>\n<meta name=\"twitter:label1\" content=\"Gesch\u00e4tzte Lesezeit\" \/>\n\t<meta name=\"twitter:data1\" content=\"6\u00a0Minuten\" \/>\n<script type=\"application\/ld+json\" class=\"yoast-schema-graph\">{\"@context\":\"https:\/\/schema.org\",\"@graph\":[{\"@type\":\"WebPage\",\"@id\":\"https:\/\/ohmytuft.com\/de\/datenschutzrichtlinien\/\",\"url\":\"https:\/\/ohmytuft.com\/de\/datenschutzrichtlinien\/\",\"name\":\"Datenschutzrichtlinien - Ohmytuft.com\",\"isPartOf\":{\"@id\":\"https:\/\/ohmytuft.com\/de\/#website\"},\"datePublished\":\"2020-10-06T14:03:14+00:00\",\"dateModified\":\"2024-03-13T18:44:00+00:00\",\"breadcrumb\":{\"@id\":\"https:\/\/ohmytuft.com\/de\/datenschutzrichtlinien\/#breadcrumb\"},\"inLanguage\":\"de\",\"potentialAction\":[{\"@type\":\"ReadAction\",\"target\":[\"https:\/\/ohmytuft.com\/de\/datenschutzrichtlinien\/\"]}]},{\"@type\":\"BreadcrumbList\",\"@id\":\"https:\/\/ohmytuft.com\/de\/datenschutzrichtlinien\/#breadcrumb\",\"itemListElement\":[{\"@type\":\"ListItem\",\"position\":1,\"name\":\"Home\",\"item\":\"https:\/\/ohmytuft.com\/de\/\"},{\"@type\":\"ListItem\",\"position\":2,\"name\":\"Datenschutzrichtlinien\"}]},{\"@type\":\"WebSite\",\"@id\":\"https:\/\/ohmytuft.com\/de\/#website\",\"url\":\"https:\/\/ohmytuft.com\/de\/\",\"name\":\"Oh my tuft\",\"description\":\"Oh my tuft\",\"publisher\":{\"@id\":\"https:\/\/ohmytuft.com\/de\/#organization\"},\"potentialAction\":[{\"@type\":\"SearchAction\",\"target\":{\"@type\":\"EntryPoint\",\"urlTemplate\":\"https:\/\/ohmytuft.com\/de\/?s={search_term_string}\"},\"query-input\":{\"@type\":\"PropertyValueSpecification\",\"valueRequired\":true,\"valueName\":\"search_term_string\"}}],\"inLanguage\":\"de\"},{\"@type\":\"Organization\",\"@id\":\"https:\/\/ohmytuft.com\/de\/#organization\",\"name\":\"Oh my tuft\",\"url\":\"https:\/\/ohmytuft.com\/de\/\",\"logo\":{\"@type\":\"ImageObject\",\"inLanguage\":\"de\",\"@id\":\"https:\/\/ohmytuft.com\/de\/#\/schema\/logo\/image\/\",\"url\":\"https:\/\/ohmytuft.com\/wp-content\/uploads\/2021\/02\/WEB-20.png\",\"contentUrl\":\"https:\/\/ohmytuft.com\/wp-content\/uploads\/2021\/02\/WEB-20.png\",\"width\":2085,\"height\":764,\"caption\":\"Oh my tuft\"},\"image\":{\"@id\":\"https:\/\/ohmytuft.com\/de\/#\/schema\/logo\/image\/\"},\"sameAs\":[\"https:\/\/www.instagram.com\/tuftinggunsupplies\/\",\"https:\/\/www.tiktok.com\/@tuftinggun\"]}]}<\/script>\n<!-- \/ Yoast SEO plugin. -->","yoast_head_json":{"title":"Datenschutzrichtlinien - Ohmytuft.com","robots":{"index":"noindex","follow":"follow"},"og_locale":"de_DE","og_type":"article","og_title":"Datenschutzrichtlinien - Ohmytuft.com","og_description":"Bei Tufting Gun Supplies, erreichbar unter https:\/\/ohmytuft.com\/, ist eine unserer wichtigsten Priorit\u00e4ten der Schutz der Privatsph\u00e4re unserer Besucher. Diese Datenschutzrichtlinie enth\u00e4lt die Arten von Informationen, die von Tufting Gun Supplies gesammelt und aufgezeichnet werden, und wie wir sie verwenden. Wenn Sie weitere Fragen haben oder mehr Informationen \u00fcber unsere Datenschutzpolitik ben\u00f6tigen, z\u00f6gern Sie nicht, uns [&hellip;]","og_url":"https:\/\/ohmytuft.com\/de\/datenschutzrichtlinien\/","og_site_name":"Ohmytuft.com","article_modified_time":"2024-03-13T18:44:00+00:00","twitter_card":"summary_large_image","twitter_misc":{"Gesch\u00e4tzte Lesezeit":"6\u00a0Minuten"},"schema":{"@context":"https:\/\/schema.org","@graph":[{"@type":"WebPage","@id":"https:\/\/ohmytuft.com\/de\/datenschutzrichtlinien\/","url":"https:\/\/ohmytuft.com\/de\/datenschutzrichtlinien\/","name":"Datenschutzrichtlinien - Ohmytuft.com","isPartOf":{"@id":"https:\/\/ohmytuft.com\/de\/#website"},"datePublished":"2020-10-06T14:03:14+00:00","dateModified":"2024-03-13T18:44:00+00:00","breadcrumb":{"@id":"https:\/\/ohmytuft.com\/de\/datenschutzrichtlinien\/#breadcrumb"},"inLanguage":"de","potentialAction":[{"@type":"ReadAction","target":["https:\/\/ohmytuft.com\/de\/datenschutzrichtlinien\/"]}]},{"@type":"BreadcrumbList","@id":"https:\/\/ohmytuft.com\/de\/datenschutzrichtlinien\/#breadcrumb","itemListElement":[{"@type":"ListItem","position":1,"name":"Home","item":"https:\/\/ohmytuft.com\/de\/"},{"@type":"ListItem","position":2,"name":"Datenschutzrichtlinien"}]},{"@type":"WebSite","@id":"https:\/\/ohmytuft.com\/de\/#website","url":"https:\/\/ohmytuft.com\/de\/","name":"Oh my tuft","description":"Oh my tuft","publisher":{"@id":"https:\/\/ohmytuft.com\/de\/#organization"},"potentialAction":[{"@type":"SearchAction","target":{"@type":"EntryPoint","urlTemplate":"https:\/\/ohmytuft.com\/de\/?s={search_term_string}"},"query-input":{"@type":"PropertyValueSpecification","valueRequired":true,"valueName":"search_term_string"}}],"inLanguage":"de"},{"@type":"Organization","@id":"https:\/\/ohmytuft.com\/de\/#organization","name":"Oh my tuft","url":"https:\/\/ohmytuft.com\/de\/","logo":{"@type":"ImageObject","inLanguage":"de","@id":"https:\/\/ohmytuft.com\/de\/#\/schema\/logo\/image\/","url":"https:\/\/ohmytuft.com\/wp-content\/uploads\/2021\/02\/WEB-20.png","contentUrl":"https:\/\/ohmytuft.com\/wp-content\/uploads\/2021\/02\/WEB-20.png","width":2085,"height":764,"caption":"Oh my tuft"},"image":{"@id":"https:\/\/ohmytuft.com\/de\/#\/schema\/logo\/image\/"},"sameAs":["https:\/\/www.instagram.com\/tuftinggunsupplies\/","https:\/\/www.tiktok.com\/@tuftinggun"]}]}},"_links":{"self":[{"href":"https:\/\/ohmytuft.com\/de\/wp-json\/wp\/v2\/pages\/6689","targetHints":{"allow":["GET"]}}],"collection":[{"href":"https:\/\/ohmytuft.com\/de\/wp-json\/wp\/v2\/pages"}],"about":[{"href":"https:\/\/ohmytuft.com\/de\/wp-json\/wp\/v2\/types\/page"}],"author":[{"embeddable":true,"href":"https:\/\/ohmytuft.com\/de\/wp-json\/wp\/v2\/users\/3"}],"replies":[{"embeddable":true,"href":"https:\/\/ohmytuft.com\/de\/wp-json\/wp\/v2\/comments?post=6689"}],"version-history":[{"count":0,"href":"https:\/\/ohmytuft.com\/de\/wp-json\/wp\/v2\/pages\/6689\/revisions"}],"wp:attachment":[{"href":"https:\/\/ohmytuft.com\/de\/wp-json\/wp\/v2\/media?parent=6689"}],"curies":[{"name":"wp","href":"https:\/\/api.w.org\/{rel}","templated":true}]}}