{"id":4108,"date":"2023-06-02T14:24:29","date_gmt":"2023-06-02T14:24:29","guid":{"rendered":"https:\/\/ohmytuft.com\/product\/unterlage-tufting-stoff-200x160cm\/"},"modified":"2024-12-29T22:43:48","modified_gmt":"2024-12-29T22:43:48","slug":"unterlage-tufting-stoff-200x160cm","status":"publish","type":"product","link":"https:\/\/ohmytuft.com\/de\/produkt\/unterlage-tufting-stoff-200x160cm\/","title":{"rendered":"Unterlage Tufting-Stoff 200x160cm"},"content":{"rendered":"","protected":false},"excerpt":{"rendered":"<p><strong>Vervollst\u00e4ndigen Sie Ihre Tufting-Projekte mit unserem flexiblen und hochwertigen Stoff.<\/strong><\/p>\n<ul>\n<li>Haltbarer als andere Tuftingstoffe.<\/li>\n<li>Wird in der professionellen Industrie verwendet.<\/li>\n<li>In das Tuch eingewebte Markierungslinien helfen beim Markieren und Tuften.<\/li>\n<\/ul>\n<p>Wenn Sie ein gr\u00f6\u00dferes St\u00fcck als 200&#215;160 ben\u00f6tigen, <strong>kontaktieren Sie uns bitte<\/strong>.<\/p>\n","protected":false},"featured_media":3513,"comment_status":"open","ping_status":"closed","template":"","meta":{"_joinchat":[]},"product_brand":[],"product_cat":[238,237],"product_tag":[],"class_list":{"0":"post-4108","1":"product","2":"type-product","3":"status-publish","4":"has-post-thumbnail","6":"product_cat-rueckseitiger-tufting-stoff","7":"product_cat-tufting-stoff","9":"first","10":"instock","11":"taxable","12":"shipping-taxable","13":"purchasable","14":"product-type-simple"},"yoast_head":"<!-- This site is optimized with the Yoast SEO plugin v27.2 - https:\/\/yoast.com\/product\/yoast-seo-wordpress\/ -->\n<title>Unterlage Tufting-Stoff 200x160cm - Ohmytuft.com<\/title>\n<meta name=\"robots\" content=\"index, follow, max-snippet:-1, max-image-preview:large, max-video-preview:-1\" \/>\n<link rel=\"canonical\" href=\"https:\/\/ohmytuft.com\/de\/produkt\/unterlage-tufting-stoff-200x160cm\/\" \/>\n<meta property=\"og:locale\" content=\"de_DE\" \/>\n<meta property=\"og:type\" content=\"article\" \/>\n<meta property=\"og:title\" content=\"Unterlage Tufting-Stoff 200x160cm - Ohmytuft.com\" \/>\n<meta property=\"og:description\" content=\"Vervollst\u00e4ndigen Sie Ihre Tufting-Projekte mit unserem flexiblen und hochwertigen Stoff.  Haltbarer als andere Tuftingstoffe.  Wird in der professionellen Industrie verwendet.  In das Tuch eingewebte Markierungslinien helfen beim Markieren und Tuften. Wenn Sie ein gr\u00f6\u00dferes St\u00fcck als 200x160 ben\u00f6tigen, kontaktieren Sie uns bitte.\" \/>\n<meta property=\"og:url\" content=\"https:\/\/ohmytuft.com\/de\/produkt\/unterlage-tufting-stoff-200x160cm\/\" \/>\n<meta property=\"og:site_name\" content=\"Ohmytuft.com\" \/>\n<meta property=\"article:modified_time\" content=\"2024-12-29T22:43:48+00:00\" \/>\n<meta property=\"og:image\" content=\"https:\/\/ohmytuft.com\/wp-content\/uploads\/2023\/06\/backing-tufting-cloth.png\" \/>\n\t<meta property=\"og:image:width\" content=\"800\" \/>\n\t<meta property=\"og:image:height\" content=\"800\" \/>\n\t<meta property=\"og:image:type\" content=\"image\/png\" \/>\n<meta name=\"twitter:card\" content=\"summary_large_image\" \/>\n<script type=\"application\/ld+json\" class=\"yoast-schema-graph\">{\"@context\":\"https:\/\/schema.org\",\"@graph\":[{\"@type\":\"WebPage\",\"@id\":\"https:\/\/ohmytuft.com\/de\/produkt\/unterlage-tufting-stoff-200x160cm\/\",\"url\":\"https:\/\/ohmytuft.com\/de\/produkt\/unterlage-tufting-stoff-200x160cm\/\",\"name\":\"Unterlage Tufting-Stoff 200x160cm - Ohmytuft.com\",\"isPartOf\":{\"@id\":\"https:\/\/ohmytuft.com\/de\/#website\"},\"primaryImageOfPage\":{\"@id\":\"https:\/\/ohmytuft.com\/de\/produkt\/unterlage-tufting-stoff-200x160cm\/#primaryimage\"},\"image\":{\"@id\":\"https:\/\/ohmytuft.com\/de\/produkt\/unterlage-tufting-stoff-200x160cm\/#primaryimage\"},\"thumbnailUrl\":\"https:\/\/ohmytuft.com\/wp-content\/uploads\/2023\/06\/backing-tufting-cloth.png\",\"datePublished\":\"2023-06-02T14:24:29+00:00\",\"dateModified\":\"2024-12-29T22:43:48+00:00\",\"breadcrumb\":{\"@id\":\"https:\/\/ohmytuft.com\/de\/produkt\/unterlage-tufting-stoff-200x160cm\/#breadcrumb\"},\"inLanguage\":\"de\",\"potentialAction\":[{\"@type\":\"ReadAction\",\"target\":[\"https:\/\/ohmytuft.com\/de\/produkt\/unterlage-tufting-stoff-200x160cm\/\"]}]},{\"@type\":\"ImageObject\",\"inLanguage\":\"de\",\"@id\":\"https:\/\/ohmytuft.com\/de\/produkt\/unterlage-tufting-stoff-200x160cm\/#primaryimage\",\"url\":\"https:\/\/ohmytuft.com\/wp-content\/uploads\/2023\/06\/backing-tufting-cloth.png\",\"contentUrl\":\"https:\/\/ohmytuft.com\/wp-content\/uploads\/2023\/06\/backing-tufting-cloth.png\",\"width\":800,\"height\":800,\"caption\":\"backing tufting\"},{\"@type\":\"BreadcrumbList\",\"@id\":\"https:\/\/ohmytuft.com\/de\/produkt\/unterlage-tufting-stoff-200x160cm\/#breadcrumb\",\"itemListElement\":[{\"@type\":\"ListItem\",\"position\":1,\"name\":\"Home\",\"item\":\"https:\/\/ohmytuft.com\/de\/\"},{\"@type\":\"ListItem\",\"position\":2,\"name\":\"Shop\",\"item\":\"https:\/\/ohmytuft.com\/de\/shop-2\/\"},{\"@type\":\"ListItem\",\"position\":3,\"name\":\"Unterlage Tufting-Stoff 200x160cm\"}]},{\"@type\":\"WebSite\",\"@id\":\"https:\/\/ohmytuft.com\/de\/#website\",\"url\":\"https:\/\/ohmytuft.com\/de\/\",\"name\":\"Oh my tuft\",\"description\":\"Oh my tuft\",\"publisher\":{\"@id\":\"https:\/\/ohmytuft.com\/de\/#organization\"},\"potentialAction\":[{\"@type\":\"SearchAction\",\"target\":{\"@type\":\"EntryPoint\",\"urlTemplate\":\"https:\/\/ohmytuft.com\/de\/?s={search_term_string}\"},\"query-input\":{\"@type\":\"PropertyValueSpecification\",\"valueRequired\":true,\"valueName\":\"search_term_string\"}}],\"inLanguage\":\"de\"},{\"@type\":\"Organization\",\"@id\":\"https:\/\/ohmytuft.com\/de\/#organization\",\"name\":\"Oh my tuft\",\"url\":\"https:\/\/ohmytuft.com\/de\/\",\"logo\":{\"@type\":\"ImageObject\",\"inLanguage\":\"de\",\"@id\":\"https:\/\/ohmytuft.com\/de\/#\/schema\/logo\/image\/\",\"url\":\"https:\/\/ohmytuft.com\/wp-content\/uploads\/2021\/02\/WEB-20.png\",\"contentUrl\":\"https:\/\/ohmytuft.com\/wp-content\/uploads\/2021\/02\/WEB-20.png\",\"width\":2085,\"height\":764,\"caption\":\"Oh my tuft\"},\"image\":{\"@id\":\"https:\/\/ohmytuft.com\/de\/#\/schema\/logo\/image\/\"},\"sameAs\":[\"https:\/\/www.instagram.com\/tuftinggunsupplies\/\",\"https:\/\/www.tiktok.com\/@tuftinggun\"]}]}<\/script>\n<!-- \/ Yoast SEO plugin. -->","yoast_head_json":{"title":"Unterlage Tufting-Stoff 200x160cm - Ohmytuft.com","robots":{"index":"index","follow":"follow","max-snippet":"max-snippet:-1","max-image-preview":"max-image-preview:large","max-video-preview":"max-video-preview:-1"},"canonical":"https:\/\/ohmytuft.com\/de\/produkt\/unterlage-tufting-stoff-200x160cm\/","og_locale":"de_DE","og_type":"article","og_title":"Unterlage Tufting-Stoff 200x160cm - Ohmytuft.com","og_description":"Vervollst\u00e4ndigen Sie Ihre Tufting-Projekte mit unserem flexiblen und hochwertigen Stoff.  Haltbarer als andere Tuftingstoffe.  Wird in der professionellen Industrie verwendet.  In das Tuch eingewebte Markierungslinien helfen beim Markieren und Tuften. Wenn Sie ein gr\u00f6\u00dferes St\u00fcck als 200x160 ben\u00f6tigen, kontaktieren Sie uns bitte.","og_url":"https:\/\/ohmytuft.com\/de\/produkt\/unterlage-tufting-stoff-200x160cm\/","og_site_name":"Ohmytuft.com","article_modified_time":"2024-12-29T22:43:48+00:00","og_image":[{"width":800,"height":800,"url":"https:\/\/ohmytuft.com\/wp-content\/uploads\/2023\/06\/backing-tufting-cloth.png","type":"image\/png"}],"twitter_card":"summary_large_image","schema":{"@context":"https:\/\/schema.org","@graph":[{"@type":"WebPage","@id":"https:\/\/ohmytuft.com\/de\/produkt\/unterlage-tufting-stoff-200x160cm\/","url":"https:\/\/ohmytuft.com\/de\/produkt\/unterlage-tufting-stoff-200x160cm\/","name":"Unterlage Tufting-Stoff 200x160cm - Ohmytuft.com","isPartOf":{"@id":"https:\/\/ohmytuft.com\/de\/#website"},"primaryImageOfPage":{"@id":"https:\/\/ohmytuft.com\/de\/produkt\/unterlage-tufting-stoff-200x160cm\/#primaryimage"},"image":{"@id":"https:\/\/ohmytuft.com\/de\/produkt\/unterlage-tufting-stoff-200x160cm\/#primaryimage"},"thumbnailUrl":"https:\/\/ohmytuft.com\/wp-content\/uploads\/2023\/06\/backing-tufting-cloth.png","datePublished":"2023-06-02T14:24:29+00:00","dateModified":"2024-12-29T22:43:48+00:00","breadcrumb":{"@id":"https:\/\/ohmytuft.com\/de\/produkt\/unterlage-tufting-stoff-200x160cm\/#breadcrumb"},"inLanguage":"de","potentialAction":[{"@type":"ReadAction","target":["https:\/\/ohmytuft.com\/de\/produkt\/unterlage-tufting-stoff-200x160cm\/"]}]},{"@type":"ImageObject","inLanguage":"de","@id":"https:\/\/ohmytuft.com\/de\/produkt\/unterlage-tufting-stoff-200x160cm\/#primaryimage","url":"https:\/\/ohmytuft.com\/wp-content\/uploads\/2023\/06\/backing-tufting-cloth.png","contentUrl":"https:\/\/ohmytuft.com\/wp-content\/uploads\/2023\/06\/backing-tufting-cloth.png","width":800,"height":800,"caption":"backing tufting"},{"@type":"BreadcrumbList","@id":"https:\/\/ohmytuft.com\/de\/produkt\/unterlage-tufting-stoff-200x160cm\/#breadcrumb","itemListElement":[{"@type":"ListItem","position":1,"name":"Home","item":"https:\/\/ohmytuft.com\/de\/"},{"@type":"ListItem","position":2,"name":"Shop","item":"https:\/\/ohmytuft.com\/de\/shop-2\/"},{"@type":"ListItem","position":3,"name":"Unterlage Tufting-Stoff 200x160cm"}]},{"@type":"WebSite","@id":"https:\/\/ohmytuft.com\/de\/#website","url":"https:\/\/ohmytuft.com\/de\/","name":"Oh my tuft","description":"Oh my tuft","publisher":{"@id":"https:\/\/ohmytuft.com\/de\/#organization"},"potentialAction":[{"@type":"SearchAction","target":{"@type":"EntryPoint","urlTemplate":"https:\/\/ohmytuft.com\/de\/?s={search_term_string}"},"query-input":{"@type":"PropertyValueSpecification","valueRequired":true,"valueName":"search_term_string"}}],"inLanguage":"de"},{"@type":"Organization","@id":"https:\/\/ohmytuft.com\/de\/#organization","name":"Oh my tuft","url":"https:\/\/ohmytuft.com\/de\/","logo":{"@type":"ImageObject","inLanguage":"de","@id":"https:\/\/ohmytuft.com\/de\/#\/schema\/logo\/image\/","url":"https:\/\/ohmytuft.com\/wp-content\/uploads\/2021\/02\/WEB-20.png","contentUrl":"https:\/\/ohmytuft.com\/wp-content\/uploads\/2021\/02\/WEB-20.png","width":2085,"height":764,"caption":"Oh my tuft"},"image":{"@id":"https:\/\/ohmytuft.com\/de\/#\/schema\/logo\/image\/"},"sameAs":["https:\/\/www.instagram.com\/tuftinggunsupplies\/","https:\/\/www.tiktok.com\/@tuftinggun"]}]}},"_links":{"self":[{"href":"https:\/\/ohmytuft.com\/de\/wp-json\/wp\/v2\/product\/4108","targetHints":{"allow":["GET"]}}],"collection":[{"href":"https:\/\/ohmytuft.com\/de\/wp-json\/wp\/v2\/product"}],"about":[{"href":"https:\/\/ohmytuft.com\/de\/wp-json\/wp\/v2\/types\/product"}],"replies":[{"embeddable":true,"href":"https:\/\/ohmytuft.com\/de\/wp-json\/wp\/v2\/comments?post=4108"}],"wp:featuredmedia":[{"embeddable":true,"href":"https:\/\/ohmytuft.com\/de\/wp-json\/wp\/v2\/media\/3513"}],"wp:attachment":[{"href":"https:\/\/ohmytuft.com\/de\/wp-json\/wp\/v2\/media?parent=4108"}],"wp:term":[{"taxonomy":"product_brand","embeddable":true,"href":"https:\/\/ohmytuft.com\/de\/wp-json\/wp\/v2\/product_brand?post=4108"},{"taxonomy":"product_cat","embeddable":true,"href":"https:\/\/ohmytuft.com\/de\/wp-json\/wp\/v2\/product_cat?post=4108"},{"taxonomy":"product_tag","embeddable":true,"href":"https:\/\/ohmytuft.com\/de\/wp-json\/wp\/v2\/product_tag?post=4108"}],"curies":[{"name":"wp","href":"https:\/\/api.w.org\/{rel}","templated":true}]}}