{"id":4220,"date":"2024-03-14T08:51:57","date_gmt":"2024-03-14T08:51:57","guid":{"rendered":"https:\/\/ohmytuft.com\/product\/elektrische-handtufting-pistole-2-in-1-schlingen-loop-ct\/"},"modified":"2023-11-13T17:06:31","modified_gmt":"2023-11-13T17:06:31","slug":"hand-tufting-gun-2-in-1-loop-cut","status":"publish","type":"product","link":"https:\/\/ohmytuft.com\/de\/produkt\/hand-tufting-gun-2-in-1-loop-cut\/","title":{"rendered":"Elektrische Handtufting-Pistole 2-in-1 Schlingen- Loop &amp; ct"},"content":{"rendered":"","protected":false},"excerpt":{"rendered":"<p><b>Elektrische Handtufting-Pistole 2-in-1 Schlingen- und Schnittflor.<\/b><\/p>\n<ul>\n<li>100- 240 V mit Eurostecker<\/li>\n<li>Florh\u00f6he einstellbar: 7-21 mm<\/li>\n<li>Gewicht: 1,40 kg<\/li>\n<li>Geschwindigkeit einstellbar: 5-40 Stiche\/Sek. und einstellbar. Sie k\u00f6nnen die Geschwindigkeit f\u00fcr Details steuern.<\/li>\n<li>Auswechselbare Schere Loop &amp; Cut<\/li>\n<li>Black Edition<\/li>\n<\/ul>\n<p>Diese Maschine ist einfach zu erlernen und zu benutzen. Tutorials in K\u00fcrze!<br \/>\nRegelm\u00e4\u00dfige Wartung sorgt f\u00fcr eine l\u00e4ngere Lebensdauer des Ger\u00e4ts.<\/p>\n<p><strong>Der Karton enth\u00e4lt:<\/strong><\/p>\n<ul>\n<li>Tufting Gun Maschine<\/li>\n<li>AC\/DC-Adapter mit Eurostecker<\/li>\n<li>Werkzeuge und Schrauben f\u00fcr die Wartung<\/li>\n<li>Nadeleinf\u00e4dler<\/li>\n<li>2 Schnittscheren + 1 Schlingenschere<\/li>\n<\/ul>\n<p>Sicherheit geht vor!<br \/>\nTragen Sie einen Geh\u00f6r- und Augenschutz.<br \/>\nVermeiden Sie das Getriebe und die Mechanismen.<br \/>\nSchalten Sie das Ger\u00e4t aus, wenn Sie es nicht benutzen.<\/p>\n","protected":false},"featured_media":818,"comment_status":"open","ping_status":"closed","template":"","meta":{"_joinchat":[]},"product_brand":[],"product_cat":[240],"product_tag":[],"class_list":{"0":"post-4220","1":"product","2":"type-product","3":"status-publish","4":"has-post-thumbnail","6":"product_cat-tufting-gun","8":"first","9":"onbackorder","10":"sale","11":"taxable","12":"shipping-taxable","13":"purchasable","14":"product-type-simple"},"yoast_head":"<!-- This site is optimized with the Yoast SEO plugin v27.2 - https:\/\/yoast.com\/product\/yoast-seo-wordpress\/ -->\n<title>Elektrische Handtufting-Pistole 2-in-1 Schlingen- Loop &amp; ct - Ohmytuft.com<\/title>\n<meta name=\"robots\" content=\"index, follow, max-snippet:-1, max-image-preview:large, max-video-preview:-1\" \/>\n<link rel=\"canonical\" href=\"https:\/\/ohmytuft.com\/de\/produkt\/hand-tufting-gun-2-in-1-loop-cut\/\" \/>\n<meta property=\"og:locale\" content=\"de_DE\" \/>\n<meta property=\"og:type\" content=\"article\" \/>\n<meta property=\"og:title\" content=\"Elektrische Handtufting-Pistole 2-in-1 Schlingen- Loop &amp; ct - Ohmytuft.com\" \/>\n<meta property=\"og:description\" content=\"Elektrische Handtufting-Pistole 2-in-1 Schlingen- und Schnittflor.  100- 240 V mit Eurostecker  Florh\u00f6he einstellbar: 7-21 mm  Gewicht: 1,40 kg  Geschwindigkeit einstellbar: 5-40 Stiche\/Sek. und einstellbar. Sie k\u00f6nnen die Geschwindigkeit f\u00fcr Details steuern.  Auswechselbare Schere Loop &amp; Cut  Black Edition Diese Maschine ist einfach zu erlernen und zu benutzen. Tutorials in K\u00fcrze! Regelm\u00e4\u00dfige Wartung sorgt f\u00fcr eine l\u00e4ngere Lebensdauer des Ger\u00e4ts. Der Karton enth\u00e4lt:  Tufting Gun Maschine  AC\/DC-Adapter mit Eurostecker  Werkzeuge und Schrauben f\u00fcr die Wartung  Nadeleinf\u00e4dler  2 Schnittscheren + 1 Schlingenschere Sicherheit geht vor! Tragen Sie einen Geh\u00f6r- und Augenschutz. Vermeiden Sie das Getriebe und die Mechanismen. Schalten Sie das Ger\u00e4t aus, wenn Sie es nicht benutzen.\" \/>\n<meta property=\"og:url\" content=\"https:\/\/ohmytuft.com\/de\/produkt\/hand-tufting-gun-2-in-1-loop-cut\/\" \/>\n<meta property=\"og:site_name\" content=\"Ohmytuft.com\" \/>\n<meta property=\"og:image\" content=\"https:\/\/ohmytuft.com\/wp-content\/uploads\/2022\/03\/tuftinggunsupplies_europe_tufting_gun_loop_cut_01.jpg\" \/>\n\t<meta property=\"og:image:width\" content=\"1200\" \/>\n\t<meta property=\"og:image:height\" content=\"1200\" \/>\n\t<meta property=\"og:image:type\" content=\"image\/jpeg\" \/>\n<meta name=\"twitter:card\" content=\"summary_large_image\" \/>\n<script type=\"application\/ld+json\" class=\"yoast-schema-graph\">{\"@context\":\"https:\/\/schema.org\",\"@graph\":[{\"@type\":\"WebPage\",\"@id\":\"https:\/\/ohmytuft.com\/de\/produkt\/hand-tufting-gun-2-in-1-loop-cut\/\",\"url\":\"https:\/\/ohmytuft.com\/de\/produkt\/hand-tufting-gun-2-in-1-loop-cut\/\",\"name\":\"Elektrische Handtufting-Pistole 2-in-1 Schlingen- Loop &amp; ct - Ohmytuft.com\",\"isPartOf\":{\"@id\":\"https:\/\/ohmytuft.com\/de\/#website\"},\"primaryImageOfPage\":{\"@id\":\"https:\/\/ohmytuft.com\/de\/produkt\/hand-tufting-gun-2-in-1-loop-cut\/#primaryimage\"},\"image\":{\"@id\":\"https:\/\/ohmytuft.com\/de\/produkt\/hand-tufting-gun-2-in-1-loop-cut\/#primaryimage\"},\"thumbnailUrl\":\"https:\/\/ohmytuft.com\/wp-content\/uploads\/2022\/03\/tuftinggunsupplies_europe_tufting_gun_loop_cut_01.jpg\",\"datePublished\":\"2024-03-14T08:51:57+00:00\",\"breadcrumb\":{\"@id\":\"https:\/\/ohmytuft.com\/de\/produkt\/hand-tufting-gun-2-in-1-loop-cut\/#breadcrumb\"},\"inLanguage\":\"de\",\"potentialAction\":[{\"@type\":\"ReadAction\",\"target\":[\"https:\/\/ohmytuft.com\/de\/produkt\/hand-tufting-gun-2-in-1-loop-cut\/\"]}]},{\"@type\":\"ImageObject\",\"inLanguage\":\"de\",\"@id\":\"https:\/\/ohmytuft.com\/de\/produkt\/hand-tufting-gun-2-in-1-loop-cut\/#primaryimage\",\"url\":\"https:\/\/ohmytuft.com\/wp-content\/uploads\/2022\/03\/tuftinggunsupplies_europe_tufting_gun_loop_cut_01.jpg\",\"contentUrl\":\"https:\/\/ohmytuft.com\/wp-content\/uploads\/2022\/03\/tuftinggunsupplies_europe_tufting_gun_loop_cut_01.jpg\",\"width\":1200,\"height\":1200},{\"@type\":\"BreadcrumbList\",\"@id\":\"https:\/\/ohmytuft.com\/de\/produkt\/hand-tufting-gun-2-in-1-loop-cut\/#breadcrumb\",\"itemListElement\":[{\"@type\":\"ListItem\",\"position\":1,\"name\":\"Home\",\"item\":\"https:\/\/ohmytuft.com\/de\/\"},{\"@type\":\"ListItem\",\"position\":2,\"name\":\"Shop\",\"item\":\"https:\/\/ohmytuft.com\/de\/shop-2\/\"},{\"@type\":\"ListItem\",\"position\":3,\"name\":\"Elektrische Handtufting-Pistole 2-in-1 Schlingen- Loop &amp; ct\"}]},{\"@type\":\"WebSite\",\"@id\":\"https:\/\/ohmytuft.com\/de\/#website\",\"url\":\"https:\/\/ohmytuft.com\/de\/\",\"name\":\"Oh my tuft\",\"description\":\"Oh my tuft\",\"publisher\":{\"@id\":\"https:\/\/ohmytuft.com\/de\/#organization\"},\"potentialAction\":[{\"@type\":\"SearchAction\",\"target\":{\"@type\":\"EntryPoint\",\"urlTemplate\":\"https:\/\/ohmytuft.com\/de\/?s={search_term_string}\"},\"query-input\":{\"@type\":\"PropertyValueSpecification\",\"valueRequired\":true,\"valueName\":\"search_term_string\"}}],\"inLanguage\":\"de\"},{\"@type\":\"Organization\",\"@id\":\"https:\/\/ohmytuft.com\/de\/#organization\",\"name\":\"Oh my tuft\",\"url\":\"https:\/\/ohmytuft.com\/de\/\",\"logo\":{\"@type\":\"ImageObject\",\"inLanguage\":\"de\",\"@id\":\"https:\/\/ohmytuft.com\/de\/#\/schema\/logo\/image\/\",\"url\":\"https:\/\/ohmytuft.com\/wp-content\/uploads\/2021\/02\/WEB-20.png\",\"contentUrl\":\"https:\/\/ohmytuft.com\/wp-content\/uploads\/2021\/02\/WEB-20.png\",\"width\":2085,\"height\":764,\"caption\":\"Oh my tuft\"},\"image\":{\"@id\":\"https:\/\/ohmytuft.com\/de\/#\/schema\/logo\/image\/\"},\"sameAs\":[\"https:\/\/www.instagram.com\/tuftinggunsupplies\/\",\"https:\/\/www.tiktok.com\/@tuftinggun\"]}]}<\/script>\n<!-- \/ Yoast SEO plugin. -->","yoast_head_json":{"title":"Elektrische Handtufting-Pistole 2-in-1 Schlingen- Loop &amp; ct - Ohmytuft.com","robots":{"index":"index","follow":"follow","max-snippet":"max-snippet:-1","max-image-preview":"max-image-preview:large","max-video-preview":"max-video-preview:-1"},"canonical":"https:\/\/ohmytuft.com\/de\/produkt\/hand-tufting-gun-2-in-1-loop-cut\/","og_locale":"de_DE","og_type":"article","og_title":"Elektrische Handtufting-Pistole 2-in-1 Schlingen- Loop &amp; ct - Ohmytuft.com","og_description":"Elektrische Handtufting-Pistole 2-in-1 Schlingen- und Schnittflor.  100- 240 V mit Eurostecker  Florh\u00f6he einstellbar: 7-21 mm  Gewicht: 1,40 kg  Geschwindigkeit einstellbar: 5-40 Stiche\/Sek. und einstellbar. Sie k\u00f6nnen die Geschwindigkeit f\u00fcr Details steuern.  Auswechselbare Schere Loop &amp; Cut  Black Edition Diese Maschine ist einfach zu erlernen und zu benutzen. Tutorials in K\u00fcrze! Regelm\u00e4\u00dfige Wartung sorgt f\u00fcr eine l\u00e4ngere Lebensdauer des Ger\u00e4ts. Der Karton enth\u00e4lt:  Tufting Gun Maschine  AC\/DC-Adapter mit Eurostecker  Werkzeuge und Schrauben f\u00fcr die Wartung  Nadeleinf\u00e4dler  2 Schnittscheren + 1 Schlingenschere Sicherheit geht vor! Tragen Sie einen Geh\u00f6r- und Augenschutz. Vermeiden Sie das Getriebe und die Mechanismen. Schalten Sie das Ger\u00e4t aus, wenn Sie es nicht benutzen.","og_url":"https:\/\/ohmytuft.com\/de\/produkt\/hand-tufting-gun-2-in-1-loop-cut\/","og_site_name":"Ohmytuft.com","og_image":[{"width":1200,"height":1200,"url":"https:\/\/ohmytuft.com\/wp-content\/uploads\/2022\/03\/tuftinggunsupplies_europe_tufting_gun_loop_cut_01.jpg","type":"image\/jpeg"}],"twitter_card":"summary_large_image","schema":{"@context":"https:\/\/schema.org","@graph":[{"@type":"WebPage","@id":"https:\/\/ohmytuft.com\/de\/produkt\/hand-tufting-gun-2-in-1-loop-cut\/","url":"https:\/\/ohmytuft.com\/de\/produkt\/hand-tufting-gun-2-in-1-loop-cut\/","name":"Elektrische Handtufting-Pistole 2-in-1 Schlingen- Loop &amp; ct - Ohmytuft.com","isPartOf":{"@id":"https:\/\/ohmytuft.com\/de\/#website"},"primaryImageOfPage":{"@id":"https:\/\/ohmytuft.com\/de\/produkt\/hand-tufting-gun-2-in-1-loop-cut\/#primaryimage"},"image":{"@id":"https:\/\/ohmytuft.com\/de\/produkt\/hand-tufting-gun-2-in-1-loop-cut\/#primaryimage"},"thumbnailUrl":"https:\/\/ohmytuft.com\/wp-content\/uploads\/2022\/03\/tuftinggunsupplies_europe_tufting_gun_loop_cut_01.jpg","datePublished":"2024-03-14T08:51:57+00:00","breadcrumb":{"@id":"https:\/\/ohmytuft.com\/de\/produkt\/hand-tufting-gun-2-in-1-loop-cut\/#breadcrumb"},"inLanguage":"de","potentialAction":[{"@type":"ReadAction","target":["https:\/\/ohmytuft.com\/de\/produkt\/hand-tufting-gun-2-in-1-loop-cut\/"]}]},{"@type":"ImageObject","inLanguage":"de","@id":"https:\/\/ohmytuft.com\/de\/produkt\/hand-tufting-gun-2-in-1-loop-cut\/#primaryimage","url":"https:\/\/ohmytuft.com\/wp-content\/uploads\/2022\/03\/tuftinggunsupplies_europe_tufting_gun_loop_cut_01.jpg","contentUrl":"https:\/\/ohmytuft.com\/wp-content\/uploads\/2022\/03\/tuftinggunsupplies_europe_tufting_gun_loop_cut_01.jpg","width":1200,"height":1200},{"@type":"BreadcrumbList","@id":"https:\/\/ohmytuft.com\/de\/produkt\/hand-tufting-gun-2-in-1-loop-cut\/#breadcrumb","itemListElement":[{"@type":"ListItem","position":1,"name":"Home","item":"https:\/\/ohmytuft.com\/de\/"},{"@type":"ListItem","position":2,"name":"Shop","item":"https:\/\/ohmytuft.com\/de\/shop-2\/"},{"@type":"ListItem","position":3,"name":"Elektrische Handtufting-Pistole 2-in-1 Schlingen- Loop &amp; ct"}]},{"@type":"WebSite","@id":"https:\/\/ohmytuft.com\/de\/#website","url":"https:\/\/ohmytuft.com\/de\/","name":"Oh my tuft","description":"Oh my tuft","publisher":{"@id":"https:\/\/ohmytuft.com\/de\/#organization"},"potentialAction":[{"@type":"SearchAction","target":{"@type":"EntryPoint","urlTemplate":"https:\/\/ohmytuft.com\/de\/?s={search_term_string}"},"query-input":{"@type":"PropertyValueSpecification","valueRequired":true,"valueName":"search_term_string"}}],"inLanguage":"de"},{"@type":"Organization","@id":"https:\/\/ohmytuft.com\/de\/#organization","name":"Oh my tuft","url":"https:\/\/ohmytuft.com\/de\/","logo":{"@type":"ImageObject","inLanguage":"de","@id":"https:\/\/ohmytuft.com\/de\/#\/schema\/logo\/image\/","url":"https:\/\/ohmytuft.com\/wp-content\/uploads\/2021\/02\/WEB-20.png","contentUrl":"https:\/\/ohmytuft.com\/wp-content\/uploads\/2021\/02\/WEB-20.png","width":2085,"height":764,"caption":"Oh my tuft"},"image":{"@id":"https:\/\/ohmytuft.com\/de\/#\/schema\/logo\/image\/"},"sameAs":["https:\/\/www.instagram.com\/tuftinggunsupplies\/","https:\/\/www.tiktok.com\/@tuftinggun"]}]}},"_links":{"self":[{"href":"https:\/\/ohmytuft.com\/de\/wp-json\/wp\/v2\/product\/4220","targetHints":{"allow":["GET"]}}],"collection":[{"href":"https:\/\/ohmytuft.com\/de\/wp-json\/wp\/v2\/product"}],"about":[{"href":"https:\/\/ohmytuft.com\/de\/wp-json\/wp\/v2\/types\/product"}],"replies":[{"embeddable":true,"href":"https:\/\/ohmytuft.com\/de\/wp-json\/wp\/v2\/comments?post=4220"}],"wp:featuredmedia":[{"embeddable":true,"href":"https:\/\/ohmytuft.com\/de\/wp-json\/wp\/v2\/media\/818"}],"wp:attachment":[{"href":"https:\/\/ohmytuft.com\/de\/wp-json\/wp\/v2\/media?parent=4220"}],"wp:term":[{"taxonomy":"product_brand","embeddable":true,"href":"https:\/\/ohmytuft.com\/de\/wp-json\/wp\/v2\/product_brand?post=4220"},{"taxonomy":"product_cat","embeddable":true,"href":"https:\/\/ohmytuft.com\/de\/wp-json\/wp\/v2\/product_cat?post=4220"},{"taxonomy":"product_tag","embeddable":true,"href":"https:\/\/ohmytuft.com\/de\/wp-json\/wp\/v2\/product_tag?post=4220"}],"curies":[{"name":"wp","href":"https:\/\/api.w.org\/{rel}","templated":true}]}}