{"id":4221,"date":"2021-02-28T20:55:20","date_gmt":"2021-02-28T20:55:20","guid":{"rendered":"https:\/\/ohmytuft.com\/product\/hand-tufting-gun-ak-i-cut-pile\/"},"modified":"2024-05-25T11:01:05","modified_gmt":"2024-05-25T11:01:05","slug":"hand-tufting-gun-ak-i-cut-pile","status":"publish","type":"product","link":"https:\/\/ohmytuft.com\/de\/produkt\/hand-tufting-gun-ak-i-cut-pile\/","title":{"rendered":"Hand Tufting Gun AK-I &#8211; Cut Pile"},"content":{"rendered":"<p>Die AK-1 Cut Pile <a href=\"https:\/\/ohmytuft.com\/de\/buy\/tufting-gun\/\"><br \/>\n  <strong>Tufting-Pistole<\/strong><br \/>\n<\/a> ist ein bemerkenswertes Werkzeug, das die Kunst des Tuftens auf ein neues Niveau hebt. Hier finden Sie eine detaillierte Beschreibung und einige \u00fcberzeugende Gr\u00fcnde, warum es ein Muss f\u00fcr Ihr Tufting-Gesch\u00e4ft ist:<\/p>\n<ol>\n<li><strong>Pr\u00e4zision und Kontrolle<\/strong>: Die AK-1 Cut Pile Tufting Gun ist auf Pr\u00e4zision ausgelegt. Dank der reaktionsschnellen Bedienelemente und des reibungslosen Betriebs k\u00f6nnen Sie damit m\u00fchelos komplizierte Muster und Designs erstellen. Ganz gleich, ob Sie an gro\u00dfen Teppichen oder detaillierten Wandbeh\u00e4ngen arbeiten, dieses Werkzeug bietet un\u00fcbertroffene Genauigkeit.<\/li>\n<li><strong>Effizient und zeitsparend<\/strong>: Die Geschwindigkeit ist ein wesentlicher Vorteil des AK-1. Im Vergleich zu manuellen Methoden erh\u00f6ht sich Ihre Tufting-Geschwindigkeit dramatisch, so dass Sie Ihre Projekte viel schneller fertigstellen k\u00f6nnen. Diese Effizienz ist sowohl f\u00fcr Bastler als auch f\u00fcr Profis ein entscheidender Vorteil, denn sie erm\u00f6glicht eine h\u00f6here Produktivit\u00e4t und die \u00dcbernahme von mehr Projekten.<\/li>\n<li><strong>Vielseitigkeit im Design<\/strong>: Diese Tuftingpistole ist speziell f\u00fcr Schnittflor geeignet, eine beliebte Tuftingart, die dem Stoff eine pl\u00fcschige, samtene Textur verleiht. Es ist ideal f\u00fcr die Herstellung luxuri\u00f6ser Teppiche, stilvoller Wandkunst und anderer dekorativer Gegenst\u00e4nde. Die Schnittflor-Methode bietet au\u00dferdem ein einzigartiges haptisches Erlebnis, das in der Wohnungseinrichtung sehr begehrt ist.<\/li>\n<li><strong>Benutzerfreundlichkeit<\/strong>: Bei der Entwicklung des AK-1 stand die Benutzerfreundlichkeit im Vordergrund. Es ist leicht und einfach zu man\u00f6vrieren, so dass es auch f\u00fcr Anf\u00e4nger zug\u00e4nglich ist. Das ergonomische Design reduziert Erm\u00fcdungserscheinungen, so dass Sie auch \u00fcber l\u00e4ngere Zeitr\u00e4ume bequem arbeiten k\u00f6nnen.<\/li>\n<li><strong>Langlebigkeit und Verl\u00e4sslichkeit<\/strong>: Der AK-1 wurde aus hochwertigen Materialien hergestellt und ist f\u00fcr eine lange Lebensdauer ausgelegt. Es ist ein zuverl\u00e4ssiges Ger\u00e4t, das den Strapazen des h\u00e4ufigen Gebrauchs standh\u00e4lt und sicherstellt, dass sich Ihre Investition auf lange Sicht auszahlt.<\/li>\n<li><strong>Erh\u00f6hte Kreativit\u00e4t<\/strong>: Mit dem AK-1 sind Ihrer Fantasie keine Grenzen gesetzt. Es er\u00f6ffnet Ihnen eine Welt voller kreativer M\u00f6glichkeiten, in der Sie mit verschiedenen Texturen, Farben und Mustern experimentieren k\u00f6nnen. Dieses Tool kann Ihnen helfen, Ihre ehrgeizigsten Entw\u00fcrfe zum Leben zu erwecken.<\/li>\n<\/ol>\n<p>Zusammenfassend l\u00e4sst sich sagen, dass die AK-1 Cut Pile Tufting Gun eine wertvolle Erg\u00e4nzung f\u00fcr jede <a href=\"https:\/\/ohmytuft.com\/de\/\"><br \/>\n  <strong>Tufting<\/strong><br \/>\n<\/a> K\u00fcnstler. Es vereint Effizienz, Pr\u00e4zision und Benutzerfreundlichkeit in einem leistungsstarken Werkzeug und ist damit sowohl f\u00fcr Hobby- als auch f\u00fcr professionelle Tufter geeignet. Eine Investition in dieses Werkzeug bedeutet eine Investition in die Qualit\u00e4t und Kreativit\u00e4t Ihrer Tufting-Projekte.<\/p>\n","protected":false},"excerpt":{"rendered":"<p><b>Elektrische Hand-Tufting-Pistole &#8211; Flor schneiden<\/b><\/p>\n<ul>\n<li>100- 240 V mit Eurostecker<\/li>\n<li>Florh\u00f6he einstellbar: 7-21 mm<\/li>\n<li>Gewicht: 1,40 kg<\/li>\n<li>Geschwindigkeit einstellbar: 5-40 Stiche\/Sek. und einstellbar. Sie k\u00f6nnen die Geschwindigkeit f\u00fcr Details steuern.<\/li>\n<\/ul>\n<p>Diese Maschine ist einfach zu erlernen und zu benutzen. Tutorials in K\u00fcrze!<br \/>\nRegelm\u00e4\u00dfige Wartung sorgt f\u00fcr eine l\u00e4ngere Lebensdauer des Ger\u00e4ts.<\/p>\n<p><strong>Der Karton enth\u00e4lt:<\/strong><\/p>\n<ul>\n<li>Tufting Gun Maschine<\/li>\n<li>AC\/DC-Adapter mit Eurostecker<\/li>\n<li>Werkzeuge und Schrauben f\u00fcr die Wartung<\/li>\n<\/ul>\n<p><strong>Sicherheit geht vor!<\/strong><\/p>\n<ol>\n<li>Tragen Sie einen Geh\u00f6r- und Augenschutz.<\/li>\n<li>Vermeiden Sie das Getriebe und die Mechanismen.<\/li>\n<li>Schalten Sie das Ger\u00e4t aus, wenn Sie es nicht benutzen.<\/li>\n<\/ol>\n","protected":false},"featured_media":8936,"comment_status":"open","ping_status":"closed","template":"","meta":{"_joinchat":[]},"product_brand":[],"product_cat":[240],"product_tag":[],"class_list":{"0":"post-4221","1":"product","2":"type-product","3":"status-publish","4":"has-post-thumbnail","6":"product_cat-tufting-gun","8":"first","9":"outofstock","10":"sale","11":"taxable","12":"shipping-taxable","13":"purchasable","14":"product-type-simple"},"yoast_head":"<!-- This site is optimized with the Yoast SEO plugin v27.2 - https:\/\/yoast.com\/product\/yoast-seo-wordpress\/ -->\n<title>Hand Tufting Gun AK-I - Cut Pile - Ohmytuft.com<\/title>\n<meta name=\"robots\" content=\"index, follow, max-snippet:-1, max-image-preview:large, max-video-preview:-1\" \/>\n<link rel=\"canonical\" href=\"https:\/\/ohmytuft.com\/de\/produkt\/hand-tufting-gun-ak-i-cut-pile\/\" \/>\n<meta property=\"og:locale\" content=\"de_DE\" \/>\n<meta property=\"og:type\" content=\"article\" \/>\n<meta property=\"og:title\" content=\"Hand Tufting Gun AK-I - Cut Pile - Ohmytuft.com\" \/>\n<meta property=\"og:description\" content=\"Elektrische Hand-Tufting-Pistole - Flor schneiden  100- 240 V mit Eurostecker  Florh\u00f6he einstellbar: 7-21 mm  Gewicht: 1,40 kg  Geschwindigkeit einstellbar: 5-40 Stiche\/Sek. und einstellbar. Sie k\u00f6nnen die Geschwindigkeit f\u00fcr Details steuern. Diese Maschine ist einfach zu erlernen und zu benutzen. Tutorials in K\u00fcrze! Regelm\u00e4\u00dfige Wartung sorgt f\u00fcr eine l\u00e4ngere Lebensdauer des Ger\u00e4ts. Der Karton enth\u00e4lt:  Tufting Gun Maschine  AC\/DC-Adapter mit Eurostecker  Werkzeuge und Schrauben f\u00fcr die Wartung Sicherheit geht vor!  Tragen Sie einen Geh\u00f6r- und Augenschutz.  Vermeiden Sie das Getriebe und die Mechanismen.  Schalten Sie das Ger\u00e4t aus, wenn Sie es nicht benutzen.\" \/>\n<meta property=\"og:url\" content=\"https:\/\/ohmytuft.com\/de\/produkt\/hand-tufting-gun-ak-i-cut-pile\/\" \/>\n<meta property=\"og:site_name\" content=\"Ohmytuft.com\" \/>\n<meta property=\"article:modified_time\" content=\"2024-05-25T11:01:05+00:00\" \/>\n<meta property=\"og:image\" content=\"https:\/\/ohmytuft.com\/wp-content\/uploads\/2021\/02\/23022021-IMG_4393-scaled.jpg\" \/>\n\t<meta property=\"og:image:width\" content=\"2560\" \/>\n\t<meta property=\"og:image:height\" content=\"2560\" \/>\n\t<meta property=\"og:image:type\" content=\"image\/jpeg\" \/>\n<meta name=\"twitter:card\" content=\"summary_large_image\" \/>\n<meta name=\"twitter:label1\" content=\"Gesch\u00e4tzte Lesezeit\" \/>\n\t<meta name=\"twitter:data1\" content=\"2\u00a0Minuten\" \/>\n<script type=\"application\/ld+json\" class=\"yoast-schema-graph\">{\"@context\":\"https:\/\/schema.org\",\"@graph\":[{\"@type\":\"WebPage\",\"@id\":\"https:\/\/ohmytuft.com\/de\/produkt\/hand-tufting-gun-ak-i-cut-pile\/\",\"url\":\"https:\/\/ohmytuft.com\/de\/produkt\/hand-tufting-gun-ak-i-cut-pile\/\",\"name\":\"Hand Tufting Gun AK-I - Cut Pile - Ohmytuft.com\",\"isPartOf\":{\"@id\":\"https:\/\/ohmytuft.com\/de\/#website\"},\"primaryImageOfPage\":{\"@id\":\"https:\/\/ohmytuft.com\/de\/produkt\/hand-tufting-gun-ak-i-cut-pile\/#primaryimage\"},\"image\":{\"@id\":\"https:\/\/ohmytuft.com\/de\/produkt\/hand-tufting-gun-ak-i-cut-pile\/#primaryimage\"},\"thumbnailUrl\":\"https:\/\/ohmytuft.com\/wp-content\/uploads\/2021\/02\/tufting-gun-ak1.png\",\"datePublished\":\"2021-02-28T20:55:20+00:00\",\"dateModified\":\"2024-05-25T11:01:05+00:00\",\"breadcrumb\":{\"@id\":\"https:\/\/ohmytuft.com\/de\/produkt\/hand-tufting-gun-ak-i-cut-pile\/#breadcrumb\"},\"inLanguage\":\"de\",\"potentialAction\":[{\"@type\":\"ReadAction\",\"target\":[\"https:\/\/ohmytuft.com\/de\/produkt\/hand-tufting-gun-ak-i-cut-pile\/\"]}]},{\"@type\":\"ImageObject\",\"inLanguage\":\"de\",\"@id\":\"https:\/\/ohmytuft.com\/de\/produkt\/hand-tufting-gun-ak-i-cut-pile\/#primaryimage\",\"url\":\"https:\/\/ohmytuft.com\/wp-content\/uploads\/2021\/02\/tufting-gun-ak1.png\",\"contentUrl\":\"https:\/\/ohmytuft.com\/wp-content\/uploads\/2021\/02\/tufting-gun-ak1.png\",\"width\":800,\"height\":800,\"caption\":\"tufting gun AK1\"},{\"@type\":\"BreadcrumbList\",\"@id\":\"https:\/\/ohmytuft.com\/de\/produkt\/hand-tufting-gun-ak-i-cut-pile\/#breadcrumb\",\"itemListElement\":[{\"@type\":\"ListItem\",\"position\":1,\"name\":\"Home\",\"item\":\"https:\/\/ohmytuft.com\/de\/\"},{\"@type\":\"ListItem\",\"position\":2,\"name\":\"Shop\",\"item\":\"https:\/\/ohmytuft.com\/de\/shop-2\/\"},{\"@type\":\"ListItem\",\"position\":3,\"name\":\"Hand Tufting Gun AK-I &#8211; Cut Pile\"}]},{\"@type\":\"WebSite\",\"@id\":\"https:\/\/ohmytuft.com\/de\/#website\",\"url\":\"https:\/\/ohmytuft.com\/de\/\",\"name\":\"Oh my tuft\",\"description\":\"Oh my tuft\",\"publisher\":{\"@id\":\"https:\/\/ohmytuft.com\/de\/#organization\"},\"potentialAction\":[{\"@type\":\"SearchAction\",\"target\":{\"@type\":\"EntryPoint\",\"urlTemplate\":\"https:\/\/ohmytuft.com\/de\/?s={search_term_string}\"},\"query-input\":{\"@type\":\"PropertyValueSpecification\",\"valueRequired\":true,\"valueName\":\"search_term_string\"}}],\"inLanguage\":\"de\"},{\"@type\":\"Organization\",\"@id\":\"https:\/\/ohmytuft.com\/de\/#organization\",\"name\":\"Oh my tuft\",\"url\":\"https:\/\/ohmytuft.com\/de\/\",\"logo\":{\"@type\":\"ImageObject\",\"inLanguage\":\"de\",\"@id\":\"https:\/\/ohmytuft.com\/de\/#\/schema\/logo\/image\/\",\"url\":\"https:\/\/ohmytuft.com\/wp-content\/uploads\/2021\/02\/WEB-20.png\",\"contentUrl\":\"https:\/\/ohmytuft.com\/wp-content\/uploads\/2021\/02\/WEB-20.png\",\"width\":2085,\"height\":764,\"caption\":\"Oh my tuft\"},\"image\":{\"@id\":\"https:\/\/ohmytuft.com\/de\/#\/schema\/logo\/image\/\"},\"sameAs\":[\"https:\/\/www.instagram.com\/tuftinggunsupplies\/\",\"https:\/\/www.tiktok.com\/@tuftinggun\"]}]}<\/script>\n<!-- \/ Yoast SEO plugin. -->","yoast_head_json":{"title":"Hand Tufting Gun AK-I - Cut Pile - Ohmytuft.com","robots":{"index":"index","follow":"follow","max-snippet":"max-snippet:-1","max-image-preview":"max-image-preview:large","max-video-preview":"max-video-preview:-1"},"canonical":"https:\/\/ohmytuft.com\/de\/produkt\/hand-tufting-gun-ak-i-cut-pile\/","og_locale":"de_DE","og_type":"article","og_title":"Hand Tufting Gun AK-I - Cut Pile - Ohmytuft.com","og_description":"Elektrische Hand-Tufting-Pistole - Flor schneiden  100- 240 V mit Eurostecker  Florh\u00f6he einstellbar: 7-21 mm  Gewicht: 1,40 kg  Geschwindigkeit einstellbar: 5-40 Stiche\/Sek. und einstellbar. Sie k\u00f6nnen die Geschwindigkeit f\u00fcr Details steuern. Diese Maschine ist einfach zu erlernen und zu benutzen. Tutorials in K\u00fcrze! Regelm\u00e4\u00dfige Wartung sorgt f\u00fcr eine l\u00e4ngere Lebensdauer des Ger\u00e4ts. Der Karton enth\u00e4lt:  Tufting Gun Maschine  AC\/DC-Adapter mit Eurostecker  Werkzeuge und Schrauben f\u00fcr die Wartung Sicherheit geht vor!  Tragen Sie einen Geh\u00f6r- und Augenschutz.  Vermeiden Sie das Getriebe und die Mechanismen.  Schalten Sie das Ger\u00e4t aus, wenn Sie es nicht benutzen.","og_url":"https:\/\/ohmytuft.com\/de\/produkt\/hand-tufting-gun-ak-i-cut-pile\/","og_site_name":"Ohmytuft.com","article_modified_time":"2024-05-25T11:01:05+00:00","og_image":[{"width":2560,"height":2560,"url":"https:\/\/ohmytuft.com\/wp-content\/uploads\/2021\/02\/23022021-IMG_4393-scaled.jpg","type":"image\/jpeg"}],"twitter_card":"summary_large_image","twitter_misc":{"Gesch\u00e4tzte Lesezeit":"2\u00a0Minuten"},"schema":{"@context":"https:\/\/schema.org","@graph":[{"@type":"WebPage","@id":"https:\/\/ohmytuft.com\/de\/produkt\/hand-tufting-gun-ak-i-cut-pile\/","url":"https:\/\/ohmytuft.com\/de\/produkt\/hand-tufting-gun-ak-i-cut-pile\/","name":"Hand Tufting Gun AK-I - Cut Pile - Ohmytuft.com","isPartOf":{"@id":"https:\/\/ohmytuft.com\/de\/#website"},"primaryImageOfPage":{"@id":"https:\/\/ohmytuft.com\/de\/produkt\/hand-tufting-gun-ak-i-cut-pile\/#primaryimage"},"image":{"@id":"https:\/\/ohmytuft.com\/de\/produkt\/hand-tufting-gun-ak-i-cut-pile\/#primaryimage"},"thumbnailUrl":"https:\/\/ohmytuft.com\/wp-content\/uploads\/2021\/02\/tufting-gun-ak1.png","datePublished":"2021-02-28T20:55:20+00:00","dateModified":"2024-05-25T11:01:05+00:00","breadcrumb":{"@id":"https:\/\/ohmytuft.com\/de\/produkt\/hand-tufting-gun-ak-i-cut-pile\/#breadcrumb"},"inLanguage":"de","potentialAction":[{"@type":"ReadAction","target":["https:\/\/ohmytuft.com\/de\/produkt\/hand-tufting-gun-ak-i-cut-pile\/"]}]},{"@type":"ImageObject","inLanguage":"de","@id":"https:\/\/ohmytuft.com\/de\/produkt\/hand-tufting-gun-ak-i-cut-pile\/#primaryimage","url":"https:\/\/ohmytuft.com\/wp-content\/uploads\/2021\/02\/tufting-gun-ak1.png","contentUrl":"https:\/\/ohmytuft.com\/wp-content\/uploads\/2021\/02\/tufting-gun-ak1.png","width":800,"height":800,"caption":"tufting gun AK1"},{"@type":"BreadcrumbList","@id":"https:\/\/ohmytuft.com\/de\/produkt\/hand-tufting-gun-ak-i-cut-pile\/#breadcrumb","itemListElement":[{"@type":"ListItem","position":1,"name":"Home","item":"https:\/\/ohmytuft.com\/de\/"},{"@type":"ListItem","position":2,"name":"Shop","item":"https:\/\/ohmytuft.com\/de\/shop-2\/"},{"@type":"ListItem","position":3,"name":"Hand Tufting Gun AK-I &#8211; Cut Pile"}]},{"@type":"WebSite","@id":"https:\/\/ohmytuft.com\/de\/#website","url":"https:\/\/ohmytuft.com\/de\/","name":"Oh my tuft","description":"Oh my tuft","publisher":{"@id":"https:\/\/ohmytuft.com\/de\/#organization"},"potentialAction":[{"@type":"SearchAction","target":{"@type":"EntryPoint","urlTemplate":"https:\/\/ohmytuft.com\/de\/?s={search_term_string}"},"query-input":{"@type":"PropertyValueSpecification","valueRequired":true,"valueName":"search_term_string"}}],"inLanguage":"de"},{"@type":"Organization","@id":"https:\/\/ohmytuft.com\/de\/#organization","name":"Oh my tuft","url":"https:\/\/ohmytuft.com\/de\/","logo":{"@type":"ImageObject","inLanguage":"de","@id":"https:\/\/ohmytuft.com\/de\/#\/schema\/logo\/image\/","url":"https:\/\/ohmytuft.com\/wp-content\/uploads\/2021\/02\/WEB-20.png","contentUrl":"https:\/\/ohmytuft.com\/wp-content\/uploads\/2021\/02\/WEB-20.png","width":2085,"height":764,"caption":"Oh my tuft"},"image":{"@id":"https:\/\/ohmytuft.com\/de\/#\/schema\/logo\/image\/"},"sameAs":["https:\/\/www.instagram.com\/tuftinggunsupplies\/","https:\/\/www.tiktok.com\/@tuftinggun"]}]}},"_links":{"self":[{"href":"https:\/\/ohmytuft.com\/de\/wp-json\/wp\/v2\/product\/4221","targetHints":{"allow":["GET"]}}],"collection":[{"href":"https:\/\/ohmytuft.com\/de\/wp-json\/wp\/v2\/product"}],"about":[{"href":"https:\/\/ohmytuft.com\/de\/wp-json\/wp\/v2\/types\/product"}],"replies":[{"embeddable":true,"href":"https:\/\/ohmytuft.com\/de\/wp-json\/wp\/v2\/comments?post=4221"}],"wp:featuredmedia":[{"embeddable":true,"href":"https:\/\/ohmytuft.com\/de\/wp-json\/wp\/v2\/media\/8936"}],"wp:attachment":[{"href":"https:\/\/ohmytuft.com\/de\/wp-json\/wp\/v2\/media?parent=4221"}],"wp:term":[{"taxonomy":"product_brand","embeddable":true,"href":"https:\/\/ohmytuft.com\/de\/wp-json\/wp\/v2\/product_brand?post=4221"},{"taxonomy":"product_cat","embeddable":true,"href":"https:\/\/ohmytuft.com\/de\/wp-json\/wp\/v2\/product_cat?post=4221"},{"taxonomy":"product_tag","embeddable":true,"href":"https:\/\/ohmytuft.com\/de\/wp-json\/wp\/v2\/product_tag?post=4221"}],"curies":[{"name":"wp","href":"https:\/\/api.w.org\/{rel}","templated":true}]}}