{"id":6213,"date":"2024-01-07T14:52:49","date_gmt":"2024-01-07T14:52:49","guid":{"rendered":"https:\/\/ohmytuft.com\/product\/design-bausatz-2-cowboys\/"},"modified":"2024-01-07T14:52:49","modified_gmt":"2024-01-07T14:52:49","slug":"design-bausatz-2-cowboys","status":"publish","type":"product","link":"https:\/\/ohmytuft.com\/de\/produkt\/design-bausatz-2-cowboys\/","title":{"rendered":"Design-Bausatz &#8211; 2 Cowboys"},"content":{"rendered":"<p>Alles, was Sie f\u00fcr die Gestaltung Ihres Teppichs ben\u00f6tigen, in einem Set. Jeden Monat laden wir neue Designs hoch, damit Sie von uns entworfene Projekte erstellen k\u00f6nnen.<\/p>\n<p>Wenn Sie Fragen haben, <strong>wenden Sie sich bitte an uns<\/strong>.<\/p>\n","protected":false},"excerpt":{"rendered":"<p>Der Bausatz enth\u00e4lt alles, was du brauchst, um deinen 2-Cowboys-Teppich zu gestalten \ud83d\ude09<\/p>\n<ul>\n<li>Acrylic rug yarn cone 250g &#8211; Himmel<\/li>\n<li>Acryl-Teppichgarn Kegel 250g &#8211; Marineblau<\/li>\n<li>Acryl-Teppichgarn Kegel 250g -Schwarz<\/li>\n<li>Acryl-Teppichgarn Kegel 250g &#8211; Wei\u00df<\/li>\n<\/ul>\n<p>Optional k\u00f6nnen Sie Tuftingstoff hinzuf\u00fcgen.<\/p>\n","protected":false},"featured_media":6118,"comment_status":"open","ping_status":"closed","template":"","meta":{"_joinchat":[]},"product_brand":[],"product_cat":[351],"product_tag":[],"class_list":{"0":"post-6213","1":"product","2":"type-product","3":"status-publish","4":"has-post-thumbnail","6":"product_cat-entwurfe","8":"first","9":"instock","10":"taxable","11":"shipping-taxable","12":"purchasable","13":"product-type-variable"},"yoast_head":"<!-- This site is optimized with the Yoast SEO plugin v27.2 - https:\/\/yoast.com\/product\/yoast-seo-wordpress\/ -->\n<title>Design-Bausatz - 2 Cowboys - Ohmytuft.com<\/title>\n<meta name=\"robots\" content=\"index, follow, max-snippet:-1, max-image-preview:large, max-video-preview:-1\" \/>\n<link rel=\"canonical\" href=\"https:\/\/ohmytuft.com\/de\/produkt\/design-bausatz-2-cowboys\/\" \/>\n<meta property=\"og:locale\" content=\"de_DE\" \/>\n<meta property=\"og:type\" content=\"article\" \/>\n<meta property=\"og:title\" content=\"Design-Bausatz - 2 Cowboys - Ohmytuft.com\" \/>\n<meta property=\"og:description\" content=\"Der Bausatz enth\u00e4lt alles, was du brauchst, um deinen 2-Cowboys-Teppich zu gestalten ;)  Acrylic rug yarn cone 250g - Himmel  Acryl-Teppichgarn Kegel 250g - Marineblau  Acryl-Teppichgarn Kegel 250g -Schwarz  Acryl-Teppichgarn Kegel 250g - Wei\u00df Optional k\u00f6nnen Sie Tuftingstoff hinzuf\u00fcgen.\" \/>\n<meta property=\"og:url\" content=\"https:\/\/ohmytuft.com\/de\/produkt\/design-bausatz-2-cowboys\/\" \/>\n<meta property=\"og:site_name\" content=\"Ohmytuft.com\" \/>\n<meta property=\"og:image\" content=\"https:\/\/ohmytuft.com\/wp-content\/uploads\/2024\/01\/design-vaqueros.jpeg\" \/>\n\t<meta property=\"og:image:width\" content=\"900\" \/>\n\t<meta property=\"og:image:height\" content=\"1029\" \/>\n\t<meta property=\"og:image:type\" content=\"image\/jpeg\" \/>\n<meta name=\"twitter:card\" content=\"summary_large_image\" \/>\n<script type=\"application\/ld+json\" class=\"yoast-schema-graph\">{\"@context\":\"https:\/\/schema.org\",\"@graph\":[{\"@type\":\"WebPage\",\"@id\":\"https:\/\/ohmytuft.com\/de\/produkt\/design-bausatz-2-cowboys\/\",\"url\":\"https:\/\/ohmytuft.com\/de\/produkt\/design-bausatz-2-cowboys\/\",\"name\":\"Design-Bausatz - 2 Cowboys - Ohmytuft.com\",\"isPartOf\":{\"@id\":\"https:\/\/ohmytuft.com\/de\/#website\"},\"primaryImageOfPage\":{\"@id\":\"https:\/\/ohmytuft.com\/de\/produkt\/design-bausatz-2-cowboys\/#primaryimage\"},\"image\":{\"@id\":\"https:\/\/ohmytuft.com\/de\/produkt\/design-bausatz-2-cowboys\/#primaryimage\"},\"thumbnailUrl\":\"https:\/\/ohmytuft.com\/wp-content\/uploads\/2024\/01\/design-vaqueros.jpeg\",\"datePublished\":\"2024-01-07T14:52:49+00:00\",\"breadcrumb\":{\"@id\":\"https:\/\/ohmytuft.com\/de\/produkt\/design-bausatz-2-cowboys\/#breadcrumb\"},\"inLanguage\":\"de\",\"potentialAction\":[{\"@type\":\"ReadAction\",\"target\":[\"https:\/\/ohmytuft.com\/de\/produkt\/design-bausatz-2-cowboys\/\"]}]},{\"@type\":\"ImageObject\",\"inLanguage\":\"de\",\"@id\":\"https:\/\/ohmytuft.com\/de\/produkt\/design-bausatz-2-cowboys\/#primaryimage\",\"url\":\"https:\/\/ohmytuft.com\/wp-content\/uploads\/2024\/01\/design-vaqueros.jpeg\",\"contentUrl\":\"https:\/\/ohmytuft.com\/wp-content\/uploads\/2024\/01\/design-vaqueros.jpeg\",\"width\":900,\"height\":1029,\"caption\":\"dise\u00f1o vaqueros\"},{\"@type\":\"BreadcrumbList\",\"@id\":\"https:\/\/ohmytuft.com\/de\/produkt\/design-bausatz-2-cowboys\/#breadcrumb\",\"itemListElement\":[{\"@type\":\"ListItem\",\"position\":1,\"name\":\"Home\",\"item\":\"https:\/\/ohmytuft.com\/de\/\"},{\"@type\":\"ListItem\",\"position\":2,\"name\":\"Shop\",\"item\":\"https:\/\/ohmytuft.com\/de\/shop-2\/\"},{\"@type\":\"ListItem\",\"position\":3,\"name\":\"Design-Bausatz &#8211; 2 Cowboys\"}]},{\"@type\":\"WebSite\",\"@id\":\"https:\/\/ohmytuft.com\/de\/#website\",\"url\":\"https:\/\/ohmytuft.com\/de\/\",\"name\":\"Oh my tuft\",\"description\":\"Oh my tuft\",\"publisher\":{\"@id\":\"https:\/\/ohmytuft.com\/de\/#organization\"},\"potentialAction\":[{\"@type\":\"SearchAction\",\"target\":{\"@type\":\"EntryPoint\",\"urlTemplate\":\"https:\/\/ohmytuft.com\/de\/?s={search_term_string}\"},\"query-input\":{\"@type\":\"PropertyValueSpecification\",\"valueRequired\":true,\"valueName\":\"search_term_string\"}}],\"inLanguage\":\"de\"},{\"@type\":\"Organization\",\"@id\":\"https:\/\/ohmytuft.com\/de\/#organization\",\"name\":\"Oh my tuft\",\"url\":\"https:\/\/ohmytuft.com\/de\/\",\"logo\":{\"@type\":\"ImageObject\",\"inLanguage\":\"de\",\"@id\":\"https:\/\/ohmytuft.com\/de\/#\/schema\/logo\/image\/\",\"url\":\"https:\/\/ohmytuft.com\/wp-content\/uploads\/2021\/02\/WEB-20.png\",\"contentUrl\":\"https:\/\/ohmytuft.com\/wp-content\/uploads\/2021\/02\/WEB-20.png\",\"width\":2085,\"height\":764,\"caption\":\"Oh my tuft\"},\"image\":{\"@id\":\"https:\/\/ohmytuft.com\/de\/#\/schema\/logo\/image\/\"},\"sameAs\":[\"https:\/\/www.instagram.com\/tuftinggunsupplies\/\",\"https:\/\/www.tiktok.com\/@tuftinggun\"]}]}<\/script>\n<!-- \/ Yoast SEO plugin. -->","yoast_head_json":{"title":"Design-Bausatz - 2 Cowboys - Ohmytuft.com","robots":{"index":"index","follow":"follow","max-snippet":"max-snippet:-1","max-image-preview":"max-image-preview:large","max-video-preview":"max-video-preview:-1"},"canonical":"https:\/\/ohmytuft.com\/de\/produkt\/design-bausatz-2-cowboys\/","og_locale":"de_DE","og_type":"article","og_title":"Design-Bausatz - 2 Cowboys - Ohmytuft.com","og_description":"Der Bausatz enth\u00e4lt alles, was du brauchst, um deinen 2-Cowboys-Teppich zu gestalten ;)  Acrylic rug yarn cone 250g - Himmel  Acryl-Teppichgarn Kegel 250g - Marineblau  Acryl-Teppichgarn Kegel 250g -Schwarz  Acryl-Teppichgarn Kegel 250g - Wei\u00df Optional k\u00f6nnen Sie Tuftingstoff hinzuf\u00fcgen.","og_url":"https:\/\/ohmytuft.com\/de\/produkt\/design-bausatz-2-cowboys\/","og_site_name":"Ohmytuft.com","og_image":[{"width":900,"height":1029,"url":"https:\/\/ohmytuft.com\/wp-content\/uploads\/2024\/01\/design-vaqueros.jpeg","type":"image\/jpeg"}],"twitter_card":"summary_large_image","schema":{"@context":"https:\/\/schema.org","@graph":[{"@type":"WebPage","@id":"https:\/\/ohmytuft.com\/de\/produkt\/design-bausatz-2-cowboys\/","url":"https:\/\/ohmytuft.com\/de\/produkt\/design-bausatz-2-cowboys\/","name":"Design-Bausatz - 2 Cowboys - Ohmytuft.com","isPartOf":{"@id":"https:\/\/ohmytuft.com\/de\/#website"},"primaryImageOfPage":{"@id":"https:\/\/ohmytuft.com\/de\/produkt\/design-bausatz-2-cowboys\/#primaryimage"},"image":{"@id":"https:\/\/ohmytuft.com\/de\/produkt\/design-bausatz-2-cowboys\/#primaryimage"},"thumbnailUrl":"https:\/\/ohmytuft.com\/wp-content\/uploads\/2024\/01\/design-vaqueros.jpeg","datePublished":"2024-01-07T14:52:49+00:00","breadcrumb":{"@id":"https:\/\/ohmytuft.com\/de\/produkt\/design-bausatz-2-cowboys\/#breadcrumb"},"inLanguage":"de","potentialAction":[{"@type":"ReadAction","target":["https:\/\/ohmytuft.com\/de\/produkt\/design-bausatz-2-cowboys\/"]}]},{"@type":"ImageObject","inLanguage":"de","@id":"https:\/\/ohmytuft.com\/de\/produkt\/design-bausatz-2-cowboys\/#primaryimage","url":"https:\/\/ohmytuft.com\/wp-content\/uploads\/2024\/01\/design-vaqueros.jpeg","contentUrl":"https:\/\/ohmytuft.com\/wp-content\/uploads\/2024\/01\/design-vaqueros.jpeg","width":900,"height":1029,"caption":"dise\u00f1o vaqueros"},{"@type":"BreadcrumbList","@id":"https:\/\/ohmytuft.com\/de\/produkt\/design-bausatz-2-cowboys\/#breadcrumb","itemListElement":[{"@type":"ListItem","position":1,"name":"Home","item":"https:\/\/ohmytuft.com\/de\/"},{"@type":"ListItem","position":2,"name":"Shop","item":"https:\/\/ohmytuft.com\/de\/shop-2\/"},{"@type":"ListItem","position":3,"name":"Design-Bausatz &#8211; 2 Cowboys"}]},{"@type":"WebSite","@id":"https:\/\/ohmytuft.com\/de\/#website","url":"https:\/\/ohmytuft.com\/de\/","name":"Oh my tuft","description":"Oh my tuft","publisher":{"@id":"https:\/\/ohmytuft.com\/de\/#organization"},"potentialAction":[{"@type":"SearchAction","target":{"@type":"EntryPoint","urlTemplate":"https:\/\/ohmytuft.com\/de\/?s={search_term_string}"},"query-input":{"@type":"PropertyValueSpecification","valueRequired":true,"valueName":"search_term_string"}}],"inLanguage":"de"},{"@type":"Organization","@id":"https:\/\/ohmytuft.com\/de\/#organization","name":"Oh my tuft","url":"https:\/\/ohmytuft.com\/de\/","logo":{"@type":"ImageObject","inLanguage":"de","@id":"https:\/\/ohmytuft.com\/de\/#\/schema\/logo\/image\/","url":"https:\/\/ohmytuft.com\/wp-content\/uploads\/2021\/02\/WEB-20.png","contentUrl":"https:\/\/ohmytuft.com\/wp-content\/uploads\/2021\/02\/WEB-20.png","width":2085,"height":764,"caption":"Oh my tuft"},"image":{"@id":"https:\/\/ohmytuft.com\/de\/#\/schema\/logo\/image\/"},"sameAs":["https:\/\/www.instagram.com\/tuftinggunsupplies\/","https:\/\/www.tiktok.com\/@tuftinggun"]}]}},"_links":{"self":[{"href":"https:\/\/ohmytuft.com\/de\/wp-json\/wp\/v2\/product\/6213","targetHints":{"allow":["GET"]}}],"collection":[{"href":"https:\/\/ohmytuft.com\/de\/wp-json\/wp\/v2\/product"}],"about":[{"href":"https:\/\/ohmytuft.com\/de\/wp-json\/wp\/v2\/types\/product"}],"replies":[{"embeddable":true,"href":"https:\/\/ohmytuft.com\/de\/wp-json\/wp\/v2\/comments?post=6213"}],"wp:featuredmedia":[{"embeddable":true,"href":"https:\/\/ohmytuft.com\/de\/wp-json\/wp\/v2\/media\/6118"}],"wp:attachment":[{"href":"https:\/\/ohmytuft.com\/de\/wp-json\/wp\/v2\/media?parent=6213"}],"wp:term":[{"taxonomy":"product_brand","embeddable":true,"href":"https:\/\/ohmytuft.com\/de\/wp-json\/wp\/v2\/product_brand?post=6213"},{"taxonomy":"product_cat","embeddable":true,"href":"https:\/\/ohmytuft.com\/de\/wp-json\/wp\/v2\/product_cat?post=6213"},{"taxonomy":"product_tag","embeddable":true,"href":"https:\/\/ohmytuft.com\/de\/wp-json\/wp\/v2\/product_tag?post=6213"}],"curies":[{"name":"wp","href":"https:\/\/api.w.org\/{rel}","templated":true}]}}