{"id":3339,"date":"2023-04-13T14:24:12","date_gmt":"2023-04-13T14:24:12","guid":{"rendered":"https:\/\/ohmytuft.com\/aviso-legal\/"},"modified":"2023-04-13T14:33:15","modified_gmt":"2023-04-13T14:33:15","slug":"aviso-legal","status":"publish","type":"page","link":"https:\/\/ohmytuft.com\/es\/aviso-legal\/","title":{"rendered":"Aviso legal"},"content":{"rendered":"\n<h2 class=\"wp-block-heading\"><strong>Datos del Responsable<\/strong><\/h2>\n\n\n\n<ul class=\"wp-block-list\">\n<li><strong>Identidad del Responsable:&nbsp;<\/strong>Fran Murillo<\/li>\n\n\n\n<li><strong>Nombre comercial:<\/strong>&nbsp;Fidcommerce SL<\/li>\n\n\n\n<li><strong>NIF\/CIF:<\/strong>&nbsp;44333175P \/ B75121103<\/li>\n\n\n\n<li><strong>Direcci\u00f3n:<\/strong>&nbsp;Avda. Felipe IV N\u00ba1<\/li>\n\n\n\n<li><strong>Correo electr\u00f3nico:<\/strong>\u00a0hi@ohmytuft.com<\/li>\n<\/ul>\n\n\n\n<p>En este espacio, el usuario, podr\u00e1 encontrar toda la informaci\u00f3n relativa a los t\u00e9rminos y condiciones legales que definen las relaciones entre los usuarios y yo como responsable de esta web. Como usuario, es importante que conozcas estos t\u00e9rminos antes de continuar tu navegaci\u00f3n.<\/p>\n\n\n\n<p>Fran Murillo, en nombre de Fidcommerce SL y como responsable de esta web, asumo el compromiso de procesar la informaci\u00f3n de mis usuarios y clientes con plenas garant\u00edas y cumplir con los requisitos nacionales y europeos que regulan la recopilaci\u00f3n y uso de los datos personales de mis usuarios.<\/p>\n\n\n\n<p>Esta web, por tanto, cumple rigurosamente con La Ley Org\u00e1nica 15\/1999, de 13 de diciembre, de Protecci\u00f3n de Datos de Car\u00e1cter Personal (LOPD), y con el Real Decreto 1720\/2007, de 21 de diciembre, conocido como el Reglamento de desarrollo de la LOPD. Cumple tambi\u00e9n con el Reglamento (UE) 2016\/679 del Parlamento Europeo y del Consejo de 27 de abril de 2016 relativo a la protecci\u00f3n de las personas f\u00edsicas (RGPD), as\u00ed como con la Ley 34\/2002, de 11 de julio, de Servicios de la Sociedad de la Informaci\u00f3n y Comercio Electr\u00f3nico (LSSICE \u00f3 LSSI).<\/p>\n\n\n\n<h2 class=\"wp-block-heading\"><strong>Condiciones generales de uso<\/strong><\/h2>\n\n\n\n<p>Las presentes Condiciones Generales regulan el uso (incluyendo el mero acceso) de las p\u00e1ginas de web, integrantes del sitio web de Fidcommerce incluidos los contenidos y servicios puestos a disposici\u00f3n en ellas. Toda persona que acceda a la web ohmytuft.com (\u201cusuario\u201d) acepta someterse a las Condiciones Generales vigentes en cada momento del portal https:\/\/ohmytuft.com<\/p>\n\n\n\n<h2 class=\"wp-block-heading\"><strong>Datos personales que recabo y c\u00f3mo lo hago<\/strong><\/h2>\n\n\n\n<p>Leer Pol\u00edtica de Privacidad.<\/p>\n\n\n\n<h2 class=\"wp-block-heading\"><strong>Compromisos y obligaciones de los usuarios<\/strong><\/h2>\n\n\n\n<p>El usuario queda informado, y acepta, que el acceso a la presente web no supone, en modo alguno, el inicio de una relaci\u00f3n comercial con Fidcommerce. De esta forma, el usuario se compromete a utilizar el sitio web, sus servicios y contenidos sin contravenir la legislaci\u00f3n vigente, la buena fe y el orden p\u00fablico.<\/p>\n\n\n\n<p>Queda prohibido el uso de la web, con fines il\u00edcitos o lesivos, o que, de cualquier forma, puedan causar perjuicio o impedir el normal funcionamiento del sitio web. Respecto de los contenidos de esta web, se proh\u00edbe:<\/p>\n\n\n\n<ul class=\"wp-block-list\">\n<li>Su reproducci\u00f3n, distribuci\u00f3n o modificaci\u00f3n, total o parcial, a menos que se cuente con mi autorizaci\u00f3n como leg\u00edtimo titular;<\/li>\n\n\n\n<li>Cualquier vulneraci\u00f3n de los derechos del prestador o de mi como leg\u00edtimo titular;<\/li>\n\n\n\n<li>Su utilizaci\u00f3n para fines comerciales o publicitarios.<\/li>\n<\/ul>\n\n\n\n<p>En la utilizaci\u00f3n de la web, https:\/\/ohmytuft.com el usuario se compromete a no llevar a cabo\u00a0<strong>ninguna conducta<\/strong>\u00a0que pudiera da\u00f1ar la imagen, los intereses y los derechos de Fidcommerce o de terceros o que pudiera da\u00f1ar, inutilizar o sobrecargar el portal https:\/\/ohmytuft.com o que impidiera, de cualquier forma, la normal utilizaci\u00f3n de la web.<\/p>\n\n\n\n<p>No obstante, el usuario debe ser consciente de que las medidas de seguridad de los sistemas inform\u00e1ticos en Internet no son enteramente fiables y que, por tanto https:\/\/ohmytuft.com no puede garantizar la inexistencia de malware u otros elementos que puedan producir alteraciones en los sistemas inform\u00e1ticos (software y hardware) del usuario o en sus documentos electr\u00f3nicos y ficheros contenidos en los mismos aunque pongo todos los medios necesarios y las medidas de seguridad oportunas para evitar la presencia de estos elementos da\u00f1inos.<\/p>\n\n\n\n<h2 class=\"wp-block-heading\"><strong>Medidas de seguridad<\/strong><\/h2>\n\n\n\n<p>Los datos personales comunicados por el usuario pueden ser almacenados en bases de datos automatizadas o no, cuya titularidad corresponde en exclusiva a Fran Murillo, asumiendo \u00e9sta todas las medidas de \u00edndole t\u00e9cnica, organizativa y de seguridad que garantizan la confidencialidad, integridad y calidad de la informaci\u00f3n contenida en las mismas de acuerdo con lo establecido en la normativa vigente en protecci\u00f3n de datos.La comunicaci\u00f3n entre los usuarios y https:\/\/vicampuzano.com utiliza un canal seguro, y los datos transmitidos son cifrados gracias a protocolos a https, por tanto, garantizo las mejores condiciones de seguridad para que la confidencialidad de los usuarios est\u00e9 garantizada.<\/p>\n\n\n\n<h2 class=\"wp-block-heading\"><strong>Plataforma de resoluci\u00f3n de conflictos<\/strong><\/h2>\n\n\n\n<p>Pongo tambi\u00e9n a disposici\u00f3n de los usuarios la plataforma de resoluci\u00f3n de litigios que facilita la Comisi\u00f3n Europea y que se encuentra disponible en el siguiente enlace:&nbsp;<a href=\"http:\/\/ec.europa.eu\/consumers\/odr\/\">http:\/\/ec.europa.eu\/consumers\/odr\/<\/a><\/p>\n\n\n\n<h2 class=\"wp-block-heading\"><strong>Derechos de propiedad intelectual e industrial<\/strong><\/h2>\n\n\n\n<p>En virtud de lo dispuesto en los art\u00edculos 8 y 32.1, p\u00e1rrafo segundo, de la Ley de Propiedad Intelectual, quedan expresamente prohibidas la reproducci\u00f3n, la distribuci\u00f3n y la comunicaci\u00f3n p\u00fablica, incluida su modalidad de puesta a disposici\u00f3n, de la totalidad o parte de los contenidos de esta p\u00e1gina web, con fines comerciales, en cualquier soporte y por cualquier medio t\u00e9cnico, sin la autorizaci\u00f3n de Fidcommerce. El usuario se compromete a respetar los derechos de Propiedad Intelectual e Industrial titularidad de Fidcommerce.<\/p>\n\n\n\n<p>El usuario conoce y acepta que la totalidad del sitio web, conteniendo sin car\u00e1cter exhaustivo el texto, software, contenidos (incluyendo estructura, selecci\u00f3n, ordenaci\u00f3n y presentaci\u00f3n de los mismos) podcast, fotograf\u00edas, material audiovisual y gr\u00e1ficos, est\u00e1 protegida por marcas, derechos de autor y otros derechos leg\u00edtimos, de acuerdo con los tratados internacionales en los que Espa\u00f1a es parte y otros derechos de propiedad y leyes de Espa\u00f1a.<\/p>\n\n\n\n<p>En el caso de que un usuario o un tercero consideren que se ha producido una violaci\u00f3n de sus leg\u00edtimos derechos de propiedad intelectual por la introducci\u00f3n de un determinado contenido en la web, deber\u00e1 notificar dicha circunstancia a Fidcommerce indicando:<\/p>\n\n\n\n<ul class=\"wp-block-list\">\n<li>Datos personales del interesado titular de los derechos presuntamente infringidos, o indicar la representaci\u00f3n con la que act\u00faa en caso de que la reclamaci\u00f3n la presente un tercero distinto del interesado.<\/li>\n\n\n\n<li>Se\u00f1alar los contenidos protegidos por los derechos de propiedad intelectual y su ubicaci\u00f3n en la web, la acreditaci\u00f3n de los derechos de propiedad intelectual se\u00f1alados y declaraci\u00f3n expresa en la que el interesado se responsabiliza de la veracidad de las informaciones facilitadas en la notificaci\u00f3n.<\/li>\n<\/ul>\n\n\n\n<h2 class=\"wp-block-heading\"><strong>Derecho de desistimiento<\/strong><\/h2>\n\n\n\n<ul class=\"wp-block-list\">\n<li>El cliente tiene derecho&nbsp;a desistir del contrato sin necesidad de justificaci\u00f3n, en un plazo de 14 d\u00edas naturales desde la recepci\u00f3n del producto.<\/li>\n\n\n\n<li>El\/Los art\u00edculo\/s tiene\/n que estar en perfecto estado.<\/li>\n\n\n\n<li>Para solicitar una devoluci\u00f3n tienes que enviar un correo a\u00a0hi@ohmytuft.com indicando el n\u00famero de pedido en el asunto.\u00a0<\/li>\n\n\n\n<li>Tras verificar los datos y con el fin de que los art\u00edculos devueltos lleguen en buenas condiciones a nuestras instalaciones, enviaremos a un transportista a recoger el paquete en un plazo de 24 a 72 horas laborables.<\/li>\n\n\n\n<li>Se reembolsar\u00e1 el importe correspondiente a los art\u00edculos a devolver, no se devolver\u00e1n los gastos de env\u00edo y de devoluci\u00f3n (9\u20ac).<\/li>\n\n\n\n<li>El reembolso se llevar\u00e1 a cabo una vez recibamos el pedido en nuestras instalaciones y comprobemos que se encuentra en perfectas condiciones.&nbsp;El reembolso se har\u00e1 efectivo por el mismo medio en que se realiz\u00f3 el pedido (Tarjeta de cr\u00e9dito, PayPal y\/o transferencia).<\/li>\n\n\n\n<li>En caso de que el art\u00edculo llegue da\u00f1ado es necesario notificarlo a la recepci\u00f3n para que podamos enviar un nuevo paquete, ya que de otro modo no podremos reclamar a la compa\u00f1\u00eda de transporte y la empresa no se har\u00e1 responsable.<\/li>\n<\/ul>\n\n\n\n<h2 class=\"wp-block-heading\"><strong>Enlaces externos<\/strong><\/h2>\n\n\n\n<p>Las p\u00e1ginas de la web https:\/\/ohmytuft.com proporciona enlaces a otros sitios web propios y contenidos que son propiedad de terceros tales como:<\/p>\n\n\n\n<ul class=\"wp-block-list\">\n<li>Recursos<\/li>\n\n\n\n<li>Contenido de otros blogs<\/li>\n<\/ul>\n\n\n\n<h2 class=\"wp-block-heading\"><strong>Exclusi\u00f3n de garant\u00edas y responsable<\/strong><\/h2>\n\n\n\n<p><strong>Fran Murillo, Fidcommerce, no otorga ninguna garant\u00eda ni se hace responsable, en ning\u00fan caso, de los da\u00f1os y perjuicios de cualquier naturaleza que pudieran traer causa de:<\/strong><\/p>\n\n\n\n<ul class=\"wp-block-list\">\n<li>La falta de disponibilidad, mantenimiento y efectivo funcionamiento de la web, o de sus servicios y contenidos;<\/li>\n\n\n\n<li>La existencia de malware, programas maliciosos o lesivos en los contenidos;<\/li>\n\n\n\n<li>El uso il\u00edcito, negligente, fraudulento o contrario a este Aviso Legal;<\/li>\n\n\n\n<li>La falta de licitud, calidad, fiabilidad, utilidad y disponibilidad de los servicios prestados por terceros y puestos a disposici\u00f3n de los usuarios en el sitio web.<\/li>\n\n\n\n<li>El prestador no se hace responsable bajo ning\u00fan concepto de los da\u00f1os que pudieran dimanar del uso ilegal o indebido de la presente p\u00e1gina web.<\/li>\n<\/ul>\n\n\n\n<h2 class=\"wp-block-heading\"><strong>Ley aplicable y jurisdicci\u00f3n<\/strong><\/h2>\n\n\n\n<p>Con car\u00e1cter general las relaciones entre Fidcommerce con los usuarios de sus servicios telem\u00e1ticos, presentes en esta web se encuentran sometidas a la legislaci\u00f3n y jurisdicci\u00f3n espa\u00f1olas y a los tribunales de Guip\u00fazcoa.<\/p>\n\n\n\n<h2 class=\"wp-block-heading\"><strong>Contacto<\/strong><\/h2>\n\n\n\n<p>En caso de que cualquier usuario tuviese alguna duda acerca de estas Condiciones legales o cualquier comentario sobre el portal https:\/\/ohmytuft.com, por favor dir\u00edjase a hi@ohmytuft.com<\/p>\n","protected":false},"excerpt":{"rendered":"<p>Datos del Responsable En este espacio, el usuario, podr\u00e1 encontrar toda la informaci\u00f3n relativa a los t\u00e9rminos y condiciones legales que definen las relaciones entre los usuarios y yo como responsable de esta web. Como usuario, es importante que conozcas estos t\u00e9rminos antes de continuar tu navegaci\u00f3n. Fran Murillo, en nombre de Fidcommerce SL y [&hellip;]<\/p>\n","protected":false},"author":3,"featured_media":0,"parent":0,"menu_order":0,"comment_status":"closed","ping_status":"closed","template":"","meta":{"_joinchat":[],"footnotes":""},"class_list":["post-3339","page","type-page","status-publish","hentry"],"yoast_head":"<!-- This site is optimized with the Yoast SEO plugin v27.2 - https:\/\/yoast.com\/product\/yoast-seo-wordpress\/ -->\n<title>Aviso legal - Ohmytuft.com<\/title>\n<meta name=\"robots\" content=\"noindex, follow\" \/>\n<meta property=\"og:locale\" content=\"es_ES\" \/>\n<meta property=\"og:type\" content=\"article\" \/>\n<meta property=\"og:title\" content=\"Aviso legal - Ohmytuft.com\" \/>\n<meta property=\"og:description\" content=\"Datos del Responsable En este espacio, el usuario, podr\u00e1 encontrar toda la informaci\u00f3n relativa a los t\u00e9rminos y condiciones legales que definen las relaciones entre los usuarios y yo como responsable de esta web. Como usuario, es importante que conozcas estos t\u00e9rminos antes de continuar tu navegaci\u00f3n. Fran Murillo, en nombre de Fidcommerce SL y [&hellip;]\" \/>\n<meta property=\"og:url\" content=\"https:\/\/ohmytuft.com\/es\/aviso-legal\/\" \/>\n<meta property=\"og:site_name\" content=\"Ohmytuft.com\" \/>\n<meta property=\"article:modified_time\" content=\"2023-04-13T14:33:15+00:00\" \/>\n<meta name=\"twitter:card\" content=\"summary_large_image\" \/>\n<meta name=\"twitter:label1\" content=\"Tiempo de lectura\" \/>\n\t<meta name=\"twitter:data1\" content=\"8 minutos\" \/>\n<script type=\"application\/ld+json\" class=\"yoast-schema-graph\">{\"@context\":\"https:\/\/schema.org\",\"@graph\":[{\"@type\":\"WebPage\",\"@id\":\"https:\/\/ohmytuft.com\/es\/aviso-legal\/\",\"url\":\"https:\/\/ohmytuft.com\/es\/aviso-legal\/\",\"name\":\"Aviso legal - Ohmytuft.com\",\"isPartOf\":{\"@id\":\"https:\/\/ohmytuft.com\/es\/#website\"},\"datePublished\":\"2023-04-13T14:24:12+00:00\",\"dateModified\":\"2023-04-13T14:33:15+00:00\",\"breadcrumb\":{\"@id\":\"https:\/\/ohmytuft.com\/es\/aviso-legal\/#breadcrumb\"},\"inLanguage\":\"es\",\"potentialAction\":[{\"@type\":\"ReadAction\",\"target\":[\"https:\/\/ohmytuft.com\/es\/aviso-legal\/\"]}]},{\"@type\":\"BreadcrumbList\",\"@id\":\"https:\/\/ohmytuft.com\/es\/aviso-legal\/#breadcrumb\",\"itemListElement\":[{\"@type\":\"ListItem\",\"position\":1,\"name\":\"Home\",\"item\":\"https:\/\/ohmytuft.com\/es\/\"},{\"@type\":\"ListItem\",\"position\":2,\"name\":\"Aviso legal\"}]},{\"@type\":\"WebSite\",\"@id\":\"https:\/\/ohmytuft.com\/es\/#website\",\"url\":\"https:\/\/ohmytuft.com\/es\/\",\"name\":\"Oh my tuft\",\"description\":\"Oh my tuft\",\"publisher\":{\"@id\":\"https:\/\/ohmytuft.com\/es\/#organization\"},\"potentialAction\":[{\"@type\":\"SearchAction\",\"target\":{\"@type\":\"EntryPoint\",\"urlTemplate\":\"https:\/\/ohmytuft.com\/es\/?s={search_term_string}\"},\"query-input\":{\"@type\":\"PropertyValueSpecification\",\"valueRequired\":true,\"valueName\":\"search_term_string\"}}],\"inLanguage\":\"es\"},{\"@type\":\"Organization\",\"@id\":\"https:\/\/ohmytuft.com\/es\/#organization\",\"name\":\"Oh my tuft\",\"url\":\"https:\/\/ohmytuft.com\/es\/\",\"logo\":{\"@type\":\"ImageObject\",\"inLanguage\":\"es\",\"@id\":\"https:\/\/ohmytuft.com\/es\/#\/schema\/logo\/image\/\",\"url\":\"https:\/\/ohmytuft.com\/wp-content\/uploads\/2021\/02\/WEB-20.png\",\"contentUrl\":\"https:\/\/ohmytuft.com\/wp-content\/uploads\/2021\/02\/WEB-20.png\",\"width\":2085,\"height\":764,\"caption\":\"Oh my tuft\"},\"image\":{\"@id\":\"https:\/\/ohmytuft.com\/es\/#\/schema\/logo\/image\/\"},\"sameAs\":[\"https:\/\/www.instagram.com\/tuftinggunsupplies\/\",\"https:\/\/www.tiktok.com\/@tuftinggun\"]}]}<\/script>\n<!-- \/ Yoast SEO plugin. -->","yoast_head_json":{"title":"Aviso legal - Ohmytuft.com","robots":{"index":"noindex","follow":"follow"},"og_locale":"es_ES","og_type":"article","og_title":"Aviso legal - Ohmytuft.com","og_description":"Datos del Responsable En este espacio, el usuario, podr\u00e1 encontrar toda la informaci\u00f3n relativa a los t\u00e9rminos y condiciones legales que definen las relaciones entre los usuarios y yo como responsable de esta web. Como usuario, es importante que conozcas estos t\u00e9rminos antes de continuar tu navegaci\u00f3n. Fran Murillo, en nombre de Fidcommerce SL y [&hellip;]","og_url":"https:\/\/ohmytuft.com\/es\/aviso-legal\/","og_site_name":"Ohmytuft.com","article_modified_time":"2023-04-13T14:33:15+00:00","twitter_card":"summary_large_image","twitter_misc":{"Tiempo de lectura":"8 minutos"},"schema":{"@context":"https:\/\/schema.org","@graph":[{"@type":"WebPage","@id":"https:\/\/ohmytuft.com\/es\/aviso-legal\/","url":"https:\/\/ohmytuft.com\/es\/aviso-legal\/","name":"Aviso legal - Ohmytuft.com","isPartOf":{"@id":"https:\/\/ohmytuft.com\/es\/#website"},"datePublished":"2023-04-13T14:24:12+00:00","dateModified":"2023-04-13T14:33:15+00:00","breadcrumb":{"@id":"https:\/\/ohmytuft.com\/es\/aviso-legal\/#breadcrumb"},"inLanguage":"es","potentialAction":[{"@type":"ReadAction","target":["https:\/\/ohmytuft.com\/es\/aviso-legal\/"]}]},{"@type":"BreadcrumbList","@id":"https:\/\/ohmytuft.com\/es\/aviso-legal\/#breadcrumb","itemListElement":[{"@type":"ListItem","position":1,"name":"Home","item":"https:\/\/ohmytuft.com\/es\/"},{"@type":"ListItem","position":2,"name":"Aviso legal"}]},{"@type":"WebSite","@id":"https:\/\/ohmytuft.com\/es\/#website","url":"https:\/\/ohmytuft.com\/es\/","name":"Oh my tuft","description":"Oh my tuft","publisher":{"@id":"https:\/\/ohmytuft.com\/es\/#organization"},"potentialAction":[{"@type":"SearchAction","target":{"@type":"EntryPoint","urlTemplate":"https:\/\/ohmytuft.com\/es\/?s={search_term_string}"},"query-input":{"@type":"PropertyValueSpecification","valueRequired":true,"valueName":"search_term_string"}}],"inLanguage":"es"},{"@type":"Organization","@id":"https:\/\/ohmytuft.com\/es\/#organization","name":"Oh my tuft","url":"https:\/\/ohmytuft.com\/es\/","logo":{"@type":"ImageObject","inLanguage":"es","@id":"https:\/\/ohmytuft.com\/es\/#\/schema\/logo\/image\/","url":"https:\/\/ohmytuft.com\/wp-content\/uploads\/2021\/02\/WEB-20.png","contentUrl":"https:\/\/ohmytuft.com\/wp-content\/uploads\/2021\/02\/WEB-20.png","width":2085,"height":764,"caption":"Oh my tuft"},"image":{"@id":"https:\/\/ohmytuft.com\/es\/#\/schema\/logo\/image\/"},"sameAs":["https:\/\/www.instagram.com\/tuftinggunsupplies\/","https:\/\/www.tiktok.com\/@tuftinggun"]}]}},"_links":{"self":[{"href":"https:\/\/ohmytuft.com\/es\/wp-json\/wp\/v2\/pages\/3339","targetHints":{"allow":["GET"]}}],"collection":[{"href":"https:\/\/ohmytuft.com\/es\/wp-json\/wp\/v2\/pages"}],"about":[{"href":"https:\/\/ohmytuft.com\/es\/wp-json\/wp\/v2\/types\/page"}],"author":[{"embeddable":true,"href":"https:\/\/ohmytuft.com\/es\/wp-json\/wp\/v2\/users\/3"}],"replies":[{"embeddable":true,"href":"https:\/\/ohmytuft.com\/es\/wp-json\/wp\/v2\/comments?post=3339"}],"version-history":[{"count":0,"href":"https:\/\/ohmytuft.com\/es\/wp-json\/wp\/v2\/pages\/3339\/revisions"}],"wp:attachment":[{"href":"https:\/\/ohmytuft.com\/es\/wp-json\/wp\/v2\/media?parent=3339"}],"curies":[{"name":"wp","href":"https:\/\/api.w.org\/{rel}","templated":true}]}}