{"id":3343,"date":"2023-04-03T14:25:43","date_gmt":"2023-04-03T14:25:43","guid":{"rendered":"https:\/\/ohmytuft.com\/programa-de-afiliados\/"},"modified":"2023-04-16T11:15:42","modified_gmt":"2023-04-16T11:15:42","slug":"programa-de-afiliados","status":"publish","type":"page","link":"https:\/\/ohmytuft.com\/es\/programa-de-afiliados\/","title":{"rendered":"Programa de afiliados"},"content":{"rendered":"\n<p>\u00a1Convi\u00e9rtete en afiliado!<\/p>\n\n<p>\u00danete al programa de afiliaci\u00f3n de <strong>Ohmytuft.com<\/strong> y gana un 10% por cada venta que nos traigas. Vende nuestras <strong><a href=\"https:\/\/ohmytuft.com\/es\/comprar\/pistolas\/\">pistolas tufting<\/a><\/strong>, <strong><a href=\"https:\/\/ohmytuft.com\/es\/comprar\/hilos\/\">hilo<\/a><\/strong>, <strong><a href=\"https:\/\/ohmytuft.com\/es\/comprar\/tela\/\">telas<\/a><\/strong> y todos nuestros productos sin invertir dinero.<\/p>\n\n<h3 class=\"wp-block-heading\">\u00bfPor qu\u00e9 trabajar con nosotros?<\/h3>\n\n<ul class=\"wp-block-list\">\n<li>15% de comisi\u00f3n por cada venta<\/li>\n\n\n\n<li>Cookie de 30 d\u00edas<\/li>\n\n\n\n<li>Pagos mensuales por PayPal (m\u00ednimo de 50 euros)<\/li>\n\n\n\n<li>Soporte r\u00e1pido y en persona<\/li>\n<\/ul>\n\n<p>Contacta con nosotros y pregunta cualquier duda <strong><a href=\"https:\/\/ohmytuft.com\/es\/contacto\/\">aqu\u00ed<\/a><\/strong>.<\/p>\n\n","protected":false},"excerpt":{"rendered":"<p>\u00a1Convi\u00e9rtete en afiliado! \u00danete al programa de afiliaci\u00f3n de Ohmytuft.com y gana un 10% por cada venta que nos traigas. Vende nuestras pistolas tufting, hilo, telas y todos nuestros productos sin invertir dinero. \u00bfPor qu\u00e9 trabajar con nosotros? Contacta con nosotros y pregunta cualquier duda aqu\u00ed.<\/p>\n","protected":false},"author":3,"featured_media":0,"parent":0,"menu_order":0,"comment_status":"closed","ping_status":"closed","template":"","meta":{"_joinchat":[],"footnotes":""},"class_list":["post-3343","page","type-page","status-publish","hentry"],"yoast_head":"<!-- This site is optimized with the Yoast SEO plugin v27.2 - https:\/\/yoast.com\/product\/yoast-seo-wordpress\/ -->\n<title>Programa de afiliaci\u00f3n de tufting - Ohmytuft.com<\/title>\n<meta name=\"robots\" content=\"index, follow, max-snippet:-1, max-image-preview:large, max-video-preview:-1\" \/>\n<link rel=\"canonical\" href=\"https:\/\/ohmytuft.com\/es\/programa-de-afiliados\/\" \/>\n<meta property=\"og:locale\" content=\"es_ES\" \/>\n<meta property=\"og:type\" content=\"article\" \/>\n<meta property=\"og:title\" content=\"Programa de afiliaci\u00f3n de tufting - Ohmytuft.com\" \/>\n<meta property=\"og:description\" content=\"\u00a1Convi\u00e9rtete en afiliado! \u00danete al programa de afiliaci\u00f3n de Ohmytuft.com y gana un 10% por cada venta que nos traigas. Vende nuestras pistolas tufting, hilo, telas y todos nuestros productos sin invertir dinero. \u00bfPor qu\u00e9 trabajar con nosotros? Contacta con nosotros y pregunta cualquier duda aqu\u00ed.\" \/>\n<meta property=\"og:url\" content=\"https:\/\/ohmytuft.com\/es\/programa-de-afiliados\/\" \/>\n<meta property=\"og:site_name\" content=\"Ohmytuft.com\" \/>\n<meta property=\"article:modified_time\" content=\"2023-04-16T11:15:42+00:00\" \/>\n<meta name=\"twitter:card\" content=\"summary_large_image\" \/>\n<script type=\"application\/ld+json\" class=\"yoast-schema-graph\">{\"@context\":\"https:\/\/schema.org\",\"@graph\":[{\"@type\":\"WebPage\",\"@id\":\"https:\/\/ohmytuft.com\/es\/programa-de-afiliados\/\",\"url\":\"https:\/\/ohmytuft.com\/es\/programa-de-afiliados\/\",\"name\":\"Programa de afiliaci\u00f3n de tufting - Ohmytuft.com\",\"isPartOf\":{\"@id\":\"https:\/\/ohmytuft.com\/es\/#website\"},\"datePublished\":\"2023-04-03T14:25:43+00:00\",\"dateModified\":\"2023-04-16T11:15:42+00:00\",\"breadcrumb\":{\"@id\":\"https:\/\/ohmytuft.com\/es\/programa-de-afiliados\/#breadcrumb\"},\"inLanguage\":\"es\",\"potentialAction\":[{\"@type\":\"ReadAction\",\"target\":[\"https:\/\/ohmytuft.com\/es\/programa-de-afiliados\/\"]}]},{\"@type\":\"BreadcrumbList\",\"@id\":\"https:\/\/ohmytuft.com\/es\/programa-de-afiliados\/#breadcrumb\",\"itemListElement\":[{\"@type\":\"ListItem\",\"position\":1,\"name\":\"Home\",\"item\":\"https:\/\/ohmytuft.com\/es\/\"},{\"@type\":\"ListItem\",\"position\":2,\"name\":\"Programa de afiliados\"}]},{\"@type\":\"WebSite\",\"@id\":\"https:\/\/ohmytuft.com\/es\/#website\",\"url\":\"https:\/\/ohmytuft.com\/es\/\",\"name\":\"Oh my tuft\",\"description\":\"Oh my tuft\",\"publisher\":{\"@id\":\"https:\/\/ohmytuft.com\/es\/#organization\"},\"potentialAction\":[{\"@type\":\"SearchAction\",\"target\":{\"@type\":\"EntryPoint\",\"urlTemplate\":\"https:\/\/ohmytuft.com\/es\/?s={search_term_string}\"},\"query-input\":{\"@type\":\"PropertyValueSpecification\",\"valueRequired\":true,\"valueName\":\"search_term_string\"}}],\"inLanguage\":\"es\"},{\"@type\":\"Organization\",\"@id\":\"https:\/\/ohmytuft.com\/es\/#organization\",\"name\":\"Oh my tuft\",\"url\":\"https:\/\/ohmytuft.com\/es\/\",\"logo\":{\"@type\":\"ImageObject\",\"inLanguage\":\"es\",\"@id\":\"https:\/\/ohmytuft.com\/es\/#\/schema\/logo\/image\/\",\"url\":\"https:\/\/ohmytuft.com\/wp-content\/uploads\/2021\/02\/WEB-20.png\",\"contentUrl\":\"https:\/\/ohmytuft.com\/wp-content\/uploads\/2021\/02\/WEB-20.png\",\"width\":2085,\"height\":764,\"caption\":\"Oh my tuft\"},\"image\":{\"@id\":\"https:\/\/ohmytuft.com\/es\/#\/schema\/logo\/image\/\"},\"sameAs\":[\"https:\/\/www.instagram.com\/tuftinggunsupplies\/\",\"https:\/\/www.tiktok.com\/@tuftinggun\"]}]}<\/script>\n<!-- \/ Yoast SEO plugin. -->","yoast_head_json":{"title":"Programa de afiliaci\u00f3n de tufting - Ohmytuft.com","robots":{"index":"index","follow":"follow","max-snippet":"max-snippet:-1","max-image-preview":"max-image-preview:large","max-video-preview":"max-video-preview:-1"},"canonical":"https:\/\/ohmytuft.com\/es\/programa-de-afiliados\/","og_locale":"es_ES","og_type":"article","og_title":"Programa de afiliaci\u00f3n de tufting - Ohmytuft.com","og_description":"\u00a1Convi\u00e9rtete en afiliado! \u00danete al programa de afiliaci\u00f3n de Ohmytuft.com y gana un 10% por cada venta que nos traigas. Vende nuestras pistolas tufting, hilo, telas y todos nuestros productos sin invertir dinero. \u00bfPor qu\u00e9 trabajar con nosotros? Contacta con nosotros y pregunta cualquier duda aqu\u00ed.","og_url":"https:\/\/ohmytuft.com\/es\/programa-de-afiliados\/","og_site_name":"Ohmytuft.com","article_modified_time":"2023-04-16T11:15:42+00:00","twitter_card":"summary_large_image","schema":{"@context":"https:\/\/schema.org","@graph":[{"@type":"WebPage","@id":"https:\/\/ohmytuft.com\/es\/programa-de-afiliados\/","url":"https:\/\/ohmytuft.com\/es\/programa-de-afiliados\/","name":"Programa de afiliaci\u00f3n de tufting - Ohmytuft.com","isPartOf":{"@id":"https:\/\/ohmytuft.com\/es\/#website"},"datePublished":"2023-04-03T14:25:43+00:00","dateModified":"2023-04-16T11:15:42+00:00","breadcrumb":{"@id":"https:\/\/ohmytuft.com\/es\/programa-de-afiliados\/#breadcrumb"},"inLanguage":"es","potentialAction":[{"@type":"ReadAction","target":["https:\/\/ohmytuft.com\/es\/programa-de-afiliados\/"]}]},{"@type":"BreadcrumbList","@id":"https:\/\/ohmytuft.com\/es\/programa-de-afiliados\/#breadcrumb","itemListElement":[{"@type":"ListItem","position":1,"name":"Home","item":"https:\/\/ohmytuft.com\/es\/"},{"@type":"ListItem","position":2,"name":"Programa de afiliados"}]},{"@type":"WebSite","@id":"https:\/\/ohmytuft.com\/es\/#website","url":"https:\/\/ohmytuft.com\/es\/","name":"Oh my tuft","description":"Oh my tuft","publisher":{"@id":"https:\/\/ohmytuft.com\/es\/#organization"},"potentialAction":[{"@type":"SearchAction","target":{"@type":"EntryPoint","urlTemplate":"https:\/\/ohmytuft.com\/es\/?s={search_term_string}"},"query-input":{"@type":"PropertyValueSpecification","valueRequired":true,"valueName":"search_term_string"}}],"inLanguage":"es"},{"@type":"Organization","@id":"https:\/\/ohmytuft.com\/es\/#organization","name":"Oh my tuft","url":"https:\/\/ohmytuft.com\/es\/","logo":{"@type":"ImageObject","inLanguage":"es","@id":"https:\/\/ohmytuft.com\/es\/#\/schema\/logo\/image\/","url":"https:\/\/ohmytuft.com\/wp-content\/uploads\/2021\/02\/WEB-20.png","contentUrl":"https:\/\/ohmytuft.com\/wp-content\/uploads\/2021\/02\/WEB-20.png","width":2085,"height":764,"caption":"Oh my tuft"},"image":{"@id":"https:\/\/ohmytuft.com\/es\/#\/schema\/logo\/image\/"},"sameAs":["https:\/\/www.instagram.com\/tuftinggunsupplies\/","https:\/\/www.tiktok.com\/@tuftinggun"]}]}},"_links":{"self":[{"href":"https:\/\/ohmytuft.com\/es\/wp-json\/wp\/v2\/pages\/3343","targetHints":{"allow":["GET"]}}],"collection":[{"href":"https:\/\/ohmytuft.com\/es\/wp-json\/wp\/v2\/pages"}],"about":[{"href":"https:\/\/ohmytuft.com\/es\/wp-json\/wp\/v2\/types\/page"}],"author":[{"embeddable":true,"href":"https:\/\/ohmytuft.com\/es\/wp-json\/wp\/v2\/users\/3"}],"replies":[{"embeddable":true,"href":"https:\/\/ohmytuft.com\/es\/wp-json\/wp\/v2\/comments?post=3343"}],"version-history":[{"count":0,"href":"https:\/\/ohmytuft.com\/es\/wp-json\/wp\/v2\/pages\/3343\/revisions"}],"wp:attachment":[{"href":"https:\/\/ohmytuft.com\/es\/wp-json\/wp\/v2\/media?parent=3343"}],"curies":[{"name":"wp","href":"https:\/\/api.w.org\/{rel}","templated":true}]}}