{"id":870,"date":"2021-02-28T21:01:54","date_gmt":"2021-02-28T21:01:54","guid":{"rendered":"https:\/\/tuftinggunsupplies.com\/terminos-y-condiciones\/"},"modified":"2024-05-25T10:40:42","modified_gmt":"2024-05-25T10:40:42","slug":"terminos-y-condiciones","status":"publish","type":"page","link":"https:\/\/ohmytuft.com\/es\/terminos-y-condiciones\/","title":{"rendered":"T\u00e9rminos y condiciones"},"content":{"rendered":"\n<h3 class=\"wp-block-heading\">Pa\u00edses a los que enviamos<\/h3>\n\n<p>Enviamos nuestros productos desde Espa\u00f1a a toda la Uni\u00f3n Europea, que incluye los siguientes pa\u00edses:<\/p>\n\n<p>Alemania, Austria, B\u00e9lgica, Bulgaria, Croacia, Dinamarca, Eslovaquia, Eslovenia, Espa\u00f1a, Estonia, Finlandia, Francia, Grecia, Hungr\u00eda, Irlanda, Italia, Letonia, Lituania, Luxemburgo, Malta, Pa\u00edses Bajos, Polonia, Portugal, Rep\u00fablica Checa, Rep\u00fablica de Chipre, Ruman\u00eda y Suecia.<\/p>\n\n<ul class=\"wp-block-list\">\n<li>Espa\u00f1a y Portugal: 24-48 horas laborables<\/li>\n\n\n\n<li>Resto de pa\u00edses: 2-4 d\u00edas laborables<\/li>\n<\/ul>\n\n<h3 class=\"wp-block-heading\">Costes de env\u00edo<\/h3>\n\n<p>Los gastos de env\u00edo se calcular\u00e1n en funci\u00f3n de tus preferencias en cuanto al plazo de entrega, el volumen del pedido y el pa\u00eds de entrega. <\/p>\n\n<p>A\u00f1ade los productos al carrito y elige tus preferencias. Los costes de env\u00edo se calculan autom\u00e1ticamente.<\/p>\n\n<h3 class=\"wp-block-heading\">Env\u00edo gratuito<\/h3>\n\n<p>Ofrecemos env\u00edo gratuito en Espa\u00f1a y en Portugal para pedidos superiores a 100\u20ac<\/p>\n\n<h3 class=\"wp-block-heading\">Pol\u00edtica de devoluciones<\/h3>\n\n<p>Las devoluciones se efectuar\u00e1n en un plazo de 14 d\u00edas a partir de la recepci\u00f3n del paquete. Los gastos de devoluci\u00f3n correr\u00e1n a cargo del comprador. <\/p>\n\n<p>Los paquetes no reclamados ser\u00e1n reenviados a cargo del comprador.<\/p>\n\n<p>El producto devuelto debe conservar su caja original y sin uso.<\/p>\n\n<h3 class=\"wp-block-heading\">\u00bfC\u00f3mo devolver un producto?<\/h3>\n\n<p>Ponte en contacto con nosotros con tu n\u00famero de pedido para solicitar una devoluci\u00f3n: <a href=\"https:\/\/ohmytuft.com\/es\/contacto\/\">https:\/\/ohmytuft.com\/contact\/<\/a><\/p>\n\n<p>Los art\u00edculos deben embalarse con mucho cuidado para evitar que sufran da\u00f1os durante el transporte. Especialmente las pistolas tufting. <\/p>\n\n<p>Debes proporcionar un n\u00famero de seguimiento, el reembolso del dinero se har\u00e1 tan pronto como el paquete llegue a nuestro almac\u00e9n.<\/p>\n\n<h3 class=\"wp-block-heading\">Pagos<\/h3>\n\n<p>Puedes pagar con PayPal o con tarjeta.<\/p>\n\n<h3 class=\"wp-block-heading\">Contacto<\/h3>\n\n<p>Avda. Felipe IV n1 6c<\/p>\n\n<p>Donostia, 20011 (Espa\u00f1a)<\/p>\n\n<p>info@tuftunggunsupplies.com<\/p>\n\n<p>675 988 433<\/p>\n","protected":false},"excerpt":{"rendered":"<p>Pa\u00edses a los que enviamos Enviamos nuestros productos desde Espa\u00f1a a toda la Uni\u00f3n Europea, que incluye los siguientes pa\u00edses: Alemania, Austria, B\u00e9lgica, Bulgaria, Croacia, Dinamarca, Eslovaquia, Eslovenia, Espa\u00f1a, Estonia, Finlandia, Francia, Grecia, Hungr\u00eda, Irlanda, Italia, Letonia, Lituania, Luxemburgo, Malta, Pa\u00edses Bajos, Polonia, Portugal, Rep\u00fablica Checa, Rep\u00fablica de Chipre, Ruman\u00eda y Suecia. Costes de env\u00edo [&hellip;]<\/p>\n","protected":false},"author":3,"featured_media":0,"parent":0,"menu_order":0,"comment_status":"closed","ping_status":"closed","template":"","meta":{"_joinchat":[],"footnotes":""},"class_list":["post-870","page","type-page","status-publish","hentry"],"yoast_head":"<!-- This site is optimized with the Yoast SEO plugin v27.2 - https:\/\/yoast.com\/product\/yoast-seo-wordpress\/ -->\n<title>T\u00e9rminos y condiciones - Ohmytuft.com<\/title>\n<meta name=\"robots\" content=\"noindex, follow\" \/>\n<meta property=\"og:locale\" content=\"es_ES\" \/>\n<meta property=\"og:type\" content=\"article\" \/>\n<meta property=\"og:title\" content=\"T\u00e9rminos y condiciones - Ohmytuft.com\" \/>\n<meta property=\"og:description\" content=\"Pa\u00edses a los que enviamos Enviamos nuestros productos desde Espa\u00f1a a toda la Uni\u00f3n Europea, que incluye los siguientes pa\u00edses: Alemania, Austria, B\u00e9lgica, Bulgaria, Croacia, Dinamarca, Eslovaquia, Eslovenia, Espa\u00f1a, Estonia, Finlandia, Francia, Grecia, Hungr\u00eda, Irlanda, Italia, Letonia, Lituania, Luxemburgo, Malta, Pa\u00edses Bajos, Polonia, Portugal, Rep\u00fablica Checa, Rep\u00fablica de Chipre, Ruman\u00eda y Suecia. Costes de env\u00edo [&hellip;]\" \/>\n<meta property=\"og:url\" content=\"https:\/\/ohmytuft.com\/es\/terminos-y-condiciones\/\" \/>\n<meta property=\"og:site_name\" content=\"Ohmytuft.com\" \/>\n<meta property=\"article:modified_time\" content=\"2024-05-25T10:40:42+00:00\" \/>\n<meta name=\"twitter:card\" content=\"summary_large_image\" \/>\n<meta name=\"twitter:label1\" content=\"Tiempo de lectura\" \/>\n\t<meta name=\"twitter:data1\" content=\"1 minuto\" \/>\n<script type=\"application\/ld+json\" class=\"yoast-schema-graph\">{\"@context\":\"https:\/\/schema.org\",\"@graph\":[{\"@type\":\"WebPage\",\"@id\":\"https:\/\/ohmytuft.com\/es\/terminos-y-condiciones\/\",\"url\":\"https:\/\/ohmytuft.com\/es\/terminos-y-condiciones\/\",\"name\":\"T\u00e9rminos y condiciones - Ohmytuft.com\",\"isPartOf\":{\"@id\":\"https:\/\/ohmytuft.com\/es\/#website\"},\"datePublished\":\"2021-02-28T21:01:54+00:00\",\"dateModified\":\"2024-05-25T10:40:42+00:00\",\"breadcrumb\":{\"@id\":\"https:\/\/ohmytuft.com\/es\/terminos-y-condiciones\/#breadcrumb\"},\"inLanguage\":\"es\",\"potentialAction\":[{\"@type\":\"ReadAction\",\"target\":[\"https:\/\/ohmytuft.com\/es\/terminos-y-condiciones\/\"]}]},{\"@type\":\"BreadcrumbList\",\"@id\":\"https:\/\/ohmytuft.com\/es\/terminos-y-condiciones\/#breadcrumb\",\"itemListElement\":[{\"@type\":\"ListItem\",\"position\":1,\"name\":\"Home\",\"item\":\"https:\/\/ohmytuft.com\/es\/\"},{\"@type\":\"ListItem\",\"position\":2,\"name\":\"T\u00e9rminos y condiciones\"}]},{\"@type\":\"WebSite\",\"@id\":\"https:\/\/ohmytuft.com\/es\/#website\",\"url\":\"https:\/\/ohmytuft.com\/es\/\",\"name\":\"Oh my tuft\",\"description\":\"Oh my tuft\",\"publisher\":{\"@id\":\"https:\/\/ohmytuft.com\/es\/#organization\"},\"potentialAction\":[{\"@type\":\"SearchAction\",\"target\":{\"@type\":\"EntryPoint\",\"urlTemplate\":\"https:\/\/ohmytuft.com\/es\/?s={search_term_string}\"},\"query-input\":{\"@type\":\"PropertyValueSpecification\",\"valueRequired\":true,\"valueName\":\"search_term_string\"}}],\"inLanguage\":\"es\"},{\"@type\":\"Organization\",\"@id\":\"https:\/\/ohmytuft.com\/es\/#organization\",\"name\":\"Oh my tuft\",\"url\":\"https:\/\/ohmytuft.com\/es\/\",\"logo\":{\"@type\":\"ImageObject\",\"inLanguage\":\"es\",\"@id\":\"https:\/\/ohmytuft.com\/es\/#\/schema\/logo\/image\/\",\"url\":\"https:\/\/ohmytuft.com\/wp-content\/uploads\/2021\/02\/WEB-20.png\",\"contentUrl\":\"https:\/\/ohmytuft.com\/wp-content\/uploads\/2021\/02\/WEB-20.png\",\"width\":2085,\"height\":764,\"caption\":\"Oh my tuft\"},\"image\":{\"@id\":\"https:\/\/ohmytuft.com\/es\/#\/schema\/logo\/image\/\"},\"sameAs\":[\"https:\/\/www.instagram.com\/tuftinggunsupplies\/\",\"https:\/\/www.tiktok.com\/@tuftinggun\"]}]}<\/script>\n<!-- \/ Yoast SEO plugin. -->","yoast_head_json":{"title":"T\u00e9rminos y condiciones - Ohmytuft.com","robots":{"index":"noindex","follow":"follow"},"og_locale":"es_ES","og_type":"article","og_title":"T\u00e9rminos y condiciones - Ohmytuft.com","og_description":"Pa\u00edses a los que enviamos Enviamos nuestros productos desde Espa\u00f1a a toda la Uni\u00f3n Europea, que incluye los siguientes pa\u00edses: Alemania, Austria, B\u00e9lgica, Bulgaria, Croacia, Dinamarca, Eslovaquia, Eslovenia, Espa\u00f1a, Estonia, Finlandia, Francia, Grecia, Hungr\u00eda, Irlanda, Italia, Letonia, Lituania, Luxemburgo, Malta, Pa\u00edses Bajos, Polonia, Portugal, Rep\u00fablica Checa, Rep\u00fablica de Chipre, Ruman\u00eda y Suecia. Costes de env\u00edo [&hellip;]","og_url":"https:\/\/ohmytuft.com\/es\/terminos-y-condiciones\/","og_site_name":"Ohmytuft.com","article_modified_time":"2024-05-25T10:40:42+00:00","twitter_card":"summary_large_image","twitter_misc":{"Tiempo de lectura":"1 minuto"},"schema":{"@context":"https:\/\/schema.org","@graph":[{"@type":"WebPage","@id":"https:\/\/ohmytuft.com\/es\/terminos-y-condiciones\/","url":"https:\/\/ohmytuft.com\/es\/terminos-y-condiciones\/","name":"T\u00e9rminos y condiciones - Ohmytuft.com","isPartOf":{"@id":"https:\/\/ohmytuft.com\/es\/#website"},"datePublished":"2021-02-28T21:01:54+00:00","dateModified":"2024-05-25T10:40:42+00:00","breadcrumb":{"@id":"https:\/\/ohmytuft.com\/es\/terminos-y-condiciones\/#breadcrumb"},"inLanguage":"es","potentialAction":[{"@type":"ReadAction","target":["https:\/\/ohmytuft.com\/es\/terminos-y-condiciones\/"]}]},{"@type":"BreadcrumbList","@id":"https:\/\/ohmytuft.com\/es\/terminos-y-condiciones\/#breadcrumb","itemListElement":[{"@type":"ListItem","position":1,"name":"Home","item":"https:\/\/ohmytuft.com\/es\/"},{"@type":"ListItem","position":2,"name":"T\u00e9rminos y condiciones"}]},{"@type":"WebSite","@id":"https:\/\/ohmytuft.com\/es\/#website","url":"https:\/\/ohmytuft.com\/es\/","name":"Oh my tuft","description":"Oh my tuft","publisher":{"@id":"https:\/\/ohmytuft.com\/es\/#organization"},"potentialAction":[{"@type":"SearchAction","target":{"@type":"EntryPoint","urlTemplate":"https:\/\/ohmytuft.com\/es\/?s={search_term_string}"},"query-input":{"@type":"PropertyValueSpecification","valueRequired":true,"valueName":"search_term_string"}}],"inLanguage":"es"},{"@type":"Organization","@id":"https:\/\/ohmytuft.com\/es\/#organization","name":"Oh my tuft","url":"https:\/\/ohmytuft.com\/es\/","logo":{"@type":"ImageObject","inLanguage":"es","@id":"https:\/\/ohmytuft.com\/es\/#\/schema\/logo\/image\/","url":"https:\/\/ohmytuft.com\/wp-content\/uploads\/2021\/02\/WEB-20.png","contentUrl":"https:\/\/ohmytuft.com\/wp-content\/uploads\/2021\/02\/WEB-20.png","width":2085,"height":764,"caption":"Oh my tuft"},"image":{"@id":"https:\/\/ohmytuft.com\/es\/#\/schema\/logo\/image\/"},"sameAs":["https:\/\/www.instagram.com\/tuftinggunsupplies\/","https:\/\/www.tiktok.com\/@tuftinggun"]}]}},"_links":{"self":[{"href":"https:\/\/ohmytuft.com\/es\/wp-json\/wp\/v2\/pages\/870","targetHints":{"allow":["GET"]}}],"collection":[{"href":"https:\/\/ohmytuft.com\/es\/wp-json\/wp\/v2\/pages"}],"about":[{"href":"https:\/\/ohmytuft.com\/es\/wp-json\/wp\/v2\/types\/page"}],"author":[{"embeddable":true,"href":"https:\/\/ohmytuft.com\/es\/wp-json\/wp\/v2\/users\/3"}],"replies":[{"embeddable":true,"href":"https:\/\/ohmytuft.com\/es\/wp-json\/wp\/v2\/comments?post=870"}],"version-history":[{"count":0,"href":"https:\/\/ohmytuft.com\/es\/wp-json\/wp\/v2\/pages\/870\/revisions"}],"wp:attachment":[{"href":"https:\/\/ohmytuft.com\/es\/wp-json\/wp\/v2\/media?parent=870"}],"curies":[{"name":"wp","href":"https:\/\/api.w.org\/{rel}","templated":true}]}}