{"id":872,"date":"2020-10-08T16:26:21","date_gmt":"2020-10-08T16:26:21","guid":{"rendered":"https:\/\/tuftinggunsupplies.com\/cookies\/"},"modified":"2023-03-08T18:17:13","modified_gmt":"2023-03-08T18:17:13","slug":"cookies","status":"publish","type":"page","link":"https:\/\/ohmytuft.com\/es\/cookies\/","title":{"rendered":"Cookies"},"content":{"rendered":"\n<p>Esta es la pol\u00edtica de cookies para Tufting Gun Supplies: https:\/\/ohmytuft.com<\/p>\n\n<p><strong>\u00bfQu\u00e9 son las cookies?<\/strong><\/p>\n\n<p>Como es pr\u00e1ctica habitual en casi todos los sitios web profesionales, este sitio utiliza cookies, que son peque\u00f1os archivos que se descargan en su ordenador para mejorar su experiencia. Esta p\u00e1gina describe qu\u00e9 informaci\u00f3n recopilan, c\u00f3mo la utilizamos y por qu\u00e9 a veces necesitamos almacenar estas cookies. Tambi\u00e9n le explicaremos c\u00f3mo puede evitar que se almacenen estas cookies, aunque esto puede degradar o \u00abromper\u00bb ciertos elementos de la funcionalidad de los sitios.<\/p>\n\n<p>Para informaci\u00f3n general sobre cookies, por favor revisa <a href=\"https:\/\/www.cookieconsent.com\/what-are-cookies\/\">\u00abQu\u00e9 son las cookies\u00bb<\/a>. <\/p>\n\n<p><strong>\u00bfC\u00f3mo usamos las cookies?<\/strong><\/p>\n\n<p>Usamos cookies por diferentes razones. Lamentablemente, en la mayor\u00eda de los casos no existen opciones est\u00e1ndar para desactivar las cookies sin desactivar por completo la funcionalidad y las caracter\u00edsticas que a\u00f1aden a este sitio. Se recomienda dejar activadas todas las cookies si no est\u00e1 seguro de si las necesita o no en caso de que se utilicen para prestar un servicio que usted utilice.<\/p>\n\n<p><strong>Deshabilitar cookies<\/strong><\/p>\n\n<p>Puede evitar la instalaci\u00f3n de cookies ajustando la configuraci\u00f3n de su navegador (consulte la Ayuda de su navegador para saber c\u00f3mo hacerlo). Desactivar las cookies puede afectar al funcionamiento de esta y otras webs. La desactivaci\u00f3n de las cookies suele conllevar la desactivaci\u00f3n de determinadas funciones y caracter\u00edsticas de este sitio. Por lo tanto, se recomienda no desactivar las cookies.<\/p>\n\n<p><strong>Cookies que usamos<\/strong><\/p>\n\n<ul class=\"wp-block-list\"><li>Cookies relacionadas con la cuenta Si crea una cuenta con nosotros, utilizaremos cookies para la gesti\u00f3n del proceso de registro y la administraci\u00f3n general. Por lo general, estas cookies se eliminan al cerrar la sesi\u00f3n, aunque en algunos casos pueden permanecer despu\u00e9s para recordar sus preferencias del sitio cuando cierra la sesi\u00f3n.<\/li><li>Cookies relacionadas con el inicio de sesi\u00f3n Utilizamos cookies cuando ha iniciado sesi\u00f3n para poder recordar este hecho. Esto evita que tenga que iniciar sesi\u00f3n cada vez que visita una nueva p\u00e1gina. Estas cookies suelen eliminarse o borrarse al cerrar la sesi\u00f3n para garantizar que s\u00f3lo pueda acceder a las funciones y \u00e1reas restringidas cuando haya iniciado sesi\u00f3n.<\/li><li>Cookies relacionadas con boletines por correo electr\u00f3nico Este sitio ofrece servicios de bolet\u00edn o suscripci\u00f3n por correo electr\u00f3nico y las cookies pueden utilizarse para recordar si usted ya est\u00e1 registrado y si mostrar ciertas notificaciones que s\u00f3lo podr\u00edan ser v\u00e1lidas para usuarios suscritos\/no suscritos.<\/li><li>Cookies relacionadas con el procesamiento de pedidos Este sitio ofrece servicios de comercio electr\u00f3nico o de pago y algunas cookies son esenciales para garantizar que su pedido se recuerde entre las p\u00e1ginas para que podamos procesarlo correctamente.<\/li><li>Cookies relacionadas con formularios Cuando usted env\u00eda datos a trav\u00e9s de un formulario, como los que se encuentran en las p\u00e1ginas de contacto o en los formularios de comentarios, pueden establecerse cookies para recordar sus datos de usuario para la correspondencia futura.<\/li><\/ul>\n\n<p><strong>Cookies de terceros<\/strong><\/p>\n\n<p>En algunos casos especiales tambi\u00e9n utilizamos cookies proporcionadas por terceros de confianza. En la siguiente secci\u00f3n se detalla qu\u00e9 cookies de terceros puede encontrar a trav\u00e9s de este sitio.<\/p>\n\n<ul class=\"wp-block-list\"><li>Este sitio utiliza Google Analytics, una de las soluciones anal\u00edticas m\u00e1s extendidas y fiables de la web, para ayudarnos a comprender c\u00f3mo utiliza usted el sitio y c\u00f3mo podemos mejorar su experiencia. Estas cookies pueden rastrear cosas como el tiempo que pasa en el sitio y las p\u00e1ginas que visita para que podamos seguir produciendo contenido atractivo. Para m\u00e1s informaci\u00f3n sobre las cookies de Google Analytics, consulte la p\u00e1gina oficial de Google Analytics.<\/li><li>Tambi\u00e9n utilizamos botones y\/o plugins de redes sociales en este sitio que le permiten conectarse con su red social de diversas maneras. Para que estos funcionen los siguientes sitios de medios sociales, incluyendo: Instagram, Tik Tok, Youtube, establecer\u00e1n cookies a trav\u00e9s de nuestro sitio que pueden ser utilizadas para mejorar su perfil en su sitio o contribuir a los datos que poseen para diversos fines descritos en sus respectivas pol\u00edticas de privacidad.<\/li><\/ul>\n\n<p><strong>M\u00e1s informaci\u00f3n<\/strong><\/p>\n\n<p>Esperamos que esto le haya aclarado las cosas y, como se mencion\u00f3 anteriormente, si hay algo que no est\u00e1 seguro de si necesita o no, normalmente es m\u00e1s seguro dejar las cookies activadas en caso de que interact\u00faen con alguna de las funciones que utiliza en nuestro sitio.<\/p>\n\n<p>No obstante, si sigue buscando m\u00e1s informaci\u00f3n, puede ponerse en contacto con nosotros a trav\u00e9s de uno de nuestros m\u00e9todos de contacto preferidos:<\/p>\n\n<ul class=\"wp-block-list\"><li>Visitando este link: https:\/\/ohmytuft.com\/contact\/<\/li><\/ul>\n","protected":false},"excerpt":{"rendered":"<p>Esta es la pol\u00edtica de cookies para Tufting Gun Supplies: https:\/\/ohmytuft.com \u00bfQu\u00e9 son las cookies? Como es pr\u00e1ctica habitual en casi todos los sitios web profesionales, este sitio utiliza cookies, que son peque\u00f1os archivos que se descargan en su ordenador para mejorar su experiencia. Esta p\u00e1gina describe qu\u00e9 informaci\u00f3n recopilan, c\u00f3mo la utilizamos y por [&hellip;]<\/p>\n","protected":false},"author":3,"featured_media":0,"parent":0,"menu_order":0,"comment_status":"closed","ping_status":"closed","template":"","meta":{"_joinchat":[],"footnotes":""},"class_list":["post-872","page","type-page","status-publish","hentry"],"yoast_head":"<!-- This site is optimized with the Yoast SEO plugin v27.2 - https:\/\/yoast.com\/product\/yoast-seo-wordpress\/ -->\n<title>Cookies - Ohmytuft.com<\/title>\n<meta name=\"robots\" content=\"noindex, follow\" \/>\n<meta property=\"og:locale\" content=\"es_ES\" \/>\n<meta property=\"og:type\" content=\"article\" \/>\n<meta property=\"og:title\" content=\"Cookies - Ohmytuft.com\" \/>\n<meta property=\"og:description\" content=\"Esta es la pol\u00edtica de cookies para Tufting Gun Supplies: https:\/\/ohmytuft.com \u00bfQu\u00e9 son las cookies? Como es pr\u00e1ctica habitual en casi todos los sitios web profesionales, este sitio utiliza cookies, que son peque\u00f1os archivos que se descargan en su ordenador para mejorar su experiencia. Esta p\u00e1gina describe qu\u00e9 informaci\u00f3n recopilan, c\u00f3mo la utilizamos y por [&hellip;]\" \/>\n<meta property=\"og:url\" content=\"https:\/\/ohmytuft.com\/es\/cookies\/\" \/>\n<meta property=\"og:site_name\" content=\"Ohmytuft.com\" \/>\n<meta property=\"article:modified_time\" content=\"2023-03-08T18:17:13+00:00\" \/>\n<meta name=\"twitter:card\" content=\"summary_large_image\" \/>\n<meta name=\"twitter:label1\" content=\"Tiempo de lectura\" \/>\n\t<meta name=\"twitter:data1\" content=\"4 minutos\" \/>\n<script type=\"application\/ld+json\" class=\"yoast-schema-graph\">{\"@context\":\"https:\/\/schema.org\",\"@graph\":[{\"@type\":\"WebPage\",\"@id\":\"https:\/\/ohmytuft.com\/es\/cookies\/\",\"url\":\"https:\/\/ohmytuft.com\/es\/cookies\/\",\"name\":\"Cookies - Ohmytuft.com\",\"isPartOf\":{\"@id\":\"https:\/\/ohmytuft.com\/es\/#website\"},\"datePublished\":\"2020-10-08T16:26:21+00:00\",\"dateModified\":\"2023-03-08T18:17:13+00:00\",\"breadcrumb\":{\"@id\":\"https:\/\/ohmytuft.com\/es\/cookies\/#breadcrumb\"},\"inLanguage\":\"es\",\"potentialAction\":[{\"@type\":\"ReadAction\",\"target\":[\"https:\/\/ohmytuft.com\/es\/cookies\/\"]}]},{\"@type\":\"BreadcrumbList\",\"@id\":\"https:\/\/ohmytuft.com\/es\/cookies\/#breadcrumb\",\"itemListElement\":[{\"@type\":\"ListItem\",\"position\":1,\"name\":\"Home\",\"item\":\"https:\/\/ohmytuft.com\/es\/\"},{\"@type\":\"ListItem\",\"position\":2,\"name\":\"Cookies\"}]},{\"@type\":\"WebSite\",\"@id\":\"https:\/\/ohmytuft.com\/es\/#website\",\"url\":\"https:\/\/ohmytuft.com\/es\/\",\"name\":\"Oh my tuft\",\"description\":\"Oh my tuft\",\"publisher\":{\"@id\":\"https:\/\/ohmytuft.com\/es\/#organization\"},\"potentialAction\":[{\"@type\":\"SearchAction\",\"target\":{\"@type\":\"EntryPoint\",\"urlTemplate\":\"https:\/\/ohmytuft.com\/es\/?s={search_term_string}\"},\"query-input\":{\"@type\":\"PropertyValueSpecification\",\"valueRequired\":true,\"valueName\":\"search_term_string\"}}],\"inLanguage\":\"es\"},{\"@type\":\"Organization\",\"@id\":\"https:\/\/ohmytuft.com\/es\/#organization\",\"name\":\"Oh my tuft\",\"url\":\"https:\/\/ohmytuft.com\/es\/\",\"logo\":{\"@type\":\"ImageObject\",\"inLanguage\":\"es\",\"@id\":\"https:\/\/ohmytuft.com\/es\/#\/schema\/logo\/image\/\",\"url\":\"https:\/\/ohmytuft.com\/wp-content\/uploads\/2021\/02\/WEB-20.png\",\"contentUrl\":\"https:\/\/ohmytuft.com\/wp-content\/uploads\/2021\/02\/WEB-20.png\",\"width\":2085,\"height\":764,\"caption\":\"Oh my tuft\"},\"image\":{\"@id\":\"https:\/\/ohmytuft.com\/es\/#\/schema\/logo\/image\/\"},\"sameAs\":[\"https:\/\/www.instagram.com\/tuftinggunsupplies\/\",\"https:\/\/www.tiktok.com\/@tuftinggun\"]}]}<\/script>\n<!-- \/ Yoast SEO plugin. -->","yoast_head_json":{"title":"Cookies - Ohmytuft.com","robots":{"index":"noindex","follow":"follow"},"og_locale":"es_ES","og_type":"article","og_title":"Cookies - Ohmytuft.com","og_description":"Esta es la pol\u00edtica de cookies para Tufting Gun Supplies: https:\/\/ohmytuft.com \u00bfQu\u00e9 son las cookies? Como es pr\u00e1ctica habitual en casi todos los sitios web profesionales, este sitio utiliza cookies, que son peque\u00f1os archivos que se descargan en su ordenador para mejorar su experiencia. Esta p\u00e1gina describe qu\u00e9 informaci\u00f3n recopilan, c\u00f3mo la utilizamos y por [&hellip;]","og_url":"https:\/\/ohmytuft.com\/es\/cookies\/","og_site_name":"Ohmytuft.com","article_modified_time":"2023-03-08T18:17:13+00:00","twitter_card":"summary_large_image","twitter_misc":{"Tiempo de lectura":"4 minutos"},"schema":{"@context":"https:\/\/schema.org","@graph":[{"@type":"WebPage","@id":"https:\/\/ohmytuft.com\/es\/cookies\/","url":"https:\/\/ohmytuft.com\/es\/cookies\/","name":"Cookies - Ohmytuft.com","isPartOf":{"@id":"https:\/\/ohmytuft.com\/es\/#website"},"datePublished":"2020-10-08T16:26:21+00:00","dateModified":"2023-03-08T18:17:13+00:00","breadcrumb":{"@id":"https:\/\/ohmytuft.com\/es\/cookies\/#breadcrumb"},"inLanguage":"es","potentialAction":[{"@type":"ReadAction","target":["https:\/\/ohmytuft.com\/es\/cookies\/"]}]},{"@type":"BreadcrumbList","@id":"https:\/\/ohmytuft.com\/es\/cookies\/#breadcrumb","itemListElement":[{"@type":"ListItem","position":1,"name":"Home","item":"https:\/\/ohmytuft.com\/es\/"},{"@type":"ListItem","position":2,"name":"Cookies"}]},{"@type":"WebSite","@id":"https:\/\/ohmytuft.com\/es\/#website","url":"https:\/\/ohmytuft.com\/es\/","name":"Oh my tuft","description":"Oh my tuft","publisher":{"@id":"https:\/\/ohmytuft.com\/es\/#organization"},"potentialAction":[{"@type":"SearchAction","target":{"@type":"EntryPoint","urlTemplate":"https:\/\/ohmytuft.com\/es\/?s={search_term_string}"},"query-input":{"@type":"PropertyValueSpecification","valueRequired":true,"valueName":"search_term_string"}}],"inLanguage":"es"},{"@type":"Organization","@id":"https:\/\/ohmytuft.com\/es\/#organization","name":"Oh my tuft","url":"https:\/\/ohmytuft.com\/es\/","logo":{"@type":"ImageObject","inLanguage":"es","@id":"https:\/\/ohmytuft.com\/es\/#\/schema\/logo\/image\/","url":"https:\/\/ohmytuft.com\/wp-content\/uploads\/2021\/02\/WEB-20.png","contentUrl":"https:\/\/ohmytuft.com\/wp-content\/uploads\/2021\/02\/WEB-20.png","width":2085,"height":764,"caption":"Oh my tuft"},"image":{"@id":"https:\/\/ohmytuft.com\/es\/#\/schema\/logo\/image\/"},"sameAs":["https:\/\/www.instagram.com\/tuftinggunsupplies\/","https:\/\/www.tiktok.com\/@tuftinggun"]}]}},"_links":{"self":[{"href":"https:\/\/ohmytuft.com\/es\/wp-json\/wp\/v2\/pages\/872","targetHints":{"allow":["GET"]}}],"collection":[{"href":"https:\/\/ohmytuft.com\/es\/wp-json\/wp\/v2\/pages"}],"about":[{"href":"https:\/\/ohmytuft.com\/es\/wp-json\/wp\/v2\/types\/page"}],"author":[{"embeddable":true,"href":"https:\/\/ohmytuft.com\/es\/wp-json\/wp\/v2\/users\/3"}],"replies":[{"embeddable":true,"href":"https:\/\/ohmytuft.com\/es\/wp-json\/wp\/v2\/comments?post=872"}],"version-history":[{"count":0,"href":"https:\/\/ohmytuft.com\/es\/wp-json\/wp\/v2\/pages\/872\/revisions"}],"wp:attachment":[{"href":"https:\/\/ohmytuft.com\/es\/wp-json\/wp\/v2\/media?parent=872"}],"curies":[{"name":"wp","href":"https:\/\/api.w.org\/{rel}","templated":true}]}}