{"id":1215,"date":"2023-04-03T11:58:04","date_gmt":"2023-04-03T11:58:04","guid":{"rendered":"https:\/\/ohmytuft.com\/product\/hilo-acrilico-en-cono-250g-granate\/"},"modified":"2024-05-16T12:44:20","modified_gmt":"2024-05-16T12:44:20","slug":"hilo-acrilico-granate-250g","status":"publish","type":"product","link":"https:\/\/ohmytuft.com\/es\/producto\/hilo-acrilico-granate-250g\/","title":{"rendered":"Hilo acr\u00edlico en cono 250g &#8211; Granate"},"content":{"rendered":"","protected":false},"excerpt":{"rendered":"<p>100% acr\u00edlico de Dralon de excelente calidad Es <strong>perfecto para tufting<\/strong>.<\/p>\n<ul>\n<li>250gr por cono (505m)<\/li>\n<li>Anchura: 3,5-45<\/li>\n<li>Fabricado en Espa\u00f1a<\/li>\n<\/ul>\n","protected":false},"featured_media":7741,"comment_status":"open","ping_status":"closed","template":"","meta":{"_joinchat":[]},"product_brand":[],"product_cat":[85],"product_tag":[],"class_list":{"0":"post-1215","1":"product","2":"type-product","3":"status-publish","4":"has-post-thumbnail","6":"product_cat-hilos","8":"first","9":"instock","10":"taxable","11":"shipping-taxable","12":"purchasable","13":"product-type-simple"},"yoast_head":"<!-- This site is optimized with the Yoast SEO plugin v27.2 - https:\/\/yoast.com\/product\/yoast-seo-wordpress\/ -->\n<title>Hilo acr\u00edlico en cono 250g - Granate - Ohmytuft.com<\/title>\n<meta name=\"robots\" content=\"index, follow, max-snippet:-1, max-image-preview:large, max-video-preview:-1\" \/>\n<link rel=\"canonical\" href=\"https:\/\/ohmytuft.com\/es\/producto\/hilo-acrilico-granate-250g\/\" \/>\n<meta property=\"og:locale\" content=\"es_ES\" \/>\n<meta property=\"og:type\" content=\"article\" \/>\n<meta property=\"og:title\" content=\"Hilo acr\u00edlico en cono 250g - Granate - Ohmytuft.com\" \/>\n<meta property=\"og:description\" content=\"100% acr\u00edlico de Dralon de excelente calidad Es perfecto para tufting.  250gr por cono (505m)  Anchura: 3,5-45  Fabricado en Espa\u00f1a\" \/>\n<meta property=\"og:url\" content=\"https:\/\/ohmytuft.com\/es\/producto\/hilo-acrilico-granate-250g\/\" \/>\n<meta property=\"og:site_name\" content=\"Ohmytuft.com\" \/>\n<meta property=\"article:modified_time\" content=\"2024-05-16T12:44:20+00:00\" \/>\n<meta property=\"og:image\" content=\"https:\/\/ohmytuft.com\/wp-content\/uploads\/2023\/04\/acrylic-garnet-yarn-1.jpeg\" \/>\n\t<meta property=\"og:image:width\" content=\"800\" \/>\n\t<meta property=\"og:image:height\" content=\"800\" \/>\n\t<meta property=\"og:image:type\" content=\"image\/jpeg\" \/>\n<meta name=\"twitter:card\" content=\"summary_large_image\" \/>\n<script type=\"application\/ld+json\" class=\"yoast-schema-graph\">{\"@context\":\"https:\/\/schema.org\",\"@graph\":[{\"@type\":\"WebPage\",\"@id\":\"https:\/\/ohmytuft.com\/es\/producto\/hilo-acrilico-granate-250g\/\",\"url\":\"https:\/\/ohmytuft.com\/es\/producto\/hilo-acrilico-granate-250g\/\",\"name\":\"Hilo acr\u00edlico en cono 250g - Granate - Ohmytuft.com\",\"isPartOf\":{\"@id\":\"https:\/\/ohmytuft.com\/es\/#website\"},\"primaryImageOfPage\":{\"@id\":\"https:\/\/ohmytuft.com\/es\/producto\/hilo-acrilico-granate-250g\/#primaryimage\"},\"image\":{\"@id\":\"https:\/\/ohmytuft.com\/es\/producto\/hilo-acrilico-granate-250g\/#primaryimage\"},\"thumbnailUrl\":\"https:\/\/ohmytuft.com\/wp-content\/uploads\/2023\/04\/acrylic-garnet-yarn-1.jpeg\",\"datePublished\":\"2023-04-03T11:58:04+00:00\",\"dateModified\":\"2024-05-16T12:44:20+00:00\",\"breadcrumb\":{\"@id\":\"https:\/\/ohmytuft.com\/es\/producto\/hilo-acrilico-granate-250g\/#breadcrumb\"},\"inLanguage\":\"es\",\"potentialAction\":[{\"@type\":\"ReadAction\",\"target\":[\"https:\/\/ohmytuft.com\/es\/producto\/hilo-acrilico-granate-250g\/\"]}]},{\"@type\":\"ImageObject\",\"inLanguage\":\"es\",\"@id\":\"https:\/\/ohmytuft.com\/es\/producto\/hilo-acrilico-granate-250g\/#primaryimage\",\"url\":\"https:\/\/ohmytuft.com\/wp-content\/uploads\/2023\/04\/acrylic-garnet-yarn-1.jpeg\",\"contentUrl\":\"https:\/\/ohmytuft.com\/wp-content\/uploads\/2023\/04\/acrylic-garnet-yarn-1.jpeg\",\"width\":800,\"height\":800,\"caption\":\"garnet yarn\"},{\"@type\":\"BreadcrumbList\",\"@id\":\"https:\/\/ohmytuft.com\/es\/producto\/hilo-acrilico-granate-250g\/#breadcrumb\",\"itemListElement\":[{\"@type\":\"ListItem\",\"position\":1,\"name\":\"Home\",\"item\":\"https:\/\/ohmytuft.com\/es\/\"},{\"@type\":\"ListItem\",\"position\":2,\"name\":\"Tienda\",\"item\":\"https:\/\/ohmytuft.com\/es\/tienda\/\"},{\"@type\":\"ListItem\",\"position\":3,\"name\":\"Hilo acr\u00edlico en cono 250g &#8211; Granate\"}]},{\"@type\":\"WebSite\",\"@id\":\"https:\/\/ohmytuft.com\/es\/#website\",\"url\":\"https:\/\/ohmytuft.com\/es\/\",\"name\":\"Oh my tuft\",\"description\":\"Oh my tuft\",\"publisher\":{\"@id\":\"https:\/\/ohmytuft.com\/es\/#organization\"},\"potentialAction\":[{\"@type\":\"SearchAction\",\"target\":{\"@type\":\"EntryPoint\",\"urlTemplate\":\"https:\/\/ohmytuft.com\/es\/?s={search_term_string}\"},\"query-input\":{\"@type\":\"PropertyValueSpecification\",\"valueRequired\":true,\"valueName\":\"search_term_string\"}}],\"inLanguage\":\"es\"},{\"@type\":\"Organization\",\"@id\":\"https:\/\/ohmytuft.com\/es\/#organization\",\"name\":\"Oh my tuft\",\"url\":\"https:\/\/ohmytuft.com\/es\/\",\"logo\":{\"@type\":\"ImageObject\",\"inLanguage\":\"es\",\"@id\":\"https:\/\/ohmytuft.com\/es\/#\/schema\/logo\/image\/\",\"url\":\"https:\/\/ohmytuft.com\/wp-content\/uploads\/2021\/02\/WEB-20.png\",\"contentUrl\":\"https:\/\/ohmytuft.com\/wp-content\/uploads\/2021\/02\/WEB-20.png\",\"width\":2085,\"height\":764,\"caption\":\"Oh my tuft\"},\"image\":{\"@id\":\"https:\/\/ohmytuft.com\/es\/#\/schema\/logo\/image\/\"},\"sameAs\":[\"https:\/\/www.instagram.com\/tuftinggunsupplies\/\",\"https:\/\/www.tiktok.com\/@tuftinggun\"]}]}<\/script>\n<!-- \/ Yoast SEO plugin. -->","yoast_head_json":{"title":"Hilo acr\u00edlico en cono 250g - Granate - Ohmytuft.com","robots":{"index":"index","follow":"follow","max-snippet":"max-snippet:-1","max-image-preview":"max-image-preview:large","max-video-preview":"max-video-preview:-1"},"canonical":"https:\/\/ohmytuft.com\/es\/producto\/hilo-acrilico-granate-250g\/","og_locale":"es_ES","og_type":"article","og_title":"Hilo acr\u00edlico en cono 250g - Granate - Ohmytuft.com","og_description":"100% acr\u00edlico de Dralon de excelente calidad Es perfecto para tufting.  250gr por cono (505m)  Anchura: 3,5-45  Fabricado en Espa\u00f1a","og_url":"https:\/\/ohmytuft.com\/es\/producto\/hilo-acrilico-granate-250g\/","og_site_name":"Ohmytuft.com","article_modified_time":"2024-05-16T12:44:20+00:00","og_image":[{"width":800,"height":800,"url":"https:\/\/ohmytuft.com\/wp-content\/uploads\/2023\/04\/acrylic-garnet-yarn-1.jpeg","type":"image\/jpeg"}],"twitter_card":"summary_large_image","schema":{"@context":"https:\/\/schema.org","@graph":[{"@type":"WebPage","@id":"https:\/\/ohmytuft.com\/es\/producto\/hilo-acrilico-granate-250g\/","url":"https:\/\/ohmytuft.com\/es\/producto\/hilo-acrilico-granate-250g\/","name":"Hilo acr\u00edlico en cono 250g - Granate - Ohmytuft.com","isPartOf":{"@id":"https:\/\/ohmytuft.com\/es\/#website"},"primaryImageOfPage":{"@id":"https:\/\/ohmytuft.com\/es\/producto\/hilo-acrilico-granate-250g\/#primaryimage"},"image":{"@id":"https:\/\/ohmytuft.com\/es\/producto\/hilo-acrilico-granate-250g\/#primaryimage"},"thumbnailUrl":"https:\/\/ohmytuft.com\/wp-content\/uploads\/2023\/04\/acrylic-garnet-yarn-1.jpeg","datePublished":"2023-04-03T11:58:04+00:00","dateModified":"2024-05-16T12:44:20+00:00","breadcrumb":{"@id":"https:\/\/ohmytuft.com\/es\/producto\/hilo-acrilico-granate-250g\/#breadcrumb"},"inLanguage":"es","potentialAction":[{"@type":"ReadAction","target":["https:\/\/ohmytuft.com\/es\/producto\/hilo-acrilico-granate-250g\/"]}]},{"@type":"ImageObject","inLanguage":"es","@id":"https:\/\/ohmytuft.com\/es\/producto\/hilo-acrilico-granate-250g\/#primaryimage","url":"https:\/\/ohmytuft.com\/wp-content\/uploads\/2023\/04\/acrylic-garnet-yarn-1.jpeg","contentUrl":"https:\/\/ohmytuft.com\/wp-content\/uploads\/2023\/04\/acrylic-garnet-yarn-1.jpeg","width":800,"height":800,"caption":"garnet yarn"},{"@type":"BreadcrumbList","@id":"https:\/\/ohmytuft.com\/es\/producto\/hilo-acrilico-granate-250g\/#breadcrumb","itemListElement":[{"@type":"ListItem","position":1,"name":"Home","item":"https:\/\/ohmytuft.com\/es\/"},{"@type":"ListItem","position":2,"name":"Tienda","item":"https:\/\/ohmytuft.com\/es\/tienda\/"},{"@type":"ListItem","position":3,"name":"Hilo acr\u00edlico en cono 250g &#8211; Granate"}]},{"@type":"WebSite","@id":"https:\/\/ohmytuft.com\/es\/#website","url":"https:\/\/ohmytuft.com\/es\/","name":"Oh my tuft","description":"Oh my tuft","publisher":{"@id":"https:\/\/ohmytuft.com\/es\/#organization"},"potentialAction":[{"@type":"SearchAction","target":{"@type":"EntryPoint","urlTemplate":"https:\/\/ohmytuft.com\/es\/?s={search_term_string}"},"query-input":{"@type":"PropertyValueSpecification","valueRequired":true,"valueName":"search_term_string"}}],"inLanguage":"es"},{"@type":"Organization","@id":"https:\/\/ohmytuft.com\/es\/#organization","name":"Oh my tuft","url":"https:\/\/ohmytuft.com\/es\/","logo":{"@type":"ImageObject","inLanguage":"es","@id":"https:\/\/ohmytuft.com\/es\/#\/schema\/logo\/image\/","url":"https:\/\/ohmytuft.com\/wp-content\/uploads\/2021\/02\/WEB-20.png","contentUrl":"https:\/\/ohmytuft.com\/wp-content\/uploads\/2021\/02\/WEB-20.png","width":2085,"height":764,"caption":"Oh my tuft"},"image":{"@id":"https:\/\/ohmytuft.com\/es\/#\/schema\/logo\/image\/"},"sameAs":["https:\/\/www.instagram.com\/tuftinggunsupplies\/","https:\/\/www.tiktok.com\/@tuftinggun"]}]}},"_links":{"self":[{"href":"https:\/\/ohmytuft.com\/es\/wp-json\/wp\/v2\/product\/1215","targetHints":{"allow":["GET"]}}],"collection":[{"href":"https:\/\/ohmytuft.com\/es\/wp-json\/wp\/v2\/product"}],"about":[{"href":"https:\/\/ohmytuft.com\/es\/wp-json\/wp\/v2\/types\/product"}],"replies":[{"embeddable":true,"href":"https:\/\/ohmytuft.com\/es\/wp-json\/wp\/v2\/comments?post=1215"}],"wp:featuredmedia":[{"embeddable":true,"href":"https:\/\/ohmytuft.com\/es\/wp-json\/wp\/v2\/media\/7741"}],"wp:attachment":[{"href":"https:\/\/ohmytuft.com\/es\/wp-json\/wp\/v2\/media?parent=1215"}],"wp:term":[{"taxonomy":"product_brand","embeddable":true,"href":"https:\/\/ohmytuft.com\/es\/wp-json\/wp\/v2\/product_brand?post=1215"},{"taxonomy":"product_cat","embeddable":true,"href":"https:\/\/ohmytuft.com\/es\/wp-json\/wp\/v2\/product_cat?post=1215"},{"taxonomy":"product_tag","embeddable":true,"href":"https:\/\/ohmytuft.com\/es\/wp-json\/wp\/v2\/product_tag?post=1215"}],"curies":[{"name":"wp","href":"https:\/\/api.w.org\/{rel}","templated":true}]}}