{"id":848,"date":"2024-03-09T14:41:24","date_gmt":"2024-03-09T14:41:24","guid":{"rendered":"https:\/\/tuftinggunsupplies.com\/product\/tejido-primario-400x400cm\/"},"modified":"2025-04-14T17:01:15","modified_gmt":"2025-04-14T17:01:15","slug":"tejido-primario-400x400","status":"publish","type":"product","link":"https:\/\/ohmytuft.com\/es\/producto\/tejido-primario-400x400\/","title":{"rendered":"Tejido primario 200x160cm"},"content":{"rendered":"","protected":false},"excerpt":{"rendered":"<p><strong>Tejido para alfombras de calidad<\/strong><\/p>\n<ul>\n<li>M\u00e1s resistente que la monk&#8217;s cloth y la tela arpillera.<\/li>\n<li>Usado por profesionales.<\/li>\n<li>L\u00edneas marcadas tejidas en la tela para ayudarte a marcar y hacer mechones.<\/li>\n<li>35% algod\u00f3n, 65% polyester<\/li>\n<li>Peso: 260 g por metro cuadrado<\/li>\n<\/ul>\n<p>Si necesitas una pieza mayor de 200&#215;160, <strong>contacta con nosotros<\/strong>.<\/p>\n","protected":false},"featured_media":661,"comment_status":"open","ping_status":"closed","template":"","meta":{"_joinchat":[]},"product_brand":[],"product_cat":[170,83],"product_tag":[],"class_list":{"0":"post-848","1":"product","2":"type-product","3":"status-publish","4":"has-post-thumbnail","6":"product_cat-tejido-primario-para-tufting","7":"product_cat-tela","9":"first","10":"instock","11":"taxable","12":"shipping-taxable","13":"purchasable","14":"product-type-simple"},"yoast_head":"<!-- This site is optimized with the Yoast SEO plugin v27.2 - https:\/\/yoast.com\/product\/yoast-seo-wordpress\/ -->\n<title>Tejido primario 200x160cm - Ohmytuft.com<\/title>\n<meta name=\"robots\" content=\"index, follow, max-snippet:-1, max-image-preview:large, max-video-preview:-1\" \/>\n<link rel=\"canonical\" href=\"https:\/\/ohmytuft.com\/es\/producto\/tejido-primario-400x400\/\" \/>\n<meta property=\"og:locale\" content=\"es_ES\" \/>\n<meta property=\"og:type\" content=\"article\" \/>\n<meta property=\"og:title\" content=\"Tejido primario 200x160cm - Ohmytuft.com\" \/>\n<meta property=\"og:description\" content=\"Tejido para alfombras de calidad  M\u00e1s resistente que la monk&#039;s cloth y la tela arpillera.  Usado por profesionales.  L\u00edneas marcadas tejidas en la tela para ayudarte a marcar y hacer mechones.  35% algod\u00f3n, 65% polyester  Peso: 260 g por metro cuadrado Si necesitas una pieza mayor de 200x160, contacta con nosotros.\" \/>\n<meta property=\"og:url\" content=\"https:\/\/ohmytuft.com\/es\/producto\/tejido-primario-400x400\/\" \/>\n<meta property=\"og:site_name\" content=\"Ohmytuft.com\" \/>\n<meta property=\"article:modified_time\" content=\"2025-04-14T17:01:15+00:00\" \/>\n<meta property=\"og:image\" content=\"https:\/\/ohmytuft.com\/wp-content\/uploads\/2021\/03\/tufting-primary-backing-fabric-rugs-carpets.jpg\" \/>\n\t<meta property=\"og:image:width\" content=\"1000\" \/>\n\t<meta property=\"og:image:height\" content=\"1000\" \/>\n\t<meta property=\"og:image:type\" content=\"image\/jpeg\" \/>\n<meta name=\"twitter:card\" content=\"summary_large_image\" \/>\n<script type=\"application\/ld+json\" class=\"yoast-schema-graph\">{\"@context\":\"https:\/\/schema.org\",\"@graph\":[{\"@type\":\"WebPage\",\"@id\":\"https:\/\/ohmytuft.com\/es\/producto\/tejido-primario-400x400\/\",\"url\":\"https:\/\/ohmytuft.com\/es\/producto\/tejido-primario-400x400\/\",\"name\":\"Tejido primario 200x160cm - Ohmytuft.com\",\"isPartOf\":{\"@id\":\"https:\/\/ohmytuft.com\/es\/#website\"},\"primaryImageOfPage\":{\"@id\":\"https:\/\/ohmytuft.com\/es\/producto\/tejido-primario-400x400\/#primaryimage\"},\"image\":{\"@id\":\"https:\/\/ohmytuft.com\/es\/producto\/tejido-primario-400x400\/#primaryimage\"},\"thumbnailUrl\":\"https:\/\/ohmytuft.com\/wp-content\/uploads\/2021\/03\/tufting-primary-backing-fabric-rugs-carpets.jpg\",\"datePublished\":\"2024-03-09T14:41:24+00:00\",\"dateModified\":\"2025-04-14T17:01:15+00:00\",\"breadcrumb\":{\"@id\":\"https:\/\/ohmytuft.com\/es\/producto\/tejido-primario-400x400\/#breadcrumb\"},\"inLanguage\":\"es\",\"potentialAction\":[{\"@type\":\"ReadAction\",\"target\":[\"https:\/\/ohmytuft.com\/es\/producto\/tejido-primario-400x400\/\"]}]},{\"@type\":\"ImageObject\",\"inLanguage\":\"es\",\"@id\":\"https:\/\/ohmytuft.com\/es\/producto\/tejido-primario-400x400\/#primaryimage\",\"url\":\"https:\/\/ohmytuft.com\/wp-content\/uploads\/2021\/03\/tufting-primary-backing-fabric-rugs-carpets.jpg\",\"contentUrl\":\"https:\/\/ohmytuft.com\/wp-content\/uploads\/2021\/03\/tufting-primary-backing-fabric-rugs-carpets.jpg\",\"width\":1000,\"height\":1000},{\"@type\":\"BreadcrumbList\",\"@id\":\"https:\/\/ohmytuft.com\/es\/producto\/tejido-primario-400x400\/#breadcrumb\",\"itemListElement\":[{\"@type\":\"ListItem\",\"position\":1,\"name\":\"Home\",\"item\":\"https:\/\/ohmytuft.com\/es\/\"},{\"@type\":\"ListItem\",\"position\":2,\"name\":\"Tienda\",\"item\":\"https:\/\/ohmytuft.com\/es\/tienda\/\"},{\"@type\":\"ListItem\",\"position\":3,\"name\":\"Tejido primario 200x160cm\"}]},{\"@type\":\"WebSite\",\"@id\":\"https:\/\/ohmytuft.com\/es\/#website\",\"url\":\"https:\/\/ohmytuft.com\/es\/\",\"name\":\"Oh my tuft\",\"description\":\"Oh my tuft\",\"publisher\":{\"@id\":\"https:\/\/ohmytuft.com\/es\/#organization\"},\"potentialAction\":[{\"@type\":\"SearchAction\",\"target\":{\"@type\":\"EntryPoint\",\"urlTemplate\":\"https:\/\/ohmytuft.com\/es\/?s={search_term_string}\"},\"query-input\":{\"@type\":\"PropertyValueSpecification\",\"valueRequired\":true,\"valueName\":\"search_term_string\"}}],\"inLanguage\":\"es\"},{\"@type\":\"Organization\",\"@id\":\"https:\/\/ohmytuft.com\/es\/#organization\",\"name\":\"Oh my tuft\",\"url\":\"https:\/\/ohmytuft.com\/es\/\",\"logo\":{\"@type\":\"ImageObject\",\"inLanguage\":\"es\",\"@id\":\"https:\/\/ohmytuft.com\/es\/#\/schema\/logo\/image\/\",\"url\":\"https:\/\/ohmytuft.com\/wp-content\/uploads\/2021\/02\/WEB-20.png\",\"contentUrl\":\"https:\/\/ohmytuft.com\/wp-content\/uploads\/2021\/02\/WEB-20.png\",\"width\":2085,\"height\":764,\"caption\":\"Oh my tuft\"},\"image\":{\"@id\":\"https:\/\/ohmytuft.com\/es\/#\/schema\/logo\/image\/\"},\"sameAs\":[\"https:\/\/www.instagram.com\/tuftinggunsupplies\/\",\"https:\/\/www.tiktok.com\/@tuftinggun\"]}]}<\/script>\n<!-- \/ Yoast SEO plugin. -->","yoast_head_json":{"title":"Tejido primario 200x160cm - Ohmytuft.com","robots":{"index":"index","follow":"follow","max-snippet":"max-snippet:-1","max-image-preview":"max-image-preview:large","max-video-preview":"max-video-preview:-1"},"canonical":"https:\/\/ohmytuft.com\/es\/producto\/tejido-primario-400x400\/","og_locale":"es_ES","og_type":"article","og_title":"Tejido primario 200x160cm - Ohmytuft.com","og_description":"Tejido para alfombras de calidad  M\u00e1s resistente que la monk's cloth y la tela arpillera.  Usado por profesionales.  L\u00edneas marcadas tejidas en la tela para ayudarte a marcar y hacer mechones.  35% algod\u00f3n, 65% polyester  Peso: 260 g por metro cuadrado Si necesitas una pieza mayor de 200x160, contacta con nosotros.","og_url":"https:\/\/ohmytuft.com\/es\/producto\/tejido-primario-400x400\/","og_site_name":"Ohmytuft.com","article_modified_time":"2025-04-14T17:01:15+00:00","og_image":[{"width":1000,"height":1000,"url":"https:\/\/ohmytuft.com\/wp-content\/uploads\/2021\/03\/tufting-primary-backing-fabric-rugs-carpets.jpg","type":"image\/jpeg"}],"twitter_card":"summary_large_image","schema":{"@context":"https:\/\/schema.org","@graph":[{"@type":"WebPage","@id":"https:\/\/ohmytuft.com\/es\/producto\/tejido-primario-400x400\/","url":"https:\/\/ohmytuft.com\/es\/producto\/tejido-primario-400x400\/","name":"Tejido primario 200x160cm - Ohmytuft.com","isPartOf":{"@id":"https:\/\/ohmytuft.com\/es\/#website"},"primaryImageOfPage":{"@id":"https:\/\/ohmytuft.com\/es\/producto\/tejido-primario-400x400\/#primaryimage"},"image":{"@id":"https:\/\/ohmytuft.com\/es\/producto\/tejido-primario-400x400\/#primaryimage"},"thumbnailUrl":"https:\/\/ohmytuft.com\/wp-content\/uploads\/2021\/03\/tufting-primary-backing-fabric-rugs-carpets.jpg","datePublished":"2024-03-09T14:41:24+00:00","dateModified":"2025-04-14T17:01:15+00:00","breadcrumb":{"@id":"https:\/\/ohmytuft.com\/es\/producto\/tejido-primario-400x400\/#breadcrumb"},"inLanguage":"es","potentialAction":[{"@type":"ReadAction","target":["https:\/\/ohmytuft.com\/es\/producto\/tejido-primario-400x400\/"]}]},{"@type":"ImageObject","inLanguage":"es","@id":"https:\/\/ohmytuft.com\/es\/producto\/tejido-primario-400x400\/#primaryimage","url":"https:\/\/ohmytuft.com\/wp-content\/uploads\/2021\/03\/tufting-primary-backing-fabric-rugs-carpets.jpg","contentUrl":"https:\/\/ohmytuft.com\/wp-content\/uploads\/2021\/03\/tufting-primary-backing-fabric-rugs-carpets.jpg","width":1000,"height":1000},{"@type":"BreadcrumbList","@id":"https:\/\/ohmytuft.com\/es\/producto\/tejido-primario-400x400\/#breadcrumb","itemListElement":[{"@type":"ListItem","position":1,"name":"Home","item":"https:\/\/ohmytuft.com\/es\/"},{"@type":"ListItem","position":2,"name":"Tienda","item":"https:\/\/ohmytuft.com\/es\/tienda\/"},{"@type":"ListItem","position":3,"name":"Tejido primario 200x160cm"}]},{"@type":"WebSite","@id":"https:\/\/ohmytuft.com\/es\/#website","url":"https:\/\/ohmytuft.com\/es\/","name":"Oh my tuft","description":"Oh my tuft","publisher":{"@id":"https:\/\/ohmytuft.com\/es\/#organization"},"potentialAction":[{"@type":"SearchAction","target":{"@type":"EntryPoint","urlTemplate":"https:\/\/ohmytuft.com\/es\/?s={search_term_string}"},"query-input":{"@type":"PropertyValueSpecification","valueRequired":true,"valueName":"search_term_string"}}],"inLanguage":"es"},{"@type":"Organization","@id":"https:\/\/ohmytuft.com\/es\/#organization","name":"Oh my tuft","url":"https:\/\/ohmytuft.com\/es\/","logo":{"@type":"ImageObject","inLanguage":"es","@id":"https:\/\/ohmytuft.com\/es\/#\/schema\/logo\/image\/","url":"https:\/\/ohmytuft.com\/wp-content\/uploads\/2021\/02\/WEB-20.png","contentUrl":"https:\/\/ohmytuft.com\/wp-content\/uploads\/2021\/02\/WEB-20.png","width":2085,"height":764,"caption":"Oh my tuft"},"image":{"@id":"https:\/\/ohmytuft.com\/es\/#\/schema\/logo\/image\/"},"sameAs":["https:\/\/www.instagram.com\/tuftinggunsupplies\/","https:\/\/www.tiktok.com\/@tuftinggun"]}]}},"_links":{"self":[{"href":"https:\/\/ohmytuft.com\/es\/wp-json\/wp\/v2\/product\/848","targetHints":{"allow":["GET"]}}],"collection":[{"href":"https:\/\/ohmytuft.com\/es\/wp-json\/wp\/v2\/product"}],"about":[{"href":"https:\/\/ohmytuft.com\/es\/wp-json\/wp\/v2\/types\/product"}],"replies":[{"embeddable":true,"href":"https:\/\/ohmytuft.com\/es\/wp-json\/wp\/v2\/comments?post=848"}],"wp:featuredmedia":[{"embeddable":true,"href":"https:\/\/ohmytuft.com\/es\/wp-json\/wp\/v2\/media\/661"}],"wp:attachment":[{"href":"https:\/\/ohmytuft.com\/es\/wp-json\/wp\/v2\/media?parent=848"}],"wp:term":[{"taxonomy":"product_brand","embeddable":true,"href":"https:\/\/ohmytuft.com\/es\/wp-json\/wp\/v2\/product_brand?post=848"},{"taxonomy":"product_cat","embeddable":true,"href":"https:\/\/ohmytuft.com\/es\/wp-json\/wp\/v2\/product_cat?post=848"},{"taxonomy":"product_tag","embeddable":true,"href":"https:\/\/ohmytuft.com\/es\/wp-json\/wp\/v2\/product_tag?post=848"}],"curies":[{"name":"wp","href":"https:\/\/api.w.org\/{rel}","templated":true}]}}