{"id":851,"date":"2024-03-14T08:51:57","date_gmt":"2024-03-14T08:51:57","guid":{"rendered":"https:\/\/tuftinggunsupplies.com\/product\/pistola-2-in-1-loop-cut\/"},"modified":"2025-02-28T12:13:32","modified_gmt":"2025-02-28T12:13:32","slug":"pistola-2-in-1","status":"publish","type":"product","link":"https:\/\/ohmytuft.com\/es\/producto\/pistola-2-in-1\/","title":{"rendered":"Pistola 2-in-1 Loop &amp; Cut"},"content":{"rendered":"","protected":false},"excerpt":{"rendered":"<p><b>Pistola el\u00e9ctrica de tufting manual 2 en 1 &#8211; Loop and Cut pile.<\/b><\/p>\n<ul>\n<li>100- 240 V enchufe europeo<\/li>\n<li>Altura de corte ajustable: 7-21 mm<\/li>\n<li>Peso: 1.40 kg<\/li>\n<li>Velocidad ajustable: 5-40 puntadas\/seg y ajustable Puedes controlar la velocidad para el detallado de tu alfombra.<\/li>\n<li>Cabezales intercambiables: Loop &amp; Cut<\/li>\n<li>Black Edition<\/li>\n<\/ul>\n<p>M\u00e1quina f\u00e1cil de usar. \u00a1Tutoriales pr\u00f3ximamente!<br \/>\nUn mantenimiento peri\u00f3dico te ayudar\u00e1 a que tu m\u00e1quina dure m\u00e1s.<\/p>\n<p><strong>La caja incluye:<\/strong><\/p>\n<ul>\n<li>Pistola de tufting<\/li>\n<li>Adaptador AC\/DC con enchufe europeo<\/li>\n<li>Herramientas y materiales para el mantenimiento<\/li>\n<li>Enhebrador de aguja<\/li>\n<li>2 tijeras de corte + 1 tijera de bucle<\/li>\n<\/ul>\n<p>\u00a1\u00dasalo con precauci\u00f3n!<br \/>\nUtiliza protecci\u00f3n auditiva y ocular.<br \/>\nEvita manipular la mec\u00e1nica<br \/>\nApaga tu pistola cuando no la est\u00e9s utilizando.<\/p>\n","protected":false},"featured_media":822,"comment_status":"open","ping_status":"closed","template":"","meta":{"_joinchat":[]},"product_brand":[],"product_cat":[86],"product_tag":[],"class_list":{"0":"post-851","1":"product","2":"type-product","3":"status-publish","4":"has-post-thumbnail","6":"product_cat-pistolas","8":"first","9":"onbackorder","10":"sale","11":"taxable","12":"shipping-taxable","13":"purchasable","14":"product-type-simple"},"yoast_head":"<!-- This site is optimized with the Yoast SEO plugin v27.2 - https:\/\/yoast.com\/product\/yoast-seo-wordpress\/ -->\n<title>Pistola 2-in-1 Loop &amp; Cut - Ohmytuft.com<\/title>\n<meta name=\"robots\" content=\"index, follow, max-snippet:-1, max-image-preview:large, max-video-preview:-1\" \/>\n<link rel=\"canonical\" href=\"https:\/\/ohmytuft.com\/es\/producto\/pistola-2-in-1\/\" \/>\n<meta property=\"og:locale\" content=\"es_ES\" \/>\n<meta property=\"og:type\" content=\"article\" \/>\n<meta property=\"og:title\" content=\"Pistola 2-in-1 Loop &amp; Cut - Ohmytuft.com\" \/>\n<meta property=\"og:description\" content=\"Pistola el\u00e9ctrica de tufting manual 2 en 1 - Loop and Cut pile.  100- 240 V enchufe europeo  Altura de corte ajustable: 7-21 mm  Peso: 1.40 kg  Velocidad ajustable: 5-40 puntadas\/seg y ajustable Puedes controlar la velocidad para el detallado de tu alfombra.  Cabezales intercambiables: Loop &amp; Cut  Black Edition M\u00e1quina f\u00e1cil de usar. \u00a1Tutoriales pr\u00f3ximamente! Un mantenimiento peri\u00f3dico te ayudar\u00e1 a que tu m\u00e1quina dure m\u00e1s. La caja incluye:  Pistola de tufting  Adaptador AC\/DC con enchufe europeo  Herramientas y materiales para el mantenimiento  Enhebrador de aguja  2 tijeras de corte + 1 tijera de bucle \u00a1\u00dasalo con precauci\u00f3n! Utiliza protecci\u00f3n auditiva y ocular. Evita manipular la mec\u00e1nica Apaga tu pistola cuando no la est\u00e9s utilizando.\" \/>\n<meta property=\"og:url\" content=\"https:\/\/ohmytuft.com\/es\/producto\/pistola-2-in-1\/\" \/>\n<meta property=\"og:site_name\" content=\"Ohmytuft.com\" \/>\n<meta property=\"article:modified_time\" content=\"2025-02-28T12:13:32+00:00\" \/>\n<meta property=\"og:image\" content=\"https:\/\/ohmytuft.com\/wp-content\/uploads\/2022\/03\/tuftinggunsupplies_europe_tufting_gun_loop_cut_01.jpg\" \/>\n\t<meta property=\"og:image:width\" content=\"1200\" \/>\n\t<meta property=\"og:image:height\" content=\"1200\" \/>\n\t<meta property=\"og:image:type\" content=\"image\/jpeg\" \/>\n<meta name=\"twitter:card\" content=\"summary_large_image\" \/>\n<script type=\"application\/ld+json\" class=\"yoast-schema-graph\">{\"@context\":\"https:\/\/schema.org\",\"@graph\":[{\"@type\":\"WebPage\",\"@id\":\"https:\/\/ohmytuft.com\/es\/producto\/pistola-2-in-1\/\",\"url\":\"https:\/\/ohmytuft.com\/es\/producto\/pistola-2-in-1\/\",\"name\":\"Pistola 2-in-1 Loop &amp; Cut - Ohmytuft.com\",\"isPartOf\":{\"@id\":\"https:\/\/ohmytuft.com\/es\/#website\"},\"primaryImageOfPage\":{\"@id\":\"https:\/\/ohmytuft.com\/es\/producto\/pistola-2-in-1\/#primaryimage\"},\"image\":{\"@id\":\"https:\/\/ohmytuft.com\/es\/producto\/pistola-2-in-1\/#primaryimage\"},\"thumbnailUrl\":\"https:\/\/ohmytuft.com\/wp-content\/uploads\/2022\/03\/tuftinggunsupplies_europe_tufting_gun_loop_cut_01.jpg\",\"datePublished\":\"2024-03-14T08:51:57+00:00\",\"dateModified\":\"2025-02-28T12:13:32+00:00\",\"breadcrumb\":{\"@id\":\"https:\/\/ohmytuft.com\/es\/producto\/pistola-2-in-1\/#breadcrumb\"},\"inLanguage\":\"es\",\"potentialAction\":[{\"@type\":\"ReadAction\",\"target\":[\"https:\/\/ohmytuft.com\/es\/producto\/pistola-2-in-1\/\"]}]},{\"@type\":\"ImageObject\",\"inLanguage\":\"es\",\"@id\":\"https:\/\/ohmytuft.com\/es\/producto\/pistola-2-in-1\/#primaryimage\",\"url\":\"https:\/\/ohmytuft.com\/wp-content\/uploads\/2022\/03\/tuftinggunsupplies_europe_tufting_gun_loop_cut_01.jpg\",\"contentUrl\":\"https:\/\/ohmytuft.com\/wp-content\/uploads\/2022\/03\/tuftinggunsupplies_europe_tufting_gun_loop_cut_01.jpg\",\"width\":1200,\"height\":1200},{\"@type\":\"BreadcrumbList\",\"@id\":\"https:\/\/ohmytuft.com\/es\/producto\/pistola-2-in-1\/#breadcrumb\",\"itemListElement\":[{\"@type\":\"ListItem\",\"position\":1,\"name\":\"Home\",\"item\":\"https:\/\/ohmytuft.com\/es\/\"},{\"@type\":\"ListItem\",\"position\":2,\"name\":\"Tienda\",\"item\":\"https:\/\/ohmytuft.com\/es\/tienda\/\"},{\"@type\":\"ListItem\",\"position\":3,\"name\":\"Pistola 2-in-1 Loop &amp; Cut\"}]},{\"@type\":\"WebSite\",\"@id\":\"https:\/\/ohmytuft.com\/es\/#website\",\"url\":\"https:\/\/ohmytuft.com\/es\/\",\"name\":\"Oh my tuft\",\"description\":\"Oh my tuft\",\"publisher\":{\"@id\":\"https:\/\/ohmytuft.com\/es\/#organization\"},\"potentialAction\":[{\"@type\":\"SearchAction\",\"target\":{\"@type\":\"EntryPoint\",\"urlTemplate\":\"https:\/\/ohmytuft.com\/es\/?s={search_term_string}\"},\"query-input\":{\"@type\":\"PropertyValueSpecification\",\"valueRequired\":true,\"valueName\":\"search_term_string\"}}],\"inLanguage\":\"es\"},{\"@type\":\"Organization\",\"@id\":\"https:\/\/ohmytuft.com\/es\/#organization\",\"name\":\"Oh my tuft\",\"url\":\"https:\/\/ohmytuft.com\/es\/\",\"logo\":{\"@type\":\"ImageObject\",\"inLanguage\":\"es\",\"@id\":\"https:\/\/ohmytuft.com\/es\/#\/schema\/logo\/image\/\",\"url\":\"https:\/\/ohmytuft.com\/wp-content\/uploads\/2021\/02\/WEB-20.png\",\"contentUrl\":\"https:\/\/ohmytuft.com\/wp-content\/uploads\/2021\/02\/WEB-20.png\",\"width\":2085,\"height\":764,\"caption\":\"Oh my tuft\"},\"image\":{\"@id\":\"https:\/\/ohmytuft.com\/es\/#\/schema\/logo\/image\/\"},\"sameAs\":[\"https:\/\/www.instagram.com\/tuftinggunsupplies\/\",\"https:\/\/www.tiktok.com\/@tuftinggun\"]}]}<\/script>\n<!-- \/ Yoast SEO plugin. -->","yoast_head_json":{"title":"Pistola 2-in-1 Loop &amp; Cut - Ohmytuft.com","robots":{"index":"index","follow":"follow","max-snippet":"max-snippet:-1","max-image-preview":"max-image-preview:large","max-video-preview":"max-video-preview:-1"},"canonical":"https:\/\/ohmytuft.com\/es\/producto\/pistola-2-in-1\/","og_locale":"es_ES","og_type":"article","og_title":"Pistola 2-in-1 Loop &amp; Cut - Ohmytuft.com","og_description":"Pistola el\u00e9ctrica de tufting manual 2 en 1 - Loop and Cut pile.  100- 240 V enchufe europeo  Altura de corte ajustable: 7-21 mm  Peso: 1.40 kg  Velocidad ajustable: 5-40 puntadas\/seg y ajustable Puedes controlar la velocidad para el detallado de tu alfombra.  Cabezales intercambiables: Loop &amp; Cut  Black Edition M\u00e1quina f\u00e1cil de usar. \u00a1Tutoriales pr\u00f3ximamente! Un mantenimiento peri\u00f3dico te ayudar\u00e1 a que tu m\u00e1quina dure m\u00e1s. La caja incluye:  Pistola de tufting  Adaptador AC\/DC con enchufe europeo  Herramientas y materiales para el mantenimiento  Enhebrador de aguja  2 tijeras de corte + 1 tijera de bucle \u00a1\u00dasalo con precauci\u00f3n! Utiliza protecci\u00f3n auditiva y ocular. Evita manipular la mec\u00e1nica Apaga tu pistola cuando no la est\u00e9s utilizando.","og_url":"https:\/\/ohmytuft.com\/es\/producto\/pistola-2-in-1\/","og_site_name":"Ohmytuft.com","article_modified_time":"2025-02-28T12:13:32+00:00","og_image":[{"width":1200,"height":1200,"url":"https:\/\/ohmytuft.com\/wp-content\/uploads\/2022\/03\/tuftinggunsupplies_europe_tufting_gun_loop_cut_01.jpg","type":"image\/jpeg"}],"twitter_card":"summary_large_image","schema":{"@context":"https:\/\/schema.org","@graph":[{"@type":"WebPage","@id":"https:\/\/ohmytuft.com\/es\/producto\/pistola-2-in-1\/","url":"https:\/\/ohmytuft.com\/es\/producto\/pistola-2-in-1\/","name":"Pistola 2-in-1 Loop &amp; Cut - Ohmytuft.com","isPartOf":{"@id":"https:\/\/ohmytuft.com\/es\/#website"},"primaryImageOfPage":{"@id":"https:\/\/ohmytuft.com\/es\/producto\/pistola-2-in-1\/#primaryimage"},"image":{"@id":"https:\/\/ohmytuft.com\/es\/producto\/pistola-2-in-1\/#primaryimage"},"thumbnailUrl":"https:\/\/ohmytuft.com\/wp-content\/uploads\/2022\/03\/tuftinggunsupplies_europe_tufting_gun_loop_cut_01.jpg","datePublished":"2024-03-14T08:51:57+00:00","dateModified":"2025-02-28T12:13:32+00:00","breadcrumb":{"@id":"https:\/\/ohmytuft.com\/es\/producto\/pistola-2-in-1\/#breadcrumb"},"inLanguage":"es","potentialAction":[{"@type":"ReadAction","target":["https:\/\/ohmytuft.com\/es\/producto\/pistola-2-in-1\/"]}]},{"@type":"ImageObject","inLanguage":"es","@id":"https:\/\/ohmytuft.com\/es\/producto\/pistola-2-in-1\/#primaryimage","url":"https:\/\/ohmytuft.com\/wp-content\/uploads\/2022\/03\/tuftinggunsupplies_europe_tufting_gun_loop_cut_01.jpg","contentUrl":"https:\/\/ohmytuft.com\/wp-content\/uploads\/2022\/03\/tuftinggunsupplies_europe_tufting_gun_loop_cut_01.jpg","width":1200,"height":1200},{"@type":"BreadcrumbList","@id":"https:\/\/ohmytuft.com\/es\/producto\/pistola-2-in-1\/#breadcrumb","itemListElement":[{"@type":"ListItem","position":1,"name":"Home","item":"https:\/\/ohmytuft.com\/es\/"},{"@type":"ListItem","position":2,"name":"Tienda","item":"https:\/\/ohmytuft.com\/es\/tienda\/"},{"@type":"ListItem","position":3,"name":"Pistola 2-in-1 Loop &amp; Cut"}]},{"@type":"WebSite","@id":"https:\/\/ohmytuft.com\/es\/#website","url":"https:\/\/ohmytuft.com\/es\/","name":"Oh my tuft","description":"Oh my tuft","publisher":{"@id":"https:\/\/ohmytuft.com\/es\/#organization"},"potentialAction":[{"@type":"SearchAction","target":{"@type":"EntryPoint","urlTemplate":"https:\/\/ohmytuft.com\/es\/?s={search_term_string}"},"query-input":{"@type":"PropertyValueSpecification","valueRequired":true,"valueName":"search_term_string"}}],"inLanguage":"es"},{"@type":"Organization","@id":"https:\/\/ohmytuft.com\/es\/#organization","name":"Oh my tuft","url":"https:\/\/ohmytuft.com\/es\/","logo":{"@type":"ImageObject","inLanguage":"es","@id":"https:\/\/ohmytuft.com\/es\/#\/schema\/logo\/image\/","url":"https:\/\/ohmytuft.com\/wp-content\/uploads\/2021\/02\/WEB-20.png","contentUrl":"https:\/\/ohmytuft.com\/wp-content\/uploads\/2021\/02\/WEB-20.png","width":2085,"height":764,"caption":"Oh my tuft"},"image":{"@id":"https:\/\/ohmytuft.com\/es\/#\/schema\/logo\/image\/"},"sameAs":["https:\/\/www.instagram.com\/tuftinggunsupplies\/","https:\/\/www.tiktok.com\/@tuftinggun"]}]}},"_links":{"self":[{"href":"https:\/\/ohmytuft.com\/es\/wp-json\/wp\/v2\/product\/851","targetHints":{"allow":["GET"]}}],"collection":[{"href":"https:\/\/ohmytuft.com\/es\/wp-json\/wp\/v2\/product"}],"about":[{"href":"https:\/\/ohmytuft.com\/es\/wp-json\/wp\/v2\/types\/product"}],"replies":[{"embeddable":true,"href":"https:\/\/ohmytuft.com\/es\/wp-json\/wp\/v2\/comments?post=851"}],"wp:featuredmedia":[{"embeddable":true,"href":"https:\/\/ohmytuft.com\/es\/wp-json\/wp\/v2\/media\/822"}],"wp:attachment":[{"href":"https:\/\/ohmytuft.com\/es\/wp-json\/wp\/v2\/media?parent=851"}],"wp:term":[{"taxonomy":"product_brand","embeddable":true,"href":"https:\/\/ohmytuft.com\/es\/wp-json\/wp\/v2\/product_brand?post=851"},{"taxonomy":"product_cat","embeddable":true,"href":"https:\/\/ohmytuft.com\/es\/wp-json\/wp\/v2\/product_cat?post=851"},{"taxonomy":"product_tag","embeddable":true,"href":"https:\/\/ohmytuft.com\/es\/wp-json\/wp\/v2\/product_tag?post=851"}],"curies":[{"name":"wp","href":"https:\/\/api.w.org\/{rel}","templated":true}]}}