{"id":8598,"date":"2024-06-23T10:49:05","date_gmt":"2024-06-23T10:49:05","guid":{"rendered":"https:\/\/ohmytuft.com\/product\/pistola-manual-ak-v\/"},"modified":"2025-08-31T12:34:55","modified_gmt":"2025-08-31T12:34:55","slug":"pistola-manual-ak-v","status":"publish","type":"product","link":"https:\/\/ohmytuft.com\/es\/producto\/pistola-manual-ak-v\/","title":{"rendered":"Pistola manual AK-V"},"content":{"rendered":"<p>Presentamos la Pistola para Tufting AK-V, la herramienta definitiva tanto para aficionados como para fabricantes de alfombras profesionales. Esta vers\u00e1til pistola de tufting combina tecnolog\u00eda punta con funciones f\u00e1ciles de usar para ofrecer una eficacia y precisi\u00f3n inigualables en la creaci\u00f3n de alfombras.<\/p>\n<p><strong>Perfecto para:<\/strong><\/p>\n<ul>\n<li>Aficionados al bricolaje que quieran explorar la fabricaci\u00f3n de alfombras.<\/li>\n<li>Decoradores y dise\u00f1adores profesionales que buscan crear textiles a medida.<\/li>\n<li>Entornos educativos en los que se ense\u00f1a dise\u00f1o textil y de moda.<\/li>\n<\/ul>\n<p>Si tienes alguna duda, \u00a1preg\u00fantanos!<\/p>\n","protected":false},"excerpt":{"rendered":"<p>Nueva pistola el\u00e9ctrica manual AK-V.<\/p>\n<ul>\n<li>Tensi\u00f3n: CA 100-240V<\/li>\n<li>Frecuencia: 50-60HZ<\/li>\n<li>Potencia: 70W<\/li>\n<li>Rango de velocidad: 5-40 puntadas por segundo<\/li>\n<li>Rango de altura de la grapa: 8-18 mm<\/li>\n<li>Tipo de enchufe por defecto: EU<\/li>\n<li>Pila cortada<\/li>\n<\/ul>\n<p class=\"elementor-heading-title elementor-size-default\">M\u00e1quina f\u00e1cil de usar. \u00a1Tutoriales pr\u00f3ximamente! Un mantenimiento peri\u00f3dico te ayudar\u00e1 a que tu m\u00e1quina dure m\u00e1s. <strong>La caja incluye:<\/strong><\/p>\n<ul>\n<li>Pistola de tufting<\/li>\n<li>Adaptador AC\/DC con enchufe europeo<\/li>\n<li>Herramientas y materiales para el mantenimiento<\/li>\n<li>Enhebrador de aguja<\/li>\n<\/ul>\n<div class=\"elementor-element elementor-element-e8ba0fb elementor-widget elementor-widget-heading\" data-id=\"e8ba0fb\" data-element_type=\"widget\" data-widget_type=\"heading.default\">\n<div class=\"elementor-widget-container\">\n<p class=\"elementor-heading-title elementor-size-default\">\u00a1\u00dasalo con precauci\u00f3n! Utiliza protecci\u00f3n auditiva y ocular. Evita manipular la mec\u00e1nica Apaga tu pistola cuando no la est\u00e9s utilizando.<\/p>\n<\/div>\n<\/div>\n","protected":false},"featured_media":8539,"comment_status":"closed","ping_status":"closed","template":"","meta":{"_joinchat":[]},"product_brand":[],"product_cat":[86],"product_tag":[],"class_list":{"0":"post-8598","1":"product","2":"type-product","3":"status-publish","4":"has-post-thumbnail","6":"product_cat-pistolas","8":"first","9":"instock","10":"sale","11":"taxable","12":"shipping-taxable","13":"purchasable","14":"product-type-simple"},"yoast_head":"<!-- This site is optimized with the Yoast SEO plugin v27.2 - https:\/\/yoast.com\/product\/yoast-seo-wordpress\/ -->\n<title>Pistola manual AK-V - Ohmytuft.com<\/title>\n<meta name=\"robots\" content=\"index, follow, max-snippet:-1, max-image-preview:large, max-video-preview:-1\" \/>\n<link rel=\"canonical\" href=\"https:\/\/ohmytuft.com\/es\/producto\/pistola-manual-ak-v\/\" \/>\n<meta property=\"og:locale\" content=\"es_ES\" \/>\n<meta property=\"og:type\" content=\"article\" \/>\n<meta property=\"og:title\" content=\"Pistola manual AK-V - Ohmytuft.com\" \/>\n<meta property=\"og:description\" content=\"Nueva pistola el\u00e9ctrica manual AK-V.  Tensi\u00f3n: CA 100-240V  Frecuencia: 50-60HZ  Potencia: 70W  Rango de velocidad: 5-40 puntadas por segundo  Rango de altura de la grapa: 8-18 mm  Tipo de enchufe por defecto: EU  Pila cortada M\u00e1quina f\u00e1cil de usar. \u00a1Tutoriales pr\u00f3ximamente! Un mantenimiento peri\u00f3dico te ayudar\u00e1 a que tu m\u00e1quina dure m\u00e1s. La caja incluye:   Pistola de tufting  Adaptador AC\/DC con enchufe europeo  Herramientas y materiales para el mantenimiento  Enhebrador de aguja  \u00a1\u00dasalo con precauci\u00f3n! Utiliza protecci\u00f3n auditiva y ocular. Evita manipular la mec\u00e1nica Apaga tu pistola cuando no la est\u00e9s utilizando.\" \/>\n<meta property=\"og:url\" content=\"https:\/\/ohmytuft.com\/es\/producto\/pistola-manual-ak-v\/\" \/>\n<meta property=\"og:site_name\" content=\"Ohmytuft.com\" \/>\n<meta property=\"article:modified_time\" content=\"2025-08-31T12:34:55+00:00\" \/>\n<meta property=\"og:image\" content=\"https:\/\/ohmytuft.com\/wp-content\/uploads\/2024\/06\/tufting-gun-akv.png\" \/>\n\t<meta property=\"og:image:width\" content=\"1000\" \/>\n\t<meta property=\"og:image:height\" content=\"750\" \/>\n\t<meta property=\"og:image:type\" content=\"image\/png\" \/>\n<meta name=\"twitter:card\" content=\"summary_large_image\" \/>\n<script type=\"application\/ld+json\" class=\"yoast-schema-graph\">{\"@context\":\"https:\/\/schema.org\",\"@graph\":[{\"@type\":\"WebPage\",\"@id\":\"https:\/\/ohmytuft.com\/es\/producto\/pistola-manual-ak-v\/\",\"url\":\"https:\/\/ohmytuft.com\/es\/producto\/pistola-manual-ak-v\/\",\"name\":\"Pistola manual AK-V - Ohmytuft.com\",\"isPartOf\":{\"@id\":\"https:\/\/ohmytuft.com\/es\/#website\"},\"primaryImageOfPage\":{\"@id\":\"https:\/\/ohmytuft.com\/es\/producto\/pistola-manual-ak-v\/#primaryimage\"},\"image\":{\"@id\":\"https:\/\/ohmytuft.com\/es\/producto\/pistola-manual-ak-v\/#primaryimage\"},\"thumbnailUrl\":\"https:\/\/ohmytuft.com\/wp-content\/uploads\/2024\/06\/tufting-gun-akv.png\",\"datePublished\":\"2024-06-23T10:49:05+00:00\",\"dateModified\":\"2025-08-31T12:34:55+00:00\",\"breadcrumb\":{\"@id\":\"https:\/\/ohmytuft.com\/es\/producto\/pistola-manual-ak-v\/#breadcrumb\"},\"inLanguage\":\"es\",\"potentialAction\":[{\"@type\":\"ReadAction\",\"target\":[\"https:\/\/ohmytuft.com\/es\/producto\/pistola-manual-ak-v\/\"]}]},{\"@type\":\"ImageObject\",\"inLanguage\":\"es\",\"@id\":\"https:\/\/ohmytuft.com\/es\/producto\/pistola-manual-ak-v\/#primaryimage\",\"url\":\"https:\/\/ohmytuft.com\/wp-content\/uploads\/2024\/06\/tufting-gun-akv.png\",\"contentUrl\":\"https:\/\/ohmytuft.com\/wp-content\/uploads\/2024\/06\/tufting-gun-akv.png\",\"width\":1000,\"height\":750},{\"@type\":\"BreadcrumbList\",\"@id\":\"https:\/\/ohmytuft.com\/es\/producto\/pistola-manual-ak-v\/#breadcrumb\",\"itemListElement\":[{\"@type\":\"ListItem\",\"position\":1,\"name\":\"Home\",\"item\":\"https:\/\/ohmytuft.com\/es\/\"},{\"@type\":\"ListItem\",\"position\":2,\"name\":\"Tienda\",\"item\":\"https:\/\/ohmytuft.com\/es\/tienda\/\"},{\"@type\":\"ListItem\",\"position\":3,\"name\":\"Pistola manual AK-V\"}]},{\"@type\":\"WebSite\",\"@id\":\"https:\/\/ohmytuft.com\/es\/#website\",\"url\":\"https:\/\/ohmytuft.com\/es\/\",\"name\":\"Oh my tuft\",\"description\":\"Oh my tuft\",\"publisher\":{\"@id\":\"https:\/\/ohmytuft.com\/es\/#organization\"},\"potentialAction\":[{\"@type\":\"SearchAction\",\"target\":{\"@type\":\"EntryPoint\",\"urlTemplate\":\"https:\/\/ohmytuft.com\/es\/?s={search_term_string}\"},\"query-input\":{\"@type\":\"PropertyValueSpecification\",\"valueRequired\":true,\"valueName\":\"search_term_string\"}}],\"inLanguage\":\"es\"},{\"@type\":\"Organization\",\"@id\":\"https:\/\/ohmytuft.com\/es\/#organization\",\"name\":\"Oh my tuft\",\"url\":\"https:\/\/ohmytuft.com\/es\/\",\"logo\":{\"@type\":\"ImageObject\",\"inLanguage\":\"es\",\"@id\":\"https:\/\/ohmytuft.com\/es\/#\/schema\/logo\/image\/\",\"url\":\"https:\/\/ohmytuft.com\/wp-content\/uploads\/2021\/02\/WEB-20.png\",\"contentUrl\":\"https:\/\/ohmytuft.com\/wp-content\/uploads\/2021\/02\/WEB-20.png\",\"width\":2085,\"height\":764,\"caption\":\"Oh my tuft\"},\"image\":{\"@id\":\"https:\/\/ohmytuft.com\/es\/#\/schema\/logo\/image\/\"},\"sameAs\":[\"https:\/\/www.instagram.com\/tuftinggunsupplies\/\",\"https:\/\/www.tiktok.com\/@tuftinggun\"]}]}<\/script>\n<!-- \/ Yoast SEO plugin. -->","yoast_head_json":{"title":"Pistola manual AK-V - Ohmytuft.com","robots":{"index":"index","follow":"follow","max-snippet":"max-snippet:-1","max-image-preview":"max-image-preview:large","max-video-preview":"max-video-preview:-1"},"canonical":"https:\/\/ohmytuft.com\/es\/producto\/pistola-manual-ak-v\/","og_locale":"es_ES","og_type":"article","og_title":"Pistola manual AK-V - Ohmytuft.com","og_description":"Nueva pistola el\u00e9ctrica manual AK-V.  Tensi\u00f3n: CA 100-240V  Frecuencia: 50-60HZ  Potencia: 70W  Rango de velocidad: 5-40 puntadas por segundo  Rango de altura de la grapa: 8-18 mm  Tipo de enchufe por defecto: EU  Pila cortada M\u00e1quina f\u00e1cil de usar. \u00a1Tutoriales pr\u00f3ximamente! Un mantenimiento peri\u00f3dico te ayudar\u00e1 a que tu m\u00e1quina dure m\u00e1s. La caja incluye:   Pistola de tufting  Adaptador AC\/DC con enchufe europeo  Herramientas y materiales para el mantenimiento  Enhebrador de aguja  \u00a1\u00dasalo con precauci\u00f3n! Utiliza protecci\u00f3n auditiva y ocular. Evita manipular la mec\u00e1nica Apaga tu pistola cuando no la est\u00e9s utilizando.","og_url":"https:\/\/ohmytuft.com\/es\/producto\/pistola-manual-ak-v\/","og_site_name":"Ohmytuft.com","article_modified_time":"2025-08-31T12:34:55+00:00","og_image":[{"width":1000,"height":750,"url":"https:\/\/ohmytuft.com\/wp-content\/uploads\/2024\/06\/tufting-gun-akv.png","type":"image\/png"}],"twitter_card":"summary_large_image","schema":{"@context":"https:\/\/schema.org","@graph":[{"@type":"WebPage","@id":"https:\/\/ohmytuft.com\/es\/producto\/pistola-manual-ak-v\/","url":"https:\/\/ohmytuft.com\/es\/producto\/pistola-manual-ak-v\/","name":"Pistola manual AK-V - Ohmytuft.com","isPartOf":{"@id":"https:\/\/ohmytuft.com\/es\/#website"},"primaryImageOfPage":{"@id":"https:\/\/ohmytuft.com\/es\/producto\/pistola-manual-ak-v\/#primaryimage"},"image":{"@id":"https:\/\/ohmytuft.com\/es\/producto\/pistola-manual-ak-v\/#primaryimage"},"thumbnailUrl":"https:\/\/ohmytuft.com\/wp-content\/uploads\/2024\/06\/tufting-gun-akv.png","datePublished":"2024-06-23T10:49:05+00:00","dateModified":"2025-08-31T12:34:55+00:00","breadcrumb":{"@id":"https:\/\/ohmytuft.com\/es\/producto\/pistola-manual-ak-v\/#breadcrumb"},"inLanguage":"es","potentialAction":[{"@type":"ReadAction","target":["https:\/\/ohmytuft.com\/es\/producto\/pistola-manual-ak-v\/"]}]},{"@type":"ImageObject","inLanguage":"es","@id":"https:\/\/ohmytuft.com\/es\/producto\/pistola-manual-ak-v\/#primaryimage","url":"https:\/\/ohmytuft.com\/wp-content\/uploads\/2024\/06\/tufting-gun-akv.png","contentUrl":"https:\/\/ohmytuft.com\/wp-content\/uploads\/2024\/06\/tufting-gun-akv.png","width":1000,"height":750},{"@type":"BreadcrumbList","@id":"https:\/\/ohmytuft.com\/es\/producto\/pistola-manual-ak-v\/#breadcrumb","itemListElement":[{"@type":"ListItem","position":1,"name":"Home","item":"https:\/\/ohmytuft.com\/es\/"},{"@type":"ListItem","position":2,"name":"Tienda","item":"https:\/\/ohmytuft.com\/es\/tienda\/"},{"@type":"ListItem","position":3,"name":"Pistola manual AK-V"}]},{"@type":"WebSite","@id":"https:\/\/ohmytuft.com\/es\/#website","url":"https:\/\/ohmytuft.com\/es\/","name":"Oh my tuft","description":"Oh my tuft","publisher":{"@id":"https:\/\/ohmytuft.com\/es\/#organization"},"potentialAction":[{"@type":"SearchAction","target":{"@type":"EntryPoint","urlTemplate":"https:\/\/ohmytuft.com\/es\/?s={search_term_string}"},"query-input":{"@type":"PropertyValueSpecification","valueRequired":true,"valueName":"search_term_string"}}],"inLanguage":"es"},{"@type":"Organization","@id":"https:\/\/ohmytuft.com\/es\/#organization","name":"Oh my tuft","url":"https:\/\/ohmytuft.com\/es\/","logo":{"@type":"ImageObject","inLanguage":"es","@id":"https:\/\/ohmytuft.com\/es\/#\/schema\/logo\/image\/","url":"https:\/\/ohmytuft.com\/wp-content\/uploads\/2021\/02\/WEB-20.png","contentUrl":"https:\/\/ohmytuft.com\/wp-content\/uploads\/2021\/02\/WEB-20.png","width":2085,"height":764,"caption":"Oh my tuft"},"image":{"@id":"https:\/\/ohmytuft.com\/es\/#\/schema\/logo\/image\/"},"sameAs":["https:\/\/www.instagram.com\/tuftinggunsupplies\/","https:\/\/www.tiktok.com\/@tuftinggun"]}]}},"_links":{"self":[{"href":"https:\/\/ohmytuft.com\/es\/wp-json\/wp\/v2\/product\/8598","targetHints":{"allow":["GET"]}}],"collection":[{"href":"https:\/\/ohmytuft.com\/es\/wp-json\/wp\/v2\/product"}],"about":[{"href":"https:\/\/ohmytuft.com\/es\/wp-json\/wp\/v2\/types\/product"}],"replies":[{"embeddable":true,"href":"https:\/\/ohmytuft.com\/es\/wp-json\/wp\/v2\/comments?post=8598"}],"wp:featuredmedia":[{"embeddable":true,"href":"https:\/\/ohmytuft.com\/es\/wp-json\/wp\/v2\/media\/8539"}],"wp:attachment":[{"href":"https:\/\/ohmytuft.com\/es\/wp-json\/wp\/v2\/media?parent=8598"}],"wp:term":[{"taxonomy":"product_brand","embeddable":true,"href":"https:\/\/ohmytuft.com\/es\/wp-json\/wp\/v2\/product_brand?post=8598"},{"taxonomy":"product_cat","embeddable":true,"href":"https:\/\/ohmytuft.com\/es\/wp-json\/wp\/v2\/product_cat?post=8598"},{"taxonomy":"product_tag","embeddable":true,"href":"https:\/\/ohmytuft.com\/es\/wp-json\/wp\/v2\/product_tag?post=8598"}],"curies":[{"name":"wp","href":"https:\/\/api.w.org\/{rel}","templated":true}]}}