{"id":6606,"date":"2020-10-08T16:26:21","date_gmt":"2020-10-08T16:26:21","guid":{"rendered":"https:\/\/ohmytuft.com\/evasteet\/"},"modified":"2024-03-13T18:41:05","modified_gmt":"2024-03-13T18:41:05","slug":"evasteet","status":"publish","type":"page","link":"https:\/\/ohmytuft.com\/fi\/evasteet\/","title":{"rendered":"Ev\u00e4steet"},"content":{"rendered":"\n<p>T\u00e4m\u00e4 on Tufting Gun Suppliesin ev\u00e4stek\u00e4yt\u00e4nt\u00f6, joka on saatavilla osoitteesta https:\/\/ohmytuft.com.<\/p>\n\n<p><strong>Mit\u00e4 ev\u00e4steet ovat<\/strong><\/p>\n\n<p>Kuten l\u00e4hes kaikilla ammattimaisilla verkkosivustoilla on tapana, t\u00e4m\u00e4 sivusto k\u00e4ytt\u00e4\u00e4 ev\u00e4steit\u00e4, jotka ovat pieni\u00e4 tiedostoja, jotka ladataan tietokoneellesi ja joiden avulla voimme parantaa k\u00e4ytt\u00f6kokemustasi. T\u00e4ll\u00e4 sivulla kerrotaan, mit\u00e4 tietoja ne ker\u00e4\u00e4v\u00e4t, miten k\u00e4yt\u00e4mme niit\u00e4 ja miksi meid\u00e4n on joskus tallennettava n\u00e4it\u00e4 ev\u00e4steit\u00e4. Kerromme my\u00f6s, miten voit est\u00e4\u00e4 n\u00e4iden ev\u00e4steiden tallentamisen, mutta t\u00e4m\u00e4 saattaa kuitenkin heikent\u00e4\u00e4 tai &#8221;rikkoa&#8221; tiettyj\u00e4 sivuston toiminnallisuuden osia.<\/p>\n\n<p>Jos haluat lis\u00e4tietoja ev\u00e4steist\u00e4, lue <a href=\"https:\/\/www.cookieconsent.com\/what-are-cookies\/\">&#8221;Mit\u00e4 ev\u00e4steet ovat<\/a>&#8221;.  <\/p>\n\n<p><strong>Kuinka k\u00e4yt\u00e4mme ev\u00e4steit\u00e4<\/strong><\/p>\n\n<p>K\u00e4yt\u00e4mme ev\u00e4steit\u00e4 useista eri syist\u00e4, jotka on eritelty j\u00e4ljemp\u00e4n\u00e4. Valitettavasti useimmissa tapauksissa ev\u00e4steiden poistamiseen k\u00e4yt\u00f6st\u00e4 ei ole alan standardivaihtoehtoja, jotka eiv\u00e4t poistaisi kokonaan niiden t\u00e4lle sivustolle lis\u00e4\u00e4mi\u00e4 toimintoja ja ominaisuuksia. On suositeltavaa j\u00e4tt\u00e4\u00e4 kaikki ev\u00e4steet p\u00e4\u00e4lle, jos et ole varma, tarvitsetko niit\u00e4 vai et, jos niit\u00e4 k\u00e4ytet\u00e4\u00e4n k\u00e4ytt\u00e4m\u00e4si palvelun tarjoamiseen.<\/p>\n\n<p><strong>Ev\u00e4steiden poistaminen k\u00e4yt\u00f6st\u00e4<\/strong><\/p>\n\n<p>Voit est\u00e4\u00e4 ev\u00e4steiden asettamisen s\u00e4\u00e4t\u00e4m\u00e4ll\u00e4 selaimesi asetuksia (katso selaimesi ohjeesta, miten t\u00e4m\u00e4 tehd\u00e4\u00e4n). Huomaa, ett\u00e4 ev\u00e4steiden poistaminen k\u00e4yt\u00f6st\u00e4 vaikuttaa t\u00e4m\u00e4n ja monien muiden k\u00e4ytt\u00e4miesi verkkosivustojen toimintaan. Ev\u00e4steiden poistaminen k\u00e4yt\u00f6st\u00e4 johtaa yleens\u00e4 my\u00f6s tiettyjen toimintojen ja ominaisuuksien poistamiseen k\u00e4yt\u00f6st\u00e4 t\u00e4ll\u00e4 sivustolla. Siksi on suositeltavaa, ett\u00e4 et poista ev\u00e4steit\u00e4 k\u00e4yt\u00f6st\u00e4.<\/p>\n\n<p><strong>Asettamamme ev\u00e4steet<\/strong><\/p>\n\n<ul class=\"wp-block-list\"><li>Tiliin liittyv\u00e4t ev\u00e4steet Jos luot tilin meille, k\u00e4yt\u00e4mme ev\u00e4steit\u00e4 rekister\u00f6itymisprosessin hallintaan ja yleiseen hallinnointiin. N\u00e4m\u00e4 ev\u00e4steet poistetaan yleens\u00e4, kun kirjaudut ulos, mutta joissakin tapauksissa ne voivat j\u00e4\u00e4d\u00e4 j\u00e4lkik\u00e4teen muistamaan sivuston asetukset, kun olet kirjautunut ulos.<\/li><li>Kirjautumiseen liittyv\u00e4t ev\u00e4steet K\u00e4yt\u00e4mme ev\u00e4steit\u00e4, kun olet kirjautunut sis\u00e4\u00e4n, jotta voimme muistaa t\u00e4m\u00e4n tosiasian. N\u00e4in sinun ei tarvitse kirjautua sis\u00e4\u00e4n joka kerta, kun vierailet uudella sivulla. N\u00e4m\u00e4 ev\u00e4steet yleens\u00e4 poistetaan tai tyhjennet\u00e4\u00e4n, kun kirjaudut ulos, jotta voit k\u00e4ytt\u00e4\u00e4 rajoitettuja ominaisuuksia ja alueita vain kirjautuneena sis\u00e4\u00e4n.<\/li><li>S\u00e4hk\u00f6posti-uutiskirjeisiin liittyv\u00e4t ev\u00e4steet T\u00e4m\u00e4 sivusto tarjoaa uutiskirje- tai s\u00e4hk\u00f6postitilauspalveluita, ja ev\u00e4steit\u00e4 voidaan k\u00e4ytt\u00e4\u00e4 muistamaan, oletko jo rekister\u00f6itynyt, ja n\u00e4ytt\u00e4m\u00e4\u00e4n tiettyj\u00e4 ilmoituksia, jotka voivat olla voimassa vain tilatuille tai tilaamattomille k\u00e4ytt\u00e4jille.<\/li><li>Tilausten k\u00e4sittelyyn liittyv\u00e4t ev\u00e4steet T\u00e4m\u00e4 sivusto tarjoaa s\u00e4hk\u00f6ist\u00e4 kaupank\u00e4ynti\u00e4 tai maksupalveluja, ja jotkin ev\u00e4steet ovat v\u00e4ltt\u00e4m\u00e4tt\u00f6mi\u00e4 sen varmistamiseksi, ett\u00e4 tilauksesi muistetaan sivujen v\u00e4lill\u00e4, jotta voimme k\u00e4sitell\u00e4 sen asianmukaisesti.<\/li><li>Lomakkeisiin liittyv\u00e4t ev\u00e4steet Kun l\u00e4het\u00e4t tietoja lomakkeella, kuten yhteydenottosivuilla tai kommenttilomakkeissa, ev\u00e4steet voidaan asettaa muistamaan k\u00e4ytt\u00e4j\u00e4tietosi tulevaa kirjeenvaihtoa varten.<\/li><\/ul>\n\n<p><strong>Kolmannen osapuolen ev\u00e4steet<\/strong><\/p>\n\n<p>Joissakin erityistapauksissa k\u00e4yt\u00e4mme my\u00f6s luotettavien kolmansien osapuolten ev\u00e4steit\u00e4. Seuraavassa osiossa kerrotaan tarkemmin, mit\u00e4 kolmannen osapuolen ev\u00e4steit\u00e4 saatat kohdata t\u00e4ll\u00e4 sivustolla.<\/p>\n\n<ul class=\"wp-block-list\"><li>T\u00e4m\u00e4 sivusto k\u00e4ytt\u00e4\u00e4 Google Analyticsia, joka on yksi yleisimmist\u00e4 ja luotettavimmista analytiikkaratkaisuista verkossa. Se auttaa meit\u00e4 ymm\u00e4rt\u00e4m\u00e4\u00e4n, miten k\u00e4yt\u00e4t sivustoa ja miten voimme parantaa k\u00e4ytt\u00f6kokemustasi. N\u00e4m\u00e4 ev\u00e4steet voivat seurata esimerkiksi sit\u00e4, kuinka kauan viet\u00e4t aikaa sivustolla ja mill\u00e4 sivuilla vierailet, jotta voimme jatkaa kiinnostavan sis\u00e4ll\u00f6n tuottamista. Lis\u00e4tietoja Google Analyticsin ev\u00e4steist\u00e4 on Google Analyticsin virallisella sivulla.<\/li><li>K\u00e4yt\u00e4mme t\u00e4ll\u00e4 sivustolla my\u00f6s sosiaalisen median painikkeita ja\/tai liit\u00e4nn\u00e4isi\u00e4, joiden avulla voit muodostaa yhteyden sosiaaliseen verkostoosi eri tavoin. Jotta n\u00e4m\u00e4 toimisivat, seuraavat sosiaalisen median sivustot mukaan lukien: Niit\u00e4 voidaan k\u00e4ytt\u00e4\u00e4 parantamaan profiiliasi niiden sivustolla tai lis\u00e4\u00e4m\u00e4\u00e4n niiden hallussa olevia tietoja eri tarkoituksiin, jotka on esitetty niiden tietosuojak\u00e4yt\u00e4nn\u00f6iss\u00e4: Instagram, Tik Tok, Youtube, asettavat sivustomme kautta ev\u00e4steit\u00e4.<\/li><\/ul>\n\n<p><strong>Lis\u00e4tietoja<\/strong><\/p>\n\n<p>Toivottavasti t\u00e4m\u00e4 on selvent\u00e4nyt asioita sinulle, ja kuten aiemmin mainittiin, jos et ole varma, tarvitsetko jotain, on yleens\u00e4 turvallisempaa j\u00e4tt\u00e4\u00e4 ev\u00e4steet k\u00e4ytt\u00f6\u00f6n, jos se on vuorovaikutuksessa jonkin sivustomme k\u00e4ytt\u00e4m\u00e4n ominaisuuden kanssa.<\/p>\n\n<p>Jos kuitenkin etsit viel\u00e4 lis\u00e4tietoja, voit ottaa meihin yhteytt\u00e4 jollakin haluamastamme yhteystavasta:<\/p>\n\n<ul class=\"wp-block-list\"><li>K\u00e4ym\u00e4ll\u00e4 t\u00e4ss\u00e4 linkiss\u00e4: https:\/\/ohmytuft.com\/contact\/<\/li><\/ul>\n","protected":false},"excerpt":{"rendered":"<p>T\u00e4m\u00e4 on Tufting Gun Suppliesin ev\u00e4stek\u00e4yt\u00e4nt\u00f6, joka on saatavilla osoitteesta https:\/\/ohmytuft.com. Mit\u00e4 ev\u00e4steet ovat Kuten l\u00e4hes kaikilla ammattimaisilla verkkosivustoilla on tapana, t\u00e4m\u00e4 sivusto k\u00e4ytt\u00e4\u00e4 ev\u00e4steit\u00e4, jotka ovat pieni\u00e4 tiedostoja, jotka ladataan tietokoneellesi ja joiden avulla voimme parantaa k\u00e4ytt\u00f6kokemustasi. T\u00e4ll\u00e4 sivulla kerrotaan, mit\u00e4 tietoja ne ker\u00e4\u00e4v\u00e4t, miten k\u00e4yt\u00e4mme niit\u00e4 ja miksi meid\u00e4n on joskus tallennettava n\u00e4it\u00e4 [&hellip;]<\/p>\n","protected":false},"author":3,"featured_media":0,"parent":0,"menu_order":0,"comment_status":"closed","ping_status":"closed","template":"","meta":{"_joinchat":[],"footnotes":""},"class_list":["post-6606","page","type-page","status-publish","hentry"],"yoast_head":"<!-- This site is optimized with the Yoast SEO plugin v27.2 - https:\/\/yoast.com\/product\/yoast-seo-wordpress\/ -->\n<title>Ev\u00e4steet - Ohmytuft.com<\/title>\n<meta name=\"robots\" content=\"noindex, follow\" \/>\n<meta property=\"og:locale\" content=\"fi_FI\" \/>\n<meta property=\"og:type\" content=\"article\" \/>\n<meta property=\"og:title\" content=\"Ev\u00e4steet - Ohmytuft.com\" \/>\n<meta property=\"og:description\" content=\"T\u00e4m\u00e4 on Tufting Gun Suppliesin ev\u00e4stek\u00e4yt\u00e4nt\u00f6, joka on saatavilla osoitteesta https:\/\/ohmytuft.com. Mit\u00e4 ev\u00e4steet ovat Kuten l\u00e4hes kaikilla ammattimaisilla verkkosivustoilla on tapana, t\u00e4m\u00e4 sivusto k\u00e4ytt\u00e4\u00e4 ev\u00e4steit\u00e4, jotka ovat pieni\u00e4 tiedostoja, jotka ladataan tietokoneellesi ja joiden avulla voimme parantaa k\u00e4ytt\u00f6kokemustasi. T\u00e4ll\u00e4 sivulla kerrotaan, mit\u00e4 tietoja ne ker\u00e4\u00e4v\u00e4t, miten k\u00e4yt\u00e4mme niit\u00e4 ja miksi meid\u00e4n on joskus tallennettava n\u00e4it\u00e4 [&hellip;]\" \/>\n<meta property=\"og:url\" content=\"https:\/\/ohmytuft.com\/fi\/evasteet\/\" \/>\n<meta property=\"og:site_name\" content=\"Ohmytuft.com\" \/>\n<meta property=\"article:modified_time\" content=\"2024-03-13T18:41:05+00:00\" \/>\n<meta name=\"twitter:card\" content=\"summary_large_image\" \/>\n<meta name=\"twitter:label1\" content=\"Arvioitu lukuaika\" \/>\n\t<meta name=\"twitter:data1\" content=\"4 minuuttia\" \/>\n<script type=\"application\/ld+json\" class=\"yoast-schema-graph\">{\"@context\":\"https:\/\/schema.org\",\"@graph\":[{\"@type\":\"WebPage\",\"@id\":\"https:\/\/ohmytuft.com\/fi\/evasteet\/\",\"url\":\"https:\/\/ohmytuft.com\/fi\/evasteet\/\",\"name\":\"Ev\u00e4steet - Ohmytuft.com\",\"isPartOf\":{\"@id\":\"https:\/\/ohmytuft.com\/fi\/#website\"},\"datePublished\":\"2020-10-08T16:26:21+00:00\",\"dateModified\":\"2024-03-13T18:41:05+00:00\",\"breadcrumb\":{\"@id\":\"https:\/\/ohmytuft.com\/fi\/evasteet\/#breadcrumb\"},\"inLanguage\":\"fi\",\"potentialAction\":[{\"@type\":\"ReadAction\",\"target\":[\"https:\/\/ohmytuft.com\/fi\/evasteet\/\"]}]},{\"@type\":\"BreadcrumbList\",\"@id\":\"https:\/\/ohmytuft.com\/fi\/evasteet\/#breadcrumb\",\"itemListElement\":[{\"@type\":\"ListItem\",\"position\":1,\"name\":\"Home\",\"item\":\"https:\/\/ohmytuft.com\/fi\/\"},{\"@type\":\"ListItem\",\"position\":2,\"name\":\"Ev\u00e4steet\"}]},{\"@type\":\"WebSite\",\"@id\":\"https:\/\/ohmytuft.com\/fi\/#website\",\"url\":\"https:\/\/ohmytuft.com\/fi\/\",\"name\":\"Oh my tuft\",\"description\":\"Oh my tuft\",\"publisher\":{\"@id\":\"https:\/\/ohmytuft.com\/fi\/#organization\"},\"potentialAction\":[{\"@type\":\"SearchAction\",\"target\":{\"@type\":\"EntryPoint\",\"urlTemplate\":\"https:\/\/ohmytuft.com\/fi\/?s={search_term_string}\"},\"query-input\":{\"@type\":\"PropertyValueSpecification\",\"valueRequired\":true,\"valueName\":\"search_term_string\"}}],\"inLanguage\":\"fi\"},{\"@type\":\"Organization\",\"@id\":\"https:\/\/ohmytuft.com\/fi\/#organization\",\"name\":\"Oh my tuft\",\"url\":\"https:\/\/ohmytuft.com\/fi\/\",\"logo\":{\"@type\":\"ImageObject\",\"inLanguage\":\"fi\",\"@id\":\"https:\/\/ohmytuft.com\/fi\/#\/schema\/logo\/image\/\",\"url\":\"https:\/\/ohmytuft.com\/wp-content\/uploads\/2021\/02\/WEB-20.png\",\"contentUrl\":\"https:\/\/ohmytuft.com\/wp-content\/uploads\/2021\/02\/WEB-20.png\",\"width\":2085,\"height\":764,\"caption\":\"Oh my tuft\"},\"image\":{\"@id\":\"https:\/\/ohmytuft.com\/fi\/#\/schema\/logo\/image\/\"},\"sameAs\":[\"https:\/\/www.instagram.com\/tuftinggunsupplies\/\",\"https:\/\/www.tiktok.com\/@tuftinggun\"]}]}<\/script>\n<!-- \/ Yoast SEO plugin. -->","yoast_head_json":{"title":"Ev\u00e4steet - Ohmytuft.com","robots":{"index":"noindex","follow":"follow"},"og_locale":"fi_FI","og_type":"article","og_title":"Ev\u00e4steet - Ohmytuft.com","og_description":"T\u00e4m\u00e4 on Tufting Gun Suppliesin ev\u00e4stek\u00e4yt\u00e4nt\u00f6, joka on saatavilla osoitteesta https:\/\/ohmytuft.com. Mit\u00e4 ev\u00e4steet ovat Kuten l\u00e4hes kaikilla ammattimaisilla verkkosivustoilla on tapana, t\u00e4m\u00e4 sivusto k\u00e4ytt\u00e4\u00e4 ev\u00e4steit\u00e4, jotka ovat pieni\u00e4 tiedostoja, jotka ladataan tietokoneellesi ja joiden avulla voimme parantaa k\u00e4ytt\u00f6kokemustasi. T\u00e4ll\u00e4 sivulla kerrotaan, mit\u00e4 tietoja ne ker\u00e4\u00e4v\u00e4t, miten k\u00e4yt\u00e4mme niit\u00e4 ja miksi meid\u00e4n on joskus tallennettava n\u00e4it\u00e4 [&hellip;]","og_url":"https:\/\/ohmytuft.com\/fi\/evasteet\/","og_site_name":"Ohmytuft.com","article_modified_time":"2024-03-13T18:41:05+00:00","twitter_card":"summary_large_image","twitter_misc":{"Arvioitu lukuaika":"4 minuuttia"},"schema":{"@context":"https:\/\/schema.org","@graph":[{"@type":"WebPage","@id":"https:\/\/ohmytuft.com\/fi\/evasteet\/","url":"https:\/\/ohmytuft.com\/fi\/evasteet\/","name":"Ev\u00e4steet - Ohmytuft.com","isPartOf":{"@id":"https:\/\/ohmytuft.com\/fi\/#website"},"datePublished":"2020-10-08T16:26:21+00:00","dateModified":"2024-03-13T18:41:05+00:00","breadcrumb":{"@id":"https:\/\/ohmytuft.com\/fi\/evasteet\/#breadcrumb"},"inLanguage":"fi","potentialAction":[{"@type":"ReadAction","target":["https:\/\/ohmytuft.com\/fi\/evasteet\/"]}]},{"@type":"BreadcrumbList","@id":"https:\/\/ohmytuft.com\/fi\/evasteet\/#breadcrumb","itemListElement":[{"@type":"ListItem","position":1,"name":"Home","item":"https:\/\/ohmytuft.com\/fi\/"},{"@type":"ListItem","position":2,"name":"Ev\u00e4steet"}]},{"@type":"WebSite","@id":"https:\/\/ohmytuft.com\/fi\/#website","url":"https:\/\/ohmytuft.com\/fi\/","name":"Oh my tuft","description":"Oh my tuft","publisher":{"@id":"https:\/\/ohmytuft.com\/fi\/#organization"},"potentialAction":[{"@type":"SearchAction","target":{"@type":"EntryPoint","urlTemplate":"https:\/\/ohmytuft.com\/fi\/?s={search_term_string}"},"query-input":{"@type":"PropertyValueSpecification","valueRequired":true,"valueName":"search_term_string"}}],"inLanguage":"fi"},{"@type":"Organization","@id":"https:\/\/ohmytuft.com\/fi\/#organization","name":"Oh my tuft","url":"https:\/\/ohmytuft.com\/fi\/","logo":{"@type":"ImageObject","inLanguage":"fi","@id":"https:\/\/ohmytuft.com\/fi\/#\/schema\/logo\/image\/","url":"https:\/\/ohmytuft.com\/wp-content\/uploads\/2021\/02\/WEB-20.png","contentUrl":"https:\/\/ohmytuft.com\/wp-content\/uploads\/2021\/02\/WEB-20.png","width":2085,"height":764,"caption":"Oh my tuft"},"image":{"@id":"https:\/\/ohmytuft.com\/fi\/#\/schema\/logo\/image\/"},"sameAs":["https:\/\/www.instagram.com\/tuftinggunsupplies\/","https:\/\/www.tiktok.com\/@tuftinggun"]}]}},"_links":{"self":[{"href":"https:\/\/ohmytuft.com\/fi\/wp-json\/wp\/v2\/pages\/6606","targetHints":{"allow":["GET"]}}],"collection":[{"href":"https:\/\/ohmytuft.com\/fi\/wp-json\/wp\/v2\/pages"}],"about":[{"href":"https:\/\/ohmytuft.com\/fi\/wp-json\/wp\/v2\/types\/page"}],"author":[{"embeddable":true,"href":"https:\/\/ohmytuft.com\/fi\/wp-json\/wp\/v2\/users\/3"}],"replies":[{"embeddable":true,"href":"https:\/\/ohmytuft.com\/fi\/wp-json\/wp\/v2\/comments?post=6606"}],"version-history":[{"count":0,"href":"https:\/\/ohmytuft.com\/fi\/wp-json\/wp\/v2\/pages\/6606\/revisions"}],"wp:attachment":[{"href":"https:\/\/ohmytuft.com\/fi\/wp-json\/wp\/v2\/media?parent=6606"}],"curies":[{"name":"wp","href":"https:\/\/api.w.org\/{rel}","templated":true}]}}