{"id":7078,"date":"2023-05-12T13:54:50","date_gmt":"2023-05-12T13:54:50","guid":{"rendered":"https:\/\/ohmytuft.com\/product\/kasintehty-tufting-tyokalu\/"},"modified":"2023-05-12T13:54:50","modified_gmt":"2023-05-12T13:54:50","slug":"kasintehty-tufting-tyokalu","status":"publish","type":"product","link":"https:\/\/ohmytuft.com\/fi\/tuote\/kasintehty-tufting-tyokalu\/","title":{"rendered":"K\u00e4sintehty tufting ty\u00f6kalu"},"content":{"rendered":"","protected":false},"excerpt":{"rendered":"<p>Tufttaa halvimmalla manuaalisella tufting-ty\u00f6kalullamme \ud83d\ude09<\/p>\n","protected":false},"featured_media":7082,"comment_status":"open","ping_status":"closed","template":"","meta":{"_joinchat":[]},"product_brand":[],"product_cat":[398,372],"product_tag":[],"class_list":{"0":"post-7078","1":"product","2":"type-product","3":"status-publish","4":"has-post-thumbnail","6":"product_cat-tuftauspistoolit","7":"product_cat-tufting-tarvikkeet","9":"first","10":"instock","11":"taxable","12":"shipping-taxable","13":"purchasable","14":"product-type-simple"},"yoast_head":"<!-- This site is optimized with the Yoast SEO plugin v27.2 - https:\/\/yoast.com\/product\/yoast-seo-wordpress\/ -->\n<title>K\u00e4sintehty tufting ty\u00f6kalu - Ohmytuft.com<\/title>\n<meta name=\"robots\" content=\"index, follow, max-snippet:-1, max-image-preview:large, max-video-preview:-1\" \/>\n<link rel=\"canonical\" href=\"https:\/\/ohmytuft.com\/fi\/tuote\/kasintehty-tufting-tyokalu\/\" \/>\n<meta property=\"og:locale\" content=\"fi_FI\" \/>\n<meta property=\"og:type\" content=\"article\" \/>\n<meta property=\"og:title\" content=\"K\u00e4sintehty tufting ty\u00f6kalu - Ohmytuft.com\" \/>\n<meta property=\"og:description\" content=\"Tufttaa halvimmalla manuaalisella tufting-ty\u00f6kalullamme ;)\" \/>\n<meta property=\"og:url\" content=\"https:\/\/ohmytuft.com\/fi\/tuote\/kasintehty-tufting-tyokalu\/\" \/>\n<meta property=\"og:site_name\" content=\"Ohmytuft.com\" \/>\n<meta property=\"og:image\" content=\"https:\/\/ohmytuft.com\/wp-content\/uploads\/2023\/05\/handmade-tufting-tool.png\" \/>\n\t<meta property=\"og:image:width\" content=\"926\" \/>\n\t<meta property=\"og:image:height\" content=\"884\" \/>\n\t<meta property=\"og:image:type\" content=\"image\/png\" \/>\n<meta name=\"twitter:card\" content=\"summary_large_image\" \/>\n<script type=\"application\/ld+json\" class=\"yoast-schema-graph\">{\"@context\":\"https:\/\/schema.org\",\"@graph\":[{\"@type\":\"WebPage\",\"@id\":\"https:\/\/ohmytuft.com\/fi\/tuote\/kasintehty-tufting-tyokalu\/\",\"url\":\"https:\/\/ohmytuft.com\/fi\/tuote\/kasintehty-tufting-tyokalu\/\",\"name\":\"K\u00e4sintehty tufting ty\u00f6kalu - Ohmytuft.com\",\"isPartOf\":{\"@id\":\"https:\/\/ohmytuft.com\/fi\/#website\"},\"primaryImageOfPage\":{\"@id\":\"https:\/\/ohmytuft.com\/fi\/tuote\/kasintehty-tufting-tyokalu\/#primaryimage\"},\"image\":{\"@id\":\"https:\/\/ohmytuft.com\/fi\/tuote\/kasintehty-tufting-tyokalu\/#primaryimage\"},\"thumbnailUrl\":\"https:\/\/ohmytuft.com\/wp-content\/uploads\/2023\/05\/handmade-tufting-tool.png\",\"datePublished\":\"2023-05-12T13:54:50+00:00\",\"breadcrumb\":{\"@id\":\"https:\/\/ohmytuft.com\/fi\/tuote\/kasintehty-tufting-tyokalu\/#breadcrumb\"},\"inLanguage\":\"fi\",\"potentialAction\":[{\"@type\":\"ReadAction\",\"target\":[\"https:\/\/ohmytuft.com\/fi\/tuote\/kasintehty-tufting-tyokalu\/\"]}]},{\"@type\":\"ImageObject\",\"inLanguage\":\"fi\",\"@id\":\"https:\/\/ohmytuft.com\/fi\/tuote\/kasintehty-tufting-tyokalu\/#primaryimage\",\"url\":\"https:\/\/ohmytuft.com\/wp-content\/uploads\/2023\/05\/handmade-tufting-tool.png\",\"contentUrl\":\"https:\/\/ohmytuft.com\/wp-content\/uploads\/2023\/05\/handmade-tufting-tool.png\",\"width\":926,\"height\":884},{\"@type\":\"BreadcrumbList\",\"@id\":\"https:\/\/ohmytuft.com\/fi\/tuote\/kasintehty-tufting-tyokalu\/#breadcrumb\",\"itemListElement\":[{\"@type\":\"ListItem\",\"position\":1,\"name\":\"Home\",\"item\":\"https:\/\/ohmytuft.com\/fi\/\"},{\"@type\":\"ListItem\",\"position\":2,\"name\":\"Kauppa\",\"item\":\"https:\/\/ohmytuft.com\/fi\/kauppa\/\"},{\"@type\":\"ListItem\",\"position\":3,\"name\":\"K\u00e4sintehty tufting ty\u00f6kalu\"}]},{\"@type\":\"WebSite\",\"@id\":\"https:\/\/ohmytuft.com\/fi\/#website\",\"url\":\"https:\/\/ohmytuft.com\/fi\/\",\"name\":\"Oh my tuft\",\"description\":\"Oh my tuft\",\"publisher\":{\"@id\":\"https:\/\/ohmytuft.com\/fi\/#organization\"},\"potentialAction\":[{\"@type\":\"SearchAction\",\"target\":{\"@type\":\"EntryPoint\",\"urlTemplate\":\"https:\/\/ohmytuft.com\/fi\/?s={search_term_string}\"},\"query-input\":{\"@type\":\"PropertyValueSpecification\",\"valueRequired\":true,\"valueName\":\"search_term_string\"}}],\"inLanguage\":\"fi\"},{\"@type\":\"Organization\",\"@id\":\"https:\/\/ohmytuft.com\/fi\/#organization\",\"name\":\"Oh my tuft\",\"url\":\"https:\/\/ohmytuft.com\/fi\/\",\"logo\":{\"@type\":\"ImageObject\",\"inLanguage\":\"fi\",\"@id\":\"https:\/\/ohmytuft.com\/fi\/#\/schema\/logo\/image\/\",\"url\":\"https:\/\/ohmytuft.com\/wp-content\/uploads\/2021\/02\/WEB-20.png\",\"contentUrl\":\"https:\/\/ohmytuft.com\/wp-content\/uploads\/2021\/02\/WEB-20.png\",\"width\":2085,\"height\":764,\"caption\":\"Oh my tuft\"},\"image\":{\"@id\":\"https:\/\/ohmytuft.com\/fi\/#\/schema\/logo\/image\/\"},\"sameAs\":[\"https:\/\/www.instagram.com\/tuftinggunsupplies\/\",\"https:\/\/www.tiktok.com\/@tuftinggun\"]}]}<\/script>\n<!-- \/ Yoast SEO plugin. -->","yoast_head_json":{"title":"K\u00e4sintehty tufting ty\u00f6kalu - Ohmytuft.com","robots":{"index":"index","follow":"follow","max-snippet":"max-snippet:-1","max-image-preview":"max-image-preview:large","max-video-preview":"max-video-preview:-1"},"canonical":"https:\/\/ohmytuft.com\/fi\/tuote\/kasintehty-tufting-tyokalu\/","og_locale":"fi_FI","og_type":"article","og_title":"K\u00e4sintehty tufting ty\u00f6kalu - Ohmytuft.com","og_description":"Tufttaa halvimmalla manuaalisella tufting-ty\u00f6kalullamme ;)","og_url":"https:\/\/ohmytuft.com\/fi\/tuote\/kasintehty-tufting-tyokalu\/","og_site_name":"Ohmytuft.com","og_image":[{"width":926,"height":884,"url":"https:\/\/ohmytuft.com\/wp-content\/uploads\/2023\/05\/handmade-tufting-tool.png","type":"image\/png"}],"twitter_card":"summary_large_image","schema":{"@context":"https:\/\/schema.org","@graph":[{"@type":"WebPage","@id":"https:\/\/ohmytuft.com\/fi\/tuote\/kasintehty-tufting-tyokalu\/","url":"https:\/\/ohmytuft.com\/fi\/tuote\/kasintehty-tufting-tyokalu\/","name":"K\u00e4sintehty tufting ty\u00f6kalu - Ohmytuft.com","isPartOf":{"@id":"https:\/\/ohmytuft.com\/fi\/#website"},"primaryImageOfPage":{"@id":"https:\/\/ohmytuft.com\/fi\/tuote\/kasintehty-tufting-tyokalu\/#primaryimage"},"image":{"@id":"https:\/\/ohmytuft.com\/fi\/tuote\/kasintehty-tufting-tyokalu\/#primaryimage"},"thumbnailUrl":"https:\/\/ohmytuft.com\/wp-content\/uploads\/2023\/05\/handmade-tufting-tool.png","datePublished":"2023-05-12T13:54:50+00:00","breadcrumb":{"@id":"https:\/\/ohmytuft.com\/fi\/tuote\/kasintehty-tufting-tyokalu\/#breadcrumb"},"inLanguage":"fi","potentialAction":[{"@type":"ReadAction","target":["https:\/\/ohmytuft.com\/fi\/tuote\/kasintehty-tufting-tyokalu\/"]}]},{"@type":"ImageObject","inLanguage":"fi","@id":"https:\/\/ohmytuft.com\/fi\/tuote\/kasintehty-tufting-tyokalu\/#primaryimage","url":"https:\/\/ohmytuft.com\/wp-content\/uploads\/2023\/05\/handmade-tufting-tool.png","contentUrl":"https:\/\/ohmytuft.com\/wp-content\/uploads\/2023\/05\/handmade-tufting-tool.png","width":926,"height":884},{"@type":"BreadcrumbList","@id":"https:\/\/ohmytuft.com\/fi\/tuote\/kasintehty-tufting-tyokalu\/#breadcrumb","itemListElement":[{"@type":"ListItem","position":1,"name":"Home","item":"https:\/\/ohmytuft.com\/fi\/"},{"@type":"ListItem","position":2,"name":"Kauppa","item":"https:\/\/ohmytuft.com\/fi\/kauppa\/"},{"@type":"ListItem","position":3,"name":"K\u00e4sintehty tufting ty\u00f6kalu"}]},{"@type":"WebSite","@id":"https:\/\/ohmytuft.com\/fi\/#website","url":"https:\/\/ohmytuft.com\/fi\/","name":"Oh my tuft","description":"Oh my tuft","publisher":{"@id":"https:\/\/ohmytuft.com\/fi\/#organization"},"potentialAction":[{"@type":"SearchAction","target":{"@type":"EntryPoint","urlTemplate":"https:\/\/ohmytuft.com\/fi\/?s={search_term_string}"},"query-input":{"@type":"PropertyValueSpecification","valueRequired":true,"valueName":"search_term_string"}}],"inLanguage":"fi"},{"@type":"Organization","@id":"https:\/\/ohmytuft.com\/fi\/#organization","name":"Oh my tuft","url":"https:\/\/ohmytuft.com\/fi\/","logo":{"@type":"ImageObject","inLanguage":"fi","@id":"https:\/\/ohmytuft.com\/fi\/#\/schema\/logo\/image\/","url":"https:\/\/ohmytuft.com\/wp-content\/uploads\/2021\/02\/WEB-20.png","contentUrl":"https:\/\/ohmytuft.com\/wp-content\/uploads\/2021\/02\/WEB-20.png","width":2085,"height":764,"caption":"Oh my tuft"},"image":{"@id":"https:\/\/ohmytuft.com\/fi\/#\/schema\/logo\/image\/"},"sameAs":["https:\/\/www.instagram.com\/tuftinggunsupplies\/","https:\/\/www.tiktok.com\/@tuftinggun"]}]}},"_links":{"self":[{"href":"https:\/\/ohmytuft.com\/fi\/wp-json\/wp\/v2\/product\/7078","targetHints":{"allow":["GET"]}}],"collection":[{"href":"https:\/\/ohmytuft.com\/fi\/wp-json\/wp\/v2\/product"}],"about":[{"href":"https:\/\/ohmytuft.com\/fi\/wp-json\/wp\/v2\/types\/product"}],"replies":[{"embeddable":true,"href":"https:\/\/ohmytuft.com\/fi\/wp-json\/wp\/v2\/comments?post=7078"}],"wp:featuredmedia":[{"embeddable":true,"href":"https:\/\/ohmytuft.com\/fi\/wp-json\/wp\/v2\/media\/7082"}],"wp:attachment":[{"href":"https:\/\/ohmytuft.com\/fi\/wp-json\/wp\/v2\/media?parent=7078"}],"wp:term":[{"taxonomy":"product_brand","embeddable":true,"href":"https:\/\/ohmytuft.com\/fi\/wp-json\/wp\/v2\/product_brand?post=7078"},{"taxonomy":"product_cat","embeddable":true,"href":"https:\/\/ohmytuft.com\/fi\/wp-json\/wp\/v2\/product_cat?post=7078"},{"taxonomy":"product_tag","embeddable":true,"href":"https:\/\/ohmytuft.com\/fi\/wp-json\/wp\/v2\/product_tag?post=7078"}],"curies":[{"name":"wp","href":"https:\/\/api.w.org\/{rel}","templated":true}]}}