{"id":7422,"date":"2024-03-14T08:51:57","date_gmt":"2024-03-14T08:51:57","guid":{"rendered":"https:\/\/ohmytuft.com\/product\/kasin-tufting-pistooli-2-in-1-loop-cut-silmukka-ja-leikkaus\/"},"modified":"2024-12-18T20:15:36","modified_gmt":"2024-12-18T20:15:36","slug":"kasin-tufting-pistooli-2-in-1-loop-cut-silmukka-ja-leikkaus","status":"publish","type":"product","link":"https:\/\/ohmytuft.com\/fi\/tuote\/kasin-tufting-pistooli-2-in-1-loop-cut-silmukka-ja-leikkaus\/","title":{"rendered":"K\u00e4sin tufting-pistooli 2-in-1 Loop &amp; Cut (silmukka ja leikkaus)"},"content":{"rendered":"","protected":false},"excerpt":{"rendered":"<p><b>S\u00e4hk\u00f6inen k\u00e4sin tufting pistooli 2-in-1 Loop ja Cut kasa.<\/b><\/p>\n<ul>\n<li>100- 240 V, jossa on europistoke<\/li>\n<li>Kasan korkeus s\u00e4\u00e4dett\u00e4viss\u00e4: 7-21 mm<\/li>\n<li>Paino: 1,40 kg<\/li>\n<li>Nopeus s\u00e4\u00e4dett\u00e4viss\u00e4: 5-40 pistoa\/sek ja s\u00e4\u00e4dett\u00e4viss\u00e4. Voit s\u00e4\u00e4t\u00e4\u00e4 nopeutta yksityiskohtia varten.<\/li>\n<li>Vaihdettavat sakset Loop &amp; Cut<\/li>\n<li>Musta painos<\/li>\n<\/ul>\n<p>T\u00e4m\u00e4 kone on helppo oppia ja k\u00e4ytt\u00e4\u00e4. Ohjeita tulossa pian!<br \/>\nS\u00e4\u00e4nn\u00f6llinen huolto pident\u00e4\u00e4 ty\u00f6kalun k\u00e4ytt\u00f6ik\u00e4\u00e4.<\/p>\n<p><strong>Laatikko sis\u00e4lt\u00e4\u00e4:<\/strong><\/p>\n<ul>\n<li>Tufting Gun Machine<\/li>\n<li>AC\/DC-sovitin, jossa on europistoke<\/li>\n<li>Ty\u00f6kalut ja ruuvit huoltoa varten<\/li>\n<li>Neulan pujottaja<\/li>\n<li>2 leikkuusaksia + 1 silmukkasaksi<\/li>\n<\/ul>\n<p>Turvallisuus ensin!<br \/>\nK\u00e4yt\u00e4 kuulo- ja silm\u00e4suojaimia.<br \/>\nV\u00e4lt\u00e4 vaihteita ja mekanismeja.<br \/>\nKytke laite pois p\u00e4\u00e4lt\u00e4, kun et k\u00e4yt\u00e4 sit\u00e4.<\/p>\n","protected":false},"featured_media":6993,"comment_status":"open","ping_status":"closed","template":"","meta":{"_joinchat":[]},"product_brand":[],"product_cat":[398],"product_tag":[],"class_list":{"0":"post-7422","1":"product","2":"type-product","3":"status-publish","4":"has-post-thumbnail","6":"product_cat-tuftauspistoolit","8":"first","9":"onbackorder","10":"sale","11":"taxable","12":"shipping-taxable","13":"purchasable","14":"product-type-simple"},"yoast_head":"<!-- This site is optimized with the Yoast SEO plugin v27.2 - https:\/\/yoast.com\/product\/yoast-seo-wordpress\/ -->\n<title>K\u00e4sin tufting-pistooli 2-in-1 Loop &amp; Cut (silmukka ja leikkaus) - Ohmytuft.com<\/title>\n<meta name=\"robots\" content=\"index, follow, max-snippet:-1, max-image-preview:large, max-video-preview:-1\" \/>\n<link rel=\"canonical\" href=\"https:\/\/ohmytuft.com\/fi\/tuote\/kasin-tufting-pistooli-2-in-1-loop-cut-silmukka-ja-leikkaus\/\" \/>\n<meta property=\"og:locale\" content=\"fi_FI\" \/>\n<meta property=\"og:type\" content=\"article\" \/>\n<meta property=\"og:title\" content=\"K\u00e4sin tufting-pistooli 2-in-1 Loop &amp; Cut (silmukka ja leikkaus) - Ohmytuft.com\" \/>\n<meta property=\"og:description\" content=\"S\u00e4hk\u00f6inen k\u00e4sin tufting pistooli 2-in-1 Loop ja Cut kasa.  100- 240 V, jossa on europistoke  Kasan korkeus s\u00e4\u00e4dett\u00e4viss\u00e4: 7-21 mm  Paino: 1,40 kg  Nopeus s\u00e4\u00e4dett\u00e4viss\u00e4: 5-40 pistoa\/sek ja s\u00e4\u00e4dett\u00e4viss\u00e4. Voit s\u00e4\u00e4t\u00e4\u00e4 nopeutta yksityiskohtia varten.  Vaihdettavat sakset Loop &amp; Cut  Musta painos T\u00e4m\u00e4 kone on helppo oppia ja k\u00e4ytt\u00e4\u00e4. Ohjeita tulossa pian! S\u00e4\u00e4nn\u00f6llinen huolto pident\u00e4\u00e4 ty\u00f6kalun k\u00e4ytt\u00f6ik\u00e4\u00e4. Laatikko sis\u00e4lt\u00e4\u00e4:  Tufting Gun Machine  AC\/DC-sovitin, jossa on europistoke  Ty\u00f6kalut ja ruuvit huoltoa varten  Neulan pujottaja  2 leikkuusaksia + 1 silmukkasaksi Turvallisuus ensin! K\u00e4yt\u00e4 kuulo- ja silm\u00e4suojaimia. V\u00e4lt\u00e4 vaihteita ja mekanismeja. Kytke laite pois p\u00e4\u00e4lt\u00e4, kun et k\u00e4yt\u00e4 sit\u00e4.\" \/>\n<meta property=\"og:url\" content=\"https:\/\/ohmytuft.com\/fi\/tuote\/kasin-tufting-pistooli-2-in-1-loop-cut-silmukka-ja-leikkaus\/\" \/>\n<meta property=\"og:site_name\" content=\"Ohmytuft.com\" \/>\n<meta property=\"article:modified_time\" content=\"2024-12-18T20:15:36+00:00\" \/>\n<meta property=\"og:image\" content=\"https:\/\/ohmytuft.com\/wp-content\/uploads\/2022\/03\/tuftinggunsupplies_europe_tufting_gun_loop_cut_01.jpg\" \/>\n\t<meta property=\"og:image:width\" content=\"1200\" \/>\n\t<meta property=\"og:image:height\" content=\"1200\" \/>\n\t<meta property=\"og:image:type\" content=\"image\/jpeg\" \/>\n<meta name=\"twitter:card\" content=\"summary_large_image\" \/>\n<script type=\"application\/ld+json\" class=\"yoast-schema-graph\">{\"@context\":\"https:\/\/schema.org\",\"@graph\":[{\"@type\":\"WebPage\",\"@id\":\"https:\/\/ohmytuft.com\/fi\/tuote\/kasin-tufting-pistooli-2-in-1-loop-cut-silmukka-ja-leikkaus\/\",\"url\":\"https:\/\/ohmytuft.com\/fi\/tuote\/kasin-tufting-pistooli-2-in-1-loop-cut-silmukka-ja-leikkaus\/\",\"name\":\"K\u00e4sin tufting-pistooli 2-in-1 Loop &amp; Cut (silmukka ja leikkaus) - Ohmytuft.com\",\"isPartOf\":{\"@id\":\"https:\/\/ohmytuft.com\/fi\/#website\"},\"primaryImageOfPage\":{\"@id\":\"https:\/\/ohmytuft.com\/fi\/tuote\/kasin-tufting-pistooli-2-in-1-loop-cut-silmukka-ja-leikkaus\/#primaryimage\"},\"image\":{\"@id\":\"https:\/\/ohmytuft.com\/fi\/tuote\/kasin-tufting-pistooli-2-in-1-loop-cut-silmukka-ja-leikkaus\/#primaryimage\"},\"thumbnailUrl\":\"https:\/\/ohmytuft.com\/wp-content\/uploads\/2022\/03\/tuftinggunsupplies_europe_tufting_gun_loop_cut_01.jpg\",\"datePublished\":\"2024-03-14T08:51:57+00:00\",\"dateModified\":\"2024-12-18T20:15:36+00:00\",\"breadcrumb\":{\"@id\":\"https:\/\/ohmytuft.com\/fi\/tuote\/kasin-tufting-pistooli-2-in-1-loop-cut-silmukka-ja-leikkaus\/#breadcrumb\"},\"inLanguage\":\"fi\",\"potentialAction\":[{\"@type\":\"ReadAction\",\"target\":[\"https:\/\/ohmytuft.com\/fi\/tuote\/kasin-tufting-pistooli-2-in-1-loop-cut-silmukka-ja-leikkaus\/\"]}]},{\"@type\":\"ImageObject\",\"inLanguage\":\"fi\",\"@id\":\"https:\/\/ohmytuft.com\/fi\/tuote\/kasin-tufting-pistooli-2-in-1-loop-cut-silmukka-ja-leikkaus\/#primaryimage\",\"url\":\"https:\/\/ohmytuft.com\/wp-content\/uploads\/2022\/03\/tuftinggunsupplies_europe_tufting_gun_loop_cut_01.jpg\",\"contentUrl\":\"https:\/\/ohmytuft.com\/wp-content\/uploads\/2022\/03\/tuftinggunsupplies_europe_tufting_gun_loop_cut_01.jpg\",\"width\":1200,\"height\":1200},{\"@type\":\"BreadcrumbList\",\"@id\":\"https:\/\/ohmytuft.com\/fi\/tuote\/kasin-tufting-pistooli-2-in-1-loop-cut-silmukka-ja-leikkaus\/#breadcrumb\",\"itemListElement\":[{\"@type\":\"ListItem\",\"position\":1,\"name\":\"Home\",\"item\":\"https:\/\/ohmytuft.com\/fi\/\"},{\"@type\":\"ListItem\",\"position\":2,\"name\":\"Kauppa\",\"item\":\"https:\/\/ohmytuft.com\/fi\/kauppa\/\"},{\"@type\":\"ListItem\",\"position\":3,\"name\":\"K\u00e4sin tufting-pistooli 2-in-1 Loop &amp; Cut (silmukka ja leikkaus)\"}]},{\"@type\":\"WebSite\",\"@id\":\"https:\/\/ohmytuft.com\/fi\/#website\",\"url\":\"https:\/\/ohmytuft.com\/fi\/\",\"name\":\"Oh my tuft\",\"description\":\"Oh my tuft\",\"publisher\":{\"@id\":\"https:\/\/ohmytuft.com\/fi\/#organization\"},\"potentialAction\":[{\"@type\":\"SearchAction\",\"target\":{\"@type\":\"EntryPoint\",\"urlTemplate\":\"https:\/\/ohmytuft.com\/fi\/?s={search_term_string}\"},\"query-input\":{\"@type\":\"PropertyValueSpecification\",\"valueRequired\":true,\"valueName\":\"search_term_string\"}}],\"inLanguage\":\"fi\"},{\"@type\":\"Organization\",\"@id\":\"https:\/\/ohmytuft.com\/fi\/#organization\",\"name\":\"Oh my tuft\",\"url\":\"https:\/\/ohmytuft.com\/fi\/\",\"logo\":{\"@type\":\"ImageObject\",\"inLanguage\":\"fi\",\"@id\":\"https:\/\/ohmytuft.com\/fi\/#\/schema\/logo\/image\/\",\"url\":\"https:\/\/ohmytuft.com\/wp-content\/uploads\/2021\/02\/WEB-20.png\",\"contentUrl\":\"https:\/\/ohmytuft.com\/wp-content\/uploads\/2021\/02\/WEB-20.png\",\"width\":2085,\"height\":764,\"caption\":\"Oh my tuft\"},\"image\":{\"@id\":\"https:\/\/ohmytuft.com\/fi\/#\/schema\/logo\/image\/\"},\"sameAs\":[\"https:\/\/www.instagram.com\/tuftinggunsupplies\/\",\"https:\/\/www.tiktok.com\/@tuftinggun\"]}]}<\/script>\n<!-- \/ Yoast SEO plugin. -->","yoast_head_json":{"title":"K\u00e4sin tufting-pistooli 2-in-1 Loop &amp; Cut (silmukka ja leikkaus) - Ohmytuft.com","robots":{"index":"index","follow":"follow","max-snippet":"max-snippet:-1","max-image-preview":"max-image-preview:large","max-video-preview":"max-video-preview:-1"},"canonical":"https:\/\/ohmytuft.com\/fi\/tuote\/kasin-tufting-pistooli-2-in-1-loop-cut-silmukka-ja-leikkaus\/","og_locale":"fi_FI","og_type":"article","og_title":"K\u00e4sin tufting-pistooli 2-in-1 Loop &amp; Cut (silmukka ja leikkaus) - Ohmytuft.com","og_description":"S\u00e4hk\u00f6inen k\u00e4sin tufting pistooli 2-in-1 Loop ja Cut kasa.  100- 240 V, jossa on europistoke  Kasan korkeus s\u00e4\u00e4dett\u00e4viss\u00e4: 7-21 mm  Paino: 1,40 kg  Nopeus s\u00e4\u00e4dett\u00e4viss\u00e4: 5-40 pistoa\/sek ja s\u00e4\u00e4dett\u00e4viss\u00e4. Voit s\u00e4\u00e4t\u00e4\u00e4 nopeutta yksityiskohtia varten.  Vaihdettavat sakset Loop &amp; Cut  Musta painos T\u00e4m\u00e4 kone on helppo oppia ja k\u00e4ytt\u00e4\u00e4. Ohjeita tulossa pian! S\u00e4\u00e4nn\u00f6llinen huolto pident\u00e4\u00e4 ty\u00f6kalun k\u00e4ytt\u00f6ik\u00e4\u00e4. Laatikko sis\u00e4lt\u00e4\u00e4:  Tufting Gun Machine  AC\/DC-sovitin, jossa on europistoke  Ty\u00f6kalut ja ruuvit huoltoa varten  Neulan pujottaja  2 leikkuusaksia + 1 silmukkasaksi Turvallisuus ensin! K\u00e4yt\u00e4 kuulo- ja silm\u00e4suojaimia. V\u00e4lt\u00e4 vaihteita ja mekanismeja. Kytke laite pois p\u00e4\u00e4lt\u00e4, kun et k\u00e4yt\u00e4 sit\u00e4.","og_url":"https:\/\/ohmytuft.com\/fi\/tuote\/kasin-tufting-pistooli-2-in-1-loop-cut-silmukka-ja-leikkaus\/","og_site_name":"Ohmytuft.com","article_modified_time":"2024-12-18T20:15:36+00:00","og_image":[{"width":1200,"height":1200,"url":"https:\/\/ohmytuft.com\/wp-content\/uploads\/2022\/03\/tuftinggunsupplies_europe_tufting_gun_loop_cut_01.jpg","type":"image\/jpeg"}],"twitter_card":"summary_large_image","schema":{"@context":"https:\/\/schema.org","@graph":[{"@type":"WebPage","@id":"https:\/\/ohmytuft.com\/fi\/tuote\/kasin-tufting-pistooli-2-in-1-loop-cut-silmukka-ja-leikkaus\/","url":"https:\/\/ohmytuft.com\/fi\/tuote\/kasin-tufting-pistooli-2-in-1-loop-cut-silmukka-ja-leikkaus\/","name":"K\u00e4sin tufting-pistooli 2-in-1 Loop &amp; Cut (silmukka ja leikkaus) - Ohmytuft.com","isPartOf":{"@id":"https:\/\/ohmytuft.com\/fi\/#website"},"primaryImageOfPage":{"@id":"https:\/\/ohmytuft.com\/fi\/tuote\/kasin-tufting-pistooli-2-in-1-loop-cut-silmukka-ja-leikkaus\/#primaryimage"},"image":{"@id":"https:\/\/ohmytuft.com\/fi\/tuote\/kasin-tufting-pistooli-2-in-1-loop-cut-silmukka-ja-leikkaus\/#primaryimage"},"thumbnailUrl":"https:\/\/ohmytuft.com\/wp-content\/uploads\/2022\/03\/tuftinggunsupplies_europe_tufting_gun_loop_cut_01.jpg","datePublished":"2024-03-14T08:51:57+00:00","dateModified":"2024-12-18T20:15:36+00:00","breadcrumb":{"@id":"https:\/\/ohmytuft.com\/fi\/tuote\/kasin-tufting-pistooli-2-in-1-loop-cut-silmukka-ja-leikkaus\/#breadcrumb"},"inLanguage":"fi","potentialAction":[{"@type":"ReadAction","target":["https:\/\/ohmytuft.com\/fi\/tuote\/kasin-tufting-pistooli-2-in-1-loop-cut-silmukka-ja-leikkaus\/"]}]},{"@type":"ImageObject","inLanguage":"fi","@id":"https:\/\/ohmytuft.com\/fi\/tuote\/kasin-tufting-pistooli-2-in-1-loop-cut-silmukka-ja-leikkaus\/#primaryimage","url":"https:\/\/ohmytuft.com\/wp-content\/uploads\/2022\/03\/tuftinggunsupplies_europe_tufting_gun_loop_cut_01.jpg","contentUrl":"https:\/\/ohmytuft.com\/wp-content\/uploads\/2022\/03\/tuftinggunsupplies_europe_tufting_gun_loop_cut_01.jpg","width":1200,"height":1200},{"@type":"BreadcrumbList","@id":"https:\/\/ohmytuft.com\/fi\/tuote\/kasin-tufting-pistooli-2-in-1-loop-cut-silmukka-ja-leikkaus\/#breadcrumb","itemListElement":[{"@type":"ListItem","position":1,"name":"Home","item":"https:\/\/ohmytuft.com\/fi\/"},{"@type":"ListItem","position":2,"name":"Kauppa","item":"https:\/\/ohmytuft.com\/fi\/kauppa\/"},{"@type":"ListItem","position":3,"name":"K\u00e4sin tufting-pistooli 2-in-1 Loop &amp; Cut (silmukka ja leikkaus)"}]},{"@type":"WebSite","@id":"https:\/\/ohmytuft.com\/fi\/#website","url":"https:\/\/ohmytuft.com\/fi\/","name":"Oh my tuft","description":"Oh my tuft","publisher":{"@id":"https:\/\/ohmytuft.com\/fi\/#organization"},"potentialAction":[{"@type":"SearchAction","target":{"@type":"EntryPoint","urlTemplate":"https:\/\/ohmytuft.com\/fi\/?s={search_term_string}"},"query-input":{"@type":"PropertyValueSpecification","valueRequired":true,"valueName":"search_term_string"}}],"inLanguage":"fi"},{"@type":"Organization","@id":"https:\/\/ohmytuft.com\/fi\/#organization","name":"Oh my tuft","url":"https:\/\/ohmytuft.com\/fi\/","logo":{"@type":"ImageObject","inLanguage":"fi","@id":"https:\/\/ohmytuft.com\/fi\/#\/schema\/logo\/image\/","url":"https:\/\/ohmytuft.com\/wp-content\/uploads\/2021\/02\/WEB-20.png","contentUrl":"https:\/\/ohmytuft.com\/wp-content\/uploads\/2021\/02\/WEB-20.png","width":2085,"height":764,"caption":"Oh my tuft"},"image":{"@id":"https:\/\/ohmytuft.com\/fi\/#\/schema\/logo\/image\/"},"sameAs":["https:\/\/www.instagram.com\/tuftinggunsupplies\/","https:\/\/www.tiktok.com\/@tuftinggun"]}]}},"_links":{"self":[{"href":"https:\/\/ohmytuft.com\/fi\/wp-json\/wp\/v2\/product\/7422","targetHints":{"allow":["GET"]}}],"collection":[{"href":"https:\/\/ohmytuft.com\/fi\/wp-json\/wp\/v2\/product"}],"about":[{"href":"https:\/\/ohmytuft.com\/fi\/wp-json\/wp\/v2\/types\/product"}],"replies":[{"embeddable":true,"href":"https:\/\/ohmytuft.com\/fi\/wp-json\/wp\/v2\/comments?post=7422"}],"wp:featuredmedia":[{"embeddable":true,"href":"https:\/\/ohmytuft.com\/fi\/wp-json\/wp\/v2\/media\/6993"}],"wp:attachment":[{"href":"https:\/\/ohmytuft.com\/fi\/wp-json\/wp\/v2\/media?parent=7422"}],"wp:term":[{"taxonomy":"product_brand","embeddable":true,"href":"https:\/\/ohmytuft.com\/fi\/wp-json\/wp\/v2\/product_brand?post=7422"},{"taxonomy":"product_cat","embeddable":true,"href":"https:\/\/ohmytuft.com\/fi\/wp-json\/wp\/v2\/product_cat?post=7422"},{"taxonomy":"product_tag","embeddable":true,"href":"https:\/\/ohmytuft.com\/fi\/wp-json\/wp\/v2\/product_tag?post=7422"}],"curies":[{"name":"wp","href":"https:\/\/api.w.org\/{rel}","templated":true}]}}