{"id":7428,"date":"2021-03-25T14:46:45","date_gmt":"2021-03-25T14:46:45","guid":{"rendered":"https:\/\/ohmytuft.com\/product\/ankkasokkaiset-kaarevat-mattosakset\/"},"modified":"2021-03-25T14:46:45","modified_gmt":"2021-03-25T14:46:45","slug":"ankkasokkaiset-kaarevat-mattosakset","status":"publish","type":"product","link":"https:\/\/ohmytuft.com\/fi\/tuote\/ankkasokkaiset-kaarevat-mattosakset\/","title":{"rendered":"Ankkasokkaiset kaarevat mattosakset"},"content":{"rendered":"","protected":false},"excerpt":{"rendered":"<p>K\u00e4ytet\u00e4\u00e4n l\u00e4heiseen rajaukseen, k\u00e4si- ja konekirjontaan, tilkkut\u00f6ihin ja mattojen valmistukseen.<\/p>\n","protected":false},"featured_media":7432,"comment_status":"open","ping_status":"closed","template":"","meta":{"_joinchat":[]},"product_brand":[],"product_cat":[372],"product_tag":[],"class_list":{"0":"post-7428","1":"product","2":"type-product","3":"status-publish","4":"has-post-thumbnail","6":"product_cat-tufting-tarvikkeet","8":"first","9":"outofstock","10":"sale","11":"taxable","12":"shipping-taxable","13":"purchasable","14":"product-type-simple"},"yoast_head":"<!-- This site is optimized with the Yoast SEO plugin v27.2 - https:\/\/yoast.com\/product\/yoast-seo-wordpress\/ -->\n<title>Ankkasokkaiset kaarevat mattosakset - Ohmytuft.com<\/title>\n<meta name=\"robots\" content=\"index, follow, max-snippet:-1, max-image-preview:large, max-video-preview:-1\" \/>\n<link rel=\"canonical\" href=\"https:\/\/ohmytuft.com\/fi\/tuote\/ankkasokkaiset-kaarevat-mattosakset\/\" \/>\n<meta property=\"og:locale\" content=\"fi_FI\" \/>\n<meta property=\"og:type\" content=\"article\" \/>\n<meta property=\"og:title\" content=\"Ankkasokkaiset kaarevat mattosakset - Ohmytuft.com\" \/>\n<meta property=\"og:description\" content=\"K\u00e4ytet\u00e4\u00e4n l\u00e4heiseen rajaukseen, k\u00e4si- ja konekirjontaan, tilkkut\u00f6ihin ja mattojen valmistukseen.\" \/>\n<meta property=\"og:url\" content=\"https:\/\/ohmytuft.com\/fi\/tuote\/ankkasokkaiset-kaarevat-mattosakset\/\" \/>\n<meta property=\"og:site_name\" content=\"Ohmytuft.com\" \/>\n<meta property=\"og:image\" content=\"https:\/\/ohmytuft.com\/wp-content\/uploads\/2021\/03\/IMG_6136-1.jpg\" \/>\n\t<meta property=\"og:image:width\" content=\"2280\" \/>\n\t<meta property=\"og:image:height\" content=\"2280\" \/>\n\t<meta property=\"og:image:type\" content=\"image\/jpeg\" \/>\n<meta name=\"twitter:card\" content=\"summary_large_image\" \/>\n<script type=\"application\/ld+json\" class=\"yoast-schema-graph\">{\"@context\":\"https:\/\/schema.org\",\"@graph\":[{\"@type\":\"WebPage\",\"@id\":\"https:\/\/ohmytuft.com\/fi\/tuote\/ankkasokkaiset-kaarevat-mattosakset\/\",\"url\":\"https:\/\/ohmytuft.com\/fi\/tuote\/ankkasokkaiset-kaarevat-mattosakset\/\",\"name\":\"Ankkasokkaiset kaarevat mattosakset - Ohmytuft.com\",\"isPartOf\":{\"@id\":\"https:\/\/ohmytuft.com\/fi\/#website\"},\"primaryImageOfPage\":{\"@id\":\"https:\/\/ohmytuft.com\/fi\/tuote\/ankkasokkaiset-kaarevat-mattosakset\/#primaryimage\"},\"image\":{\"@id\":\"https:\/\/ohmytuft.com\/fi\/tuote\/ankkasokkaiset-kaarevat-mattosakset\/#primaryimage\"},\"thumbnailUrl\":\"https:\/\/ohmytuft.com\/wp-content\/uploads\/2021\/03\/IMG_6136-1.jpg\",\"datePublished\":\"2021-03-25T14:46:45+00:00\",\"breadcrumb\":{\"@id\":\"https:\/\/ohmytuft.com\/fi\/tuote\/ankkasokkaiset-kaarevat-mattosakset\/#breadcrumb\"},\"inLanguage\":\"fi\",\"potentialAction\":[{\"@type\":\"ReadAction\",\"target\":[\"https:\/\/ohmytuft.com\/fi\/tuote\/ankkasokkaiset-kaarevat-mattosakset\/\"]}]},{\"@type\":\"ImageObject\",\"inLanguage\":\"fi\",\"@id\":\"https:\/\/ohmytuft.com\/fi\/tuote\/ankkasokkaiset-kaarevat-mattosakset\/#primaryimage\",\"url\":\"https:\/\/ohmytuft.com\/wp-content\/uploads\/2021\/03\/IMG_6136-1.jpg\",\"contentUrl\":\"https:\/\/ohmytuft.com\/wp-content\/uploads\/2021\/03\/IMG_6136-1.jpg\",\"width\":2280,\"height\":2280},{\"@type\":\"BreadcrumbList\",\"@id\":\"https:\/\/ohmytuft.com\/fi\/tuote\/ankkasokkaiset-kaarevat-mattosakset\/#breadcrumb\",\"itemListElement\":[{\"@type\":\"ListItem\",\"position\":1,\"name\":\"Home\",\"item\":\"https:\/\/ohmytuft.com\/fi\/\"},{\"@type\":\"ListItem\",\"position\":2,\"name\":\"Kauppa\",\"item\":\"https:\/\/ohmytuft.com\/fi\/kauppa\/\"},{\"@type\":\"ListItem\",\"position\":3,\"name\":\"Ankkasokkaiset kaarevat mattosakset\"}]},{\"@type\":\"WebSite\",\"@id\":\"https:\/\/ohmytuft.com\/fi\/#website\",\"url\":\"https:\/\/ohmytuft.com\/fi\/\",\"name\":\"Oh my tuft\",\"description\":\"Oh my tuft\",\"publisher\":{\"@id\":\"https:\/\/ohmytuft.com\/fi\/#organization\"},\"potentialAction\":[{\"@type\":\"SearchAction\",\"target\":{\"@type\":\"EntryPoint\",\"urlTemplate\":\"https:\/\/ohmytuft.com\/fi\/?s={search_term_string}\"},\"query-input\":{\"@type\":\"PropertyValueSpecification\",\"valueRequired\":true,\"valueName\":\"search_term_string\"}}],\"inLanguage\":\"fi\"},{\"@type\":\"Organization\",\"@id\":\"https:\/\/ohmytuft.com\/fi\/#organization\",\"name\":\"Oh my tuft\",\"url\":\"https:\/\/ohmytuft.com\/fi\/\",\"logo\":{\"@type\":\"ImageObject\",\"inLanguage\":\"fi\",\"@id\":\"https:\/\/ohmytuft.com\/fi\/#\/schema\/logo\/image\/\",\"url\":\"https:\/\/ohmytuft.com\/wp-content\/uploads\/2021\/02\/WEB-20.png\",\"contentUrl\":\"https:\/\/ohmytuft.com\/wp-content\/uploads\/2021\/02\/WEB-20.png\",\"width\":2085,\"height\":764,\"caption\":\"Oh my tuft\"},\"image\":{\"@id\":\"https:\/\/ohmytuft.com\/fi\/#\/schema\/logo\/image\/\"},\"sameAs\":[\"https:\/\/www.instagram.com\/tuftinggunsupplies\/\",\"https:\/\/www.tiktok.com\/@tuftinggun\"]}]}<\/script>\n<!-- \/ Yoast SEO plugin. -->","yoast_head_json":{"title":"Ankkasokkaiset kaarevat mattosakset - Ohmytuft.com","robots":{"index":"index","follow":"follow","max-snippet":"max-snippet:-1","max-image-preview":"max-image-preview:large","max-video-preview":"max-video-preview:-1"},"canonical":"https:\/\/ohmytuft.com\/fi\/tuote\/ankkasokkaiset-kaarevat-mattosakset\/","og_locale":"fi_FI","og_type":"article","og_title":"Ankkasokkaiset kaarevat mattosakset - Ohmytuft.com","og_description":"K\u00e4ytet\u00e4\u00e4n l\u00e4heiseen rajaukseen, k\u00e4si- ja konekirjontaan, tilkkut\u00f6ihin ja mattojen valmistukseen.","og_url":"https:\/\/ohmytuft.com\/fi\/tuote\/ankkasokkaiset-kaarevat-mattosakset\/","og_site_name":"Ohmytuft.com","og_image":[{"width":2280,"height":2280,"url":"https:\/\/ohmytuft.com\/wp-content\/uploads\/2021\/03\/IMG_6136-1.jpg","type":"image\/jpeg"}],"twitter_card":"summary_large_image","schema":{"@context":"https:\/\/schema.org","@graph":[{"@type":"WebPage","@id":"https:\/\/ohmytuft.com\/fi\/tuote\/ankkasokkaiset-kaarevat-mattosakset\/","url":"https:\/\/ohmytuft.com\/fi\/tuote\/ankkasokkaiset-kaarevat-mattosakset\/","name":"Ankkasokkaiset kaarevat mattosakset - Ohmytuft.com","isPartOf":{"@id":"https:\/\/ohmytuft.com\/fi\/#website"},"primaryImageOfPage":{"@id":"https:\/\/ohmytuft.com\/fi\/tuote\/ankkasokkaiset-kaarevat-mattosakset\/#primaryimage"},"image":{"@id":"https:\/\/ohmytuft.com\/fi\/tuote\/ankkasokkaiset-kaarevat-mattosakset\/#primaryimage"},"thumbnailUrl":"https:\/\/ohmytuft.com\/wp-content\/uploads\/2021\/03\/IMG_6136-1.jpg","datePublished":"2021-03-25T14:46:45+00:00","breadcrumb":{"@id":"https:\/\/ohmytuft.com\/fi\/tuote\/ankkasokkaiset-kaarevat-mattosakset\/#breadcrumb"},"inLanguage":"fi","potentialAction":[{"@type":"ReadAction","target":["https:\/\/ohmytuft.com\/fi\/tuote\/ankkasokkaiset-kaarevat-mattosakset\/"]}]},{"@type":"ImageObject","inLanguage":"fi","@id":"https:\/\/ohmytuft.com\/fi\/tuote\/ankkasokkaiset-kaarevat-mattosakset\/#primaryimage","url":"https:\/\/ohmytuft.com\/wp-content\/uploads\/2021\/03\/IMG_6136-1.jpg","contentUrl":"https:\/\/ohmytuft.com\/wp-content\/uploads\/2021\/03\/IMG_6136-1.jpg","width":2280,"height":2280},{"@type":"BreadcrumbList","@id":"https:\/\/ohmytuft.com\/fi\/tuote\/ankkasokkaiset-kaarevat-mattosakset\/#breadcrumb","itemListElement":[{"@type":"ListItem","position":1,"name":"Home","item":"https:\/\/ohmytuft.com\/fi\/"},{"@type":"ListItem","position":2,"name":"Kauppa","item":"https:\/\/ohmytuft.com\/fi\/kauppa\/"},{"@type":"ListItem","position":3,"name":"Ankkasokkaiset kaarevat mattosakset"}]},{"@type":"WebSite","@id":"https:\/\/ohmytuft.com\/fi\/#website","url":"https:\/\/ohmytuft.com\/fi\/","name":"Oh my tuft","description":"Oh my tuft","publisher":{"@id":"https:\/\/ohmytuft.com\/fi\/#organization"},"potentialAction":[{"@type":"SearchAction","target":{"@type":"EntryPoint","urlTemplate":"https:\/\/ohmytuft.com\/fi\/?s={search_term_string}"},"query-input":{"@type":"PropertyValueSpecification","valueRequired":true,"valueName":"search_term_string"}}],"inLanguage":"fi"},{"@type":"Organization","@id":"https:\/\/ohmytuft.com\/fi\/#organization","name":"Oh my tuft","url":"https:\/\/ohmytuft.com\/fi\/","logo":{"@type":"ImageObject","inLanguage":"fi","@id":"https:\/\/ohmytuft.com\/fi\/#\/schema\/logo\/image\/","url":"https:\/\/ohmytuft.com\/wp-content\/uploads\/2021\/02\/WEB-20.png","contentUrl":"https:\/\/ohmytuft.com\/wp-content\/uploads\/2021\/02\/WEB-20.png","width":2085,"height":764,"caption":"Oh my tuft"},"image":{"@id":"https:\/\/ohmytuft.com\/fi\/#\/schema\/logo\/image\/"},"sameAs":["https:\/\/www.instagram.com\/tuftinggunsupplies\/","https:\/\/www.tiktok.com\/@tuftinggun"]}]}},"_links":{"self":[{"href":"https:\/\/ohmytuft.com\/fi\/wp-json\/wp\/v2\/product\/7428","targetHints":{"allow":["GET"]}}],"collection":[{"href":"https:\/\/ohmytuft.com\/fi\/wp-json\/wp\/v2\/product"}],"about":[{"href":"https:\/\/ohmytuft.com\/fi\/wp-json\/wp\/v2\/types\/product"}],"replies":[{"embeddable":true,"href":"https:\/\/ohmytuft.com\/fi\/wp-json\/wp\/v2\/comments?post=7428"}],"wp:featuredmedia":[{"embeddable":true,"href":"https:\/\/ohmytuft.com\/fi\/wp-json\/wp\/v2\/media\/7432"}],"wp:attachment":[{"href":"https:\/\/ohmytuft.com\/fi\/wp-json\/wp\/v2\/media?parent=7428"}],"wp:term":[{"taxonomy":"product_brand","embeddable":true,"href":"https:\/\/ohmytuft.com\/fi\/wp-json\/wp\/v2\/product_brand?post=7428"},{"taxonomy":"product_cat","embeddable":true,"href":"https:\/\/ohmytuft.com\/fi\/wp-json\/wp\/v2\/product_cat?post=7428"},{"taxonomy":"product_tag","embeddable":true,"href":"https:\/\/ohmytuft.com\/fi\/wp-json\/wp\/v2\/product_tag?post=7428"}],"curies":[{"name":"wp","href":"https:\/\/api.w.org\/{rel}","templated":true}]}}