{"id":7437,"date":"2021-02-09T13:33:15","date_gmt":"2021-02-09T13:33:15","guid":{"rendered":"https:\/\/ohmytuft.com\/product\/kasin-tufting-gun-ak-ii-loop-pile-silmukkakasa\/"},"modified":"2021-02-09T13:33:15","modified_gmt":"2021-02-09T13:33:15","slug":"kasin-tufting-gun-ak-ii-loop-pile-silmukkakasa","status":"publish","type":"product","link":"https:\/\/ohmytuft.com\/fi\/tuote\/kasin-tufting-gun-ak-ii-loop-pile-silmukkakasa\/","title":{"rendered":"K\u00e4sin tufting Gun AK-II &#8211; Loop Pile (silmukkakasa)"},"content":{"rendered":"<div class=\"flex-1 overflow-hidden\">\n<div class=\"react-scroll-to-bottom--css-zhypp-79elbk h-full\">\n<div class=\"react-scroll-to-bottom--css-zhypp-1n7m0yu\">\n<div class=\"flex flex-col pb-9 text-sm\">\n<div class=\"w-full text-token-text-primary\" data-testid=\"conversation-turn-7\">\n<div class=\"px-4 py-2 justify-center text-base md:gap-6 m-auto\">\n<div class=\"flex flex-1 text-base mx-auto gap-3 md:px-5 lg:px-1 xl:px-5 md:max-w-3xl lg:max-w-[40rem] xl:max-w-[48rem] group final-completion\">\n<div class=\"relative flex w-full flex-col lg:w-[calc(100%-115px)] agent-turn\">\n<div class=\"flex-col gap-1 md:gap-3\">\n<div class=\"flex flex-grow flex-col max-w-full\">\n<div class=\"min-h-[20px] text-message flex flex-col items-start gap-3 whitespace-pre-wrap break-words [.text-message+&amp;]:mt-5 overflow-x-auto\" data-message-author-role=\"assistant\" data-message-id=\"d24ca839-c467-4488-8fff-83d8a15f5126\">\n<div class=\"markdown prose w-full break-words dark:prose-invert dark\">\n<p>AK-2 Loop Pile <a href=\"https:\/\/ohmytuft.com\/buy\/tufting-guns\/\"><br \/>\n  <strong>Tufting Gun<\/strong><br \/>\n<\/a> on innovatiivinen ty\u00f6kalu, joka erottuu edukseen tekstiilik\u00e4sity\u00f6n maailmassa. T\u00e4ss\u00e4 on yksityiskohtainen kuvaus ja vakuuttavia syit\u00e4 siihen, miksi se on v\u00e4ltt\u00e4m\u00e4t\u00f6n hankinta tufting-liikkeeseesi:<\/p>\n<ol>\n<li><strong>Erikoistunut Loop Pile Tufting<\/strong>: Tekniikka, joka luo tekstiileihin ainutlaatuisen silmukkatekstuurin. T\u00e4t\u00e4 tyyli\u00e4 suositaan sen omaleimaisen, tuntumallisen tuntuman ja ulkon\u00e4\u00f6n vuoksi, mink\u00e4 vuoksi se on suosittu kodin sisustuksessa ja muotisovelluksissa.<\/li>\n<li><strong>Parannetut tekstuurikyvyt<\/strong>: AK-2:n avulla voit tuoda tuotteisiisi uudenlaisia tekstuureja. Silmukkanukkatekniikka luo tihe\u00e4n, pehmoisen pinnan, joka on paitsi visuaalisesti miellytt\u00e4v\u00e4 my\u00f6s miellytt\u00e4v\u00e4 koskettaa. T\u00e4m\u00e4 voi merkitt\u00e4v\u00e4sti laajentaa luomustesi kiinnostavuutta ja houkutella laajempaa asiakaskuntaa.<\/li>\n<li><strong>Tarkkuus ja johdonmukaisuus<\/strong>: T\u00e4m\u00e4 tufting-pistooli takaa tarkkuuden ty\u00f6ss\u00e4si. Luodut silmukat ovat tasaisen korkuisia ja tiheit\u00e4, mik\u00e4 on ratkaisevan t\u00e4rke\u00e4\u00e4 ammattimaisen laadukkaan lopputuloksen kannalta. AK-2 tarjoaa tasalaatuisuutta ja tarkkuutta riippumatta siit\u00e4, ty\u00f6skenteletk\u00f6 monimutkaisten mallien tai laajojen projektien parissa.<\/li>\n<li><strong>Tehokas ja k\u00e4ytt\u00e4j\u00e4yst\u00e4v\u00e4llinen<\/strong>: AK-2 lis\u00e4\u00e4 tuftingin tehokkuutta, mik\u00e4 nopeuttaa projektin valmistumista manuaalisiin menetelmiin verrattuna. Se on suunniteltu k\u00e4ytt\u00e4j\u00e4yst\u00e4v\u00e4lliseksi, ja siin\u00e4 on intuitiiviset hallintalaitteet ja ergonominen muotoilu, jonka ansiosta se sopii sek\u00e4 aloittelijoille ett\u00e4 kokeneille tuftaajille.<\/li>\n<li><strong>Kest\u00e4v\u00e4 ja luotettava<\/strong>: AK-2 on kest\u00e4v\u00e4 ty\u00f6kalu, joka kest\u00e4\u00e4 tihe\u00e4n k\u00e4yt\u00f6n vaatimukset. Investoimalla t\u00e4h\u00e4n tuftingpistooliin investoit ty\u00f6kaluun, joka palvelee myym\u00e4l\u00e4\u00e4si luotettavasti ja pitk\u00e4\u00e4n.<\/li>\n<li><strong>Luova joustavuus<\/strong>: AK-2 avaa uusia mahdollisuuksia luovaan ilmaisuun. Sen avulla voit kokeilla erilaisia lankatyyppej\u00e4 ja -v\u00e4rej\u00e4, jolloin voit luoda ainutlaatuisia ja silm\u00e4\u00e4npist\u00e4vi\u00e4 malleja, jotka erottuvat markkinoilta.<\/li>\n<li><strong>Ihanteellinen erilaisiin projekteihin<\/strong>: T\u00e4m\u00e4 ty\u00f6kalu sopii t\u00e4ydellisesti erilaisten tuotteiden luomiseen matoista ja matoista sein\u00e4vaatteisiin ja muotituotteisiin. Sen monipuolisuus erilaisten materiaalien ja projektikokojen k\u00e4sittelyss\u00e4 tekee siit\u00e4 korvaamattoman arvokkaan apuv\u00e4lineen tufttausliikkeess\u00e4.<\/li>\n<\/ol>\n<p>Yhteenvetona voidaan todeta, ett\u00e4 AK-2 Loop Pile Tufting Gun on v\u00e4ltt\u00e4m\u00e4t\u00f6n hankinta kaikille tufting-alan yrityksille, jotka haluavat laajentaa luovia n\u00e4k\u00f6alojaan ja parantaa tehokkuuttaan. Se on monipuolinen, k\u00e4ytt\u00e4j\u00e4yst\u00e4v\u00e4llinen ja luotettava ty\u00f6kalu, jonka avulla voit luoda korkealaatuisia, tekstuuriltaan rikkaita tuotteita, jotka houkuttelevat ja ilahduttavat asiakkaita. Sijoittaminen AK-2:een ei ole pelkk\u00e4 ty\u00f6kalun osto, vaan se on sijoitus mahdollisuuksiin ja laatuun. <a href=\"https:\/\/ohmytuft.com\/\"><br \/>\n  <strong>tufting-projekteihinne<\/strong><br \/>\n<\/a>.<\/p>\n<\/div>\n<\/div>\n<\/div>\n<div class=\"mt-1 flex justify-start gap-3 empty:hidden\">\n<div class=\"text-gray-400 flex self-end lg:self-center justify-center lg:justify-start mt-0 gap-1 visible\">\n<p>&nbsp;<\/p>\n<div class=\"flex items-center gap-1.5 text-xs\"><\/div>\n<\/div>\n<\/div>\n<\/div>\n<\/div>\n<\/div>\n<\/div>\n<\/div>\n<\/div>\n<\/div>\n<\/div>\n<\/div>\n<div class=\"w-full pt-2 md:pt-0 dark:border-white\/20 md:border-transparent md:dark:border-transparent md:w-[calc(100%-.5rem)]\">\n<form class=\"stretch mx-2 flex flex-row gap-3 last:mb-2 md:mx-4 md:last:mb-6 lg:mx-auto lg:max-w-2xl xl:max-w-3xl\">\n<div class=\"relative flex h-full flex-1 items-stretch md:flex-col\">\n<div class=\"flex w-full items-center\"><\/div>\n<\/div>\n<\/form>\n<\/div>\n","protected":false},"excerpt":{"rendered":"<p><b>S\u00e4hk\u00f6inen k\u00e4sin tufting gun &#8211; Loop pile.<\/b><\/p>\n<ul>\n<li>100- 240 V, jossa on europistoke<\/li>\n<li>Kasan korkeus s\u00e4\u00e4dett\u00e4viss\u00e4: 4-13 mm<\/li>\n<li>Paino: 1,40 kg<\/li>\n<li>Nopeus s\u00e4\u00e4dett\u00e4viss\u00e4: 5-45 pistoa\/sek ja s\u00e4\u00e4dett\u00e4viss\u00e4. Voit s\u00e4\u00e4t\u00e4\u00e4 nopeutta yksityiskohtia varten.<\/li>\n<\/ul>\n<p>T\u00e4m\u00e4 kone on helppo oppia ja k\u00e4ytt\u00e4\u00e4. Ohjeita tulossa pian!<br \/>\nS\u00e4\u00e4nn\u00f6llinen huolto pident\u00e4\u00e4 ty\u00f6kalun k\u00e4ytt\u00f6ik\u00e4\u00e4.<\/p>\n<p><strong>Laatikko sis\u00e4lt\u00e4\u00e4:<\/strong><\/p>\n<ul>\n<li>Tufting Gun Machine<\/li>\n<li>AC\/DC-sovitin, jossa on europistoke<\/li>\n<li>Ty\u00f6kalut ja ruuvit huoltoa varten<\/li>\n<\/ul>\n<p>Turvallisuus ensin!<\/p>\n<p>K\u00e4yt\u00e4 kuulo- ja silm\u00e4suojaimia.<br \/>\nV\u00e4lt\u00e4 vaihteita ja mekanismeja.<br \/>\nKytke laite pois p\u00e4\u00e4lt\u00e4, kun et k\u00e4yt\u00e4 sit\u00e4.<\/p>\n","protected":false},"featured_media":8947,"comment_status":"open","ping_status":"closed","template":"","meta":{"_joinchat":[]},"product_brand":[],"product_cat":[398],"product_tag":[],"class_list":{"0":"post-7437","1":"product","2":"type-product","3":"status-publish","4":"has-post-thumbnail","6":"product_cat-tuftauspistoolit","8":"first","9":"onbackorder","10":"sale","11":"taxable","12":"shipping-taxable","13":"purchasable","14":"product-type-simple"},"yoast_head":"<!-- This site is optimized with the Yoast SEO plugin v27.2 - https:\/\/yoast.com\/product\/yoast-seo-wordpress\/ -->\n<title>K\u00e4sin tufting Gun AK-II - Loop Pile (silmukkakasa) - Ohmytuft.com<\/title>\n<meta name=\"robots\" content=\"index, follow, max-snippet:-1, max-image-preview:large, max-video-preview:-1\" \/>\n<link rel=\"canonical\" href=\"https:\/\/ohmytuft.com\/fi\/tuote\/kasin-tufting-gun-ak-ii-loop-pile-silmukkakasa\/\" \/>\n<meta property=\"og:locale\" content=\"fi_FI\" \/>\n<meta property=\"og:type\" content=\"article\" \/>\n<meta property=\"og:title\" content=\"K\u00e4sin tufting Gun AK-II - Loop Pile (silmukkakasa) - Ohmytuft.com\" \/>\n<meta property=\"og:description\" content=\"S\u00e4hk\u00f6inen k\u00e4sin tufting gun - Loop pile.  100- 240 V, jossa on europistoke  Kasan korkeus s\u00e4\u00e4dett\u00e4viss\u00e4: 4-13 mm  Paino: 1,40 kg  Nopeus s\u00e4\u00e4dett\u00e4viss\u00e4: 5-45 pistoa\/sek ja s\u00e4\u00e4dett\u00e4viss\u00e4. Voit s\u00e4\u00e4t\u00e4\u00e4 nopeutta yksityiskohtia varten. T\u00e4m\u00e4 kone on helppo oppia ja k\u00e4ytt\u00e4\u00e4. Ohjeita tulossa pian! S\u00e4\u00e4nn\u00f6llinen huolto pident\u00e4\u00e4 ty\u00f6kalun k\u00e4ytt\u00f6ik\u00e4\u00e4. Laatikko sis\u00e4lt\u00e4\u00e4:  Tufting Gun Machine  AC\/DC-sovitin, jossa on europistoke  Ty\u00f6kalut ja ruuvit huoltoa varten Turvallisuus ensin! K\u00e4yt\u00e4 kuulo- ja silm\u00e4suojaimia. V\u00e4lt\u00e4 vaihteita ja mekanismeja. Kytke laite pois p\u00e4\u00e4lt\u00e4, kun et k\u00e4yt\u00e4 sit\u00e4.\" \/>\n<meta property=\"og:url\" content=\"https:\/\/ohmytuft.com\/fi\/tuote\/kasin-tufting-gun-ak-ii-loop-pile-silmukkakasa\/\" \/>\n<meta property=\"og:site_name\" content=\"Ohmytuft.com\" \/>\n<meta property=\"og:image\" content=\"https:\/\/ohmytuft.com\/wp-content\/uploads\/2021\/02\/23022021-IMG_4443-scaled.jpg\" \/>\n\t<meta property=\"og:image:width\" content=\"2560\" \/>\n\t<meta property=\"og:image:height\" content=\"2560\" \/>\n\t<meta property=\"og:image:type\" content=\"image\/jpeg\" \/>\n<meta name=\"twitter:card\" content=\"summary_large_image\" \/>\n<meta name=\"twitter:label1\" content=\"Arvioitu lukuaika\" \/>\n\t<meta name=\"twitter:data1\" content=\"2 minuuttia\" \/>\n<script type=\"application\/ld+json\" class=\"yoast-schema-graph\">{\"@context\":\"https:\/\/schema.org\",\"@graph\":[{\"@type\":\"WebPage\",\"@id\":\"https:\/\/ohmytuft.com\/fi\/tuote\/kasin-tufting-gun-ak-ii-loop-pile-silmukkakasa\/\",\"url\":\"https:\/\/ohmytuft.com\/fi\/tuote\/kasin-tufting-gun-ak-ii-loop-pile-silmukkakasa\/\",\"name\":\"K\u00e4sin tufting Gun AK-II - Loop Pile (silmukkakasa) - Ohmytuft.com\",\"isPartOf\":{\"@id\":\"https:\/\/ohmytuft.com\/fi\/#website\"},\"primaryImageOfPage\":{\"@id\":\"https:\/\/ohmytuft.com\/fi\/tuote\/kasin-tufting-gun-ak-ii-loop-pile-silmukkakasa\/#primaryimage\"},\"image\":{\"@id\":\"https:\/\/ohmytuft.com\/fi\/tuote\/kasin-tufting-gun-ak-ii-loop-pile-silmukkakasa\/#primaryimage\"},\"thumbnailUrl\":\"https:\/\/ohmytuft.com\/wp-content\/uploads\/2021\/02\/tufting-gun-ak2.jpg\",\"datePublished\":\"2021-02-09T13:33:15+00:00\",\"breadcrumb\":{\"@id\":\"https:\/\/ohmytuft.com\/fi\/tuote\/kasin-tufting-gun-ak-ii-loop-pile-silmukkakasa\/#breadcrumb\"},\"inLanguage\":\"fi\",\"potentialAction\":[{\"@type\":\"ReadAction\",\"target\":[\"https:\/\/ohmytuft.com\/fi\/tuote\/kasin-tufting-gun-ak-ii-loop-pile-silmukkakasa\/\"]}]},{\"@type\":\"ImageObject\",\"inLanguage\":\"fi\",\"@id\":\"https:\/\/ohmytuft.com\/fi\/tuote\/kasin-tufting-gun-ak-ii-loop-pile-silmukkakasa\/#primaryimage\",\"url\":\"https:\/\/ohmytuft.com\/wp-content\/uploads\/2021\/02\/tufting-gun-ak2.jpg\",\"contentUrl\":\"https:\/\/ohmytuft.com\/wp-content\/uploads\/2021\/02\/tufting-gun-ak2.jpg\",\"width\":2560,\"height\":2560},{\"@type\":\"BreadcrumbList\",\"@id\":\"https:\/\/ohmytuft.com\/fi\/tuote\/kasin-tufting-gun-ak-ii-loop-pile-silmukkakasa\/#breadcrumb\",\"itemListElement\":[{\"@type\":\"ListItem\",\"position\":1,\"name\":\"Home\",\"item\":\"https:\/\/ohmytuft.com\/fi\/\"},{\"@type\":\"ListItem\",\"position\":2,\"name\":\"Kauppa\",\"item\":\"https:\/\/ohmytuft.com\/fi\/kauppa\/\"},{\"@type\":\"ListItem\",\"position\":3,\"name\":\"K\u00e4sin tufting Gun AK-II &#8211; Loop Pile (silmukkakasa)\"}]},{\"@type\":\"WebSite\",\"@id\":\"https:\/\/ohmytuft.com\/fi\/#website\",\"url\":\"https:\/\/ohmytuft.com\/fi\/\",\"name\":\"Oh my tuft\",\"description\":\"Oh my tuft\",\"publisher\":{\"@id\":\"https:\/\/ohmytuft.com\/fi\/#organization\"},\"potentialAction\":[{\"@type\":\"SearchAction\",\"target\":{\"@type\":\"EntryPoint\",\"urlTemplate\":\"https:\/\/ohmytuft.com\/fi\/?s={search_term_string}\"},\"query-input\":{\"@type\":\"PropertyValueSpecification\",\"valueRequired\":true,\"valueName\":\"search_term_string\"}}],\"inLanguage\":\"fi\"},{\"@type\":\"Organization\",\"@id\":\"https:\/\/ohmytuft.com\/fi\/#organization\",\"name\":\"Oh my tuft\",\"url\":\"https:\/\/ohmytuft.com\/fi\/\",\"logo\":{\"@type\":\"ImageObject\",\"inLanguage\":\"fi\",\"@id\":\"https:\/\/ohmytuft.com\/fi\/#\/schema\/logo\/image\/\",\"url\":\"https:\/\/ohmytuft.com\/wp-content\/uploads\/2021\/02\/WEB-20.png\",\"contentUrl\":\"https:\/\/ohmytuft.com\/wp-content\/uploads\/2021\/02\/WEB-20.png\",\"width\":2085,\"height\":764,\"caption\":\"Oh my tuft\"},\"image\":{\"@id\":\"https:\/\/ohmytuft.com\/fi\/#\/schema\/logo\/image\/\"},\"sameAs\":[\"https:\/\/www.instagram.com\/tuftinggunsupplies\/\",\"https:\/\/www.tiktok.com\/@tuftinggun\"]}]}<\/script>\n<!-- \/ Yoast SEO plugin. -->","yoast_head_json":{"title":"K\u00e4sin tufting Gun AK-II - Loop Pile (silmukkakasa) - Ohmytuft.com","robots":{"index":"index","follow":"follow","max-snippet":"max-snippet:-1","max-image-preview":"max-image-preview:large","max-video-preview":"max-video-preview:-1"},"canonical":"https:\/\/ohmytuft.com\/fi\/tuote\/kasin-tufting-gun-ak-ii-loop-pile-silmukkakasa\/","og_locale":"fi_FI","og_type":"article","og_title":"K\u00e4sin tufting Gun AK-II - Loop Pile (silmukkakasa) - Ohmytuft.com","og_description":"S\u00e4hk\u00f6inen k\u00e4sin tufting gun - Loop pile.  100- 240 V, jossa on europistoke  Kasan korkeus s\u00e4\u00e4dett\u00e4viss\u00e4: 4-13 mm  Paino: 1,40 kg  Nopeus s\u00e4\u00e4dett\u00e4viss\u00e4: 5-45 pistoa\/sek ja s\u00e4\u00e4dett\u00e4viss\u00e4. Voit s\u00e4\u00e4t\u00e4\u00e4 nopeutta yksityiskohtia varten. T\u00e4m\u00e4 kone on helppo oppia ja k\u00e4ytt\u00e4\u00e4. Ohjeita tulossa pian! S\u00e4\u00e4nn\u00f6llinen huolto pident\u00e4\u00e4 ty\u00f6kalun k\u00e4ytt\u00f6ik\u00e4\u00e4. Laatikko sis\u00e4lt\u00e4\u00e4:  Tufting Gun Machine  AC\/DC-sovitin, jossa on europistoke  Ty\u00f6kalut ja ruuvit huoltoa varten Turvallisuus ensin! K\u00e4yt\u00e4 kuulo- ja silm\u00e4suojaimia. V\u00e4lt\u00e4 vaihteita ja mekanismeja. Kytke laite pois p\u00e4\u00e4lt\u00e4, kun et k\u00e4yt\u00e4 sit\u00e4.","og_url":"https:\/\/ohmytuft.com\/fi\/tuote\/kasin-tufting-gun-ak-ii-loop-pile-silmukkakasa\/","og_site_name":"Ohmytuft.com","og_image":[{"width":2560,"height":2560,"url":"https:\/\/ohmytuft.com\/wp-content\/uploads\/2021\/02\/23022021-IMG_4443-scaled.jpg","type":"image\/jpeg"}],"twitter_card":"summary_large_image","twitter_misc":{"Arvioitu lukuaika":"2 minuuttia"},"schema":{"@context":"https:\/\/schema.org","@graph":[{"@type":"WebPage","@id":"https:\/\/ohmytuft.com\/fi\/tuote\/kasin-tufting-gun-ak-ii-loop-pile-silmukkakasa\/","url":"https:\/\/ohmytuft.com\/fi\/tuote\/kasin-tufting-gun-ak-ii-loop-pile-silmukkakasa\/","name":"K\u00e4sin tufting Gun AK-II - Loop Pile (silmukkakasa) - Ohmytuft.com","isPartOf":{"@id":"https:\/\/ohmytuft.com\/fi\/#website"},"primaryImageOfPage":{"@id":"https:\/\/ohmytuft.com\/fi\/tuote\/kasin-tufting-gun-ak-ii-loop-pile-silmukkakasa\/#primaryimage"},"image":{"@id":"https:\/\/ohmytuft.com\/fi\/tuote\/kasin-tufting-gun-ak-ii-loop-pile-silmukkakasa\/#primaryimage"},"thumbnailUrl":"https:\/\/ohmytuft.com\/wp-content\/uploads\/2021\/02\/tufting-gun-ak2.jpg","datePublished":"2021-02-09T13:33:15+00:00","breadcrumb":{"@id":"https:\/\/ohmytuft.com\/fi\/tuote\/kasin-tufting-gun-ak-ii-loop-pile-silmukkakasa\/#breadcrumb"},"inLanguage":"fi","potentialAction":[{"@type":"ReadAction","target":["https:\/\/ohmytuft.com\/fi\/tuote\/kasin-tufting-gun-ak-ii-loop-pile-silmukkakasa\/"]}]},{"@type":"ImageObject","inLanguage":"fi","@id":"https:\/\/ohmytuft.com\/fi\/tuote\/kasin-tufting-gun-ak-ii-loop-pile-silmukkakasa\/#primaryimage","url":"https:\/\/ohmytuft.com\/wp-content\/uploads\/2021\/02\/tufting-gun-ak2.jpg","contentUrl":"https:\/\/ohmytuft.com\/wp-content\/uploads\/2021\/02\/tufting-gun-ak2.jpg","width":2560,"height":2560},{"@type":"BreadcrumbList","@id":"https:\/\/ohmytuft.com\/fi\/tuote\/kasin-tufting-gun-ak-ii-loop-pile-silmukkakasa\/#breadcrumb","itemListElement":[{"@type":"ListItem","position":1,"name":"Home","item":"https:\/\/ohmytuft.com\/fi\/"},{"@type":"ListItem","position":2,"name":"Kauppa","item":"https:\/\/ohmytuft.com\/fi\/kauppa\/"},{"@type":"ListItem","position":3,"name":"K\u00e4sin tufting Gun AK-II &#8211; Loop Pile (silmukkakasa)"}]},{"@type":"WebSite","@id":"https:\/\/ohmytuft.com\/fi\/#website","url":"https:\/\/ohmytuft.com\/fi\/","name":"Oh my tuft","description":"Oh my tuft","publisher":{"@id":"https:\/\/ohmytuft.com\/fi\/#organization"},"potentialAction":[{"@type":"SearchAction","target":{"@type":"EntryPoint","urlTemplate":"https:\/\/ohmytuft.com\/fi\/?s={search_term_string}"},"query-input":{"@type":"PropertyValueSpecification","valueRequired":true,"valueName":"search_term_string"}}],"inLanguage":"fi"},{"@type":"Organization","@id":"https:\/\/ohmytuft.com\/fi\/#organization","name":"Oh my tuft","url":"https:\/\/ohmytuft.com\/fi\/","logo":{"@type":"ImageObject","inLanguage":"fi","@id":"https:\/\/ohmytuft.com\/fi\/#\/schema\/logo\/image\/","url":"https:\/\/ohmytuft.com\/wp-content\/uploads\/2021\/02\/WEB-20.png","contentUrl":"https:\/\/ohmytuft.com\/wp-content\/uploads\/2021\/02\/WEB-20.png","width":2085,"height":764,"caption":"Oh my tuft"},"image":{"@id":"https:\/\/ohmytuft.com\/fi\/#\/schema\/logo\/image\/"},"sameAs":["https:\/\/www.instagram.com\/tuftinggunsupplies\/","https:\/\/www.tiktok.com\/@tuftinggun"]}]}},"_links":{"self":[{"href":"https:\/\/ohmytuft.com\/fi\/wp-json\/wp\/v2\/product\/7437","targetHints":{"allow":["GET"]}}],"collection":[{"href":"https:\/\/ohmytuft.com\/fi\/wp-json\/wp\/v2\/product"}],"about":[{"href":"https:\/\/ohmytuft.com\/fi\/wp-json\/wp\/v2\/types\/product"}],"replies":[{"embeddable":true,"href":"https:\/\/ohmytuft.com\/fi\/wp-json\/wp\/v2\/comments?post=7437"}],"wp:featuredmedia":[{"embeddable":true,"href":"https:\/\/ohmytuft.com\/fi\/wp-json\/wp\/v2\/media\/8947"}],"wp:attachment":[{"href":"https:\/\/ohmytuft.com\/fi\/wp-json\/wp\/v2\/media?parent=7437"}],"wp:term":[{"taxonomy":"product_brand","embeddable":true,"href":"https:\/\/ohmytuft.com\/fi\/wp-json\/wp\/v2\/product_brand?post=7437"},{"taxonomy":"product_cat","embeddable":true,"href":"https:\/\/ohmytuft.com\/fi\/wp-json\/wp\/v2\/product_cat?post=7437"},{"taxonomy":"product_tag","embeddable":true,"href":"https:\/\/ohmytuft.com\/fi\/wp-json\/wp\/v2\/product_tag?post=7437"}],"curies":[{"name":"wp","href":"https:\/\/api.w.org\/{rel}","templated":true}]}}