{"id":7438,"date":"2021-02-28T20:55:20","date_gmt":"2021-02-28T20:55:20","guid":{"rendered":"https:\/\/ohmytuft.com\/product\/kasin-tufting-gun-ak-i-leikattu-pino\/"},"modified":"2024-05-25T11:01:15","modified_gmt":"2024-05-25T11:01:15","slug":"kasin-tufting-gun-ak-i-leikattu-pino","status":"publish","type":"product","link":"https:\/\/ohmytuft.com\/fi\/tuote\/kasin-tufting-gun-ak-i-leikattu-pino\/","title":{"rendered":"K\u00e4sin tufting Gun AK-I &#8211; Leikattu pino"},"content":{"rendered":"<p>AK-1:n leikatut kasat <a href=\"https:\/\/ohmytuft.com\/buy\/tufting-guns\/\"><br \/>\n  <strong>Tuftauspistooli<\/strong><br \/>\n<\/a> on merkitt\u00e4v\u00e4 ty\u00f6kalu, joka on suunniteltu nostamaan tuftingin taito uusiin korkeuksiin. Seuraavassa on yksityiskohtainen kuvaus ja muutamia pakottavia syit\u00e4, miksi se on pakollinen varuste tufting-liikkeess\u00e4si:<\/p>\n<ol>\n<li><strong>Tarkkuus ja valvonta<\/strong>: AK-1 Cut Pile Tufting Gun on suunniteltu tarkkuutta varten. Sen avulla voit luoda monimutkaisia kuvioita ja malleja helposti sen herkkien ohjainten ja sujuvan toiminnan ansiosta. T\u00e4m\u00e4 ty\u00f6kalu tarjoaa vertaansa vailla olevaa tarkkuutta, ty\u00f6skentelitp\u00e4 sitten suurten mattojen tai yksityiskohtaisten sein\u00e4vaatteiden parissa.<\/li>\n<li><strong>Tehokas ja aikaa s\u00e4\u00e4st\u00e4v\u00e4<\/strong>: AK-1:n merkitt\u00e4v\u00e4 etu on nopeus. Se nopeuttaa tuftingin nopeutta huomattavasti manuaalisiin menetelmiin verrattuna, joten voit saada projektit valmiiksi paljon nopeammin. T\u00e4m\u00e4 tehokkuus on ratkaiseva tekij\u00e4 niin harrastajille kuin ammattilaisillekin, sill\u00e4 se lis\u00e4\u00e4 tuottavuutta ja antaa mahdollisuuden tehd\u00e4 enemm\u00e4n projekteja.<\/li>\n<li><strong>Monipuolinen muotoilu<\/strong>: Se on suosittu tufting-tyyli, joka antaa kankaalle muhkean, samettisen rakenteen. Se sopii erinomaisesti ylellisten mattojen, tyylikk\u00e4\u00e4n sein\u00e4taiteen ja muiden koriste-esineiden luomiseen. Leikattu kasa tarjoaa my\u00f6s ainutlaatuisen tuntuman, joka on eritt\u00e4in haluttu kodin sisustuksessa.<\/li>\n<li><strong>Helppok\u00e4ytt\u00f6isyys<\/strong>: AK-1 on suunniteltu k\u00e4ytt\u00e4j\u00e4yst\u00e4v\u00e4lliseksi. Se on kevyt ja helppok\u00e4ytt\u00f6inen, joten se sopii my\u00f6s aloittelijoille. Ergonominen muotoilu v\u00e4hent\u00e4\u00e4 v\u00e4symyst\u00e4, joten voit ty\u00f6skennell\u00e4 pidempi\u00e4 aikoja mukavasti.<\/li>\n<li><strong>Kest\u00e4vyys ja luotettavuus<\/strong>: AK-1 on valmistettu korkealaatuisista materiaaleista, ja se on rakennettu kest\u00e4m\u00e4\u00e4n. Se on luotettava ty\u00f6kalu, joka kest\u00e4\u00e4 usein toistuvaa k\u00e4ytt\u00f6\u00e4 ja varmistaa, ett\u00e4 investointisi maksaa itsens\u00e4 takaisin pitk\u00e4ll\u00e4 aikav\u00e4lill\u00e4.<\/li>\n<li><strong>Parannettu luovuus<\/strong>: AK-1:ll\u00e4 vain mielikuvitus on rajana. Se avaa luovien mahdollisuuksien maailman, ja voit kokeilla erilaisia kuvioita, v\u00e4rej\u00e4 ja kuvioita. T\u00e4m\u00e4 ty\u00f6kalu voi auttaa toteuttamaan kunnianhimoisimmat suunnitelmasi.<\/li>\n<\/ol>\n<p>Yhteenvetona voidaan todeta, ett\u00e4 AK-1 Cut Pile Tufting Gun on arvokas lis\u00e4 mihin tahansa ty\u00f6h\u00f6n. <a href=\"https:\/\/ohmytuft.com\/\"><br \/>\n  <strong>tuftaukseen<\/strong><br \/>\n<\/a> taiteilijaan. Siin\u00e4 yhdistyv\u00e4t tehokkuus, tarkkuus ja helppok\u00e4ytt\u00f6isyys yhdess\u00e4 tehokkaassa ty\u00f6kalussa, mik\u00e4 tekee siit\u00e4 ihanteellisen sek\u00e4 harrastelijoille ett\u00e4 ammattimaisille tuftaajille. Investoimalla t\u00e4h\u00e4n ty\u00f6kaluun investoit tufting-projekteidesi laatuun ja luovuuteen.<\/p>\n","protected":false},"excerpt":{"rendered":"<p><b>S\u00e4hk\u00f6k\u00e4ytt\u00f6inen k\u00e4sin tufting gun &#8211; Cut pile.<\/b><\/p>\n<ul>\n<li>100- 240 V, jossa on europistoke<\/li>\n<li>Kasan korkeus s\u00e4\u00e4dett\u00e4viss\u00e4: 7-21 mm<\/li>\n<li>Paino: 1,40 kg<\/li>\n<li>Nopeus s\u00e4\u00e4dett\u00e4viss\u00e4: 5-40 pistoa\/sek ja s\u00e4\u00e4dett\u00e4viss\u00e4. Voit s\u00e4\u00e4t\u00e4\u00e4 nopeutta yksityiskohtia varten.<\/li>\n<\/ul>\n<p>T\u00e4m\u00e4 kone on helppo oppia ja k\u00e4ytt\u00e4\u00e4. Ohjeita tulossa pian!<br \/>\nS\u00e4\u00e4nn\u00f6llinen huolto pident\u00e4\u00e4 ty\u00f6kalun k\u00e4ytt\u00f6ik\u00e4\u00e4.<\/p>\n<p><strong>Laatikko sis\u00e4lt\u00e4\u00e4:<\/strong><\/p>\n<ul>\n<li>Tufting Gun Machine<\/li>\n<li>AC\/DC-sovitin, jossa on europistoke<\/li>\n<li>Ty\u00f6kalut ja ruuvit huoltoa varten<\/li>\n<\/ul>\n<p><strong>Turvallisuus ensin!<\/strong><\/p>\n<ol>\n<li>K\u00e4yt\u00e4 kuulo- ja silm\u00e4suojaimia.<\/li>\n<li>V\u00e4lt\u00e4 vaihteita ja mekanismeja.<\/li>\n<li>Kytke laite pois p\u00e4\u00e4lt\u00e4, kun et k\u00e4yt\u00e4 sit\u00e4.<\/li>\n<\/ol>\n","protected":false},"featured_media":8934,"comment_status":"open","ping_status":"closed","template":"","meta":{"_joinchat":[]},"product_brand":[],"product_cat":[398],"product_tag":[],"class_list":{"0":"post-7438","1":"product","2":"type-product","3":"status-publish","4":"has-post-thumbnail","6":"product_cat-tuftauspistoolit","8":"first","9":"outofstock","10":"sale","11":"taxable","12":"shipping-taxable","13":"purchasable","14":"product-type-simple"},"yoast_head":"<!-- This site is optimized with the Yoast SEO plugin v27.2 - https:\/\/yoast.com\/product\/yoast-seo-wordpress\/ -->\n<title>K\u00e4sin tufting Gun AK-I - Leikattu pino - Ohmytuft.com<\/title>\n<meta name=\"robots\" content=\"index, follow, max-snippet:-1, max-image-preview:large, max-video-preview:-1\" \/>\n<link rel=\"canonical\" href=\"https:\/\/ohmytuft.com\/fi\/tuote\/kasin-tufting-gun-ak-i-leikattu-pino\/\" \/>\n<meta property=\"og:locale\" content=\"fi_FI\" \/>\n<meta property=\"og:type\" content=\"article\" \/>\n<meta property=\"og:title\" content=\"K\u00e4sin tufting Gun AK-I - Leikattu pino - Ohmytuft.com\" \/>\n<meta property=\"og:description\" content=\"S\u00e4hk\u00f6k\u00e4ytt\u00f6inen k\u00e4sin tufting gun - Cut pile.  100- 240 V, jossa on europistoke  Kasan korkeus s\u00e4\u00e4dett\u00e4viss\u00e4: 7-21 mm  Paino: 1,40 kg  Nopeus s\u00e4\u00e4dett\u00e4viss\u00e4: 5-40 pistoa\/sek ja s\u00e4\u00e4dett\u00e4viss\u00e4. Voit s\u00e4\u00e4t\u00e4\u00e4 nopeutta yksityiskohtia varten. T\u00e4m\u00e4 kone on helppo oppia ja k\u00e4ytt\u00e4\u00e4. Ohjeita tulossa pian! S\u00e4\u00e4nn\u00f6llinen huolto pident\u00e4\u00e4 ty\u00f6kalun k\u00e4ytt\u00f6ik\u00e4\u00e4. Laatikko sis\u00e4lt\u00e4\u00e4:  Tufting Gun Machine  AC\/DC-sovitin, jossa on europistoke  Ty\u00f6kalut ja ruuvit huoltoa varten Turvallisuus ensin!  K\u00e4yt\u00e4 kuulo- ja silm\u00e4suojaimia.  V\u00e4lt\u00e4 vaihteita ja mekanismeja.  Kytke laite pois p\u00e4\u00e4lt\u00e4, kun et k\u00e4yt\u00e4 sit\u00e4.\" \/>\n<meta property=\"og:url\" content=\"https:\/\/ohmytuft.com\/fi\/tuote\/kasin-tufting-gun-ak-i-leikattu-pino\/\" \/>\n<meta property=\"og:site_name\" content=\"Ohmytuft.com\" \/>\n<meta property=\"article:modified_time\" content=\"2024-05-25T11:01:15+00:00\" \/>\n<meta property=\"og:image\" content=\"https:\/\/ohmytuft.com\/wp-content\/uploads\/2021\/02\/23022021-IMG_4393-scaled.jpg\" \/>\n\t<meta property=\"og:image:width\" content=\"2560\" \/>\n\t<meta property=\"og:image:height\" content=\"2560\" \/>\n\t<meta property=\"og:image:type\" content=\"image\/jpeg\" \/>\n<meta name=\"twitter:card\" content=\"summary_large_image\" \/>\n<meta name=\"twitter:label1\" content=\"Arvioitu lukuaika\" \/>\n\t<meta name=\"twitter:data1\" content=\"2 minuuttia\" \/>\n<script type=\"application\/ld+json\" class=\"yoast-schema-graph\">{\"@context\":\"https:\/\/schema.org\",\"@graph\":[{\"@type\":\"WebPage\",\"@id\":\"https:\/\/ohmytuft.com\/fi\/tuote\/kasin-tufting-gun-ak-i-leikattu-pino\/\",\"url\":\"https:\/\/ohmytuft.com\/fi\/tuote\/kasin-tufting-gun-ak-i-leikattu-pino\/\",\"name\":\"K\u00e4sin tufting Gun AK-I - Leikattu pino - Ohmytuft.com\",\"isPartOf\":{\"@id\":\"https:\/\/ohmytuft.com\/fi\/#website\"},\"primaryImageOfPage\":{\"@id\":\"https:\/\/ohmytuft.com\/fi\/tuote\/kasin-tufting-gun-ak-i-leikattu-pino\/#primaryimage\"},\"image\":{\"@id\":\"https:\/\/ohmytuft.com\/fi\/tuote\/kasin-tufting-gun-ak-i-leikattu-pino\/#primaryimage\"},\"thumbnailUrl\":\"https:\/\/ohmytuft.com\/wp-content\/uploads\/2021\/02\/tufting-gun-ak1.png\",\"datePublished\":\"2021-02-28T20:55:20+00:00\",\"dateModified\":\"2024-05-25T11:01:15+00:00\",\"breadcrumb\":{\"@id\":\"https:\/\/ohmytuft.com\/fi\/tuote\/kasin-tufting-gun-ak-i-leikattu-pino\/#breadcrumb\"},\"inLanguage\":\"fi\",\"potentialAction\":[{\"@type\":\"ReadAction\",\"target\":[\"https:\/\/ohmytuft.com\/fi\/tuote\/kasin-tufting-gun-ak-i-leikattu-pino\/\"]}]},{\"@type\":\"ImageObject\",\"inLanguage\":\"fi\",\"@id\":\"https:\/\/ohmytuft.com\/fi\/tuote\/kasin-tufting-gun-ak-i-leikattu-pino\/#primaryimage\",\"url\":\"https:\/\/ohmytuft.com\/wp-content\/uploads\/2021\/02\/tufting-gun-ak1.png\",\"contentUrl\":\"https:\/\/ohmytuft.com\/wp-content\/uploads\/2021\/02\/tufting-gun-ak1.png\",\"width\":800,\"height\":800,\"caption\":\"tufting gun AK1\"},{\"@type\":\"BreadcrumbList\",\"@id\":\"https:\/\/ohmytuft.com\/fi\/tuote\/kasin-tufting-gun-ak-i-leikattu-pino\/#breadcrumb\",\"itemListElement\":[{\"@type\":\"ListItem\",\"position\":1,\"name\":\"Home\",\"item\":\"https:\/\/ohmytuft.com\/fi\/\"},{\"@type\":\"ListItem\",\"position\":2,\"name\":\"Kauppa\",\"item\":\"https:\/\/ohmytuft.com\/fi\/kauppa\/\"},{\"@type\":\"ListItem\",\"position\":3,\"name\":\"K\u00e4sin tufting Gun AK-I &#8211; Leikattu pino\"}]},{\"@type\":\"WebSite\",\"@id\":\"https:\/\/ohmytuft.com\/fi\/#website\",\"url\":\"https:\/\/ohmytuft.com\/fi\/\",\"name\":\"Oh my tuft\",\"description\":\"Oh my tuft\",\"publisher\":{\"@id\":\"https:\/\/ohmytuft.com\/fi\/#organization\"},\"potentialAction\":[{\"@type\":\"SearchAction\",\"target\":{\"@type\":\"EntryPoint\",\"urlTemplate\":\"https:\/\/ohmytuft.com\/fi\/?s={search_term_string}\"},\"query-input\":{\"@type\":\"PropertyValueSpecification\",\"valueRequired\":true,\"valueName\":\"search_term_string\"}}],\"inLanguage\":\"fi\"},{\"@type\":\"Organization\",\"@id\":\"https:\/\/ohmytuft.com\/fi\/#organization\",\"name\":\"Oh my tuft\",\"url\":\"https:\/\/ohmytuft.com\/fi\/\",\"logo\":{\"@type\":\"ImageObject\",\"inLanguage\":\"fi\",\"@id\":\"https:\/\/ohmytuft.com\/fi\/#\/schema\/logo\/image\/\",\"url\":\"https:\/\/ohmytuft.com\/wp-content\/uploads\/2021\/02\/WEB-20.png\",\"contentUrl\":\"https:\/\/ohmytuft.com\/wp-content\/uploads\/2021\/02\/WEB-20.png\",\"width\":2085,\"height\":764,\"caption\":\"Oh my tuft\"},\"image\":{\"@id\":\"https:\/\/ohmytuft.com\/fi\/#\/schema\/logo\/image\/\"},\"sameAs\":[\"https:\/\/www.instagram.com\/tuftinggunsupplies\/\",\"https:\/\/www.tiktok.com\/@tuftinggun\"]}]}<\/script>\n<!-- \/ Yoast SEO plugin. -->","yoast_head_json":{"title":"K\u00e4sin tufting Gun AK-I - Leikattu pino - Ohmytuft.com","robots":{"index":"index","follow":"follow","max-snippet":"max-snippet:-1","max-image-preview":"max-image-preview:large","max-video-preview":"max-video-preview:-1"},"canonical":"https:\/\/ohmytuft.com\/fi\/tuote\/kasin-tufting-gun-ak-i-leikattu-pino\/","og_locale":"fi_FI","og_type":"article","og_title":"K\u00e4sin tufting Gun AK-I - Leikattu pino - Ohmytuft.com","og_description":"S\u00e4hk\u00f6k\u00e4ytt\u00f6inen k\u00e4sin tufting gun - Cut pile.  100- 240 V, jossa on europistoke  Kasan korkeus s\u00e4\u00e4dett\u00e4viss\u00e4: 7-21 mm  Paino: 1,40 kg  Nopeus s\u00e4\u00e4dett\u00e4viss\u00e4: 5-40 pistoa\/sek ja s\u00e4\u00e4dett\u00e4viss\u00e4. Voit s\u00e4\u00e4t\u00e4\u00e4 nopeutta yksityiskohtia varten. T\u00e4m\u00e4 kone on helppo oppia ja k\u00e4ytt\u00e4\u00e4. Ohjeita tulossa pian! S\u00e4\u00e4nn\u00f6llinen huolto pident\u00e4\u00e4 ty\u00f6kalun k\u00e4ytt\u00f6ik\u00e4\u00e4. Laatikko sis\u00e4lt\u00e4\u00e4:  Tufting Gun Machine  AC\/DC-sovitin, jossa on europistoke  Ty\u00f6kalut ja ruuvit huoltoa varten Turvallisuus ensin!  K\u00e4yt\u00e4 kuulo- ja silm\u00e4suojaimia.  V\u00e4lt\u00e4 vaihteita ja mekanismeja.  Kytke laite pois p\u00e4\u00e4lt\u00e4, kun et k\u00e4yt\u00e4 sit\u00e4.","og_url":"https:\/\/ohmytuft.com\/fi\/tuote\/kasin-tufting-gun-ak-i-leikattu-pino\/","og_site_name":"Ohmytuft.com","article_modified_time":"2024-05-25T11:01:15+00:00","og_image":[{"width":2560,"height":2560,"url":"https:\/\/ohmytuft.com\/wp-content\/uploads\/2021\/02\/23022021-IMG_4393-scaled.jpg","type":"image\/jpeg"}],"twitter_card":"summary_large_image","twitter_misc":{"Arvioitu lukuaika":"2 minuuttia"},"schema":{"@context":"https:\/\/schema.org","@graph":[{"@type":"WebPage","@id":"https:\/\/ohmytuft.com\/fi\/tuote\/kasin-tufting-gun-ak-i-leikattu-pino\/","url":"https:\/\/ohmytuft.com\/fi\/tuote\/kasin-tufting-gun-ak-i-leikattu-pino\/","name":"K\u00e4sin tufting Gun AK-I - Leikattu pino - Ohmytuft.com","isPartOf":{"@id":"https:\/\/ohmytuft.com\/fi\/#website"},"primaryImageOfPage":{"@id":"https:\/\/ohmytuft.com\/fi\/tuote\/kasin-tufting-gun-ak-i-leikattu-pino\/#primaryimage"},"image":{"@id":"https:\/\/ohmytuft.com\/fi\/tuote\/kasin-tufting-gun-ak-i-leikattu-pino\/#primaryimage"},"thumbnailUrl":"https:\/\/ohmytuft.com\/wp-content\/uploads\/2021\/02\/tufting-gun-ak1.png","datePublished":"2021-02-28T20:55:20+00:00","dateModified":"2024-05-25T11:01:15+00:00","breadcrumb":{"@id":"https:\/\/ohmytuft.com\/fi\/tuote\/kasin-tufting-gun-ak-i-leikattu-pino\/#breadcrumb"},"inLanguage":"fi","potentialAction":[{"@type":"ReadAction","target":["https:\/\/ohmytuft.com\/fi\/tuote\/kasin-tufting-gun-ak-i-leikattu-pino\/"]}]},{"@type":"ImageObject","inLanguage":"fi","@id":"https:\/\/ohmytuft.com\/fi\/tuote\/kasin-tufting-gun-ak-i-leikattu-pino\/#primaryimage","url":"https:\/\/ohmytuft.com\/wp-content\/uploads\/2021\/02\/tufting-gun-ak1.png","contentUrl":"https:\/\/ohmytuft.com\/wp-content\/uploads\/2021\/02\/tufting-gun-ak1.png","width":800,"height":800,"caption":"tufting gun AK1"},{"@type":"BreadcrumbList","@id":"https:\/\/ohmytuft.com\/fi\/tuote\/kasin-tufting-gun-ak-i-leikattu-pino\/#breadcrumb","itemListElement":[{"@type":"ListItem","position":1,"name":"Home","item":"https:\/\/ohmytuft.com\/fi\/"},{"@type":"ListItem","position":2,"name":"Kauppa","item":"https:\/\/ohmytuft.com\/fi\/kauppa\/"},{"@type":"ListItem","position":3,"name":"K\u00e4sin tufting Gun AK-I &#8211; Leikattu pino"}]},{"@type":"WebSite","@id":"https:\/\/ohmytuft.com\/fi\/#website","url":"https:\/\/ohmytuft.com\/fi\/","name":"Oh my tuft","description":"Oh my tuft","publisher":{"@id":"https:\/\/ohmytuft.com\/fi\/#organization"},"potentialAction":[{"@type":"SearchAction","target":{"@type":"EntryPoint","urlTemplate":"https:\/\/ohmytuft.com\/fi\/?s={search_term_string}"},"query-input":{"@type":"PropertyValueSpecification","valueRequired":true,"valueName":"search_term_string"}}],"inLanguage":"fi"},{"@type":"Organization","@id":"https:\/\/ohmytuft.com\/fi\/#organization","name":"Oh my tuft","url":"https:\/\/ohmytuft.com\/fi\/","logo":{"@type":"ImageObject","inLanguage":"fi","@id":"https:\/\/ohmytuft.com\/fi\/#\/schema\/logo\/image\/","url":"https:\/\/ohmytuft.com\/wp-content\/uploads\/2021\/02\/WEB-20.png","contentUrl":"https:\/\/ohmytuft.com\/wp-content\/uploads\/2021\/02\/WEB-20.png","width":2085,"height":764,"caption":"Oh my tuft"},"image":{"@id":"https:\/\/ohmytuft.com\/fi\/#\/schema\/logo\/image\/"},"sameAs":["https:\/\/www.instagram.com\/tuftinggunsupplies\/","https:\/\/www.tiktok.com\/@tuftinggun"]}]}},"_links":{"self":[{"href":"https:\/\/ohmytuft.com\/fi\/wp-json\/wp\/v2\/product\/7438","targetHints":{"allow":["GET"]}}],"collection":[{"href":"https:\/\/ohmytuft.com\/fi\/wp-json\/wp\/v2\/product"}],"about":[{"href":"https:\/\/ohmytuft.com\/fi\/wp-json\/wp\/v2\/types\/product"}],"replies":[{"embeddable":true,"href":"https:\/\/ohmytuft.com\/fi\/wp-json\/wp\/v2\/comments?post=7438"}],"wp:featuredmedia":[{"embeddable":true,"href":"https:\/\/ohmytuft.com\/fi\/wp-json\/wp\/v2\/media\/8934"}],"wp:attachment":[{"href":"https:\/\/ohmytuft.com\/fi\/wp-json\/wp\/v2\/media?parent=7438"}],"wp:term":[{"taxonomy":"product_brand","embeddable":true,"href":"https:\/\/ohmytuft.com\/fi\/wp-json\/wp\/v2\/product_brand?post=7438"},{"taxonomy":"product_cat","embeddable":true,"href":"https:\/\/ohmytuft.com\/fi\/wp-json\/wp\/v2\/product_cat?post=7438"},{"taxonomy":"product_tag","embeddable":true,"href":"https:\/\/ohmytuft.com\/fi\/wp-json\/wp\/v2\/product_tag?post=7438"}],"curies":[{"name":"wp","href":"https:\/\/api.w.org\/{rel}","templated":true}]}}