{"id":3479,"date":"2023-04-03T14:25:43","date_gmt":"2023-04-03T14:25:43","guid":{"rendered":"https:\/\/ohmytuft.com\/programme-daffiliation\/"},"modified":"2023-05-12T15:11:37","modified_gmt":"2023-05-12T15:11:37","slug":"programme-daffiliation","status":"publish","type":"page","link":"https:\/\/ohmytuft.com\/fr\/programme-daffiliation\/","title":{"rendered":"Programme d&rsquo;affiliation"},"content":{"rendered":"\n<p>Devenez affili\u00e9 !<\/p>\n\n<p>Rejoignez le programme d&rsquo;affiliation d&rsquo;<strong>Ohmytuft.com<\/strong> et gagnez 15% de commission sur chaque vente que vous nous recommandez. Vendez nos <strong><a href=\"https:\/\/ohmytuft.com\/fr\/buy\/pistolets\/\">tufting guns<\/a><\/strong>, <strong><a href=\"https:\/\/ohmytuft.com\/fr\/buy\/fils\/\">yarn<\/a><\/strong>, <strong><a href=\"https:\/\/ohmytuft.com\/fr\/buy\/tissu\/\">cloths<\/a><\/strong> et tous nos produits sans investir d&rsquo;argent.<\/p>\n\n<h3 class=\"wp-block-heading\">Pourquoi travailler avec nous ?<\/h3>\n\n<ul class=\"wp-block-list\">\n<li>15% de commission sur chaque vente<\/li>\n\n\n\n<li>T\u00e9moin de suivi pendant 30 jours<\/li>\n\n\n\n<li>Paiements mensuels via PayPal (minimum de 50 euros)<\/li>\n\n\n\n<li>Support rapide et personnel<\/li>\n<\/ul>\n\n<p>N&rsquo;h\u00e9sitez pas \u00e0 nous contacter, \u00e0 poser vos questions <strong><a href=\"https:\/\/ohmytuft.com\/fr\/contact-2\/\">ici<\/a><\/strong>.<\/p>\n\n","protected":false},"excerpt":{"rendered":"<p>Devenez affili\u00e9 ! Rejoignez le programme d&rsquo;affiliation d&rsquo;Ohmytuft.com et gagnez 15% de commission sur chaque vente que vous nous recommandez. Vendez nos tufting guns, yarn, cloths et tous nos produits sans investir d&rsquo;argent. Pourquoi travailler avec nous ? N&rsquo;h\u00e9sitez pas \u00e0 nous contacter, \u00e0 poser vos questions ici.<\/p>\n","protected":false},"author":3,"featured_media":0,"parent":0,"menu_order":0,"comment_status":"closed","ping_status":"closed","template":"","meta":{"_joinchat":[],"footnotes":""},"class_list":["post-3479","page","type-page","status-publish","hentry"],"yoast_head":"<!-- This site is optimized with the Yoast SEO plugin v27.2 - https:\/\/yoast.com\/product\/yoast-seo-wordpress\/ -->\n<title>Tufting Affiliate Program - Ohmytuft.com<\/title>\n<meta name=\"robots\" content=\"index, follow, max-snippet:-1, max-image-preview:large, max-video-preview:-1\" \/>\n<link rel=\"canonical\" href=\"https:\/\/ohmytuft.com\/fr\/programme-daffiliation\/\" \/>\n<meta property=\"og:locale\" content=\"fr_FR\" \/>\n<meta property=\"og:type\" content=\"article\" \/>\n<meta property=\"og:title\" content=\"Tufting Affiliate Program - Ohmytuft.com\" \/>\n<meta property=\"og:description\" content=\"Devenez affili\u00e9 ! Rejoignez le programme d&rsquo;affiliation d&rsquo;Ohmytuft.com et gagnez 15% de commission sur chaque vente que vous nous recommandez. Vendez nos tufting guns, yarn, cloths et tous nos produits sans investir d&rsquo;argent. Pourquoi travailler avec nous ? N&rsquo;h\u00e9sitez pas \u00e0 nous contacter, \u00e0 poser vos questions ici.\" \/>\n<meta property=\"og:url\" content=\"https:\/\/ohmytuft.com\/fr\/programme-daffiliation\/\" \/>\n<meta property=\"og:site_name\" content=\"Ohmytuft.com\" \/>\n<meta property=\"article:modified_time\" content=\"2023-05-12T15:11:37+00:00\" \/>\n<meta name=\"twitter:card\" content=\"summary_large_image\" \/>\n<script type=\"application\/ld+json\" class=\"yoast-schema-graph\">{\"@context\":\"https:\/\/schema.org\",\"@graph\":[{\"@type\":\"WebPage\",\"@id\":\"https:\/\/ohmytuft.com\/fr\/programme-daffiliation\/\",\"url\":\"https:\/\/ohmytuft.com\/fr\/programme-daffiliation\/\",\"name\":\"Tufting Affiliate Program - Ohmytuft.com\",\"isPartOf\":{\"@id\":\"https:\/\/ohmytuft.com\/fr\/#website\"},\"datePublished\":\"2023-04-03T14:25:43+00:00\",\"dateModified\":\"2023-05-12T15:11:37+00:00\",\"breadcrumb\":{\"@id\":\"https:\/\/ohmytuft.com\/fr\/programme-daffiliation\/#breadcrumb\"},\"inLanguage\":\"fr-FR\",\"potentialAction\":[{\"@type\":\"ReadAction\",\"target\":[\"https:\/\/ohmytuft.com\/fr\/programme-daffiliation\/\"]}]},{\"@type\":\"BreadcrumbList\",\"@id\":\"https:\/\/ohmytuft.com\/fr\/programme-daffiliation\/#breadcrumb\",\"itemListElement\":[{\"@type\":\"ListItem\",\"position\":1,\"name\":\"Home\",\"item\":\"https:\/\/ohmytuft.com\/fr\/\"},{\"@type\":\"ListItem\",\"position\":2,\"name\":\"Programme d&rsquo;affiliation\"}]},{\"@type\":\"WebSite\",\"@id\":\"https:\/\/ohmytuft.com\/fr\/#website\",\"url\":\"https:\/\/ohmytuft.com\/fr\/\",\"name\":\"Oh my tuft\",\"description\":\"Oh my tuft\",\"publisher\":{\"@id\":\"https:\/\/ohmytuft.com\/fr\/#organization\"},\"potentialAction\":[{\"@type\":\"SearchAction\",\"target\":{\"@type\":\"EntryPoint\",\"urlTemplate\":\"https:\/\/ohmytuft.com\/fr\/?s={search_term_string}\"},\"query-input\":{\"@type\":\"PropertyValueSpecification\",\"valueRequired\":true,\"valueName\":\"search_term_string\"}}],\"inLanguage\":\"fr-FR\"},{\"@type\":\"Organization\",\"@id\":\"https:\/\/ohmytuft.com\/fr\/#organization\",\"name\":\"Oh my tuft\",\"url\":\"https:\/\/ohmytuft.com\/fr\/\",\"logo\":{\"@type\":\"ImageObject\",\"inLanguage\":\"fr-FR\",\"@id\":\"https:\/\/ohmytuft.com\/fr\/#\/schema\/logo\/image\/\",\"url\":\"https:\/\/ohmytuft.com\/wp-content\/uploads\/2021\/02\/WEB-20.png\",\"contentUrl\":\"https:\/\/ohmytuft.com\/wp-content\/uploads\/2021\/02\/WEB-20.png\",\"width\":2085,\"height\":764,\"caption\":\"Oh my tuft\"},\"image\":{\"@id\":\"https:\/\/ohmytuft.com\/fr\/#\/schema\/logo\/image\/\"},\"sameAs\":[\"https:\/\/www.instagram.com\/tuftinggunsupplies\/\",\"https:\/\/www.tiktok.com\/@tuftinggun\"]}]}<\/script>\n<!-- \/ Yoast SEO plugin. -->","yoast_head_json":{"title":"Tufting Affiliate Program - Ohmytuft.com","robots":{"index":"index","follow":"follow","max-snippet":"max-snippet:-1","max-image-preview":"max-image-preview:large","max-video-preview":"max-video-preview:-1"},"canonical":"https:\/\/ohmytuft.com\/fr\/programme-daffiliation\/","og_locale":"fr_FR","og_type":"article","og_title":"Tufting Affiliate Program - Ohmytuft.com","og_description":"Devenez affili\u00e9 ! Rejoignez le programme d&rsquo;affiliation d&rsquo;Ohmytuft.com et gagnez 15% de commission sur chaque vente que vous nous recommandez. Vendez nos tufting guns, yarn, cloths et tous nos produits sans investir d&rsquo;argent. Pourquoi travailler avec nous ? N&rsquo;h\u00e9sitez pas \u00e0 nous contacter, \u00e0 poser vos questions ici.","og_url":"https:\/\/ohmytuft.com\/fr\/programme-daffiliation\/","og_site_name":"Ohmytuft.com","article_modified_time":"2023-05-12T15:11:37+00:00","twitter_card":"summary_large_image","schema":{"@context":"https:\/\/schema.org","@graph":[{"@type":"WebPage","@id":"https:\/\/ohmytuft.com\/fr\/programme-daffiliation\/","url":"https:\/\/ohmytuft.com\/fr\/programme-daffiliation\/","name":"Tufting Affiliate Program - Ohmytuft.com","isPartOf":{"@id":"https:\/\/ohmytuft.com\/fr\/#website"},"datePublished":"2023-04-03T14:25:43+00:00","dateModified":"2023-05-12T15:11:37+00:00","breadcrumb":{"@id":"https:\/\/ohmytuft.com\/fr\/programme-daffiliation\/#breadcrumb"},"inLanguage":"fr-FR","potentialAction":[{"@type":"ReadAction","target":["https:\/\/ohmytuft.com\/fr\/programme-daffiliation\/"]}]},{"@type":"BreadcrumbList","@id":"https:\/\/ohmytuft.com\/fr\/programme-daffiliation\/#breadcrumb","itemListElement":[{"@type":"ListItem","position":1,"name":"Home","item":"https:\/\/ohmytuft.com\/fr\/"},{"@type":"ListItem","position":2,"name":"Programme d&rsquo;affiliation"}]},{"@type":"WebSite","@id":"https:\/\/ohmytuft.com\/fr\/#website","url":"https:\/\/ohmytuft.com\/fr\/","name":"Oh my tuft","description":"Oh my tuft","publisher":{"@id":"https:\/\/ohmytuft.com\/fr\/#organization"},"potentialAction":[{"@type":"SearchAction","target":{"@type":"EntryPoint","urlTemplate":"https:\/\/ohmytuft.com\/fr\/?s={search_term_string}"},"query-input":{"@type":"PropertyValueSpecification","valueRequired":true,"valueName":"search_term_string"}}],"inLanguage":"fr-FR"},{"@type":"Organization","@id":"https:\/\/ohmytuft.com\/fr\/#organization","name":"Oh my tuft","url":"https:\/\/ohmytuft.com\/fr\/","logo":{"@type":"ImageObject","inLanguage":"fr-FR","@id":"https:\/\/ohmytuft.com\/fr\/#\/schema\/logo\/image\/","url":"https:\/\/ohmytuft.com\/wp-content\/uploads\/2021\/02\/WEB-20.png","contentUrl":"https:\/\/ohmytuft.com\/wp-content\/uploads\/2021\/02\/WEB-20.png","width":2085,"height":764,"caption":"Oh my tuft"},"image":{"@id":"https:\/\/ohmytuft.com\/fr\/#\/schema\/logo\/image\/"},"sameAs":["https:\/\/www.instagram.com\/tuftinggunsupplies\/","https:\/\/www.tiktok.com\/@tuftinggun"]}]}},"_links":{"self":[{"href":"https:\/\/ohmytuft.com\/fr\/wp-json\/wp\/v2\/pages\/3479","targetHints":{"allow":["GET"]}}],"collection":[{"href":"https:\/\/ohmytuft.com\/fr\/wp-json\/wp\/v2\/pages"}],"about":[{"href":"https:\/\/ohmytuft.com\/fr\/wp-json\/wp\/v2\/types\/page"}],"author":[{"embeddable":true,"href":"https:\/\/ohmytuft.com\/fr\/wp-json\/wp\/v2\/users\/3"}],"replies":[{"embeddable":true,"href":"https:\/\/ohmytuft.com\/fr\/wp-json\/wp\/v2\/comments?post=3479"}],"version-history":[{"count":0,"href":"https:\/\/ohmytuft.com\/fr\/wp-json\/wp\/v2\/pages\/3479\/revisions"}],"wp:attachment":[{"href":"https:\/\/ohmytuft.com\/fr\/wp-json\/wp\/v2\/media?parent=3479"}],"curies":[{"name":"wp","href":"https:\/\/api.w.org\/{rel}","templated":true}]}}