{"id":3481,"date":"2020-10-06T14:45:35","date_gmt":"2020-10-06T14:45:35","guid":{"rendered":"https:\/\/ohmytuft.com\/a-propos-de-nous\/"},"modified":"2023-05-12T15:13:15","modified_gmt":"2023-05-12T15:13:15","slug":"a-propos-de-nous","status":"publish","type":"page","link":"https:\/\/ohmytuft.com\/fr\/a-propos-de-nous\/","title":{"rendered":"A propos de nous"},"content":{"rendered":"\n<p>Nous sommes un groupe d&rsquo;artisans et de designers bas\u00e9s \u00e0 Madrid, en Espagne, o\u00f9 nous dirigeons un petit atelier de tufting. Nous avons ouvert ce magasin pour vous aider \u00e0 trouver la meilleure qualit\u00e9 de fournitures pour vos tapis en Europe, en esp\u00e9rant vous faciliter la vie. <\/p>\n\n<h2 class=\"wp-block-heading\">Inscrivez-vous maintenant et b\u00e9n\u00e9ficiez d&rsquo;une r\u00e9duction de 20\u20ac*.<\/h2>\n<p>[mc4wp_form id=\u00a0\u00bb79&Prime;]<\/p>\n\n<p>*uniquement applicable aux pistolets \u00e0 touffeter<\/p>\n","protected":false},"excerpt":{"rendered":"<p>Nous sommes un groupe d&rsquo;artisans et de designers bas\u00e9s \u00e0 Madrid, en Espagne, o\u00f9 nous dirigeons un petit atelier de tufting. Nous avons ouvert ce magasin pour vous aider \u00e0 trouver la meilleure qualit\u00e9 de fournitures pour vos tapis en Europe, en esp\u00e9rant vous faciliter la vie. Inscrivez-vous maintenant et b\u00e9n\u00e9ficiez d&rsquo;une r\u00e9duction de 20\u20ac*. [&hellip;]<\/p>\n","protected":false},"author":3,"featured_media":0,"parent":0,"menu_order":0,"comment_status":"closed","ping_status":"closed","template":"","meta":{"_joinchat":[],"footnotes":""},"class_list":["post-3481","page","type-page","status-publish","hentry"],"yoast_head":"<!-- This site is optimized with the Yoast SEO plugin v27.2 - https:\/\/yoast.com\/product\/yoast-seo-wordpress\/ -->\n<title>A propos de nous - Ohmytuft.com<\/title>\n<meta name=\"robots\" content=\"index, follow, max-snippet:-1, max-image-preview:large, max-video-preview:-1\" \/>\n<link rel=\"canonical\" href=\"https:\/\/ohmytuft.com\/fr\/a-propos-de-nous\/\" \/>\n<meta property=\"og:locale\" content=\"fr_FR\" \/>\n<meta property=\"og:type\" content=\"article\" \/>\n<meta property=\"og:title\" content=\"A propos de nous - Ohmytuft.com\" \/>\n<meta property=\"og:description\" content=\"Nous sommes un groupe d&rsquo;artisans et de designers bas\u00e9s \u00e0 Madrid, en Espagne, o\u00f9 nous dirigeons un petit atelier de tufting. Nous avons ouvert ce magasin pour vous aider \u00e0 trouver la meilleure qualit\u00e9 de fournitures pour vos tapis en Europe, en esp\u00e9rant vous faciliter la vie. Inscrivez-vous maintenant et b\u00e9n\u00e9ficiez d&rsquo;une r\u00e9duction de 20\u20ac*. [&hellip;]\" \/>\n<meta property=\"og:url\" content=\"https:\/\/ohmytuft.com\/fr\/a-propos-de-nous\/\" \/>\n<meta property=\"og:site_name\" content=\"Ohmytuft.com\" \/>\n<meta property=\"article:modified_time\" content=\"2023-05-12T15:13:15+00:00\" \/>\n<meta name=\"twitter:card\" content=\"summary_large_image\" \/>\n<script type=\"application\/ld+json\" class=\"yoast-schema-graph\">{\"@context\":\"https:\/\/schema.org\",\"@graph\":[{\"@type\":\"WebPage\",\"@id\":\"https:\/\/ohmytuft.com\/fr\/a-propos-de-nous\/\",\"url\":\"https:\/\/ohmytuft.com\/fr\/a-propos-de-nous\/\",\"name\":\"A propos de nous - Ohmytuft.com\",\"isPartOf\":{\"@id\":\"https:\/\/ohmytuft.com\/fr\/#website\"},\"datePublished\":\"2020-10-06T14:45:35+00:00\",\"dateModified\":\"2023-05-12T15:13:15+00:00\",\"breadcrumb\":{\"@id\":\"https:\/\/ohmytuft.com\/fr\/a-propos-de-nous\/#breadcrumb\"},\"inLanguage\":\"fr-FR\",\"potentialAction\":[{\"@type\":\"ReadAction\",\"target\":[\"https:\/\/ohmytuft.com\/fr\/a-propos-de-nous\/\"]}]},{\"@type\":\"BreadcrumbList\",\"@id\":\"https:\/\/ohmytuft.com\/fr\/a-propos-de-nous\/#breadcrumb\",\"itemListElement\":[{\"@type\":\"ListItem\",\"position\":1,\"name\":\"Home\",\"item\":\"https:\/\/ohmytuft.com\/fr\/\"},{\"@type\":\"ListItem\",\"position\":2,\"name\":\"A propos de nous\"}]},{\"@type\":\"WebSite\",\"@id\":\"https:\/\/ohmytuft.com\/fr\/#website\",\"url\":\"https:\/\/ohmytuft.com\/fr\/\",\"name\":\"Oh my tuft\",\"description\":\"Oh my tuft\",\"publisher\":{\"@id\":\"https:\/\/ohmytuft.com\/fr\/#organization\"},\"potentialAction\":[{\"@type\":\"SearchAction\",\"target\":{\"@type\":\"EntryPoint\",\"urlTemplate\":\"https:\/\/ohmytuft.com\/fr\/?s={search_term_string}\"},\"query-input\":{\"@type\":\"PropertyValueSpecification\",\"valueRequired\":true,\"valueName\":\"search_term_string\"}}],\"inLanguage\":\"fr-FR\"},{\"@type\":\"Organization\",\"@id\":\"https:\/\/ohmytuft.com\/fr\/#organization\",\"name\":\"Oh my tuft\",\"url\":\"https:\/\/ohmytuft.com\/fr\/\",\"logo\":{\"@type\":\"ImageObject\",\"inLanguage\":\"fr-FR\",\"@id\":\"https:\/\/ohmytuft.com\/fr\/#\/schema\/logo\/image\/\",\"url\":\"https:\/\/ohmytuft.com\/wp-content\/uploads\/2021\/02\/WEB-20.png\",\"contentUrl\":\"https:\/\/ohmytuft.com\/wp-content\/uploads\/2021\/02\/WEB-20.png\",\"width\":2085,\"height\":764,\"caption\":\"Oh my tuft\"},\"image\":{\"@id\":\"https:\/\/ohmytuft.com\/fr\/#\/schema\/logo\/image\/\"},\"sameAs\":[\"https:\/\/www.instagram.com\/tuftinggunsupplies\/\",\"https:\/\/www.tiktok.com\/@tuftinggun\"]}]}<\/script>\n<!-- \/ Yoast SEO plugin. -->","yoast_head_json":{"title":"A propos de nous - Ohmytuft.com","robots":{"index":"index","follow":"follow","max-snippet":"max-snippet:-1","max-image-preview":"max-image-preview:large","max-video-preview":"max-video-preview:-1"},"canonical":"https:\/\/ohmytuft.com\/fr\/a-propos-de-nous\/","og_locale":"fr_FR","og_type":"article","og_title":"A propos de nous - Ohmytuft.com","og_description":"Nous sommes un groupe d&rsquo;artisans et de designers bas\u00e9s \u00e0 Madrid, en Espagne, o\u00f9 nous dirigeons un petit atelier de tufting. Nous avons ouvert ce magasin pour vous aider \u00e0 trouver la meilleure qualit\u00e9 de fournitures pour vos tapis en Europe, en esp\u00e9rant vous faciliter la vie. Inscrivez-vous maintenant et b\u00e9n\u00e9ficiez d&rsquo;une r\u00e9duction de 20\u20ac*. [&hellip;]","og_url":"https:\/\/ohmytuft.com\/fr\/a-propos-de-nous\/","og_site_name":"Ohmytuft.com","article_modified_time":"2023-05-12T15:13:15+00:00","twitter_card":"summary_large_image","schema":{"@context":"https:\/\/schema.org","@graph":[{"@type":"WebPage","@id":"https:\/\/ohmytuft.com\/fr\/a-propos-de-nous\/","url":"https:\/\/ohmytuft.com\/fr\/a-propos-de-nous\/","name":"A propos de nous - Ohmytuft.com","isPartOf":{"@id":"https:\/\/ohmytuft.com\/fr\/#website"},"datePublished":"2020-10-06T14:45:35+00:00","dateModified":"2023-05-12T15:13:15+00:00","breadcrumb":{"@id":"https:\/\/ohmytuft.com\/fr\/a-propos-de-nous\/#breadcrumb"},"inLanguage":"fr-FR","potentialAction":[{"@type":"ReadAction","target":["https:\/\/ohmytuft.com\/fr\/a-propos-de-nous\/"]}]},{"@type":"BreadcrumbList","@id":"https:\/\/ohmytuft.com\/fr\/a-propos-de-nous\/#breadcrumb","itemListElement":[{"@type":"ListItem","position":1,"name":"Home","item":"https:\/\/ohmytuft.com\/fr\/"},{"@type":"ListItem","position":2,"name":"A propos de nous"}]},{"@type":"WebSite","@id":"https:\/\/ohmytuft.com\/fr\/#website","url":"https:\/\/ohmytuft.com\/fr\/","name":"Oh my tuft","description":"Oh my tuft","publisher":{"@id":"https:\/\/ohmytuft.com\/fr\/#organization"},"potentialAction":[{"@type":"SearchAction","target":{"@type":"EntryPoint","urlTemplate":"https:\/\/ohmytuft.com\/fr\/?s={search_term_string}"},"query-input":{"@type":"PropertyValueSpecification","valueRequired":true,"valueName":"search_term_string"}}],"inLanguage":"fr-FR"},{"@type":"Organization","@id":"https:\/\/ohmytuft.com\/fr\/#organization","name":"Oh my tuft","url":"https:\/\/ohmytuft.com\/fr\/","logo":{"@type":"ImageObject","inLanguage":"fr-FR","@id":"https:\/\/ohmytuft.com\/fr\/#\/schema\/logo\/image\/","url":"https:\/\/ohmytuft.com\/wp-content\/uploads\/2021\/02\/WEB-20.png","contentUrl":"https:\/\/ohmytuft.com\/wp-content\/uploads\/2021\/02\/WEB-20.png","width":2085,"height":764,"caption":"Oh my tuft"},"image":{"@id":"https:\/\/ohmytuft.com\/fr\/#\/schema\/logo\/image\/"},"sameAs":["https:\/\/www.instagram.com\/tuftinggunsupplies\/","https:\/\/www.tiktok.com\/@tuftinggun"]}]}},"_links":{"self":[{"href":"https:\/\/ohmytuft.com\/fr\/wp-json\/wp\/v2\/pages\/3481","targetHints":{"allow":["GET"]}}],"collection":[{"href":"https:\/\/ohmytuft.com\/fr\/wp-json\/wp\/v2\/pages"}],"about":[{"href":"https:\/\/ohmytuft.com\/fr\/wp-json\/wp\/v2\/types\/page"}],"author":[{"embeddable":true,"href":"https:\/\/ohmytuft.com\/fr\/wp-json\/wp\/v2\/users\/3"}],"replies":[{"embeddable":true,"href":"https:\/\/ohmytuft.com\/fr\/wp-json\/wp\/v2\/comments?post=3481"}],"version-history":[{"count":0,"href":"https:\/\/ohmytuft.com\/fr\/wp-json\/wp\/v2\/pages\/3481\/revisions"}],"wp:attachment":[{"href":"https:\/\/ohmytuft.com\/fr\/wp-json\/wp\/v2\/media?parent=3481"}],"curies":[{"name":"wp","href":"https:\/\/api.w.org\/{rel}","templated":true}]}}