{"id":3712,"date":"2021-02-09T13:33:15","date_gmt":"2021-02-09T13:33:15","guid":{"rendered":"https:\/\/ohmytuft.com\/product\/hand-tufting-gun-ak-ii-loop-pile\/"},"modified":"2024-05-25T11:01:05","modified_gmt":"2024-05-25T11:01:05","slug":"pistolet-a-touffeter-ak-ii-loop-pile","status":"publish","type":"product","link":"https:\/\/ohmytuft.com\/fr\/produit\/pistolet-a-touffeter-ak-ii-loop-pile\/","title":{"rendered":"Hand Tufting Gun AK-II &#8211; Loop Pile"},"content":{"rendered":"<div class=\"flex-1 overflow-hidden\">\n<div class=\"react-scroll-to-bottom--css-zhypp-79elbk h-full\">\n<div class=\"react-scroll-to-bottom--css-zhypp-1n7m0yu\">\n<div class=\"flex flex-col pb-9 text-sm\">\n<div class=\"w-full text-token-text-primary\" data-testid=\"conversation-turn-7\">\n<div class=\"px-4 py-2 justify-center text-base md:gap-6 m-auto\">\n<div class=\"flex flex-1 text-base mx-auto gap-3 md:px-5 lg:px-1 xl:px-5 md:max-w-3xl lg:max-w-[40rem] xl:max-w-[48rem] group final-completion\">\n<div class=\"relative flex w-full flex-col lg:w-[calc(100%-115px)] agent-turn\">\n<div class=\"flex-col gap-1 md:gap-3\">\n<div class=\"flex flex-grow flex-col max-w-full\">\n<div class=\"min-h-[20px] text-message flex flex-col items-start gap-3 whitespace-pre-wrap break-words [.text-message+&amp;]:mt-5 overflow-x-auto\" data-message-author-role=\"assistant\" data-message-id=\"d24ca839-c467-4488-8fff-83d8a15f5126\">\n<div class=\"markdown prose w-full break-words dark:prose-invert dark\">\n<p>La pile de boucles AK-2 <a href=\"https:\/\/ohmytuft.com\/fr\/buy\/pistolets\/\"><br \/>\n  <strong>Tufting Gun<\/strong><br \/>\n<\/a> est un outil innovant qui se distingue dans le monde de l&rsquo;artisanat textile. Voici une description d\u00e9taill\u00e9e et des raisons convaincantes pour lesquelles il s&rsquo;agit d&rsquo;un achat essentiel pour votre atelier de tufting :<\/p>\n<ol>\n<li><strong>Sp\u00e9cialis\u00e9 pour le Loop Pile Tufting<\/strong>: L&rsquo;AK-2 est sp\u00e9cialement con\u00e7u pour le touffetage de poils boucl\u00e9s, une technique qui cr\u00e9e une texture boucl\u00e9e unique dans les textiles. Ce style est appr\u00e9ci\u00e9 pour son toucher et son aspect distinctifs, ce qui le rend populaire dans les applications de d\u00e9coration int\u00e9rieure et de mode.<\/li>\n<li><strong>Capacit\u00e9s texturales am\u00e9lior\u00e9es<\/strong>: Avec l&rsquo;AK-2, vous pouvez introduire une nouvelle gamme de textures dans vos produits. La technique des poils boucl\u00e9s cr\u00e9e une surface dense et coussin\u00e9e qui n&rsquo;est pas seulement attrayante sur le plan visuel, mais aussi agr\u00e9able au toucher. Cela permet d&rsquo;\u00e9largir consid\u00e9rablement l&rsquo;attrait de vos cr\u00e9ations et d&rsquo;attirer une client\u00e8le plus large.<\/li>\n<li><strong>Pr\u00e9cision et r\u00e9gularit\u00e9<\/strong>: Ce pistolet \u00e0 touffeter garantit la pr\u00e9cision de votre travail. Les boucles cr\u00e9\u00e9es sont coh\u00e9rentes en hauteur et en densit\u00e9, ce qui est essentiel pour obtenir des r\u00e9sultats de qualit\u00e9 professionnelle. Que vous travailliez sur des dessins complexes ou des projets de grande envergure, l&rsquo;AK-2 offre uniformit\u00e9 et pr\u00e9cision.<\/li>\n<li><strong>Efficace et convivial<\/strong>: l&rsquo;AK-2 augmente l&rsquo;efficacit\u00e9 du tufting, ce qui permet d&rsquo;achever le projet plus rapidement qu&rsquo;avec les m\u00e9thodes manuelles. Il est con\u00e7u pour \u00eatre facile \u00e0 utiliser, avec des commandes intuitives et un design ergonomique qui convient aussi bien aux d\u00e9butants qu&rsquo;aux tuteurs exp\u00e9riment\u00e9s.<\/li>\n<li><strong>Durable et fiable<\/strong>: Fabriqu\u00e9 avec des mat\u00e9riaux de haute qualit\u00e9, l&rsquo;AK-2 est un outil durable qui r\u00e9siste aux exigences d&rsquo;une utilisation fr\u00e9quente. Investir dans ce pistolet \u00e0 touffeter, c&rsquo;est investir dans un outil qui servira votre atelier de mani\u00e8re fiable au fil du temps.<\/li>\n<li><strong>Flexibilit\u00e9 cr\u00e9ative<\/strong>: L&rsquo;AK-2 offre de nouvelles possibilit\u00e9s d&rsquo;expression cr\u00e9ative. Il vous permet d&rsquo;exp\u00e9rimenter diff\u00e9rents types de fils et de couleurs, ce qui vous permet de cr\u00e9er des mod\u00e8les uniques et accrocheurs qui se d\u00e9marquent sur le march\u00e9.<\/li>\n<li><strong>Id\u00e9al pour toute une s\u00e9rie de projets<\/strong>: Cet outil est parfait pour cr\u00e9er une vari\u00e9t\u00e9 de produits, des tapis et moquettes aux tentures murales et articles de mode. Sa polyvalence dans la manipulation de diff\u00e9rents mat\u00e9riaux et tailles de projets en fait un atout inestimable dans un atelier de tufting.<\/li>\n<\/ol>\n<p>En r\u00e9sum\u00e9, le pistolet AK-2 Loop Pile Tufting Gun est un outil indispensable pour tout atelier de tufting cherchant \u00e0 \u00e9largir ses horizons cr\u00e9atifs et \u00e0 am\u00e9liorer son efficacit\u00e9. Il s&rsquo;agit d&rsquo;un outil polyvalent, convivial et fiable qui permet de cr\u00e9er des produits de haute qualit\u00e9, riches en texte, qui attireront et raviront les clients. Investir dans l&rsquo;AK-2, ce n&rsquo;est pas seulement acheter un outil, c&rsquo;est investir dans le potentiel et la qualit\u00e9 de vos projets de tufting. <a href=\"https:\/\/ohmytuft.com\/fr\/\"><br \/>\n  <strong>projets de tufting<\/strong><br \/>\n<\/a>.<\/p>\n<\/div>\n<\/div>\n<\/div>\n<div class=\"mt-1 flex justify-start gap-3 empty:hidden\">\n<div class=\"text-gray-400 flex self-end lg:self-center justify-center lg:justify-start mt-0 gap-1 visible\">\n<p>&nbsp;<\/p>\n<div class=\"flex items-center gap-1.5 text-xs\"><\/div>\n<\/div>\n<\/div>\n<\/div>\n<\/div>\n<\/div>\n<\/div>\n<\/div>\n<\/div>\n<\/div>\n<\/div>\n<\/div>\n<div class=\"w-full pt-2 md:pt-0 dark:border-white\/20 md:border-transparent md:dark:border-transparent md:w-[calc(100%-.5rem)]\">\n<form class=\"stretch mx-2 flex flex-row gap-3 last:mb-2 md:mx-4 md:last:mb-6 lg:mx-auto lg:max-w-2xl xl:max-w-3xl\">\n<div class=\"relative flex h-full flex-1 items-stretch md:flex-col\">\n<div class=\"flex w-full items-center\"><\/div>\n<\/div>\n<\/form>\n<\/div>\n","protected":false},"excerpt":{"rendered":"<p><b>Pistolet \u00e0 touffeter manuel \u00e9lectrique &#8211; Pile \u00e0 boucles.<\/b><\/p>\n<ul>\n<li>100-240 V avec prise Europlug<\/li>\n<li>Hauteur des poils r\u00e9glable : 4-13 mm<\/li>\n<li>Poids : 1,40 kg<\/li>\n<li>Vitesse r\u00e9glable : 5-45 points\/sec et r\u00e9glable. Vous pouvez contr\u00f4ler la vitesse pour plus de d\u00e9tails.<\/li>\n<\/ul>\n<p>Cette machine est facile \u00e0 apprendre et \u00e0 utiliser. Tutoriels \u00e0 venir !<br \/>\nUn entretien p\u00e9riodique permet de prolonger la dur\u00e9e de vie de l&rsquo;outil.<\/p>\n<p><strong>La bo\u00eete comprend:<\/strong><\/p>\n<ul>\n<li>Machine \u00e0 touffeter<\/li>\n<li>Adaptateur AC\/DC avec Europlug<\/li>\n<li>Outils et vis pour l&rsquo;entretien<\/li>\n<\/ul>\n<p>Safety First!<\/p>\n<p>Utiliser des protections auditives et oculaires.<br \/>\n\u00c9vitez les engrenages et les m\u00e9canismes.<br \/>\nMettez l&rsquo;appareil hors tension lorsque vous ne l&rsquo;utilisez pas.<\/p>\n","protected":false},"featured_media":8948,"comment_status":"open","ping_status":"closed","template":"","meta":{"_joinchat":[]},"product_brand":[],"product_cat":[157],"product_tag":[],"class_list":{"0":"post-3712","1":"product","2":"type-product","3":"status-publish","4":"has-post-thumbnail","6":"product_cat-pistolets","8":"first","9":"onbackorder","10":"sale","11":"taxable","12":"shipping-taxable","13":"purchasable","14":"product-type-simple"},"yoast_head":"<!-- This site is optimized with the Yoast SEO plugin v27.2 - https:\/\/yoast.com\/product\/yoast-seo-wordpress\/ -->\n<title>Hand Tufting Gun AK-II - Loop Pile - Ohmytuft.com<\/title>\n<meta name=\"robots\" content=\"index, follow, max-snippet:-1, max-image-preview:large, max-video-preview:-1\" \/>\n<link rel=\"canonical\" href=\"https:\/\/ohmytuft.com\/fr\/produit\/pistolet-a-touffeter-ak-ii-loop-pile\/\" \/>\n<meta property=\"og:locale\" content=\"fr_FR\" \/>\n<meta property=\"og:type\" content=\"article\" \/>\n<meta property=\"og:title\" content=\"Hand Tufting Gun AK-II - Loop Pile - Ohmytuft.com\" \/>\n<meta property=\"og:description\" content=\"Pistolet \u00e0 touffeter manuel \u00e9lectrique - Pile \u00e0 boucles.  100-240 V avec prise Europlug  Hauteur des poils r\u00e9glable : 4-13 mm  Poids : 1,40 kg  Vitesse r\u00e9glable : 5-45 points\/sec et r\u00e9glable. Vous pouvez contr\u00f4ler la vitesse pour plus de d\u00e9tails. Cette machine est facile \u00e0 apprendre et \u00e0 utiliser. Tutoriels \u00e0 venir ! Un entretien p\u00e9riodique permet de prolonger la dur\u00e9e de vie de l&#039;outil. La bo\u00eete comprend:  Machine \u00e0 touffeter  Adaptateur AC\/DC avec Europlug  Outils et vis pour l&#039;entretien Safety First! Utiliser des protections auditives et oculaires. \u00c9vitez les engrenages et les m\u00e9canismes. Mettez l&#039;appareil hors tension lorsque vous ne l&#039;utilisez pas.\" \/>\n<meta property=\"og:url\" content=\"https:\/\/ohmytuft.com\/fr\/produit\/pistolet-a-touffeter-ak-ii-loop-pile\/\" \/>\n<meta property=\"og:site_name\" content=\"Ohmytuft.com\" \/>\n<meta property=\"article:modified_time\" content=\"2024-05-25T11:01:05+00:00\" \/>\n<meta property=\"og:image\" content=\"https:\/\/ohmytuft.com\/wp-content\/uploads\/2021\/02\/23022021-IMG_4443-scaled.jpg\" \/>\n\t<meta property=\"og:image:width\" content=\"2560\" \/>\n\t<meta property=\"og:image:height\" content=\"2560\" \/>\n\t<meta property=\"og:image:type\" content=\"image\/jpeg\" \/>\n<meta name=\"twitter:card\" content=\"summary_large_image\" \/>\n<meta name=\"twitter:label1\" content=\"Dur\u00e9e de lecture estim\u00e9e\" \/>\n\t<meta name=\"twitter:data1\" content=\"3 minutes\" \/>\n<script type=\"application\/ld+json\" class=\"yoast-schema-graph\">{\"@context\":\"https:\/\/schema.org\",\"@graph\":[{\"@type\":\"WebPage\",\"@id\":\"https:\/\/ohmytuft.com\/fr\/produit\/pistolet-a-touffeter-ak-ii-loop-pile\/\",\"url\":\"https:\/\/ohmytuft.com\/fr\/produit\/pistolet-a-touffeter-ak-ii-loop-pile\/\",\"name\":\"Hand Tufting Gun AK-II - Loop Pile - Ohmytuft.com\",\"isPartOf\":{\"@id\":\"https:\/\/ohmytuft.com\/fr\/#website\"},\"primaryImageOfPage\":{\"@id\":\"https:\/\/ohmytuft.com\/fr\/produit\/pistolet-a-touffeter-ak-ii-loop-pile\/#primaryimage\"},\"image\":{\"@id\":\"https:\/\/ohmytuft.com\/fr\/produit\/pistolet-a-touffeter-ak-ii-loop-pile\/#primaryimage\"},\"thumbnailUrl\":\"https:\/\/ohmytuft.com\/wp-content\/uploads\/2021\/02\/tufting-gun-ak2.jpg\",\"datePublished\":\"2021-02-09T13:33:15+00:00\",\"dateModified\":\"2024-05-25T11:01:05+00:00\",\"breadcrumb\":{\"@id\":\"https:\/\/ohmytuft.com\/fr\/produit\/pistolet-a-touffeter-ak-ii-loop-pile\/#breadcrumb\"},\"inLanguage\":\"fr-FR\",\"potentialAction\":[{\"@type\":\"ReadAction\",\"target\":[\"https:\/\/ohmytuft.com\/fr\/produit\/pistolet-a-touffeter-ak-ii-loop-pile\/\"]}]},{\"@type\":\"ImageObject\",\"inLanguage\":\"fr-FR\",\"@id\":\"https:\/\/ohmytuft.com\/fr\/produit\/pistolet-a-touffeter-ak-ii-loop-pile\/#primaryimage\",\"url\":\"https:\/\/ohmytuft.com\/wp-content\/uploads\/2021\/02\/tufting-gun-ak2.jpg\",\"contentUrl\":\"https:\/\/ohmytuft.com\/wp-content\/uploads\/2021\/02\/tufting-gun-ak2.jpg\",\"width\":2560,\"height\":2560},{\"@type\":\"BreadcrumbList\",\"@id\":\"https:\/\/ohmytuft.com\/fr\/produit\/pistolet-a-touffeter-ak-ii-loop-pile\/#breadcrumb\",\"itemListElement\":[{\"@type\":\"ListItem\",\"position\":1,\"name\":\"Home\",\"item\":\"https:\/\/ohmytuft.com\/fr\/\"},{\"@type\":\"ListItem\",\"position\":2,\"name\":\"Boutique\",\"item\":\"https:\/\/ohmytuft.com\/fr\/boutique\/\"},{\"@type\":\"ListItem\",\"position\":3,\"name\":\"Hand Tufting Gun AK-II &#8211; Loop Pile\"}]},{\"@type\":\"WebSite\",\"@id\":\"https:\/\/ohmytuft.com\/fr\/#website\",\"url\":\"https:\/\/ohmytuft.com\/fr\/\",\"name\":\"Oh my tuft\",\"description\":\"Oh my tuft\",\"publisher\":{\"@id\":\"https:\/\/ohmytuft.com\/fr\/#organization\"},\"potentialAction\":[{\"@type\":\"SearchAction\",\"target\":{\"@type\":\"EntryPoint\",\"urlTemplate\":\"https:\/\/ohmytuft.com\/fr\/?s={search_term_string}\"},\"query-input\":{\"@type\":\"PropertyValueSpecification\",\"valueRequired\":true,\"valueName\":\"search_term_string\"}}],\"inLanguage\":\"fr-FR\"},{\"@type\":\"Organization\",\"@id\":\"https:\/\/ohmytuft.com\/fr\/#organization\",\"name\":\"Oh my tuft\",\"url\":\"https:\/\/ohmytuft.com\/fr\/\",\"logo\":{\"@type\":\"ImageObject\",\"inLanguage\":\"fr-FR\",\"@id\":\"https:\/\/ohmytuft.com\/fr\/#\/schema\/logo\/image\/\",\"url\":\"https:\/\/ohmytuft.com\/wp-content\/uploads\/2021\/02\/WEB-20.png\",\"contentUrl\":\"https:\/\/ohmytuft.com\/wp-content\/uploads\/2021\/02\/WEB-20.png\",\"width\":2085,\"height\":764,\"caption\":\"Oh my tuft\"},\"image\":{\"@id\":\"https:\/\/ohmytuft.com\/fr\/#\/schema\/logo\/image\/\"},\"sameAs\":[\"https:\/\/www.instagram.com\/tuftinggunsupplies\/\",\"https:\/\/www.tiktok.com\/@tuftinggun\"]}]}<\/script>\n<!-- \/ Yoast SEO plugin. -->","yoast_head_json":{"title":"Hand Tufting Gun AK-II - Loop Pile - Ohmytuft.com","robots":{"index":"index","follow":"follow","max-snippet":"max-snippet:-1","max-image-preview":"max-image-preview:large","max-video-preview":"max-video-preview:-1"},"canonical":"https:\/\/ohmytuft.com\/fr\/produit\/pistolet-a-touffeter-ak-ii-loop-pile\/","og_locale":"fr_FR","og_type":"article","og_title":"Hand Tufting Gun AK-II - Loop Pile - Ohmytuft.com","og_description":"Pistolet \u00e0 touffeter manuel \u00e9lectrique - Pile \u00e0 boucles.  100-240 V avec prise Europlug  Hauteur des poils r\u00e9glable : 4-13 mm  Poids : 1,40 kg  Vitesse r\u00e9glable : 5-45 points\/sec et r\u00e9glable. Vous pouvez contr\u00f4ler la vitesse pour plus de d\u00e9tails. Cette machine est facile \u00e0 apprendre et \u00e0 utiliser. Tutoriels \u00e0 venir ! Un entretien p\u00e9riodique permet de prolonger la dur\u00e9e de vie de l'outil. La bo\u00eete comprend:  Machine \u00e0 touffeter  Adaptateur AC\/DC avec Europlug  Outils et vis pour l'entretien Safety First! Utiliser des protections auditives et oculaires. \u00c9vitez les engrenages et les m\u00e9canismes. Mettez l'appareil hors tension lorsque vous ne l'utilisez pas.","og_url":"https:\/\/ohmytuft.com\/fr\/produit\/pistolet-a-touffeter-ak-ii-loop-pile\/","og_site_name":"Ohmytuft.com","article_modified_time":"2024-05-25T11:01:05+00:00","og_image":[{"width":2560,"height":2560,"url":"https:\/\/ohmytuft.com\/wp-content\/uploads\/2021\/02\/23022021-IMG_4443-scaled.jpg","type":"image\/jpeg"}],"twitter_card":"summary_large_image","twitter_misc":{"Dur\u00e9e de lecture estim\u00e9e":"3 minutes"},"schema":{"@context":"https:\/\/schema.org","@graph":[{"@type":"WebPage","@id":"https:\/\/ohmytuft.com\/fr\/produit\/pistolet-a-touffeter-ak-ii-loop-pile\/","url":"https:\/\/ohmytuft.com\/fr\/produit\/pistolet-a-touffeter-ak-ii-loop-pile\/","name":"Hand Tufting Gun AK-II - Loop Pile - Ohmytuft.com","isPartOf":{"@id":"https:\/\/ohmytuft.com\/fr\/#website"},"primaryImageOfPage":{"@id":"https:\/\/ohmytuft.com\/fr\/produit\/pistolet-a-touffeter-ak-ii-loop-pile\/#primaryimage"},"image":{"@id":"https:\/\/ohmytuft.com\/fr\/produit\/pistolet-a-touffeter-ak-ii-loop-pile\/#primaryimage"},"thumbnailUrl":"https:\/\/ohmytuft.com\/wp-content\/uploads\/2021\/02\/tufting-gun-ak2.jpg","datePublished":"2021-02-09T13:33:15+00:00","dateModified":"2024-05-25T11:01:05+00:00","breadcrumb":{"@id":"https:\/\/ohmytuft.com\/fr\/produit\/pistolet-a-touffeter-ak-ii-loop-pile\/#breadcrumb"},"inLanguage":"fr-FR","potentialAction":[{"@type":"ReadAction","target":["https:\/\/ohmytuft.com\/fr\/produit\/pistolet-a-touffeter-ak-ii-loop-pile\/"]}]},{"@type":"ImageObject","inLanguage":"fr-FR","@id":"https:\/\/ohmytuft.com\/fr\/produit\/pistolet-a-touffeter-ak-ii-loop-pile\/#primaryimage","url":"https:\/\/ohmytuft.com\/wp-content\/uploads\/2021\/02\/tufting-gun-ak2.jpg","contentUrl":"https:\/\/ohmytuft.com\/wp-content\/uploads\/2021\/02\/tufting-gun-ak2.jpg","width":2560,"height":2560},{"@type":"BreadcrumbList","@id":"https:\/\/ohmytuft.com\/fr\/produit\/pistolet-a-touffeter-ak-ii-loop-pile\/#breadcrumb","itemListElement":[{"@type":"ListItem","position":1,"name":"Home","item":"https:\/\/ohmytuft.com\/fr\/"},{"@type":"ListItem","position":2,"name":"Boutique","item":"https:\/\/ohmytuft.com\/fr\/boutique\/"},{"@type":"ListItem","position":3,"name":"Hand Tufting Gun AK-II &#8211; Loop Pile"}]},{"@type":"WebSite","@id":"https:\/\/ohmytuft.com\/fr\/#website","url":"https:\/\/ohmytuft.com\/fr\/","name":"Oh my tuft","description":"Oh my tuft","publisher":{"@id":"https:\/\/ohmytuft.com\/fr\/#organization"},"potentialAction":[{"@type":"SearchAction","target":{"@type":"EntryPoint","urlTemplate":"https:\/\/ohmytuft.com\/fr\/?s={search_term_string}"},"query-input":{"@type":"PropertyValueSpecification","valueRequired":true,"valueName":"search_term_string"}}],"inLanguage":"fr-FR"},{"@type":"Organization","@id":"https:\/\/ohmytuft.com\/fr\/#organization","name":"Oh my tuft","url":"https:\/\/ohmytuft.com\/fr\/","logo":{"@type":"ImageObject","inLanguage":"fr-FR","@id":"https:\/\/ohmytuft.com\/fr\/#\/schema\/logo\/image\/","url":"https:\/\/ohmytuft.com\/wp-content\/uploads\/2021\/02\/WEB-20.png","contentUrl":"https:\/\/ohmytuft.com\/wp-content\/uploads\/2021\/02\/WEB-20.png","width":2085,"height":764,"caption":"Oh my tuft"},"image":{"@id":"https:\/\/ohmytuft.com\/fr\/#\/schema\/logo\/image\/"},"sameAs":["https:\/\/www.instagram.com\/tuftinggunsupplies\/","https:\/\/www.tiktok.com\/@tuftinggun"]}]}},"_links":{"self":[{"href":"https:\/\/ohmytuft.com\/fr\/wp-json\/wp\/v2\/product\/3712","targetHints":{"allow":["GET"]}}],"collection":[{"href":"https:\/\/ohmytuft.com\/fr\/wp-json\/wp\/v2\/product"}],"about":[{"href":"https:\/\/ohmytuft.com\/fr\/wp-json\/wp\/v2\/types\/product"}],"replies":[{"embeddable":true,"href":"https:\/\/ohmytuft.com\/fr\/wp-json\/wp\/v2\/comments?post=3712"}],"wp:featuredmedia":[{"embeddable":true,"href":"https:\/\/ohmytuft.com\/fr\/wp-json\/wp\/v2\/media\/8948"}],"wp:attachment":[{"href":"https:\/\/ohmytuft.com\/fr\/wp-json\/wp\/v2\/media?parent=3712"}],"wp:term":[{"taxonomy":"product_brand","embeddable":true,"href":"https:\/\/ohmytuft.com\/fr\/wp-json\/wp\/v2\/product_brand?post=3712"},{"taxonomy":"product_cat","embeddable":true,"href":"https:\/\/ohmytuft.com\/fr\/wp-json\/wp\/v2\/product_cat?post=3712"},{"taxonomy":"product_tag","embeddable":true,"href":"https:\/\/ohmytuft.com\/fr\/wp-json\/wp\/v2\/product_tag?post=3712"}],"curies":[{"name":"wp","href":"https:\/\/api.w.org\/{rel}","templated":true}]}}