{"id":3713,"date":"2021-02-28T20:55:20","date_gmt":"2021-02-28T20:55:20","guid":{"rendered":"https:\/\/ohmytuft.com\/product\/hand-tufting-gun-ak-i-cut-pile\/"},"modified":"2024-05-25T11:01:19","modified_gmt":"2024-05-25T11:01:19","slug":"pistolet-a-touffeter-ak-i-cut-pile","status":"publish","type":"product","link":"https:\/\/ohmytuft.com\/fr\/produit\/pistolet-a-touffeter-ak-i-cut-pile\/","title":{"rendered":"Hand Tufting Gun AK-I &#8211; Cut Pile"},"content":{"rendered":"<p>Le pistolet AK-1 Cut Pile <a href=\"https:\/\/ohmytuft.com\/fr\/buy\/pistolets\/\"><br \/>\n  <strong>Tufting Gun<\/strong><br \/>\n<\/a> est un outil remarquable, con\u00e7u pour \u00e9lever l&rsquo;art du tufting \u00e0 de nouveaux sommets. Voici une description d\u00e9taill\u00e9e et quelques raisons convaincantes pour lesquelles il est indispensable \u00e0 votre atelier de tufting :<\/p>\n<ol>\n<li><strong>Pr\u00e9cision et contr\u00f4le<\/strong>: Le pistolet AK-1 Cut Pile Tufting est con\u00e7u pour la pr\u00e9cision. Il vous permet de cr\u00e9er des motifs et des dessins complexes en toute simplicit\u00e9, gr\u00e2ce \u00e0 ses commandes r\u00e9actives et \u00e0 son fonctionnement fluide. Que vous travailliez sur de grands tapis ou sur des tentures murales d\u00e9taill\u00e9es, cet outil offre une pr\u00e9cision in\u00e9gal\u00e9e.<\/li>\n<li><strong>Efficacit\u00e9 et gain de temps<\/strong>: La rapidit\u00e9 est un avantage important de l&rsquo;AK-1. Il augmente consid\u00e9rablement la vitesse de tuftage par rapport aux m\u00e9thodes manuelles, ce qui vous permet de r\u00e9aliser vos projets beaucoup plus rapidement. Cette efficacit\u00e9 change la donne, tant pour les amateurs que pour les professionnels, car elle permet d&rsquo;accro\u00eetre la productivit\u00e9 et d&rsquo;entreprendre davantage de projets.<\/li>\n<li><strong>Polyvalence en mati\u00e8re de design<\/strong>: Ce pistolet \u00e0 touffeter est sp\u00e9cialement con\u00e7u pour les poils coup\u00e9s, un style de touffetage populaire qui donne au tissu une texture moelleuse et velout\u00e9e. Il est id\u00e9al pour cr\u00e9er des tapis luxueux, des \u0153uvres d&rsquo;art murales \u00e9l\u00e9gantes et d&rsquo;autres objets d\u00e9coratifs. La m\u00e9thode des poils coup\u00e9s offre \u00e9galement une exp\u00e9rience tactile unique, tr\u00e8s recherch\u00e9e dans le domaine de la d\u00e9coration int\u00e9rieure.<\/li>\n<li><strong>Facilit\u00e9 d&rsquo;utilisation<\/strong>: l&rsquo;AK-1 a \u00e9t\u00e9 con\u00e7u dans un souci de convivialit\u00e9. Il est l\u00e9ger et facile \u00e0 man\u0153uvrer, ce qui le rend accessible m\u00eame aux d\u00e9butants. La conception ergonomique r\u00e9duit la fatigue et vous permet de travailler confortablement pendant de longues p\u00e9riodes.<\/li>\n<li><strong>Durabilit\u00e9 et fiabilit\u00e9<\/strong>: Fabriqu\u00e9 avec des mat\u00e9riaux de haute qualit\u00e9, l&rsquo;AK-1 est con\u00e7u pour durer. C&rsquo;est un outil fiable qui r\u00e9siste aux rigueurs d&rsquo;une utilisation fr\u00e9quente, ce qui garantit que votre investissement est rentable \u00e0 long terme.<\/li>\n<li><strong>Une cr\u00e9ativit\u00e9 accrue<\/strong>: Avec l&rsquo;AK-1, la seule limite est votre imagination. Il ouvre un monde de possibilit\u00e9s cr\u00e9atives, vous permettant d&rsquo;exp\u00e9rimenter diff\u00e9rentes textures, couleurs et motifs. Cet outil peut vous aider \u00e0 donner vie \u00e0 vos projets les plus ambitieux.<\/li>\n<\/ol>\n<p>En r\u00e9sum\u00e9, le pistolet AK-1 Cut Pile Tufting est un compl\u00e9ment pr\u00e9cieux \u00e0 tout syst\u00e8me de tufting. <a href=\"https:\/\/ohmytuft.com\/fr\/\"><br \/>\n  <strong>tufting<\/strong><br \/>\n<\/a> artiste. Il combine l&rsquo;efficacit\u00e9, la pr\u00e9cision et la facilit\u00e9 d&rsquo;utilisation en un seul outil puissant, ce qui le rend id\u00e9al pour les amateurs et les professionnels du tufting. Investir dans cet outil, c&rsquo;est investir dans la qualit\u00e9 et la cr\u00e9ativit\u00e9 de vos projets de tufting.<\/p>\n","protected":false},"excerpt":{"rendered":"<p><b>Pistolet \u00e0 touffeter manuel \u00e9lectrique &#8211; Pile coup\u00e9e.<\/b><\/p>\n<ul>\n<li>100-240 V avec prise Europlug<\/li>\n<li>Hauteur des poils r\u00e9glable : 7-21 mm<\/li>\n<li>Poids : 1,40 kg<\/li>\n<li>Vitesse r\u00e9glable : 5-40 points\/sec et r\u00e9glable. Vous pouvez contr\u00f4ler la vitesse pour plus de d\u00e9tails.<\/li>\n<\/ul>\n<p>Cette machine est facile \u00e0 apprendre et \u00e0 utiliser. Tutoriels \u00e0 venir !<br \/>\nUn entretien p\u00e9riodique permet de prolonger la dur\u00e9e de vie de l&rsquo;outil.<\/p>\n<p><strong>La bo\u00eete comprend:<\/strong><\/p>\n<ul>\n<li>Machine \u00e0 touffeter<\/li>\n<li>Adaptateur AC\/DC avec Europlug<\/li>\n<li>Outils et vis pour l&rsquo;entretien<\/li>\n<\/ul>\n<p><strong>Safety First!<\/strong><\/p>\n<ol>\n<li>Utiliser des protections auditives et oculaires.<\/li>\n<li>\u00c9vitez les engrenages et les m\u00e9canismes.<\/li>\n<li>Mettez l&rsquo;appareil hors tension lorsque vous ne l&rsquo;utilisez pas.<\/li>\n<\/ol>\n","protected":false},"featured_media":8935,"comment_status":"open","ping_status":"closed","template":"","meta":{"_joinchat":[]},"product_brand":[],"product_cat":[157],"product_tag":[],"class_list":{"0":"post-3713","1":"product","2":"type-product","3":"status-publish","4":"has-post-thumbnail","6":"product_cat-pistolets","8":"first","9":"outofstock","10":"sale","11":"taxable","12":"shipping-taxable","13":"purchasable","14":"product-type-simple"},"yoast_head":"<!-- This site is optimized with the Yoast SEO plugin v27.2 - https:\/\/yoast.com\/product\/yoast-seo-wordpress\/ -->\n<title>Hand Tufting Gun AK-I - Cut Pile - Ohmytuft.com<\/title>\n<meta name=\"robots\" content=\"index, follow, max-snippet:-1, max-image-preview:large, max-video-preview:-1\" \/>\n<link rel=\"canonical\" href=\"https:\/\/ohmytuft.com\/fr\/produit\/pistolet-a-touffeter-ak-i-cut-pile\/\" \/>\n<meta property=\"og:locale\" content=\"fr_FR\" \/>\n<meta property=\"og:type\" content=\"article\" \/>\n<meta property=\"og:title\" content=\"Hand Tufting Gun AK-I - Cut Pile - Ohmytuft.com\" \/>\n<meta property=\"og:description\" content=\"Pistolet \u00e0 touffeter manuel \u00e9lectrique - Pile coup\u00e9e.  100-240 V avec prise Europlug  Hauteur des poils r\u00e9glable : 7-21 mm  Poids : 1,40 kg  Vitesse r\u00e9glable : 5-40 points\/sec et r\u00e9glable. Vous pouvez contr\u00f4ler la vitesse pour plus de d\u00e9tails. Cette machine est facile \u00e0 apprendre et \u00e0 utiliser. Tutoriels \u00e0 venir ! Un entretien p\u00e9riodique permet de prolonger la dur\u00e9e de vie de l&#039;outil. La bo\u00eete comprend:  Machine \u00e0 touffeter  Adaptateur AC\/DC avec Europlug  Outils et vis pour l&#039;entretien Safety First!  Utiliser des protections auditives et oculaires.  \u00c9vitez les engrenages et les m\u00e9canismes.  Mettez l&#039;appareil hors tension lorsque vous ne l&#039;utilisez pas.\" \/>\n<meta property=\"og:url\" content=\"https:\/\/ohmytuft.com\/fr\/produit\/pistolet-a-touffeter-ak-i-cut-pile\/\" \/>\n<meta property=\"og:site_name\" content=\"Ohmytuft.com\" \/>\n<meta property=\"article:modified_time\" content=\"2024-05-25T11:01:19+00:00\" \/>\n<meta property=\"og:image\" content=\"https:\/\/ohmytuft.com\/wp-content\/uploads\/2021\/02\/23022021-IMG_4393-scaled.jpg\" \/>\n\t<meta property=\"og:image:width\" content=\"2560\" \/>\n\t<meta property=\"og:image:height\" content=\"2560\" \/>\n\t<meta property=\"og:image:type\" content=\"image\/jpeg\" \/>\n<meta name=\"twitter:card\" content=\"summary_large_image\" \/>\n<meta name=\"twitter:label1\" content=\"Dur\u00e9e de lecture estim\u00e9e\" \/>\n\t<meta name=\"twitter:data1\" content=\"2 minutes\" \/>\n<script type=\"application\/ld+json\" class=\"yoast-schema-graph\">{\"@context\":\"https:\/\/schema.org\",\"@graph\":[{\"@type\":\"WebPage\",\"@id\":\"https:\/\/ohmytuft.com\/fr\/produit\/pistolet-a-touffeter-ak-i-cut-pile\/\",\"url\":\"https:\/\/ohmytuft.com\/fr\/produit\/pistolet-a-touffeter-ak-i-cut-pile\/\",\"name\":\"Hand Tufting Gun AK-I - Cut Pile - Ohmytuft.com\",\"isPartOf\":{\"@id\":\"https:\/\/ohmytuft.com\/fr\/#website\"},\"primaryImageOfPage\":{\"@id\":\"https:\/\/ohmytuft.com\/fr\/produit\/pistolet-a-touffeter-ak-i-cut-pile\/#primaryimage\"},\"image\":{\"@id\":\"https:\/\/ohmytuft.com\/fr\/produit\/pistolet-a-touffeter-ak-i-cut-pile\/#primaryimage\"},\"thumbnailUrl\":\"https:\/\/ohmytuft.com\/wp-content\/uploads\/2021\/02\/tufting-gun-ak1.png\",\"datePublished\":\"2021-02-28T20:55:20+00:00\",\"dateModified\":\"2024-05-25T11:01:19+00:00\",\"breadcrumb\":{\"@id\":\"https:\/\/ohmytuft.com\/fr\/produit\/pistolet-a-touffeter-ak-i-cut-pile\/#breadcrumb\"},\"inLanguage\":\"fr-FR\",\"potentialAction\":[{\"@type\":\"ReadAction\",\"target\":[\"https:\/\/ohmytuft.com\/fr\/produit\/pistolet-a-touffeter-ak-i-cut-pile\/\"]}]},{\"@type\":\"ImageObject\",\"inLanguage\":\"fr-FR\",\"@id\":\"https:\/\/ohmytuft.com\/fr\/produit\/pistolet-a-touffeter-ak-i-cut-pile\/#primaryimage\",\"url\":\"https:\/\/ohmytuft.com\/wp-content\/uploads\/2021\/02\/tufting-gun-ak1.png\",\"contentUrl\":\"https:\/\/ohmytuft.com\/wp-content\/uploads\/2021\/02\/tufting-gun-ak1.png\",\"width\":800,\"height\":800,\"caption\":\"tufting gun AK1\"},{\"@type\":\"BreadcrumbList\",\"@id\":\"https:\/\/ohmytuft.com\/fr\/produit\/pistolet-a-touffeter-ak-i-cut-pile\/#breadcrumb\",\"itemListElement\":[{\"@type\":\"ListItem\",\"position\":1,\"name\":\"Home\",\"item\":\"https:\/\/ohmytuft.com\/fr\/\"},{\"@type\":\"ListItem\",\"position\":2,\"name\":\"Boutique\",\"item\":\"https:\/\/ohmytuft.com\/fr\/boutique\/\"},{\"@type\":\"ListItem\",\"position\":3,\"name\":\"Hand Tufting Gun AK-I &#8211; Cut Pile\"}]},{\"@type\":\"WebSite\",\"@id\":\"https:\/\/ohmytuft.com\/fr\/#website\",\"url\":\"https:\/\/ohmytuft.com\/fr\/\",\"name\":\"Oh my tuft\",\"description\":\"Oh my tuft\",\"publisher\":{\"@id\":\"https:\/\/ohmytuft.com\/fr\/#organization\"},\"potentialAction\":[{\"@type\":\"SearchAction\",\"target\":{\"@type\":\"EntryPoint\",\"urlTemplate\":\"https:\/\/ohmytuft.com\/fr\/?s={search_term_string}\"},\"query-input\":{\"@type\":\"PropertyValueSpecification\",\"valueRequired\":true,\"valueName\":\"search_term_string\"}}],\"inLanguage\":\"fr-FR\"},{\"@type\":\"Organization\",\"@id\":\"https:\/\/ohmytuft.com\/fr\/#organization\",\"name\":\"Oh my tuft\",\"url\":\"https:\/\/ohmytuft.com\/fr\/\",\"logo\":{\"@type\":\"ImageObject\",\"inLanguage\":\"fr-FR\",\"@id\":\"https:\/\/ohmytuft.com\/fr\/#\/schema\/logo\/image\/\",\"url\":\"https:\/\/ohmytuft.com\/wp-content\/uploads\/2021\/02\/WEB-20.png\",\"contentUrl\":\"https:\/\/ohmytuft.com\/wp-content\/uploads\/2021\/02\/WEB-20.png\",\"width\":2085,\"height\":764,\"caption\":\"Oh my tuft\"},\"image\":{\"@id\":\"https:\/\/ohmytuft.com\/fr\/#\/schema\/logo\/image\/\"},\"sameAs\":[\"https:\/\/www.instagram.com\/tuftinggunsupplies\/\",\"https:\/\/www.tiktok.com\/@tuftinggun\"]}]}<\/script>\n<!-- \/ Yoast SEO plugin. -->","yoast_head_json":{"title":"Hand Tufting Gun AK-I - Cut Pile - Ohmytuft.com","robots":{"index":"index","follow":"follow","max-snippet":"max-snippet:-1","max-image-preview":"max-image-preview:large","max-video-preview":"max-video-preview:-1"},"canonical":"https:\/\/ohmytuft.com\/fr\/produit\/pistolet-a-touffeter-ak-i-cut-pile\/","og_locale":"fr_FR","og_type":"article","og_title":"Hand Tufting Gun AK-I - Cut Pile - Ohmytuft.com","og_description":"Pistolet \u00e0 touffeter manuel \u00e9lectrique - Pile coup\u00e9e.  100-240 V avec prise Europlug  Hauteur des poils r\u00e9glable : 7-21 mm  Poids : 1,40 kg  Vitesse r\u00e9glable : 5-40 points\/sec et r\u00e9glable. Vous pouvez contr\u00f4ler la vitesse pour plus de d\u00e9tails. Cette machine est facile \u00e0 apprendre et \u00e0 utiliser. Tutoriels \u00e0 venir ! Un entretien p\u00e9riodique permet de prolonger la dur\u00e9e de vie de l'outil. La bo\u00eete comprend:  Machine \u00e0 touffeter  Adaptateur AC\/DC avec Europlug  Outils et vis pour l'entretien Safety First!  Utiliser des protections auditives et oculaires.  \u00c9vitez les engrenages et les m\u00e9canismes.  Mettez l'appareil hors tension lorsque vous ne l'utilisez pas.","og_url":"https:\/\/ohmytuft.com\/fr\/produit\/pistolet-a-touffeter-ak-i-cut-pile\/","og_site_name":"Ohmytuft.com","article_modified_time":"2024-05-25T11:01:19+00:00","og_image":[{"width":2560,"height":2560,"url":"https:\/\/ohmytuft.com\/wp-content\/uploads\/2021\/02\/23022021-IMG_4393-scaled.jpg","type":"image\/jpeg"}],"twitter_card":"summary_large_image","twitter_misc":{"Dur\u00e9e de lecture estim\u00e9e":"2 minutes"},"schema":{"@context":"https:\/\/schema.org","@graph":[{"@type":"WebPage","@id":"https:\/\/ohmytuft.com\/fr\/produit\/pistolet-a-touffeter-ak-i-cut-pile\/","url":"https:\/\/ohmytuft.com\/fr\/produit\/pistolet-a-touffeter-ak-i-cut-pile\/","name":"Hand Tufting Gun AK-I - Cut Pile - Ohmytuft.com","isPartOf":{"@id":"https:\/\/ohmytuft.com\/fr\/#website"},"primaryImageOfPage":{"@id":"https:\/\/ohmytuft.com\/fr\/produit\/pistolet-a-touffeter-ak-i-cut-pile\/#primaryimage"},"image":{"@id":"https:\/\/ohmytuft.com\/fr\/produit\/pistolet-a-touffeter-ak-i-cut-pile\/#primaryimage"},"thumbnailUrl":"https:\/\/ohmytuft.com\/wp-content\/uploads\/2021\/02\/tufting-gun-ak1.png","datePublished":"2021-02-28T20:55:20+00:00","dateModified":"2024-05-25T11:01:19+00:00","breadcrumb":{"@id":"https:\/\/ohmytuft.com\/fr\/produit\/pistolet-a-touffeter-ak-i-cut-pile\/#breadcrumb"},"inLanguage":"fr-FR","potentialAction":[{"@type":"ReadAction","target":["https:\/\/ohmytuft.com\/fr\/produit\/pistolet-a-touffeter-ak-i-cut-pile\/"]}]},{"@type":"ImageObject","inLanguage":"fr-FR","@id":"https:\/\/ohmytuft.com\/fr\/produit\/pistolet-a-touffeter-ak-i-cut-pile\/#primaryimage","url":"https:\/\/ohmytuft.com\/wp-content\/uploads\/2021\/02\/tufting-gun-ak1.png","contentUrl":"https:\/\/ohmytuft.com\/wp-content\/uploads\/2021\/02\/tufting-gun-ak1.png","width":800,"height":800,"caption":"tufting gun AK1"},{"@type":"BreadcrumbList","@id":"https:\/\/ohmytuft.com\/fr\/produit\/pistolet-a-touffeter-ak-i-cut-pile\/#breadcrumb","itemListElement":[{"@type":"ListItem","position":1,"name":"Home","item":"https:\/\/ohmytuft.com\/fr\/"},{"@type":"ListItem","position":2,"name":"Boutique","item":"https:\/\/ohmytuft.com\/fr\/boutique\/"},{"@type":"ListItem","position":3,"name":"Hand Tufting Gun AK-I &#8211; Cut Pile"}]},{"@type":"WebSite","@id":"https:\/\/ohmytuft.com\/fr\/#website","url":"https:\/\/ohmytuft.com\/fr\/","name":"Oh my tuft","description":"Oh my tuft","publisher":{"@id":"https:\/\/ohmytuft.com\/fr\/#organization"},"potentialAction":[{"@type":"SearchAction","target":{"@type":"EntryPoint","urlTemplate":"https:\/\/ohmytuft.com\/fr\/?s={search_term_string}"},"query-input":{"@type":"PropertyValueSpecification","valueRequired":true,"valueName":"search_term_string"}}],"inLanguage":"fr-FR"},{"@type":"Organization","@id":"https:\/\/ohmytuft.com\/fr\/#organization","name":"Oh my tuft","url":"https:\/\/ohmytuft.com\/fr\/","logo":{"@type":"ImageObject","inLanguage":"fr-FR","@id":"https:\/\/ohmytuft.com\/fr\/#\/schema\/logo\/image\/","url":"https:\/\/ohmytuft.com\/wp-content\/uploads\/2021\/02\/WEB-20.png","contentUrl":"https:\/\/ohmytuft.com\/wp-content\/uploads\/2021\/02\/WEB-20.png","width":2085,"height":764,"caption":"Oh my tuft"},"image":{"@id":"https:\/\/ohmytuft.com\/fr\/#\/schema\/logo\/image\/"},"sameAs":["https:\/\/www.instagram.com\/tuftinggunsupplies\/","https:\/\/www.tiktok.com\/@tuftinggun"]}]}},"_links":{"self":[{"href":"https:\/\/ohmytuft.com\/fr\/wp-json\/wp\/v2\/product\/3713","targetHints":{"allow":["GET"]}}],"collection":[{"href":"https:\/\/ohmytuft.com\/fr\/wp-json\/wp\/v2\/product"}],"about":[{"href":"https:\/\/ohmytuft.com\/fr\/wp-json\/wp\/v2\/types\/product"}],"replies":[{"embeddable":true,"href":"https:\/\/ohmytuft.com\/fr\/wp-json\/wp\/v2\/comments?post=3713"}],"wp:featuredmedia":[{"embeddable":true,"href":"https:\/\/ohmytuft.com\/fr\/wp-json\/wp\/v2\/media\/8935"}],"wp:attachment":[{"href":"https:\/\/ohmytuft.com\/fr\/wp-json\/wp\/v2\/media?parent=3713"}],"wp:term":[{"taxonomy":"product_brand","embeddable":true,"href":"https:\/\/ohmytuft.com\/fr\/wp-json\/wp\/v2\/product_brand?post=3713"},{"taxonomy":"product_cat","embeddable":true,"href":"https:\/\/ohmytuft.com\/fr\/wp-json\/wp\/v2\/product_cat?post=3713"},{"taxonomy":"product_tag","embeddable":true,"href":"https:\/\/ohmytuft.com\/fr\/wp-json\/wp\/v2\/product_tag?post=3713"}],"curies":[{"name":"wp","href":"https:\/\/api.w.org\/{rel}","templated":true}]}}