{"id":3724,"date":"2024-03-14T08:51:57","date_gmt":"2024-03-14T08:51:57","guid":{"rendered":"https:\/\/ohmytuft.com\/product\/hand-tufting-gun-2-in-1-loop-cut\/"},"modified":"2024-05-22T08:31:54","modified_gmt":"2024-05-22T08:31:54","slug":"pistolet-a-touffeter-2-in-1-loop-cut","status":"publish","type":"product","link":"https:\/\/ohmytuft.com\/fr\/produit\/pistolet-a-touffeter-2-in-1-loop-cut\/","title":{"rendered":"Hand Tufting Gun 2-in-1 Loop &amp; Cut"},"content":{"rendered":"","protected":false},"excerpt":{"rendered":"<p><b>Pistolet \u00e0 touffeter manuel \u00e9lectrique 2-en-1 Loop and Cut pile.<\/b><\/p>\n<ul>\n<li>100-240 V avec prise Europlug<\/li>\n<li>Hauteur des poils r\u00e9glable : 7-21 mm<\/li>\n<li>Poids : 1,40 kg<\/li>\n<li>Vitesse r\u00e9glable : 5-40 points\/sec et r\u00e9glable. Vous pouvez contr\u00f4ler la vitesse pour plus de d\u00e9tails.<\/li>\n<li>Ciseaux interchangeables Loop &amp; Cut<\/li>\n<li>Black Edition<\/li>\n<\/ul>\n<p>Cette machine est facile \u00e0 apprendre et \u00e0 utiliser. Tutoriels \u00e0 venir !<br \/>\nUn entretien p\u00e9riodique permet de prolonger la dur\u00e9e de vie de l&rsquo;outil.<\/p>\n<p><strong>La bo\u00eete comprend:<\/strong><\/p>\n<ul>\n<li>Machine \u00e0 touffeter<\/li>\n<li>Adaptateur AC\/DC avec Europlug<\/li>\n<li>Outils et vis pour l&rsquo;entretien<\/li>\n<li>Enfile-aiguille<\/li>\n<li>2 ciseaux de coupe + 1 ciseau \u00e0 boucle<\/li>\n<\/ul>\n<p>Safety First!<br \/>\nUtiliser des protections auditives et oculaires.<br \/>\n\u00c9vitez les engrenages et les m\u00e9canismes.<br \/>\nMettez l&rsquo;appareil hors tension lorsque vous ne l&rsquo;utilisez pas.<\/p>\n","protected":false},"featured_media":817,"comment_status":"open","ping_status":"closed","template":"","meta":{"_joinchat":[]},"product_brand":[],"product_cat":[157],"product_tag":[],"class_list":{"0":"post-3724","1":"product","2":"type-product","3":"status-publish","4":"has-post-thumbnail","6":"product_cat-pistolets","8":"first","9":"onbackorder","10":"sale","11":"taxable","12":"shipping-taxable","13":"purchasable","14":"product-type-simple"},"yoast_head":"<!-- This site is optimized with the Yoast SEO plugin v27.2 - https:\/\/yoast.com\/product\/yoast-seo-wordpress\/ -->\n<title>Hand Tufting Gun 2-in-1 Loop &amp; Cut - Ohmytuft.com<\/title>\n<meta name=\"robots\" content=\"index, follow, max-snippet:-1, max-image-preview:large, max-video-preview:-1\" \/>\n<link rel=\"canonical\" href=\"https:\/\/ohmytuft.com\/fr\/produit\/pistolet-a-touffeter-2-in-1-loop-cut\/\" \/>\n<meta property=\"og:locale\" content=\"fr_FR\" \/>\n<meta property=\"og:type\" content=\"article\" \/>\n<meta property=\"og:title\" content=\"Hand Tufting Gun 2-in-1 Loop &amp; Cut - Ohmytuft.com\" \/>\n<meta property=\"og:description\" content=\"Pistolet \u00e0 touffeter manuel \u00e9lectrique 2-en-1 Loop and Cut pile.  100-240 V avec prise Europlug  Hauteur des poils r\u00e9glable : 7-21 mm  Poids : 1,40 kg  Vitesse r\u00e9glable : 5-40 points\/sec et r\u00e9glable. Vous pouvez contr\u00f4ler la vitesse pour plus de d\u00e9tails.  Ciseaux interchangeables Loop &amp; Cut  Black Edition Cette machine est facile \u00e0 apprendre et \u00e0 utiliser. Tutoriels \u00e0 venir ! Un entretien p\u00e9riodique permet de prolonger la dur\u00e9e de vie de l&#039;outil. La bo\u00eete comprend:  Machine \u00e0 touffeter  Adaptateur AC\/DC avec Europlug  Outils et vis pour l&#039;entretien  Enfile-aiguille  2 ciseaux de coupe + 1 ciseau \u00e0 boucle Safety First! Utiliser des protections auditives et oculaires. \u00c9vitez les engrenages et les m\u00e9canismes. Mettez l&#039;appareil hors tension lorsque vous ne l&#039;utilisez pas.\" \/>\n<meta property=\"og:url\" content=\"https:\/\/ohmytuft.com\/fr\/produit\/pistolet-a-touffeter-2-in-1-loop-cut\/\" \/>\n<meta property=\"og:site_name\" content=\"Ohmytuft.com\" \/>\n<meta property=\"article:modified_time\" content=\"2024-05-22T08:31:54+00:00\" \/>\n<meta property=\"og:image\" content=\"https:\/\/ohmytuft.com\/wp-content\/uploads\/2022\/03\/tuftinggunsupplies_europe_tufting_gun_loop_cut_01.jpg\" \/>\n\t<meta property=\"og:image:width\" content=\"1200\" \/>\n\t<meta property=\"og:image:height\" content=\"1200\" \/>\n\t<meta property=\"og:image:type\" content=\"image\/jpeg\" \/>\n<meta name=\"twitter:card\" content=\"summary_large_image\" \/>\n<script type=\"application\/ld+json\" class=\"yoast-schema-graph\">{\"@context\":\"https:\/\/schema.org\",\"@graph\":[{\"@type\":\"WebPage\",\"@id\":\"https:\/\/ohmytuft.com\/fr\/produit\/pistolet-a-touffeter-2-in-1-loop-cut\/\",\"url\":\"https:\/\/ohmytuft.com\/fr\/produit\/pistolet-a-touffeter-2-in-1-loop-cut\/\",\"name\":\"Hand Tufting Gun 2-in-1 Loop &amp; Cut - Ohmytuft.com\",\"isPartOf\":{\"@id\":\"https:\/\/ohmytuft.com\/fr\/#website\"},\"primaryImageOfPage\":{\"@id\":\"https:\/\/ohmytuft.com\/fr\/produit\/pistolet-a-touffeter-2-in-1-loop-cut\/#primaryimage\"},\"image\":{\"@id\":\"https:\/\/ohmytuft.com\/fr\/produit\/pistolet-a-touffeter-2-in-1-loop-cut\/#primaryimage\"},\"thumbnailUrl\":\"https:\/\/ohmytuft.com\/wp-content\/uploads\/2022\/03\/tuftinggunsupplies_europe_tufting_gun_loop_cut_01.jpg\",\"datePublished\":\"2024-03-14T08:51:57+00:00\",\"dateModified\":\"2024-05-22T08:31:54+00:00\",\"breadcrumb\":{\"@id\":\"https:\/\/ohmytuft.com\/fr\/produit\/pistolet-a-touffeter-2-in-1-loop-cut\/#breadcrumb\"},\"inLanguage\":\"fr-FR\",\"potentialAction\":[{\"@type\":\"ReadAction\",\"target\":[\"https:\/\/ohmytuft.com\/fr\/produit\/pistolet-a-touffeter-2-in-1-loop-cut\/\"]}]},{\"@type\":\"ImageObject\",\"inLanguage\":\"fr-FR\",\"@id\":\"https:\/\/ohmytuft.com\/fr\/produit\/pistolet-a-touffeter-2-in-1-loop-cut\/#primaryimage\",\"url\":\"https:\/\/ohmytuft.com\/wp-content\/uploads\/2022\/03\/tuftinggunsupplies_europe_tufting_gun_loop_cut_01.jpg\",\"contentUrl\":\"https:\/\/ohmytuft.com\/wp-content\/uploads\/2022\/03\/tuftinggunsupplies_europe_tufting_gun_loop_cut_01.jpg\",\"width\":1200,\"height\":1200},{\"@type\":\"BreadcrumbList\",\"@id\":\"https:\/\/ohmytuft.com\/fr\/produit\/pistolet-a-touffeter-2-in-1-loop-cut\/#breadcrumb\",\"itemListElement\":[{\"@type\":\"ListItem\",\"position\":1,\"name\":\"Home\",\"item\":\"https:\/\/ohmytuft.com\/fr\/\"},{\"@type\":\"ListItem\",\"position\":2,\"name\":\"Boutique\",\"item\":\"https:\/\/ohmytuft.com\/fr\/boutique\/\"},{\"@type\":\"ListItem\",\"position\":3,\"name\":\"Hand Tufting Gun 2-in-1 Loop &amp; Cut\"}]},{\"@type\":\"WebSite\",\"@id\":\"https:\/\/ohmytuft.com\/fr\/#website\",\"url\":\"https:\/\/ohmytuft.com\/fr\/\",\"name\":\"Oh my tuft\",\"description\":\"Oh my tuft\",\"publisher\":{\"@id\":\"https:\/\/ohmytuft.com\/fr\/#organization\"},\"potentialAction\":[{\"@type\":\"SearchAction\",\"target\":{\"@type\":\"EntryPoint\",\"urlTemplate\":\"https:\/\/ohmytuft.com\/fr\/?s={search_term_string}\"},\"query-input\":{\"@type\":\"PropertyValueSpecification\",\"valueRequired\":true,\"valueName\":\"search_term_string\"}}],\"inLanguage\":\"fr-FR\"},{\"@type\":\"Organization\",\"@id\":\"https:\/\/ohmytuft.com\/fr\/#organization\",\"name\":\"Oh my tuft\",\"url\":\"https:\/\/ohmytuft.com\/fr\/\",\"logo\":{\"@type\":\"ImageObject\",\"inLanguage\":\"fr-FR\",\"@id\":\"https:\/\/ohmytuft.com\/fr\/#\/schema\/logo\/image\/\",\"url\":\"https:\/\/ohmytuft.com\/wp-content\/uploads\/2021\/02\/WEB-20.png\",\"contentUrl\":\"https:\/\/ohmytuft.com\/wp-content\/uploads\/2021\/02\/WEB-20.png\",\"width\":2085,\"height\":764,\"caption\":\"Oh my tuft\"},\"image\":{\"@id\":\"https:\/\/ohmytuft.com\/fr\/#\/schema\/logo\/image\/\"},\"sameAs\":[\"https:\/\/www.instagram.com\/tuftinggunsupplies\/\",\"https:\/\/www.tiktok.com\/@tuftinggun\"]}]}<\/script>\n<!-- \/ Yoast SEO plugin. -->","yoast_head_json":{"title":"Hand Tufting Gun 2-in-1 Loop &amp; Cut - Ohmytuft.com","robots":{"index":"index","follow":"follow","max-snippet":"max-snippet:-1","max-image-preview":"max-image-preview:large","max-video-preview":"max-video-preview:-1"},"canonical":"https:\/\/ohmytuft.com\/fr\/produit\/pistolet-a-touffeter-2-in-1-loop-cut\/","og_locale":"fr_FR","og_type":"article","og_title":"Hand Tufting Gun 2-in-1 Loop &amp; Cut - Ohmytuft.com","og_description":"Pistolet \u00e0 touffeter manuel \u00e9lectrique 2-en-1 Loop and Cut pile.  100-240 V avec prise Europlug  Hauteur des poils r\u00e9glable : 7-21 mm  Poids : 1,40 kg  Vitesse r\u00e9glable : 5-40 points\/sec et r\u00e9glable. Vous pouvez contr\u00f4ler la vitesse pour plus de d\u00e9tails.  Ciseaux interchangeables Loop &amp; Cut  Black Edition Cette machine est facile \u00e0 apprendre et \u00e0 utiliser. Tutoriels \u00e0 venir ! Un entretien p\u00e9riodique permet de prolonger la dur\u00e9e de vie de l'outil. La bo\u00eete comprend:  Machine \u00e0 touffeter  Adaptateur AC\/DC avec Europlug  Outils et vis pour l'entretien  Enfile-aiguille  2 ciseaux de coupe + 1 ciseau \u00e0 boucle Safety First! Utiliser des protections auditives et oculaires. \u00c9vitez les engrenages et les m\u00e9canismes. Mettez l'appareil hors tension lorsque vous ne l'utilisez pas.","og_url":"https:\/\/ohmytuft.com\/fr\/produit\/pistolet-a-touffeter-2-in-1-loop-cut\/","og_site_name":"Ohmytuft.com","article_modified_time":"2024-05-22T08:31:54+00:00","og_image":[{"width":1200,"height":1200,"url":"https:\/\/ohmytuft.com\/wp-content\/uploads\/2022\/03\/tuftinggunsupplies_europe_tufting_gun_loop_cut_01.jpg","type":"image\/jpeg"}],"twitter_card":"summary_large_image","schema":{"@context":"https:\/\/schema.org","@graph":[{"@type":"WebPage","@id":"https:\/\/ohmytuft.com\/fr\/produit\/pistolet-a-touffeter-2-in-1-loop-cut\/","url":"https:\/\/ohmytuft.com\/fr\/produit\/pistolet-a-touffeter-2-in-1-loop-cut\/","name":"Hand Tufting Gun 2-in-1 Loop &amp; Cut - Ohmytuft.com","isPartOf":{"@id":"https:\/\/ohmytuft.com\/fr\/#website"},"primaryImageOfPage":{"@id":"https:\/\/ohmytuft.com\/fr\/produit\/pistolet-a-touffeter-2-in-1-loop-cut\/#primaryimage"},"image":{"@id":"https:\/\/ohmytuft.com\/fr\/produit\/pistolet-a-touffeter-2-in-1-loop-cut\/#primaryimage"},"thumbnailUrl":"https:\/\/ohmytuft.com\/wp-content\/uploads\/2022\/03\/tuftinggunsupplies_europe_tufting_gun_loop_cut_01.jpg","datePublished":"2024-03-14T08:51:57+00:00","dateModified":"2024-05-22T08:31:54+00:00","breadcrumb":{"@id":"https:\/\/ohmytuft.com\/fr\/produit\/pistolet-a-touffeter-2-in-1-loop-cut\/#breadcrumb"},"inLanguage":"fr-FR","potentialAction":[{"@type":"ReadAction","target":["https:\/\/ohmytuft.com\/fr\/produit\/pistolet-a-touffeter-2-in-1-loop-cut\/"]}]},{"@type":"ImageObject","inLanguage":"fr-FR","@id":"https:\/\/ohmytuft.com\/fr\/produit\/pistolet-a-touffeter-2-in-1-loop-cut\/#primaryimage","url":"https:\/\/ohmytuft.com\/wp-content\/uploads\/2022\/03\/tuftinggunsupplies_europe_tufting_gun_loop_cut_01.jpg","contentUrl":"https:\/\/ohmytuft.com\/wp-content\/uploads\/2022\/03\/tuftinggunsupplies_europe_tufting_gun_loop_cut_01.jpg","width":1200,"height":1200},{"@type":"BreadcrumbList","@id":"https:\/\/ohmytuft.com\/fr\/produit\/pistolet-a-touffeter-2-in-1-loop-cut\/#breadcrumb","itemListElement":[{"@type":"ListItem","position":1,"name":"Home","item":"https:\/\/ohmytuft.com\/fr\/"},{"@type":"ListItem","position":2,"name":"Boutique","item":"https:\/\/ohmytuft.com\/fr\/boutique\/"},{"@type":"ListItem","position":3,"name":"Hand Tufting Gun 2-in-1 Loop &amp; Cut"}]},{"@type":"WebSite","@id":"https:\/\/ohmytuft.com\/fr\/#website","url":"https:\/\/ohmytuft.com\/fr\/","name":"Oh my tuft","description":"Oh my tuft","publisher":{"@id":"https:\/\/ohmytuft.com\/fr\/#organization"},"potentialAction":[{"@type":"SearchAction","target":{"@type":"EntryPoint","urlTemplate":"https:\/\/ohmytuft.com\/fr\/?s={search_term_string}"},"query-input":{"@type":"PropertyValueSpecification","valueRequired":true,"valueName":"search_term_string"}}],"inLanguage":"fr-FR"},{"@type":"Organization","@id":"https:\/\/ohmytuft.com\/fr\/#organization","name":"Oh my tuft","url":"https:\/\/ohmytuft.com\/fr\/","logo":{"@type":"ImageObject","inLanguage":"fr-FR","@id":"https:\/\/ohmytuft.com\/fr\/#\/schema\/logo\/image\/","url":"https:\/\/ohmytuft.com\/wp-content\/uploads\/2021\/02\/WEB-20.png","contentUrl":"https:\/\/ohmytuft.com\/wp-content\/uploads\/2021\/02\/WEB-20.png","width":2085,"height":764,"caption":"Oh my tuft"},"image":{"@id":"https:\/\/ohmytuft.com\/fr\/#\/schema\/logo\/image\/"},"sameAs":["https:\/\/www.instagram.com\/tuftinggunsupplies\/","https:\/\/www.tiktok.com\/@tuftinggun"]}]}},"_links":{"self":[{"href":"https:\/\/ohmytuft.com\/fr\/wp-json\/wp\/v2\/product\/3724","targetHints":{"allow":["GET"]}}],"collection":[{"href":"https:\/\/ohmytuft.com\/fr\/wp-json\/wp\/v2\/product"}],"about":[{"href":"https:\/\/ohmytuft.com\/fr\/wp-json\/wp\/v2\/types\/product"}],"replies":[{"embeddable":true,"href":"https:\/\/ohmytuft.com\/fr\/wp-json\/wp\/v2\/comments?post=3724"}],"wp:featuredmedia":[{"embeddable":true,"href":"https:\/\/ohmytuft.com\/fr\/wp-json\/wp\/v2\/media\/817"}],"wp:attachment":[{"href":"https:\/\/ohmytuft.com\/fr\/wp-json\/wp\/v2\/media?parent=3724"}],"wp:term":[{"taxonomy":"product_brand","embeddable":true,"href":"https:\/\/ohmytuft.com\/fr\/wp-json\/wp\/v2\/product_brand?post=3724"},{"taxonomy":"product_cat","embeddable":true,"href":"https:\/\/ohmytuft.com\/fr\/wp-json\/wp\/v2\/product_cat?post=3724"},{"taxonomy":"product_tag","embeddable":true,"href":"https:\/\/ohmytuft.com\/fr\/wp-json\/wp\/v2\/product_tag?post=3724"}],"curies":[{"name":"wp","href":"https:\/\/api.w.org\/{rel}","templated":true}]}}