{"id":3727,"date":"2024-03-09T14:41:24","date_gmt":"2024-03-09T14:41:24","guid":{"rendered":"https:\/\/ohmytuft.com\/product\/tissu-de-touffetage-primaire-200x160cm\/"},"modified":"2022-03-09T14:41:24","modified_gmt":"2022-03-09T14:41:24","slug":"tissu-touffetage-primaire-400x400cm","status":"publish","type":"product","link":"https:\/\/ohmytuft.com\/fr\/produit\/tissu-touffetage-primaire-400x400cm\/","title":{"rendered":"Tissu de touffetage primaire 200x160cm"},"content":{"rendered":"","protected":false},"excerpt":{"rendered":"<p><strong>Tissu tufting pour tapis de haute qualit\u00e9<\/strong><\/p>\n<ul>\n<li>Plus durable que la monk&rsquo;s cloth, la toile de jute ou le lin.<\/li>\n<li>Utilis\u00e9 dans l&rsquo;industrie professionnelle.<\/li>\n<li>Lignes de marquage tiss\u00e9es dans le tissu pour faciliter le marquage et le tuftage.<\/li>\n<li>35% coton, 65% polyester<\/li>\n<li>Poids : 260 g par m\u00e8tre carr\u00e9<\/li>\n<\/ul>\n<p>Si vous avez besoin d&rsquo;une pi\u00e8ce plus grande que 200&#215;160, <strong>veuillez nous contacter<\/strong>.<\/p>\n","protected":false},"featured_media":656,"comment_status":"open","ping_status":"closed","template":"","meta":{"_joinchat":[]},"product_brand":[],"product_cat":[224,158],"product_tag":[],"class_list":{"0":"post-3727","1":"product","2":"type-product","3":"status-publish","4":"has-post-thumbnail","6":"product_cat-tissu-de-touffetage-primaire","7":"product_cat-tissu","9":"first","10":"instock","11":"taxable","12":"shipping-taxable","13":"purchasable","14":"product-type-simple"},"yoast_head":"<!-- This site is optimized with the Yoast SEO plugin v27.2 - https:\/\/yoast.com\/product\/yoast-seo-wordpress\/ -->\n<title>Tissu de touffetage primaire 200x160cm - Ohmytuft.com<\/title>\n<meta name=\"robots\" content=\"index, follow, max-snippet:-1, max-image-preview:large, max-video-preview:-1\" \/>\n<link rel=\"canonical\" href=\"https:\/\/ohmytuft.com\/fr\/produit\/tissu-touffetage-primaire-400x400cm\/\" \/>\n<meta property=\"og:locale\" content=\"fr_FR\" \/>\n<meta property=\"og:type\" content=\"article\" \/>\n<meta property=\"og:title\" content=\"Tissu de touffetage primaire 200x160cm - Ohmytuft.com\" \/>\n<meta property=\"og:description\" content=\"Tissu tufting pour tapis de haute qualit\u00e9  Plus durable que la monk&#039;s cloth, la toile de jute ou le lin.  Utilis\u00e9 dans l&#039;industrie professionnelle.  Lignes de marquage tiss\u00e9es dans le tissu pour faciliter le marquage et le tuftage.  35% coton, 65% polyester  Poids : 260 g par m\u00e8tre carr\u00e9 Si vous avez besoin d&#039;une pi\u00e8ce plus grande que 200x160, veuillez nous contacter.\" \/>\n<meta property=\"og:url\" content=\"https:\/\/ohmytuft.com\/fr\/produit\/tissu-touffetage-primaire-400x400cm\/\" \/>\n<meta property=\"og:site_name\" content=\"Ohmytuft.com\" \/>\n<meta property=\"og:image\" content=\"https:\/\/ohmytuft.com\/wp-content\/uploads\/2021\/03\/tufting-primary-backing-fabric-rugs-carpets.jpg\" \/>\n\t<meta property=\"og:image:width\" content=\"1000\" \/>\n\t<meta property=\"og:image:height\" content=\"1000\" \/>\n\t<meta property=\"og:image:type\" content=\"image\/jpeg\" \/>\n<meta name=\"twitter:card\" content=\"summary_large_image\" \/>\n<script type=\"application\/ld+json\" class=\"yoast-schema-graph\">{\"@context\":\"https:\/\/schema.org\",\"@graph\":[{\"@type\":\"WebPage\",\"@id\":\"https:\/\/ohmytuft.com\/fr\/produit\/tissu-touffetage-primaire-400x400cm\/\",\"url\":\"https:\/\/ohmytuft.com\/fr\/produit\/tissu-touffetage-primaire-400x400cm\/\",\"name\":\"Tissu de touffetage primaire 200x160cm - Ohmytuft.com\",\"isPartOf\":{\"@id\":\"https:\/\/ohmytuft.com\/fr\/#website\"},\"primaryImageOfPage\":{\"@id\":\"https:\/\/ohmytuft.com\/fr\/produit\/tissu-touffetage-primaire-400x400cm\/#primaryimage\"},\"image\":{\"@id\":\"https:\/\/ohmytuft.com\/fr\/produit\/tissu-touffetage-primaire-400x400cm\/#primaryimage\"},\"thumbnailUrl\":\"https:\/\/ohmytuft.com\/wp-content\/uploads\/2021\/03\/tufting-primary-backing-fabric-rugs-carpets.jpg\",\"datePublished\":\"2024-03-09T14:41:24+00:00\",\"breadcrumb\":{\"@id\":\"https:\/\/ohmytuft.com\/fr\/produit\/tissu-touffetage-primaire-400x400cm\/#breadcrumb\"},\"inLanguage\":\"fr-FR\",\"potentialAction\":[{\"@type\":\"ReadAction\",\"target\":[\"https:\/\/ohmytuft.com\/fr\/produit\/tissu-touffetage-primaire-400x400cm\/\"]}]},{\"@type\":\"ImageObject\",\"inLanguage\":\"fr-FR\",\"@id\":\"https:\/\/ohmytuft.com\/fr\/produit\/tissu-touffetage-primaire-400x400cm\/#primaryimage\",\"url\":\"https:\/\/ohmytuft.com\/wp-content\/uploads\/2021\/03\/tufting-primary-backing-fabric-rugs-carpets.jpg\",\"contentUrl\":\"https:\/\/ohmytuft.com\/wp-content\/uploads\/2021\/03\/tufting-primary-backing-fabric-rugs-carpets.jpg\",\"width\":1000,\"height\":1000},{\"@type\":\"BreadcrumbList\",\"@id\":\"https:\/\/ohmytuft.com\/fr\/produit\/tissu-touffetage-primaire-400x400cm\/#breadcrumb\",\"itemListElement\":[{\"@type\":\"ListItem\",\"position\":1,\"name\":\"Home\",\"item\":\"https:\/\/ohmytuft.com\/fr\/\"},{\"@type\":\"ListItem\",\"position\":2,\"name\":\"Boutique\",\"item\":\"https:\/\/ohmytuft.com\/fr\/boutique\/\"},{\"@type\":\"ListItem\",\"position\":3,\"name\":\"Tissu de touffetage primaire 200x160cm\"}]},{\"@type\":\"WebSite\",\"@id\":\"https:\/\/ohmytuft.com\/fr\/#website\",\"url\":\"https:\/\/ohmytuft.com\/fr\/\",\"name\":\"Oh my tuft\",\"description\":\"Oh my tuft\",\"publisher\":{\"@id\":\"https:\/\/ohmytuft.com\/fr\/#organization\"},\"potentialAction\":[{\"@type\":\"SearchAction\",\"target\":{\"@type\":\"EntryPoint\",\"urlTemplate\":\"https:\/\/ohmytuft.com\/fr\/?s={search_term_string}\"},\"query-input\":{\"@type\":\"PropertyValueSpecification\",\"valueRequired\":true,\"valueName\":\"search_term_string\"}}],\"inLanguage\":\"fr-FR\"},{\"@type\":\"Organization\",\"@id\":\"https:\/\/ohmytuft.com\/fr\/#organization\",\"name\":\"Oh my tuft\",\"url\":\"https:\/\/ohmytuft.com\/fr\/\",\"logo\":{\"@type\":\"ImageObject\",\"inLanguage\":\"fr-FR\",\"@id\":\"https:\/\/ohmytuft.com\/fr\/#\/schema\/logo\/image\/\",\"url\":\"https:\/\/ohmytuft.com\/wp-content\/uploads\/2021\/02\/WEB-20.png\",\"contentUrl\":\"https:\/\/ohmytuft.com\/wp-content\/uploads\/2021\/02\/WEB-20.png\",\"width\":2085,\"height\":764,\"caption\":\"Oh my tuft\"},\"image\":{\"@id\":\"https:\/\/ohmytuft.com\/fr\/#\/schema\/logo\/image\/\"},\"sameAs\":[\"https:\/\/www.instagram.com\/tuftinggunsupplies\/\",\"https:\/\/www.tiktok.com\/@tuftinggun\"]}]}<\/script>\n<!-- \/ Yoast SEO plugin. -->","yoast_head_json":{"title":"Tissu de touffetage primaire 200x160cm - Ohmytuft.com","robots":{"index":"index","follow":"follow","max-snippet":"max-snippet:-1","max-image-preview":"max-image-preview:large","max-video-preview":"max-video-preview:-1"},"canonical":"https:\/\/ohmytuft.com\/fr\/produit\/tissu-touffetage-primaire-400x400cm\/","og_locale":"fr_FR","og_type":"article","og_title":"Tissu de touffetage primaire 200x160cm - Ohmytuft.com","og_description":"Tissu tufting pour tapis de haute qualit\u00e9  Plus durable que la monk's cloth, la toile de jute ou le lin.  Utilis\u00e9 dans l'industrie professionnelle.  Lignes de marquage tiss\u00e9es dans le tissu pour faciliter le marquage et le tuftage.  35% coton, 65% polyester  Poids : 260 g par m\u00e8tre carr\u00e9 Si vous avez besoin d'une pi\u00e8ce plus grande que 200x160, veuillez nous contacter.","og_url":"https:\/\/ohmytuft.com\/fr\/produit\/tissu-touffetage-primaire-400x400cm\/","og_site_name":"Ohmytuft.com","og_image":[{"width":1000,"height":1000,"url":"https:\/\/ohmytuft.com\/wp-content\/uploads\/2021\/03\/tufting-primary-backing-fabric-rugs-carpets.jpg","type":"image\/jpeg"}],"twitter_card":"summary_large_image","schema":{"@context":"https:\/\/schema.org","@graph":[{"@type":"WebPage","@id":"https:\/\/ohmytuft.com\/fr\/produit\/tissu-touffetage-primaire-400x400cm\/","url":"https:\/\/ohmytuft.com\/fr\/produit\/tissu-touffetage-primaire-400x400cm\/","name":"Tissu de touffetage primaire 200x160cm - Ohmytuft.com","isPartOf":{"@id":"https:\/\/ohmytuft.com\/fr\/#website"},"primaryImageOfPage":{"@id":"https:\/\/ohmytuft.com\/fr\/produit\/tissu-touffetage-primaire-400x400cm\/#primaryimage"},"image":{"@id":"https:\/\/ohmytuft.com\/fr\/produit\/tissu-touffetage-primaire-400x400cm\/#primaryimage"},"thumbnailUrl":"https:\/\/ohmytuft.com\/wp-content\/uploads\/2021\/03\/tufting-primary-backing-fabric-rugs-carpets.jpg","datePublished":"2024-03-09T14:41:24+00:00","breadcrumb":{"@id":"https:\/\/ohmytuft.com\/fr\/produit\/tissu-touffetage-primaire-400x400cm\/#breadcrumb"},"inLanguage":"fr-FR","potentialAction":[{"@type":"ReadAction","target":["https:\/\/ohmytuft.com\/fr\/produit\/tissu-touffetage-primaire-400x400cm\/"]}]},{"@type":"ImageObject","inLanguage":"fr-FR","@id":"https:\/\/ohmytuft.com\/fr\/produit\/tissu-touffetage-primaire-400x400cm\/#primaryimage","url":"https:\/\/ohmytuft.com\/wp-content\/uploads\/2021\/03\/tufting-primary-backing-fabric-rugs-carpets.jpg","contentUrl":"https:\/\/ohmytuft.com\/wp-content\/uploads\/2021\/03\/tufting-primary-backing-fabric-rugs-carpets.jpg","width":1000,"height":1000},{"@type":"BreadcrumbList","@id":"https:\/\/ohmytuft.com\/fr\/produit\/tissu-touffetage-primaire-400x400cm\/#breadcrumb","itemListElement":[{"@type":"ListItem","position":1,"name":"Home","item":"https:\/\/ohmytuft.com\/fr\/"},{"@type":"ListItem","position":2,"name":"Boutique","item":"https:\/\/ohmytuft.com\/fr\/boutique\/"},{"@type":"ListItem","position":3,"name":"Tissu de touffetage primaire 200x160cm"}]},{"@type":"WebSite","@id":"https:\/\/ohmytuft.com\/fr\/#website","url":"https:\/\/ohmytuft.com\/fr\/","name":"Oh my tuft","description":"Oh my tuft","publisher":{"@id":"https:\/\/ohmytuft.com\/fr\/#organization"},"potentialAction":[{"@type":"SearchAction","target":{"@type":"EntryPoint","urlTemplate":"https:\/\/ohmytuft.com\/fr\/?s={search_term_string}"},"query-input":{"@type":"PropertyValueSpecification","valueRequired":true,"valueName":"search_term_string"}}],"inLanguage":"fr-FR"},{"@type":"Organization","@id":"https:\/\/ohmytuft.com\/fr\/#organization","name":"Oh my tuft","url":"https:\/\/ohmytuft.com\/fr\/","logo":{"@type":"ImageObject","inLanguage":"fr-FR","@id":"https:\/\/ohmytuft.com\/fr\/#\/schema\/logo\/image\/","url":"https:\/\/ohmytuft.com\/wp-content\/uploads\/2021\/02\/WEB-20.png","contentUrl":"https:\/\/ohmytuft.com\/wp-content\/uploads\/2021\/02\/WEB-20.png","width":2085,"height":764,"caption":"Oh my tuft"},"image":{"@id":"https:\/\/ohmytuft.com\/fr\/#\/schema\/logo\/image\/"},"sameAs":["https:\/\/www.instagram.com\/tuftinggunsupplies\/","https:\/\/www.tiktok.com\/@tuftinggun"]}]}},"_links":{"self":[{"href":"https:\/\/ohmytuft.com\/fr\/wp-json\/wp\/v2\/product\/3727","targetHints":{"allow":["GET"]}}],"collection":[{"href":"https:\/\/ohmytuft.com\/fr\/wp-json\/wp\/v2\/product"}],"about":[{"href":"https:\/\/ohmytuft.com\/fr\/wp-json\/wp\/v2\/types\/product"}],"replies":[{"embeddable":true,"href":"https:\/\/ohmytuft.com\/fr\/wp-json\/wp\/v2\/comments?post=3727"}],"wp:featuredmedia":[{"embeddable":true,"href":"https:\/\/ohmytuft.com\/fr\/wp-json\/wp\/v2\/media\/656"}],"wp:attachment":[{"href":"https:\/\/ohmytuft.com\/fr\/wp-json\/wp\/v2\/media?parent=3727"}],"wp:term":[{"taxonomy":"product_brand","embeddable":true,"href":"https:\/\/ohmytuft.com\/fr\/wp-json\/wp\/v2\/product_brand?post=3727"},{"taxonomy":"product_cat","embeddable":true,"href":"https:\/\/ohmytuft.com\/fr\/wp-json\/wp\/v2\/product_cat?post=3727"},{"taxonomy":"product_tag","embeddable":true,"href":"https:\/\/ohmytuft.com\/fr\/wp-json\/wp\/v2\/product_tag?post=3727"}],"curies":[{"name":"wp","href":"https:\/\/api.w.org\/{rel}","templated":true}]}}