{"id":3741,"date":"2023-06-02T14:24:33","date_gmt":"2023-06-02T14:24:33","guid":{"rendered":"https:\/\/ohmytuft.com\/product\/tissu-dappui-tufting-200x200cm\/"},"modified":"2024-05-22T08:31:55","modified_gmt":"2024-05-22T08:31:55","slug":"tissu-d-appui-tufting-200x200cm","status":"publish","type":"product","link":"https:\/\/ohmytuft.com\/fr\/produit\/tissu-d-appui-tufting-200x200cm\/","title":{"rendered":"Tissu d\u2019appui Tufting 200x200cm"},"content":{"rendered":"","protected":false},"excerpt":{"rendered":"<p><strong>Finissez vos projets de tufting avec notre tissu flexible et de haute qualit\u00e9.<\/strong><\/p>\n<ul>\n<li>Plus durable que les autres tissus de support.<\/li>\n<li>Utilis\u00e9 dans l&rsquo;industrie professionnelle.<\/li>\n<li>Lignes de marquage tiss\u00e9es dans le tissu pour faciliter le marquage et le tuftage.<\/li>\n<\/ul>\n<p>Si vous avez besoin d&rsquo;une pi\u00e8ce plus grande que 200&#215;200, veuillez <strong>nous contacter<\/strong>.<\/p>\n","protected":false},"featured_media":3512,"comment_status":"open","ping_status":"closed","template":"","meta":{"_joinchat":[]},"product_brand":[],"product_cat":[225,158],"product_tag":[],"class_list":{"0":"post-3741","1":"product","2":"type-product","3":"status-publish","4":"has-post-thumbnail","6":"product_cat-tissu-dappui-pour-tufting","7":"product_cat-tissu","9":"first","10":"instock","11":"taxable","12":"shipping-taxable","13":"purchasable","14":"product-type-simple"},"yoast_head":"<!-- This site is optimized with the Yoast SEO plugin v27.2 - https:\/\/yoast.com\/product\/yoast-seo-wordpress\/ -->\n<title>Tissu d\u2019appui Tufting 200x200cm - Ohmytuft.com<\/title>\n<meta name=\"robots\" content=\"index, follow, max-snippet:-1, max-image-preview:large, max-video-preview:-1\" \/>\n<link rel=\"canonical\" href=\"https:\/\/ohmytuft.com\/fr\/produit\/tissu-d-appui-tufting-200x200cm\/\" \/>\n<meta property=\"og:locale\" content=\"fr_FR\" \/>\n<meta property=\"og:type\" content=\"article\" \/>\n<meta property=\"og:title\" content=\"Tissu d\u2019appui Tufting 200x200cm - Ohmytuft.com\" \/>\n<meta property=\"og:description\" content=\"Finissez vos projets de tufting avec notre tissu flexible et de haute qualit\u00e9.  Plus durable que les autres tissus de support.  Utilis\u00e9 dans l&#039;industrie professionnelle.  Lignes de marquage tiss\u00e9es dans le tissu pour faciliter le marquage et le tuftage. Si vous avez besoin d&#039;une pi\u00e8ce plus grande que 200x200, veuillez nous contacter.\" \/>\n<meta property=\"og:url\" content=\"https:\/\/ohmytuft.com\/fr\/produit\/tissu-d-appui-tufting-200x200cm\/\" \/>\n<meta property=\"og:site_name\" content=\"Ohmytuft.com\" \/>\n<meta property=\"article:modified_time\" content=\"2024-05-22T08:31:55+00:00\" \/>\n<meta property=\"og:image\" content=\"https:\/\/ohmytuft.com\/wp-content\/uploads\/2023\/06\/backing-tufting-cloth.png\" \/>\n\t<meta property=\"og:image:width\" content=\"800\" \/>\n\t<meta property=\"og:image:height\" content=\"800\" \/>\n\t<meta property=\"og:image:type\" content=\"image\/png\" \/>\n<meta name=\"twitter:card\" content=\"summary_large_image\" \/>\n<script type=\"application\/ld+json\" class=\"yoast-schema-graph\">{\"@context\":\"https:\/\/schema.org\",\"@graph\":[{\"@type\":\"WebPage\",\"@id\":\"https:\/\/ohmytuft.com\/fr\/produit\/tissu-d-appui-tufting-200x200cm\/\",\"url\":\"https:\/\/ohmytuft.com\/fr\/produit\/tissu-d-appui-tufting-200x200cm\/\",\"name\":\"Tissu d\u2019appui Tufting 200x200cm - Ohmytuft.com\",\"isPartOf\":{\"@id\":\"https:\/\/ohmytuft.com\/fr\/#website\"},\"primaryImageOfPage\":{\"@id\":\"https:\/\/ohmytuft.com\/fr\/produit\/tissu-d-appui-tufting-200x200cm\/#primaryimage\"},\"image\":{\"@id\":\"https:\/\/ohmytuft.com\/fr\/produit\/tissu-d-appui-tufting-200x200cm\/#primaryimage\"},\"thumbnailUrl\":\"https:\/\/ohmytuft.com\/wp-content\/uploads\/2023\/06\/backing-tufting-cloth.png\",\"datePublished\":\"2023-06-02T14:24:33+00:00\",\"dateModified\":\"2024-05-22T08:31:55+00:00\",\"breadcrumb\":{\"@id\":\"https:\/\/ohmytuft.com\/fr\/produit\/tissu-d-appui-tufting-200x200cm\/#breadcrumb\"},\"inLanguage\":\"fr-FR\",\"potentialAction\":[{\"@type\":\"ReadAction\",\"target\":[\"https:\/\/ohmytuft.com\/fr\/produit\/tissu-d-appui-tufting-200x200cm\/\"]}]},{\"@type\":\"ImageObject\",\"inLanguage\":\"fr-FR\",\"@id\":\"https:\/\/ohmytuft.com\/fr\/produit\/tissu-d-appui-tufting-200x200cm\/#primaryimage\",\"url\":\"https:\/\/ohmytuft.com\/wp-content\/uploads\/2023\/06\/backing-tufting-cloth.png\",\"contentUrl\":\"https:\/\/ohmytuft.com\/wp-content\/uploads\/2023\/06\/backing-tufting-cloth.png\",\"width\":800,\"height\":800,\"caption\":\"backing tufting\"},{\"@type\":\"BreadcrumbList\",\"@id\":\"https:\/\/ohmytuft.com\/fr\/produit\/tissu-d-appui-tufting-200x200cm\/#breadcrumb\",\"itemListElement\":[{\"@type\":\"ListItem\",\"position\":1,\"name\":\"Home\",\"item\":\"https:\/\/ohmytuft.com\/fr\/\"},{\"@type\":\"ListItem\",\"position\":2,\"name\":\"Boutique\",\"item\":\"https:\/\/ohmytuft.com\/fr\/boutique\/\"},{\"@type\":\"ListItem\",\"position\":3,\"name\":\"Tissu d\u2019appui Tufting 200x200cm\"}]},{\"@type\":\"WebSite\",\"@id\":\"https:\/\/ohmytuft.com\/fr\/#website\",\"url\":\"https:\/\/ohmytuft.com\/fr\/\",\"name\":\"Oh my tuft\",\"description\":\"Oh my tuft\",\"publisher\":{\"@id\":\"https:\/\/ohmytuft.com\/fr\/#organization\"},\"potentialAction\":[{\"@type\":\"SearchAction\",\"target\":{\"@type\":\"EntryPoint\",\"urlTemplate\":\"https:\/\/ohmytuft.com\/fr\/?s={search_term_string}\"},\"query-input\":{\"@type\":\"PropertyValueSpecification\",\"valueRequired\":true,\"valueName\":\"search_term_string\"}}],\"inLanguage\":\"fr-FR\"},{\"@type\":\"Organization\",\"@id\":\"https:\/\/ohmytuft.com\/fr\/#organization\",\"name\":\"Oh my tuft\",\"url\":\"https:\/\/ohmytuft.com\/fr\/\",\"logo\":{\"@type\":\"ImageObject\",\"inLanguage\":\"fr-FR\",\"@id\":\"https:\/\/ohmytuft.com\/fr\/#\/schema\/logo\/image\/\",\"url\":\"https:\/\/ohmytuft.com\/wp-content\/uploads\/2021\/02\/WEB-20.png\",\"contentUrl\":\"https:\/\/ohmytuft.com\/wp-content\/uploads\/2021\/02\/WEB-20.png\",\"width\":2085,\"height\":764,\"caption\":\"Oh my tuft\"},\"image\":{\"@id\":\"https:\/\/ohmytuft.com\/fr\/#\/schema\/logo\/image\/\"},\"sameAs\":[\"https:\/\/www.instagram.com\/tuftinggunsupplies\/\",\"https:\/\/www.tiktok.com\/@tuftinggun\"]}]}<\/script>\n<!-- \/ Yoast SEO plugin. -->","yoast_head_json":{"title":"Tissu d\u2019appui Tufting 200x200cm - Ohmytuft.com","robots":{"index":"index","follow":"follow","max-snippet":"max-snippet:-1","max-image-preview":"max-image-preview:large","max-video-preview":"max-video-preview:-1"},"canonical":"https:\/\/ohmytuft.com\/fr\/produit\/tissu-d-appui-tufting-200x200cm\/","og_locale":"fr_FR","og_type":"article","og_title":"Tissu d\u2019appui Tufting 200x200cm - Ohmytuft.com","og_description":"Finissez vos projets de tufting avec notre tissu flexible et de haute qualit\u00e9.  Plus durable que les autres tissus de support.  Utilis\u00e9 dans l'industrie professionnelle.  Lignes de marquage tiss\u00e9es dans le tissu pour faciliter le marquage et le tuftage. Si vous avez besoin d'une pi\u00e8ce plus grande que 200x200, veuillez nous contacter.","og_url":"https:\/\/ohmytuft.com\/fr\/produit\/tissu-d-appui-tufting-200x200cm\/","og_site_name":"Ohmytuft.com","article_modified_time":"2024-05-22T08:31:55+00:00","og_image":[{"width":800,"height":800,"url":"https:\/\/ohmytuft.com\/wp-content\/uploads\/2023\/06\/backing-tufting-cloth.png","type":"image\/png"}],"twitter_card":"summary_large_image","schema":{"@context":"https:\/\/schema.org","@graph":[{"@type":"WebPage","@id":"https:\/\/ohmytuft.com\/fr\/produit\/tissu-d-appui-tufting-200x200cm\/","url":"https:\/\/ohmytuft.com\/fr\/produit\/tissu-d-appui-tufting-200x200cm\/","name":"Tissu d\u2019appui Tufting 200x200cm - Ohmytuft.com","isPartOf":{"@id":"https:\/\/ohmytuft.com\/fr\/#website"},"primaryImageOfPage":{"@id":"https:\/\/ohmytuft.com\/fr\/produit\/tissu-d-appui-tufting-200x200cm\/#primaryimage"},"image":{"@id":"https:\/\/ohmytuft.com\/fr\/produit\/tissu-d-appui-tufting-200x200cm\/#primaryimage"},"thumbnailUrl":"https:\/\/ohmytuft.com\/wp-content\/uploads\/2023\/06\/backing-tufting-cloth.png","datePublished":"2023-06-02T14:24:33+00:00","dateModified":"2024-05-22T08:31:55+00:00","breadcrumb":{"@id":"https:\/\/ohmytuft.com\/fr\/produit\/tissu-d-appui-tufting-200x200cm\/#breadcrumb"},"inLanguage":"fr-FR","potentialAction":[{"@type":"ReadAction","target":["https:\/\/ohmytuft.com\/fr\/produit\/tissu-d-appui-tufting-200x200cm\/"]}]},{"@type":"ImageObject","inLanguage":"fr-FR","@id":"https:\/\/ohmytuft.com\/fr\/produit\/tissu-d-appui-tufting-200x200cm\/#primaryimage","url":"https:\/\/ohmytuft.com\/wp-content\/uploads\/2023\/06\/backing-tufting-cloth.png","contentUrl":"https:\/\/ohmytuft.com\/wp-content\/uploads\/2023\/06\/backing-tufting-cloth.png","width":800,"height":800,"caption":"backing tufting"},{"@type":"BreadcrumbList","@id":"https:\/\/ohmytuft.com\/fr\/produit\/tissu-d-appui-tufting-200x200cm\/#breadcrumb","itemListElement":[{"@type":"ListItem","position":1,"name":"Home","item":"https:\/\/ohmytuft.com\/fr\/"},{"@type":"ListItem","position":2,"name":"Boutique","item":"https:\/\/ohmytuft.com\/fr\/boutique\/"},{"@type":"ListItem","position":3,"name":"Tissu d\u2019appui Tufting 200x200cm"}]},{"@type":"WebSite","@id":"https:\/\/ohmytuft.com\/fr\/#website","url":"https:\/\/ohmytuft.com\/fr\/","name":"Oh my tuft","description":"Oh my tuft","publisher":{"@id":"https:\/\/ohmytuft.com\/fr\/#organization"},"potentialAction":[{"@type":"SearchAction","target":{"@type":"EntryPoint","urlTemplate":"https:\/\/ohmytuft.com\/fr\/?s={search_term_string}"},"query-input":{"@type":"PropertyValueSpecification","valueRequired":true,"valueName":"search_term_string"}}],"inLanguage":"fr-FR"},{"@type":"Organization","@id":"https:\/\/ohmytuft.com\/fr\/#organization","name":"Oh my tuft","url":"https:\/\/ohmytuft.com\/fr\/","logo":{"@type":"ImageObject","inLanguage":"fr-FR","@id":"https:\/\/ohmytuft.com\/fr\/#\/schema\/logo\/image\/","url":"https:\/\/ohmytuft.com\/wp-content\/uploads\/2021\/02\/WEB-20.png","contentUrl":"https:\/\/ohmytuft.com\/wp-content\/uploads\/2021\/02\/WEB-20.png","width":2085,"height":764,"caption":"Oh my tuft"},"image":{"@id":"https:\/\/ohmytuft.com\/fr\/#\/schema\/logo\/image\/"},"sameAs":["https:\/\/www.instagram.com\/tuftinggunsupplies\/","https:\/\/www.tiktok.com\/@tuftinggun"]}]}},"_links":{"self":[{"href":"https:\/\/ohmytuft.com\/fr\/wp-json\/wp\/v2\/product\/3741","targetHints":{"allow":["GET"]}}],"collection":[{"href":"https:\/\/ohmytuft.com\/fr\/wp-json\/wp\/v2\/product"}],"about":[{"href":"https:\/\/ohmytuft.com\/fr\/wp-json\/wp\/v2\/types\/product"}],"replies":[{"embeddable":true,"href":"https:\/\/ohmytuft.com\/fr\/wp-json\/wp\/v2\/comments?post=3741"}],"wp:featuredmedia":[{"embeddable":true,"href":"https:\/\/ohmytuft.com\/fr\/wp-json\/wp\/v2\/media\/3512"}],"wp:attachment":[{"href":"https:\/\/ohmytuft.com\/fr\/wp-json\/wp\/v2\/media?parent=3741"}],"wp:term":[{"taxonomy":"product_brand","embeddable":true,"href":"https:\/\/ohmytuft.com\/fr\/wp-json\/wp\/v2\/product_brand?post=3741"},{"taxonomy":"product_cat","embeddable":true,"href":"https:\/\/ohmytuft.com\/fr\/wp-json\/wp\/v2\/product_cat?post=3741"},{"taxonomy":"product_tag","embeddable":true,"href":"https:\/\/ohmytuft.com\/fr\/wp-json\/wp\/v2\/product_tag?post=3741"}],"curies":[{"name":"wp","href":"https:\/\/api.w.org\/{rel}","templated":true}]}}