{"id":4849,"date":"2023-10-19T17:24:38","date_gmt":"2023-10-19T17:24:38","guid":{"rendered":"https:\/\/ohmytuft.com\/?post_type=product&#038;p=4849"},"modified":"2025-05-12T17:56:25","modified_gmt":"2025-05-12T17:56:25","slug":"tufting-pro-pack-cut-pile-fr","status":"publish","type":"product","link":"https:\/\/ohmytuft.com\/fr\/produit\/tufting-pro-pack-cut-pile-fr\/","title":{"rendered":"Tufting Pro Pack &#8211; Cut pile"},"content":{"rendered":"<p>Tout ce dont vous avez besoin pour vous lancer dans votre nouveau hobby. Osez le tufting avec nos packs de r\u00e9duction.<\/p>\n<p>Livraisons bon march\u00e9 dans toute l&rsquo;Europe. En cas de doute, n&rsquo;h\u00e9sitez pas \u00e0 demander !<\/p>\n","protected":false},"excerpt":{"rendered":"<p>Essayez le tufting PRO de mani\u00e8re plus \u00e9conomique, tout ce dont vous avez besoin pour fabriquer des tapis.<\/p>\n<p>Le pack comprend :<\/p>\n<ul>\n<li>Pistolet \u00e0 touffeter manuel AK-1 &#8211; Cut pile<\/li>\n<li>Tissu de support &#8211; 200&#215;200<\/li>\n<li>Tissu primaire &#8211; 200&#215;200<\/li>\n<li>Machine \u00e0 sculpter et guide<\/li>\n<\/ul>\n","protected":false},"featured_media":5201,"comment_status":"open","ping_status":"closed","template":"","meta":{"_joinchat":[]},"product_brand":[],"product_cat":[156],"product_tag":[],"class_list":{"0":"post-4849","1":"product","2":"type-product","3":"status-publish","4":"has-post-thumbnail","6":"product_cat-tufting-kits-fr","8":"first","9":"outofstock","10":"sale","11":"taxable","12":"shipping-taxable","13":"purchasable","14":"product-type-simple"},"yoast_head":"<!-- This site is optimized with the Yoast SEO plugin v27.2 - https:\/\/yoast.com\/product\/yoast-seo-wordpress\/ -->\n<title>Tufting Pro Pack - Cut pile - Ohmytuft.com<\/title>\n<meta name=\"robots\" content=\"index, follow, max-snippet:-1, max-image-preview:large, max-video-preview:-1\" \/>\n<link rel=\"canonical\" href=\"https:\/\/ohmytuft.com\/fr\/produit\/tufting-pro-pack-cut-pile-fr\/\" \/>\n<meta property=\"og:locale\" content=\"fr_FR\" \/>\n<meta property=\"og:type\" content=\"article\" \/>\n<meta property=\"og:title\" content=\"Tufting Pro Pack - Cut pile - Ohmytuft.com\" \/>\n<meta property=\"og:description\" content=\"Essayez le tufting PRO de mani\u00e8re plus \u00e9conomique, tout ce dont vous avez besoin pour fabriquer des tapis.  Le pack comprend :   Pistolet \u00e0 touffeter manuel AK-1 - Cut pile  Tissu de support - 200x200  Tissu primaire - 200x200  Machine \u00e0 sculpter et guide\" \/>\n<meta property=\"og:url\" content=\"https:\/\/ohmytuft.com\/fr\/produit\/tufting-pro-pack-cut-pile-fr\/\" \/>\n<meta property=\"og:site_name\" content=\"Ohmytuft.com\" \/>\n<meta property=\"article:modified_time\" content=\"2025-05-12T17:56:25+00:00\" \/>\n<meta property=\"og:image\" content=\"https:\/\/ohmytuft.com\/wp-content\/uploads\/2023\/11\/Tufting-packs-03.jpg\" \/>\n\t<meta property=\"og:image:width\" content=\"900\" \/>\n\t<meta property=\"og:image:height\" content=\"900\" \/>\n\t<meta property=\"og:image:type\" content=\"image\/jpeg\" \/>\n<meta name=\"twitter:card\" content=\"summary_large_image\" \/>\n<script type=\"application\/ld+json\" class=\"yoast-schema-graph\">{\"@context\":\"https:\/\/schema.org\",\"@graph\":[{\"@type\":\"WebPage\",\"@id\":\"https:\/\/ohmytuft.com\/fr\/produit\/tufting-pro-pack-cut-pile-fr\/\",\"url\":\"https:\/\/ohmytuft.com\/fr\/produit\/tufting-pro-pack-cut-pile-fr\/\",\"name\":\"Tufting Pro Pack - Cut pile - Ohmytuft.com\",\"isPartOf\":{\"@id\":\"https:\/\/ohmytuft.com\/fr\/#website\"},\"primaryImageOfPage\":{\"@id\":\"https:\/\/ohmytuft.com\/fr\/produit\/tufting-pro-pack-cut-pile-fr\/#primaryimage\"},\"image\":{\"@id\":\"https:\/\/ohmytuft.com\/fr\/produit\/tufting-pro-pack-cut-pile-fr\/#primaryimage\"},\"thumbnailUrl\":\"https:\/\/ohmytuft.com\/wp-content\/uploads\/2023\/11\/Tufting-packs-03.jpg\",\"datePublished\":\"2023-10-19T17:24:38+00:00\",\"dateModified\":\"2025-05-12T17:56:25+00:00\",\"breadcrumb\":{\"@id\":\"https:\/\/ohmytuft.com\/fr\/produit\/tufting-pro-pack-cut-pile-fr\/#breadcrumb\"},\"inLanguage\":\"fr-FR\",\"potentialAction\":[{\"@type\":\"ReadAction\",\"target\":[\"https:\/\/ohmytuft.com\/fr\/produit\/tufting-pro-pack-cut-pile-fr\/\"]}]},{\"@type\":\"ImageObject\",\"inLanguage\":\"fr-FR\",\"@id\":\"https:\/\/ohmytuft.com\/fr\/produit\/tufting-pro-pack-cut-pile-fr\/#primaryimage\",\"url\":\"https:\/\/ohmytuft.com\/wp-content\/uploads\/2023\/11\/Tufting-packs-03.jpg\",\"contentUrl\":\"https:\/\/ohmytuft.com\/wp-content\/uploads\/2023\/11\/Tufting-packs-03.jpg\",\"width\":900,\"height\":900,\"caption\":\"pack de tufting para principiantes\"},{\"@type\":\"BreadcrumbList\",\"@id\":\"https:\/\/ohmytuft.com\/fr\/produit\/tufting-pro-pack-cut-pile-fr\/#breadcrumb\",\"itemListElement\":[{\"@type\":\"ListItem\",\"position\":1,\"name\":\"Home\",\"item\":\"https:\/\/ohmytuft.com\/fr\/\"},{\"@type\":\"ListItem\",\"position\":2,\"name\":\"Boutique\",\"item\":\"https:\/\/ohmytuft.com\/fr\/boutique\/\"},{\"@type\":\"ListItem\",\"position\":3,\"name\":\"Tufting Pro Pack &#8211; Cut pile\"}]},{\"@type\":\"WebSite\",\"@id\":\"https:\/\/ohmytuft.com\/fr\/#website\",\"url\":\"https:\/\/ohmytuft.com\/fr\/\",\"name\":\"Oh my tuft\",\"description\":\"Oh my tuft\",\"publisher\":{\"@id\":\"https:\/\/ohmytuft.com\/fr\/#organization\"},\"potentialAction\":[{\"@type\":\"SearchAction\",\"target\":{\"@type\":\"EntryPoint\",\"urlTemplate\":\"https:\/\/ohmytuft.com\/fr\/?s={search_term_string}\"},\"query-input\":{\"@type\":\"PropertyValueSpecification\",\"valueRequired\":true,\"valueName\":\"search_term_string\"}}],\"inLanguage\":\"fr-FR\"},{\"@type\":\"Organization\",\"@id\":\"https:\/\/ohmytuft.com\/fr\/#organization\",\"name\":\"Oh my tuft\",\"url\":\"https:\/\/ohmytuft.com\/fr\/\",\"logo\":{\"@type\":\"ImageObject\",\"inLanguage\":\"fr-FR\",\"@id\":\"https:\/\/ohmytuft.com\/fr\/#\/schema\/logo\/image\/\",\"url\":\"https:\/\/ohmytuft.com\/wp-content\/uploads\/2021\/02\/WEB-20.png\",\"contentUrl\":\"https:\/\/ohmytuft.com\/wp-content\/uploads\/2021\/02\/WEB-20.png\",\"width\":2085,\"height\":764,\"caption\":\"Oh my tuft\"},\"image\":{\"@id\":\"https:\/\/ohmytuft.com\/fr\/#\/schema\/logo\/image\/\"},\"sameAs\":[\"https:\/\/www.instagram.com\/tuftinggunsupplies\/\",\"https:\/\/www.tiktok.com\/@tuftinggun\"]}]}<\/script>\n<!-- \/ Yoast SEO plugin. -->","yoast_head_json":{"title":"Tufting Pro Pack - Cut pile - Ohmytuft.com","robots":{"index":"index","follow":"follow","max-snippet":"max-snippet:-1","max-image-preview":"max-image-preview:large","max-video-preview":"max-video-preview:-1"},"canonical":"https:\/\/ohmytuft.com\/fr\/produit\/tufting-pro-pack-cut-pile-fr\/","og_locale":"fr_FR","og_type":"article","og_title":"Tufting Pro Pack - Cut pile - Ohmytuft.com","og_description":"Essayez le tufting PRO de mani\u00e8re plus \u00e9conomique, tout ce dont vous avez besoin pour fabriquer des tapis.  Le pack comprend :   Pistolet \u00e0 touffeter manuel AK-1 - Cut pile  Tissu de support - 200x200  Tissu primaire - 200x200  Machine \u00e0 sculpter et guide","og_url":"https:\/\/ohmytuft.com\/fr\/produit\/tufting-pro-pack-cut-pile-fr\/","og_site_name":"Ohmytuft.com","article_modified_time":"2025-05-12T17:56:25+00:00","og_image":[{"width":900,"height":900,"url":"https:\/\/ohmytuft.com\/wp-content\/uploads\/2023\/11\/Tufting-packs-03.jpg","type":"image\/jpeg"}],"twitter_card":"summary_large_image","schema":{"@context":"https:\/\/schema.org","@graph":[{"@type":"WebPage","@id":"https:\/\/ohmytuft.com\/fr\/produit\/tufting-pro-pack-cut-pile-fr\/","url":"https:\/\/ohmytuft.com\/fr\/produit\/tufting-pro-pack-cut-pile-fr\/","name":"Tufting Pro Pack - Cut pile - Ohmytuft.com","isPartOf":{"@id":"https:\/\/ohmytuft.com\/fr\/#website"},"primaryImageOfPage":{"@id":"https:\/\/ohmytuft.com\/fr\/produit\/tufting-pro-pack-cut-pile-fr\/#primaryimage"},"image":{"@id":"https:\/\/ohmytuft.com\/fr\/produit\/tufting-pro-pack-cut-pile-fr\/#primaryimage"},"thumbnailUrl":"https:\/\/ohmytuft.com\/wp-content\/uploads\/2023\/11\/Tufting-packs-03.jpg","datePublished":"2023-10-19T17:24:38+00:00","dateModified":"2025-05-12T17:56:25+00:00","breadcrumb":{"@id":"https:\/\/ohmytuft.com\/fr\/produit\/tufting-pro-pack-cut-pile-fr\/#breadcrumb"},"inLanguage":"fr-FR","potentialAction":[{"@type":"ReadAction","target":["https:\/\/ohmytuft.com\/fr\/produit\/tufting-pro-pack-cut-pile-fr\/"]}]},{"@type":"ImageObject","inLanguage":"fr-FR","@id":"https:\/\/ohmytuft.com\/fr\/produit\/tufting-pro-pack-cut-pile-fr\/#primaryimage","url":"https:\/\/ohmytuft.com\/wp-content\/uploads\/2023\/11\/Tufting-packs-03.jpg","contentUrl":"https:\/\/ohmytuft.com\/wp-content\/uploads\/2023\/11\/Tufting-packs-03.jpg","width":900,"height":900,"caption":"pack de tufting para principiantes"},{"@type":"BreadcrumbList","@id":"https:\/\/ohmytuft.com\/fr\/produit\/tufting-pro-pack-cut-pile-fr\/#breadcrumb","itemListElement":[{"@type":"ListItem","position":1,"name":"Home","item":"https:\/\/ohmytuft.com\/fr\/"},{"@type":"ListItem","position":2,"name":"Boutique","item":"https:\/\/ohmytuft.com\/fr\/boutique\/"},{"@type":"ListItem","position":3,"name":"Tufting Pro Pack &#8211; Cut pile"}]},{"@type":"WebSite","@id":"https:\/\/ohmytuft.com\/fr\/#website","url":"https:\/\/ohmytuft.com\/fr\/","name":"Oh my tuft","description":"Oh my tuft","publisher":{"@id":"https:\/\/ohmytuft.com\/fr\/#organization"},"potentialAction":[{"@type":"SearchAction","target":{"@type":"EntryPoint","urlTemplate":"https:\/\/ohmytuft.com\/fr\/?s={search_term_string}"},"query-input":{"@type":"PropertyValueSpecification","valueRequired":true,"valueName":"search_term_string"}}],"inLanguage":"fr-FR"},{"@type":"Organization","@id":"https:\/\/ohmytuft.com\/fr\/#organization","name":"Oh my tuft","url":"https:\/\/ohmytuft.com\/fr\/","logo":{"@type":"ImageObject","inLanguage":"fr-FR","@id":"https:\/\/ohmytuft.com\/fr\/#\/schema\/logo\/image\/","url":"https:\/\/ohmytuft.com\/wp-content\/uploads\/2021\/02\/WEB-20.png","contentUrl":"https:\/\/ohmytuft.com\/wp-content\/uploads\/2021\/02\/WEB-20.png","width":2085,"height":764,"caption":"Oh my tuft"},"image":{"@id":"https:\/\/ohmytuft.com\/fr\/#\/schema\/logo\/image\/"},"sameAs":["https:\/\/www.instagram.com\/tuftinggunsupplies\/","https:\/\/www.tiktok.com\/@tuftinggun"]}]}},"_links":{"self":[{"href":"https:\/\/ohmytuft.com\/fr\/wp-json\/wp\/v2\/product\/4849","targetHints":{"allow":["GET"]}}],"collection":[{"href":"https:\/\/ohmytuft.com\/fr\/wp-json\/wp\/v2\/product"}],"about":[{"href":"https:\/\/ohmytuft.com\/fr\/wp-json\/wp\/v2\/types\/product"}],"replies":[{"embeddable":true,"href":"https:\/\/ohmytuft.com\/fr\/wp-json\/wp\/v2\/comments?post=4849"}],"wp:featuredmedia":[{"embeddable":true,"href":"https:\/\/ohmytuft.com\/fr\/wp-json\/wp\/v2\/media\/5201"}],"wp:attachment":[{"href":"https:\/\/ohmytuft.com\/fr\/wp-json\/wp\/v2\/media?parent=4849"}],"wp:term":[{"taxonomy":"product_brand","embeddable":true,"href":"https:\/\/ohmytuft.com\/fr\/wp-json\/wp\/v2\/product_brand?post=4849"},{"taxonomy":"product_cat","embeddable":true,"href":"https:\/\/ohmytuft.com\/fr\/wp-json\/wp\/v2\/product_cat?post=4849"},{"taxonomy":"product_tag","embeddable":true,"href":"https:\/\/ohmytuft.com\/fr\/wp-json\/wp\/v2\/product_tag?post=4849"}],"curies":[{"name":"wp","href":"https:\/\/api.w.org\/{rel}","templated":true}]}}