{"id":6248,"date":"2024-01-07T14:52:49","date_gmt":"2024-01-07T14:52:49","guid":{"rendered":"https:\/\/ohmytuft.com\/product\/kit-de-conception-2-cowboys\/"},"modified":"2024-01-07T14:52:49","modified_gmt":"2024-01-07T14:52:49","slug":"kit-de-conception-2-cowboys","status":"publish","type":"product","link":"https:\/\/ohmytuft.com\/fr\/produit\/kit-de-conception-2-cowboys\/","title":{"rendered":"Kit de conception &#8211; 2 cowboys"},"content":{"rendered":"<p>Tout ce dont vous avez besoin pour cr\u00e9er votre tapis dans un seul kit. Chaque mois, nous mettons en ligne de nouveaux motifs afin que vous puissiez cr\u00e9er des projets con\u00e7us par nous.<\/p>\n<p>Si vous avez des questions, n&rsquo;h\u00e9sitez pas \u00e0 <strong>nous contacter<\/strong>.<\/p>\n","protected":false},"excerpt":{"rendered":"<p>Le kit comprend tout ce dont vous avez besoin pour cr\u00e9er vos 2 tapis de cowboys \ud83d\ude09<\/p>\n<ul>\n<li>C\u00f4ne de fil acrylique pour tapis 250g &#8211; Ciel<\/li>\n<li>C\u00f4ne de fil acrylique pour tapis 250g &#8211; Bleu marine<\/li>\n<li>Fil acrylique pour tapis conique 250g -Noir<\/li>\n<li>C\u00f4ne de fil acrylique pour tapis 250g &#8211; Blanc<\/li>\n<\/ul>\n<p>En option, vous pouvez ajouter du tissu tufting.<\/p>\n","protected":false},"featured_media":6117,"comment_status":"open","ping_status":"closed","template":"","meta":{"_joinchat":[]},"product_brand":[],"product_cat":[344],"product_tag":[],"class_list":{"0":"post-6248","1":"product","2":"type-product","3":"status-publish","4":"has-post-thumbnail","6":"product_cat-projets","8":"first","9":"instock","10":"taxable","11":"shipping-taxable","12":"purchasable","13":"product-type-variable"},"yoast_head":"<!-- This site is optimized with the Yoast SEO plugin v27.2 - https:\/\/yoast.com\/product\/yoast-seo-wordpress\/ -->\n<title>Kit de conception - 2 cowboys - Ohmytuft.com<\/title>\n<meta name=\"robots\" content=\"index, follow, max-snippet:-1, max-image-preview:large, max-video-preview:-1\" \/>\n<link rel=\"canonical\" href=\"https:\/\/ohmytuft.com\/fr\/produit\/kit-de-conception-2-cowboys\/\" \/>\n<meta property=\"og:locale\" content=\"fr_FR\" \/>\n<meta property=\"og:type\" content=\"article\" \/>\n<meta property=\"og:title\" content=\"Kit de conception - 2 cowboys - Ohmytuft.com\" \/>\n<meta property=\"og:description\" content=\"Le kit comprend tout ce dont vous avez besoin pour cr\u00e9er vos 2 tapis de cowboys ;)  C\u00f4ne de fil acrylique pour tapis 250g - Ciel  C\u00f4ne de fil acrylique pour tapis 250g - Bleu marine  Fil acrylique pour tapis conique 250g -Noir  C\u00f4ne de fil acrylique pour tapis 250g - Blanc En option, vous pouvez ajouter du tissu tufting.\" \/>\n<meta property=\"og:url\" content=\"https:\/\/ohmytuft.com\/fr\/produit\/kit-de-conception-2-cowboys\/\" \/>\n<meta property=\"og:site_name\" content=\"Ohmytuft.com\" \/>\n<meta property=\"og:image\" content=\"https:\/\/ohmytuft.com\/wp-content\/uploads\/2024\/01\/design-vaqueros.jpeg\" \/>\n\t<meta property=\"og:image:width\" content=\"900\" \/>\n\t<meta property=\"og:image:height\" content=\"1029\" \/>\n\t<meta property=\"og:image:type\" content=\"image\/jpeg\" \/>\n<meta name=\"twitter:card\" content=\"summary_large_image\" \/>\n<script type=\"application\/ld+json\" class=\"yoast-schema-graph\">{\"@context\":\"https:\/\/schema.org\",\"@graph\":[{\"@type\":\"WebPage\",\"@id\":\"https:\/\/ohmytuft.com\/fr\/produit\/kit-de-conception-2-cowboys\/\",\"url\":\"https:\/\/ohmytuft.com\/fr\/produit\/kit-de-conception-2-cowboys\/\",\"name\":\"Kit de conception - 2 cowboys - Ohmytuft.com\",\"isPartOf\":{\"@id\":\"https:\/\/ohmytuft.com\/fr\/#website\"},\"primaryImageOfPage\":{\"@id\":\"https:\/\/ohmytuft.com\/fr\/produit\/kit-de-conception-2-cowboys\/#primaryimage\"},\"image\":{\"@id\":\"https:\/\/ohmytuft.com\/fr\/produit\/kit-de-conception-2-cowboys\/#primaryimage\"},\"thumbnailUrl\":\"https:\/\/ohmytuft.com\/wp-content\/uploads\/2024\/01\/design-vaqueros.jpeg\",\"datePublished\":\"2024-01-07T14:52:49+00:00\",\"breadcrumb\":{\"@id\":\"https:\/\/ohmytuft.com\/fr\/produit\/kit-de-conception-2-cowboys\/#breadcrumb\"},\"inLanguage\":\"fr-FR\",\"potentialAction\":[{\"@type\":\"ReadAction\",\"target\":[\"https:\/\/ohmytuft.com\/fr\/produit\/kit-de-conception-2-cowboys\/\"]}]},{\"@type\":\"ImageObject\",\"inLanguage\":\"fr-FR\",\"@id\":\"https:\/\/ohmytuft.com\/fr\/produit\/kit-de-conception-2-cowboys\/#primaryimage\",\"url\":\"https:\/\/ohmytuft.com\/wp-content\/uploads\/2024\/01\/design-vaqueros.jpeg\",\"contentUrl\":\"https:\/\/ohmytuft.com\/wp-content\/uploads\/2024\/01\/design-vaqueros.jpeg\",\"width\":900,\"height\":1029,\"caption\":\"dise\u00f1o vaqueros\"},{\"@type\":\"BreadcrumbList\",\"@id\":\"https:\/\/ohmytuft.com\/fr\/produit\/kit-de-conception-2-cowboys\/#breadcrumb\",\"itemListElement\":[{\"@type\":\"ListItem\",\"position\":1,\"name\":\"Home\",\"item\":\"https:\/\/ohmytuft.com\/fr\/\"},{\"@type\":\"ListItem\",\"position\":2,\"name\":\"Boutique\",\"item\":\"https:\/\/ohmytuft.com\/fr\/boutique\/\"},{\"@type\":\"ListItem\",\"position\":3,\"name\":\"Kit de conception &#8211; 2 cowboys\"}]},{\"@type\":\"WebSite\",\"@id\":\"https:\/\/ohmytuft.com\/fr\/#website\",\"url\":\"https:\/\/ohmytuft.com\/fr\/\",\"name\":\"Oh my tuft\",\"description\":\"Oh my tuft\",\"publisher\":{\"@id\":\"https:\/\/ohmytuft.com\/fr\/#organization\"},\"potentialAction\":[{\"@type\":\"SearchAction\",\"target\":{\"@type\":\"EntryPoint\",\"urlTemplate\":\"https:\/\/ohmytuft.com\/fr\/?s={search_term_string}\"},\"query-input\":{\"@type\":\"PropertyValueSpecification\",\"valueRequired\":true,\"valueName\":\"search_term_string\"}}],\"inLanguage\":\"fr-FR\"},{\"@type\":\"Organization\",\"@id\":\"https:\/\/ohmytuft.com\/fr\/#organization\",\"name\":\"Oh my tuft\",\"url\":\"https:\/\/ohmytuft.com\/fr\/\",\"logo\":{\"@type\":\"ImageObject\",\"inLanguage\":\"fr-FR\",\"@id\":\"https:\/\/ohmytuft.com\/fr\/#\/schema\/logo\/image\/\",\"url\":\"https:\/\/ohmytuft.com\/wp-content\/uploads\/2021\/02\/WEB-20.png\",\"contentUrl\":\"https:\/\/ohmytuft.com\/wp-content\/uploads\/2021\/02\/WEB-20.png\",\"width\":2085,\"height\":764,\"caption\":\"Oh my tuft\"},\"image\":{\"@id\":\"https:\/\/ohmytuft.com\/fr\/#\/schema\/logo\/image\/\"},\"sameAs\":[\"https:\/\/www.instagram.com\/tuftinggunsupplies\/\",\"https:\/\/www.tiktok.com\/@tuftinggun\"]}]}<\/script>\n<!-- \/ Yoast SEO plugin. -->","yoast_head_json":{"title":"Kit de conception - 2 cowboys - Ohmytuft.com","robots":{"index":"index","follow":"follow","max-snippet":"max-snippet:-1","max-image-preview":"max-image-preview:large","max-video-preview":"max-video-preview:-1"},"canonical":"https:\/\/ohmytuft.com\/fr\/produit\/kit-de-conception-2-cowboys\/","og_locale":"fr_FR","og_type":"article","og_title":"Kit de conception - 2 cowboys - Ohmytuft.com","og_description":"Le kit comprend tout ce dont vous avez besoin pour cr\u00e9er vos 2 tapis de cowboys ;)  C\u00f4ne de fil acrylique pour tapis 250g - Ciel  C\u00f4ne de fil acrylique pour tapis 250g - Bleu marine  Fil acrylique pour tapis conique 250g -Noir  C\u00f4ne de fil acrylique pour tapis 250g - Blanc En option, vous pouvez ajouter du tissu tufting.","og_url":"https:\/\/ohmytuft.com\/fr\/produit\/kit-de-conception-2-cowboys\/","og_site_name":"Ohmytuft.com","og_image":[{"width":900,"height":1029,"url":"https:\/\/ohmytuft.com\/wp-content\/uploads\/2024\/01\/design-vaqueros.jpeg","type":"image\/jpeg"}],"twitter_card":"summary_large_image","schema":{"@context":"https:\/\/schema.org","@graph":[{"@type":"WebPage","@id":"https:\/\/ohmytuft.com\/fr\/produit\/kit-de-conception-2-cowboys\/","url":"https:\/\/ohmytuft.com\/fr\/produit\/kit-de-conception-2-cowboys\/","name":"Kit de conception - 2 cowboys - Ohmytuft.com","isPartOf":{"@id":"https:\/\/ohmytuft.com\/fr\/#website"},"primaryImageOfPage":{"@id":"https:\/\/ohmytuft.com\/fr\/produit\/kit-de-conception-2-cowboys\/#primaryimage"},"image":{"@id":"https:\/\/ohmytuft.com\/fr\/produit\/kit-de-conception-2-cowboys\/#primaryimage"},"thumbnailUrl":"https:\/\/ohmytuft.com\/wp-content\/uploads\/2024\/01\/design-vaqueros.jpeg","datePublished":"2024-01-07T14:52:49+00:00","breadcrumb":{"@id":"https:\/\/ohmytuft.com\/fr\/produit\/kit-de-conception-2-cowboys\/#breadcrumb"},"inLanguage":"fr-FR","potentialAction":[{"@type":"ReadAction","target":["https:\/\/ohmytuft.com\/fr\/produit\/kit-de-conception-2-cowboys\/"]}]},{"@type":"ImageObject","inLanguage":"fr-FR","@id":"https:\/\/ohmytuft.com\/fr\/produit\/kit-de-conception-2-cowboys\/#primaryimage","url":"https:\/\/ohmytuft.com\/wp-content\/uploads\/2024\/01\/design-vaqueros.jpeg","contentUrl":"https:\/\/ohmytuft.com\/wp-content\/uploads\/2024\/01\/design-vaqueros.jpeg","width":900,"height":1029,"caption":"dise\u00f1o vaqueros"},{"@type":"BreadcrumbList","@id":"https:\/\/ohmytuft.com\/fr\/produit\/kit-de-conception-2-cowboys\/#breadcrumb","itemListElement":[{"@type":"ListItem","position":1,"name":"Home","item":"https:\/\/ohmytuft.com\/fr\/"},{"@type":"ListItem","position":2,"name":"Boutique","item":"https:\/\/ohmytuft.com\/fr\/boutique\/"},{"@type":"ListItem","position":3,"name":"Kit de conception &#8211; 2 cowboys"}]},{"@type":"WebSite","@id":"https:\/\/ohmytuft.com\/fr\/#website","url":"https:\/\/ohmytuft.com\/fr\/","name":"Oh my tuft","description":"Oh my tuft","publisher":{"@id":"https:\/\/ohmytuft.com\/fr\/#organization"},"potentialAction":[{"@type":"SearchAction","target":{"@type":"EntryPoint","urlTemplate":"https:\/\/ohmytuft.com\/fr\/?s={search_term_string}"},"query-input":{"@type":"PropertyValueSpecification","valueRequired":true,"valueName":"search_term_string"}}],"inLanguage":"fr-FR"},{"@type":"Organization","@id":"https:\/\/ohmytuft.com\/fr\/#organization","name":"Oh my tuft","url":"https:\/\/ohmytuft.com\/fr\/","logo":{"@type":"ImageObject","inLanguage":"fr-FR","@id":"https:\/\/ohmytuft.com\/fr\/#\/schema\/logo\/image\/","url":"https:\/\/ohmytuft.com\/wp-content\/uploads\/2021\/02\/WEB-20.png","contentUrl":"https:\/\/ohmytuft.com\/wp-content\/uploads\/2021\/02\/WEB-20.png","width":2085,"height":764,"caption":"Oh my tuft"},"image":{"@id":"https:\/\/ohmytuft.com\/fr\/#\/schema\/logo\/image\/"},"sameAs":["https:\/\/www.instagram.com\/tuftinggunsupplies\/","https:\/\/www.tiktok.com\/@tuftinggun"]}]}},"_links":{"self":[{"href":"https:\/\/ohmytuft.com\/fr\/wp-json\/wp\/v2\/product\/6248","targetHints":{"allow":["GET"]}}],"collection":[{"href":"https:\/\/ohmytuft.com\/fr\/wp-json\/wp\/v2\/product"}],"about":[{"href":"https:\/\/ohmytuft.com\/fr\/wp-json\/wp\/v2\/types\/product"}],"replies":[{"embeddable":true,"href":"https:\/\/ohmytuft.com\/fr\/wp-json\/wp\/v2\/comments?post=6248"}],"wp:featuredmedia":[{"embeddable":true,"href":"https:\/\/ohmytuft.com\/fr\/wp-json\/wp\/v2\/media\/6117"}],"wp:attachment":[{"href":"https:\/\/ohmytuft.com\/fr\/wp-json\/wp\/v2\/media?parent=6248"}],"wp:term":[{"taxonomy":"product_brand","embeddable":true,"href":"https:\/\/ohmytuft.com\/fr\/wp-json\/wp\/v2\/product_brand?post=6248"},{"taxonomy":"product_cat","embeddable":true,"href":"https:\/\/ohmytuft.com\/fr\/wp-json\/wp\/v2\/product_cat?post=6248"},{"taxonomy":"product_tag","embeddable":true,"href":"https:\/\/ohmytuft.com\/fr\/wp-json\/wp\/v2\/product_tag?post=6248"}],"curies":[{"name":"wp","href":"https:\/\/api.w.org\/{rel}","templated":true}]}}