{"id":3657,"date":"2021-02-09T13:33:15","date_gmt":"2021-02-09T13:33:15","guid":{"rendered":"https:\/\/ohmytuft.com\/product\/hand-tufting-gun-ak-ii-loop-pile\/"},"modified":"2024-05-25T11:01:11","modified_gmt":"2024-05-25T11:01:11","slug":"hand-tufting-gun-ak-ii-loop-pile","status":"publish","type":"product","link":"https:\/\/ohmytuft.com\/it\/prodotto\/hand-tufting-gun-ak-ii-loop-pile\/","title":{"rendered":"Hand Tufting Gun AK-II &#8211; Loop Pile"},"content":{"rendered":"<div class=\"flex-1 overflow-hidden\">\n<div class=\"react-scroll-to-bottom--css-zhypp-79elbk h-full\">\n<div class=\"react-scroll-to-bottom--css-zhypp-1n7m0yu\">\n<div class=\"flex flex-col pb-9 text-sm\">\n<div class=\"w-full text-token-text-primary\" data-testid=\"conversation-turn-7\">\n<div class=\"px-4 py-2 justify-center text-base md:gap-6 m-auto\">\n<div class=\"flex flex-1 text-base mx-auto gap-3 md:px-5 lg:px-1 xl:px-5 md:max-w-3xl lg:max-w-[40rem] xl:max-w-[48rem] group final-completion\">\n<div class=\"relative flex w-full flex-col lg:w-[calc(100%-115px)] agent-turn\">\n<div class=\"flex-col gap-1 md:gap-3\">\n<div class=\"flex flex-grow flex-col max-w-full\">\n<div class=\"min-h-[20px] text-message flex flex-col items-start gap-3 whitespace-pre-wrap break-words [.text-message+&amp;]:mt-5 overflow-x-auto\" data-message-author-role=\"assistant\" data-message-id=\"d24ca839-c467-4488-8fff-83d8a15f5126\">\n<div class=\"markdown prose w-full break-words dark:prose-invert dark\">\n<p>Il palo ad anello AK-2 <a href=\"https:\/\/ohmytuft.com\/it\/buy\/guns-it\/\"><br \/>\n  <strong>Pistola Tufting<\/strong><br \/>\n<\/a> \u00e8 uno strumento innovativo che si distingue nel mondo dell&#8217;artigianato tessile. Ecco una descrizione dettagliata e i motivi convincenti per cui \u00e8 un acquisto indispensabile per il tuo negozio di tufting:<\/p>\n<ol>\n<li><strong>Specializzata per il Loop Pile Tufting<\/strong>: L&#8217;AK-2 \u00e8 stato progettato specificamente per il loop pile tufting, una tecnica che crea un&#8217;esclusiva trama ad anello nei tessuti. Questo stile \u00e8 preferito per il suo aspetto e la sua sensazione tattile, che lo rende popolare nell&#8217;arredamento della casa e nelle applicazioni di moda.<\/li>\n<li><strong>Capacit\u00e0 testuali migliorate<\/strong>: Con l&#8217;AK-2 puoi introdurre una nuova gamma di texture nei tuoi prodotti. La tecnica del vello ad anello crea una superficie densa e morbida che non \u00e8 solo attraente alla vista ma anche confortevole al tatto. Questo pu\u00f2 ampliare notevolmente il fascino delle tue creazioni, attirando una base di clienti pi\u00f9 ampia.<\/li>\n<li><strong>Precisione e coerenza<\/strong>: Questa pistola per ciuffi assicura la precisione del tuo lavoro. I loop creati sono coerenti in altezza e densit\u00e0, il che \u00e8 fondamentale per ottenere risultati di qualit\u00e0 professionale. Sia che tu stia lavorando a disegni intricati o a progetti su larga scala, l&#8217;AK-2 garantisce uniformit\u00e0 e precisione.<\/li>\n<li><strong>Efficiente e facile da usare<\/strong>: l&#8217;AK-2 aumenta l&#8217;efficienza del tufting, consentendo di completare il progetto pi\u00f9 rapidamente rispetto ai metodi manuali. \u00c8 stato progettato per essere facile da usare, con comandi intuitivi e un design ergonomico che lo rende adatto sia ai principianti che agli esperti.<\/li>\n<li><strong>Durevole e affidabile<\/strong>: Costruito con materiali di alta qualit\u00e0, l&#8217;AK-2 \u00e8 uno strumento durevole che resiste alle esigenze di un uso frequente. Investire in questa pistola tufting significa investire in uno strumento che servir\u00e0 il tuo negozio in modo affidabile nel tempo.<\/li>\n<li><strong>Flessibilit\u00e0 creativa<\/strong>: L&#8217;AK-2 apre nuove possibilit\u00e0 di espressione creativa. Ti permette di sperimentare con diversi tipi di filato e colori, consentendoti di creare disegni unici e accattivanti che si distinguono sul mercato.<\/li>\n<li><strong>Ideale per una vasta gamma di progetti<\/strong>: Questo strumento \u00e8 perfetto per creare una grande variet\u00e0 di prodotti, da tappeti e moquette a tappezzerie e articoli di moda. La sua versatilit\u00e0 nel gestire materiali e progetti di dimensioni diverse la rende una risorsa preziosa in un negozio di tufting.<\/li>\n<\/ol>\n<p>In sintesi, la pistola per tufting AK-2 Loop Pile \u00e8 un must per qualsiasi negozio di tufting che voglia espandere i propri orizzonti creativi e migliorare l&#8217;efficienza. \u00c8 uno strumento versatile, facile da usare e affidabile che permette di creare prodotti di alta qualit\u00e0 e ricchi di testo che attireranno e delizieranno i clienti. Investire nell&#8217;AK-2 non significa solo acquistare uno strumento, ma anche investire nel potenziale e nella qualit\u00e0 dei tuoi progetti di tufting. <a href=\"https:\/\/ohmytuft.com\/it\/\"><br \/>\n  <strong>progetti di tufting<\/strong><br \/>\n<\/a>.<\/p>\n<\/div>\n<\/div>\n<\/div>\n<div class=\"mt-1 flex justify-start gap-3 empty:hidden\">\n<div class=\"text-gray-400 flex self-end lg:self-center justify-center lg:justify-start mt-0 gap-1 visible\">\n<p>&nbsp;<\/p>\n<div class=\"flex items-center gap-1.5 text-xs\"><\/div>\n<\/div>\n<\/div>\n<\/div>\n<\/div>\n<\/div>\n<\/div>\n<\/div>\n<\/div>\n<\/div>\n<\/div>\n<\/div>\n<div class=\"w-full pt-2 md:pt-0 dark:border-white\/20 md:border-transparent md:dark:border-transparent md:w-[calc(100%-.5rem)]\">\n<form class=\"stretch mx-2 flex flex-row gap-3 last:mb-2 md:mx-4 md:last:mb-6 lg:mx-auto lg:max-w-2xl xl:max-w-3xl\">\n<div class=\"relative flex h-full flex-1 items-stretch md:flex-col\">\n<div class=\"flex w-full items-center\"><\/div>\n<\/div>\n<\/form>\n<\/div>\n","protected":false},"excerpt":{"rendered":"<p><b>Pistola elettrica per tufting a mano &#8211; Velo ad anello.<\/b><\/p>\n<ul>\n<li>100- 240 V with Europlug<\/li>\n<li>Altezza del pelo regolabile: 4-13 mm<\/li>\n<li>Peso: 1.40 kg<\/li>\n<li>Velocit\u00e0 regolabile: 5-45 punti\/sec e regolabile. \u00c8 possibile controllare la velocit\u00e0 per i dettagli.<\/li>\n<\/ul>\n<p>Questa macchina \u00e8 facile da imparare e da usare. Tutorial in arrivo!<br \/>\nLa manutenzione periodica garantisce una maggiore durata dell&#8217;utensile.<\/p>\n<p><strong>La scatola include:<\/strong><\/p>\n<ul>\n<li>Pistola per tufting<\/li>\n<li>Adattatore CA\/CC con Europlug<\/li>\n<li>Strumenti e viti per la manutenzione<\/li>\n<\/ul>\n<p>Safety First!<\/p>\n<p>Utilizzare protezioni per l&#8217;udito e gli occhi.<br \/>\nEvitare gli ingranaggi e i meccanismi.<br \/>\nSpegnere l&#8217;apparecchio quando non lo si utilizza.<\/p>\n","protected":false},"featured_media":8950,"comment_status":"open","ping_status":"closed","template":"","meta":{"_joinchat":[]},"product_brand":[],"product_cat":[154],"product_tag":[],"class_list":{"0":"post-3657","1":"product","2":"type-product","3":"status-publish","4":"has-post-thumbnail","6":"product_cat-guns-it","8":"first","9":"onbackorder","10":"sale","11":"taxable","12":"shipping-taxable","13":"purchasable","14":"product-type-simple"},"yoast_head":"<!-- This site is optimized with the Yoast SEO plugin v27.2 - https:\/\/yoast.com\/product\/yoast-seo-wordpress\/ -->\n<title>Hand Tufting Gun AK-II - Loop Pile - Ohmytuft.com<\/title>\n<meta name=\"robots\" content=\"index, follow, max-snippet:-1, max-image-preview:large, max-video-preview:-1\" \/>\n<link rel=\"canonical\" href=\"https:\/\/ohmytuft.com\/it\/prodotto\/hand-tufting-gun-ak-ii-loop-pile\/\" \/>\n<meta property=\"og:locale\" content=\"it_IT\" \/>\n<meta property=\"og:type\" content=\"article\" \/>\n<meta property=\"og:title\" content=\"Hand Tufting Gun AK-II - Loop Pile - Ohmytuft.com\" \/>\n<meta property=\"og:description\" content=\"Pistola elettrica per tufting a mano - Velo ad anello.  100- 240 V with Europlug  Altezza del pelo regolabile: 4-13 mm  Peso: 1.40 kg  Velocit\u00e0 regolabile: 5-45 punti\/sec e regolabile. \u00c8 possibile controllare la velocit\u00e0 per i dettagli. Questa macchina \u00e8 facile da imparare e da usare. Tutorial in arrivo! La manutenzione periodica garantisce una maggiore durata dell&#039;utensile. La scatola include:  Pistola per tufting  Adattatore CA\/CC con Europlug  Strumenti e viti per la manutenzione Safety First! Utilizzare protezioni per l&#039;udito e gli occhi. Evitare gli ingranaggi e i meccanismi. Spegnere l&#039;apparecchio quando non lo si utilizza.\" \/>\n<meta property=\"og:url\" content=\"https:\/\/ohmytuft.com\/it\/prodotto\/hand-tufting-gun-ak-ii-loop-pile\/\" \/>\n<meta property=\"og:site_name\" content=\"Ohmytuft.com\" \/>\n<meta property=\"article:modified_time\" content=\"2024-05-25T11:01:11+00:00\" \/>\n<meta property=\"og:image\" content=\"https:\/\/ohmytuft.com\/wp-content\/uploads\/2021\/02\/23022021-IMG_4443-scaled.jpg\" \/>\n\t<meta property=\"og:image:width\" content=\"2560\" \/>\n\t<meta property=\"og:image:height\" content=\"2560\" \/>\n\t<meta property=\"og:image:type\" content=\"image\/jpeg\" \/>\n<meta name=\"twitter:card\" content=\"summary_large_image\" \/>\n<meta name=\"twitter:label1\" content=\"Tempo di lettura stimato\" \/>\n\t<meta name=\"twitter:data1\" content=\"2 minuti\" \/>\n<script type=\"application\/ld+json\" class=\"yoast-schema-graph\">{\"@context\":\"https:\/\/schema.org\",\"@graph\":[{\"@type\":\"WebPage\",\"@id\":\"https:\/\/ohmytuft.com\/it\/prodotto\/hand-tufting-gun-ak-ii-loop-pile\/\",\"url\":\"https:\/\/ohmytuft.com\/it\/prodotto\/hand-tufting-gun-ak-ii-loop-pile\/\",\"name\":\"Hand Tufting Gun AK-II - Loop Pile - Ohmytuft.com\",\"isPartOf\":{\"@id\":\"https:\/\/ohmytuft.com\/it\/#website\"},\"primaryImageOfPage\":{\"@id\":\"https:\/\/ohmytuft.com\/it\/prodotto\/hand-tufting-gun-ak-ii-loop-pile\/#primaryimage\"},\"image\":{\"@id\":\"https:\/\/ohmytuft.com\/it\/prodotto\/hand-tufting-gun-ak-ii-loop-pile\/#primaryimage\"},\"thumbnailUrl\":\"https:\/\/ohmytuft.com\/wp-content\/uploads\/2021\/02\/tufting-gun-ak2.jpg\",\"datePublished\":\"2021-02-09T13:33:15+00:00\",\"dateModified\":\"2024-05-25T11:01:11+00:00\",\"breadcrumb\":{\"@id\":\"https:\/\/ohmytuft.com\/it\/prodotto\/hand-tufting-gun-ak-ii-loop-pile\/#breadcrumb\"},\"inLanguage\":\"it-IT\",\"potentialAction\":[{\"@type\":\"ReadAction\",\"target\":[\"https:\/\/ohmytuft.com\/it\/prodotto\/hand-tufting-gun-ak-ii-loop-pile\/\"]}]},{\"@type\":\"ImageObject\",\"inLanguage\":\"it-IT\",\"@id\":\"https:\/\/ohmytuft.com\/it\/prodotto\/hand-tufting-gun-ak-ii-loop-pile\/#primaryimage\",\"url\":\"https:\/\/ohmytuft.com\/wp-content\/uploads\/2021\/02\/tufting-gun-ak2.jpg\",\"contentUrl\":\"https:\/\/ohmytuft.com\/wp-content\/uploads\/2021\/02\/tufting-gun-ak2.jpg\",\"width\":2560,\"height\":2560},{\"@type\":\"BreadcrumbList\",\"@id\":\"https:\/\/ohmytuft.com\/it\/prodotto\/hand-tufting-gun-ak-ii-loop-pile\/#breadcrumb\",\"itemListElement\":[{\"@type\":\"ListItem\",\"position\":1,\"name\":\"Home\",\"item\":\"https:\/\/ohmytuft.com\/it\/\"},{\"@type\":\"ListItem\",\"position\":2,\"name\":\"Negozio\",\"item\":\"https:\/\/ohmytuft.com\/it\/negozio\/\"},{\"@type\":\"ListItem\",\"position\":3,\"name\":\"Hand Tufting Gun AK-II &#8211; Loop Pile\"}]},{\"@type\":\"WebSite\",\"@id\":\"https:\/\/ohmytuft.com\/it\/#website\",\"url\":\"https:\/\/ohmytuft.com\/it\/\",\"name\":\"Oh my tuft\",\"description\":\"Oh my tuft\",\"publisher\":{\"@id\":\"https:\/\/ohmytuft.com\/it\/#organization\"},\"potentialAction\":[{\"@type\":\"SearchAction\",\"target\":{\"@type\":\"EntryPoint\",\"urlTemplate\":\"https:\/\/ohmytuft.com\/it\/?s={search_term_string}\"},\"query-input\":{\"@type\":\"PropertyValueSpecification\",\"valueRequired\":true,\"valueName\":\"search_term_string\"}}],\"inLanguage\":\"it-IT\"},{\"@type\":\"Organization\",\"@id\":\"https:\/\/ohmytuft.com\/it\/#organization\",\"name\":\"Oh my tuft\",\"url\":\"https:\/\/ohmytuft.com\/it\/\",\"logo\":{\"@type\":\"ImageObject\",\"inLanguage\":\"it-IT\",\"@id\":\"https:\/\/ohmytuft.com\/it\/#\/schema\/logo\/image\/\",\"url\":\"https:\/\/ohmytuft.com\/wp-content\/uploads\/2021\/02\/WEB-20.png\",\"contentUrl\":\"https:\/\/ohmytuft.com\/wp-content\/uploads\/2021\/02\/WEB-20.png\",\"width\":2085,\"height\":764,\"caption\":\"Oh my tuft\"},\"image\":{\"@id\":\"https:\/\/ohmytuft.com\/it\/#\/schema\/logo\/image\/\"},\"sameAs\":[\"https:\/\/www.instagram.com\/tuftinggunsupplies\/\",\"https:\/\/www.tiktok.com\/@tuftinggun\"]}]}<\/script>\n<!-- \/ Yoast SEO plugin. -->","yoast_head_json":{"title":"Hand Tufting Gun AK-II - Loop Pile - Ohmytuft.com","robots":{"index":"index","follow":"follow","max-snippet":"max-snippet:-1","max-image-preview":"max-image-preview:large","max-video-preview":"max-video-preview:-1"},"canonical":"https:\/\/ohmytuft.com\/it\/prodotto\/hand-tufting-gun-ak-ii-loop-pile\/","og_locale":"it_IT","og_type":"article","og_title":"Hand Tufting Gun AK-II - Loop Pile - Ohmytuft.com","og_description":"Pistola elettrica per tufting a mano - Velo ad anello.  100- 240 V with Europlug  Altezza del pelo regolabile: 4-13 mm  Peso: 1.40 kg  Velocit\u00e0 regolabile: 5-45 punti\/sec e regolabile. \u00c8 possibile controllare la velocit\u00e0 per i dettagli. Questa macchina \u00e8 facile da imparare e da usare. Tutorial in arrivo! La manutenzione periodica garantisce una maggiore durata dell'utensile. La scatola include:  Pistola per tufting  Adattatore CA\/CC con Europlug  Strumenti e viti per la manutenzione Safety First! Utilizzare protezioni per l'udito e gli occhi. Evitare gli ingranaggi e i meccanismi. Spegnere l'apparecchio quando non lo si utilizza.","og_url":"https:\/\/ohmytuft.com\/it\/prodotto\/hand-tufting-gun-ak-ii-loop-pile\/","og_site_name":"Ohmytuft.com","article_modified_time":"2024-05-25T11:01:11+00:00","og_image":[{"width":2560,"height":2560,"url":"https:\/\/ohmytuft.com\/wp-content\/uploads\/2021\/02\/23022021-IMG_4443-scaled.jpg","type":"image\/jpeg"}],"twitter_card":"summary_large_image","twitter_misc":{"Tempo di lettura stimato":"2 minuti"},"schema":{"@context":"https:\/\/schema.org","@graph":[{"@type":"WebPage","@id":"https:\/\/ohmytuft.com\/it\/prodotto\/hand-tufting-gun-ak-ii-loop-pile\/","url":"https:\/\/ohmytuft.com\/it\/prodotto\/hand-tufting-gun-ak-ii-loop-pile\/","name":"Hand Tufting Gun AK-II - Loop Pile - Ohmytuft.com","isPartOf":{"@id":"https:\/\/ohmytuft.com\/it\/#website"},"primaryImageOfPage":{"@id":"https:\/\/ohmytuft.com\/it\/prodotto\/hand-tufting-gun-ak-ii-loop-pile\/#primaryimage"},"image":{"@id":"https:\/\/ohmytuft.com\/it\/prodotto\/hand-tufting-gun-ak-ii-loop-pile\/#primaryimage"},"thumbnailUrl":"https:\/\/ohmytuft.com\/wp-content\/uploads\/2021\/02\/tufting-gun-ak2.jpg","datePublished":"2021-02-09T13:33:15+00:00","dateModified":"2024-05-25T11:01:11+00:00","breadcrumb":{"@id":"https:\/\/ohmytuft.com\/it\/prodotto\/hand-tufting-gun-ak-ii-loop-pile\/#breadcrumb"},"inLanguage":"it-IT","potentialAction":[{"@type":"ReadAction","target":["https:\/\/ohmytuft.com\/it\/prodotto\/hand-tufting-gun-ak-ii-loop-pile\/"]}]},{"@type":"ImageObject","inLanguage":"it-IT","@id":"https:\/\/ohmytuft.com\/it\/prodotto\/hand-tufting-gun-ak-ii-loop-pile\/#primaryimage","url":"https:\/\/ohmytuft.com\/wp-content\/uploads\/2021\/02\/tufting-gun-ak2.jpg","contentUrl":"https:\/\/ohmytuft.com\/wp-content\/uploads\/2021\/02\/tufting-gun-ak2.jpg","width":2560,"height":2560},{"@type":"BreadcrumbList","@id":"https:\/\/ohmytuft.com\/it\/prodotto\/hand-tufting-gun-ak-ii-loop-pile\/#breadcrumb","itemListElement":[{"@type":"ListItem","position":1,"name":"Home","item":"https:\/\/ohmytuft.com\/it\/"},{"@type":"ListItem","position":2,"name":"Negozio","item":"https:\/\/ohmytuft.com\/it\/negozio\/"},{"@type":"ListItem","position":3,"name":"Hand Tufting Gun AK-II &#8211; Loop Pile"}]},{"@type":"WebSite","@id":"https:\/\/ohmytuft.com\/it\/#website","url":"https:\/\/ohmytuft.com\/it\/","name":"Oh my tuft","description":"Oh my tuft","publisher":{"@id":"https:\/\/ohmytuft.com\/it\/#organization"},"potentialAction":[{"@type":"SearchAction","target":{"@type":"EntryPoint","urlTemplate":"https:\/\/ohmytuft.com\/it\/?s={search_term_string}"},"query-input":{"@type":"PropertyValueSpecification","valueRequired":true,"valueName":"search_term_string"}}],"inLanguage":"it-IT"},{"@type":"Organization","@id":"https:\/\/ohmytuft.com\/it\/#organization","name":"Oh my tuft","url":"https:\/\/ohmytuft.com\/it\/","logo":{"@type":"ImageObject","inLanguage":"it-IT","@id":"https:\/\/ohmytuft.com\/it\/#\/schema\/logo\/image\/","url":"https:\/\/ohmytuft.com\/wp-content\/uploads\/2021\/02\/WEB-20.png","contentUrl":"https:\/\/ohmytuft.com\/wp-content\/uploads\/2021\/02\/WEB-20.png","width":2085,"height":764,"caption":"Oh my tuft"},"image":{"@id":"https:\/\/ohmytuft.com\/it\/#\/schema\/logo\/image\/"},"sameAs":["https:\/\/www.instagram.com\/tuftinggunsupplies\/","https:\/\/www.tiktok.com\/@tuftinggun"]}]}},"_links":{"self":[{"href":"https:\/\/ohmytuft.com\/it\/wp-json\/wp\/v2\/product\/3657","targetHints":{"allow":["GET"]}}],"collection":[{"href":"https:\/\/ohmytuft.com\/it\/wp-json\/wp\/v2\/product"}],"about":[{"href":"https:\/\/ohmytuft.com\/it\/wp-json\/wp\/v2\/types\/product"}],"replies":[{"embeddable":true,"href":"https:\/\/ohmytuft.com\/it\/wp-json\/wp\/v2\/comments?post=3657"}],"wp:featuredmedia":[{"embeddable":true,"href":"https:\/\/ohmytuft.com\/it\/wp-json\/wp\/v2\/media\/8950"}],"wp:attachment":[{"href":"https:\/\/ohmytuft.com\/it\/wp-json\/wp\/v2\/media?parent=3657"}],"wp:term":[{"taxonomy":"product_brand","embeddable":true,"href":"https:\/\/ohmytuft.com\/it\/wp-json\/wp\/v2\/product_brand?post=3657"},{"taxonomy":"product_cat","embeddable":true,"href":"https:\/\/ohmytuft.com\/it\/wp-json\/wp\/v2\/product_cat?post=3657"},{"taxonomy":"product_tag","embeddable":true,"href":"https:\/\/ohmytuft.com\/it\/wp-json\/wp\/v2\/product_tag?post=3657"}],"curies":[{"name":"wp","href":"https:\/\/api.w.org\/{rel}","templated":true}]}}